{"id":61135,"date":"2021-12-09T00:00:00","date_gmt":"2021-12-09T00:00:00","guid":{"rendered":"https:\/\/www.outdoors.ee\/product\/mfh-telk-minipack-2-inimest-flecktarn\/"},"modified":"2025-09-10T19:56:07","modified_gmt":"2025-09-10T16:56:07","slug":"mfh-telk-minipack-2-inimesele","status":"publish","type":"product","link":"https:\/\/www.outdoors.ee\/et\/toode\/mfh-telk-minipack-2-inimesele\/","title":{"rendered":"MFH\u00ae telk &#8220;Minipack&#8221; 2 inimesele"},"content":{"rendered":"<p><strong>Omadused<\/strong>:<\/p>\n<ul>\n<li>\u00fchekihiline struktuur<\/li>\n<li>t\u00f5mbluku ning s\u00e4\u00e4sev\u00f5rguga sissep\u00e4\u00e4s<\/li>\n<li>lahtiv\u00f5etavad metallpostid<\/li>\n<li>libisemisvastane p\u00f5rand<\/li>\n<li>k\u00e4epidemega kandekott<\/li>\n<li>tendivaiad ning pingutusn\u00f6\u00f6rid komplektis<\/li>\n<li>veekindel kuni 1500mm<\/li>\n<li>telgi m\u00f5\u00f5dud: ca\u00a0213 x 137 x 91cm<\/li>\n<li>paki m\u00f5\u00f5dud: ca 55 x 12 x 12cm<\/li>\n<li>kaal (koos kandekotiga): ca 1,6kg<\/li>\n<li>materjal: 100% pol\u00fcester (190T PU-kaetud), p\u00f5rand 100% pol\u00fcet\u00fcleen<\/li>\n<\/ul>\n<p><strong>Seisukord:<\/strong> uus<\/p>\n","protected":false},"excerpt":{"rendered":"<p>Omadused: \u00fchekihiline struktuur t\u00f5mbluku ning s\u00e4\u00e4sev\u00f5rguga sissep\u00e4\u00e4s lahtiv\u00f5etavad metallpostid libisemisvastane p\u00f5rand k\u00e4epidemega kandekott tendivaiad ning pingutusn\u00f6\u00f6rid komplektis veekindel kuni 1500mm<\/p>\n","protected":false},"featured_media":10941,"template":"","meta":[],"product_brand":[],"product_cat":[150],"product_tag":[],"class_list":{"0":"post-61135","1":"product","2":"type-product","3":"status-publish","4":"has-post-thumbnail","6":"product_cat-magamisvarustus","7":"pa_brand-mfh-2","8":"pa_color-flecktarn-2","9":"pa_color-olive-2","10":"pa_color-woodland-2","12":"first","13":"instock","14":"taxable","15":"shipping-taxable","16":"purchasable","17":"product-type-variable"},"yoast_head":"<!-- This site is optimized with the Yoast SEO plugin v27.2 - https:\/\/yoast.com\/product\/yoast-seo-wordpress\/ -->\n<title>MFH telk &quot;Minipack&quot; 2 inimest Flecktarn - outdoors.ee<\/title>\n<meta name=\"description\" content=\"Omadused: &uuml;hekihiline struktuur t&otilde;mbluku ning s&auml;&auml;sev&otilde;rguga sissep&auml;&auml;s lahtiv&otilde;etavad metallpostid libisemisvastane p&otilde;rand k&auml;epidemega kandekott tendivaiad ning pingutusn&ouml;&ouml;rid komplektis veekindel kuni 1500mm telgi m&otilde;&otilde;dud: ca&nbsp;213 x 137 x 91cm paki m&otilde;&otilde;dud: ca&nbsp;55 x 12 x 12cm Kaal (koos kandekotiga): ca 1,6kg Materjal: 100% pol&uuml;ester (190T PU-kaetud), p&otilde;rand 100% pol&uuml;et&uuml;leen Seisukord: uus\" \/>\n<meta name=\"robots\" content=\"index, follow, max-snippet:-1, max-image-preview:large, max-video-preview:-1\" \/>\n<link rel=\"canonical\" href=\"https:\/\/www.outdoors.ee\/et\/toode\/mfh-telk-minipack-2-inimesele\/\" \/>\n<meta property=\"og:locale\" content=\"et_EE\" \/>\n<meta property=\"og:type\" content=\"article\" \/>\n<meta property=\"og:title\" content=\"MFH telk &quot;Minipack&quot; 2 inimest Flecktarn\" \/>\n<meta property=\"og:description\" content=\"Omadused: &uuml;hekihiline struktuur t&otilde;mbluku ning s&auml;&auml;sev&otilde;rguga sissep&auml;&auml;s lahtiv&otilde;etavad metallpostid libisemisvastane p&otilde;rand k&auml;epidemega kandekott tendivaiad ning pingutusn&ouml;&ouml;rid komplektis veekindel kuni 1500mm telgi m&otilde;&otilde;dud: ca&nbsp;213 x 137 x 91cm paki m&otilde;&otilde;dud: ca&nbsp;55 x 12 x 12cm Kaal (koos kandekotiga): ca 1,6kg Materjal: 100% pol&uuml;ester (190T PU-kaetud), p&otilde;rand 100% pol&uuml;et&uuml;leen Seisukord: uus\" \/>\n<meta property=\"og:url\" content=\"https:\/\/www.outdoors.ee\/et\/toode\/mfh-telk-minipack-2-inimesele\/\" \/>\n<meta property=\"og:site_name\" content=\"Outdoors\" \/>\n<meta property=\"article:modified_time\" content=\"2025-09-10T16:56:07+00:00\" \/>\n<meta property=\"og:image\" content=\"https:\/\/www.outdoors.ee\/wp-content\/uploads\/2021\/08\/32123V-MFH-2-person-Tent-Minipack-Flecktarn-1.jpg\" \/>\n\t<meta property=\"og:image:width\" content=\"1200\" \/>\n\t<meta property=\"og:image:height\" content=\"1200\" \/>\n\t<meta property=\"og:image:type\" content=\"image\/jpeg\" \/>\n<meta name=\"twitter:card\" content=\"summary_large_image\" \/>\n<meta name=\"twitter:title\" content=\"MFH telk &quot;Minipack&quot; 2 inimest Flecktarn\" \/>\n<script type=\"application\/ld+json\" class=\"yoast-schema-graph\">{\"@context\":\"https:\/\/schema.org\",\"@graph\":[{\"@type\":\"WebPage\",\"@id\":\"https:\/\/www.outdoors.ee\/et\/toode\/mfh-telk-minipack-2-inimesele\/\",\"url\":\"https:\/\/www.outdoors.ee\/et\/toode\/mfh-telk-minipack-2-inimesele\/\",\"name\":\"MFH telk \\\"Minipack\\\" 2 inimest Flecktarn - outdoors.ee\",\"isPartOf\":{\"@id\":\"https:\/\/www.outdoors.ee\/#website\"},\"primaryImageOfPage\":{\"@id\":\"https:\/\/www.outdoors.ee\/et\/toode\/mfh-telk-minipack-2-inimesele\/#primaryimage\"},\"image\":{\"@id\":\"https:\/\/www.outdoors.ee\/et\/toode\/mfh-telk-minipack-2-inimesele\/#primaryimage\"},\"thumbnailUrl\":\"https:\/\/www.outdoors.ee\/wp-content\/uploads\/2021\/08\/32123V-MFH-2-person-Tent-Minipack-Flecktarn-1.jpg\",\"datePublished\":\"2021-12-09T00:00:00+00:00\",\"dateModified\":\"2025-09-10T16:56:07+00:00\",\"description\":\"Omadused: &uuml;hekihiline struktuur t&otilde;mbluku ning s&auml;&auml;sev&otilde;rguga sissep&auml;&auml;s lahtiv&otilde;etavad metallpostid libisemisvastane p&otilde;rand k&auml;epidemega kandekott tendivaiad ning pingutusn&ouml;&ouml;rid komplektis veekindel kuni 1500mm telgi m&otilde;&otilde;dud: ca&nbsp;213 x 137 x 91cm paki m&otilde;&otilde;dud: ca&nbsp;55 x 12 x 12cm Kaal (koos kandekotiga): ca 1,6kg Materjal: 100% pol&uuml;ester (190T PU-kaetud), p&otilde;rand 100% pol&uuml;et&uuml;leen Seisukord: uus\",\"breadcrumb\":{\"@id\":\"https:\/\/www.outdoors.ee\/et\/toode\/mfh-telk-minipack-2-inimesele\/#breadcrumb\"},\"inLanguage\":\"et\",\"potentialAction\":[{\"@type\":\"ReadAction\",\"target\":[\"https:\/\/www.outdoors.ee\/et\/toode\/mfh-telk-minipack-2-inimesele\/\"]}]},{\"@type\":\"ImageObject\",\"inLanguage\":\"et\",\"@id\":\"https:\/\/www.outdoors.ee\/et\/toode\/mfh-telk-minipack-2-inimesele\/#primaryimage\",\"url\":\"https:\/\/www.outdoors.ee\/wp-content\/uploads\/2021\/08\/32123V-MFH-2-person-Tent-Minipack-Flecktarn-1.jpg\",\"contentUrl\":\"https:\/\/www.outdoors.ee\/wp-content\/uploads\/2021\/08\/32123V-MFH-2-person-Tent-Minipack-Flecktarn-1.jpg\",\"width\":1200,\"height\":1200},{\"@type\":\"BreadcrumbList\",\"@id\":\"https:\/\/www.outdoors.ee\/et\/toode\/mfh-telk-minipack-2-inimesele\/#breadcrumb\",\"itemListElement\":[{\"@type\":\"ListItem\",\"position\":1,\"name\":\"Home\",\"item\":\"https:\/\/www.outdoors.ee\/et\/\"},{\"@type\":\"ListItem\",\"position\":2,\"name\":\"Tooted\",\"item\":\"https:\/\/www.outdoors.ee\/products\/\"},{\"@type\":\"ListItem\",\"position\":3,\"name\":\"MFH\u00ae telk &#8220;Minipack&#8221; 2 inimesele\"}]},{\"@type\":\"WebSite\",\"@id\":\"https:\/\/www.outdoors.ee\/#website\",\"url\":\"https:\/\/www.outdoors.ee\/\",\"name\":\"Outdoors\",\"description\":\"Genuine military surplus and not only!\",\"potentialAction\":[{\"@type\":\"SearchAction\",\"target\":{\"@type\":\"EntryPoint\",\"urlTemplate\":\"https:\/\/www.outdoors.ee\/?s={search_term_string}\"},\"query-input\":{\"@type\":\"PropertyValueSpecification\",\"valueRequired\":true,\"valueName\":\"search_term_string\"}}],\"inLanguage\":\"et\"}]}<\/script>\n<!-- \/ Yoast SEO plugin. -->","yoast_head_json":{"title":"MFH telk \"Minipack\" 2 inimest Flecktarn - outdoors.ee","description":"Omadused: &uuml;hekihiline struktuur t&otilde;mbluku ning s&auml;&auml;sev&otilde;rguga sissep&auml;&auml;s lahtiv&otilde;etavad metallpostid libisemisvastane p&otilde;rand k&auml;epidemega kandekott tendivaiad ning pingutusn&ouml;&ouml;rid komplektis veekindel kuni 1500mm telgi m&otilde;&otilde;dud: ca&nbsp;213 x 137 x 91cm paki m&otilde;&otilde;dud: ca&nbsp;55 x 12 x 12cm Kaal (koos kandekotiga): ca 1,6kg Materjal: 100% pol&uuml;ester (190T PU-kaetud), p&otilde;rand 100% pol&uuml;et&uuml;leen Seisukord: uus","robots":{"index":"index","follow":"follow","max-snippet":"max-snippet:-1","max-image-preview":"max-image-preview:large","max-video-preview":"max-video-preview:-1"},"canonical":"https:\/\/www.outdoors.ee\/et\/toode\/mfh-telk-minipack-2-inimesele\/","og_locale":"et_EE","og_type":"article","og_title":"MFH telk \"Minipack\" 2 inimest Flecktarn","og_description":"Omadused: &uuml;hekihiline struktuur t&otilde;mbluku ning s&auml;&auml;sev&otilde;rguga sissep&auml;&auml;s lahtiv&otilde;etavad metallpostid libisemisvastane p&otilde;rand k&auml;epidemega kandekott tendivaiad ning pingutusn&ouml;&ouml;rid komplektis veekindel kuni 1500mm telgi m&otilde;&otilde;dud: ca&nbsp;213 x 137 x 91cm paki m&otilde;&otilde;dud: ca&nbsp;55 x 12 x 12cm Kaal (koos kandekotiga): ca 1,6kg Materjal: 100% pol&uuml;ester (190T PU-kaetud), p&otilde;rand 100% pol&uuml;et&uuml;leen Seisukord: uus","og_url":"https:\/\/www.outdoors.ee\/et\/toode\/mfh-telk-minipack-2-inimesele\/","og_site_name":"Outdoors","article_modified_time":"2025-09-10T16:56:07+00:00","og_image":[{"width":1200,"height":1200,"url":"https:\/\/www.outdoors.ee\/wp-content\/uploads\/2021\/08\/32123V-MFH-2-person-Tent-Minipack-Flecktarn-1.jpg","type":"image\/jpeg"}],"twitter_card":"summary_large_image","twitter_title":"MFH telk \"Minipack\" 2 inimest Flecktarn","schema":{"@context":"https:\/\/schema.org","@graph":[{"@type":"WebPage","@id":"https:\/\/www.outdoors.ee\/et\/toode\/mfh-telk-minipack-2-inimesele\/","url":"https:\/\/www.outdoors.ee\/et\/toode\/mfh-telk-minipack-2-inimesele\/","name":"MFH telk \"Minipack\" 2 inimest Flecktarn - outdoors.ee","isPartOf":{"@id":"https:\/\/www.outdoors.ee\/#website"},"primaryImageOfPage":{"@id":"https:\/\/www.outdoors.ee\/et\/toode\/mfh-telk-minipack-2-inimesele\/#primaryimage"},"image":{"@id":"https:\/\/www.outdoors.ee\/et\/toode\/mfh-telk-minipack-2-inimesele\/#primaryimage"},"thumbnailUrl":"https:\/\/www.outdoors.ee\/wp-content\/uploads\/2021\/08\/32123V-MFH-2-person-Tent-Minipack-Flecktarn-1.jpg","datePublished":"2021-12-09T00:00:00+00:00","dateModified":"2025-09-10T16:56:07+00:00","description":"Omadused: &uuml;hekihiline struktuur t&otilde;mbluku ning s&auml;&auml;sev&otilde;rguga sissep&auml;&auml;s lahtiv&otilde;etavad metallpostid libisemisvastane p&otilde;rand k&auml;epidemega kandekott tendivaiad ning pingutusn&ouml;&ouml;rid komplektis veekindel kuni 1500mm telgi m&otilde;&otilde;dud: ca&nbsp;213 x 137 x 91cm paki m&otilde;&otilde;dud: ca&nbsp;55 x 12 x 12cm Kaal (koos kandekotiga): ca 1,6kg Materjal: 100% pol&uuml;ester (190T PU-kaetud), p&otilde;rand 100% pol&uuml;et&uuml;leen Seisukord: uus","breadcrumb":{"@id":"https:\/\/www.outdoors.ee\/et\/toode\/mfh-telk-minipack-2-inimesele\/#breadcrumb"},"inLanguage":"et","potentialAction":[{"@type":"ReadAction","target":["https:\/\/www.outdoors.ee\/et\/toode\/mfh-telk-minipack-2-inimesele\/"]}]},{"@type":"ImageObject","inLanguage":"et","@id":"https:\/\/www.outdoors.ee\/et\/toode\/mfh-telk-minipack-2-inimesele\/#primaryimage","url":"https:\/\/www.outdoors.ee\/wp-content\/uploads\/2021\/08\/32123V-MFH-2-person-Tent-Minipack-Flecktarn-1.jpg","contentUrl":"https:\/\/www.outdoors.ee\/wp-content\/uploads\/2021\/08\/32123V-MFH-2-person-Tent-Minipack-Flecktarn-1.jpg","width":1200,"height":1200},{"@type":"BreadcrumbList","@id":"https:\/\/www.outdoors.ee\/et\/toode\/mfh-telk-minipack-2-inimesele\/#breadcrumb","itemListElement":[{"@type":"ListItem","position":1,"name":"Home","item":"https:\/\/www.outdoors.ee\/et\/"},{"@type":"ListItem","position":2,"name":"Tooted","item":"https:\/\/www.outdoors.ee\/products\/"},{"@type":"ListItem","position":3,"name":"MFH\u00ae telk &#8220;Minipack&#8221; 2 inimesele"}]},{"@type":"WebSite","@id":"https:\/\/www.outdoors.ee\/#website","url":"https:\/\/www.outdoors.ee\/","name":"Outdoors","description":"Genuine military surplus and not only!","potentialAction":[{"@type":"SearchAction","target":{"@type":"EntryPoint","urlTemplate":"https:\/\/www.outdoors.ee\/?s={search_term_string}"},"query-input":{"@type":"PropertyValueSpecification","valueRequired":true,"valueName":"search_term_string"}}],"inLanguage":"et"}]}},"_links":{"self":[{"href":"https:\/\/www.outdoors.ee\/et\/wp-json\/wp\/v2\/product\/61135","targetHints":{"allow":["GET"]}}],"collection":[{"href":"https:\/\/www.outdoors.ee\/et\/wp-json\/wp\/v2\/product"}],"about":[{"href":"https:\/\/www.outdoors.ee\/et\/wp-json\/wp\/v2\/types\/product"}],"wp:featuredmedia":[{"embeddable":true,"href":"https:\/\/www.outdoors.ee\/et\/wp-json\/wp\/v2\/media\/10941"}],"wp:attachment":[{"href":"https:\/\/www.outdoors.ee\/et\/wp-json\/wp\/v2\/media?parent=61135"}],"wp:term":[{"taxonomy":"product_brand","embeddable":true,"href":"https:\/\/www.outdoors.ee\/et\/wp-json\/wp\/v2\/product_brand?post=61135"},{"taxonomy":"product_cat","embeddable":true,"href":"https:\/\/www.outdoors.ee\/et\/wp-json\/wp\/v2\/product_cat?post=61135"},{"taxonomy":"product_tag","embeddable":true,"href":"https:\/\/www.outdoors.ee\/et\/wp-json\/wp\/v2\/product_tag?post=61135"}],"curies":[{"name":"wp","href":"https:\/\/api.w.org\/{rel}","templated":true}]}}