{"id":61128,"date":"2021-12-09T00:00:00","date_gmt":"2021-12-09T00:00:00","guid":{"rendered":"https:\/\/www.outdoors.ee\/product\/mfh-seljakott-us-assault-i-basic-30l-black\/"},"modified":"2025-11-23T00:06:32","modified_gmt":"2025-11-22T22:06:32","slug":"mfh-seljakott-us-assault-i-basic-30l","status":"publish","type":"product","link":"https:\/\/www.outdoors.ee\/et\/toode\/mfh-seljakott-us-assault-i-basic-30l\/","title":{"rendered":"MFH\u00ae seljakott US Assault I Basic 30L"},"content":{"rendered":"<p><strong>Omadused<\/strong>:<\/p>\n<ul>\n<li>reguleeritavad, pehmendatud \u00f5larihmad metallist D-r\u00f5ngastega<\/li>\n<li>reguleeritav, eemaldatav puusarihm<\/li>\n<li>pehmendatud seljaosa takjapaelaga suletava taskuga<\/li>\n<li>kandesang \u00fcleval<\/li>\n<li>2 peasahtlit kahesuunaliste t\u00f5mblukkudega ning erinevate taskutega sees<\/li>\n<li>1 suurem ning 1 v\u00e4iksem t\u00f5mblukuga tasku esipaneelil, pliiatsihoidjad sees<\/li>\n<li>2 kompressioonirihma m\u00f5lemal k\u00fcljel ning p\u00f5hjas<\/li>\n<li>Molle kinnituskohad<\/li>\n<li>maht ca 30L<\/li>\n<li>kaal ca 950g<\/li>\n<li>m\u00f5\u00f5dud ca 23 x 44 x 24cm<\/li>\n<li>materjal 100% pol\u00fcester<\/li>\n<\/ul>\n<p><strong>Seisukord:<\/strong> uus<\/p>\n","protected":false},"excerpt":{"rendered":"<p>Omadused: reguleeritavad, pehmendatud \u00f5larihmad metallist D-r\u00f5ngastega reguleeritav, eemaldatav puusarihm pehmendatud seljaosa takjapaelaga suletava taskuga kandesang \u00fcleval 2 peasahtlit kahesuunaliste t\u00f5mblukkudega<\/p>\n","protected":false},"featured_media":10907,"template":"","meta":[],"product_brand":[],"product_cat":[3539],"product_tag":[],"class_list":{"0":"post-61128","1":"product","2":"type-product","3":"status-publish","4":"has-post-thumbnail","6":"product_cat-seljakotid","7":"pa_brand-mfh-2","8":"pa_color-black-2","9":"pa_color-coyote-2","10":"pa_color-flecktarn-2","11":"pa_color-olive-2","13":"first","14":"instock","15":"taxable","16":"shipping-taxable","17":"purchasable","18":"product-type-variable"},"yoast_head":"<!-- This site is optimized with the Yoast SEO plugin v27.2 - https:\/\/yoast.com\/product\/yoast-seo-wordpress\/ -->\n<title>MFH seljakott US Assault I Basic 30L Black - outdoors.ee<\/title>\n<meta name=\"description\" content=\"Omadused: reguleeritavad, pehmendatud &otilde;larihmad metallist D-r&otilde;ngastega reguleeritav, eemaldatav puusarihm pehmendatud seljaosa suure takjapaelaga suletava taskuga kandesang &uuml;leval 2 peasahtlit kahesuunaliste t&otilde;mblukkudega ning erinevate taskutega sees 1 suurem ning 1 v&auml;iksem t&otilde;mblukuga tasku esipaneelil, pliiatsihoidjad sees 2 kompressioonirihma m&otilde;lemal k&uuml;ljel ning p&otilde;hjas Molle kinnituskohad Maht: ca 30L Kaal: ca 950g M&otilde;&otilde;dud: ca 23 x 44 x 24cm Materjal: 100% pol&uuml;ester Seisukord: uus\" \/>\n<meta name=\"robots\" content=\"index, follow, max-snippet:-1, max-image-preview:large, max-video-preview:-1\" \/>\n<link rel=\"canonical\" href=\"https:\/\/www.outdoors.ee\/et\/toode\/mfh-seljakott-us-assault-i-basic-30l\/\" \/>\n<meta property=\"og:locale\" content=\"et_EE\" \/>\n<meta property=\"og:type\" content=\"article\" \/>\n<meta property=\"og:title\" content=\"MFH seljakott US Assault I Basic 30L Black\" \/>\n<meta property=\"og:description\" content=\"Omadused: reguleeritavad, pehmendatud &otilde;larihmad metallist D-r&otilde;ngastega reguleeritav, eemaldatav puusarihm pehmendatud seljaosa suure takjapaelaga suletava taskuga kandesang &uuml;leval 2 peasahtlit kahesuunaliste t&otilde;mblukkudega ning erinevate taskutega sees 1 suurem ning 1 v&auml;iksem t&otilde;mblukuga tasku esipaneelil, pliiatsihoidjad sees 2 kompressioonirihma m&otilde;lemal k&uuml;ljel ning p&otilde;hjas Molle kinnituskohad Maht: ca 30L Kaal: ca 950g M&otilde;&otilde;dud: ca 23 x 44 x 24cm Materjal: 100% pol&uuml;ester Seisukord: uus\" \/>\n<meta property=\"og:url\" content=\"https:\/\/www.outdoors.ee\/et\/toode\/mfh-seljakott-us-assault-i-basic-30l\/\" \/>\n<meta property=\"og:site_name\" content=\"Outdoors\" \/>\n<meta property=\"article:modified_time\" content=\"2025-11-22T22:06:32+00:00\" \/>\n<meta property=\"og:image\" content=\"https:\/\/www.outdoors.ee\/wp-content\/uploads\/2021\/08\/MFH-Backpack-US-Assault-I-Basic-30L-Black-1.jpg\" \/>\n\t<meta property=\"og:image:width\" content=\"1200\" \/>\n\t<meta property=\"og:image:height\" content=\"1200\" \/>\n\t<meta property=\"og:image:type\" content=\"image\/jpeg\" \/>\n<meta name=\"twitter:card\" content=\"summary_large_image\" \/>\n<meta name=\"twitter:title\" content=\"MFH seljakott US Assault I Basic 30L Black\" \/>\n<script type=\"application\/ld+json\" class=\"yoast-schema-graph\">{\"@context\":\"https:\/\/schema.org\",\"@graph\":[{\"@type\":\"WebPage\",\"@id\":\"https:\/\/www.outdoors.ee\/et\/toode\/mfh-seljakott-us-assault-i-basic-30l\/\",\"url\":\"https:\/\/www.outdoors.ee\/et\/toode\/mfh-seljakott-us-assault-i-basic-30l\/\",\"name\":\"MFH seljakott US Assault I Basic 30L Black - outdoors.ee\",\"isPartOf\":{\"@id\":\"https:\/\/www.outdoors.ee\/#website\"},\"primaryImageOfPage\":{\"@id\":\"https:\/\/www.outdoors.ee\/et\/toode\/mfh-seljakott-us-assault-i-basic-30l\/#primaryimage\"},\"image\":{\"@id\":\"https:\/\/www.outdoors.ee\/et\/toode\/mfh-seljakott-us-assault-i-basic-30l\/#primaryimage\"},\"thumbnailUrl\":\"https:\/\/www.outdoors.ee\/wp-content\/uploads\/2021\/08\/MFH-Backpack-US-Assault-I-Basic-30L-Black-1.jpg\",\"datePublished\":\"2021-12-09T00:00:00+00:00\",\"dateModified\":\"2025-11-22T22:06:32+00:00\",\"description\":\"Omadused: reguleeritavad, pehmendatud &otilde;larihmad metallist D-r&otilde;ngastega reguleeritav, eemaldatav puusarihm pehmendatud seljaosa suure takjapaelaga suletava taskuga kandesang &uuml;leval 2 peasahtlit kahesuunaliste t&otilde;mblukkudega ning erinevate taskutega sees 1 suurem ning 1 v&auml;iksem t&otilde;mblukuga tasku esipaneelil, pliiatsihoidjad sees 2 kompressioonirihma m&otilde;lemal k&uuml;ljel ning p&otilde;hjas Molle kinnituskohad Maht: ca 30L Kaal: ca 950g M&otilde;&otilde;dud: ca 23 x 44 x 24cm Materjal: 100% pol&uuml;ester Seisukord: uus\",\"breadcrumb\":{\"@id\":\"https:\/\/www.outdoors.ee\/et\/toode\/mfh-seljakott-us-assault-i-basic-30l\/#breadcrumb\"},\"inLanguage\":\"et\",\"potentialAction\":[{\"@type\":\"ReadAction\",\"target\":[\"https:\/\/www.outdoors.ee\/et\/toode\/mfh-seljakott-us-assault-i-basic-30l\/\"]}]},{\"@type\":\"ImageObject\",\"inLanguage\":\"et\",\"@id\":\"https:\/\/www.outdoors.ee\/et\/toode\/mfh-seljakott-us-assault-i-basic-30l\/#primaryimage\",\"url\":\"https:\/\/www.outdoors.ee\/wp-content\/uploads\/2021\/08\/MFH-Backpack-US-Assault-I-Basic-30L-Black-1.jpg\",\"contentUrl\":\"https:\/\/www.outdoors.ee\/wp-content\/uploads\/2021\/08\/MFH-Backpack-US-Assault-I-Basic-30L-Black-1.jpg\",\"width\":1200,\"height\":1200},{\"@type\":\"BreadcrumbList\",\"@id\":\"https:\/\/www.outdoors.ee\/et\/toode\/mfh-seljakott-us-assault-i-basic-30l\/#breadcrumb\",\"itemListElement\":[{\"@type\":\"ListItem\",\"position\":1,\"name\":\"Home\",\"item\":\"https:\/\/www.outdoors.ee\/et\/\"},{\"@type\":\"ListItem\",\"position\":2,\"name\":\"Tooted\",\"item\":\"https:\/\/www.outdoors.ee\/products\/\"},{\"@type\":\"ListItem\",\"position\":3,\"name\":\"MFH\u00ae seljakott US Assault I Basic 30L\"}]},{\"@type\":\"WebSite\",\"@id\":\"https:\/\/www.outdoors.ee\/#website\",\"url\":\"https:\/\/www.outdoors.ee\/\",\"name\":\"Outdoors\",\"description\":\"Genuine military surplus and not only!\",\"potentialAction\":[{\"@type\":\"SearchAction\",\"target\":{\"@type\":\"EntryPoint\",\"urlTemplate\":\"https:\/\/www.outdoors.ee\/?s={search_term_string}\"},\"query-input\":{\"@type\":\"PropertyValueSpecification\",\"valueRequired\":true,\"valueName\":\"search_term_string\"}}],\"inLanguage\":\"et\"}]}<\/script>\n<!-- \/ Yoast SEO plugin. -->","yoast_head_json":{"title":"MFH seljakott US Assault I Basic 30L Black - outdoors.ee","description":"Omadused: reguleeritavad, pehmendatud &otilde;larihmad metallist D-r&otilde;ngastega reguleeritav, eemaldatav puusarihm pehmendatud seljaosa suure takjapaelaga suletava taskuga kandesang &uuml;leval 2 peasahtlit kahesuunaliste t&otilde;mblukkudega ning erinevate taskutega sees 1 suurem ning 1 v&auml;iksem t&otilde;mblukuga tasku esipaneelil, pliiatsihoidjad sees 2 kompressioonirihma m&otilde;lemal k&uuml;ljel ning p&otilde;hjas Molle kinnituskohad Maht: ca 30L Kaal: ca 950g M&otilde;&otilde;dud: ca 23 x 44 x 24cm Materjal: 100% pol&uuml;ester Seisukord: uus","robots":{"index":"index","follow":"follow","max-snippet":"max-snippet:-1","max-image-preview":"max-image-preview:large","max-video-preview":"max-video-preview:-1"},"canonical":"https:\/\/www.outdoors.ee\/et\/toode\/mfh-seljakott-us-assault-i-basic-30l\/","og_locale":"et_EE","og_type":"article","og_title":"MFH seljakott US Assault I Basic 30L Black","og_description":"Omadused: reguleeritavad, pehmendatud &otilde;larihmad metallist D-r&otilde;ngastega reguleeritav, eemaldatav puusarihm pehmendatud seljaosa suure takjapaelaga suletava taskuga kandesang &uuml;leval 2 peasahtlit kahesuunaliste t&otilde;mblukkudega ning erinevate taskutega sees 1 suurem ning 1 v&auml;iksem t&otilde;mblukuga tasku esipaneelil, pliiatsihoidjad sees 2 kompressioonirihma m&otilde;lemal k&uuml;ljel ning p&otilde;hjas Molle kinnituskohad Maht: ca 30L Kaal: ca 950g M&otilde;&otilde;dud: ca 23 x 44 x 24cm Materjal: 100% pol&uuml;ester Seisukord: uus","og_url":"https:\/\/www.outdoors.ee\/et\/toode\/mfh-seljakott-us-assault-i-basic-30l\/","og_site_name":"Outdoors","article_modified_time":"2025-11-22T22:06:32+00:00","og_image":[{"width":1200,"height":1200,"url":"https:\/\/www.outdoors.ee\/wp-content\/uploads\/2021\/08\/MFH-Backpack-US-Assault-I-Basic-30L-Black-1.jpg","type":"image\/jpeg"}],"twitter_card":"summary_large_image","twitter_title":"MFH seljakott US Assault I Basic 30L Black","schema":{"@context":"https:\/\/schema.org","@graph":[{"@type":"WebPage","@id":"https:\/\/www.outdoors.ee\/et\/toode\/mfh-seljakott-us-assault-i-basic-30l\/","url":"https:\/\/www.outdoors.ee\/et\/toode\/mfh-seljakott-us-assault-i-basic-30l\/","name":"MFH seljakott US Assault I Basic 30L Black - outdoors.ee","isPartOf":{"@id":"https:\/\/www.outdoors.ee\/#website"},"primaryImageOfPage":{"@id":"https:\/\/www.outdoors.ee\/et\/toode\/mfh-seljakott-us-assault-i-basic-30l\/#primaryimage"},"image":{"@id":"https:\/\/www.outdoors.ee\/et\/toode\/mfh-seljakott-us-assault-i-basic-30l\/#primaryimage"},"thumbnailUrl":"https:\/\/www.outdoors.ee\/wp-content\/uploads\/2021\/08\/MFH-Backpack-US-Assault-I-Basic-30L-Black-1.jpg","datePublished":"2021-12-09T00:00:00+00:00","dateModified":"2025-11-22T22:06:32+00:00","description":"Omadused: reguleeritavad, pehmendatud &otilde;larihmad metallist D-r&otilde;ngastega reguleeritav, eemaldatav puusarihm pehmendatud seljaosa suure takjapaelaga suletava taskuga kandesang &uuml;leval 2 peasahtlit kahesuunaliste t&otilde;mblukkudega ning erinevate taskutega sees 1 suurem ning 1 v&auml;iksem t&otilde;mblukuga tasku esipaneelil, pliiatsihoidjad sees 2 kompressioonirihma m&otilde;lemal k&uuml;ljel ning p&otilde;hjas Molle kinnituskohad Maht: ca 30L Kaal: ca 950g M&otilde;&otilde;dud: ca 23 x 44 x 24cm Materjal: 100% pol&uuml;ester Seisukord: uus","breadcrumb":{"@id":"https:\/\/www.outdoors.ee\/et\/toode\/mfh-seljakott-us-assault-i-basic-30l\/#breadcrumb"},"inLanguage":"et","potentialAction":[{"@type":"ReadAction","target":["https:\/\/www.outdoors.ee\/et\/toode\/mfh-seljakott-us-assault-i-basic-30l\/"]}]},{"@type":"ImageObject","inLanguage":"et","@id":"https:\/\/www.outdoors.ee\/et\/toode\/mfh-seljakott-us-assault-i-basic-30l\/#primaryimage","url":"https:\/\/www.outdoors.ee\/wp-content\/uploads\/2021\/08\/MFH-Backpack-US-Assault-I-Basic-30L-Black-1.jpg","contentUrl":"https:\/\/www.outdoors.ee\/wp-content\/uploads\/2021\/08\/MFH-Backpack-US-Assault-I-Basic-30L-Black-1.jpg","width":1200,"height":1200},{"@type":"BreadcrumbList","@id":"https:\/\/www.outdoors.ee\/et\/toode\/mfh-seljakott-us-assault-i-basic-30l\/#breadcrumb","itemListElement":[{"@type":"ListItem","position":1,"name":"Home","item":"https:\/\/www.outdoors.ee\/et\/"},{"@type":"ListItem","position":2,"name":"Tooted","item":"https:\/\/www.outdoors.ee\/products\/"},{"@type":"ListItem","position":3,"name":"MFH\u00ae seljakott US Assault I Basic 30L"}]},{"@type":"WebSite","@id":"https:\/\/www.outdoors.ee\/#website","url":"https:\/\/www.outdoors.ee\/","name":"Outdoors","description":"Genuine military surplus and not only!","potentialAction":[{"@type":"SearchAction","target":{"@type":"EntryPoint","urlTemplate":"https:\/\/www.outdoors.ee\/?s={search_term_string}"},"query-input":{"@type":"PropertyValueSpecification","valueRequired":true,"valueName":"search_term_string"}}],"inLanguage":"et"}]}},"_links":{"self":[{"href":"https:\/\/www.outdoors.ee\/et\/wp-json\/wp\/v2\/product\/61128","targetHints":{"allow":["GET"]}}],"collection":[{"href":"https:\/\/www.outdoors.ee\/et\/wp-json\/wp\/v2\/product"}],"about":[{"href":"https:\/\/www.outdoors.ee\/et\/wp-json\/wp\/v2\/types\/product"}],"wp:featuredmedia":[{"embeddable":true,"href":"https:\/\/www.outdoors.ee\/et\/wp-json\/wp\/v2\/media\/10907"}],"wp:attachment":[{"href":"https:\/\/www.outdoors.ee\/et\/wp-json\/wp\/v2\/media?parent=61128"}],"wp:term":[{"taxonomy":"product_brand","embeddable":true,"href":"https:\/\/www.outdoors.ee\/et\/wp-json\/wp\/v2\/product_brand?post=61128"},{"taxonomy":"product_cat","embeddable":true,"href":"https:\/\/www.outdoors.ee\/et\/wp-json\/wp\/v2\/product_cat?post=61128"},{"taxonomy":"product_tag","embeddable":true,"href":"https:\/\/www.outdoors.ee\/et\/wp-json\/wp\/v2\/product_tag?post=61128"}],"curies":[{"name":"wp","href":"https:\/\/api.w.org\/{rel}","templated":true}]}}