{"id":61124,"date":"2021-12-09T00:00:00","date_gmt":"2021-12-09T00:00:00","guid":{"rendered":"https:\/\/www.outdoors.ee\/product\/mfh-it-seljakott-tactical-modular-45l-black\/"},"modified":"2025-08-27T13:21:29","modified_gmt":"2025-08-27T10:21:29","slug":"mfh-it-seljakott-tactical-modular-45l","status":"publish","type":"product","link":"https:\/\/www.outdoors.ee\/et\/toode\/mfh-it-seljakott-tactical-modular-45l\/","title":{"rendered":"MFH\u00ae seljakott IT &#8220;Tactical-Modular&#8221; 45L"},"content":{"rendered":"<p><strong>Omadused:<\/strong><\/p>\n<ul>\n<li>reguleeritava pikkusega, pehmendatud \u00f5larihmad<\/li>\n<li>reguleeritav rinnarihm<\/li>\n<li>reguleeritava pikkusega ning klambriga puusarihm<\/li>\n<li>kandesang \u00fcleval ning m\u00f5lemal k\u00fcljel<\/li>\n<li>pehmendatud seljaosa eemaldatava raamiga<\/li>\n<li>suures ulatuses avanev, kahesuunalise t\u00f5mblukuga peasahtel<\/li>\n<li>3 peasahtli ava joogis\u00fcsteemi voolikule, juhtmetele jne<\/li>\n<li>4 kinnitusrihma ja 2 t\u00f5mblukuga v\u00f5rktaskut peasahtlis<\/li>\n<li>esipaneeli tasku kahesuunalise t\u00f5mbluku ja karabiiniga sees<\/li>\n<li>mitmed erinevad taskud ning pliiatsihoidjad<\/li>\n<li>Molle kinnituspaneelid<\/li>\n<li>2 k\u00fcljetaskut kahesuunalise t\u00f5mblukuga<\/li>\n<li>kompressioonrihmad k\u00fclgedel<\/li>\n<li>Maht ca 45L<\/li>\n<li>Materjal 100% pol\u00fcester<\/li>\n<li>Kaal ca 2,3kg<\/li>\n<li>M\u00f5\u00f5tmed ca 42 x 53 x 30cm<\/li>\n<\/ul>\n<p><strong>Seisukord<\/strong>: uus<\/p>\n","protected":false},"excerpt":{"rendered":"<p>Omadused: reguleeritava pikkusega, pehmendatud \u00f5larihmad reguleeritav rinnarihm reguleeritava pikkusega ning klambriga puusarihm kandesang \u00fcleval ning m\u00f5lemal k\u00fcljel pehmendatud seljaosa eemaldatava<\/p>\n","protected":false},"featured_media":18198,"template":"","meta":[],"product_brand":[],"product_cat":[3539],"product_tag":[],"class_list":{"0":"post-61124","1":"product","2":"type-product","3":"status-publish","4":"has-post-thumbnail","6":"product_cat-seljakotid","7":"pa_brand-mfh-2","8":"pa_color-black-2","9":"pa_color-olive-2","11":"first","12":"instock","13":"taxable","14":"shipping-taxable","15":"purchasable","16":"product-type-variable"},"yoast_head":"<!-- This site is optimized with the Yoast SEO plugin v27.2 - https:\/\/yoast.com\/product\/yoast-seo-wordpress\/ -->\n<title>MFH IT seljakott &quot;Tactical-Modular&quot; 45L Black - outdoors.ee<\/title>\n<meta name=\"description\" content=\"Omadused: reguleeritava pikkusega, pehmendatud &otilde;larihmad reguleeritav rinnarihm reguleeritava pikkusega ning klambriga puusarihm kandesang &uuml;leval ning m&otilde;lemal k&uuml;ljel pehmendatud seljaosa eemaldatava raamiga suures ulatuses avanev, kahesuunalise t&otilde;mblukuga peasahtel 3 peasahtli ava joogis&uuml;steemi voolikule, juhtmetele jne 4 kinnitusrihma ja 2 t&otilde;mblukuga v&otilde;rktaskut peasahtlis esipaneeli tasku kahesuunalise t&otilde;mbluku ja karabiiniga sees mitmed erinevad taskud ning pliiatsihoidjad Molle kinnituspaneelid 2 k&uuml;ljetaskut kahesuunalise t&otilde;mblukuga kompressioonrihmad k&uuml;lgedel Maht: ca 45L Materjal: 100% pol&uuml;ester Kaal: ca 2,3kg M&otilde;&otilde;dud: ca 42 x 53 x 30cm Seisukord: uus\" \/>\n<meta name=\"robots\" content=\"index, follow, max-snippet:-1, max-image-preview:large, max-video-preview:-1\" \/>\n<link rel=\"canonical\" href=\"https:\/\/www.outdoors.ee\/et\/toode\/mfh-it-seljakott-tactical-modular-45l\/\" \/>\n<meta property=\"og:locale\" content=\"et_EE\" \/>\n<meta property=\"og:type\" content=\"article\" \/>\n<meta property=\"og:title\" content=\"MFH IT seljakott &quot;Tactical-Modular&quot; 45L Black\" \/>\n<meta property=\"og:description\" content=\"Omadused: reguleeritava pikkusega, pehmendatud &otilde;larihmad reguleeritav rinnarihm reguleeritava pikkusega ning klambriga puusarihm kandesang &uuml;leval ning m&otilde;lemal k&uuml;ljel pehmendatud seljaosa eemaldatava raamiga suures ulatuses avanev, kahesuunalise t&otilde;mblukuga peasahtel 3 peasahtli ava joogis&uuml;steemi voolikule, juhtmetele jne 4 kinnitusrihma ja 2 t&otilde;mblukuga v&otilde;rktaskut peasahtlis esipaneeli tasku kahesuunalise t&otilde;mbluku ja karabiiniga sees mitmed erinevad taskud ning pliiatsihoidjad Molle kinnituspaneelid 2 k&uuml;ljetaskut kahesuunalise t&otilde;mblukuga kompressioonrihmad k&uuml;lgedel Maht: ca 45L Materjal: 100% pol&uuml;ester Kaal: ca 2,3kg M&otilde;&otilde;dud: ca 42 x 53 x 30cm Seisukord: uus\" \/>\n<meta property=\"og:url\" content=\"https:\/\/www.outdoors.ee\/et\/toode\/mfh-it-seljakott-tactical-modular-45l\/\" \/>\n<meta property=\"og:site_name\" content=\"Outdoors\" \/>\n<meta property=\"article:modified_time\" content=\"2025-08-27T10:21:29+00:00\" \/>\n<meta property=\"og:image\" content=\"https:\/\/www.outdoors.ee\/wp-content\/uploads\/2021\/09\/MFH-IT-Backpack-Tactical-Modular-Black-1.jpg\" \/>\n\t<meta property=\"og:image:width\" content=\"1200\" \/>\n\t<meta property=\"og:image:height\" content=\"1200\" \/>\n\t<meta property=\"og:image:type\" content=\"image\/jpeg\" \/>\n<meta name=\"twitter:card\" content=\"summary_large_image\" \/>\n<meta name=\"twitter:title\" content=\"MFH IT seljakott &quot;Tactical-Modular&quot; 45L Black\" \/>\n<script type=\"application\/ld+json\" class=\"yoast-schema-graph\">{\"@context\":\"https:\/\/schema.org\",\"@graph\":[{\"@type\":\"WebPage\",\"@id\":\"https:\/\/www.outdoors.ee\/et\/toode\/mfh-it-seljakott-tactical-modular-45l\/\",\"url\":\"https:\/\/www.outdoors.ee\/et\/toode\/mfh-it-seljakott-tactical-modular-45l\/\",\"name\":\"MFH IT seljakott \\\"Tactical-Modular\\\" 45L Black - outdoors.ee\",\"isPartOf\":{\"@id\":\"https:\/\/www.outdoors.ee\/#website\"},\"primaryImageOfPage\":{\"@id\":\"https:\/\/www.outdoors.ee\/et\/toode\/mfh-it-seljakott-tactical-modular-45l\/#primaryimage\"},\"image\":{\"@id\":\"https:\/\/www.outdoors.ee\/et\/toode\/mfh-it-seljakott-tactical-modular-45l\/#primaryimage\"},\"thumbnailUrl\":\"https:\/\/www.outdoors.ee\/wp-content\/uploads\/2021\/09\/MFH-IT-Backpack-Tactical-Modular-Black-1.jpg\",\"datePublished\":\"2021-12-09T00:00:00+00:00\",\"dateModified\":\"2025-08-27T10:21:29+00:00\",\"description\":\"Omadused: reguleeritava pikkusega, pehmendatud &otilde;larihmad reguleeritav rinnarihm reguleeritava pikkusega ning klambriga puusarihm kandesang &uuml;leval ning m&otilde;lemal k&uuml;ljel pehmendatud seljaosa eemaldatava raamiga suures ulatuses avanev, kahesuunalise t&otilde;mblukuga peasahtel 3 peasahtli ava joogis&uuml;steemi voolikule, juhtmetele jne 4 kinnitusrihma ja 2 t&otilde;mblukuga v&otilde;rktaskut peasahtlis esipaneeli tasku kahesuunalise t&otilde;mbluku ja karabiiniga sees mitmed erinevad taskud ning pliiatsihoidjad Molle kinnituspaneelid 2 k&uuml;ljetaskut kahesuunalise t&otilde;mblukuga kompressioonrihmad k&uuml;lgedel Maht: ca 45L Materjal: 100% pol&uuml;ester Kaal: ca 2,3kg M&otilde;&otilde;dud: ca 42 x 53 x 30cm Seisukord: uus\",\"breadcrumb\":{\"@id\":\"https:\/\/www.outdoors.ee\/et\/toode\/mfh-it-seljakott-tactical-modular-45l\/#breadcrumb\"},\"inLanguage\":\"et\",\"potentialAction\":[{\"@type\":\"ReadAction\",\"target\":[\"https:\/\/www.outdoors.ee\/et\/toode\/mfh-it-seljakott-tactical-modular-45l\/\"]}]},{\"@type\":\"ImageObject\",\"inLanguage\":\"et\",\"@id\":\"https:\/\/www.outdoors.ee\/et\/toode\/mfh-it-seljakott-tactical-modular-45l\/#primaryimage\",\"url\":\"https:\/\/www.outdoors.ee\/wp-content\/uploads\/2021\/09\/MFH-IT-Backpack-Tactical-Modular-Black-1.jpg\",\"contentUrl\":\"https:\/\/www.outdoors.ee\/wp-content\/uploads\/2021\/09\/MFH-IT-Backpack-Tactical-Modular-Black-1.jpg\",\"width\":1200,\"height\":1200},{\"@type\":\"BreadcrumbList\",\"@id\":\"https:\/\/www.outdoors.ee\/et\/toode\/mfh-it-seljakott-tactical-modular-45l\/#breadcrumb\",\"itemListElement\":[{\"@type\":\"ListItem\",\"position\":1,\"name\":\"Home\",\"item\":\"https:\/\/www.outdoors.ee\/et\/\"},{\"@type\":\"ListItem\",\"position\":2,\"name\":\"Tooted\",\"item\":\"https:\/\/www.outdoors.ee\/products\/\"},{\"@type\":\"ListItem\",\"position\":3,\"name\":\"MFH\u00ae seljakott IT &#8220;Tactical-Modular&#8221; 45L\"}]},{\"@type\":\"WebSite\",\"@id\":\"https:\/\/www.outdoors.ee\/#website\",\"url\":\"https:\/\/www.outdoors.ee\/\",\"name\":\"Outdoors\",\"description\":\"Genuine military surplus and not only!\",\"potentialAction\":[{\"@type\":\"SearchAction\",\"target\":{\"@type\":\"EntryPoint\",\"urlTemplate\":\"https:\/\/www.outdoors.ee\/?s={search_term_string}\"},\"query-input\":{\"@type\":\"PropertyValueSpecification\",\"valueRequired\":true,\"valueName\":\"search_term_string\"}}],\"inLanguage\":\"et\"}]}<\/script>\n<!-- \/ Yoast SEO plugin. -->","yoast_head_json":{"title":"MFH IT seljakott \"Tactical-Modular\" 45L Black - outdoors.ee","description":"Omadused: reguleeritava pikkusega, pehmendatud &otilde;larihmad reguleeritav rinnarihm reguleeritava pikkusega ning klambriga puusarihm kandesang &uuml;leval ning m&otilde;lemal k&uuml;ljel pehmendatud seljaosa eemaldatava raamiga suures ulatuses avanev, kahesuunalise t&otilde;mblukuga peasahtel 3 peasahtli ava joogis&uuml;steemi voolikule, juhtmetele jne 4 kinnitusrihma ja 2 t&otilde;mblukuga v&otilde;rktaskut peasahtlis esipaneeli tasku kahesuunalise t&otilde;mbluku ja karabiiniga sees mitmed erinevad taskud ning pliiatsihoidjad Molle kinnituspaneelid 2 k&uuml;ljetaskut kahesuunalise t&otilde;mblukuga kompressioonrihmad k&uuml;lgedel Maht: ca 45L Materjal: 100% pol&uuml;ester Kaal: ca 2,3kg M&otilde;&otilde;dud: ca 42 x 53 x 30cm Seisukord: uus","robots":{"index":"index","follow":"follow","max-snippet":"max-snippet:-1","max-image-preview":"max-image-preview:large","max-video-preview":"max-video-preview:-1"},"canonical":"https:\/\/www.outdoors.ee\/et\/toode\/mfh-it-seljakott-tactical-modular-45l\/","og_locale":"et_EE","og_type":"article","og_title":"MFH IT seljakott \"Tactical-Modular\" 45L Black","og_description":"Omadused: reguleeritava pikkusega, pehmendatud &otilde;larihmad reguleeritav rinnarihm reguleeritava pikkusega ning klambriga puusarihm kandesang &uuml;leval ning m&otilde;lemal k&uuml;ljel pehmendatud seljaosa eemaldatava raamiga suures ulatuses avanev, kahesuunalise t&otilde;mblukuga peasahtel 3 peasahtli ava joogis&uuml;steemi voolikule, juhtmetele jne 4 kinnitusrihma ja 2 t&otilde;mblukuga v&otilde;rktaskut peasahtlis esipaneeli tasku kahesuunalise t&otilde;mbluku ja karabiiniga sees mitmed erinevad taskud ning pliiatsihoidjad Molle kinnituspaneelid 2 k&uuml;ljetaskut kahesuunalise t&otilde;mblukuga kompressioonrihmad k&uuml;lgedel Maht: ca 45L Materjal: 100% pol&uuml;ester Kaal: ca 2,3kg M&otilde;&otilde;dud: ca 42 x 53 x 30cm Seisukord: uus","og_url":"https:\/\/www.outdoors.ee\/et\/toode\/mfh-it-seljakott-tactical-modular-45l\/","og_site_name":"Outdoors","article_modified_time":"2025-08-27T10:21:29+00:00","og_image":[{"width":1200,"height":1200,"url":"https:\/\/www.outdoors.ee\/wp-content\/uploads\/2021\/09\/MFH-IT-Backpack-Tactical-Modular-Black-1.jpg","type":"image\/jpeg"}],"twitter_card":"summary_large_image","twitter_title":"MFH IT seljakott \"Tactical-Modular\" 45L Black","schema":{"@context":"https:\/\/schema.org","@graph":[{"@type":"WebPage","@id":"https:\/\/www.outdoors.ee\/et\/toode\/mfh-it-seljakott-tactical-modular-45l\/","url":"https:\/\/www.outdoors.ee\/et\/toode\/mfh-it-seljakott-tactical-modular-45l\/","name":"MFH IT seljakott \"Tactical-Modular\" 45L Black - outdoors.ee","isPartOf":{"@id":"https:\/\/www.outdoors.ee\/#website"},"primaryImageOfPage":{"@id":"https:\/\/www.outdoors.ee\/et\/toode\/mfh-it-seljakott-tactical-modular-45l\/#primaryimage"},"image":{"@id":"https:\/\/www.outdoors.ee\/et\/toode\/mfh-it-seljakott-tactical-modular-45l\/#primaryimage"},"thumbnailUrl":"https:\/\/www.outdoors.ee\/wp-content\/uploads\/2021\/09\/MFH-IT-Backpack-Tactical-Modular-Black-1.jpg","datePublished":"2021-12-09T00:00:00+00:00","dateModified":"2025-08-27T10:21:29+00:00","description":"Omadused: reguleeritava pikkusega, pehmendatud &otilde;larihmad reguleeritav rinnarihm reguleeritava pikkusega ning klambriga puusarihm kandesang &uuml;leval ning m&otilde;lemal k&uuml;ljel pehmendatud seljaosa eemaldatava raamiga suures ulatuses avanev, kahesuunalise t&otilde;mblukuga peasahtel 3 peasahtli ava joogis&uuml;steemi voolikule, juhtmetele jne 4 kinnitusrihma ja 2 t&otilde;mblukuga v&otilde;rktaskut peasahtlis esipaneeli tasku kahesuunalise t&otilde;mbluku ja karabiiniga sees mitmed erinevad taskud ning pliiatsihoidjad Molle kinnituspaneelid 2 k&uuml;ljetaskut kahesuunalise t&otilde;mblukuga kompressioonrihmad k&uuml;lgedel Maht: ca 45L Materjal: 100% pol&uuml;ester Kaal: ca 2,3kg M&otilde;&otilde;dud: ca 42 x 53 x 30cm Seisukord: uus","breadcrumb":{"@id":"https:\/\/www.outdoors.ee\/et\/toode\/mfh-it-seljakott-tactical-modular-45l\/#breadcrumb"},"inLanguage":"et","potentialAction":[{"@type":"ReadAction","target":["https:\/\/www.outdoors.ee\/et\/toode\/mfh-it-seljakott-tactical-modular-45l\/"]}]},{"@type":"ImageObject","inLanguage":"et","@id":"https:\/\/www.outdoors.ee\/et\/toode\/mfh-it-seljakott-tactical-modular-45l\/#primaryimage","url":"https:\/\/www.outdoors.ee\/wp-content\/uploads\/2021\/09\/MFH-IT-Backpack-Tactical-Modular-Black-1.jpg","contentUrl":"https:\/\/www.outdoors.ee\/wp-content\/uploads\/2021\/09\/MFH-IT-Backpack-Tactical-Modular-Black-1.jpg","width":1200,"height":1200},{"@type":"BreadcrumbList","@id":"https:\/\/www.outdoors.ee\/et\/toode\/mfh-it-seljakott-tactical-modular-45l\/#breadcrumb","itemListElement":[{"@type":"ListItem","position":1,"name":"Home","item":"https:\/\/www.outdoors.ee\/et\/"},{"@type":"ListItem","position":2,"name":"Tooted","item":"https:\/\/www.outdoors.ee\/products\/"},{"@type":"ListItem","position":3,"name":"MFH\u00ae seljakott IT &#8220;Tactical-Modular&#8221; 45L"}]},{"@type":"WebSite","@id":"https:\/\/www.outdoors.ee\/#website","url":"https:\/\/www.outdoors.ee\/","name":"Outdoors","description":"Genuine military surplus and not only!","potentialAction":[{"@type":"SearchAction","target":{"@type":"EntryPoint","urlTemplate":"https:\/\/www.outdoors.ee\/?s={search_term_string}"},"query-input":{"@type":"PropertyValueSpecification","valueRequired":true,"valueName":"search_term_string"}}],"inLanguage":"et"}]}},"_links":{"self":[{"href":"https:\/\/www.outdoors.ee\/et\/wp-json\/wp\/v2\/product\/61124","targetHints":{"allow":["GET"]}}],"collection":[{"href":"https:\/\/www.outdoors.ee\/et\/wp-json\/wp\/v2\/product"}],"about":[{"href":"https:\/\/www.outdoors.ee\/et\/wp-json\/wp\/v2\/types\/product"}],"wp:featuredmedia":[{"embeddable":true,"href":"https:\/\/www.outdoors.ee\/et\/wp-json\/wp\/v2\/media\/18198"}],"wp:attachment":[{"href":"https:\/\/www.outdoors.ee\/et\/wp-json\/wp\/v2\/media?parent=61124"}],"wp:term":[{"taxonomy":"product_brand","embeddable":true,"href":"https:\/\/www.outdoors.ee\/et\/wp-json\/wp\/v2\/product_brand?post=61124"},{"taxonomy":"product_cat","embeddable":true,"href":"https:\/\/www.outdoors.ee\/et\/wp-json\/wp\/v2\/product_cat?post=61124"},{"taxonomy":"product_tag","embeddable":true,"href":"https:\/\/www.outdoors.ee\/et\/wp-json\/wp\/v2\/product_tag?post=61124"}],"curies":[{"name":"wp","href":"https:\/\/api.w.org\/{rel}","templated":true}]}}