{"id":61122,"date":"2021-12-09T00:00:00","date_gmt":"2021-12-09T00:00:00","guid":{"rendered":"https:\/\/www.outdoors.ee\/product\/mfh-bw-combat-seljakott-65l-flecktarn\/"},"modified":"2025-11-29T17:54:41","modified_gmt":"2025-11-29T15:54:41","slug":"mfh-bw-combat-seljakott-65l-flecktarn","status":"publish","type":"product","link":"https:\/\/www.outdoors.ee\/et\/toode\/mfh-bw-combat-seljakott-65l-flecktarn\/","title":{"rendered":"MFH\u00ae seljakott BW Combat 65L Flecktarn"},"content":{"rendered":"<p>Bundeswehr\u00b4i seljakoti koopia, mis on toodetud samast Cordura materjalist nagu originaalgi.<\/p>\n<p><strong>Omadused:<\/strong><\/p>\n<ul>\n<li>reguleeritava pikkusega, pehmendatud \u00f5larihmad<\/li>\n<li>reguleeritava pikkusega ning klambriga puusarihm<\/li>\n<li>kandesang \u00fcleval<\/li>\n<li>takjapaela paneel nimesildile pealmisel kaanel<\/li>\n<li>2 taskut pealmises kaanes, 1 takjapaelaga ning 1 t\u00f5mblukuga suletav<\/li>\n<li>pehme vahesein pingutusn\u00f6\u00f6riga peasahtli alumises osas<\/li>\n<li>2 pingutusn\u00f6\u00f6riga peasahtli \u00fclemises osas<\/li>\n<li>alumiiniumraam seljakoti \u00fclemises osas<\/li>\n<li>2 k\u00fcljetaskut klapi ning pingutusrihmaga<\/li>\n<li>v\u00e4ike tasku esipaneeli alumises osas<\/li>\n<li>Maht ca 65L<\/li>\n<li>Materjal: 100% nailon (Cordura)<\/li>\n<li>Kaal ca 1,4kg<\/li>\n<li>M\u00f5\u00f5tmed: ca 43 x 63 x 21cm<\/li>\n<\/ul>\n<p><strong>Seisukord<\/strong>: uus<\/p>\n","protected":false},"excerpt":{"rendered":"<p>Bundeswehr\u00b4i seljakoti koopia, mis on toodetud samast Cordura materjalist nagu originaalgi. Omadused: reguleeritava pikkusega, pehmendatud \u00f5larihmad reguleeritava pikkusega ning klambriga<\/p>\n","protected":false},"featured_media":10840,"template":"","meta":[],"product_brand":[],"product_cat":[3539],"product_tag":[],"class_list":{"0":"post-61122","1":"product","2":"type-product","3":"status-publish","4":"has-post-thumbnail","6":"product_cat-seljakotid","7":"pa_brand-mfh-2","9":"first","10":"instock","11":"taxable","12":"shipping-taxable","13":"purchasable","14":"product-type-simple"},"yoast_head":"<!-- This site is optimized with the Yoast SEO plugin v27.2 - https:\/\/yoast.com\/product\/yoast-seo-wordpress\/ -->\n<title>MFH BW Combat seljakott 65L Flecktarn - outdoors.ee<\/title>\n<meta name=\"description\" content=\"Bundeswehr\u00b4i seljakoti koopia, mis on toodetud samast Cordura materjalist nagu originaalgi. Omadused: reguleeritava pikkusega, pehmendatud \u00f5larihmad reguleeritava pikkusega ning klambriga puusarihm kandesang \u00fcleval takjapaela paneel nimesildile pealmisel kaanel 2 taskut pealmises kaanes, 1 takjapaelaga ning 1 t\u00f5mblukuga suletav pehme vahesein pingutusn\u00f6\u00f6riga peasahtli alumises osas 2 pingutusn\u00f6\u00f6riga peasahtli \u00fclemises osas alumiiniumraam seljakoti \u00fclemises osas 2 k\u00fcljetaskut klapi ning pingutusrihmaga v\u00e4ike tasku esipaneeli alumises osas Maht: ca 65L Materjal: 100% nailon (Cordura) Kaal: ca 1,4kg M\u00f5\u00f5dud: ca 43 x 63 x 21cm Seisukord: uus\" \/>\n<meta name=\"robots\" content=\"index, follow, max-snippet:-1, max-image-preview:large, max-video-preview:-1\" \/>\n<link rel=\"canonical\" href=\"https:\/\/www.outdoors.ee\/et\/toode\/mfh-bw-combat-seljakott-65l-flecktarn\/\" \/>\n<meta property=\"og:locale\" content=\"et_EE\" \/>\n<meta property=\"og:type\" content=\"article\" \/>\n<meta property=\"og:title\" content=\"MFH BW Combat seljakott 65L Flecktarn\" \/>\n<meta property=\"og:description\" content=\"Bundeswehr\u00b4i seljakoti koopia, mis on toodetud samast Cordura materjalist nagu originaalgi. Omadused: reguleeritava pikkusega, pehmendatud \u00f5larihmad reguleeritava pikkusega ning klambriga puusarihm kandesang \u00fcleval takjapaela paneel nimesildile pealmisel kaanel 2 taskut pealmises kaanes, 1 takjapaelaga ning 1 t\u00f5mblukuga suletav pehme vahesein pingutusn\u00f6\u00f6riga peasahtli alumises osas 2 pingutusn\u00f6\u00f6riga peasahtli \u00fclemises osas alumiiniumraam seljakoti \u00fclemises osas 2 k\u00fcljetaskut klapi ning pingutusrihmaga v\u00e4ike tasku esipaneeli alumises osas Maht: ca 65L Materjal: 100% nailon (Cordura) Kaal: ca 1,4kg M\u00f5\u00f5dud: ca 43 x 63 x 21cm Seisukord: uus\" \/>\n<meta property=\"og:url\" content=\"https:\/\/www.outdoors.ee\/et\/toode\/mfh-bw-combat-seljakott-65l-flecktarn\/\" \/>\n<meta property=\"og:site_name\" content=\"Outdoors\" \/>\n<meta property=\"article:modified_time\" content=\"2025-11-29T15:54:41+00:00\" \/>\n<meta property=\"og:image\" content=\"https:\/\/www.outdoors.ee\/wp-content\/uploads\/2021\/08\/MFH-BW-Combat-Backpack-65L-Flecktarn-1.jpg\" \/>\n\t<meta property=\"og:image:width\" content=\"1200\" \/>\n\t<meta property=\"og:image:height\" content=\"1200\" \/>\n\t<meta property=\"og:image:type\" content=\"image\/jpeg\" \/>\n<meta name=\"twitter:card\" content=\"summary_large_image\" \/>\n<meta name=\"twitter:title\" content=\"MFH BW Combat seljakott 65L Flecktarn\" \/>\n<meta name=\"twitter:label1\" content=\"Est. reading time\" \/>\n\t<meta name=\"twitter:data1\" content=\"1 minut\" \/>\n<script type=\"application\/ld+json\" class=\"yoast-schema-graph\">{\"@context\":\"https:\/\/schema.org\",\"@graph\":[{\"@type\":\"WebPage\",\"@id\":\"https:\/\/www.outdoors.ee\/et\/toode\/mfh-bw-combat-seljakott-65l-flecktarn\/\",\"url\":\"https:\/\/www.outdoors.ee\/et\/toode\/mfh-bw-combat-seljakott-65l-flecktarn\/\",\"name\":\"MFH BW Combat seljakott 65L Flecktarn - outdoors.ee\",\"isPartOf\":{\"@id\":\"https:\/\/www.outdoors.ee\/#website\"},\"primaryImageOfPage\":{\"@id\":\"https:\/\/www.outdoors.ee\/et\/toode\/mfh-bw-combat-seljakott-65l-flecktarn\/#primaryimage\"},\"image\":{\"@id\":\"https:\/\/www.outdoors.ee\/et\/toode\/mfh-bw-combat-seljakott-65l-flecktarn\/#primaryimage\"},\"thumbnailUrl\":\"https:\/\/www.outdoors.ee\/wp-content\/uploads\/2021\/08\/MFH-BW-Combat-Backpack-65L-Flecktarn-1.jpg\",\"datePublished\":\"2021-12-09T00:00:00+00:00\",\"dateModified\":\"2025-11-29T15:54:41+00:00\",\"description\":\"Bundeswehr\u00b4i seljakoti koopia, mis on toodetud samast Cordura materjalist nagu originaalgi. Omadused: reguleeritava pikkusega, pehmendatud \u00f5larihmad reguleeritava pikkusega ning klambriga puusarihm kandesang \u00fcleval takjapaela paneel nimesildile pealmisel kaanel 2 taskut pealmises kaanes, 1 takjapaelaga ning 1 t\u00f5mblukuga suletav pehme vahesein pingutusn\u00f6\u00f6riga peasahtli alumises osas 2 pingutusn\u00f6\u00f6riga peasahtli \u00fclemises osas alumiiniumraam seljakoti \u00fclemises osas 2 k\u00fcljetaskut klapi ning pingutusrihmaga v\u00e4ike tasku esipaneeli alumises osas Maht: ca 65L Materjal: 100% nailon (Cordura) Kaal: ca 1,4kg M\u00f5\u00f5dud: ca 43 x 63 x 21cm Seisukord: uus\",\"breadcrumb\":{\"@id\":\"https:\/\/www.outdoors.ee\/et\/toode\/mfh-bw-combat-seljakott-65l-flecktarn\/#breadcrumb\"},\"inLanguage\":\"et\",\"potentialAction\":[{\"@type\":\"ReadAction\",\"target\":[\"https:\/\/www.outdoors.ee\/et\/toode\/mfh-bw-combat-seljakott-65l-flecktarn\/\"]}]},{\"@type\":\"ImageObject\",\"inLanguage\":\"et\",\"@id\":\"https:\/\/www.outdoors.ee\/et\/toode\/mfh-bw-combat-seljakott-65l-flecktarn\/#primaryimage\",\"url\":\"https:\/\/www.outdoors.ee\/wp-content\/uploads\/2021\/08\/MFH-BW-Combat-Backpack-65L-Flecktarn-1.jpg\",\"contentUrl\":\"https:\/\/www.outdoors.ee\/wp-content\/uploads\/2021\/08\/MFH-BW-Combat-Backpack-65L-Flecktarn-1.jpg\",\"width\":1200,\"height\":1200},{\"@type\":\"BreadcrumbList\",\"@id\":\"https:\/\/www.outdoors.ee\/et\/toode\/mfh-bw-combat-seljakott-65l-flecktarn\/#breadcrumb\",\"itemListElement\":[{\"@type\":\"ListItem\",\"position\":1,\"name\":\"Home\",\"item\":\"https:\/\/www.outdoors.ee\/et\/\"},{\"@type\":\"ListItem\",\"position\":2,\"name\":\"Tooted\",\"item\":\"https:\/\/www.outdoors.ee\/products\/\"},{\"@type\":\"ListItem\",\"position\":3,\"name\":\"MFH\u00ae seljakott BW Combat 65L Flecktarn\"}]},{\"@type\":\"WebSite\",\"@id\":\"https:\/\/www.outdoors.ee\/#website\",\"url\":\"https:\/\/www.outdoors.ee\/\",\"name\":\"Outdoors\",\"description\":\"Genuine military surplus and not only!\",\"potentialAction\":[{\"@type\":\"SearchAction\",\"target\":{\"@type\":\"EntryPoint\",\"urlTemplate\":\"https:\/\/www.outdoors.ee\/?s={search_term_string}\"},\"query-input\":{\"@type\":\"PropertyValueSpecification\",\"valueRequired\":true,\"valueName\":\"search_term_string\"}}],\"inLanguage\":\"et\"}]}<\/script>\n<!-- \/ Yoast SEO plugin. -->","yoast_head_json":{"title":"MFH BW Combat seljakott 65L Flecktarn - outdoors.ee","description":"Bundeswehr\u00b4i seljakoti koopia, mis on toodetud samast Cordura materjalist nagu originaalgi. Omadused: reguleeritava pikkusega, pehmendatud \u00f5larihmad reguleeritava pikkusega ning klambriga puusarihm kandesang \u00fcleval takjapaela paneel nimesildile pealmisel kaanel 2 taskut pealmises kaanes, 1 takjapaelaga ning 1 t\u00f5mblukuga suletav pehme vahesein pingutusn\u00f6\u00f6riga peasahtli alumises osas 2 pingutusn\u00f6\u00f6riga peasahtli \u00fclemises osas alumiiniumraam seljakoti \u00fclemises osas 2 k\u00fcljetaskut klapi ning pingutusrihmaga v\u00e4ike tasku esipaneeli alumises osas Maht: ca 65L Materjal: 100% nailon (Cordura) Kaal: ca 1,4kg M\u00f5\u00f5dud: ca 43 x 63 x 21cm Seisukord: uus","robots":{"index":"index","follow":"follow","max-snippet":"max-snippet:-1","max-image-preview":"max-image-preview:large","max-video-preview":"max-video-preview:-1"},"canonical":"https:\/\/www.outdoors.ee\/et\/toode\/mfh-bw-combat-seljakott-65l-flecktarn\/","og_locale":"et_EE","og_type":"article","og_title":"MFH BW Combat seljakott 65L Flecktarn","og_description":"Bundeswehr\u00b4i seljakoti koopia, mis on toodetud samast Cordura materjalist nagu originaalgi. Omadused: reguleeritava pikkusega, pehmendatud \u00f5larihmad reguleeritava pikkusega ning klambriga puusarihm kandesang \u00fcleval takjapaela paneel nimesildile pealmisel kaanel 2 taskut pealmises kaanes, 1 takjapaelaga ning 1 t\u00f5mblukuga suletav pehme vahesein pingutusn\u00f6\u00f6riga peasahtli alumises osas 2 pingutusn\u00f6\u00f6riga peasahtli \u00fclemises osas alumiiniumraam seljakoti \u00fclemises osas 2 k\u00fcljetaskut klapi ning pingutusrihmaga v\u00e4ike tasku esipaneeli alumises osas Maht: ca 65L Materjal: 100% nailon (Cordura) Kaal: ca 1,4kg M\u00f5\u00f5dud: ca 43 x 63 x 21cm Seisukord: uus","og_url":"https:\/\/www.outdoors.ee\/et\/toode\/mfh-bw-combat-seljakott-65l-flecktarn\/","og_site_name":"Outdoors","article_modified_time":"2025-11-29T15:54:41+00:00","og_image":[{"width":1200,"height":1200,"url":"https:\/\/www.outdoors.ee\/wp-content\/uploads\/2021\/08\/MFH-BW-Combat-Backpack-65L-Flecktarn-1.jpg","type":"image\/jpeg"}],"twitter_card":"summary_large_image","twitter_title":"MFH BW Combat seljakott 65L Flecktarn","twitter_misc":{"Est. reading time":"1 minut"},"schema":{"@context":"https:\/\/schema.org","@graph":[{"@type":"WebPage","@id":"https:\/\/www.outdoors.ee\/et\/toode\/mfh-bw-combat-seljakott-65l-flecktarn\/","url":"https:\/\/www.outdoors.ee\/et\/toode\/mfh-bw-combat-seljakott-65l-flecktarn\/","name":"MFH BW Combat seljakott 65L Flecktarn - outdoors.ee","isPartOf":{"@id":"https:\/\/www.outdoors.ee\/#website"},"primaryImageOfPage":{"@id":"https:\/\/www.outdoors.ee\/et\/toode\/mfh-bw-combat-seljakott-65l-flecktarn\/#primaryimage"},"image":{"@id":"https:\/\/www.outdoors.ee\/et\/toode\/mfh-bw-combat-seljakott-65l-flecktarn\/#primaryimage"},"thumbnailUrl":"https:\/\/www.outdoors.ee\/wp-content\/uploads\/2021\/08\/MFH-BW-Combat-Backpack-65L-Flecktarn-1.jpg","datePublished":"2021-12-09T00:00:00+00:00","dateModified":"2025-11-29T15:54:41+00:00","description":"Bundeswehr\u00b4i seljakoti koopia, mis on toodetud samast Cordura materjalist nagu originaalgi. Omadused: reguleeritava pikkusega, pehmendatud \u00f5larihmad reguleeritava pikkusega ning klambriga puusarihm kandesang \u00fcleval takjapaela paneel nimesildile pealmisel kaanel 2 taskut pealmises kaanes, 1 takjapaelaga ning 1 t\u00f5mblukuga suletav pehme vahesein pingutusn\u00f6\u00f6riga peasahtli alumises osas 2 pingutusn\u00f6\u00f6riga peasahtli \u00fclemises osas alumiiniumraam seljakoti \u00fclemises osas 2 k\u00fcljetaskut klapi ning pingutusrihmaga v\u00e4ike tasku esipaneeli alumises osas Maht: ca 65L Materjal: 100% nailon (Cordura) Kaal: ca 1,4kg M\u00f5\u00f5dud: ca 43 x 63 x 21cm Seisukord: uus","breadcrumb":{"@id":"https:\/\/www.outdoors.ee\/et\/toode\/mfh-bw-combat-seljakott-65l-flecktarn\/#breadcrumb"},"inLanguage":"et","potentialAction":[{"@type":"ReadAction","target":["https:\/\/www.outdoors.ee\/et\/toode\/mfh-bw-combat-seljakott-65l-flecktarn\/"]}]},{"@type":"ImageObject","inLanguage":"et","@id":"https:\/\/www.outdoors.ee\/et\/toode\/mfh-bw-combat-seljakott-65l-flecktarn\/#primaryimage","url":"https:\/\/www.outdoors.ee\/wp-content\/uploads\/2021\/08\/MFH-BW-Combat-Backpack-65L-Flecktarn-1.jpg","contentUrl":"https:\/\/www.outdoors.ee\/wp-content\/uploads\/2021\/08\/MFH-BW-Combat-Backpack-65L-Flecktarn-1.jpg","width":1200,"height":1200},{"@type":"BreadcrumbList","@id":"https:\/\/www.outdoors.ee\/et\/toode\/mfh-bw-combat-seljakott-65l-flecktarn\/#breadcrumb","itemListElement":[{"@type":"ListItem","position":1,"name":"Home","item":"https:\/\/www.outdoors.ee\/et\/"},{"@type":"ListItem","position":2,"name":"Tooted","item":"https:\/\/www.outdoors.ee\/products\/"},{"@type":"ListItem","position":3,"name":"MFH\u00ae seljakott BW Combat 65L Flecktarn"}]},{"@type":"WebSite","@id":"https:\/\/www.outdoors.ee\/#website","url":"https:\/\/www.outdoors.ee\/","name":"Outdoors","description":"Genuine military surplus and not only!","potentialAction":[{"@type":"SearchAction","target":{"@type":"EntryPoint","urlTemplate":"https:\/\/www.outdoors.ee\/?s={search_term_string}"},"query-input":{"@type":"PropertyValueSpecification","valueRequired":true,"valueName":"search_term_string"}}],"inLanguage":"et"}]}},"_links":{"self":[{"href":"https:\/\/www.outdoors.ee\/et\/wp-json\/wp\/v2\/product\/61122","targetHints":{"allow":["GET"]}}],"collection":[{"href":"https:\/\/www.outdoors.ee\/et\/wp-json\/wp\/v2\/product"}],"about":[{"href":"https:\/\/www.outdoors.ee\/et\/wp-json\/wp\/v2\/types\/product"}],"wp:featuredmedia":[{"embeddable":true,"href":"https:\/\/www.outdoors.ee\/et\/wp-json\/wp\/v2\/media\/10840"}],"wp:attachment":[{"href":"https:\/\/www.outdoors.ee\/et\/wp-json\/wp\/v2\/media?parent=61122"}],"wp:term":[{"taxonomy":"product_brand","embeddable":true,"href":"https:\/\/www.outdoors.ee\/et\/wp-json\/wp\/v2\/product_brand?post=61122"},{"taxonomy":"product_cat","embeddable":true,"href":"https:\/\/www.outdoors.ee\/et\/wp-json\/wp\/v2\/product_cat?post=61122"},{"taxonomy":"product_tag","embeddable":true,"href":"https:\/\/www.outdoors.ee\/et\/wp-json\/wp\/v2\/product_tag?post=61122"}],"curies":[{"name":"wp","href":"https:\/\/api.w.org\/{rel}","templated":true}]}}