{"id":61107,"date":"2021-12-09T00:00:00","date_gmt":"2021-12-09T00:00:00","guid":{"rendered":"https:\/\/www.outdoors.ee\/product\/nar-operator-bls-ifak-esmaabikott-olive\/"},"modified":"2025-07-02T13:51:39","modified_gmt":"2025-07-02T10:51:39","slug":"nar-operator-bls-ifak-esmaabikott-olive","status":"publish","type":"product","link":"https:\/\/www.outdoors.ee\/et\/toode\/nar-operator-bls-ifak-esmaabikott-olive\/","title":{"rendered":"NAR Operator BLS\/IFAK esmaabikott"},"content":{"rendered":"<p style=\"text-align: justify;\">North American Rescue Operator Basic Life Support \/ Improved First Aid Kit ehk esmaabi tarvikute kott Hollandi s\u00f5jav\u00e4e laovarudest. Saab kanda kolmel moel: reiekotina, taktikalise v\u00f6\u00f6 k\u00fclge kinnitatuna v\u00f5i MOLLE vesti \/ plaadikandja k\u00fclge kinnitatuna.<\/p>\n<p style=\"text-align: justify;\"><strong>Omadused:<\/strong><\/p>\n<ul>\n<li>vee- ning liivakindel t\u00f5mblukk<\/li>\n<li>MOLLE s\u00fcsteemi kinnitused<\/li>\n<li>eemaldatav reierihm ja v\u00f6\u00f6kinnitusrihm<\/li>\n<li>m\u00f5\u00f5dud ca 215 x 220mm<\/li>\n<li>kaal ca 380g<\/li>\n<\/ul>\n<p><strong>M\u00fc\u00fcgil on ainult kott, ilma tarvikuteta.<\/strong><\/p>\n<p><strong>Seisukord<\/strong>:<\/p>\n<ul>\n<li>uus (ilma originaalpakendita, v\u00f5ib sisaldada hulgiladustamise j\u00e4lgi)<\/li>\n<li>uuev\u00e4\u00e4rne (sisaldab kergeid kulumisj\u00e4lgi)<\/li>\n<li>kasutatud, Grade 1 (sisaldab m\u00f5\u00f5dukaid kulumisj\u00e4lgi, v\u00f5ib olla m\u00e4\u00e4rdunud, t\u00e4isfunktsionaalne)<\/li>\n<\/ul>\n","protected":false},"excerpt":{"rendered":"<p>NAR Operator BLS\/IFAK esmaabikott, heleroheline<\/p>\n","protected":false},"featured_media":18219,"template":"","meta":[],"product_brand":[],"product_cat":[149],"product_tag":[],"class_list":{"0":"post-61107","1":"product","2":"type-product","3":"status-publish","4":"has-post-thumbnail","6":"product_cat-taktikaline-varustus","7":"pa_brand-dutch-military-surplus","8":"pa_brand-north-american-rescue-2","9":"pa_condition-kasutatud-grade-1","10":"pa_condition-uuevaarne","11":"pa_condition-uus","13":"first","14":"instock","15":"taxable","16":"shipping-taxable","17":"purchasable","18":"product-type-variable"},"yoast_head":"<!-- This site is optimized with the Yoast SEO plugin v27.2 - https:\/\/yoast.com\/product\/yoast-seo-wordpress\/ -->\n<title>NAR Operator BLS\/IFAK esmaabikott Olive - outdoors.ee<\/title>\n<meta name=\"description\" content=\"North American Rescue Operator Basic Life Support \/ Improved First Aid Kit ehk esmaabi tarvikute kott Hollandi s&otilde;jav&auml;e laovarudest. Saab kanda kolmel moel: reiekotina, taktikalise v&ouml;&ouml; k&uuml;lge kinnitatuna v&otilde;i MOLLE vesti \/ plaadikandja k&uuml;lge kinnitatuna. Omadused: vee- ning liivakindel t&otilde;mblukk MOLLE s&uuml;steemi kinnitused eemaldatav reierihm ja v&ouml;&ouml;kinnitusrihm M&otilde;&otilde;dud: ca 215x220mm Kaal: ca 380g M&uuml;&uuml;gil on ainult kott, ilma tarvikuteta. Seisukord: uus &nbsp; &nbsp;\" \/>\n<meta name=\"robots\" content=\"index, follow, max-snippet:-1, max-image-preview:large, max-video-preview:-1\" \/>\n<link rel=\"canonical\" href=\"https:\/\/www.outdoors.ee\/et\/toode\/nar-operator-bls-ifak-esmaabikott-olive\/\" \/>\n<meta property=\"og:locale\" content=\"et_EE\" \/>\n<meta property=\"og:type\" content=\"article\" \/>\n<meta property=\"og:title\" content=\"NAR Operator BLS\/IFAK esmaabikott Olive\" \/>\n<meta property=\"og:description\" content=\"North American Rescue Operator Basic Life Support \/ Improved First Aid Kit ehk esmaabi tarvikute kott Hollandi s&otilde;jav&auml;e laovarudest. Saab kanda kolmel moel: reiekotina, taktikalise v&ouml;&ouml; k&uuml;lge kinnitatuna v&otilde;i MOLLE vesti \/ plaadikandja k&uuml;lge kinnitatuna. Omadused: vee- ning liivakindel t&otilde;mblukk MOLLE s&uuml;steemi kinnitused eemaldatav reierihm ja v&ouml;&ouml;kinnitusrihm M&otilde;&otilde;dud: ca 215x220mm Kaal: ca 380g M&uuml;&uuml;gil on ainult kott, ilma tarvikuteta. Seisukord: uus &nbsp; &nbsp;\" \/>\n<meta property=\"og:url\" content=\"https:\/\/www.outdoors.ee\/et\/toode\/nar-operator-bls-ifak-esmaabikott-olive\/\" \/>\n<meta property=\"og:site_name\" content=\"Outdoors\" \/>\n<meta property=\"article:modified_time\" content=\"2025-07-02T10:51:39+00:00\" \/>\n<meta property=\"og:image\" content=\"https:\/\/www.outdoors.ee\/wp-content\/uploads\/2021\/09\/0897-NAR-Operator-BLS-IFAK-Pouch-Olive-1.jpg\" \/>\n\t<meta property=\"og:image:width\" content=\"749\" \/>\n\t<meta property=\"og:image:height\" content=\"1400\" \/>\n\t<meta property=\"og:image:type\" content=\"image\/jpeg\" \/>\n<meta name=\"twitter:card\" content=\"summary_large_image\" \/>\n<meta name=\"twitter:title\" content=\"NAR Operator BLS\/IFAK esmaabikott Olive\" \/>\n<script type=\"application\/ld+json\" class=\"yoast-schema-graph\">{\"@context\":\"https:\/\/schema.org\",\"@graph\":[{\"@type\":\"WebPage\",\"@id\":\"https:\/\/www.outdoors.ee\/et\/toode\/nar-operator-bls-ifak-esmaabikott-olive\/\",\"url\":\"https:\/\/www.outdoors.ee\/et\/toode\/nar-operator-bls-ifak-esmaabikott-olive\/\",\"name\":\"NAR Operator BLS\/IFAK esmaabikott Olive - outdoors.ee\",\"isPartOf\":{\"@id\":\"https:\/\/www.outdoors.ee\/#website\"},\"primaryImageOfPage\":{\"@id\":\"https:\/\/www.outdoors.ee\/et\/toode\/nar-operator-bls-ifak-esmaabikott-olive\/#primaryimage\"},\"image\":{\"@id\":\"https:\/\/www.outdoors.ee\/et\/toode\/nar-operator-bls-ifak-esmaabikott-olive\/#primaryimage\"},\"thumbnailUrl\":\"https:\/\/www.outdoors.ee\/wp-content\/uploads\/2021\/09\/0897-NAR-Operator-BLS-IFAK-Pouch-Olive-1.jpg\",\"datePublished\":\"2021-12-09T00:00:00+00:00\",\"dateModified\":\"2025-07-02T10:51:39+00:00\",\"description\":\"North American Rescue Operator Basic Life Support \/ Improved First Aid Kit ehk esmaabi tarvikute kott Hollandi s&otilde;jav&auml;e laovarudest. Saab kanda kolmel moel: reiekotina, taktikalise v&ouml;&ouml; k&uuml;lge kinnitatuna v&otilde;i MOLLE vesti \/ plaadikandja k&uuml;lge kinnitatuna. Omadused: vee- ning liivakindel t&otilde;mblukk MOLLE s&uuml;steemi kinnitused eemaldatav reierihm ja v&ouml;&ouml;kinnitusrihm M&otilde;&otilde;dud: ca 215x220mm Kaal: ca 380g M&uuml;&uuml;gil on ainult kott, ilma tarvikuteta. Seisukord: uus &nbsp; &nbsp;\",\"breadcrumb\":{\"@id\":\"https:\/\/www.outdoors.ee\/et\/toode\/nar-operator-bls-ifak-esmaabikott-olive\/#breadcrumb\"},\"inLanguage\":\"et\",\"potentialAction\":[{\"@type\":\"ReadAction\",\"target\":[\"https:\/\/www.outdoors.ee\/et\/toode\/nar-operator-bls-ifak-esmaabikott-olive\/\"]}]},{\"@type\":\"ImageObject\",\"inLanguage\":\"et\",\"@id\":\"https:\/\/www.outdoors.ee\/et\/toode\/nar-operator-bls-ifak-esmaabikott-olive\/#primaryimage\",\"url\":\"https:\/\/www.outdoors.ee\/wp-content\/uploads\/2021\/09\/0897-NAR-Operator-BLS-IFAK-Pouch-Olive-1.jpg\",\"contentUrl\":\"https:\/\/www.outdoors.ee\/wp-content\/uploads\/2021\/09\/0897-NAR-Operator-BLS-IFAK-Pouch-Olive-1.jpg\",\"width\":749,\"height\":1400},{\"@type\":\"BreadcrumbList\",\"@id\":\"https:\/\/www.outdoors.ee\/et\/toode\/nar-operator-bls-ifak-esmaabikott-olive\/#breadcrumb\",\"itemListElement\":[{\"@type\":\"ListItem\",\"position\":1,\"name\":\"Home\",\"item\":\"https:\/\/www.outdoors.ee\/et\/\"},{\"@type\":\"ListItem\",\"position\":2,\"name\":\"Tooted\",\"item\":\"https:\/\/www.outdoors.ee\/products\/\"},{\"@type\":\"ListItem\",\"position\":3,\"name\":\"NAR Operator BLS\/IFAK esmaabikott\"}]},{\"@type\":\"WebSite\",\"@id\":\"https:\/\/www.outdoors.ee\/#website\",\"url\":\"https:\/\/www.outdoors.ee\/\",\"name\":\"Outdoors\",\"description\":\"Genuine military surplus and not only!\",\"potentialAction\":[{\"@type\":\"SearchAction\",\"target\":{\"@type\":\"EntryPoint\",\"urlTemplate\":\"https:\/\/www.outdoors.ee\/?s={search_term_string}\"},\"query-input\":{\"@type\":\"PropertyValueSpecification\",\"valueRequired\":true,\"valueName\":\"search_term_string\"}}],\"inLanguage\":\"et\"}]}<\/script>\n<!-- \/ Yoast SEO plugin. -->","yoast_head_json":{"title":"NAR Operator BLS\/IFAK esmaabikott Olive - outdoors.ee","description":"North American Rescue Operator Basic Life Support \/ Improved First Aid Kit ehk esmaabi tarvikute kott Hollandi s&otilde;jav&auml;e laovarudest. Saab kanda kolmel moel: reiekotina, taktikalise v&ouml;&ouml; k&uuml;lge kinnitatuna v&otilde;i MOLLE vesti \/ plaadikandja k&uuml;lge kinnitatuna. Omadused: vee- ning liivakindel t&otilde;mblukk MOLLE s&uuml;steemi kinnitused eemaldatav reierihm ja v&ouml;&ouml;kinnitusrihm M&otilde;&otilde;dud: ca 215x220mm Kaal: ca 380g M&uuml;&uuml;gil on ainult kott, ilma tarvikuteta. Seisukord: uus &nbsp; &nbsp;","robots":{"index":"index","follow":"follow","max-snippet":"max-snippet:-1","max-image-preview":"max-image-preview:large","max-video-preview":"max-video-preview:-1"},"canonical":"https:\/\/www.outdoors.ee\/et\/toode\/nar-operator-bls-ifak-esmaabikott-olive\/","og_locale":"et_EE","og_type":"article","og_title":"NAR Operator BLS\/IFAK esmaabikott Olive","og_description":"North American Rescue Operator Basic Life Support \/ Improved First Aid Kit ehk esmaabi tarvikute kott Hollandi s&otilde;jav&auml;e laovarudest. Saab kanda kolmel moel: reiekotina, taktikalise v&ouml;&ouml; k&uuml;lge kinnitatuna v&otilde;i MOLLE vesti \/ plaadikandja k&uuml;lge kinnitatuna. Omadused: vee- ning liivakindel t&otilde;mblukk MOLLE s&uuml;steemi kinnitused eemaldatav reierihm ja v&ouml;&ouml;kinnitusrihm M&otilde;&otilde;dud: ca 215x220mm Kaal: ca 380g M&uuml;&uuml;gil on ainult kott, ilma tarvikuteta. Seisukord: uus &nbsp; &nbsp;","og_url":"https:\/\/www.outdoors.ee\/et\/toode\/nar-operator-bls-ifak-esmaabikott-olive\/","og_site_name":"Outdoors","article_modified_time":"2025-07-02T10:51:39+00:00","og_image":[{"width":749,"height":1400,"url":"https:\/\/www.outdoors.ee\/wp-content\/uploads\/2021\/09\/0897-NAR-Operator-BLS-IFAK-Pouch-Olive-1.jpg","type":"image\/jpeg"}],"twitter_card":"summary_large_image","twitter_title":"NAR Operator BLS\/IFAK esmaabikott Olive","schema":{"@context":"https:\/\/schema.org","@graph":[{"@type":"WebPage","@id":"https:\/\/www.outdoors.ee\/et\/toode\/nar-operator-bls-ifak-esmaabikott-olive\/","url":"https:\/\/www.outdoors.ee\/et\/toode\/nar-operator-bls-ifak-esmaabikott-olive\/","name":"NAR Operator BLS\/IFAK esmaabikott Olive - outdoors.ee","isPartOf":{"@id":"https:\/\/www.outdoors.ee\/#website"},"primaryImageOfPage":{"@id":"https:\/\/www.outdoors.ee\/et\/toode\/nar-operator-bls-ifak-esmaabikott-olive\/#primaryimage"},"image":{"@id":"https:\/\/www.outdoors.ee\/et\/toode\/nar-operator-bls-ifak-esmaabikott-olive\/#primaryimage"},"thumbnailUrl":"https:\/\/www.outdoors.ee\/wp-content\/uploads\/2021\/09\/0897-NAR-Operator-BLS-IFAK-Pouch-Olive-1.jpg","datePublished":"2021-12-09T00:00:00+00:00","dateModified":"2025-07-02T10:51:39+00:00","description":"North American Rescue Operator Basic Life Support \/ Improved First Aid Kit ehk esmaabi tarvikute kott Hollandi s&otilde;jav&auml;e laovarudest. Saab kanda kolmel moel: reiekotina, taktikalise v&ouml;&ouml; k&uuml;lge kinnitatuna v&otilde;i MOLLE vesti \/ plaadikandja k&uuml;lge kinnitatuna. Omadused: vee- ning liivakindel t&otilde;mblukk MOLLE s&uuml;steemi kinnitused eemaldatav reierihm ja v&ouml;&ouml;kinnitusrihm M&otilde;&otilde;dud: ca 215x220mm Kaal: ca 380g M&uuml;&uuml;gil on ainult kott, ilma tarvikuteta. Seisukord: uus &nbsp; &nbsp;","breadcrumb":{"@id":"https:\/\/www.outdoors.ee\/et\/toode\/nar-operator-bls-ifak-esmaabikott-olive\/#breadcrumb"},"inLanguage":"et","potentialAction":[{"@type":"ReadAction","target":["https:\/\/www.outdoors.ee\/et\/toode\/nar-operator-bls-ifak-esmaabikott-olive\/"]}]},{"@type":"ImageObject","inLanguage":"et","@id":"https:\/\/www.outdoors.ee\/et\/toode\/nar-operator-bls-ifak-esmaabikott-olive\/#primaryimage","url":"https:\/\/www.outdoors.ee\/wp-content\/uploads\/2021\/09\/0897-NAR-Operator-BLS-IFAK-Pouch-Olive-1.jpg","contentUrl":"https:\/\/www.outdoors.ee\/wp-content\/uploads\/2021\/09\/0897-NAR-Operator-BLS-IFAK-Pouch-Olive-1.jpg","width":749,"height":1400},{"@type":"BreadcrumbList","@id":"https:\/\/www.outdoors.ee\/et\/toode\/nar-operator-bls-ifak-esmaabikott-olive\/#breadcrumb","itemListElement":[{"@type":"ListItem","position":1,"name":"Home","item":"https:\/\/www.outdoors.ee\/et\/"},{"@type":"ListItem","position":2,"name":"Tooted","item":"https:\/\/www.outdoors.ee\/products\/"},{"@type":"ListItem","position":3,"name":"NAR Operator BLS\/IFAK esmaabikott"}]},{"@type":"WebSite","@id":"https:\/\/www.outdoors.ee\/#website","url":"https:\/\/www.outdoors.ee\/","name":"Outdoors","description":"Genuine military surplus and not only!","potentialAction":[{"@type":"SearchAction","target":{"@type":"EntryPoint","urlTemplate":"https:\/\/www.outdoors.ee\/?s={search_term_string}"},"query-input":{"@type":"PropertyValueSpecification","valueRequired":true,"valueName":"search_term_string"}}],"inLanguage":"et"}]}},"_links":{"self":[{"href":"https:\/\/www.outdoors.ee\/et\/wp-json\/wp\/v2\/product\/61107","targetHints":{"allow":["GET"]}}],"collection":[{"href":"https:\/\/www.outdoors.ee\/et\/wp-json\/wp\/v2\/product"}],"about":[{"href":"https:\/\/www.outdoors.ee\/et\/wp-json\/wp\/v2\/types\/product"}],"wp:featuredmedia":[{"embeddable":true,"href":"https:\/\/www.outdoors.ee\/et\/wp-json\/wp\/v2\/media\/18219"}],"wp:attachment":[{"href":"https:\/\/www.outdoors.ee\/et\/wp-json\/wp\/v2\/media?parent=61107"}],"wp:term":[{"taxonomy":"product_brand","embeddable":true,"href":"https:\/\/www.outdoors.ee\/et\/wp-json\/wp\/v2\/product_brand?post=61107"},{"taxonomy":"product_cat","embeddable":true,"href":"https:\/\/www.outdoors.ee\/et\/wp-json\/wp\/v2\/product_cat?post=61107"},{"taxonomy":"product_tag","embeddable":true,"href":"https:\/\/www.outdoors.ee\/et\/wp-json\/wp\/v2\/product_tag?post=61107"}],"curies":[{"name":"wp","href":"https:\/\/api.w.org\/{rel}","templated":true}]}}