{"id":61101,"date":"2021-12-09T00:00:00","date_gmt":"2021-12-09T00:00:00","guid":{"rendered":"https:\/\/www.outdoors.ee\/product\/prantsuse-politsei-d3o-kaitsevest\/"},"modified":"2024-11-22T14:35:17","modified_gmt":"2024-11-22T12:35:17","slug":"prantsuse-politsei-d3o-kaitsevest","status":"publish","type":"product","link":"https:\/\/www.outdoors.ee\/et\/toode\/prantsuse-politsei-d3o-kaitsevest\/","title":{"rendered":"Prantsuse Politsei D3O kaitsevest"},"content":{"rendered":"<p>Omadused:<\/p>\n<ul>\n<li>D3O kerged, plastillised ja kompaktned kaitseelemendid<\/li>\n<li>pakub kaitset \u00f5lale, rangluule, k\u00fc\u00fcnarnukile ning k\u00e4evarrele tervikuna<\/li>\n<li>h\u00e4sti veniv, v\u00f5rkjas materjal<\/li>\n<li>t\u00f5mblukuga ees<\/li>\n<li>n\u00e4puaasaga mansetid<\/li>\n<li>ei piira liikumisvabadust, saab kanda riiete all<\/li>\n<\/ul>\n<p>VEST EI PAKU BALLISTILIST KAITSET.<\/p>\n<p><strong>Suurus<\/strong>: S (sobib inimesele rinna\u00fcmberm\u00f5\u00f5duga kuni ca 96cm)<\/p>\n<p><strong>Seisukord<\/strong>: uus<\/p>\n","protected":false},"excerpt":{"rendered":"<p>Prantsuse Politsei D3O kaitsevest, must<\/p>\n","protected":false},"featured_media":83098,"template":"","meta":[],"product_brand":[],"product_cat":[149],"product_tag":[],"class_list":{"0":"post-61101","1":"product","2":"type-product","3":"status-publish","4":"has-post-thumbnail","6":"product_cat-taktikaline-varustus","7":"pa_brand-french-military-surplus","9":"first","10":"instock","11":"taxable","12":"shipping-taxable","13":"purchasable","14":"product-type-simple"},"yoast_head":"<!-- This site is optimized with the Yoast SEO plugin v27.2 - https:\/\/yoast.com\/product\/yoast-seo-wordpress\/ -->\n<title>Prantsuse Politsei D3O kaitsevest - outdoors.ee<\/title>\n<meta name=\"description\" content=\"Omadused: D3O kerged, plastillised ja kompaktned kaitseelemendid pakub kaitset &otilde;lale, rangluule, k&uuml;&uuml;narnukile ning k&auml;evarrele tervikuna h&auml;sti veniv, v&otilde;rkjas materjal t&otilde;mblukuga ees n&auml;puaasaga mansetid ei piira liikumisvabadust, saab kanda riiete all &nbsp; VEST EI PAKU BALLISTILIST KAITSET. Sobib militaarm&auml;ngude ning teatud ekstreemspordialade harrastajatele. Suurus: S (sobib inimesele rinna&uuml;mberm&otilde;&otilde;duga kuni ca 96cm) Seisukord: uus&nbsp;\" \/>\n<meta name=\"robots\" content=\"index, follow, max-snippet:-1, max-image-preview:large, max-video-preview:-1\" \/>\n<link rel=\"canonical\" href=\"https:\/\/www.outdoors.ee\/et\/toode\/prantsuse-politsei-d3o-kaitsevest\/\" \/>\n<meta property=\"og:locale\" content=\"et_EE\" \/>\n<meta property=\"og:type\" content=\"article\" \/>\n<meta property=\"og:title\" content=\"Prantsuse Politsei D3O kaitsevest\" \/>\n<meta property=\"og:description\" content=\"Omadused: D3O kerged, plastillised ja kompaktned kaitseelemendid pakub kaitset &otilde;lale, rangluule, k&uuml;&uuml;narnukile ning k&auml;evarrele tervikuna h&auml;sti veniv, v&otilde;rkjas materjal t&otilde;mblukuga ees n&auml;puaasaga mansetid ei piira liikumisvabadust, saab kanda riiete all &nbsp; VEST EI PAKU BALLISTILIST KAITSET. Sobib militaarm&auml;ngude ning teatud ekstreemspordialade harrastajatele. Suurus: S (sobib inimesele rinna&uuml;mberm&otilde;&otilde;duga kuni ca 96cm) Seisukord: uus&nbsp;\" \/>\n<meta property=\"og:url\" content=\"https:\/\/www.outdoors.ee\/et\/toode\/prantsuse-politsei-d3o-kaitsevest\/\" \/>\n<meta property=\"og:site_name\" content=\"Outdoors\" \/>\n<meta property=\"article:modified_time\" content=\"2024-11-22T12:35:17+00:00\" \/>\n<meta property=\"og:image\" content=\"https:\/\/www.outdoors.ee\/wp-content\/uploads\/2021\/12\/0880-French-Police-D3O-Riot-Protective-Vest.jpg\" \/>\n\t<meta property=\"og:image:width\" content=\"371\" \/>\n\t<meta property=\"og:image:height\" content=\"458\" \/>\n\t<meta property=\"og:image:type\" content=\"image\/jpeg\" \/>\n<meta name=\"twitter:card\" content=\"summary_large_image\" \/>\n<meta name=\"twitter:title\" content=\"Prantsuse Politsei D3O kaitsevest\" \/>\n<script type=\"application\/ld+json\" class=\"yoast-schema-graph\">{\"@context\":\"https:\/\/schema.org\",\"@graph\":[{\"@type\":\"WebPage\",\"@id\":\"https:\/\/www.outdoors.ee\/et\/toode\/prantsuse-politsei-d3o-kaitsevest\/\",\"url\":\"https:\/\/www.outdoors.ee\/et\/toode\/prantsuse-politsei-d3o-kaitsevest\/\",\"name\":\"Prantsuse Politsei D3O kaitsevest - outdoors.ee\",\"isPartOf\":{\"@id\":\"https:\/\/www.outdoors.ee\/#website\"},\"primaryImageOfPage\":{\"@id\":\"https:\/\/www.outdoors.ee\/et\/toode\/prantsuse-politsei-d3o-kaitsevest\/#primaryimage\"},\"image\":{\"@id\":\"https:\/\/www.outdoors.ee\/et\/toode\/prantsuse-politsei-d3o-kaitsevest\/#primaryimage\"},\"thumbnailUrl\":\"https:\/\/www.outdoors.ee\/wp-content\/uploads\/2021\/12\/0880-French-Police-D3O-Riot-Protective-Vest.jpg\",\"datePublished\":\"2021-12-09T00:00:00+00:00\",\"dateModified\":\"2024-11-22T12:35:17+00:00\",\"description\":\"Omadused: D3O kerged, plastillised ja kompaktned kaitseelemendid pakub kaitset &otilde;lale, rangluule, k&uuml;&uuml;narnukile ning k&auml;evarrele tervikuna h&auml;sti veniv, v&otilde;rkjas materjal t&otilde;mblukuga ees n&auml;puaasaga mansetid ei piira liikumisvabadust, saab kanda riiete all &nbsp; VEST EI PAKU BALLISTILIST KAITSET. Sobib militaarm&auml;ngude ning teatud ekstreemspordialade harrastajatele. Suurus: S (sobib inimesele rinna&uuml;mberm&otilde;&otilde;duga kuni ca 96cm) Seisukord: uus&nbsp;\",\"breadcrumb\":{\"@id\":\"https:\/\/www.outdoors.ee\/et\/toode\/prantsuse-politsei-d3o-kaitsevest\/#breadcrumb\"},\"inLanguage\":\"et\",\"potentialAction\":[{\"@type\":\"ReadAction\",\"target\":[\"https:\/\/www.outdoors.ee\/et\/toode\/prantsuse-politsei-d3o-kaitsevest\/\"]}]},{\"@type\":\"ImageObject\",\"inLanguage\":\"et\",\"@id\":\"https:\/\/www.outdoors.ee\/et\/toode\/prantsuse-politsei-d3o-kaitsevest\/#primaryimage\",\"url\":\"https:\/\/www.outdoors.ee\/wp-content\/uploads\/2021\/12\/0880-French-Police-D3O-Riot-Protective-Vest.jpg\",\"contentUrl\":\"https:\/\/www.outdoors.ee\/wp-content\/uploads\/2021\/12\/0880-French-Police-D3O-Riot-Protective-Vest.jpg\",\"width\":371,\"height\":458},{\"@type\":\"BreadcrumbList\",\"@id\":\"https:\/\/www.outdoors.ee\/et\/toode\/prantsuse-politsei-d3o-kaitsevest\/#breadcrumb\",\"itemListElement\":[{\"@type\":\"ListItem\",\"position\":1,\"name\":\"Home\",\"item\":\"https:\/\/www.outdoors.ee\/et\/\"},{\"@type\":\"ListItem\",\"position\":2,\"name\":\"Tooted\",\"item\":\"https:\/\/www.outdoors.ee\/products\/\"},{\"@type\":\"ListItem\",\"position\":3,\"name\":\"Prantsuse Politsei D3O kaitsevest\"}]},{\"@type\":\"WebSite\",\"@id\":\"https:\/\/www.outdoors.ee\/#website\",\"url\":\"https:\/\/www.outdoors.ee\/\",\"name\":\"Outdoors\",\"description\":\"Genuine military surplus and not only!\",\"potentialAction\":[{\"@type\":\"SearchAction\",\"target\":{\"@type\":\"EntryPoint\",\"urlTemplate\":\"https:\/\/www.outdoors.ee\/?s={search_term_string}\"},\"query-input\":{\"@type\":\"PropertyValueSpecification\",\"valueRequired\":true,\"valueName\":\"search_term_string\"}}],\"inLanguage\":\"et\"}]}<\/script>\n<!-- \/ Yoast SEO plugin. -->","yoast_head_json":{"title":"Prantsuse Politsei D3O kaitsevest - outdoors.ee","description":"Omadused: D3O kerged, plastillised ja kompaktned kaitseelemendid pakub kaitset &otilde;lale, rangluule, k&uuml;&uuml;narnukile ning k&auml;evarrele tervikuna h&auml;sti veniv, v&otilde;rkjas materjal t&otilde;mblukuga ees n&auml;puaasaga mansetid ei piira liikumisvabadust, saab kanda riiete all &nbsp; VEST EI PAKU BALLISTILIST KAITSET. Sobib militaarm&auml;ngude ning teatud ekstreemspordialade harrastajatele. Suurus: S (sobib inimesele rinna&uuml;mberm&otilde;&otilde;duga kuni ca 96cm) Seisukord: uus&nbsp;","robots":{"index":"index","follow":"follow","max-snippet":"max-snippet:-1","max-image-preview":"max-image-preview:large","max-video-preview":"max-video-preview:-1"},"canonical":"https:\/\/www.outdoors.ee\/et\/toode\/prantsuse-politsei-d3o-kaitsevest\/","og_locale":"et_EE","og_type":"article","og_title":"Prantsuse Politsei D3O kaitsevest","og_description":"Omadused: D3O kerged, plastillised ja kompaktned kaitseelemendid pakub kaitset &otilde;lale, rangluule, k&uuml;&uuml;narnukile ning k&auml;evarrele tervikuna h&auml;sti veniv, v&otilde;rkjas materjal t&otilde;mblukuga ees n&auml;puaasaga mansetid ei piira liikumisvabadust, saab kanda riiete all &nbsp; VEST EI PAKU BALLISTILIST KAITSET. Sobib militaarm&auml;ngude ning teatud ekstreemspordialade harrastajatele. Suurus: S (sobib inimesele rinna&uuml;mberm&otilde;&otilde;duga kuni ca 96cm) Seisukord: uus&nbsp;","og_url":"https:\/\/www.outdoors.ee\/et\/toode\/prantsuse-politsei-d3o-kaitsevest\/","og_site_name":"Outdoors","article_modified_time":"2024-11-22T12:35:17+00:00","og_image":[{"width":371,"height":458,"url":"https:\/\/www.outdoors.ee\/wp-content\/uploads\/2021\/12\/0880-French-Police-D3O-Riot-Protective-Vest.jpg","type":"image\/jpeg"}],"twitter_card":"summary_large_image","twitter_title":"Prantsuse Politsei D3O kaitsevest","schema":{"@context":"https:\/\/schema.org","@graph":[{"@type":"WebPage","@id":"https:\/\/www.outdoors.ee\/et\/toode\/prantsuse-politsei-d3o-kaitsevest\/","url":"https:\/\/www.outdoors.ee\/et\/toode\/prantsuse-politsei-d3o-kaitsevest\/","name":"Prantsuse Politsei D3O kaitsevest - outdoors.ee","isPartOf":{"@id":"https:\/\/www.outdoors.ee\/#website"},"primaryImageOfPage":{"@id":"https:\/\/www.outdoors.ee\/et\/toode\/prantsuse-politsei-d3o-kaitsevest\/#primaryimage"},"image":{"@id":"https:\/\/www.outdoors.ee\/et\/toode\/prantsuse-politsei-d3o-kaitsevest\/#primaryimage"},"thumbnailUrl":"https:\/\/www.outdoors.ee\/wp-content\/uploads\/2021\/12\/0880-French-Police-D3O-Riot-Protective-Vest.jpg","datePublished":"2021-12-09T00:00:00+00:00","dateModified":"2024-11-22T12:35:17+00:00","description":"Omadused: D3O kerged, plastillised ja kompaktned kaitseelemendid pakub kaitset &otilde;lale, rangluule, k&uuml;&uuml;narnukile ning k&auml;evarrele tervikuna h&auml;sti veniv, v&otilde;rkjas materjal t&otilde;mblukuga ees n&auml;puaasaga mansetid ei piira liikumisvabadust, saab kanda riiete all &nbsp; VEST EI PAKU BALLISTILIST KAITSET. Sobib militaarm&auml;ngude ning teatud ekstreemspordialade harrastajatele. Suurus: S (sobib inimesele rinna&uuml;mberm&otilde;&otilde;duga kuni ca 96cm) Seisukord: uus&nbsp;","breadcrumb":{"@id":"https:\/\/www.outdoors.ee\/et\/toode\/prantsuse-politsei-d3o-kaitsevest\/#breadcrumb"},"inLanguage":"et","potentialAction":[{"@type":"ReadAction","target":["https:\/\/www.outdoors.ee\/et\/toode\/prantsuse-politsei-d3o-kaitsevest\/"]}]},{"@type":"ImageObject","inLanguage":"et","@id":"https:\/\/www.outdoors.ee\/et\/toode\/prantsuse-politsei-d3o-kaitsevest\/#primaryimage","url":"https:\/\/www.outdoors.ee\/wp-content\/uploads\/2021\/12\/0880-French-Police-D3O-Riot-Protective-Vest.jpg","contentUrl":"https:\/\/www.outdoors.ee\/wp-content\/uploads\/2021\/12\/0880-French-Police-D3O-Riot-Protective-Vest.jpg","width":371,"height":458},{"@type":"BreadcrumbList","@id":"https:\/\/www.outdoors.ee\/et\/toode\/prantsuse-politsei-d3o-kaitsevest\/#breadcrumb","itemListElement":[{"@type":"ListItem","position":1,"name":"Home","item":"https:\/\/www.outdoors.ee\/et\/"},{"@type":"ListItem","position":2,"name":"Tooted","item":"https:\/\/www.outdoors.ee\/products\/"},{"@type":"ListItem","position":3,"name":"Prantsuse Politsei D3O kaitsevest"}]},{"@type":"WebSite","@id":"https:\/\/www.outdoors.ee\/#website","url":"https:\/\/www.outdoors.ee\/","name":"Outdoors","description":"Genuine military surplus and not only!","potentialAction":[{"@type":"SearchAction","target":{"@type":"EntryPoint","urlTemplate":"https:\/\/www.outdoors.ee\/?s={search_term_string}"},"query-input":{"@type":"PropertyValueSpecification","valueRequired":true,"valueName":"search_term_string"}}],"inLanguage":"et"}]}},"_links":{"self":[{"href":"https:\/\/www.outdoors.ee\/et\/wp-json\/wp\/v2\/product\/61101","targetHints":{"allow":["GET"]}}],"collection":[{"href":"https:\/\/www.outdoors.ee\/et\/wp-json\/wp\/v2\/product"}],"about":[{"href":"https:\/\/www.outdoors.ee\/et\/wp-json\/wp\/v2\/types\/product"}],"wp:featuredmedia":[{"embeddable":true,"href":"https:\/\/www.outdoors.ee\/et\/wp-json\/wp\/v2\/media\/83098"}],"wp:attachment":[{"href":"https:\/\/www.outdoors.ee\/et\/wp-json\/wp\/v2\/media?parent=61101"}],"wp:term":[{"taxonomy":"product_brand","embeddable":true,"href":"https:\/\/www.outdoors.ee\/et\/wp-json\/wp\/v2\/product_brand?post=61101"},{"taxonomy":"product_cat","embeddable":true,"href":"https:\/\/www.outdoors.ee\/et\/wp-json\/wp\/v2\/product_cat?post=61101"},{"taxonomy":"product_tag","embeddable":true,"href":"https:\/\/www.outdoors.ee\/et\/wp-json\/wp\/v2\/product_tag?post=61101"}],"curies":[{"name":"wp","href":"https:\/\/api.w.org\/{rel}","templated":true}]}}