{"id":61064,"date":"2021-12-09T00:00:00","date_gmt":"2021-12-09T00:00:00","guid":{"rendered":"https:\/\/www.outdoors.ee\/product\/austria-armee-kaz03-50l-seljakott\/"},"modified":"2022-06-30T19:10:17","modified_gmt":"2022-06-30T16:10:17","slug":"austria-armee-kaz-03-50l-seljakott","status":"publish","type":"product","link":"https:\/\/www.outdoors.ee\/et\/toode\/austria-armee-kaz-03-50l-seljakott\/","title":{"rendered":"Austria Armee KAZ-03 50L seljakott"},"content":{"rendered":"<p><strong>Omadused<\/strong>:<\/p>\n<ul>\n<li>Austria s\u00f5jav\u00e4e originaal seljakott vastupidavast nailonmaterjalist<\/li>\n<li>metallist raam<\/li>\n<li>reguleeritava pikkusega pehmendatud \u00f5larihmad<\/li>\n<li>pingutusn\u00f6\u00f6riga peasahtli laiendus<\/li>\n<li>t\u00f5mblukuga ligip\u00e4\u00e4s peasahtlisse seljakoti alumises osas<\/li>\n<li>takjapaela abil suletav tasku esipaneelil<\/li>\n<li>eemaldatav peasahtli kaas kahe taskuga<\/li>\n<li>ALICE s\u00fcsteemi kinnituskohad<\/li>\n<li>kompressioonrihmad p\u00f5hjas, peal ning k\u00fclgedel<\/li>\n<li>vastupidav kandesang<\/li>\n<\/ul>\n<p><strong>M\u00f5\u00f5dud<\/strong>: ca 70 x 28 x 26cm<\/p>\n<p><strong>Kaal:<\/strong> ca 2,5kg<\/p>\n<p><strong>Seisukord<\/strong>:<\/p>\n<ul>\n<li>uus (v\u00f5ib sisaldada hulgiladustamise j\u00e4lgi)<\/li>\n<li>uuev\u00e4\u00e4rne (sisaldab minimaalseid kulumisj\u00e4lgi)<\/li>\n<li>kasutatud, Grade 1 (sisaldab kergeid v\u00f5i m\u00f5\u00f5dukaid kulumisj\u00e4lgi, ei sisalda m\u00e4rkimisv\u00e4\u00e4rseid vigastusi)<\/li>\n<li>kasutatud, Grade 2 (sisaldab m\u00f5\u00f5dukaid kulumisj\u00e4lgi ning v\u00f5ib sisaldada parandatavaid vigastusi, ilma seljaraamita)<\/li>\n<\/ul>\n","protected":false},"excerpt":{"rendered":"<p>Austria Armee KAZ-03 50L seljakott, oliivroheline<\/p>\n","protected":false},"featured_media":8194,"template":"","meta":[],"product_brand":[],"product_cat":[3539],"product_tag":[],"class_list":{"0":"post-61064","1":"product","2":"type-product","3":"status-publish","4":"has-post-thumbnail","6":"product_cat-seljakotid","7":"pa_brand-austrian-military-surplus","8":"pa_condition-kasutatud-grade-1","9":"pa_condition-kasutatud-grade-2","10":"pa_condition-uuevaarne","11":"pa_condition-uus","13":"first","14":"outofstock","15":"taxable","16":"shipping-taxable","17":"purchasable","18":"product-type-variable"},"yoast_head":"<!-- This site is optimized with the Yoast SEO plugin v27.2 - https:\/\/yoast.com\/product\/yoast-seo-wordpress\/ -->\n<title>Austria Armee KAZ03 50L seljakott - outdoors.ee<\/title>\n<meta name=\"description\" content=\"Omadused: Austria s\u00f5jav\u00e4e originaal seljakott vastupidavast nailonmaterjalist reguleeritava k\u00f5rgusega pehmendatud \u00f5larihmad pingutusn\u00f6\u00f6riga peasahtli laiendus t\u00f5mblukuga ligip\u00e4\u00e4s peasahtlisse seljakoti alumises osas takjapaela abil suletav tasku esipaneelil eemaldatav peasahtli kaas kahe taskuga ALICE s\u00fcsteemi kinnituskohad kompressioonrihmad p\u00f5hjas, peal ning k\u00fclgedel vastupidav kandesang M\u00f5\u00f5dud: ca 70 x 28 x 26cm Kaal: ca 2,5kg Seisukord: Uuev\u00e4\u00e4rne (minimaalsete kulumisj\u00e4lgedega, \u00f5larihmasid \u00fchendav rinnarihm puudu)\" \/>\n<meta name=\"robots\" content=\"index, follow, max-snippet:-1, max-image-preview:large, max-video-preview:-1\" \/>\n<link rel=\"canonical\" href=\"https:\/\/www.outdoors.ee\/et\/toode\/austria-armee-kaz-03-50l-seljakott\/\" \/>\n<meta property=\"og:locale\" content=\"et_EE\" \/>\n<meta property=\"og:type\" content=\"article\" \/>\n<meta property=\"og:title\" content=\"Austria Armee KAZ03 50L seljakott\" \/>\n<meta property=\"og:description\" content=\"Omadused: Austria s\u00f5jav\u00e4e originaal seljakott vastupidavast nailonmaterjalist reguleeritava k\u00f5rgusega pehmendatud \u00f5larihmad pingutusn\u00f6\u00f6riga peasahtli laiendus t\u00f5mblukuga ligip\u00e4\u00e4s peasahtlisse seljakoti alumises osas takjapaela abil suletav tasku esipaneelil eemaldatav peasahtli kaas kahe taskuga ALICE s\u00fcsteemi kinnituskohad kompressioonrihmad p\u00f5hjas, peal ning k\u00fclgedel vastupidav kandesang M\u00f5\u00f5dud: ca 70 x 28 x 26cm Kaal: ca 2,5kg Seisukord: Uuev\u00e4\u00e4rne (minimaalsete kulumisj\u00e4lgedega, \u00f5larihmasid \u00fchendav rinnarihm puudu)\" \/>\n<meta property=\"og:url\" content=\"https:\/\/www.outdoors.ee\/et\/toode\/austria-armee-kaz-03-50l-seljakott\/\" \/>\n<meta property=\"og:site_name\" content=\"Outdoors\" \/>\n<meta property=\"article:modified_time\" content=\"2022-06-30T16:10:17+00:00\" \/>\n<meta property=\"og:image\" content=\"https:\/\/www.outdoors.ee\/wp-content\/uploads\/2021\/08\/0425-Austrian-Army-KAZ03-50L-Backpack-1.jpg\" \/>\n\t<meta property=\"og:image:width\" content=\"701\" \/>\n\t<meta property=\"og:image:height\" content=\"1200\" \/>\n\t<meta property=\"og:image:type\" content=\"image\/jpeg\" \/>\n<meta name=\"twitter:card\" content=\"summary_large_image\" \/>\n<meta name=\"twitter:title\" content=\"Austria Armee KAZ03 50L seljakott\" \/>\n<meta name=\"twitter:label1\" content=\"Est. reading time\" \/>\n\t<meta name=\"twitter:data1\" content=\"1 minut\" \/>\n<script type=\"application\/ld+json\" class=\"yoast-schema-graph\">{\"@context\":\"https:\/\/schema.org\",\"@graph\":[{\"@type\":\"WebPage\",\"@id\":\"https:\/\/www.outdoors.ee\/et\/toode\/austria-armee-kaz-03-50l-seljakott\/\",\"url\":\"https:\/\/www.outdoors.ee\/et\/toode\/austria-armee-kaz-03-50l-seljakott\/\",\"name\":\"Austria Armee KAZ03 50L seljakott - outdoors.ee\",\"isPartOf\":{\"@id\":\"https:\/\/www.outdoors.ee\/#website\"},\"primaryImageOfPage\":{\"@id\":\"https:\/\/www.outdoors.ee\/et\/toode\/austria-armee-kaz-03-50l-seljakott\/#primaryimage\"},\"image\":{\"@id\":\"https:\/\/www.outdoors.ee\/et\/toode\/austria-armee-kaz-03-50l-seljakott\/#primaryimage\"},\"thumbnailUrl\":\"https:\/\/www.outdoors.ee\/wp-content\/uploads\/2021\/08\/0425-Austrian-Army-KAZ03-50L-Backpack-1.jpg\",\"datePublished\":\"2021-12-09T00:00:00+00:00\",\"dateModified\":\"2022-06-30T16:10:17+00:00\",\"description\":\"Omadused: Austria s\u00f5jav\u00e4e originaal seljakott vastupidavast nailonmaterjalist reguleeritava k\u00f5rgusega pehmendatud \u00f5larihmad pingutusn\u00f6\u00f6riga peasahtli laiendus t\u00f5mblukuga ligip\u00e4\u00e4s peasahtlisse seljakoti alumises osas takjapaela abil suletav tasku esipaneelil eemaldatav peasahtli kaas kahe taskuga ALICE s\u00fcsteemi kinnituskohad kompressioonrihmad p\u00f5hjas, peal ning k\u00fclgedel vastupidav kandesang M\u00f5\u00f5dud: ca 70 x 28 x 26cm Kaal: ca 2,5kg Seisukord: Uuev\u00e4\u00e4rne (minimaalsete kulumisj\u00e4lgedega, \u00f5larihmasid \u00fchendav rinnarihm puudu)\",\"breadcrumb\":{\"@id\":\"https:\/\/www.outdoors.ee\/et\/toode\/austria-armee-kaz-03-50l-seljakott\/#breadcrumb\"},\"inLanguage\":\"et\",\"potentialAction\":[{\"@type\":\"ReadAction\",\"target\":[\"https:\/\/www.outdoors.ee\/et\/toode\/austria-armee-kaz-03-50l-seljakott\/\"]}]},{\"@type\":\"ImageObject\",\"inLanguage\":\"et\",\"@id\":\"https:\/\/www.outdoors.ee\/et\/toode\/austria-armee-kaz-03-50l-seljakott\/#primaryimage\",\"url\":\"https:\/\/www.outdoors.ee\/wp-content\/uploads\/2021\/08\/0425-Austrian-Army-KAZ03-50L-Backpack-1.jpg\",\"contentUrl\":\"https:\/\/www.outdoors.ee\/wp-content\/uploads\/2021\/08\/0425-Austrian-Army-KAZ03-50L-Backpack-1.jpg\",\"width\":701,\"height\":1200},{\"@type\":\"BreadcrumbList\",\"@id\":\"https:\/\/www.outdoors.ee\/et\/toode\/austria-armee-kaz-03-50l-seljakott\/#breadcrumb\",\"itemListElement\":[{\"@type\":\"ListItem\",\"position\":1,\"name\":\"Home\",\"item\":\"https:\/\/www.outdoors.ee\/et\/\"},{\"@type\":\"ListItem\",\"position\":2,\"name\":\"Tooted\",\"item\":\"https:\/\/www.outdoors.ee\/products\/\"},{\"@type\":\"ListItem\",\"position\":3,\"name\":\"Austria Armee KAZ-03 50L seljakott\"}]},{\"@type\":\"WebSite\",\"@id\":\"https:\/\/www.outdoors.ee\/#website\",\"url\":\"https:\/\/www.outdoors.ee\/\",\"name\":\"Outdoors\",\"description\":\"Genuine military surplus and not only!\",\"potentialAction\":[{\"@type\":\"SearchAction\",\"target\":{\"@type\":\"EntryPoint\",\"urlTemplate\":\"https:\/\/www.outdoors.ee\/?s={search_term_string}\"},\"query-input\":{\"@type\":\"PropertyValueSpecification\",\"valueRequired\":true,\"valueName\":\"search_term_string\"}}],\"inLanguage\":\"et\"}]}<\/script>\n<!-- \/ Yoast SEO plugin. -->","yoast_head_json":{"title":"Austria Armee KAZ03 50L seljakott - outdoors.ee","description":"Omadused: Austria s\u00f5jav\u00e4e originaal seljakott vastupidavast nailonmaterjalist reguleeritava k\u00f5rgusega pehmendatud \u00f5larihmad pingutusn\u00f6\u00f6riga peasahtli laiendus t\u00f5mblukuga ligip\u00e4\u00e4s peasahtlisse seljakoti alumises osas takjapaela abil suletav tasku esipaneelil eemaldatav peasahtli kaas kahe taskuga ALICE s\u00fcsteemi kinnituskohad kompressioonrihmad p\u00f5hjas, peal ning k\u00fclgedel vastupidav kandesang M\u00f5\u00f5dud: ca 70 x 28 x 26cm Kaal: ca 2,5kg Seisukord: Uuev\u00e4\u00e4rne (minimaalsete kulumisj\u00e4lgedega, \u00f5larihmasid \u00fchendav rinnarihm puudu)","robots":{"index":"index","follow":"follow","max-snippet":"max-snippet:-1","max-image-preview":"max-image-preview:large","max-video-preview":"max-video-preview:-1"},"canonical":"https:\/\/www.outdoors.ee\/et\/toode\/austria-armee-kaz-03-50l-seljakott\/","og_locale":"et_EE","og_type":"article","og_title":"Austria Armee KAZ03 50L seljakott","og_description":"Omadused: Austria s\u00f5jav\u00e4e originaal seljakott vastupidavast nailonmaterjalist reguleeritava k\u00f5rgusega pehmendatud \u00f5larihmad pingutusn\u00f6\u00f6riga peasahtli laiendus t\u00f5mblukuga ligip\u00e4\u00e4s peasahtlisse seljakoti alumises osas takjapaela abil suletav tasku esipaneelil eemaldatav peasahtli kaas kahe taskuga ALICE s\u00fcsteemi kinnituskohad kompressioonrihmad p\u00f5hjas, peal ning k\u00fclgedel vastupidav kandesang M\u00f5\u00f5dud: ca 70 x 28 x 26cm Kaal: ca 2,5kg Seisukord: Uuev\u00e4\u00e4rne (minimaalsete kulumisj\u00e4lgedega, \u00f5larihmasid \u00fchendav rinnarihm puudu)","og_url":"https:\/\/www.outdoors.ee\/et\/toode\/austria-armee-kaz-03-50l-seljakott\/","og_site_name":"Outdoors","article_modified_time":"2022-06-30T16:10:17+00:00","og_image":[{"width":701,"height":1200,"url":"https:\/\/www.outdoors.ee\/wp-content\/uploads\/2021\/08\/0425-Austrian-Army-KAZ03-50L-Backpack-1.jpg","type":"image\/jpeg"}],"twitter_card":"summary_large_image","twitter_title":"Austria Armee KAZ03 50L seljakott","twitter_misc":{"Est. reading time":"1 minut"},"schema":{"@context":"https:\/\/schema.org","@graph":[{"@type":"WebPage","@id":"https:\/\/www.outdoors.ee\/et\/toode\/austria-armee-kaz-03-50l-seljakott\/","url":"https:\/\/www.outdoors.ee\/et\/toode\/austria-armee-kaz-03-50l-seljakott\/","name":"Austria Armee KAZ03 50L seljakott - outdoors.ee","isPartOf":{"@id":"https:\/\/www.outdoors.ee\/#website"},"primaryImageOfPage":{"@id":"https:\/\/www.outdoors.ee\/et\/toode\/austria-armee-kaz-03-50l-seljakott\/#primaryimage"},"image":{"@id":"https:\/\/www.outdoors.ee\/et\/toode\/austria-armee-kaz-03-50l-seljakott\/#primaryimage"},"thumbnailUrl":"https:\/\/www.outdoors.ee\/wp-content\/uploads\/2021\/08\/0425-Austrian-Army-KAZ03-50L-Backpack-1.jpg","datePublished":"2021-12-09T00:00:00+00:00","dateModified":"2022-06-30T16:10:17+00:00","description":"Omadused: Austria s\u00f5jav\u00e4e originaal seljakott vastupidavast nailonmaterjalist reguleeritava k\u00f5rgusega pehmendatud \u00f5larihmad pingutusn\u00f6\u00f6riga peasahtli laiendus t\u00f5mblukuga ligip\u00e4\u00e4s peasahtlisse seljakoti alumises osas takjapaela abil suletav tasku esipaneelil eemaldatav peasahtli kaas kahe taskuga ALICE s\u00fcsteemi kinnituskohad kompressioonrihmad p\u00f5hjas, peal ning k\u00fclgedel vastupidav kandesang M\u00f5\u00f5dud: ca 70 x 28 x 26cm Kaal: ca 2,5kg Seisukord: Uuev\u00e4\u00e4rne (minimaalsete kulumisj\u00e4lgedega, \u00f5larihmasid \u00fchendav rinnarihm puudu)","breadcrumb":{"@id":"https:\/\/www.outdoors.ee\/et\/toode\/austria-armee-kaz-03-50l-seljakott\/#breadcrumb"},"inLanguage":"et","potentialAction":[{"@type":"ReadAction","target":["https:\/\/www.outdoors.ee\/et\/toode\/austria-armee-kaz-03-50l-seljakott\/"]}]},{"@type":"ImageObject","inLanguage":"et","@id":"https:\/\/www.outdoors.ee\/et\/toode\/austria-armee-kaz-03-50l-seljakott\/#primaryimage","url":"https:\/\/www.outdoors.ee\/wp-content\/uploads\/2021\/08\/0425-Austrian-Army-KAZ03-50L-Backpack-1.jpg","contentUrl":"https:\/\/www.outdoors.ee\/wp-content\/uploads\/2021\/08\/0425-Austrian-Army-KAZ03-50L-Backpack-1.jpg","width":701,"height":1200},{"@type":"BreadcrumbList","@id":"https:\/\/www.outdoors.ee\/et\/toode\/austria-armee-kaz-03-50l-seljakott\/#breadcrumb","itemListElement":[{"@type":"ListItem","position":1,"name":"Home","item":"https:\/\/www.outdoors.ee\/et\/"},{"@type":"ListItem","position":2,"name":"Tooted","item":"https:\/\/www.outdoors.ee\/products\/"},{"@type":"ListItem","position":3,"name":"Austria Armee KAZ-03 50L seljakott"}]},{"@type":"WebSite","@id":"https:\/\/www.outdoors.ee\/#website","url":"https:\/\/www.outdoors.ee\/","name":"Outdoors","description":"Genuine military surplus and not only!","potentialAction":[{"@type":"SearchAction","target":{"@type":"EntryPoint","urlTemplate":"https:\/\/www.outdoors.ee\/?s={search_term_string}"},"query-input":{"@type":"PropertyValueSpecification","valueRequired":true,"valueName":"search_term_string"}}],"inLanguage":"et"}]}},"_links":{"self":[{"href":"https:\/\/www.outdoors.ee\/et\/wp-json\/wp\/v2\/product\/61064","targetHints":{"allow":["GET"]}}],"collection":[{"href":"https:\/\/www.outdoors.ee\/et\/wp-json\/wp\/v2\/product"}],"about":[{"href":"https:\/\/www.outdoors.ee\/et\/wp-json\/wp\/v2\/types\/product"}],"wp:featuredmedia":[{"embeddable":true,"href":"https:\/\/www.outdoors.ee\/et\/wp-json\/wp\/v2\/media\/8194"}],"wp:attachment":[{"href":"https:\/\/www.outdoors.ee\/et\/wp-json\/wp\/v2\/media?parent=61064"}],"wp:term":[{"taxonomy":"product_brand","embeddable":true,"href":"https:\/\/www.outdoors.ee\/et\/wp-json\/wp\/v2\/product_brand?post=61064"},{"taxonomy":"product_cat","embeddable":true,"href":"https:\/\/www.outdoors.ee\/et\/wp-json\/wp\/v2\/product_cat?post=61064"},{"taxonomy":"product_tag","embeddable":true,"href":"https:\/\/www.outdoors.ee\/et\/wp-json\/wp\/v2\/product_tag?post=61064"}],"curies":[{"name":"wp","href":"https:\/\/api.w.org\/{rel}","templated":true}]}}