{"id":61049,"date":"2021-12-09T00:00:00","date_gmt":"2021-12-09T00:00:00","guid":{"rendered":"https:\/\/www.outdoors.ee\/product\/briti-armee-varustuse-kott-80l\/"},"modified":"2024-10-30T14:34:03","modified_gmt":"2024-10-30T12:34:03","slug":"briti-armee-varustuse-kott-80l-black","status":"publish","type":"product","link":"https:\/\/www.outdoors.ee\/et\/toode\/briti-armee-varustuse-kott-80l-black\/","title":{"rendered":"Briti Armee varustuse kott 80L Black"},"content":{"rendered":"<p style=\"text-align: justify;\">Briti s\u00f5jav\u00e4e originaal, suure mahutavusega musta v\u00e4rvi kott, mis on m\u00f5eldud vajaliku varustuse transportimiseks j\u00e4rgnevasse teenistuskohta. Suur mahutavus, v\u00f5imalus kasutada nii seljakotina kui kandekotina ja vastupidavus tulevad kasuks ka tsiviilkasutuses.<\/p>\n<p style=\"text-align: justify;\"><strong>M\u00f5\u00f5dud<\/strong>: ca 75 x 40 x 30cm<\/p>\n<p style=\"text-align: justify;\"><strong>Maht<\/strong>: ca 80L<\/p>\n<p style=\"text-align: justify;\"><strong>Seisukord<\/strong>:<\/p>\n<ul>\n<li style=\"text-align: justify;\">uus (ilma j\u00e4em\u00fc\u00fcgipakendita, v\u00f5ib sisaldada hulgiladustamise j\u00e4lgi)<\/li>\n<li>uuev\u00e4\u00e4rne (sisaldab kergeid kulumisj\u00e4lgi)<\/li>\n<li>kasutatud, Grade 1 (sisaldab m\u00f5\u00f5dukaid kulumisj\u00e4lgi, v\u00f5ib sisaldada v\u00e4iksemaid vigastusi ning olla kergelt m\u00e4\u00e4rdunud)<\/li>\n<\/ul>\n","protected":false},"excerpt":{"rendered":"<p>Briti s\u00f5jav\u00e4e originaal, suure mahutavusega musta v\u00e4rvi kott, mis on m\u00f5eldud vajaliku varustuse transportimiseks j\u00e4rgnevasse teenistuskohta. Suur mahutavus, v\u00f5imalus kasutada<\/p>\n","protected":false},"featured_media":71712,"template":"","meta":[],"product_brand":[],"product_cat":[3541],"product_tag":[],"class_list":{"0":"post-61049","1":"product","2":"type-product","3":"status-publish","4":"has-post-thumbnail","6":"product_cat-kotid-taskud","7":"pa_brand-british-military-surplus","8":"pa_condition-kasutatud-grade-1","9":"pa_condition-uuevaarne","10":"pa_condition-uus","12":"first","13":"outofstock","14":"taxable","15":"shipping-taxable","16":"product-type-variable"},"yoast_head":"<!-- This site is optimized with the Yoast SEO plugin v27.2 - https:\/\/yoast.com\/product\/yoast-seo-wordpress\/ -->\n<title>Briti Armee varustuse kott 80L - outdoors.ee<\/title>\n<meta name=\"description\" content=\"Briti eliit\u00fcksuste varustuse kott on suure mahutavusega musta v\u00e4rvi kott, mis on m\u00f5eldud vajaliku varustuse transportimiseks j\u00e4rgnevasse teenistuskohta. Suur mahutavus, v\u00f5imalus kasutada nii seljakotina kui kandekotina ja vastupidavus tulevad kasuks ka tsiviilkasutuses. M\u00f5\u00f5dud: ca 85 x 30 x 30cm Maht: ca 80L Seisukord: uus (v\u00f5ib sisaldada hulgiladustamise j\u00e4lgi, olla veidi tolmune)\" \/>\n<meta name=\"robots\" content=\"index, follow, max-snippet:-1, max-image-preview:large, max-video-preview:-1\" \/>\n<link rel=\"canonical\" href=\"https:\/\/www.outdoors.ee\/et\/toode\/briti-armee-varustuse-kott-80l-black\/\" \/>\n<meta property=\"og:locale\" content=\"et_EE\" \/>\n<meta property=\"og:type\" content=\"article\" \/>\n<meta property=\"og:title\" content=\"Briti Armee varustuse kott 80L\" \/>\n<meta property=\"og:description\" content=\"Briti eliit\u00fcksuste varustuse kott on suure mahutavusega musta v\u00e4rvi kott, mis on m\u00f5eldud vajaliku varustuse transportimiseks j\u00e4rgnevasse teenistuskohta. Suur mahutavus, v\u00f5imalus kasutada nii seljakotina kui kandekotina ja vastupidavus tulevad kasuks ka tsiviilkasutuses. M\u00f5\u00f5dud: ca 85 x 30 x 30cm Maht: ca 80L Seisukord: uus (v\u00f5ib sisaldada hulgiladustamise j\u00e4lgi, olla veidi tolmune)\" \/>\n<meta property=\"og:url\" content=\"https:\/\/www.outdoors.ee\/et\/toode\/briti-armee-varustuse-kott-80l-black\/\" \/>\n<meta property=\"og:site_name\" content=\"Outdoors\" \/>\n<meta property=\"article:modified_time\" content=\"2024-10-30T12:34:03+00:00\" \/>\n<meta property=\"og:image\" content=\"https:\/\/www.outdoors.ee\/wp-content\/uploads\/2021\/12\/0256-British-Army-Operational-Travel-Bag-80L-Black-1.jpg\" \/>\n\t<meta property=\"og:image:width\" content=\"1200\" \/>\n\t<meta property=\"og:image:height\" content=\"1200\" \/>\n\t<meta property=\"og:image:type\" content=\"image\/jpeg\" \/>\n<meta name=\"twitter:card\" content=\"summary_large_image\" \/>\n<meta name=\"twitter:title\" content=\"Briti Armee varustuse kott 80L\" \/>\n<meta name=\"twitter:label1\" content=\"Est. reading time\" \/>\n\t<meta name=\"twitter:data1\" content=\"1 minut\" \/>\n<script type=\"application\/ld+json\" class=\"yoast-schema-graph\">{\"@context\":\"https:\/\/schema.org\",\"@graph\":[{\"@type\":\"WebPage\",\"@id\":\"https:\/\/www.outdoors.ee\/et\/toode\/briti-armee-varustuse-kott-80l-black\/\",\"url\":\"https:\/\/www.outdoors.ee\/et\/toode\/briti-armee-varustuse-kott-80l-black\/\",\"name\":\"Briti Armee varustuse kott 80L - outdoors.ee\",\"isPartOf\":{\"@id\":\"https:\/\/www.outdoors.ee\/#website\"},\"primaryImageOfPage\":{\"@id\":\"https:\/\/www.outdoors.ee\/et\/toode\/briti-armee-varustuse-kott-80l-black\/#primaryimage\"},\"image\":{\"@id\":\"https:\/\/www.outdoors.ee\/et\/toode\/briti-armee-varustuse-kott-80l-black\/#primaryimage\"},\"thumbnailUrl\":\"https:\/\/www.outdoors.ee\/wp-content\/uploads\/2021\/12\/0256-British-Army-Operational-Travel-Bag-80L-Black-1.jpg\",\"datePublished\":\"2021-12-09T00:00:00+00:00\",\"dateModified\":\"2024-10-30T12:34:03+00:00\",\"description\":\"Briti eliit\u00fcksuste varustuse kott on suure mahutavusega musta v\u00e4rvi kott, mis on m\u00f5eldud vajaliku varustuse transportimiseks j\u00e4rgnevasse teenistuskohta. Suur mahutavus, v\u00f5imalus kasutada nii seljakotina kui kandekotina ja vastupidavus tulevad kasuks ka tsiviilkasutuses. M\u00f5\u00f5dud: ca 85 x 30 x 30cm Maht: ca 80L Seisukord: uus (v\u00f5ib sisaldada hulgiladustamise j\u00e4lgi, olla veidi tolmune)\",\"breadcrumb\":{\"@id\":\"https:\/\/www.outdoors.ee\/et\/toode\/briti-armee-varustuse-kott-80l-black\/#breadcrumb\"},\"inLanguage\":\"et\",\"potentialAction\":[{\"@type\":\"ReadAction\",\"target\":[\"https:\/\/www.outdoors.ee\/et\/toode\/briti-armee-varustuse-kott-80l-black\/\"]}]},{\"@type\":\"ImageObject\",\"inLanguage\":\"et\",\"@id\":\"https:\/\/www.outdoors.ee\/et\/toode\/briti-armee-varustuse-kott-80l-black\/#primaryimage\",\"url\":\"https:\/\/www.outdoors.ee\/wp-content\/uploads\/2021\/12\/0256-British-Army-Operational-Travel-Bag-80L-Black-1.jpg\",\"contentUrl\":\"https:\/\/www.outdoors.ee\/wp-content\/uploads\/2021\/12\/0256-British-Army-Operational-Travel-Bag-80L-Black-1.jpg\",\"width\":1200,\"height\":1200},{\"@type\":\"BreadcrumbList\",\"@id\":\"https:\/\/www.outdoors.ee\/et\/toode\/briti-armee-varustuse-kott-80l-black\/#breadcrumb\",\"itemListElement\":[{\"@type\":\"ListItem\",\"position\":1,\"name\":\"Home\",\"item\":\"https:\/\/www.outdoors.ee\/et\/\"},{\"@type\":\"ListItem\",\"position\":2,\"name\":\"Tooted\",\"item\":\"https:\/\/www.outdoors.ee\/products\/\"},{\"@type\":\"ListItem\",\"position\":3,\"name\":\"Briti Armee varustuse kott 80L Black\"}]},{\"@type\":\"WebSite\",\"@id\":\"https:\/\/www.outdoors.ee\/#website\",\"url\":\"https:\/\/www.outdoors.ee\/\",\"name\":\"Outdoors\",\"description\":\"Genuine military surplus and not only!\",\"potentialAction\":[{\"@type\":\"SearchAction\",\"target\":{\"@type\":\"EntryPoint\",\"urlTemplate\":\"https:\/\/www.outdoors.ee\/?s={search_term_string}\"},\"query-input\":{\"@type\":\"PropertyValueSpecification\",\"valueRequired\":true,\"valueName\":\"search_term_string\"}}],\"inLanguage\":\"et\"}]}<\/script>\n<!-- \/ Yoast SEO plugin. -->","yoast_head_json":{"title":"Briti Armee varustuse kott 80L - outdoors.ee","description":"Briti eliit\u00fcksuste varustuse kott on suure mahutavusega musta v\u00e4rvi kott, mis on m\u00f5eldud vajaliku varustuse transportimiseks j\u00e4rgnevasse teenistuskohta. Suur mahutavus, v\u00f5imalus kasutada nii seljakotina kui kandekotina ja vastupidavus tulevad kasuks ka tsiviilkasutuses. M\u00f5\u00f5dud: ca 85 x 30 x 30cm Maht: ca 80L Seisukord: uus (v\u00f5ib sisaldada hulgiladustamise j\u00e4lgi, olla veidi tolmune)","robots":{"index":"index","follow":"follow","max-snippet":"max-snippet:-1","max-image-preview":"max-image-preview:large","max-video-preview":"max-video-preview:-1"},"canonical":"https:\/\/www.outdoors.ee\/et\/toode\/briti-armee-varustuse-kott-80l-black\/","og_locale":"et_EE","og_type":"article","og_title":"Briti Armee varustuse kott 80L","og_description":"Briti eliit\u00fcksuste varustuse kott on suure mahutavusega musta v\u00e4rvi kott, mis on m\u00f5eldud vajaliku varustuse transportimiseks j\u00e4rgnevasse teenistuskohta. Suur mahutavus, v\u00f5imalus kasutada nii seljakotina kui kandekotina ja vastupidavus tulevad kasuks ka tsiviilkasutuses. M\u00f5\u00f5dud: ca 85 x 30 x 30cm Maht: ca 80L Seisukord: uus (v\u00f5ib sisaldada hulgiladustamise j\u00e4lgi, olla veidi tolmune)","og_url":"https:\/\/www.outdoors.ee\/et\/toode\/briti-armee-varustuse-kott-80l-black\/","og_site_name":"Outdoors","article_modified_time":"2024-10-30T12:34:03+00:00","og_image":[{"width":1200,"height":1200,"url":"https:\/\/www.outdoors.ee\/wp-content\/uploads\/2021\/12\/0256-British-Army-Operational-Travel-Bag-80L-Black-1.jpg","type":"image\/jpeg"}],"twitter_card":"summary_large_image","twitter_title":"Briti Armee varustuse kott 80L","twitter_misc":{"Est. reading time":"1 minut"},"schema":{"@context":"https:\/\/schema.org","@graph":[{"@type":"WebPage","@id":"https:\/\/www.outdoors.ee\/et\/toode\/briti-armee-varustuse-kott-80l-black\/","url":"https:\/\/www.outdoors.ee\/et\/toode\/briti-armee-varustuse-kott-80l-black\/","name":"Briti Armee varustuse kott 80L - outdoors.ee","isPartOf":{"@id":"https:\/\/www.outdoors.ee\/#website"},"primaryImageOfPage":{"@id":"https:\/\/www.outdoors.ee\/et\/toode\/briti-armee-varustuse-kott-80l-black\/#primaryimage"},"image":{"@id":"https:\/\/www.outdoors.ee\/et\/toode\/briti-armee-varustuse-kott-80l-black\/#primaryimage"},"thumbnailUrl":"https:\/\/www.outdoors.ee\/wp-content\/uploads\/2021\/12\/0256-British-Army-Operational-Travel-Bag-80L-Black-1.jpg","datePublished":"2021-12-09T00:00:00+00:00","dateModified":"2024-10-30T12:34:03+00:00","description":"Briti eliit\u00fcksuste varustuse kott on suure mahutavusega musta v\u00e4rvi kott, mis on m\u00f5eldud vajaliku varustuse transportimiseks j\u00e4rgnevasse teenistuskohta. Suur mahutavus, v\u00f5imalus kasutada nii seljakotina kui kandekotina ja vastupidavus tulevad kasuks ka tsiviilkasutuses. M\u00f5\u00f5dud: ca 85 x 30 x 30cm Maht: ca 80L Seisukord: uus (v\u00f5ib sisaldada hulgiladustamise j\u00e4lgi, olla veidi tolmune)","breadcrumb":{"@id":"https:\/\/www.outdoors.ee\/et\/toode\/briti-armee-varustuse-kott-80l-black\/#breadcrumb"},"inLanguage":"et","potentialAction":[{"@type":"ReadAction","target":["https:\/\/www.outdoors.ee\/et\/toode\/briti-armee-varustuse-kott-80l-black\/"]}]},{"@type":"ImageObject","inLanguage":"et","@id":"https:\/\/www.outdoors.ee\/et\/toode\/briti-armee-varustuse-kott-80l-black\/#primaryimage","url":"https:\/\/www.outdoors.ee\/wp-content\/uploads\/2021\/12\/0256-British-Army-Operational-Travel-Bag-80L-Black-1.jpg","contentUrl":"https:\/\/www.outdoors.ee\/wp-content\/uploads\/2021\/12\/0256-British-Army-Operational-Travel-Bag-80L-Black-1.jpg","width":1200,"height":1200},{"@type":"BreadcrumbList","@id":"https:\/\/www.outdoors.ee\/et\/toode\/briti-armee-varustuse-kott-80l-black\/#breadcrumb","itemListElement":[{"@type":"ListItem","position":1,"name":"Home","item":"https:\/\/www.outdoors.ee\/et\/"},{"@type":"ListItem","position":2,"name":"Tooted","item":"https:\/\/www.outdoors.ee\/products\/"},{"@type":"ListItem","position":3,"name":"Briti Armee varustuse kott 80L Black"}]},{"@type":"WebSite","@id":"https:\/\/www.outdoors.ee\/#website","url":"https:\/\/www.outdoors.ee\/","name":"Outdoors","description":"Genuine military surplus and not only!","potentialAction":[{"@type":"SearchAction","target":{"@type":"EntryPoint","urlTemplate":"https:\/\/www.outdoors.ee\/?s={search_term_string}"},"query-input":{"@type":"PropertyValueSpecification","valueRequired":true,"valueName":"search_term_string"}}],"inLanguage":"et"}]}},"_links":{"self":[{"href":"https:\/\/www.outdoors.ee\/et\/wp-json\/wp\/v2\/product\/61049","targetHints":{"allow":["GET"]}}],"collection":[{"href":"https:\/\/www.outdoors.ee\/et\/wp-json\/wp\/v2\/product"}],"about":[{"href":"https:\/\/www.outdoors.ee\/et\/wp-json\/wp\/v2\/types\/product"}],"wp:featuredmedia":[{"embeddable":true,"href":"https:\/\/www.outdoors.ee\/et\/wp-json\/wp\/v2\/media\/71712"}],"wp:attachment":[{"href":"https:\/\/www.outdoors.ee\/et\/wp-json\/wp\/v2\/media?parent=61049"}],"wp:term":[{"taxonomy":"product_brand","embeddable":true,"href":"https:\/\/www.outdoors.ee\/et\/wp-json\/wp\/v2\/product_brand?post=61049"},{"taxonomy":"product_cat","embeddable":true,"href":"https:\/\/www.outdoors.ee\/et\/wp-json\/wp\/v2\/product_cat?post=61049"},{"taxonomy":"product_tag","embeddable":true,"href":"https:\/\/www.outdoors.ee\/et\/wp-json\/wp\/v2\/product_tag?post=61049"}],"curies":[{"name":"wp","href":"https:\/\/api.w.org\/{rel}","templated":true}]}}