{"id":61037,"date":"2021-12-09T00:00:00","date_gmt":"2021-12-09T00:00:00","guid":{"rendered":"https:\/\/www.outdoors.ee\/product\/briti-armee-45l-dcc-seljakott-mtp\/"},"modified":"2023-05-17T13:14:45","modified_gmt":"2023-05-17T10:14:45","slug":"briti-armee-seljakott-45l-dcc-mtp","status":"publish","type":"product","link":"https:\/\/www.outdoors.ee\/et\/toode\/briti-armee-seljakott-45l-dcc-mtp\/","title":{"rendered":"Briti Armee seljakott 45L DCC MTP"},"content":{"rendered":"<p>Latest British Army issue genuine 45L DCC (Dismounted Close Combat) amazing construction quality daysack in MTP (Multi-Terrain Pattern) camouflage.<\/p>\n<p><strong>Omadused<\/strong>:<\/p>\n<ul>\n<li>2-way full lenght zip opening<\/li>\n<li>Radio section with adjustable harness inside main compartment<\/li>\n<li>Large top zip opening to access the radio controls<\/li>\n<li>Internal pockets on each side of main compartment<\/li>\n<li>Velcro covered slot at both sides for water bladder tube<\/li>\n<li>2 zipped nylon pockets inside main compartment<\/li>\n<li>Zippered bottom pocket<\/li>\n<li>2 zippered outer pockets<\/li>\n<li>Grab handle at the top<\/li>\n<li>Padded mesh back with frame<\/li>\n<li>Padded, lenght adjustable shoulder strap<\/li>\n<li>Molle attachment points at front and sides<\/li>\n<li>Side compression straps with buckles<\/li>\n<li>M\u00f5\u00f5dud ca 48 x 40 x 25cm<\/li>\n<li>Kaal ca 3kg<\/li>\n<\/ul>\n<p><b>Seisukord<\/b>:<\/p>\n<ul>\n<li>uus (v\u00f5ib sisaldada hulgiladustamise j\u00e4lgi)<\/li>\n<li>uuev\u00e4\u00e4rne (sisaldab minimaalseid kulumisj\u00e4lgi)<\/li>\n<li>kasutatud, Grade 1 (kergete v\u00f5i m\u00f5\u00f5dukate kulumisj\u00e4lgedega, ei sisalda m\u00e4rkimisv\u00e4\u00e4rseid vigastusi, v\u00f5ib olla kergelt m\u00e4\u00e4rdunud)<\/li>\n<\/ul>\n","protected":false},"excerpt":{"rendered":"<p>Briti Armee seljakott 45L DCC, MTP<\/p>\n","protected":false},"featured_media":64519,"template":"","meta":[],"product_brand":[],"product_cat":[3539],"product_tag":[],"class_list":{"0":"post-61037","1":"product","2":"type-product","3":"status-publish","4":"has-post-thumbnail","6":"product_cat-seljakotid","7":"pa_brand-british-military-surplus","8":"pa_condition-kasutatud-grade-1","9":"pa_condition-uuevaarne","10":"pa_condition-uus","12":"first","13":"outofstock","14":"taxable","15":"shipping-taxable","16":"product-type-variable"},"yoast_head":"<!-- This site is optimized with the Yoast SEO plugin v27.2 - https:\/\/yoast.com\/product\/yoast-seo-wordpress\/ -->\n<title>Briti Armee 45L DCC seljakott MTP - outdoors.ee<\/title>\n<meta name=\"description\" content=\"Latest British Army issue genuine 45L DCC (Dismounted Close Combat) amazing construction quality daysack in MTP (Multi-Terrain Pattern) camouflage. Omadused: 2-way full lenght zip opening Radio section with adjustable harness inside main compartment Large top zip opening to access the radio controls Internal pockets on each side of main compartment Velcro covered slot at both sides for water bladder tube 2 zipped nylon pockets inside main compartment Zippered bottom pocket 2 zippered outer pockets Grab handle at the top Padded mesh back with frame Padded, lenght adjustable shoulder strap Molle attachment points at front and sides Side compression straps with buckles M\u00f5\u00f5dud: appox 48 x 40 x 25cm Kaal: ca 3kg Seisukord: uus (v\u00f5ib sisaldada hulgiladustamise j\u00e4lgi)\" \/>\n<meta name=\"robots\" content=\"index, follow, max-snippet:-1, max-image-preview:large, max-video-preview:-1\" \/>\n<link rel=\"canonical\" href=\"https:\/\/www.outdoors.ee\/et\/toode\/briti-armee-seljakott-45l-dcc-mtp\/\" \/>\n<meta property=\"og:locale\" content=\"et_EE\" \/>\n<meta property=\"og:type\" content=\"article\" \/>\n<meta property=\"og:title\" content=\"Briti Armee 45L DCC seljakott MTP\" \/>\n<meta property=\"og:description\" content=\"Latest British Army issue genuine 45L DCC (Dismounted Close Combat) amazing construction quality daysack in MTP (Multi-Terrain Pattern) camouflage. Omadused: 2-way full lenght zip opening Radio section with adjustable harness inside main compartment Large top zip opening to access the radio controls Internal pockets on each side of main compartment Velcro covered slot at both sides for water bladder tube 2 zipped nylon pockets inside main compartment Zippered bottom pocket 2 zippered outer pockets Grab handle at the top Padded mesh back with frame Padded, lenght adjustable shoulder strap Molle attachment points at front and sides Side compression straps with buckles M\u00f5\u00f5dud: appox 48 x 40 x 25cm Kaal: ca 3kg Seisukord: uus (v\u00f5ib sisaldada hulgiladustamise j\u00e4lgi)\" \/>\n<meta property=\"og:url\" content=\"https:\/\/www.outdoors.ee\/et\/toode\/briti-armee-seljakott-45l-dcc-mtp\/\" \/>\n<meta property=\"og:site_name\" content=\"Outdoors\" \/>\n<meta property=\"article:modified_time\" content=\"2023-05-17T10:14:45+00:00\" \/>\n<meta property=\"og:image\" content=\"https:\/\/www.outdoors.ee\/wp-content\/uploads\/2021\/12\/0139-British-Army-DCC-Daysack-45L-MTP-1.png\" \/>\n\t<meta property=\"og:image:width\" content=\"474\" \/>\n\t<meta property=\"og:image:height\" content=\"535\" \/>\n\t<meta property=\"og:image:type\" content=\"image\/png\" \/>\n<meta name=\"twitter:card\" content=\"summary_large_image\" \/>\n<meta name=\"twitter:title\" content=\"Briti Armee 45L DCC seljakott MTP\" \/>\n<meta name=\"twitter:label1\" content=\"Est. reading time\" \/>\n\t<meta name=\"twitter:data1\" content=\"1 minut\" \/>\n<script type=\"application\/ld+json\" class=\"yoast-schema-graph\">{\"@context\":\"https:\/\/schema.org\",\"@graph\":[{\"@type\":\"WebPage\",\"@id\":\"https:\/\/www.outdoors.ee\/et\/toode\/briti-armee-seljakott-45l-dcc-mtp\/\",\"url\":\"https:\/\/www.outdoors.ee\/et\/toode\/briti-armee-seljakott-45l-dcc-mtp\/\",\"name\":\"Briti Armee 45L DCC seljakott MTP - outdoors.ee\",\"isPartOf\":{\"@id\":\"https:\/\/www.outdoors.ee\/#website\"},\"primaryImageOfPage\":{\"@id\":\"https:\/\/www.outdoors.ee\/et\/toode\/briti-armee-seljakott-45l-dcc-mtp\/#primaryimage\"},\"image\":{\"@id\":\"https:\/\/www.outdoors.ee\/et\/toode\/briti-armee-seljakott-45l-dcc-mtp\/#primaryimage\"},\"thumbnailUrl\":\"https:\/\/www.outdoors.ee\/wp-content\/uploads\/2021\/12\/0139-British-Army-DCC-Daysack-45L-MTP-1.png\",\"datePublished\":\"2021-12-09T00:00:00+00:00\",\"dateModified\":\"2023-05-17T10:14:45+00:00\",\"description\":\"Latest British Army issue genuine 45L DCC (Dismounted Close Combat) amazing construction quality daysack in MTP (Multi-Terrain Pattern) camouflage. Omadused: 2-way full lenght zip opening Radio section with adjustable harness inside main compartment Large top zip opening to access the radio controls Internal pockets on each side of main compartment Velcro covered slot at both sides for water bladder tube 2 zipped nylon pockets inside main compartment Zippered bottom pocket 2 zippered outer pockets Grab handle at the top Padded mesh back with frame Padded, lenght adjustable shoulder strap Molle attachment points at front and sides Side compression straps with buckles M\u00f5\u00f5dud: appox 48 x 40 x 25cm Kaal: ca 3kg Seisukord: uus (v\u00f5ib sisaldada hulgiladustamise j\u00e4lgi)\",\"breadcrumb\":{\"@id\":\"https:\/\/www.outdoors.ee\/et\/toode\/briti-armee-seljakott-45l-dcc-mtp\/#breadcrumb\"},\"inLanguage\":\"et\",\"potentialAction\":[{\"@type\":\"ReadAction\",\"target\":[\"https:\/\/www.outdoors.ee\/et\/toode\/briti-armee-seljakott-45l-dcc-mtp\/\"]}]},{\"@type\":\"ImageObject\",\"inLanguage\":\"et\",\"@id\":\"https:\/\/www.outdoors.ee\/et\/toode\/briti-armee-seljakott-45l-dcc-mtp\/#primaryimage\",\"url\":\"https:\/\/www.outdoors.ee\/wp-content\/uploads\/2021\/12\/0139-British-Army-DCC-Daysack-45L-MTP-1.png\",\"contentUrl\":\"https:\/\/www.outdoors.ee\/wp-content\/uploads\/2021\/12\/0139-British-Army-DCC-Daysack-45L-MTP-1.png\",\"width\":474,\"height\":535},{\"@type\":\"BreadcrumbList\",\"@id\":\"https:\/\/www.outdoors.ee\/et\/toode\/briti-armee-seljakott-45l-dcc-mtp\/#breadcrumb\",\"itemListElement\":[{\"@type\":\"ListItem\",\"position\":1,\"name\":\"Home\",\"item\":\"https:\/\/www.outdoors.ee\/et\/\"},{\"@type\":\"ListItem\",\"position\":2,\"name\":\"Tooted\",\"item\":\"https:\/\/www.outdoors.ee\/products\/\"},{\"@type\":\"ListItem\",\"position\":3,\"name\":\"Briti Armee seljakott 45L DCC MTP\"}]},{\"@type\":\"WebSite\",\"@id\":\"https:\/\/www.outdoors.ee\/#website\",\"url\":\"https:\/\/www.outdoors.ee\/\",\"name\":\"Outdoors\",\"description\":\"Genuine military surplus and not only!\",\"potentialAction\":[{\"@type\":\"SearchAction\",\"target\":{\"@type\":\"EntryPoint\",\"urlTemplate\":\"https:\/\/www.outdoors.ee\/?s={search_term_string}\"},\"query-input\":{\"@type\":\"PropertyValueSpecification\",\"valueRequired\":true,\"valueName\":\"search_term_string\"}}],\"inLanguage\":\"et\"}]}<\/script>\n<!-- \/ Yoast SEO plugin. -->","yoast_head_json":{"title":"Briti Armee 45L DCC seljakott MTP - outdoors.ee","description":"Latest British Army issue genuine 45L DCC (Dismounted Close Combat) amazing construction quality daysack in MTP (Multi-Terrain Pattern) camouflage. Omadused: 2-way full lenght zip opening Radio section with adjustable harness inside main compartment Large top zip opening to access the radio controls Internal pockets on each side of main compartment Velcro covered slot at both sides for water bladder tube 2 zipped nylon pockets inside main compartment Zippered bottom pocket 2 zippered outer pockets Grab handle at the top Padded mesh back with frame Padded, lenght adjustable shoulder strap Molle attachment points at front and sides Side compression straps with buckles M\u00f5\u00f5dud: appox 48 x 40 x 25cm Kaal: ca 3kg Seisukord: uus (v\u00f5ib sisaldada hulgiladustamise j\u00e4lgi)","robots":{"index":"index","follow":"follow","max-snippet":"max-snippet:-1","max-image-preview":"max-image-preview:large","max-video-preview":"max-video-preview:-1"},"canonical":"https:\/\/www.outdoors.ee\/et\/toode\/briti-armee-seljakott-45l-dcc-mtp\/","og_locale":"et_EE","og_type":"article","og_title":"Briti Armee 45L DCC seljakott MTP","og_description":"Latest British Army issue genuine 45L DCC (Dismounted Close Combat) amazing construction quality daysack in MTP (Multi-Terrain Pattern) camouflage. Omadused: 2-way full lenght zip opening Radio section with adjustable harness inside main compartment Large top zip opening to access the radio controls Internal pockets on each side of main compartment Velcro covered slot at both sides for water bladder tube 2 zipped nylon pockets inside main compartment Zippered bottom pocket 2 zippered outer pockets Grab handle at the top Padded mesh back with frame Padded, lenght adjustable shoulder strap Molle attachment points at front and sides Side compression straps with buckles M\u00f5\u00f5dud: appox 48 x 40 x 25cm Kaal: ca 3kg Seisukord: uus (v\u00f5ib sisaldada hulgiladustamise j\u00e4lgi)","og_url":"https:\/\/www.outdoors.ee\/et\/toode\/briti-armee-seljakott-45l-dcc-mtp\/","og_site_name":"Outdoors","article_modified_time":"2023-05-17T10:14:45+00:00","og_image":[{"width":474,"height":535,"url":"https:\/\/www.outdoors.ee\/wp-content\/uploads\/2021\/12\/0139-British-Army-DCC-Daysack-45L-MTP-1.png","type":"image\/png"}],"twitter_card":"summary_large_image","twitter_title":"Briti Armee 45L DCC seljakott MTP","twitter_misc":{"Est. reading time":"1 minut"},"schema":{"@context":"https:\/\/schema.org","@graph":[{"@type":"WebPage","@id":"https:\/\/www.outdoors.ee\/et\/toode\/briti-armee-seljakott-45l-dcc-mtp\/","url":"https:\/\/www.outdoors.ee\/et\/toode\/briti-armee-seljakott-45l-dcc-mtp\/","name":"Briti Armee 45L DCC seljakott MTP - outdoors.ee","isPartOf":{"@id":"https:\/\/www.outdoors.ee\/#website"},"primaryImageOfPage":{"@id":"https:\/\/www.outdoors.ee\/et\/toode\/briti-armee-seljakott-45l-dcc-mtp\/#primaryimage"},"image":{"@id":"https:\/\/www.outdoors.ee\/et\/toode\/briti-armee-seljakott-45l-dcc-mtp\/#primaryimage"},"thumbnailUrl":"https:\/\/www.outdoors.ee\/wp-content\/uploads\/2021\/12\/0139-British-Army-DCC-Daysack-45L-MTP-1.png","datePublished":"2021-12-09T00:00:00+00:00","dateModified":"2023-05-17T10:14:45+00:00","description":"Latest British Army issue genuine 45L DCC (Dismounted Close Combat) amazing construction quality daysack in MTP (Multi-Terrain Pattern) camouflage. Omadused: 2-way full lenght zip opening Radio section with adjustable harness inside main compartment Large top zip opening to access the radio controls Internal pockets on each side of main compartment Velcro covered slot at both sides for water bladder tube 2 zipped nylon pockets inside main compartment Zippered bottom pocket 2 zippered outer pockets Grab handle at the top Padded mesh back with frame Padded, lenght adjustable shoulder strap Molle attachment points at front and sides Side compression straps with buckles M\u00f5\u00f5dud: appox 48 x 40 x 25cm Kaal: ca 3kg Seisukord: uus (v\u00f5ib sisaldada hulgiladustamise j\u00e4lgi)","breadcrumb":{"@id":"https:\/\/www.outdoors.ee\/et\/toode\/briti-armee-seljakott-45l-dcc-mtp\/#breadcrumb"},"inLanguage":"et","potentialAction":[{"@type":"ReadAction","target":["https:\/\/www.outdoors.ee\/et\/toode\/briti-armee-seljakott-45l-dcc-mtp\/"]}]},{"@type":"ImageObject","inLanguage":"et","@id":"https:\/\/www.outdoors.ee\/et\/toode\/briti-armee-seljakott-45l-dcc-mtp\/#primaryimage","url":"https:\/\/www.outdoors.ee\/wp-content\/uploads\/2021\/12\/0139-British-Army-DCC-Daysack-45L-MTP-1.png","contentUrl":"https:\/\/www.outdoors.ee\/wp-content\/uploads\/2021\/12\/0139-British-Army-DCC-Daysack-45L-MTP-1.png","width":474,"height":535},{"@type":"BreadcrumbList","@id":"https:\/\/www.outdoors.ee\/et\/toode\/briti-armee-seljakott-45l-dcc-mtp\/#breadcrumb","itemListElement":[{"@type":"ListItem","position":1,"name":"Home","item":"https:\/\/www.outdoors.ee\/et\/"},{"@type":"ListItem","position":2,"name":"Tooted","item":"https:\/\/www.outdoors.ee\/products\/"},{"@type":"ListItem","position":3,"name":"Briti Armee seljakott 45L DCC MTP"}]},{"@type":"WebSite","@id":"https:\/\/www.outdoors.ee\/#website","url":"https:\/\/www.outdoors.ee\/","name":"Outdoors","description":"Genuine military surplus and not only!","potentialAction":[{"@type":"SearchAction","target":{"@type":"EntryPoint","urlTemplate":"https:\/\/www.outdoors.ee\/?s={search_term_string}"},"query-input":{"@type":"PropertyValueSpecification","valueRequired":true,"valueName":"search_term_string"}}],"inLanguage":"et"}]}},"_links":{"self":[{"href":"https:\/\/www.outdoors.ee\/et\/wp-json\/wp\/v2\/product\/61037","targetHints":{"allow":["GET"]}}],"collection":[{"href":"https:\/\/www.outdoors.ee\/et\/wp-json\/wp\/v2\/product"}],"about":[{"href":"https:\/\/www.outdoors.ee\/et\/wp-json\/wp\/v2\/types\/product"}],"wp:featuredmedia":[{"embeddable":true,"href":"https:\/\/www.outdoors.ee\/et\/wp-json\/wp\/v2\/media\/64519"}],"wp:attachment":[{"href":"https:\/\/www.outdoors.ee\/et\/wp-json\/wp\/v2\/media?parent=61037"}],"wp:term":[{"taxonomy":"product_brand","embeddable":true,"href":"https:\/\/www.outdoors.ee\/et\/wp-json\/wp\/v2\/product_brand?post=61037"},{"taxonomy":"product_cat","embeddable":true,"href":"https:\/\/www.outdoors.ee\/et\/wp-json\/wp\/v2\/product_cat?post=61037"},{"taxonomy":"product_tag","embeddable":true,"href":"https:\/\/www.outdoors.ee\/et\/wp-json\/wp\/v2\/product_tag?post=61037"}],"curies":[{"name":"wp","href":"https:\/\/api.w.org\/{rel}","templated":true}]}}