{"id":61008,"date":"2021-12-09T00:00:00","date_gmt":"2021-12-09T00:00:00","guid":{"rendered":"https:\/\/www.outdoors.ee\/product\/bata-industrials-thermo-ls-1-sokid\/"},"modified":"2022-08-08T11:54:50","modified_gmt":"2022-08-08T08:54:50","slug":"bata-industrials-thermo-ls-1-sokid","status":"publish","type":"product","link":"https:\/\/www.outdoors.ee\/et\/toode\/bata-industrials-thermo-ls-1-sokid\/","title":{"rendered":"Bata Industrials Thermo LS 1 sokid"},"content":{"rendered":"<p><strong>Omadused<\/strong>:<\/p>\n<ul>\n<li>Tugevdused kanna ja varba piirkondades<\/li>\n<li>Hea soojaisolatisoon ning kaitse jala higistamise, h\u00f5\u00f5rdumise ning villide vastu<\/li>\n<li>Hollandi s\u00f5jav\u00e4e laovarudest<\/li>\n<\/ul>\n<p><strong>Koostis<\/strong>:\u00a056% neitsivill, 43% pol\u00fcamiid, 1% Lycra\u00ae\/elastaan<\/p>\n<p><strong>Suurused:\u00a0<\/strong><strong>S<\/strong> (UK5-8\/EU39-42), <strong>M<\/strong> (UK9-11\/EU43-46)<\/p>\n<p><strong>Seisukord<\/strong>: uued<\/p>\n","protected":false},"excerpt":{"rendered":"<p>Bata Industrials Thermo LS 1 sokid, must<\/p>\n","protected":false},"featured_media":19072,"template":"","meta":[],"product_brand":[],"product_cat":[197],"product_tag":[],"class_list":{"0":"post-61008","1":"product","2":"type-product","3":"status-publish","4":"has-post-thumbnail","6":"product_cat-sokid-saarised","7":"pa_brand-dutch-military-surplus","8":"pa_size-m-2","9":"pa_size-s-2","11":"first","12":"outofstock","13":"taxable","14":"shipping-taxable","15":"product-type-variable"},"yoast_head":"<!-- This site is optimized with the Yoast SEO plugin v27.2 - https:\/\/yoast.com\/product\/yoast-seo-wordpress\/ -->\n<title>Bata Industrials Thermo LS 1 sokid - outdoors.ee<\/title>\n<meta name=\"description\" content=\"Omadused: Tugevdused kanna ja varba piirkondades Hea soojaisolatisoon ning kaitse jala higistamise, h\u00f5\u00f5rdumise ning villide vastu Hollandi s\u00f5jav\u00e4e laovarudest Materjal: 56% neitsivill, 43% pol\u00fcamiid, 1% Lycra\u00ae\/elastaan Suurused: S (UK5-8\/EU39-42), M (UK9-11\/EU43-46) Seisukord: uued\" \/>\n<meta name=\"robots\" content=\"index, follow, max-snippet:-1, max-image-preview:large, max-video-preview:-1\" \/>\n<link rel=\"canonical\" href=\"https:\/\/www.outdoors.ee\/et\/toode\/bata-industrials-thermo-ls-1-sokid\/\" \/>\n<meta property=\"og:locale\" content=\"et_EE\" \/>\n<meta property=\"og:type\" content=\"article\" \/>\n<meta property=\"og:title\" content=\"Bata Industrials Thermo LS 1 sokid\" \/>\n<meta property=\"og:description\" content=\"Omadused: Tugevdused kanna ja varba piirkondades Hea soojaisolatisoon ning kaitse jala higistamise, h\u00f5\u00f5rdumise ning villide vastu Hollandi s\u00f5jav\u00e4e laovarudest Materjal: 56% neitsivill, 43% pol\u00fcamiid, 1% Lycra\u00ae\/elastaan Suurused: S (UK5-8\/EU39-42), M (UK9-11\/EU43-46) Seisukord: uued\" \/>\n<meta property=\"og:url\" content=\"https:\/\/www.outdoors.ee\/et\/toode\/bata-industrials-thermo-ls-1-sokid\/\" \/>\n<meta property=\"og:site_name\" content=\"Outdoors\" \/>\n<meta property=\"article:modified_time\" content=\"2022-08-08T08:54:50+00:00\" \/>\n<meta property=\"og:image\" content=\"https:\/\/www.outdoors.ee\/wp-content\/uploads\/2021\/09\/1584-Bata-Industrials-Thermo-LS-1-Socks.png\" \/>\n\t<meta property=\"og:image:width\" content=\"497\" \/>\n\t<meta property=\"og:image:height\" content=\"594\" \/>\n\t<meta property=\"og:image:type\" content=\"image\/png\" \/>\n<meta name=\"twitter:card\" content=\"summary_large_image\" \/>\n<meta name=\"twitter:title\" content=\"Bata Industrials Thermo LS 1 sokid\" \/>\n<meta name=\"twitter:label1\" content=\"Est. reading time\" \/>\n\t<meta name=\"twitter:data1\" content=\"1 minut\" \/>\n<script type=\"application\/ld+json\" class=\"yoast-schema-graph\">{\"@context\":\"https:\/\/schema.org\",\"@graph\":[{\"@type\":\"WebPage\",\"@id\":\"https:\/\/www.outdoors.ee\/et\/toode\/bata-industrials-thermo-ls-1-sokid\/\",\"url\":\"https:\/\/www.outdoors.ee\/et\/toode\/bata-industrials-thermo-ls-1-sokid\/\",\"name\":\"Bata Industrials Thermo LS 1 sokid - outdoors.ee\",\"isPartOf\":{\"@id\":\"https:\/\/www.outdoors.ee\/#website\"},\"primaryImageOfPage\":{\"@id\":\"https:\/\/www.outdoors.ee\/et\/toode\/bata-industrials-thermo-ls-1-sokid\/#primaryimage\"},\"image\":{\"@id\":\"https:\/\/www.outdoors.ee\/et\/toode\/bata-industrials-thermo-ls-1-sokid\/#primaryimage\"},\"thumbnailUrl\":\"https:\/\/www.outdoors.ee\/wp-content\/uploads\/2021\/09\/1584-Bata-Industrials-Thermo-LS-1-Socks.png\",\"datePublished\":\"2021-12-09T00:00:00+00:00\",\"dateModified\":\"2022-08-08T08:54:50+00:00\",\"description\":\"Omadused: Tugevdused kanna ja varba piirkondades Hea soojaisolatisoon ning kaitse jala higistamise, h\u00f5\u00f5rdumise ning villide vastu Hollandi s\u00f5jav\u00e4e laovarudest Materjal: 56% neitsivill, 43% pol\u00fcamiid, 1% Lycra\u00ae\/elastaan Suurused: S (UK5-8\/EU39-42), M (UK9-11\/EU43-46) Seisukord: uued\",\"breadcrumb\":{\"@id\":\"https:\/\/www.outdoors.ee\/et\/toode\/bata-industrials-thermo-ls-1-sokid\/#breadcrumb\"},\"inLanguage\":\"et\",\"potentialAction\":[{\"@type\":\"ReadAction\",\"target\":[\"https:\/\/www.outdoors.ee\/et\/toode\/bata-industrials-thermo-ls-1-sokid\/\"]}]},{\"@type\":\"ImageObject\",\"inLanguage\":\"et\",\"@id\":\"https:\/\/www.outdoors.ee\/et\/toode\/bata-industrials-thermo-ls-1-sokid\/#primaryimage\",\"url\":\"https:\/\/www.outdoors.ee\/wp-content\/uploads\/2021\/09\/1584-Bata-Industrials-Thermo-LS-1-Socks.png\",\"contentUrl\":\"https:\/\/www.outdoors.ee\/wp-content\/uploads\/2021\/09\/1584-Bata-Industrials-Thermo-LS-1-Socks.png\",\"width\":497,\"height\":594},{\"@type\":\"BreadcrumbList\",\"@id\":\"https:\/\/www.outdoors.ee\/et\/toode\/bata-industrials-thermo-ls-1-sokid\/#breadcrumb\",\"itemListElement\":[{\"@type\":\"ListItem\",\"position\":1,\"name\":\"Home\",\"item\":\"https:\/\/www.outdoors.ee\/et\/\"},{\"@type\":\"ListItem\",\"position\":2,\"name\":\"Tooted\",\"item\":\"https:\/\/www.outdoors.ee\/products\/\"},{\"@type\":\"ListItem\",\"position\":3,\"name\":\"Bata Industrials Thermo LS 1 sokid\"}]},{\"@type\":\"WebSite\",\"@id\":\"https:\/\/www.outdoors.ee\/#website\",\"url\":\"https:\/\/www.outdoors.ee\/\",\"name\":\"Outdoors\",\"description\":\"Genuine military surplus and not only!\",\"potentialAction\":[{\"@type\":\"SearchAction\",\"target\":{\"@type\":\"EntryPoint\",\"urlTemplate\":\"https:\/\/www.outdoors.ee\/?s={search_term_string}\"},\"query-input\":{\"@type\":\"PropertyValueSpecification\",\"valueRequired\":true,\"valueName\":\"search_term_string\"}}],\"inLanguage\":\"et\"}]}<\/script>\n<!-- \/ Yoast SEO plugin. -->","yoast_head_json":{"title":"Bata Industrials Thermo LS 1 sokid - outdoors.ee","description":"Omadused: Tugevdused kanna ja varba piirkondades Hea soojaisolatisoon ning kaitse jala higistamise, h\u00f5\u00f5rdumise ning villide vastu Hollandi s\u00f5jav\u00e4e laovarudest Materjal: 56% neitsivill, 43% pol\u00fcamiid, 1% Lycra\u00ae\/elastaan Suurused: S (UK5-8\/EU39-42), M (UK9-11\/EU43-46) Seisukord: uued","robots":{"index":"index","follow":"follow","max-snippet":"max-snippet:-1","max-image-preview":"max-image-preview:large","max-video-preview":"max-video-preview:-1"},"canonical":"https:\/\/www.outdoors.ee\/et\/toode\/bata-industrials-thermo-ls-1-sokid\/","og_locale":"et_EE","og_type":"article","og_title":"Bata Industrials Thermo LS 1 sokid","og_description":"Omadused: Tugevdused kanna ja varba piirkondades Hea soojaisolatisoon ning kaitse jala higistamise, h\u00f5\u00f5rdumise ning villide vastu Hollandi s\u00f5jav\u00e4e laovarudest Materjal: 56% neitsivill, 43% pol\u00fcamiid, 1% Lycra\u00ae\/elastaan Suurused: S (UK5-8\/EU39-42), M (UK9-11\/EU43-46) Seisukord: uued","og_url":"https:\/\/www.outdoors.ee\/et\/toode\/bata-industrials-thermo-ls-1-sokid\/","og_site_name":"Outdoors","article_modified_time":"2022-08-08T08:54:50+00:00","og_image":[{"width":497,"height":594,"url":"https:\/\/www.outdoors.ee\/wp-content\/uploads\/2021\/09\/1584-Bata-Industrials-Thermo-LS-1-Socks.png","type":"image\/png"}],"twitter_card":"summary_large_image","twitter_title":"Bata Industrials Thermo LS 1 sokid","twitter_misc":{"Est. reading time":"1 minut"},"schema":{"@context":"https:\/\/schema.org","@graph":[{"@type":"WebPage","@id":"https:\/\/www.outdoors.ee\/et\/toode\/bata-industrials-thermo-ls-1-sokid\/","url":"https:\/\/www.outdoors.ee\/et\/toode\/bata-industrials-thermo-ls-1-sokid\/","name":"Bata Industrials Thermo LS 1 sokid - outdoors.ee","isPartOf":{"@id":"https:\/\/www.outdoors.ee\/#website"},"primaryImageOfPage":{"@id":"https:\/\/www.outdoors.ee\/et\/toode\/bata-industrials-thermo-ls-1-sokid\/#primaryimage"},"image":{"@id":"https:\/\/www.outdoors.ee\/et\/toode\/bata-industrials-thermo-ls-1-sokid\/#primaryimage"},"thumbnailUrl":"https:\/\/www.outdoors.ee\/wp-content\/uploads\/2021\/09\/1584-Bata-Industrials-Thermo-LS-1-Socks.png","datePublished":"2021-12-09T00:00:00+00:00","dateModified":"2022-08-08T08:54:50+00:00","description":"Omadused: Tugevdused kanna ja varba piirkondades Hea soojaisolatisoon ning kaitse jala higistamise, h\u00f5\u00f5rdumise ning villide vastu Hollandi s\u00f5jav\u00e4e laovarudest Materjal: 56% neitsivill, 43% pol\u00fcamiid, 1% Lycra\u00ae\/elastaan Suurused: S (UK5-8\/EU39-42), M (UK9-11\/EU43-46) Seisukord: uued","breadcrumb":{"@id":"https:\/\/www.outdoors.ee\/et\/toode\/bata-industrials-thermo-ls-1-sokid\/#breadcrumb"},"inLanguage":"et","potentialAction":[{"@type":"ReadAction","target":["https:\/\/www.outdoors.ee\/et\/toode\/bata-industrials-thermo-ls-1-sokid\/"]}]},{"@type":"ImageObject","inLanguage":"et","@id":"https:\/\/www.outdoors.ee\/et\/toode\/bata-industrials-thermo-ls-1-sokid\/#primaryimage","url":"https:\/\/www.outdoors.ee\/wp-content\/uploads\/2021\/09\/1584-Bata-Industrials-Thermo-LS-1-Socks.png","contentUrl":"https:\/\/www.outdoors.ee\/wp-content\/uploads\/2021\/09\/1584-Bata-Industrials-Thermo-LS-1-Socks.png","width":497,"height":594},{"@type":"BreadcrumbList","@id":"https:\/\/www.outdoors.ee\/et\/toode\/bata-industrials-thermo-ls-1-sokid\/#breadcrumb","itemListElement":[{"@type":"ListItem","position":1,"name":"Home","item":"https:\/\/www.outdoors.ee\/et\/"},{"@type":"ListItem","position":2,"name":"Tooted","item":"https:\/\/www.outdoors.ee\/products\/"},{"@type":"ListItem","position":3,"name":"Bata Industrials Thermo LS 1 sokid"}]},{"@type":"WebSite","@id":"https:\/\/www.outdoors.ee\/#website","url":"https:\/\/www.outdoors.ee\/","name":"Outdoors","description":"Genuine military surplus and not only!","potentialAction":[{"@type":"SearchAction","target":{"@type":"EntryPoint","urlTemplate":"https:\/\/www.outdoors.ee\/?s={search_term_string}"},"query-input":{"@type":"PropertyValueSpecification","valueRequired":true,"valueName":"search_term_string"}}],"inLanguage":"et"}]}},"_links":{"self":[{"href":"https:\/\/www.outdoors.ee\/et\/wp-json\/wp\/v2\/product\/61008","targetHints":{"allow":["GET"]}}],"collection":[{"href":"https:\/\/www.outdoors.ee\/et\/wp-json\/wp\/v2\/product"}],"about":[{"href":"https:\/\/www.outdoors.ee\/et\/wp-json\/wp\/v2\/types\/product"}],"wp:featuredmedia":[{"embeddable":true,"href":"https:\/\/www.outdoors.ee\/et\/wp-json\/wp\/v2\/media\/19072"}],"wp:attachment":[{"href":"https:\/\/www.outdoors.ee\/et\/wp-json\/wp\/v2\/media?parent=61008"}],"wp:term":[{"taxonomy":"product_brand","embeddable":true,"href":"https:\/\/www.outdoors.ee\/et\/wp-json\/wp\/v2\/product_brand?post=61008"},{"taxonomy":"product_cat","embeddable":true,"href":"https:\/\/www.outdoors.ee\/et\/wp-json\/wp\/v2\/product_cat?post=61008"},{"taxonomy":"product_tag","embeddable":true,"href":"https:\/\/www.outdoors.ee\/et\/wp-json\/wp\/v2\/product_tag?post=61008"}],"curies":[{"name":"wp","href":"https:\/\/api.w.org\/{rel}","templated":true}]}}