{"id":60999,"date":"2021-12-09T00:00:00","date_gmt":"2021-12-09T00:00:00","guid":{"rendered":"https:\/\/www.outdoors.ee\/product\/hollandi-armee-polvikud-black\/"},"modified":"2026-02-25T21:52:39","modified_gmt":"2026-02-25T19:52:39","slug":"hollandi-armee-polvikud-black","status":"publish","type":"product","link":"https:\/\/www.outdoors.ee\/et\/toode\/hollandi-armee-polvikud-black\/","title":{"rendered":"Hollandi Armee p\u00f5lvikud Black"},"content":{"rendered":"<p style=\"text-align: justify;\"><strong>Koostis<\/strong>: 33% neitsivill, 32% pol\u00fcamiid-nailon, 32% pol\u00fcprop\u00fcleen, 2% elastaan<\/p>\n<p style=\"text-align: justify;\"><strong>Seisukord:<\/strong> uus<\/p>\n","protected":false},"excerpt":{"rendered":"<p>Koostis: 33% neitsivill, 32% pol\u00fcamiid-nailon, 32% pol\u00fcprop\u00fcleen, 2% elastaan Seisukord: uus<\/p>\n","protected":false},"featured_media":21152,"template":"","meta":[],"product_brand":[],"product_cat":[197],"product_tag":[],"class_list":{"0":"post-60999","1":"product","2":"type-product","3":"status-publish","4":"has-post-thumbnail","6":"product_cat-sokid-saarised","7":"pa_brand-dutch-military-surplus","8":"pa_size-eu39-42-2","9":"pa_size-eu43-46-3","10":"pa_size-eu47-50-2","11":"pa_size-uk12-15-eu47-50-2","12":"pa_size-uk3-5-eu35-38-2","13":"pa_size-uk55-8-eu39-42-2","14":"pa_size-uk9-11-eu43-46-2","16":"first","17":"instock","18":"taxable","19":"shipping-taxable","20":"purchasable","21":"product-type-variable"},"yoast_head":"<!-- This site is optimized with the Yoast SEO plugin v27.2 - https:\/\/yoast.com\/product\/yoast-seo-wordpress\/ -->\n<title>Hollandi Armee p\u00f5lvikud Black - outdoors.ee<\/title>\n<meta name=\"description\" content=\"Koostis: 33% neitsivill, 32% pol\u00fcamiid-nailon, 32% pol\u00fcprop\u00fcleen, 2% elastaan Suurused: (UK3-5\/EU35-38); (UK6-8\/EU39-42); (UK9-11\/EU43-46); (UK12-14\/EU47-50) Seisukord: uued\" \/>\n<meta name=\"robots\" content=\"index, follow, max-snippet:-1, max-image-preview:large, max-video-preview:-1\" \/>\n<link rel=\"canonical\" href=\"https:\/\/www.outdoors.ee\/et\/toode\/hollandi-armee-polvikud-black\/\" \/>\n<meta property=\"og:locale\" content=\"et_EE\" \/>\n<meta property=\"og:type\" content=\"article\" \/>\n<meta property=\"og:title\" content=\"Hollandi Armee p\u00f5lvikud Black\" \/>\n<meta property=\"og:description\" content=\"Koostis: 33% neitsivill, 32% pol\u00fcamiid-nailon, 32% pol\u00fcprop\u00fcleen, 2% elastaan Suurused: (UK3-5\/EU35-38); (UK6-8\/EU39-42); (UK9-11\/EU43-46); (UK12-14\/EU47-50) Seisukord: uued\" \/>\n<meta property=\"og:url\" content=\"https:\/\/www.outdoors.ee\/et\/toode\/hollandi-armee-polvikud-black\/\" \/>\n<meta property=\"og:site_name\" content=\"Outdoors\" \/>\n<meta property=\"article:modified_time\" content=\"2026-02-25T19:52:39+00:00\" \/>\n<meta property=\"og:image\" content=\"https:\/\/www.outdoors.ee\/wp-content\/uploads\/2021\/09\/1582-Dutch-Army-Knee-Socks-Black-scaled.jpg\" \/>\n\t<meta property=\"og:image:width\" content=\"2560\" \/>\n\t<meta property=\"og:image:height\" content=\"2552\" \/>\n\t<meta property=\"og:image:type\" content=\"image\/jpeg\" \/>\n<meta name=\"twitter:card\" content=\"summary_large_image\" \/>\n<meta name=\"twitter:title\" content=\"Hollandi Armee p\u00f5lvikud Black\" \/>\n<script type=\"application\/ld+json\" class=\"yoast-schema-graph\">{\"@context\":\"https:\/\/schema.org\",\"@graph\":[{\"@type\":\"WebPage\",\"@id\":\"https:\/\/www.outdoors.ee\/et\/toode\/hollandi-armee-polvikud-black\/\",\"url\":\"https:\/\/www.outdoors.ee\/et\/toode\/hollandi-armee-polvikud-black\/\",\"name\":\"Hollandi Armee p\u00f5lvikud Black - outdoors.ee\",\"isPartOf\":{\"@id\":\"https:\/\/www.outdoors.ee\/#website\"},\"primaryImageOfPage\":{\"@id\":\"https:\/\/www.outdoors.ee\/et\/toode\/hollandi-armee-polvikud-black\/#primaryimage\"},\"image\":{\"@id\":\"https:\/\/www.outdoors.ee\/et\/toode\/hollandi-armee-polvikud-black\/#primaryimage\"},\"thumbnailUrl\":\"https:\/\/www.outdoors.ee\/wp-content\/uploads\/2021\/09\/1582-Dutch-Army-Knee-Socks-Black-scaled.jpg\",\"datePublished\":\"2021-12-09T00:00:00+00:00\",\"dateModified\":\"2026-02-25T19:52:39+00:00\",\"description\":\"Koostis: 33% neitsivill, 32% pol\u00fcamiid-nailon, 32% pol\u00fcprop\u00fcleen, 2% elastaan Suurused: (UK3-5\/EU35-38); (UK6-8\/EU39-42); (UK9-11\/EU43-46); (UK12-14\/EU47-50) Seisukord: uued\",\"breadcrumb\":{\"@id\":\"https:\/\/www.outdoors.ee\/et\/toode\/hollandi-armee-polvikud-black\/#breadcrumb\"},\"inLanguage\":\"et\",\"potentialAction\":[{\"@type\":\"ReadAction\",\"target\":[\"https:\/\/www.outdoors.ee\/et\/toode\/hollandi-armee-polvikud-black\/\"]}]},{\"@type\":\"ImageObject\",\"inLanguage\":\"et\",\"@id\":\"https:\/\/www.outdoors.ee\/et\/toode\/hollandi-armee-polvikud-black\/#primaryimage\",\"url\":\"https:\/\/www.outdoors.ee\/wp-content\/uploads\/2021\/09\/1582-Dutch-Army-Knee-Socks-Black-scaled.jpg\",\"contentUrl\":\"https:\/\/www.outdoors.ee\/wp-content\/uploads\/2021\/09\/1582-Dutch-Army-Knee-Socks-Black-scaled.jpg\",\"width\":2560,\"height\":2552},{\"@type\":\"BreadcrumbList\",\"@id\":\"https:\/\/www.outdoors.ee\/et\/toode\/hollandi-armee-polvikud-black\/#breadcrumb\",\"itemListElement\":[{\"@type\":\"ListItem\",\"position\":1,\"name\":\"Home\",\"item\":\"https:\/\/www.outdoors.ee\/et\/\"},{\"@type\":\"ListItem\",\"position\":2,\"name\":\"Tooted\",\"item\":\"https:\/\/www.outdoors.ee\/products\/\"},{\"@type\":\"ListItem\",\"position\":3,\"name\":\"Hollandi Armee p\u00f5lvikud Black\"}]},{\"@type\":\"WebSite\",\"@id\":\"https:\/\/www.outdoors.ee\/#website\",\"url\":\"https:\/\/www.outdoors.ee\/\",\"name\":\"Outdoors\",\"description\":\"Genuine military surplus and not only!\",\"potentialAction\":[{\"@type\":\"SearchAction\",\"target\":{\"@type\":\"EntryPoint\",\"urlTemplate\":\"https:\/\/www.outdoors.ee\/?s={search_term_string}\"},\"query-input\":{\"@type\":\"PropertyValueSpecification\",\"valueRequired\":true,\"valueName\":\"search_term_string\"}}],\"inLanguage\":\"et\"}]}<\/script>\n<!-- \/ Yoast SEO plugin. -->","yoast_head_json":{"title":"Hollandi Armee p\u00f5lvikud Black - outdoors.ee","description":"Koostis: 33% neitsivill, 32% pol\u00fcamiid-nailon, 32% pol\u00fcprop\u00fcleen, 2% elastaan Suurused: (UK3-5\/EU35-38); (UK6-8\/EU39-42); (UK9-11\/EU43-46); (UK12-14\/EU47-50) Seisukord: uued","robots":{"index":"index","follow":"follow","max-snippet":"max-snippet:-1","max-image-preview":"max-image-preview:large","max-video-preview":"max-video-preview:-1"},"canonical":"https:\/\/www.outdoors.ee\/et\/toode\/hollandi-armee-polvikud-black\/","og_locale":"et_EE","og_type":"article","og_title":"Hollandi Armee p\u00f5lvikud Black","og_description":"Koostis: 33% neitsivill, 32% pol\u00fcamiid-nailon, 32% pol\u00fcprop\u00fcleen, 2% elastaan Suurused: (UK3-5\/EU35-38); (UK6-8\/EU39-42); (UK9-11\/EU43-46); (UK12-14\/EU47-50) Seisukord: uued","og_url":"https:\/\/www.outdoors.ee\/et\/toode\/hollandi-armee-polvikud-black\/","og_site_name":"Outdoors","article_modified_time":"2026-02-25T19:52:39+00:00","og_image":[{"width":2560,"height":2552,"url":"https:\/\/www.outdoors.ee\/wp-content\/uploads\/2021\/09\/1582-Dutch-Army-Knee-Socks-Black-scaled.jpg","type":"image\/jpeg"}],"twitter_card":"summary_large_image","twitter_title":"Hollandi Armee p\u00f5lvikud Black","schema":{"@context":"https:\/\/schema.org","@graph":[{"@type":"WebPage","@id":"https:\/\/www.outdoors.ee\/et\/toode\/hollandi-armee-polvikud-black\/","url":"https:\/\/www.outdoors.ee\/et\/toode\/hollandi-armee-polvikud-black\/","name":"Hollandi Armee p\u00f5lvikud Black - outdoors.ee","isPartOf":{"@id":"https:\/\/www.outdoors.ee\/#website"},"primaryImageOfPage":{"@id":"https:\/\/www.outdoors.ee\/et\/toode\/hollandi-armee-polvikud-black\/#primaryimage"},"image":{"@id":"https:\/\/www.outdoors.ee\/et\/toode\/hollandi-armee-polvikud-black\/#primaryimage"},"thumbnailUrl":"https:\/\/www.outdoors.ee\/wp-content\/uploads\/2021\/09\/1582-Dutch-Army-Knee-Socks-Black-scaled.jpg","datePublished":"2021-12-09T00:00:00+00:00","dateModified":"2026-02-25T19:52:39+00:00","description":"Koostis: 33% neitsivill, 32% pol\u00fcamiid-nailon, 32% pol\u00fcprop\u00fcleen, 2% elastaan Suurused: (UK3-5\/EU35-38); (UK6-8\/EU39-42); (UK9-11\/EU43-46); (UK12-14\/EU47-50) Seisukord: uued","breadcrumb":{"@id":"https:\/\/www.outdoors.ee\/et\/toode\/hollandi-armee-polvikud-black\/#breadcrumb"},"inLanguage":"et","potentialAction":[{"@type":"ReadAction","target":["https:\/\/www.outdoors.ee\/et\/toode\/hollandi-armee-polvikud-black\/"]}]},{"@type":"ImageObject","inLanguage":"et","@id":"https:\/\/www.outdoors.ee\/et\/toode\/hollandi-armee-polvikud-black\/#primaryimage","url":"https:\/\/www.outdoors.ee\/wp-content\/uploads\/2021\/09\/1582-Dutch-Army-Knee-Socks-Black-scaled.jpg","contentUrl":"https:\/\/www.outdoors.ee\/wp-content\/uploads\/2021\/09\/1582-Dutch-Army-Knee-Socks-Black-scaled.jpg","width":2560,"height":2552},{"@type":"BreadcrumbList","@id":"https:\/\/www.outdoors.ee\/et\/toode\/hollandi-armee-polvikud-black\/#breadcrumb","itemListElement":[{"@type":"ListItem","position":1,"name":"Home","item":"https:\/\/www.outdoors.ee\/et\/"},{"@type":"ListItem","position":2,"name":"Tooted","item":"https:\/\/www.outdoors.ee\/products\/"},{"@type":"ListItem","position":3,"name":"Hollandi Armee p\u00f5lvikud Black"}]},{"@type":"WebSite","@id":"https:\/\/www.outdoors.ee\/#website","url":"https:\/\/www.outdoors.ee\/","name":"Outdoors","description":"Genuine military surplus and not only!","potentialAction":[{"@type":"SearchAction","target":{"@type":"EntryPoint","urlTemplate":"https:\/\/www.outdoors.ee\/?s={search_term_string}"},"query-input":{"@type":"PropertyValueSpecification","valueRequired":true,"valueName":"search_term_string"}}],"inLanguage":"et"}]}},"_links":{"self":[{"href":"https:\/\/www.outdoors.ee\/et\/wp-json\/wp\/v2\/product\/60999","targetHints":{"allow":["GET"]}}],"collection":[{"href":"https:\/\/www.outdoors.ee\/et\/wp-json\/wp\/v2\/product"}],"about":[{"href":"https:\/\/www.outdoors.ee\/et\/wp-json\/wp\/v2\/types\/product"}],"wp:featuredmedia":[{"embeddable":true,"href":"https:\/\/www.outdoors.ee\/et\/wp-json\/wp\/v2\/media\/21152"}],"wp:attachment":[{"href":"https:\/\/www.outdoors.ee\/et\/wp-json\/wp\/v2\/media?parent=60999"}],"wp:term":[{"taxonomy":"product_brand","embeddable":true,"href":"https:\/\/www.outdoors.ee\/et\/wp-json\/wp\/v2\/product_brand?post=60999"},{"taxonomy":"product_cat","embeddable":true,"href":"https:\/\/www.outdoors.ee\/et\/wp-json\/wp\/v2\/product_cat?post=60999"},{"taxonomy":"product_tag","embeddable":true,"href":"https:\/\/www.outdoors.ee\/et\/wp-json\/wp\/v2\/product_tag?post=60999"}],"curies":[{"name":"wp","href":"https:\/\/api.w.org\/{rel}","templated":true}]}}