{"id":60936,"date":"2021-12-09T00:00:00","date_gmt":"2021-12-08T22:00:00","guid":{"rendered":"https:\/\/www.outdoors.ee\/product\/saksa-armee-nahast-spordijalatsid\/"},"modified":"2026-03-07T20:22:28","modified_gmt":"2026-03-07T18:22:28","slug":"saksa-armee-nahast-spordijalatsid-white","status":"publish","type":"product","link":"https:\/\/www.outdoors.ee\/et\/toode\/saksa-armee-nahast-spordijalatsid-white\/","title":{"rendered":"Saksa Armee nahast spordijalatsid White"},"content":{"rendered":"<p>Aastatega ikooniliseks kujunenud spordijalatsi disain.<\/p>\n<p><strong>Omadused<\/strong>:<\/p>\n<ul>\n<li>Bundeswehr\u00b4i originaal, GAT (German Army Trainers)<\/li>\n<li>nahast\/seemisnahast pealne<\/li>\n<li>mitte-m\u00e4\u00e4riv, libisemisvastane tald<\/li>\n<li>pestav, eemaldatav sisetald<\/li>\n<li>k\u00f5rgem, pehmendatud kannaosa<\/li>\n<\/ul>\n<p>NB. Naha ning v\u00e4listalla v\u00e4rvitoon v\u00f5ib veidi varjeeruda, olla heledam v\u00f5i tumedam.<\/p>\n<p><strong>Seisukord<\/strong>:<\/p>\n<ul>\n<li>uus (ilma originaalkarbita, v\u00f5ivad sisaldada hulgiladustamise j\u00e4lgi)<\/li>\n<li>uuev\u00e4\u00e4rne (sisaldavad kergeid kulumisj\u00e4lgi)<\/li>\n<li>kasutatud, Grade 1 (sisaldavad m\u00f5\u00f5dukaid v\u00f5i s\u00fcgavamaid kulumisj\u00e4lgi, v\u00f5ivad sisaldada v\u00e4iksemaid vigastusi ning olla veidi m\u00e4\u00e4rdunud, sisetallad v\u00f5ivad puududa)<\/li>\n<\/ul>\n","protected":false},"excerpt":{"rendered":"<p>Bundeswehr\u00b4i nahast spordijalatsid (GATs), valge<\/p>\n","protected":false},"featured_media":90835,"template":"","meta":[],"product_brand":[],"product_cat":[70],"product_tag":[],"class_list":{"0":"post-60936","1":"product","2":"type-product","3":"status-publish","4":"has-post-thumbnail","6":"product_cat-jalanoud","7":"pa_brand-german-military-surplus","8":"pa_condition-kasutatud-grade-1","9":"pa_condition-uuevaarne","10":"pa_condition-uus","11":"pa_size-uk105-us115-eu45-bw290-2","12":"pa_size-uk115-us125-eu465-bw300-2","13":"pa_size-uk11-us12-eu46-bw295-2-2","14":"pa_size-uk12-us13-eu47-bw305-2","15":"pa_size-uk135-us145-eu49-bw315","16":"pa_size-uk13-us14-eu485-bw310","17":"pa_size-uk14-us15-eu495-bw320","18":"pa_size-uk35-us45-eu36-bw230-2","19":"pa_size-uk45-us55-eu375-bw240-2","20":"pa_size-uk4-us5-eu37-bw235-2","21":"pa_size-uk55-us65-eu39-bw250-2","22":"pa_size-uk5-us6-eu38-bw245-2","23":"pa_size-uk6-us7-eu40-bw255-2","24":"pa_size-uk75-us85-eu415-bw265","25":"pa_size-uk7-us8-eu41-bw260","26":"pa_size-uk85-us95-eu425-bw275","27":"pa_size-uk8-us9-eu42-bw270-3","28":"pa_size-uk95-us105-eu44-bw285-3","29":"pa_size-uk9-us10-eu43-bw280","31":"first","32":"instock","33":"taxable","34":"shipping-taxable","35":"purchasable","36":"product-type-variable"},"yoast_head":"<!-- This site is optimized with the Yoast SEO plugin v27.2 - https:\/\/yoast.com\/product\/yoast-seo-wordpress\/ -->\n<title>Saksa Armee nahast spordijalatsid - outdoors.ee<\/title>\n<meta name=\"description\" content=\"Aastatega Ikooniliseks kujunenud spordijalatsi disain. Omadused: Bundeswehr\u00b4i originaal nahast\/seemisnahast pealne mitte-m\u00e4\u00e4riv, libisemisvastane tald pestav, eemaldatav sisetald k\u00f5rgem, pehmendatud kannaosa Seisukord: uus (v\u00f5ivad sisaldada hulgiladustamise j\u00e4lgi) uuev\u00e4\u00e4rne (sisaldavad minimaalseid kulumisj\u00e4lgi)\" \/>\n<meta name=\"robots\" content=\"index, follow, max-snippet:-1, max-image-preview:large, max-video-preview:-1\" \/>\n<link rel=\"canonical\" href=\"https:\/\/www.outdoors.ee\/et\/toode\/saksa-armee-nahast-spordijalatsid-white\/\" \/>\n<meta property=\"og:locale\" content=\"et_EE\" \/>\n<meta property=\"og:type\" content=\"article\" \/>\n<meta property=\"og:title\" content=\"Saksa Armee nahast spordijalatsid\" \/>\n<meta property=\"og:description\" content=\"Aastatega Ikooniliseks kujunenud spordijalatsi disain. Omadused: Bundeswehr\u00b4i originaal nahast\/seemisnahast pealne mitte-m\u00e4\u00e4riv, libisemisvastane tald pestav, eemaldatav sisetald k\u00f5rgem, pehmendatud kannaosa Seisukord: uus (v\u00f5ivad sisaldada hulgiladustamise j\u00e4lgi) uuev\u00e4\u00e4rne (sisaldavad minimaalseid kulumisj\u00e4lgi)\" \/>\n<meta property=\"og:url\" content=\"https:\/\/www.outdoors.ee\/et\/toode\/saksa-armee-nahast-spordijalatsid-white\/\" \/>\n<meta property=\"og:site_name\" content=\"Outdoors\" \/>\n<meta property=\"article:modified_time\" content=\"2026-03-07T18:22:28+00:00\" \/>\n<meta property=\"og:image\" content=\"https:\/\/www.outdoors.ee\/wp-content\/uploads\/2021\/12\/0977-GAT-German-Army-Trainers-White-5.png\" \/>\n\t<meta property=\"og:image:width\" content=\"960\" \/>\n\t<meta property=\"og:image:height\" content=\"1280\" \/>\n\t<meta property=\"og:image:type\" content=\"image\/png\" \/>\n<meta name=\"twitter:card\" content=\"summary_large_image\" \/>\n<meta name=\"twitter:title\" content=\"Saksa Armee nahast spordijalatsid\" \/>\n<meta name=\"twitter:label1\" content=\"Est. reading time\" \/>\n\t<meta name=\"twitter:data1\" content=\"1 minut\" \/>\n<script type=\"application\/ld+json\" class=\"yoast-schema-graph\">{\"@context\":\"https:\/\/schema.org\",\"@graph\":[{\"@type\":\"WebPage\",\"@id\":\"https:\/\/www.outdoors.ee\/et\/toode\/saksa-armee-nahast-spordijalatsid-white\/\",\"url\":\"https:\/\/www.outdoors.ee\/et\/toode\/saksa-armee-nahast-spordijalatsid-white\/\",\"name\":\"Saksa Armee nahast spordijalatsid - outdoors.ee\",\"isPartOf\":{\"@id\":\"https:\/\/www.outdoors.ee\/#website\"},\"primaryImageOfPage\":{\"@id\":\"https:\/\/www.outdoors.ee\/et\/toode\/saksa-armee-nahast-spordijalatsid-white\/#primaryimage\"},\"image\":{\"@id\":\"https:\/\/www.outdoors.ee\/et\/toode\/saksa-armee-nahast-spordijalatsid-white\/#primaryimage\"},\"thumbnailUrl\":\"https:\/\/www.outdoors.ee\/wp-content\/uploads\/2021\/12\/0977-GAT-German-Army-Trainers-White-5.png\",\"datePublished\":\"2021-12-08T22:00:00+00:00\",\"dateModified\":\"2026-03-07T18:22:28+00:00\",\"description\":\"Aastatega Ikooniliseks kujunenud spordijalatsi disain. Omadused: Bundeswehr\u00b4i originaal nahast\/seemisnahast pealne mitte-m\u00e4\u00e4riv, libisemisvastane tald pestav, eemaldatav sisetald k\u00f5rgem, pehmendatud kannaosa Seisukord: uus (v\u00f5ivad sisaldada hulgiladustamise j\u00e4lgi) uuev\u00e4\u00e4rne (sisaldavad minimaalseid kulumisj\u00e4lgi)\",\"breadcrumb\":{\"@id\":\"https:\/\/www.outdoors.ee\/et\/toode\/saksa-armee-nahast-spordijalatsid-white\/#breadcrumb\"},\"inLanguage\":\"et\",\"potentialAction\":[{\"@type\":\"ReadAction\",\"target\":[\"https:\/\/www.outdoors.ee\/et\/toode\/saksa-armee-nahast-spordijalatsid-white\/\"]}]},{\"@type\":\"ImageObject\",\"inLanguage\":\"et\",\"@id\":\"https:\/\/www.outdoors.ee\/et\/toode\/saksa-armee-nahast-spordijalatsid-white\/#primaryimage\",\"url\":\"https:\/\/www.outdoors.ee\/wp-content\/uploads\/2021\/12\/0977-GAT-German-Army-Trainers-White-5.png\",\"contentUrl\":\"https:\/\/www.outdoors.ee\/wp-content\/uploads\/2021\/12\/0977-GAT-German-Army-Trainers-White-5.png\",\"width\":960,\"height\":1280},{\"@type\":\"BreadcrumbList\",\"@id\":\"https:\/\/www.outdoors.ee\/et\/toode\/saksa-armee-nahast-spordijalatsid-white\/#breadcrumb\",\"itemListElement\":[{\"@type\":\"ListItem\",\"position\":1,\"name\":\"Home\",\"item\":\"https:\/\/www.outdoors.ee\/et\/\"},{\"@type\":\"ListItem\",\"position\":2,\"name\":\"Tooted\",\"item\":\"https:\/\/www.outdoors.ee\/products\/\"},{\"@type\":\"ListItem\",\"position\":3,\"name\":\"Saksa Armee nahast spordijalatsid White\"}]},{\"@type\":\"WebSite\",\"@id\":\"https:\/\/www.outdoors.ee\/#website\",\"url\":\"https:\/\/www.outdoors.ee\/\",\"name\":\"Outdoors\",\"description\":\"Genuine military surplus and not only!\",\"potentialAction\":[{\"@type\":\"SearchAction\",\"target\":{\"@type\":\"EntryPoint\",\"urlTemplate\":\"https:\/\/www.outdoors.ee\/?s={search_term_string}\"},\"query-input\":{\"@type\":\"PropertyValueSpecification\",\"valueRequired\":true,\"valueName\":\"search_term_string\"}}],\"inLanguage\":\"et\"}]}<\/script>\n<!-- \/ Yoast SEO plugin. -->","yoast_head_json":{"title":"Saksa Armee nahast spordijalatsid - outdoors.ee","description":"Aastatega Ikooniliseks kujunenud spordijalatsi disain. Omadused: Bundeswehr\u00b4i originaal nahast\/seemisnahast pealne mitte-m\u00e4\u00e4riv, libisemisvastane tald pestav, eemaldatav sisetald k\u00f5rgem, pehmendatud kannaosa Seisukord: uus (v\u00f5ivad sisaldada hulgiladustamise j\u00e4lgi) uuev\u00e4\u00e4rne (sisaldavad minimaalseid kulumisj\u00e4lgi)","robots":{"index":"index","follow":"follow","max-snippet":"max-snippet:-1","max-image-preview":"max-image-preview:large","max-video-preview":"max-video-preview:-1"},"canonical":"https:\/\/www.outdoors.ee\/et\/toode\/saksa-armee-nahast-spordijalatsid-white\/","og_locale":"et_EE","og_type":"article","og_title":"Saksa Armee nahast spordijalatsid","og_description":"Aastatega Ikooniliseks kujunenud spordijalatsi disain. Omadused: Bundeswehr\u00b4i originaal nahast\/seemisnahast pealne mitte-m\u00e4\u00e4riv, libisemisvastane tald pestav, eemaldatav sisetald k\u00f5rgem, pehmendatud kannaosa Seisukord: uus (v\u00f5ivad sisaldada hulgiladustamise j\u00e4lgi) uuev\u00e4\u00e4rne (sisaldavad minimaalseid kulumisj\u00e4lgi)","og_url":"https:\/\/www.outdoors.ee\/et\/toode\/saksa-armee-nahast-spordijalatsid-white\/","og_site_name":"Outdoors","article_modified_time":"2026-03-07T18:22:28+00:00","og_image":[{"width":960,"height":1280,"url":"https:\/\/www.outdoors.ee\/wp-content\/uploads\/2021\/12\/0977-GAT-German-Army-Trainers-White-5.png","type":"image\/png"}],"twitter_card":"summary_large_image","twitter_title":"Saksa Armee nahast spordijalatsid","twitter_misc":{"Est. reading time":"1 minut"},"schema":{"@context":"https:\/\/schema.org","@graph":[{"@type":"WebPage","@id":"https:\/\/www.outdoors.ee\/et\/toode\/saksa-armee-nahast-spordijalatsid-white\/","url":"https:\/\/www.outdoors.ee\/et\/toode\/saksa-armee-nahast-spordijalatsid-white\/","name":"Saksa Armee nahast spordijalatsid - outdoors.ee","isPartOf":{"@id":"https:\/\/www.outdoors.ee\/#website"},"primaryImageOfPage":{"@id":"https:\/\/www.outdoors.ee\/et\/toode\/saksa-armee-nahast-spordijalatsid-white\/#primaryimage"},"image":{"@id":"https:\/\/www.outdoors.ee\/et\/toode\/saksa-armee-nahast-spordijalatsid-white\/#primaryimage"},"thumbnailUrl":"https:\/\/www.outdoors.ee\/wp-content\/uploads\/2021\/12\/0977-GAT-German-Army-Trainers-White-5.png","datePublished":"2021-12-08T22:00:00+00:00","dateModified":"2026-03-07T18:22:28+00:00","description":"Aastatega Ikooniliseks kujunenud spordijalatsi disain. Omadused: Bundeswehr\u00b4i originaal nahast\/seemisnahast pealne mitte-m\u00e4\u00e4riv, libisemisvastane tald pestav, eemaldatav sisetald k\u00f5rgem, pehmendatud kannaosa Seisukord: uus (v\u00f5ivad sisaldada hulgiladustamise j\u00e4lgi) uuev\u00e4\u00e4rne (sisaldavad minimaalseid kulumisj\u00e4lgi)","breadcrumb":{"@id":"https:\/\/www.outdoors.ee\/et\/toode\/saksa-armee-nahast-spordijalatsid-white\/#breadcrumb"},"inLanguage":"et","potentialAction":[{"@type":"ReadAction","target":["https:\/\/www.outdoors.ee\/et\/toode\/saksa-armee-nahast-spordijalatsid-white\/"]}]},{"@type":"ImageObject","inLanguage":"et","@id":"https:\/\/www.outdoors.ee\/et\/toode\/saksa-armee-nahast-spordijalatsid-white\/#primaryimage","url":"https:\/\/www.outdoors.ee\/wp-content\/uploads\/2021\/12\/0977-GAT-German-Army-Trainers-White-5.png","contentUrl":"https:\/\/www.outdoors.ee\/wp-content\/uploads\/2021\/12\/0977-GAT-German-Army-Trainers-White-5.png","width":960,"height":1280},{"@type":"BreadcrumbList","@id":"https:\/\/www.outdoors.ee\/et\/toode\/saksa-armee-nahast-spordijalatsid-white\/#breadcrumb","itemListElement":[{"@type":"ListItem","position":1,"name":"Home","item":"https:\/\/www.outdoors.ee\/et\/"},{"@type":"ListItem","position":2,"name":"Tooted","item":"https:\/\/www.outdoors.ee\/products\/"},{"@type":"ListItem","position":3,"name":"Saksa Armee nahast spordijalatsid White"}]},{"@type":"WebSite","@id":"https:\/\/www.outdoors.ee\/#website","url":"https:\/\/www.outdoors.ee\/","name":"Outdoors","description":"Genuine military surplus and not only!","potentialAction":[{"@type":"SearchAction","target":{"@type":"EntryPoint","urlTemplate":"https:\/\/www.outdoors.ee\/?s={search_term_string}"},"query-input":{"@type":"PropertyValueSpecification","valueRequired":true,"valueName":"search_term_string"}}],"inLanguage":"et"}]}},"_links":{"self":[{"href":"https:\/\/www.outdoors.ee\/et\/wp-json\/wp\/v2\/product\/60936","targetHints":{"allow":["GET"]}}],"collection":[{"href":"https:\/\/www.outdoors.ee\/et\/wp-json\/wp\/v2\/product"}],"about":[{"href":"https:\/\/www.outdoors.ee\/et\/wp-json\/wp\/v2\/types\/product"}],"wp:featuredmedia":[{"embeddable":true,"href":"https:\/\/www.outdoors.ee\/et\/wp-json\/wp\/v2\/media\/90835"}],"wp:attachment":[{"href":"https:\/\/www.outdoors.ee\/et\/wp-json\/wp\/v2\/media?parent=60936"}],"wp:term":[{"taxonomy":"product_brand","embeddable":true,"href":"https:\/\/www.outdoors.ee\/et\/wp-json\/wp\/v2\/product_brand?post=60936"},{"taxonomy":"product_cat","embeddable":true,"href":"https:\/\/www.outdoors.ee\/et\/wp-json\/wp\/v2\/product_cat?post=60936"},{"taxonomy":"product_tag","embeddable":true,"href":"https:\/\/www.outdoors.ee\/et\/wp-json\/wp\/v2\/product_tag?post=60936"}],"curies":[{"name":"wp","href":"https:\/\/api.w.org\/{rel}","templated":true}]}}