{"id":60919,"date":"2021-12-09T00:00:00","date_gmt":"2021-12-09T00:00:00","guid":{"rendered":"https:\/\/www.outdoors.ee\/product\/revision-military-locust-desert-kaitseprillid\/"},"modified":"2026-03-11T17:51:48","modified_gmt":"2026-03-11T15:51:48","slug":"revision-desert-locust-ballistilised-kaitseprillid","status":"publish","type":"product","link":"https:\/\/www.outdoors.ee\/et\/toode\/revision-desert-locust-ballistilised-kaitseprillid\/","title":{"rendered":"Revision\u00ae Desert Locust ballistilised kaitseprillid"},"content":{"rendered":"<p>Hollandi s\u00f5jav\u00e4e originaal.<\/p>\n<p><strong>Komplekt sisaldab<\/strong>:<\/p>\n<ul>\n<li>prilliraam peapaelaga<\/li>\n<li>3 klaasi: tume, l\u00e4bipaistev ning kollane<\/li>\n<li>peegeldusvastane varrukas prillidele<\/li>\n<li>vutlar\/kandekott takjak\u00e4epidemega<\/li>\n<\/ul>\n<p><strong>Seisukord<\/strong>:<\/p>\n<ul>\n<li>uued (v\u00f5ivad sisaldada hulgiladustamise j\u00e4lgi)<\/li>\n<li>uuev\u00e4\u00e4rsed (sisaldavad minimaalseid kulumisj\u00e4lgi)<\/li>\n<li>kasutatud, Grade 1 (sisaldavad m\u00f5\u00f5dukaid kulumisj\u00e4lgi, v\u00f5ivad sisaldada v\u00e4ikseid kriimustusi klaasidel, mis m\u00f5nev\u00f5rra piiravad vaatev\u00e4lja, kuid ei tee prille t\u00e4ielikult kasutusk\u00f5lbmatuks)<\/li>\n<li>kasutatud, Grade 2 (<span style=\"text-decoration: underline;\">ainult \u00fche (tumeda) klaasiga<\/span>. Sisaldavad m\u00f5\u00f5dukaid kulumisj\u00e4lgi, v\u00f5ivad sisaldada v\u00e4ikseid kriimustusi klaasidel, mis m\u00f5nev\u00f5rra piiravad vaatev\u00e4lja, kuid ei tee prille t\u00e4ielikult kasutusk\u00f5lbmatuks)<\/li>\n<\/ul>\n","protected":false},"excerpt":{"rendered":"<p>Revision Desert Locust ballistilised kaitseprillid (Deluxe Kit), roheline<\/p>\n","protected":false},"featured_media":68895,"template":"","meta":[],"product_brand":[],"product_cat":[149],"product_tag":[],"class_list":{"0":"post-60919","1":"product","2":"type-product","3":"status-publish","4":"has-post-thumbnail","6":"product_cat-taktikaline-varustus","7":"pa_brand-dutch-military-surplus","8":"pa_brand-revision-2","9":"pa_condition-kasutatud-grade-1","10":"pa_condition-kasutatud-grade-2","11":"pa_condition-uuevaarne","12":"pa_condition-uus","14":"first","15":"instock","16":"taxable","17":"shipping-taxable","18":"purchasable","19":"product-type-variable"},"yoast_head":"<!-- This site is optimized with the Yoast SEO plugin v27.2 - https:\/\/yoast.com\/product\/yoast-seo-wordpress\/ -->\n<title>Revision Military Locust Desert kaitseprillid - outdoors.ee<\/title>\n<meta name=\"description\" content=\"Originaalsed Hollandi s\u00f5jav\u00e4e varudest p\u00e4rinevad kaitseprillid. Komplekt sisaldab: prilliraam 3 klaasi: tume, l\u00e4bipaistev ning kollane peegeldusvastane varrukas prillidele vutlar\/kandekott takjak\u00e4epidemega \u00a0 Seisukord: kasutamata, laovarudest\" \/>\n<meta name=\"robots\" content=\"index, follow, max-snippet:-1, max-image-preview:large, max-video-preview:-1\" \/>\n<link rel=\"canonical\" href=\"https:\/\/www.outdoors.ee\/et\/toode\/revision-desert-locust-ballistilised-kaitseprillid\/\" \/>\n<meta property=\"og:locale\" content=\"et_EE\" \/>\n<meta property=\"og:type\" content=\"article\" \/>\n<meta property=\"og:title\" content=\"Revision Military Locust Desert kaitseprillid\" \/>\n<meta property=\"og:description\" content=\"Originaalsed Hollandi s\u00f5jav\u00e4e varudest p\u00e4rinevad kaitseprillid. Komplekt sisaldab: prilliraam 3 klaasi: tume, l\u00e4bipaistev ning kollane peegeldusvastane varrukas prillidele vutlar\/kandekott takjak\u00e4epidemega \u00a0 Seisukord: kasutamata, laovarudest\" \/>\n<meta property=\"og:url\" content=\"https:\/\/www.outdoors.ee\/et\/toode\/revision-desert-locust-ballistilised-kaitseprillid\/\" \/>\n<meta property=\"og:site_name\" content=\"Outdoors\" \/>\n<meta property=\"article:modified_time\" content=\"2026-03-11T15:51:48+00:00\" \/>\n<meta property=\"og:image\" content=\"https:\/\/www.outdoors.ee\/wp-content\/uploads\/2021\/12\/0960-Revision-Desert-Locust-Ballistic-Goggles-1.jpg\" \/>\n\t<meta property=\"og:image:width\" content=\"1057\" \/>\n\t<meta property=\"og:image:height\" content=\"865\" \/>\n\t<meta property=\"og:image:type\" content=\"image\/jpeg\" \/>\n<meta name=\"twitter:card\" content=\"summary_large_image\" \/>\n<meta name=\"twitter:title\" content=\"Revision Military Locust Desert kaitseprillid\" \/>\n<meta name=\"twitter:label1\" content=\"Est. reading time\" \/>\n\t<meta name=\"twitter:data1\" content=\"1 minut\" \/>\n<script type=\"application\/ld+json\" class=\"yoast-schema-graph\">{\"@context\":\"https:\/\/schema.org\",\"@graph\":[{\"@type\":\"WebPage\",\"@id\":\"https:\/\/www.outdoors.ee\/et\/toode\/revision-desert-locust-ballistilised-kaitseprillid\/\",\"url\":\"https:\/\/www.outdoors.ee\/et\/toode\/revision-desert-locust-ballistilised-kaitseprillid\/\",\"name\":\"Revision Military Locust Desert kaitseprillid - outdoors.ee\",\"isPartOf\":{\"@id\":\"https:\/\/www.outdoors.ee\/#website\"},\"primaryImageOfPage\":{\"@id\":\"https:\/\/www.outdoors.ee\/et\/toode\/revision-desert-locust-ballistilised-kaitseprillid\/#primaryimage\"},\"image\":{\"@id\":\"https:\/\/www.outdoors.ee\/et\/toode\/revision-desert-locust-ballistilised-kaitseprillid\/#primaryimage\"},\"thumbnailUrl\":\"https:\/\/www.outdoors.ee\/wp-content\/uploads\/2021\/12\/0960-Revision-Desert-Locust-Ballistic-Goggles-1.jpg\",\"datePublished\":\"2021-12-09T00:00:00+00:00\",\"dateModified\":\"2026-03-11T15:51:48+00:00\",\"description\":\"Originaalsed Hollandi s\u00f5jav\u00e4e varudest p\u00e4rinevad kaitseprillid. Komplekt sisaldab: prilliraam 3 klaasi: tume, l\u00e4bipaistev ning kollane peegeldusvastane varrukas prillidele vutlar\/kandekott takjak\u00e4epidemega \u00a0 Seisukord: kasutamata, laovarudest\",\"breadcrumb\":{\"@id\":\"https:\/\/www.outdoors.ee\/et\/toode\/revision-desert-locust-ballistilised-kaitseprillid\/#breadcrumb\"},\"inLanguage\":\"et\",\"potentialAction\":[{\"@type\":\"ReadAction\",\"target\":[\"https:\/\/www.outdoors.ee\/et\/toode\/revision-desert-locust-ballistilised-kaitseprillid\/\"]}]},{\"@type\":\"ImageObject\",\"inLanguage\":\"et\",\"@id\":\"https:\/\/www.outdoors.ee\/et\/toode\/revision-desert-locust-ballistilised-kaitseprillid\/#primaryimage\",\"url\":\"https:\/\/www.outdoors.ee\/wp-content\/uploads\/2021\/12\/0960-Revision-Desert-Locust-Ballistic-Goggles-1.jpg\",\"contentUrl\":\"https:\/\/www.outdoors.ee\/wp-content\/uploads\/2021\/12\/0960-Revision-Desert-Locust-Ballistic-Goggles-1.jpg\",\"width\":1057,\"height\":865},{\"@type\":\"BreadcrumbList\",\"@id\":\"https:\/\/www.outdoors.ee\/et\/toode\/revision-desert-locust-ballistilised-kaitseprillid\/#breadcrumb\",\"itemListElement\":[{\"@type\":\"ListItem\",\"position\":1,\"name\":\"Home\",\"item\":\"https:\/\/www.outdoors.ee\/et\/\"},{\"@type\":\"ListItem\",\"position\":2,\"name\":\"Tooted\",\"item\":\"https:\/\/www.outdoors.ee\/products\/\"},{\"@type\":\"ListItem\",\"position\":3,\"name\":\"Revision\u00ae Desert Locust ballistilised kaitseprillid\"}]},{\"@type\":\"WebSite\",\"@id\":\"https:\/\/www.outdoors.ee\/#website\",\"url\":\"https:\/\/www.outdoors.ee\/\",\"name\":\"Outdoors\",\"description\":\"Genuine military surplus and not only!\",\"potentialAction\":[{\"@type\":\"SearchAction\",\"target\":{\"@type\":\"EntryPoint\",\"urlTemplate\":\"https:\/\/www.outdoors.ee\/?s={search_term_string}\"},\"query-input\":{\"@type\":\"PropertyValueSpecification\",\"valueRequired\":true,\"valueName\":\"search_term_string\"}}],\"inLanguage\":\"et\"}]}<\/script>\n<!-- \/ Yoast SEO plugin. -->","yoast_head_json":{"title":"Revision Military Locust Desert kaitseprillid - outdoors.ee","description":"Originaalsed Hollandi s\u00f5jav\u00e4e varudest p\u00e4rinevad kaitseprillid. Komplekt sisaldab: prilliraam 3 klaasi: tume, l\u00e4bipaistev ning kollane peegeldusvastane varrukas prillidele vutlar\/kandekott takjak\u00e4epidemega \u00a0 Seisukord: kasutamata, laovarudest","robots":{"index":"index","follow":"follow","max-snippet":"max-snippet:-1","max-image-preview":"max-image-preview:large","max-video-preview":"max-video-preview:-1"},"canonical":"https:\/\/www.outdoors.ee\/et\/toode\/revision-desert-locust-ballistilised-kaitseprillid\/","og_locale":"et_EE","og_type":"article","og_title":"Revision Military Locust Desert kaitseprillid","og_description":"Originaalsed Hollandi s\u00f5jav\u00e4e varudest p\u00e4rinevad kaitseprillid. Komplekt sisaldab: prilliraam 3 klaasi: tume, l\u00e4bipaistev ning kollane peegeldusvastane varrukas prillidele vutlar\/kandekott takjak\u00e4epidemega \u00a0 Seisukord: kasutamata, laovarudest","og_url":"https:\/\/www.outdoors.ee\/et\/toode\/revision-desert-locust-ballistilised-kaitseprillid\/","og_site_name":"Outdoors","article_modified_time":"2026-03-11T15:51:48+00:00","og_image":[{"width":1057,"height":865,"url":"https:\/\/www.outdoors.ee\/wp-content\/uploads\/2021\/12\/0960-Revision-Desert-Locust-Ballistic-Goggles-1.jpg","type":"image\/jpeg"}],"twitter_card":"summary_large_image","twitter_title":"Revision Military Locust Desert kaitseprillid","twitter_misc":{"Est. reading time":"1 minut"},"schema":{"@context":"https:\/\/schema.org","@graph":[{"@type":"WebPage","@id":"https:\/\/www.outdoors.ee\/et\/toode\/revision-desert-locust-ballistilised-kaitseprillid\/","url":"https:\/\/www.outdoors.ee\/et\/toode\/revision-desert-locust-ballistilised-kaitseprillid\/","name":"Revision Military Locust Desert kaitseprillid - outdoors.ee","isPartOf":{"@id":"https:\/\/www.outdoors.ee\/#website"},"primaryImageOfPage":{"@id":"https:\/\/www.outdoors.ee\/et\/toode\/revision-desert-locust-ballistilised-kaitseprillid\/#primaryimage"},"image":{"@id":"https:\/\/www.outdoors.ee\/et\/toode\/revision-desert-locust-ballistilised-kaitseprillid\/#primaryimage"},"thumbnailUrl":"https:\/\/www.outdoors.ee\/wp-content\/uploads\/2021\/12\/0960-Revision-Desert-Locust-Ballistic-Goggles-1.jpg","datePublished":"2021-12-09T00:00:00+00:00","dateModified":"2026-03-11T15:51:48+00:00","description":"Originaalsed Hollandi s\u00f5jav\u00e4e varudest p\u00e4rinevad kaitseprillid. Komplekt sisaldab: prilliraam 3 klaasi: tume, l\u00e4bipaistev ning kollane peegeldusvastane varrukas prillidele vutlar\/kandekott takjak\u00e4epidemega \u00a0 Seisukord: kasutamata, laovarudest","breadcrumb":{"@id":"https:\/\/www.outdoors.ee\/et\/toode\/revision-desert-locust-ballistilised-kaitseprillid\/#breadcrumb"},"inLanguage":"et","potentialAction":[{"@type":"ReadAction","target":["https:\/\/www.outdoors.ee\/et\/toode\/revision-desert-locust-ballistilised-kaitseprillid\/"]}]},{"@type":"ImageObject","inLanguage":"et","@id":"https:\/\/www.outdoors.ee\/et\/toode\/revision-desert-locust-ballistilised-kaitseprillid\/#primaryimage","url":"https:\/\/www.outdoors.ee\/wp-content\/uploads\/2021\/12\/0960-Revision-Desert-Locust-Ballistic-Goggles-1.jpg","contentUrl":"https:\/\/www.outdoors.ee\/wp-content\/uploads\/2021\/12\/0960-Revision-Desert-Locust-Ballistic-Goggles-1.jpg","width":1057,"height":865},{"@type":"BreadcrumbList","@id":"https:\/\/www.outdoors.ee\/et\/toode\/revision-desert-locust-ballistilised-kaitseprillid\/#breadcrumb","itemListElement":[{"@type":"ListItem","position":1,"name":"Home","item":"https:\/\/www.outdoors.ee\/et\/"},{"@type":"ListItem","position":2,"name":"Tooted","item":"https:\/\/www.outdoors.ee\/products\/"},{"@type":"ListItem","position":3,"name":"Revision\u00ae Desert Locust ballistilised kaitseprillid"}]},{"@type":"WebSite","@id":"https:\/\/www.outdoors.ee\/#website","url":"https:\/\/www.outdoors.ee\/","name":"Outdoors","description":"Genuine military surplus and not only!","potentialAction":[{"@type":"SearchAction","target":{"@type":"EntryPoint","urlTemplate":"https:\/\/www.outdoors.ee\/?s={search_term_string}"},"query-input":{"@type":"PropertyValueSpecification","valueRequired":true,"valueName":"search_term_string"}}],"inLanguage":"et"}]}},"_links":{"self":[{"href":"https:\/\/www.outdoors.ee\/et\/wp-json\/wp\/v2\/product\/60919","targetHints":{"allow":["GET"]}}],"collection":[{"href":"https:\/\/www.outdoors.ee\/et\/wp-json\/wp\/v2\/product"}],"about":[{"href":"https:\/\/www.outdoors.ee\/et\/wp-json\/wp\/v2\/types\/product"}],"wp:featuredmedia":[{"embeddable":true,"href":"https:\/\/www.outdoors.ee\/et\/wp-json\/wp\/v2\/media\/68895"}],"wp:attachment":[{"href":"https:\/\/www.outdoors.ee\/et\/wp-json\/wp\/v2\/media?parent=60919"}],"wp:term":[{"taxonomy":"product_brand","embeddable":true,"href":"https:\/\/www.outdoors.ee\/et\/wp-json\/wp\/v2\/product_brand?post=60919"},{"taxonomy":"product_cat","embeddable":true,"href":"https:\/\/www.outdoors.ee\/et\/wp-json\/wp\/v2\/product_cat?post=60919"},{"taxonomy":"product_tag","embeddable":true,"href":"https:\/\/www.outdoors.ee\/et\/wp-json\/wp\/v2\/product_tag?post=60919"}],"curies":[{"name":"wp","href":"https:\/\/api.w.org\/{rel}","templated":true}]}}