{"id":60912,"date":"2021-12-09T00:00:00","date_gmt":"2021-12-09T00:00:00","guid":{"rendered":"https:\/\/www.outdoors.ee\/product\/saksa-armee-kummist-ulesaapad-black\/"},"modified":"2025-07-22T13:08:51","modified_gmt":"2025-07-22T10:08:51","slug":"saksa-armee-kummist-ulesaapad-black","status":"publish","type":"product","link":"https:\/\/www.outdoors.ee\/et\/toode\/saksa-armee-kummist-ulesaapad-black\/","title":{"rendered":"Saksa Armee kummist \u00fclesaapad Black"},"content":{"rendered":"<p style=\"text-align: justify;\"><strong>Omadused:<\/strong><\/p>\n<ul style=\"text-align: justify;\">\n<li>Saksa s\u00f5jav\u00e4e originaal<\/li>\n<li>toodetud Saksamaal<\/li>\n<li>kaitsevad muda, k\u00fclma ning niiskuse eest<\/li>\n<li>kantakse tavajalatsite peal<\/li>\n<\/ul>\n<p style=\"text-align: justify;\"><strong>Seisukord: <\/strong>uuev\u00e4\u00e4rne (sisaldavad minimaalseid kulumisj\u00e4lgi)<\/p>\n","protected":false},"excerpt":{"rendered":"<p>Saksa Armee kummist \u00fclesaapad, must<\/p>\n","protected":false},"featured_media":11174,"template":"","meta":[],"product_brand":[],"product_cat":[70],"product_tag":[],"class_list":{"0":"post-60912","1":"product","2":"type-product","3":"status-publish","4":"has-post-thumbnail","6":"product_cat-jalanoud","7":"pa_brand-german-military-surplus","8":"pa_size-255-265-uk6-75-eu39-41-3","9":"pa_size-270-280-uk8-95-eu42-435-2","10":"pa_size-285-295-uk10-11-eu44-46-2","11":"pa_size-300-310-uk115-13-eu465-48-2","13":"first","14":"outofstock","15":"taxable","16":"shipping-taxable","17":"purchasable","18":"product-type-variable"},"yoast_head":"<!-- This site is optimized with the Yoast SEO plugin v27.2 - https:\/\/yoast.com\/product\/yoast-seo-wordpress\/ -->\n<title>Saksa Armee kummist \u00fclesaapad Black - outdoors.ee<\/title>\n<meta name=\"description\" content=\"Omadused: Originaalsed Saksa s&otilde;jav&auml;e &uuml;lesaapad Toodetud Saksas Kaitsevad muda, k&uuml;lma ning niiskuse eest Kantakse tavajalatsite peal Seisukord: uuev&auml;&auml;rsed (sisaldavad minimaalseid kulumisj&auml;lgi)\" \/>\n<meta name=\"robots\" content=\"index, follow, max-snippet:-1, max-image-preview:large, max-video-preview:-1\" \/>\n<link rel=\"canonical\" href=\"https:\/\/www.outdoors.ee\/et\/toode\/saksa-armee-kummist-ulesaapad-black\/\" \/>\n<meta property=\"og:locale\" content=\"et_EE\" \/>\n<meta property=\"og:type\" content=\"article\" \/>\n<meta property=\"og:title\" content=\"Saksa Armee kummist \u00fclesaapad Black\" \/>\n<meta property=\"og:description\" content=\"Omadused: Originaalsed Saksa s&otilde;jav&auml;e &uuml;lesaapad Toodetud Saksas Kaitsevad muda, k&uuml;lma ning niiskuse eest Kantakse tavajalatsite peal Seisukord: uuev&auml;&auml;rsed (sisaldavad minimaalseid kulumisj&auml;lgi)\" \/>\n<meta property=\"og:url\" content=\"https:\/\/www.outdoors.ee\/et\/toode\/saksa-armee-kummist-ulesaapad-black\/\" \/>\n<meta property=\"og:site_name\" content=\"Outdoors\" \/>\n<meta property=\"article:modified_time\" content=\"2025-07-22T10:08:51+00:00\" \/>\n<meta property=\"og:image\" content=\"https:\/\/www.outdoors.ee\/wp-content\/uploads\/2021\/08\/0941-Bundeswehr-Rubber-Overboots-Black-1.jpg\" \/>\n\t<meta property=\"og:image:width\" content=\"818\" \/>\n\t<meta property=\"og:image:height\" content=\"710\" \/>\n\t<meta property=\"og:image:type\" content=\"image\/jpeg\" \/>\n<meta name=\"twitter:card\" content=\"summary_large_image\" \/>\n<meta name=\"twitter:title\" content=\"Saksa Armee kummist \u00fclesaapad Black\" \/>\n<script type=\"application\/ld+json\" class=\"yoast-schema-graph\">{\"@context\":\"https:\/\/schema.org\",\"@graph\":[{\"@type\":\"WebPage\",\"@id\":\"https:\/\/www.outdoors.ee\/et\/toode\/saksa-armee-kummist-ulesaapad-black\/\",\"url\":\"https:\/\/www.outdoors.ee\/et\/toode\/saksa-armee-kummist-ulesaapad-black\/\",\"name\":\"Saksa Armee kummist \u00fclesaapad Black - outdoors.ee\",\"isPartOf\":{\"@id\":\"https:\/\/www.outdoors.ee\/#website\"},\"primaryImageOfPage\":{\"@id\":\"https:\/\/www.outdoors.ee\/et\/toode\/saksa-armee-kummist-ulesaapad-black\/#primaryimage\"},\"image\":{\"@id\":\"https:\/\/www.outdoors.ee\/et\/toode\/saksa-armee-kummist-ulesaapad-black\/#primaryimage\"},\"thumbnailUrl\":\"https:\/\/www.outdoors.ee\/wp-content\/uploads\/2021\/08\/0941-Bundeswehr-Rubber-Overboots-Black-1.jpg\",\"datePublished\":\"2021-12-09T00:00:00+00:00\",\"dateModified\":\"2025-07-22T10:08:51+00:00\",\"description\":\"Omadused: Originaalsed Saksa s&otilde;jav&auml;e &uuml;lesaapad Toodetud Saksas Kaitsevad muda, k&uuml;lma ning niiskuse eest Kantakse tavajalatsite peal Seisukord: uuev&auml;&auml;rsed (sisaldavad minimaalseid kulumisj&auml;lgi)\",\"breadcrumb\":{\"@id\":\"https:\/\/www.outdoors.ee\/et\/toode\/saksa-armee-kummist-ulesaapad-black\/#breadcrumb\"},\"inLanguage\":\"et\",\"potentialAction\":[{\"@type\":\"ReadAction\",\"target\":[\"https:\/\/www.outdoors.ee\/et\/toode\/saksa-armee-kummist-ulesaapad-black\/\"]}]},{\"@type\":\"ImageObject\",\"inLanguage\":\"et\",\"@id\":\"https:\/\/www.outdoors.ee\/et\/toode\/saksa-armee-kummist-ulesaapad-black\/#primaryimage\",\"url\":\"https:\/\/www.outdoors.ee\/wp-content\/uploads\/2021\/08\/0941-Bundeswehr-Rubber-Overboots-Black-1.jpg\",\"contentUrl\":\"https:\/\/www.outdoors.ee\/wp-content\/uploads\/2021\/08\/0941-Bundeswehr-Rubber-Overboots-Black-1.jpg\",\"width\":818,\"height\":710},{\"@type\":\"BreadcrumbList\",\"@id\":\"https:\/\/www.outdoors.ee\/et\/toode\/saksa-armee-kummist-ulesaapad-black\/#breadcrumb\",\"itemListElement\":[{\"@type\":\"ListItem\",\"position\":1,\"name\":\"Home\",\"item\":\"https:\/\/www.outdoors.ee\/et\/\"},{\"@type\":\"ListItem\",\"position\":2,\"name\":\"Tooted\",\"item\":\"https:\/\/www.outdoors.ee\/products\/\"},{\"@type\":\"ListItem\",\"position\":3,\"name\":\"Saksa Armee kummist \u00fclesaapad Black\"}]},{\"@type\":\"WebSite\",\"@id\":\"https:\/\/www.outdoors.ee\/#website\",\"url\":\"https:\/\/www.outdoors.ee\/\",\"name\":\"Outdoors\",\"description\":\"Genuine military surplus and not only!\",\"potentialAction\":[{\"@type\":\"SearchAction\",\"target\":{\"@type\":\"EntryPoint\",\"urlTemplate\":\"https:\/\/www.outdoors.ee\/?s={search_term_string}\"},\"query-input\":{\"@type\":\"PropertyValueSpecification\",\"valueRequired\":true,\"valueName\":\"search_term_string\"}}],\"inLanguage\":\"et\"}]}<\/script>\n<!-- \/ Yoast SEO plugin. -->","yoast_head_json":{"title":"Saksa Armee kummist \u00fclesaapad Black - outdoors.ee","description":"Omadused: Originaalsed Saksa s&otilde;jav&auml;e &uuml;lesaapad Toodetud Saksas Kaitsevad muda, k&uuml;lma ning niiskuse eest Kantakse tavajalatsite peal Seisukord: uuev&auml;&auml;rsed (sisaldavad minimaalseid kulumisj&auml;lgi)","robots":{"index":"index","follow":"follow","max-snippet":"max-snippet:-1","max-image-preview":"max-image-preview:large","max-video-preview":"max-video-preview:-1"},"canonical":"https:\/\/www.outdoors.ee\/et\/toode\/saksa-armee-kummist-ulesaapad-black\/","og_locale":"et_EE","og_type":"article","og_title":"Saksa Armee kummist \u00fclesaapad Black","og_description":"Omadused: Originaalsed Saksa s&otilde;jav&auml;e &uuml;lesaapad Toodetud Saksas Kaitsevad muda, k&uuml;lma ning niiskuse eest Kantakse tavajalatsite peal Seisukord: uuev&auml;&auml;rsed (sisaldavad minimaalseid kulumisj&auml;lgi)","og_url":"https:\/\/www.outdoors.ee\/et\/toode\/saksa-armee-kummist-ulesaapad-black\/","og_site_name":"Outdoors","article_modified_time":"2025-07-22T10:08:51+00:00","og_image":[{"width":818,"height":710,"url":"https:\/\/www.outdoors.ee\/wp-content\/uploads\/2021\/08\/0941-Bundeswehr-Rubber-Overboots-Black-1.jpg","type":"image\/jpeg"}],"twitter_card":"summary_large_image","twitter_title":"Saksa Armee kummist \u00fclesaapad Black","schema":{"@context":"https:\/\/schema.org","@graph":[{"@type":"WebPage","@id":"https:\/\/www.outdoors.ee\/et\/toode\/saksa-armee-kummist-ulesaapad-black\/","url":"https:\/\/www.outdoors.ee\/et\/toode\/saksa-armee-kummist-ulesaapad-black\/","name":"Saksa Armee kummist \u00fclesaapad Black - outdoors.ee","isPartOf":{"@id":"https:\/\/www.outdoors.ee\/#website"},"primaryImageOfPage":{"@id":"https:\/\/www.outdoors.ee\/et\/toode\/saksa-armee-kummist-ulesaapad-black\/#primaryimage"},"image":{"@id":"https:\/\/www.outdoors.ee\/et\/toode\/saksa-armee-kummist-ulesaapad-black\/#primaryimage"},"thumbnailUrl":"https:\/\/www.outdoors.ee\/wp-content\/uploads\/2021\/08\/0941-Bundeswehr-Rubber-Overboots-Black-1.jpg","datePublished":"2021-12-09T00:00:00+00:00","dateModified":"2025-07-22T10:08:51+00:00","description":"Omadused: Originaalsed Saksa s&otilde;jav&auml;e &uuml;lesaapad Toodetud Saksas Kaitsevad muda, k&uuml;lma ning niiskuse eest Kantakse tavajalatsite peal Seisukord: uuev&auml;&auml;rsed (sisaldavad minimaalseid kulumisj&auml;lgi)","breadcrumb":{"@id":"https:\/\/www.outdoors.ee\/et\/toode\/saksa-armee-kummist-ulesaapad-black\/#breadcrumb"},"inLanguage":"et","potentialAction":[{"@type":"ReadAction","target":["https:\/\/www.outdoors.ee\/et\/toode\/saksa-armee-kummist-ulesaapad-black\/"]}]},{"@type":"ImageObject","inLanguage":"et","@id":"https:\/\/www.outdoors.ee\/et\/toode\/saksa-armee-kummist-ulesaapad-black\/#primaryimage","url":"https:\/\/www.outdoors.ee\/wp-content\/uploads\/2021\/08\/0941-Bundeswehr-Rubber-Overboots-Black-1.jpg","contentUrl":"https:\/\/www.outdoors.ee\/wp-content\/uploads\/2021\/08\/0941-Bundeswehr-Rubber-Overboots-Black-1.jpg","width":818,"height":710},{"@type":"BreadcrumbList","@id":"https:\/\/www.outdoors.ee\/et\/toode\/saksa-armee-kummist-ulesaapad-black\/#breadcrumb","itemListElement":[{"@type":"ListItem","position":1,"name":"Home","item":"https:\/\/www.outdoors.ee\/et\/"},{"@type":"ListItem","position":2,"name":"Tooted","item":"https:\/\/www.outdoors.ee\/products\/"},{"@type":"ListItem","position":3,"name":"Saksa Armee kummist \u00fclesaapad Black"}]},{"@type":"WebSite","@id":"https:\/\/www.outdoors.ee\/#website","url":"https:\/\/www.outdoors.ee\/","name":"Outdoors","description":"Genuine military surplus and not only!","potentialAction":[{"@type":"SearchAction","target":{"@type":"EntryPoint","urlTemplate":"https:\/\/www.outdoors.ee\/?s={search_term_string}"},"query-input":{"@type":"PropertyValueSpecification","valueRequired":true,"valueName":"search_term_string"}}],"inLanguage":"et"}]}},"_links":{"self":[{"href":"https:\/\/www.outdoors.ee\/et\/wp-json\/wp\/v2\/product\/60912","targetHints":{"allow":["GET"]}}],"collection":[{"href":"https:\/\/www.outdoors.ee\/et\/wp-json\/wp\/v2\/product"}],"about":[{"href":"https:\/\/www.outdoors.ee\/et\/wp-json\/wp\/v2\/types\/product"}],"wp:featuredmedia":[{"embeddable":true,"href":"https:\/\/www.outdoors.ee\/et\/wp-json\/wp\/v2\/media\/11174"}],"wp:attachment":[{"href":"https:\/\/www.outdoors.ee\/et\/wp-json\/wp\/v2\/media?parent=60912"}],"wp:term":[{"taxonomy":"product_brand","embeddable":true,"href":"https:\/\/www.outdoors.ee\/et\/wp-json\/wp\/v2\/product_brand?post=60912"},{"taxonomy":"product_cat","embeddable":true,"href":"https:\/\/www.outdoors.ee\/et\/wp-json\/wp\/v2\/product_cat?post=60912"},{"taxonomy":"product_tag","embeddable":true,"href":"https:\/\/www.outdoors.ee\/et\/wp-json\/wp\/v2\/product_tag?post=60912"}],"curies":[{"name":"wp","href":"https:\/\/api.w.org\/{rel}","templated":true}]}}