{"id":60910,"date":"2021-12-09T00:00:00","date_gmt":"2021-12-09T00:00:00","guid":{"rendered":"https:\/\/www.outdoors.ee\/product\/briti-armee-aku-pilgrim-gtx-combat-fg-m-female-saapad\/"},"modified":"2026-01-27T13:10:57","modified_gmt":"2026-01-27T11:10:57","slug":"briti-armee-aku-pilgrim-gtx-female-combat-fg-m-saapad-brown","status":"publish","type":"product","link":"https:\/\/www.outdoors.ee\/et\/toode\/briti-armee-aku-pilgrim-gtx-female-combat-fg-m-saapad-brown\/","title":{"rendered":"Briti Armee Aku\u00ae Pilgrim GTX Female Combat FG M saapad Brown"},"content":{"rendered":"<p style=\"text-align: justify;\">\u00dclimalt kerge ning t\u00f5eliselt mitmeotstarbeline ja hingav saabas, v\u00e4ljapaistva stabiilsuse ning p\u00f5rutust neelavate omadustega.<\/p>\n<p style=\"text-align: justify;\"><strong>Omadused<\/strong>:<\/p>\n<ul style=\"text-align: justify;\">\n<li>Briti s\u00f5jav\u00e4e originaal<\/li>\n<li>Pealne: T\u00e4isnahk \/\u00a0AIR8000\u00ae 2,0mm kangas<\/li>\n<li>Pealse kaitse: Bycast<\/li>\n<li>Vooder:\u00a0Gore-Tex\u00ae Performance Comfort<\/li>\n<li>V\u00e4listald: Vibram\u00ae Foura<\/li>\n<li>Vahetald: Die Cut Eva<\/li>\n<li>J\u00e4ikus: 4-6mm Nylon + Die Cut Eva (Medium)<\/li>\n<li>Kaal: ca 1200g\/pair<\/li>\n<li>Laius: M &#8211; tavaline, L &#8211; lai<\/li>\n<\/ul>\n<p>NB! Toodetakse Briti s\u00f5jav\u00e4e tarbeks ainult t\u00e4isnumbri suurustes UK s\u00fcsteemi j\u00e4rgi.<\/p>\n<p><strong>Seisukord<\/strong>:<\/p>\n<ul>\n<li>uus (ilma originaalkarbita, v\u00f5ivad sisaldada hulgiladustamise j\u00e4lgi)<\/li>\n<li>uuev\u00e4\u00e4rne (sisaldavad kergeid kulumisj\u00e4lgi)<\/li>\n<li>kasutatud, Grade 1 (sisaldavad m\u00f5\u00f5dukaid kulumisj\u00e4lgi, v\u00f5ivad sisaldada v\u00e4iksemaid vigastusi)<\/li>\n<\/ul>\n","protected":false},"excerpt":{"rendered":"<p>Briti Armee Aku\u00ae Pilgrim GTX Combat FG M naiste saapad, pruun<\/p>\n","protected":false},"featured_media":26508,"template":"","meta":[],"product_brand":[],"product_cat":[70],"product_tag":[],"class_list":{"0":"post-60910","1":"product","2":"type-product","3":"status-publish","4":"has-post-thumbnail","6":"product_cat-jalanoud","7":"pa_brand-aku-2","8":"pa_brand-british-military-surplus","9":"pa_condition-kasutatud-grade-1","10":"pa_condition-uuevaarne","11":"pa_condition-uus","12":"pa_size-uk4m-us5-eu37","13":"pa_size-uk5l-us6-eu38-2","14":"pa_size-uk5m-us6-eu38-3","15":"pa_size-uk6l-us7-eu395-2","16":"pa_size-uk6m-us7-eu395-2","17":"pa_size-uk7l-us8-eu41-2","18":"pa_size-uk7m-us8-eu41-3","19":"pa_size-uk8l-us9-eu42-2","20":"pa_size-uk8m-us9-eu42-2","22":"first","23":"instock","24":"taxable","25":"shipping-taxable","26":"purchasable","27":"product-type-variable"},"yoast_head":"<!-- This site is optimized with the Yoast SEO plugin v27.2 - https:\/\/yoast.com\/product\/yoast-seo-wordpress\/ -->\n<title>Briti Armee Aku Pilgrim GTX Combat FG M Female saapad - outdoors.ee<\/title>\n<meta name=\"description\" content=\"\u00dclimalt kerge ning t\u00f5eliselt mitmeotstarbeline ja hingav saabas, v\u00e4ljapaistva stabiilsuse ning p\u00f5rutust neelavate omadustega. Ideaalne matkamiseks, m\u00e4gironimiseks ning vajadusel ka maastikul jooksmiseks. Omadused: Briti s\u00f5jav\u00e4e originaal Pealne: T\u00e4isnahk \/\u00a0AIR8000\u00ae 2,0mm kangas Pealse kaitse: Bycast Vooder:\u00a0Gore-Tex\u00ae Performance Comfort V\u00e4listald: Vibram\u00ae Foura Vahetald: Die Cut Eva J\u00e4ikus: 4-6mm Nylon + Die Cut Eva (Medium) Kaalt: ca 1200g\/pair Saapa liist: M - tavaline, L- lai Seisukord:\u00a0 uued\" \/>\n<meta name=\"robots\" content=\"index, follow, max-snippet:-1, max-image-preview:large, max-video-preview:-1\" \/>\n<link rel=\"canonical\" href=\"https:\/\/www.outdoors.ee\/et\/toode\/briti-armee-aku-pilgrim-gtx-female-combat-fg-m-saapad-brown\/\" \/>\n<meta property=\"og:locale\" content=\"et_EE\" \/>\n<meta property=\"og:type\" content=\"article\" \/>\n<meta property=\"og:title\" content=\"Briti Armee Aku Pilgrim GTX Combat FG M Female saapad\" \/>\n<meta property=\"og:description\" content=\"\u00dclimalt kerge ning t\u00f5eliselt mitmeotstarbeline ja hingav saabas, v\u00e4ljapaistva stabiilsuse ning p\u00f5rutust neelavate omadustega. Ideaalne matkamiseks, m\u00e4gironimiseks ning vajadusel ka maastikul jooksmiseks. Omadused: Briti s\u00f5jav\u00e4e originaal Pealne: T\u00e4isnahk \/\u00a0AIR8000\u00ae 2,0mm kangas Pealse kaitse: Bycast Vooder:\u00a0Gore-Tex\u00ae Performance Comfort V\u00e4listald: Vibram\u00ae Foura Vahetald: Die Cut Eva J\u00e4ikus: 4-6mm Nylon + Die Cut Eva (Medium) Kaalt: ca 1200g\/pair Saapa liist: M - tavaline, L- lai Seisukord:\u00a0 uued\" \/>\n<meta property=\"og:url\" content=\"https:\/\/www.outdoors.ee\/et\/toode\/briti-armee-aku-pilgrim-gtx-female-combat-fg-m-saapad-brown\/\" \/>\n<meta property=\"og:site_name\" content=\"Outdoors\" \/>\n<meta property=\"article:modified_time\" content=\"2026-01-27T11:10:57+00:00\" \/>\n<meta property=\"og:image\" content=\"https:\/\/www.outdoors.ee\/wp-content\/uploads\/2021\/12\/0834-British-Army-AKU-Pilgrim-GTX-Combat-FG-M-Boots-1.jpg\" \/>\n\t<meta property=\"og:image:width\" content=\"1000\" \/>\n\t<meta property=\"og:image:height\" content=\"885\" \/>\n\t<meta property=\"og:image:type\" content=\"image\/jpeg\" \/>\n<meta name=\"twitter:card\" content=\"summary_large_image\" \/>\n<meta name=\"twitter:title\" content=\"Briti Armee Aku Pilgrim GTX Combat FG M Female saapad\" \/>\n<meta name=\"twitter:label1\" content=\"Est. reading time\" \/>\n\t<meta name=\"twitter:data1\" content=\"1 minut\" \/>\n<script type=\"application\/ld+json\" class=\"yoast-schema-graph\">{\"@context\":\"https:\/\/schema.org\",\"@graph\":[{\"@type\":\"WebPage\",\"@id\":\"https:\/\/www.outdoors.ee\/et\/toode\/briti-armee-aku-pilgrim-gtx-female-combat-fg-m-saapad-brown\/\",\"url\":\"https:\/\/www.outdoors.ee\/et\/toode\/briti-armee-aku-pilgrim-gtx-female-combat-fg-m-saapad-brown\/\",\"name\":\"Briti Armee Aku Pilgrim GTX Combat FG M Female saapad - outdoors.ee\",\"isPartOf\":{\"@id\":\"https:\/\/www.outdoors.ee\/#website\"},\"primaryImageOfPage\":{\"@id\":\"https:\/\/www.outdoors.ee\/et\/toode\/briti-armee-aku-pilgrim-gtx-female-combat-fg-m-saapad-brown\/#primaryimage\"},\"image\":{\"@id\":\"https:\/\/www.outdoors.ee\/et\/toode\/briti-armee-aku-pilgrim-gtx-female-combat-fg-m-saapad-brown\/#primaryimage\"},\"thumbnailUrl\":\"https:\/\/www.outdoors.ee\/wp-content\/uploads\/2021\/12\/0834-British-Army-AKU-Pilgrim-GTX-Combat-FG-M-Boots-1.jpg\",\"datePublished\":\"2021-12-09T00:00:00+00:00\",\"dateModified\":\"2026-01-27T11:10:57+00:00\",\"description\":\"\u00dclimalt kerge ning t\u00f5eliselt mitmeotstarbeline ja hingav saabas, v\u00e4ljapaistva stabiilsuse ning p\u00f5rutust neelavate omadustega. Ideaalne matkamiseks, m\u00e4gironimiseks ning vajadusel ka maastikul jooksmiseks. Omadused: Briti s\u00f5jav\u00e4e originaal Pealne: T\u00e4isnahk \/\u00a0AIR8000\u00ae 2,0mm kangas Pealse kaitse: Bycast Vooder:\u00a0Gore-Tex\u00ae Performance Comfort V\u00e4listald: Vibram\u00ae Foura Vahetald: Die Cut Eva J\u00e4ikus: 4-6mm Nylon + Die Cut Eva (Medium) Kaalt: ca 1200g\/pair Saapa liist: M - tavaline, L- lai Seisukord:\u00a0 uued\",\"breadcrumb\":{\"@id\":\"https:\/\/www.outdoors.ee\/et\/toode\/briti-armee-aku-pilgrim-gtx-female-combat-fg-m-saapad-brown\/#breadcrumb\"},\"inLanguage\":\"et\",\"potentialAction\":[{\"@type\":\"ReadAction\",\"target\":[\"https:\/\/www.outdoors.ee\/et\/toode\/briti-armee-aku-pilgrim-gtx-female-combat-fg-m-saapad-brown\/\"]}]},{\"@type\":\"ImageObject\",\"inLanguage\":\"et\",\"@id\":\"https:\/\/www.outdoors.ee\/et\/toode\/briti-armee-aku-pilgrim-gtx-female-combat-fg-m-saapad-brown\/#primaryimage\",\"url\":\"https:\/\/www.outdoors.ee\/wp-content\/uploads\/2021\/12\/0834-British-Army-AKU-Pilgrim-GTX-Combat-FG-M-Boots-1.jpg\",\"contentUrl\":\"https:\/\/www.outdoors.ee\/wp-content\/uploads\/2021\/12\/0834-British-Army-AKU-Pilgrim-GTX-Combat-FG-M-Boots-1.jpg\",\"width\":1000,\"height\":885},{\"@type\":\"BreadcrumbList\",\"@id\":\"https:\/\/www.outdoors.ee\/et\/toode\/briti-armee-aku-pilgrim-gtx-female-combat-fg-m-saapad-brown\/#breadcrumb\",\"itemListElement\":[{\"@type\":\"ListItem\",\"position\":1,\"name\":\"Home\",\"item\":\"https:\/\/www.outdoors.ee\/et\/\"},{\"@type\":\"ListItem\",\"position\":2,\"name\":\"Tooted\",\"item\":\"https:\/\/www.outdoors.ee\/products\/\"},{\"@type\":\"ListItem\",\"position\":3,\"name\":\"Briti Armee Aku\u00ae Pilgrim GTX Female Combat FG M saapad Brown\"}]},{\"@type\":\"WebSite\",\"@id\":\"https:\/\/www.outdoors.ee\/#website\",\"url\":\"https:\/\/www.outdoors.ee\/\",\"name\":\"Outdoors\",\"description\":\"Genuine military surplus and not only!\",\"potentialAction\":[{\"@type\":\"SearchAction\",\"target\":{\"@type\":\"EntryPoint\",\"urlTemplate\":\"https:\/\/www.outdoors.ee\/?s={search_term_string}\"},\"query-input\":{\"@type\":\"PropertyValueSpecification\",\"valueRequired\":true,\"valueName\":\"search_term_string\"}}],\"inLanguage\":\"et\"}]}<\/script>\n<!-- \/ Yoast SEO plugin. -->","yoast_head_json":{"title":"Briti Armee Aku Pilgrim GTX Combat FG M Female saapad - outdoors.ee","description":"\u00dclimalt kerge ning t\u00f5eliselt mitmeotstarbeline ja hingav saabas, v\u00e4ljapaistva stabiilsuse ning p\u00f5rutust neelavate omadustega. Ideaalne matkamiseks, m\u00e4gironimiseks ning vajadusel ka maastikul jooksmiseks. Omadused: Briti s\u00f5jav\u00e4e originaal Pealne: T\u00e4isnahk \/\u00a0AIR8000\u00ae 2,0mm kangas Pealse kaitse: Bycast Vooder:\u00a0Gore-Tex\u00ae Performance Comfort V\u00e4listald: Vibram\u00ae Foura Vahetald: Die Cut Eva J\u00e4ikus: 4-6mm Nylon + Die Cut Eva (Medium) Kaalt: ca 1200g\/pair Saapa liist: M - tavaline, L- lai Seisukord:\u00a0 uued","robots":{"index":"index","follow":"follow","max-snippet":"max-snippet:-1","max-image-preview":"max-image-preview:large","max-video-preview":"max-video-preview:-1"},"canonical":"https:\/\/www.outdoors.ee\/et\/toode\/briti-armee-aku-pilgrim-gtx-female-combat-fg-m-saapad-brown\/","og_locale":"et_EE","og_type":"article","og_title":"Briti Armee Aku Pilgrim GTX Combat FG M Female saapad","og_description":"\u00dclimalt kerge ning t\u00f5eliselt mitmeotstarbeline ja hingav saabas, v\u00e4ljapaistva stabiilsuse ning p\u00f5rutust neelavate omadustega. Ideaalne matkamiseks, m\u00e4gironimiseks ning vajadusel ka maastikul jooksmiseks. Omadused: Briti s\u00f5jav\u00e4e originaal Pealne: T\u00e4isnahk \/\u00a0AIR8000\u00ae 2,0mm kangas Pealse kaitse: Bycast Vooder:\u00a0Gore-Tex\u00ae Performance Comfort V\u00e4listald: Vibram\u00ae Foura Vahetald: Die Cut Eva J\u00e4ikus: 4-6mm Nylon + Die Cut Eva (Medium) Kaalt: ca 1200g\/pair Saapa liist: M - tavaline, L- lai Seisukord:\u00a0 uued","og_url":"https:\/\/www.outdoors.ee\/et\/toode\/briti-armee-aku-pilgrim-gtx-female-combat-fg-m-saapad-brown\/","og_site_name":"Outdoors","article_modified_time":"2026-01-27T11:10:57+00:00","og_image":[{"width":1000,"height":885,"url":"https:\/\/www.outdoors.ee\/wp-content\/uploads\/2021\/12\/0834-British-Army-AKU-Pilgrim-GTX-Combat-FG-M-Boots-1.jpg","type":"image\/jpeg"}],"twitter_card":"summary_large_image","twitter_title":"Briti Armee Aku Pilgrim GTX Combat FG M Female saapad","twitter_misc":{"Est. reading time":"1 minut"},"schema":{"@context":"https:\/\/schema.org","@graph":[{"@type":"WebPage","@id":"https:\/\/www.outdoors.ee\/et\/toode\/briti-armee-aku-pilgrim-gtx-female-combat-fg-m-saapad-brown\/","url":"https:\/\/www.outdoors.ee\/et\/toode\/briti-armee-aku-pilgrim-gtx-female-combat-fg-m-saapad-brown\/","name":"Briti Armee Aku Pilgrim GTX Combat FG M Female saapad - outdoors.ee","isPartOf":{"@id":"https:\/\/www.outdoors.ee\/#website"},"primaryImageOfPage":{"@id":"https:\/\/www.outdoors.ee\/et\/toode\/briti-armee-aku-pilgrim-gtx-female-combat-fg-m-saapad-brown\/#primaryimage"},"image":{"@id":"https:\/\/www.outdoors.ee\/et\/toode\/briti-armee-aku-pilgrim-gtx-female-combat-fg-m-saapad-brown\/#primaryimage"},"thumbnailUrl":"https:\/\/www.outdoors.ee\/wp-content\/uploads\/2021\/12\/0834-British-Army-AKU-Pilgrim-GTX-Combat-FG-M-Boots-1.jpg","datePublished":"2021-12-09T00:00:00+00:00","dateModified":"2026-01-27T11:10:57+00:00","description":"\u00dclimalt kerge ning t\u00f5eliselt mitmeotstarbeline ja hingav saabas, v\u00e4ljapaistva stabiilsuse ning p\u00f5rutust neelavate omadustega. Ideaalne matkamiseks, m\u00e4gironimiseks ning vajadusel ka maastikul jooksmiseks. Omadused: Briti s\u00f5jav\u00e4e originaal Pealne: T\u00e4isnahk \/\u00a0AIR8000\u00ae 2,0mm kangas Pealse kaitse: Bycast Vooder:\u00a0Gore-Tex\u00ae Performance Comfort V\u00e4listald: Vibram\u00ae Foura Vahetald: Die Cut Eva J\u00e4ikus: 4-6mm Nylon + Die Cut Eva (Medium) Kaalt: ca 1200g\/pair Saapa liist: M - tavaline, L- lai Seisukord:\u00a0 uued","breadcrumb":{"@id":"https:\/\/www.outdoors.ee\/et\/toode\/briti-armee-aku-pilgrim-gtx-female-combat-fg-m-saapad-brown\/#breadcrumb"},"inLanguage":"et","potentialAction":[{"@type":"ReadAction","target":["https:\/\/www.outdoors.ee\/et\/toode\/briti-armee-aku-pilgrim-gtx-female-combat-fg-m-saapad-brown\/"]}]},{"@type":"ImageObject","inLanguage":"et","@id":"https:\/\/www.outdoors.ee\/et\/toode\/briti-armee-aku-pilgrim-gtx-female-combat-fg-m-saapad-brown\/#primaryimage","url":"https:\/\/www.outdoors.ee\/wp-content\/uploads\/2021\/12\/0834-British-Army-AKU-Pilgrim-GTX-Combat-FG-M-Boots-1.jpg","contentUrl":"https:\/\/www.outdoors.ee\/wp-content\/uploads\/2021\/12\/0834-British-Army-AKU-Pilgrim-GTX-Combat-FG-M-Boots-1.jpg","width":1000,"height":885},{"@type":"BreadcrumbList","@id":"https:\/\/www.outdoors.ee\/et\/toode\/briti-armee-aku-pilgrim-gtx-female-combat-fg-m-saapad-brown\/#breadcrumb","itemListElement":[{"@type":"ListItem","position":1,"name":"Home","item":"https:\/\/www.outdoors.ee\/et\/"},{"@type":"ListItem","position":2,"name":"Tooted","item":"https:\/\/www.outdoors.ee\/products\/"},{"@type":"ListItem","position":3,"name":"Briti Armee Aku\u00ae Pilgrim GTX Female Combat FG M saapad Brown"}]},{"@type":"WebSite","@id":"https:\/\/www.outdoors.ee\/#website","url":"https:\/\/www.outdoors.ee\/","name":"Outdoors","description":"Genuine military surplus and not only!","potentialAction":[{"@type":"SearchAction","target":{"@type":"EntryPoint","urlTemplate":"https:\/\/www.outdoors.ee\/?s={search_term_string}"},"query-input":{"@type":"PropertyValueSpecification","valueRequired":true,"valueName":"search_term_string"}}],"inLanguage":"et"}]}},"_links":{"self":[{"href":"https:\/\/www.outdoors.ee\/et\/wp-json\/wp\/v2\/product\/60910","targetHints":{"allow":["GET"]}}],"collection":[{"href":"https:\/\/www.outdoors.ee\/et\/wp-json\/wp\/v2\/product"}],"about":[{"href":"https:\/\/www.outdoors.ee\/et\/wp-json\/wp\/v2\/types\/product"}],"wp:featuredmedia":[{"embeddable":true,"href":"https:\/\/www.outdoors.ee\/et\/wp-json\/wp\/v2\/media\/26508"}],"wp:attachment":[{"href":"https:\/\/www.outdoors.ee\/et\/wp-json\/wp\/v2\/media?parent=60910"}],"wp:term":[{"taxonomy":"product_brand","embeddable":true,"href":"https:\/\/www.outdoors.ee\/et\/wp-json\/wp\/v2\/product_brand?post=60910"},{"taxonomy":"product_cat","embeddable":true,"href":"https:\/\/www.outdoors.ee\/et\/wp-json\/wp\/v2\/product_cat?post=60910"},{"taxonomy":"product_tag","embeddable":true,"href":"https:\/\/www.outdoors.ee\/et\/wp-json\/wp\/v2\/product_tag?post=60910"}],"curies":[{"name":"wp","href":"https:\/\/api.w.org\/{rel}","templated":true}]}}