{"id":60905,"date":"2021-12-09T00:00:00","date_gmt":"2021-12-09T00:00:00","guid":{"rendered":"https:\/\/www.outdoors.ee\/product\/alt-berg-defender-high-liability-female-combat-saapad-brown\/"},"modified":"2026-01-27T16:10:29","modified_gmt":"2026-01-27T14:10:29","slug":"briti-armee-alt-berg-defender-high-liability-female-combat-saapad-brown","status":"publish","type":"product","link":"https:\/\/www.outdoors.ee\/et\/toode\/briti-armee-alt-berg-defender-high-liability-female-combat-saapad-brown\/","title":{"rendered":"Briti Armee Alt-Berg\u00ae Defender High Liability Female Combat saapad Brown"},"content":{"rendered":"<p><strong>Omadused:<\/strong><\/p>\n<ul>\n<li>arendatud ning toodetud spetsiaalselt Briti s\u00f5jav\u00e4e tarbeks<\/li>\n<li>hingav ning kiiresti kuivav Cambrelle\u00ae vooder<\/li>\n<li>p\u00f5rutustneelav talla vahekiht<\/li>\n<li>vetth\u00fclgav Anfibio t\u00e4isnahast pealne, paksusega 2,2-2,4mm<\/li>\n<li>ca. 2cm k\u00f5rge kummirant vastupidavuse tagamiseks<\/li>\n<\/ul>\n<p style=\"text-align: justify;\"><strong>Laius:<\/strong> M &#8211; Tavaline; L \/\u00a0W &#8211; Lai<\/p>\n<p>NB! Enamasti MK2 mudel, kuid v\u00f5ib juhtuda ka MK1<\/p>\n<p style=\"text-align: justify;\"><strong>Seisukord<\/strong>:<\/p>\n<ul>\n<li>uus (ilma originaalkarbita, v\u00f5ivad sisaldada hulgiladustamise j\u00e4lgi ning kirjasid sildil)<\/li>\n<li>uuev\u00e4\u00e4rne (sisaldavad kergeid kulumisj\u00e4lgi)<\/li>\n<li>kasutatud, Grade 1 (sisaldavad m\u00f5\u00f5dukaid kulumisj\u00e4lgi, v\u00f5ivad sisaldada v\u00e4iksemaid vigastusi)<\/li>\n<\/ul>\n","protected":false},"excerpt":{"rendered":"<p>Briti Armee Alt-Berg\u00ae Defender High Liability Combat naiste saapad, pruun<\/p>\n","protected":false},"featured_media":17359,"template":"","meta":[],"product_brand":[],"product_cat":[70],"product_tag":[],"class_list":{"0":"post-60905","1":"product","2":"type-product","3":"status-publish","4":"has-post-thumbnail","6":"product_cat-jalanoud","7":"pa_brand-alt-berg-2","8":"pa_brand-british-military-surplus","9":"pa_condition-kasutatud-grade-1","10":"pa_condition-uuevaarne","11":"pa_condition-uus","12":"pa_size-uk-3w","13":"pa_size-uk-4l","14":"pa_size-uk-4w","15":"pa_size-uk-5l-2","16":"pa_size-uk-5w-2","17":"pa_size-uk-6m-2","18":"pa_size-uk-7m-2","20":"first","21":"instock","22":"taxable","23":"shipping-taxable","24":"purchasable","25":"product-type-variable"},"yoast_head":"<!-- This site is optimized with the Yoast SEO plugin v27.2 - https:\/\/yoast.com\/product\/yoast-seo-wordpress\/ -->\n<title>ALT-BERG Defender High Liability Female Combat saapad Brown - outdoors.ee<\/title>\n<meta name=\"robots\" content=\"index, follow, max-snippet:-1, max-image-preview:large, max-video-preview:-1\" \/>\n<link rel=\"canonical\" href=\"https:\/\/www.outdoors.ee\/et\/toode\/briti-armee-alt-berg-defender-high-liability-female-combat-saapad-brown\/\" \/>\n<meta property=\"og:locale\" content=\"et_EE\" \/>\n<meta property=\"og:type\" content=\"article\" \/>\n<meta property=\"og:title\" content=\"ALT-BERG Defender High Liability Female Combat saapad Brown\" \/>\n<meta property=\"og:description\" content=\"Briti Armee Alt-Berg\u00ae Defender High Liability Combat naiste saapad, pruun\" \/>\n<meta property=\"og:url\" content=\"https:\/\/www.outdoors.ee\/et\/toode\/briti-armee-alt-berg-defender-high-liability-female-combat-saapad-brown\/\" \/>\n<meta property=\"og:site_name\" content=\"Outdoors\" \/>\n<meta property=\"article:modified_time\" content=\"2026-01-27T14:10:29+00:00\" \/>\n<meta property=\"og:image\" content=\"https:\/\/www.outdoors.ee\/wp-content\/uploads\/2021\/09\/0832-ALT-BERG-Defender-High-Liability-Combat-Boots-Brown.jpg\" \/>\n\t<meta property=\"og:image:width\" content=\"512\" \/>\n\t<meta property=\"og:image:height\" content=\"443\" \/>\n\t<meta property=\"og:image:type\" content=\"image\/jpeg\" \/>\n<meta name=\"twitter:card\" content=\"summary_large_image\" \/>\n<meta name=\"twitter:title\" content=\"ALT-BERG Defender High Liability Female Combat saapad Brown\" \/>\n<meta name=\"twitter:label1\" content=\"Est. reading time\" \/>\n\t<meta name=\"twitter:data1\" content=\"1 minut\" \/>\n<script type=\"application\/ld+json\" class=\"yoast-schema-graph\">{\"@context\":\"https:\/\/schema.org\",\"@graph\":[{\"@type\":\"WebPage\",\"@id\":\"https:\/\/www.outdoors.ee\/et\/toode\/briti-armee-alt-berg-defender-high-liability-female-combat-saapad-brown\/\",\"url\":\"https:\/\/www.outdoors.ee\/et\/toode\/briti-armee-alt-berg-defender-high-liability-female-combat-saapad-brown\/\",\"name\":\"ALT-BERG Defender High Liability Female Combat saapad Brown - outdoors.ee\",\"isPartOf\":{\"@id\":\"https:\/\/www.outdoors.ee\/#website\"},\"primaryImageOfPage\":{\"@id\":\"https:\/\/www.outdoors.ee\/et\/toode\/briti-armee-alt-berg-defender-high-liability-female-combat-saapad-brown\/#primaryimage\"},\"image\":{\"@id\":\"https:\/\/www.outdoors.ee\/et\/toode\/briti-armee-alt-berg-defender-high-liability-female-combat-saapad-brown\/#primaryimage\"},\"thumbnailUrl\":\"https:\/\/www.outdoors.ee\/wp-content\/uploads\/2021\/09\/0832-ALT-BERG-Defender-High-Liability-Combat-Boots-Brown.jpg\",\"datePublished\":\"2021-12-09T00:00:00+00:00\",\"dateModified\":\"2026-01-27T14:10:29+00:00\",\"breadcrumb\":{\"@id\":\"https:\/\/www.outdoors.ee\/et\/toode\/briti-armee-alt-berg-defender-high-liability-female-combat-saapad-brown\/#breadcrumb\"},\"inLanguage\":\"et\",\"potentialAction\":[{\"@type\":\"ReadAction\",\"target\":[\"https:\/\/www.outdoors.ee\/et\/toode\/briti-armee-alt-berg-defender-high-liability-female-combat-saapad-brown\/\"]}]},{\"@type\":\"ImageObject\",\"inLanguage\":\"et\",\"@id\":\"https:\/\/www.outdoors.ee\/et\/toode\/briti-armee-alt-berg-defender-high-liability-female-combat-saapad-brown\/#primaryimage\",\"url\":\"https:\/\/www.outdoors.ee\/wp-content\/uploads\/2021\/09\/0832-ALT-BERG-Defender-High-Liability-Combat-Boots-Brown.jpg\",\"contentUrl\":\"https:\/\/www.outdoors.ee\/wp-content\/uploads\/2021\/09\/0832-ALT-BERG-Defender-High-Liability-Combat-Boots-Brown.jpg\",\"width\":512,\"height\":443},{\"@type\":\"BreadcrumbList\",\"@id\":\"https:\/\/www.outdoors.ee\/et\/toode\/briti-armee-alt-berg-defender-high-liability-female-combat-saapad-brown\/#breadcrumb\",\"itemListElement\":[{\"@type\":\"ListItem\",\"position\":1,\"name\":\"Home\",\"item\":\"https:\/\/www.outdoors.ee\/et\/\"},{\"@type\":\"ListItem\",\"position\":2,\"name\":\"Tooted\",\"item\":\"https:\/\/www.outdoors.ee\/products\/\"},{\"@type\":\"ListItem\",\"position\":3,\"name\":\"Briti Armee Alt-Berg\u00ae Defender High Liability Female Combat saapad Brown\"}]},{\"@type\":\"WebSite\",\"@id\":\"https:\/\/www.outdoors.ee\/#website\",\"url\":\"https:\/\/www.outdoors.ee\/\",\"name\":\"Outdoors\",\"description\":\"Genuine military surplus and not only!\",\"potentialAction\":[{\"@type\":\"SearchAction\",\"target\":{\"@type\":\"EntryPoint\",\"urlTemplate\":\"https:\/\/www.outdoors.ee\/?s={search_term_string}\"},\"query-input\":{\"@type\":\"PropertyValueSpecification\",\"valueRequired\":true,\"valueName\":\"search_term_string\"}}],\"inLanguage\":\"et\"}]}<\/script>\n<!-- \/ Yoast SEO plugin. -->","yoast_head_json":{"title":"ALT-BERG Defender High Liability Female Combat saapad Brown - outdoors.ee","robots":{"index":"index","follow":"follow","max-snippet":"max-snippet:-1","max-image-preview":"max-image-preview:large","max-video-preview":"max-video-preview:-1"},"canonical":"https:\/\/www.outdoors.ee\/et\/toode\/briti-armee-alt-berg-defender-high-liability-female-combat-saapad-brown\/","og_locale":"et_EE","og_type":"article","og_title":"ALT-BERG Defender High Liability Female Combat saapad Brown","og_description":"Briti Armee Alt-Berg\u00ae Defender High Liability Combat naiste saapad, pruun","og_url":"https:\/\/www.outdoors.ee\/et\/toode\/briti-armee-alt-berg-defender-high-liability-female-combat-saapad-brown\/","og_site_name":"Outdoors","article_modified_time":"2026-01-27T14:10:29+00:00","og_image":[{"width":512,"height":443,"url":"https:\/\/www.outdoors.ee\/wp-content\/uploads\/2021\/09\/0832-ALT-BERG-Defender-High-Liability-Combat-Boots-Brown.jpg","type":"image\/jpeg"}],"twitter_card":"summary_large_image","twitter_title":"ALT-BERG Defender High Liability Female Combat saapad Brown","twitter_misc":{"Est. reading time":"1 minut"},"schema":{"@context":"https:\/\/schema.org","@graph":[{"@type":"WebPage","@id":"https:\/\/www.outdoors.ee\/et\/toode\/briti-armee-alt-berg-defender-high-liability-female-combat-saapad-brown\/","url":"https:\/\/www.outdoors.ee\/et\/toode\/briti-armee-alt-berg-defender-high-liability-female-combat-saapad-brown\/","name":"ALT-BERG Defender High Liability Female Combat saapad Brown - outdoors.ee","isPartOf":{"@id":"https:\/\/www.outdoors.ee\/#website"},"primaryImageOfPage":{"@id":"https:\/\/www.outdoors.ee\/et\/toode\/briti-armee-alt-berg-defender-high-liability-female-combat-saapad-brown\/#primaryimage"},"image":{"@id":"https:\/\/www.outdoors.ee\/et\/toode\/briti-armee-alt-berg-defender-high-liability-female-combat-saapad-brown\/#primaryimage"},"thumbnailUrl":"https:\/\/www.outdoors.ee\/wp-content\/uploads\/2021\/09\/0832-ALT-BERG-Defender-High-Liability-Combat-Boots-Brown.jpg","datePublished":"2021-12-09T00:00:00+00:00","dateModified":"2026-01-27T14:10:29+00:00","breadcrumb":{"@id":"https:\/\/www.outdoors.ee\/et\/toode\/briti-armee-alt-berg-defender-high-liability-female-combat-saapad-brown\/#breadcrumb"},"inLanguage":"et","potentialAction":[{"@type":"ReadAction","target":["https:\/\/www.outdoors.ee\/et\/toode\/briti-armee-alt-berg-defender-high-liability-female-combat-saapad-brown\/"]}]},{"@type":"ImageObject","inLanguage":"et","@id":"https:\/\/www.outdoors.ee\/et\/toode\/briti-armee-alt-berg-defender-high-liability-female-combat-saapad-brown\/#primaryimage","url":"https:\/\/www.outdoors.ee\/wp-content\/uploads\/2021\/09\/0832-ALT-BERG-Defender-High-Liability-Combat-Boots-Brown.jpg","contentUrl":"https:\/\/www.outdoors.ee\/wp-content\/uploads\/2021\/09\/0832-ALT-BERG-Defender-High-Liability-Combat-Boots-Brown.jpg","width":512,"height":443},{"@type":"BreadcrumbList","@id":"https:\/\/www.outdoors.ee\/et\/toode\/briti-armee-alt-berg-defender-high-liability-female-combat-saapad-brown\/#breadcrumb","itemListElement":[{"@type":"ListItem","position":1,"name":"Home","item":"https:\/\/www.outdoors.ee\/et\/"},{"@type":"ListItem","position":2,"name":"Tooted","item":"https:\/\/www.outdoors.ee\/products\/"},{"@type":"ListItem","position":3,"name":"Briti Armee Alt-Berg\u00ae Defender High Liability Female Combat saapad Brown"}]},{"@type":"WebSite","@id":"https:\/\/www.outdoors.ee\/#website","url":"https:\/\/www.outdoors.ee\/","name":"Outdoors","description":"Genuine military surplus and not only!","potentialAction":[{"@type":"SearchAction","target":{"@type":"EntryPoint","urlTemplate":"https:\/\/www.outdoors.ee\/?s={search_term_string}"},"query-input":{"@type":"PropertyValueSpecification","valueRequired":true,"valueName":"search_term_string"}}],"inLanguage":"et"}]}},"_links":{"self":[{"href":"https:\/\/www.outdoors.ee\/et\/wp-json\/wp\/v2\/product\/60905","targetHints":{"allow":["GET"]}}],"collection":[{"href":"https:\/\/www.outdoors.ee\/et\/wp-json\/wp\/v2\/product"}],"about":[{"href":"https:\/\/www.outdoors.ee\/et\/wp-json\/wp\/v2\/types\/product"}],"wp:featuredmedia":[{"embeddable":true,"href":"https:\/\/www.outdoors.ee\/et\/wp-json\/wp\/v2\/media\/17359"}],"wp:attachment":[{"href":"https:\/\/www.outdoors.ee\/et\/wp-json\/wp\/v2\/media?parent=60905"}],"wp:term":[{"taxonomy":"product_brand","embeddable":true,"href":"https:\/\/www.outdoors.ee\/et\/wp-json\/wp\/v2\/product_brand?post=60905"},{"taxonomy":"product_cat","embeddable":true,"href":"https:\/\/www.outdoors.ee\/et\/wp-json\/wp\/v2\/product_cat?post=60905"},{"taxonomy":"product_tag","embeddable":true,"href":"https:\/\/www.outdoors.ee\/et\/wp-json\/wp\/v2\/product_tag?post=60905"}],"curies":[{"name":"wp","href":"https:\/\/api.w.org\/{rel}","templated":true}]}}