{"id":60866,"date":"2021-12-09T00:00:00","date_gmt":"2021-12-09T00:00:00","guid":{"rendered":"https:\/\/www.outdoors.ee\/product\/meindl-pika-saarega-sokid-khaki\/"},"modified":"2025-09-01T16:45:40","modified_gmt":"2025-09-01T13:45:40","slug":"hollandi-armee-meindl-pika-saarega-sokid-khaki","status":"publish","type":"product","link":"https:\/\/www.outdoors.ee\/et\/toode\/hollandi-armee-meindl-pika-saarega-sokid-khaki\/","title":{"rendered":"Hollandi Armee Meindl\u00ae pika s\u00e4\u00e4rega sokid Khaki"},"content":{"rendered":"<p>Koostis<b>:<\/b>\u00a055% lyocell, 43% pol\u00fcamiid, 2% elastaan<\/p>\n<p><strong>Seisukord:<\/strong> uued (ilma j\u00e4em\u00fc\u00fcgipakendita, v\u00f5ivad sisaldada hulgiladustamise j\u00e4lgi)<\/p>\n","protected":false},"excerpt":{"rendered":"<p>Koostis:\u00a055% lyocell, 43% pol\u00fcamiid, 2% elastaan Seisukord: uued (ilma j\u00e4em\u00fc\u00fcgipakendita, v\u00f5ivad sisaldada hulgiladustamise j\u00e4lgi)<\/p>\n","protected":false},"featured_media":10797,"template":"","meta":[],"product_brand":[],"product_cat":[197],"product_tag":[],"class_list":{"0":"post-60866","1":"product","2":"type-product","3":"status-publish","4":"has-post-thumbnail","6":"product_cat-sokid-saarised","7":"pa_brand-meindl-2","8":"pa_size-eu35-38-2","9":"pa_size-eu39-42-2","10":"pa_size-eu43-46-3","11":"pa_size-uk3-5-eu35-38-2","12":"pa_size-uk55-8-eu39-42-2","13":"pa_size-uk9-11-eu43-46-2","15":"first","16":"instock","17":"taxable","18":"shipping-taxable","19":"purchasable","20":"product-type-variable"},"yoast_head":"<!-- This site is optimized with the Yoast SEO plugin v27.2 - https:\/\/yoast.com\/product\/yoast-seo-wordpress\/ -->\n<title>Meindl pika s\u00e4\u00e4rega sokid Khaki - outdoors.ee<\/title>\n<meta name=\"description\" content=\"Koostis:\u00a055% lyocell, 43% pol\u00fcamiid, 2% elastaan Suurused:\u00a0(UK3\/EU35 - UK5\/EU38); (UK6\/EU39 - UK8\/EU42); (UK9\/EU43 - UK11\/EU46); (UK12\/EU47 - UK14\/EU50) Seisukord: uued\" \/>\n<meta name=\"robots\" content=\"index, follow, max-snippet:-1, max-image-preview:large, max-video-preview:-1\" \/>\n<link rel=\"canonical\" href=\"https:\/\/www.outdoors.ee\/et\/toode\/hollandi-armee-meindl-pika-saarega-sokid-khaki\/\" \/>\n<meta property=\"og:locale\" content=\"et_EE\" \/>\n<meta property=\"og:type\" content=\"article\" \/>\n<meta property=\"og:title\" content=\"Meindl pika s\u00e4\u00e4rega sokid Khaki\" \/>\n<meta property=\"og:description\" content=\"Koostis:\u00a055% lyocell, 43% pol\u00fcamiid, 2% elastaan Suurused:\u00a0(UK3\/EU35 - UK5\/EU38); (UK6\/EU39 - UK8\/EU42); (UK9\/EU43 - UK11\/EU46); (UK12\/EU47 - UK14\/EU50) Seisukord: uued\" \/>\n<meta property=\"og:url\" content=\"https:\/\/www.outdoors.ee\/et\/toode\/hollandi-armee-meindl-pika-saarega-sokid-khaki\/\" \/>\n<meta property=\"og:site_name\" content=\"Outdoors\" \/>\n<meta property=\"article:modified_time\" content=\"2025-09-01T13:45:40+00:00\" \/>\n<meta property=\"og:image\" content=\"https:\/\/www.outdoors.ee\/wp-content\/uploads\/2021\/08\/0923-Meindl-Knee-High-Socks-Khaki-1.jpg\" \/>\n\t<meta property=\"og:image:width\" content=\"1144\" \/>\n\t<meta property=\"og:image:height\" content=\"1407\" \/>\n\t<meta property=\"og:image:type\" content=\"image\/jpeg\" \/>\n<meta name=\"twitter:card\" content=\"summary_large_image\" \/>\n<meta name=\"twitter:title\" content=\"Meindl pika s\u00e4\u00e4rega sokid Khaki\" \/>\n<meta name=\"twitter:label1\" content=\"Est. reading time\" \/>\n\t<meta name=\"twitter:data1\" content=\"1 minut\" \/>\n<script type=\"application\/ld+json\" class=\"yoast-schema-graph\">{\"@context\":\"https:\/\/schema.org\",\"@graph\":[{\"@type\":\"WebPage\",\"@id\":\"https:\/\/www.outdoors.ee\/et\/toode\/hollandi-armee-meindl-pika-saarega-sokid-khaki\/\",\"url\":\"https:\/\/www.outdoors.ee\/et\/toode\/hollandi-armee-meindl-pika-saarega-sokid-khaki\/\",\"name\":\"Meindl pika s\u00e4\u00e4rega sokid Khaki - outdoors.ee\",\"isPartOf\":{\"@id\":\"https:\/\/www.outdoors.ee\/#website\"},\"primaryImageOfPage\":{\"@id\":\"https:\/\/www.outdoors.ee\/et\/toode\/hollandi-armee-meindl-pika-saarega-sokid-khaki\/#primaryimage\"},\"image\":{\"@id\":\"https:\/\/www.outdoors.ee\/et\/toode\/hollandi-armee-meindl-pika-saarega-sokid-khaki\/#primaryimage\"},\"thumbnailUrl\":\"https:\/\/www.outdoors.ee\/wp-content\/uploads\/2021\/08\/0923-Meindl-Knee-High-Socks-Khaki-1.jpg\",\"datePublished\":\"2021-12-09T00:00:00+00:00\",\"dateModified\":\"2025-09-01T13:45:40+00:00\",\"description\":\"Koostis:\u00a055% lyocell, 43% pol\u00fcamiid, 2% elastaan Suurused:\u00a0(UK3\/EU35 - UK5\/EU38); (UK6\/EU39 - UK8\/EU42); (UK9\/EU43 - UK11\/EU46); (UK12\/EU47 - UK14\/EU50) Seisukord: uued\",\"breadcrumb\":{\"@id\":\"https:\/\/www.outdoors.ee\/et\/toode\/hollandi-armee-meindl-pika-saarega-sokid-khaki\/#breadcrumb\"},\"inLanguage\":\"et\",\"potentialAction\":[{\"@type\":\"ReadAction\",\"target\":[\"https:\/\/www.outdoors.ee\/et\/toode\/hollandi-armee-meindl-pika-saarega-sokid-khaki\/\"]}]},{\"@type\":\"ImageObject\",\"inLanguage\":\"et\",\"@id\":\"https:\/\/www.outdoors.ee\/et\/toode\/hollandi-armee-meindl-pika-saarega-sokid-khaki\/#primaryimage\",\"url\":\"https:\/\/www.outdoors.ee\/wp-content\/uploads\/2021\/08\/0923-Meindl-Knee-High-Socks-Khaki-1.jpg\",\"contentUrl\":\"https:\/\/www.outdoors.ee\/wp-content\/uploads\/2021\/08\/0923-Meindl-Knee-High-Socks-Khaki-1.jpg\",\"width\":1144,\"height\":1407},{\"@type\":\"BreadcrumbList\",\"@id\":\"https:\/\/www.outdoors.ee\/et\/toode\/hollandi-armee-meindl-pika-saarega-sokid-khaki\/#breadcrumb\",\"itemListElement\":[{\"@type\":\"ListItem\",\"position\":1,\"name\":\"Home\",\"item\":\"https:\/\/www.outdoors.ee\/et\/\"},{\"@type\":\"ListItem\",\"position\":2,\"name\":\"Tooted\",\"item\":\"https:\/\/www.outdoors.ee\/products\/\"},{\"@type\":\"ListItem\",\"position\":3,\"name\":\"Hollandi Armee Meindl\u00ae pika s\u00e4\u00e4rega sokid Khaki\"}]},{\"@type\":\"WebSite\",\"@id\":\"https:\/\/www.outdoors.ee\/#website\",\"url\":\"https:\/\/www.outdoors.ee\/\",\"name\":\"Outdoors\",\"description\":\"Genuine military surplus and not only!\",\"potentialAction\":[{\"@type\":\"SearchAction\",\"target\":{\"@type\":\"EntryPoint\",\"urlTemplate\":\"https:\/\/www.outdoors.ee\/?s={search_term_string}\"},\"query-input\":{\"@type\":\"PropertyValueSpecification\",\"valueRequired\":true,\"valueName\":\"search_term_string\"}}],\"inLanguage\":\"et\"}]}<\/script>\n<!-- \/ Yoast SEO plugin. -->","yoast_head_json":{"title":"Meindl pika s\u00e4\u00e4rega sokid Khaki - outdoors.ee","description":"Koostis:\u00a055% lyocell, 43% pol\u00fcamiid, 2% elastaan Suurused:\u00a0(UK3\/EU35 - UK5\/EU38); (UK6\/EU39 - UK8\/EU42); (UK9\/EU43 - UK11\/EU46); (UK12\/EU47 - UK14\/EU50) Seisukord: uued","robots":{"index":"index","follow":"follow","max-snippet":"max-snippet:-1","max-image-preview":"max-image-preview:large","max-video-preview":"max-video-preview:-1"},"canonical":"https:\/\/www.outdoors.ee\/et\/toode\/hollandi-armee-meindl-pika-saarega-sokid-khaki\/","og_locale":"et_EE","og_type":"article","og_title":"Meindl pika s\u00e4\u00e4rega sokid Khaki","og_description":"Koostis:\u00a055% lyocell, 43% pol\u00fcamiid, 2% elastaan Suurused:\u00a0(UK3\/EU35 - UK5\/EU38); (UK6\/EU39 - UK8\/EU42); (UK9\/EU43 - UK11\/EU46); (UK12\/EU47 - UK14\/EU50) Seisukord: uued","og_url":"https:\/\/www.outdoors.ee\/et\/toode\/hollandi-armee-meindl-pika-saarega-sokid-khaki\/","og_site_name":"Outdoors","article_modified_time":"2025-09-01T13:45:40+00:00","og_image":[{"width":1144,"height":1407,"url":"https:\/\/www.outdoors.ee\/wp-content\/uploads\/2021\/08\/0923-Meindl-Knee-High-Socks-Khaki-1.jpg","type":"image\/jpeg"}],"twitter_card":"summary_large_image","twitter_title":"Meindl pika s\u00e4\u00e4rega sokid Khaki","twitter_misc":{"Est. reading time":"1 minut"},"schema":{"@context":"https:\/\/schema.org","@graph":[{"@type":"WebPage","@id":"https:\/\/www.outdoors.ee\/et\/toode\/hollandi-armee-meindl-pika-saarega-sokid-khaki\/","url":"https:\/\/www.outdoors.ee\/et\/toode\/hollandi-armee-meindl-pika-saarega-sokid-khaki\/","name":"Meindl pika s\u00e4\u00e4rega sokid Khaki - outdoors.ee","isPartOf":{"@id":"https:\/\/www.outdoors.ee\/#website"},"primaryImageOfPage":{"@id":"https:\/\/www.outdoors.ee\/et\/toode\/hollandi-armee-meindl-pika-saarega-sokid-khaki\/#primaryimage"},"image":{"@id":"https:\/\/www.outdoors.ee\/et\/toode\/hollandi-armee-meindl-pika-saarega-sokid-khaki\/#primaryimage"},"thumbnailUrl":"https:\/\/www.outdoors.ee\/wp-content\/uploads\/2021\/08\/0923-Meindl-Knee-High-Socks-Khaki-1.jpg","datePublished":"2021-12-09T00:00:00+00:00","dateModified":"2025-09-01T13:45:40+00:00","description":"Koostis:\u00a055% lyocell, 43% pol\u00fcamiid, 2% elastaan Suurused:\u00a0(UK3\/EU35 - UK5\/EU38); (UK6\/EU39 - UK8\/EU42); (UK9\/EU43 - UK11\/EU46); (UK12\/EU47 - UK14\/EU50) Seisukord: uued","breadcrumb":{"@id":"https:\/\/www.outdoors.ee\/et\/toode\/hollandi-armee-meindl-pika-saarega-sokid-khaki\/#breadcrumb"},"inLanguage":"et","potentialAction":[{"@type":"ReadAction","target":["https:\/\/www.outdoors.ee\/et\/toode\/hollandi-armee-meindl-pika-saarega-sokid-khaki\/"]}]},{"@type":"ImageObject","inLanguage":"et","@id":"https:\/\/www.outdoors.ee\/et\/toode\/hollandi-armee-meindl-pika-saarega-sokid-khaki\/#primaryimage","url":"https:\/\/www.outdoors.ee\/wp-content\/uploads\/2021\/08\/0923-Meindl-Knee-High-Socks-Khaki-1.jpg","contentUrl":"https:\/\/www.outdoors.ee\/wp-content\/uploads\/2021\/08\/0923-Meindl-Knee-High-Socks-Khaki-1.jpg","width":1144,"height":1407},{"@type":"BreadcrumbList","@id":"https:\/\/www.outdoors.ee\/et\/toode\/hollandi-armee-meindl-pika-saarega-sokid-khaki\/#breadcrumb","itemListElement":[{"@type":"ListItem","position":1,"name":"Home","item":"https:\/\/www.outdoors.ee\/et\/"},{"@type":"ListItem","position":2,"name":"Tooted","item":"https:\/\/www.outdoors.ee\/products\/"},{"@type":"ListItem","position":3,"name":"Hollandi Armee Meindl\u00ae pika s\u00e4\u00e4rega sokid Khaki"}]},{"@type":"WebSite","@id":"https:\/\/www.outdoors.ee\/#website","url":"https:\/\/www.outdoors.ee\/","name":"Outdoors","description":"Genuine military surplus and not only!","potentialAction":[{"@type":"SearchAction","target":{"@type":"EntryPoint","urlTemplate":"https:\/\/www.outdoors.ee\/?s={search_term_string}"},"query-input":{"@type":"PropertyValueSpecification","valueRequired":true,"valueName":"search_term_string"}}],"inLanguage":"et"}]}},"_links":{"self":[{"href":"https:\/\/www.outdoors.ee\/et\/wp-json\/wp\/v2\/product\/60866","targetHints":{"allow":["GET"]}}],"collection":[{"href":"https:\/\/www.outdoors.ee\/et\/wp-json\/wp\/v2\/product"}],"about":[{"href":"https:\/\/www.outdoors.ee\/et\/wp-json\/wp\/v2\/types\/product"}],"wp:featuredmedia":[{"embeddable":true,"href":"https:\/\/www.outdoors.ee\/et\/wp-json\/wp\/v2\/media\/10797"}],"wp:attachment":[{"href":"https:\/\/www.outdoors.ee\/et\/wp-json\/wp\/v2\/media?parent=60866"}],"wp:term":[{"taxonomy":"product_brand","embeddable":true,"href":"https:\/\/www.outdoors.ee\/et\/wp-json\/wp\/v2\/product_brand?post=60866"},{"taxonomy":"product_cat","embeddable":true,"href":"https:\/\/www.outdoors.ee\/et\/wp-json\/wp\/v2\/product_cat?post=60866"},{"taxonomy":"product_tag","embeddable":true,"href":"https:\/\/www.outdoors.ee\/et\/wp-json\/wp\/v2\/product_tag?post=60866"}],"curies":[{"name":"wp","href":"https:\/\/api.w.org\/{rel}","templated":true}]}}