{"id":60830,"date":"2021-12-09T00:00:00","date_gmt":"2021-12-09T00:00:00","guid":{"rendered":"https:\/\/www.outdoors.ee\/product\/panda-bis-turvajalatsid\/"},"modified":"2025-11-13T13:33:42","modified_gmt":"2025-11-13T11:33:42","slug":"panda-bis-turvajalatsid","status":"publish","type":"product","link":"https:\/\/www.outdoors.ee\/et\/toode\/panda-bis-turvajalatsid\/","title":{"rendered":"Panda Bis turvajalatsid"},"content":{"rendered":"<p style=\"text-align: justify;\">Itaalias toodetud kvaliteetsed turvajalatsid. T\u00f6\u00f6jalatseid kasutatakse mitmesuguste \u00fcldt\u00f6\u00f6de tegemisel ehitusel, t\u00f6\u00f6stuses, p\u00f5llumajanduses, kaubanduses, kodumajanduses ja vabal ajal.<\/p>\n<ul style=\"text-align: justify;\">\n<li>veekindel v\u00e4lisnahk<\/li>\n<li>muljumis- ja p\u00f5rutuskindel varbakaitse<\/li>\n<li>torkekindel tald<\/li>\n<li>antistaatline, \u00f5likindel ja libisemisvastane tald<\/li>\n<li>EU suuruste s\u00fcsteem<\/li>\n<\/ul>\n<p style=\"text-align: justify;\"><strong>Seisukord<\/strong>: uus<\/p>\n","protected":false},"excerpt":{"rendered":"<p>Panda Bis turvasaapad, KLASS S3 SRC<\/p>\n","protected":false},"featured_media":18229,"template":"","meta":[],"product_brand":[],"product_cat":[92],"product_tag":[],"class_list":{"0":"post-60830","1":"product","2":"type-product","3":"status-publish","4":"has-post-thumbnail","6":"product_cat-turvajalatsid","7":"pa_brand-panda-2","8":"pa_size-uk125-us135-eu48-2","9":"pa_size-uk7-us8-eu41-2","10":"pa_size-uk8-us9-eu42-3","11":"pa_size-uk95-us105-eu44-2","12":"pa_size-uk9-us10-eu43-2","14":"first","15":"instock","16":"taxable","17":"shipping-taxable","18":"purchasable","19":"product-type-variable"},"yoast_head":"<!-- This site is optimized with the Yoast SEO plugin v27.2 - https:\/\/yoast.com\/product\/yoast-seo-wordpress\/ -->\n<title>Panda Bis turvajalatsid - outdoors.ee<\/title>\n<meta name=\"description\" content=\"Itaalias toodetud kvaliteetsed turvasaapad.\u00a0T\u00f6\u00f6jalatseid kasutatakse mitmesuguste \u00fcldt\u00f6\u00f6de tegemisel ehitusel, t\u00f6\u00f6stuses, p\u00f5llumajanduses, kaubanduses, kodumajanduses ja vabal ajal. veekindel v\u00e4lisnahk muljumis- ja p\u00f5rutuskindel varbakaitse torkekindel tald antistaatline, \u00f5likindel ja libisemiskindel tald Seisukord: uued\" \/>\n<meta name=\"robots\" content=\"index, follow, max-snippet:-1, max-image-preview:large, max-video-preview:-1\" \/>\n<link rel=\"canonical\" href=\"https:\/\/www.outdoors.ee\/et\/toode\/panda-bis-turvajalatsid\/\" \/>\n<meta property=\"og:locale\" content=\"et_EE\" \/>\n<meta property=\"og:type\" content=\"article\" \/>\n<meta property=\"og:title\" content=\"Panda Bis turvajalatsid\" \/>\n<meta property=\"og:description\" content=\"Itaalias toodetud kvaliteetsed turvasaapad.\u00a0T\u00f6\u00f6jalatseid kasutatakse mitmesuguste \u00fcldt\u00f6\u00f6de tegemisel ehitusel, t\u00f6\u00f6stuses, p\u00f5llumajanduses, kaubanduses, kodumajanduses ja vabal ajal. veekindel v\u00e4lisnahk muljumis- ja p\u00f5rutuskindel varbakaitse torkekindel tald antistaatline, \u00f5likindel ja libisemiskindel tald Seisukord: uued\" \/>\n<meta property=\"og:url\" content=\"https:\/\/www.outdoors.ee\/et\/toode\/panda-bis-turvajalatsid\/\" \/>\n<meta property=\"og:site_name\" content=\"Outdoors\" \/>\n<meta property=\"article:modified_time\" content=\"2025-11-13T11:33:42+00:00\" \/>\n<meta property=\"og:image\" content=\"https:\/\/www.outdoors.ee\/wp-content\/uploads\/2021\/09\/0907-Panda-Bis-2.jpg\" \/>\n\t<meta property=\"og:image:width\" content=\"1125\" \/>\n\t<meta property=\"og:image:height\" content=\"750\" \/>\n\t<meta property=\"og:image:type\" content=\"image\/jpeg\" \/>\n<meta name=\"twitter:card\" content=\"summary_large_image\" \/>\n<meta name=\"twitter:title\" content=\"Panda Bis turvajalatsid\" \/>\n<meta name=\"twitter:label1\" content=\"Est. reading time\" \/>\n\t<meta name=\"twitter:data1\" content=\"1 minut\" \/>\n<script type=\"application\/ld+json\" class=\"yoast-schema-graph\">{\"@context\":\"https:\/\/schema.org\",\"@graph\":[{\"@type\":\"WebPage\",\"@id\":\"https:\/\/www.outdoors.ee\/et\/toode\/panda-bis-turvajalatsid\/\",\"url\":\"https:\/\/www.outdoors.ee\/et\/toode\/panda-bis-turvajalatsid\/\",\"name\":\"Panda Bis turvajalatsid - outdoors.ee\",\"isPartOf\":{\"@id\":\"https:\/\/www.outdoors.ee\/#website\"},\"primaryImageOfPage\":{\"@id\":\"https:\/\/www.outdoors.ee\/et\/toode\/panda-bis-turvajalatsid\/#primaryimage\"},\"image\":{\"@id\":\"https:\/\/www.outdoors.ee\/et\/toode\/panda-bis-turvajalatsid\/#primaryimage\"},\"thumbnailUrl\":\"https:\/\/www.outdoors.ee\/wp-content\/uploads\/2021\/09\/0907-Panda-Bis-2.jpg\",\"datePublished\":\"2021-12-09T00:00:00+00:00\",\"dateModified\":\"2025-11-13T11:33:42+00:00\",\"description\":\"Itaalias toodetud kvaliteetsed turvasaapad.\u00a0T\u00f6\u00f6jalatseid kasutatakse mitmesuguste \u00fcldt\u00f6\u00f6de tegemisel ehitusel, t\u00f6\u00f6stuses, p\u00f5llumajanduses, kaubanduses, kodumajanduses ja vabal ajal. veekindel v\u00e4lisnahk muljumis- ja p\u00f5rutuskindel varbakaitse torkekindel tald antistaatline, \u00f5likindel ja libisemiskindel tald Seisukord: uued\",\"breadcrumb\":{\"@id\":\"https:\/\/www.outdoors.ee\/et\/toode\/panda-bis-turvajalatsid\/#breadcrumb\"},\"inLanguage\":\"et\",\"potentialAction\":[{\"@type\":\"ReadAction\",\"target\":[\"https:\/\/www.outdoors.ee\/et\/toode\/panda-bis-turvajalatsid\/\"]}]},{\"@type\":\"ImageObject\",\"inLanguage\":\"et\",\"@id\":\"https:\/\/www.outdoors.ee\/et\/toode\/panda-bis-turvajalatsid\/#primaryimage\",\"url\":\"https:\/\/www.outdoors.ee\/wp-content\/uploads\/2021\/09\/0907-Panda-Bis-2.jpg\",\"contentUrl\":\"https:\/\/www.outdoors.ee\/wp-content\/uploads\/2021\/09\/0907-Panda-Bis-2.jpg\",\"width\":1125,\"height\":750},{\"@type\":\"BreadcrumbList\",\"@id\":\"https:\/\/www.outdoors.ee\/et\/toode\/panda-bis-turvajalatsid\/#breadcrumb\",\"itemListElement\":[{\"@type\":\"ListItem\",\"position\":1,\"name\":\"Home\",\"item\":\"https:\/\/www.outdoors.ee\/et\/\"},{\"@type\":\"ListItem\",\"position\":2,\"name\":\"Tooted\",\"item\":\"https:\/\/www.outdoors.ee\/products\/\"},{\"@type\":\"ListItem\",\"position\":3,\"name\":\"Panda Bis turvajalatsid\"}]},{\"@type\":\"WebSite\",\"@id\":\"https:\/\/www.outdoors.ee\/#website\",\"url\":\"https:\/\/www.outdoors.ee\/\",\"name\":\"Outdoors\",\"description\":\"Genuine military surplus and not only!\",\"potentialAction\":[{\"@type\":\"SearchAction\",\"target\":{\"@type\":\"EntryPoint\",\"urlTemplate\":\"https:\/\/www.outdoors.ee\/?s={search_term_string}\"},\"query-input\":{\"@type\":\"PropertyValueSpecification\",\"valueRequired\":true,\"valueName\":\"search_term_string\"}}],\"inLanguage\":\"et\"}]}<\/script>\n<!-- \/ Yoast SEO plugin. -->","yoast_head_json":{"title":"Panda Bis turvajalatsid - outdoors.ee","description":"Itaalias toodetud kvaliteetsed turvasaapad.\u00a0T\u00f6\u00f6jalatseid kasutatakse mitmesuguste \u00fcldt\u00f6\u00f6de tegemisel ehitusel, t\u00f6\u00f6stuses, p\u00f5llumajanduses, kaubanduses, kodumajanduses ja vabal ajal. veekindel v\u00e4lisnahk muljumis- ja p\u00f5rutuskindel varbakaitse torkekindel tald antistaatline, \u00f5likindel ja libisemiskindel tald Seisukord: uued","robots":{"index":"index","follow":"follow","max-snippet":"max-snippet:-1","max-image-preview":"max-image-preview:large","max-video-preview":"max-video-preview:-1"},"canonical":"https:\/\/www.outdoors.ee\/et\/toode\/panda-bis-turvajalatsid\/","og_locale":"et_EE","og_type":"article","og_title":"Panda Bis turvajalatsid","og_description":"Itaalias toodetud kvaliteetsed turvasaapad.\u00a0T\u00f6\u00f6jalatseid kasutatakse mitmesuguste \u00fcldt\u00f6\u00f6de tegemisel ehitusel, t\u00f6\u00f6stuses, p\u00f5llumajanduses, kaubanduses, kodumajanduses ja vabal ajal. veekindel v\u00e4lisnahk muljumis- ja p\u00f5rutuskindel varbakaitse torkekindel tald antistaatline, \u00f5likindel ja libisemiskindel tald Seisukord: uued","og_url":"https:\/\/www.outdoors.ee\/et\/toode\/panda-bis-turvajalatsid\/","og_site_name":"Outdoors","article_modified_time":"2025-11-13T11:33:42+00:00","og_image":[{"width":1125,"height":750,"url":"https:\/\/www.outdoors.ee\/wp-content\/uploads\/2021\/09\/0907-Panda-Bis-2.jpg","type":"image\/jpeg"}],"twitter_card":"summary_large_image","twitter_title":"Panda Bis turvajalatsid","twitter_misc":{"Est. reading time":"1 minut"},"schema":{"@context":"https:\/\/schema.org","@graph":[{"@type":"WebPage","@id":"https:\/\/www.outdoors.ee\/et\/toode\/panda-bis-turvajalatsid\/","url":"https:\/\/www.outdoors.ee\/et\/toode\/panda-bis-turvajalatsid\/","name":"Panda Bis turvajalatsid - outdoors.ee","isPartOf":{"@id":"https:\/\/www.outdoors.ee\/#website"},"primaryImageOfPage":{"@id":"https:\/\/www.outdoors.ee\/et\/toode\/panda-bis-turvajalatsid\/#primaryimage"},"image":{"@id":"https:\/\/www.outdoors.ee\/et\/toode\/panda-bis-turvajalatsid\/#primaryimage"},"thumbnailUrl":"https:\/\/www.outdoors.ee\/wp-content\/uploads\/2021\/09\/0907-Panda-Bis-2.jpg","datePublished":"2021-12-09T00:00:00+00:00","dateModified":"2025-11-13T11:33:42+00:00","description":"Itaalias toodetud kvaliteetsed turvasaapad.\u00a0T\u00f6\u00f6jalatseid kasutatakse mitmesuguste \u00fcldt\u00f6\u00f6de tegemisel ehitusel, t\u00f6\u00f6stuses, p\u00f5llumajanduses, kaubanduses, kodumajanduses ja vabal ajal. veekindel v\u00e4lisnahk muljumis- ja p\u00f5rutuskindel varbakaitse torkekindel tald antistaatline, \u00f5likindel ja libisemiskindel tald Seisukord: uued","breadcrumb":{"@id":"https:\/\/www.outdoors.ee\/et\/toode\/panda-bis-turvajalatsid\/#breadcrumb"},"inLanguage":"et","potentialAction":[{"@type":"ReadAction","target":["https:\/\/www.outdoors.ee\/et\/toode\/panda-bis-turvajalatsid\/"]}]},{"@type":"ImageObject","inLanguage":"et","@id":"https:\/\/www.outdoors.ee\/et\/toode\/panda-bis-turvajalatsid\/#primaryimage","url":"https:\/\/www.outdoors.ee\/wp-content\/uploads\/2021\/09\/0907-Panda-Bis-2.jpg","contentUrl":"https:\/\/www.outdoors.ee\/wp-content\/uploads\/2021\/09\/0907-Panda-Bis-2.jpg","width":1125,"height":750},{"@type":"BreadcrumbList","@id":"https:\/\/www.outdoors.ee\/et\/toode\/panda-bis-turvajalatsid\/#breadcrumb","itemListElement":[{"@type":"ListItem","position":1,"name":"Home","item":"https:\/\/www.outdoors.ee\/et\/"},{"@type":"ListItem","position":2,"name":"Tooted","item":"https:\/\/www.outdoors.ee\/products\/"},{"@type":"ListItem","position":3,"name":"Panda Bis turvajalatsid"}]},{"@type":"WebSite","@id":"https:\/\/www.outdoors.ee\/#website","url":"https:\/\/www.outdoors.ee\/","name":"Outdoors","description":"Genuine military surplus and not only!","potentialAction":[{"@type":"SearchAction","target":{"@type":"EntryPoint","urlTemplate":"https:\/\/www.outdoors.ee\/?s={search_term_string}"},"query-input":{"@type":"PropertyValueSpecification","valueRequired":true,"valueName":"search_term_string"}}],"inLanguage":"et"}]}},"_links":{"self":[{"href":"https:\/\/www.outdoors.ee\/et\/wp-json\/wp\/v2\/product\/60830","targetHints":{"allow":["GET"]}}],"collection":[{"href":"https:\/\/www.outdoors.ee\/et\/wp-json\/wp\/v2\/product"}],"about":[{"href":"https:\/\/www.outdoors.ee\/et\/wp-json\/wp\/v2\/types\/product"}],"wp:featuredmedia":[{"embeddable":true,"href":"https:\/\/www.outdoors.ee\/et\/wp-json\/wp\/v2\/media\/18229"}],"wp:attachment":[{"href":"https:\/\/www.outdoors.ee\/et\/wp-json\/wp\/v2\/media?parent=60830"}],"wp:term":[{"taxonomy":"product_brand","embeddable":true,"href":"https:\/\/www.outdoors.ee\/et\/wp-json\/wp\/v2\/product_brand?post=60830"},{"taxonomy":"product_cat","embeddable":true,"href":"https:\/\/www.outdoors.ee\/et\/wp-json\/wp\/v2\/product_cat?post=60830"},{"taxonomy":"product_tag","embeddable":true,"href":"https:\/\/www.outdoors.ee\/et\/wp-json\/wp\/v2\/product_tag?post=60830"}],"curies":[{"name":"wp","href":"https:\/\/api.w.org\/{rel}","templated":true}]}}