{"id":60760,"date":"2021-12-09T00:00:00","date_gmt":"2021-12-09T00:00:00","guid":{"rendered":"https:\/\/www.outdoors.ee\/product\/u-s-air-force-cwu-45-p-lenduri-jope\/"},"modified":"2026-03-30T11:11:48","modified_gmt":"2026-03-30T08:11:48","slug":"u-s-air-force-cwu-45-p-lenduri-jope","status":"publish","type":"product","link":"https:\/\/www.outdoors.ee\/et\/toode\/u-s-air-force-cwu-45-p-lenduri-jope\/","title":{"rendered":"U.S. Air Force CWU-45\/P Lenduri jope"},"content":{"rendered":"<p>USA \u00f5huv\u00e4e originaal, k\u00fclma ilmastiku vormi (CWU) lenduri jope raskelts\u00fcttivast aramiidkangast. Kasutusel Austria \u00f5huv\u00e4e pilootide poolt.<\/p>\n<p><strong>Omadused:<\/strong><\/p>\n<ul>\n<li>raskelts\u00fcttiv aramiidkangas<\/li>\n<li>toodetud vastavuses USA s\u00f5jav\u00e4e spetsifikatsiooniga<\/li>\n<li>t\u00e4ispikkuses t\u00f5mbluku ning klapiga eest suletav<\/li>\n<li>polsterdatud takjakinnitusega k\u00e4etaskud<\/li>\n<li>t\u00f5mbluku ja pastapliiatsi pesadega tasku vasakul k\u00e4isel<\/li>\n<li>venivad trikotaa\u017eist mansetid ning alumine \u00e4\u00e4r<\/li>\n<li>takjapael rinnal<\/li>\n<li>toodetud USA-s (erinevad tootjad)<\/li>\n<\/ul>\n<p><strong>NB<\/strong>! S\u00f5ltumata seisukorrast v\u00f5ib jope sisaldada &#8220;tiivade&#8221; embleemi paremal rinnal v\u00f5i selle eemaldamise j\u00e4lgi.<\/p>\n<p><strong>Seisukord<\/strong>:<\/p>\n<ul>\n<li>uus (ilma j\u00e4em\u00fc\u00fcgi pakendita, v\u00f5ib sisaldada ladustamise j\u00e4lgi)<\/li>\n<li>uuev\u00e4\u00e4rne (sisaldab kergeid kulumisj\u00e4lgi)<\/li>\n<li>kasutatud, Grade 1 (sisaldab m\u00f5\u00f5dukaid kulumisj\u00e4lgi, v\u00f5ib sisaldada v\u00e4iksemaid vigastusi\/parandusi ning olla kohati pleekinud)<\/li>\n<\/ul>\n","protected":false},"excerpt":{"rendered":"<p>U.S. Air Force CWU-45\/P Lenduri jope, roheline<\/p>\n","protected":false},"featured_media":68628,"template":"","meta":[],"product_brand":[],"product_cat":[101],"product_tag":[],"class_list":{"0":"post-60760","1":"product","2":"type-product","3":"status-publish","4":"has-post-thumbnail","6":"product_cat-joped-parkad","7":"pa_brand-austrian-military-surplus","8":"pa_condition-kasutatud-grade-1","9":"pa_condition-uuevaarne","10":"pa_condition-uus","11":"pa_size-large-42-44-2","12":"pa_size-medium-38-40-2","13":"pa_size-small-34-36-3","14":"pa_size-xlarge-46-48-2","16":"first","17":"instock","18":"taxable","19":"shipping-taxable","20":"purchasable","21":"product-type-variable"},"yoast_head":"<!-- This site is optimized with the Yoast SEO plugin v27.2 - https:\/\/yoast.com\/product\/yoast-seo-wordpress\/ -->\n<title>U.S. Air Force CWU-45\/P Lenduri jope - outdoors.ee<\/title>\n<meta name=\"description\" content=\"USA \u00f5huv\u00e4e originaal, k\u00fclma ilmastiku vormi (CWU) lenduri jope raskelts\u00fcttivast aramiidkangast.\u00a0 Omadused: raskelts\u00fcttiv aramiidkangas toodetud vastavuses USA s\u00f5jav\u00e4e spetsifikatsiooniga t\u00e4ispikkuses t\u00f5mbluku ning klapiga eest suletav polsterdatud takjakinnitusega k\u00e4etaskud t\u00f5mbluku ja pastapliiatsi pesadega tasku vasakul k\u00e4isel kootud venivad mansetid ning alumine \u00e4\u00e4r takjapael rinnal toodetud USA-s (erinevad tootjad) NB! S\u00f5ltumata seisukorrast v\u00f5ib jope sisaldada &quot;tiivade&quot; embleemi paremal rinnal v\u00f5i selle eemaldamise j\u00e4lgi. Seisukord:\u00a0 uus (v\u00f5ib sisaldada ladustamise j\u00e4lgi) uuev\u00e4\u00e4rne (sisaldab minimaalseid kulumisj\u00e4lgi) kasutatud, Grade 1 (sisaldab m\u00f5\u00f5dukaid kulumisj\u00e4lgi, v\u00f5ib sisaldada v\u00e4iksemaid vigastusi ning olla kohati pleekinud\" \/>\n<meta name=\"robots\" content=\"index, follow, max-snippet:-1, max-image-preview:large, max-video-preview:-1\" \/>\n<link rel=\"canonical\" href=\"https:\/\/www.outdoors.ee\/et\/toode\/u-s-air-force-cwu-45-p-lenduri-jope\/\" \/>\n<meta property=\"og:locale\" content=\"et_EE\" \/>\n<meta property=\"og:type\" content=\"article\" \/>\n<meta property=\"og:title\" content=\"U.S. Air Force CWU-45\/P Lenduri jope\" \/>\n<meta property=\"og:description\" content=\"USA \u00f5huv\u00e4e originaal, k\u00fclma ilmastiku vormi (CWU) lenduri jope raskelts\u00fcttivast aramiidkangast.\u00a0 Omadused: raskelts\u00fcttiv aramiidkangas toodetud vastavuses USA s\u00f5jav\u00e4e spetsifikatsiooniga t\u00e4ispikkuses t\u00f5mbluku ning klapiga eest suletav polsterdatud takjakinnitusega k\u00e4etaskud t\u00f5mbluku ja pastapliiatsi pesadega tasku vasakul k\u00e4isel kootud venivad mansetid ning alumine \u00e4\u00e4r takjapael rinnal toodetud USA-s (erinevad tootjad) NB! S\u00f5ltumata seisukorrast v\u00f5ib jope sisaldada &quot;tiivade&quot; embleemi paremal rinnal v\u00f5i selle eemaldamise j\u00e4lgi. Seisukord:\u00a0 uus (v\u00f5ib sisaldada ladustamise j\u00e4lgi) uuev\u00e4\u00e4rne (sisaldab minimaalseid kulumisj\u00e4lgi) kasutatud, Grade 1 (sisaldab m\u00f5\u00f5dukaid kulumisj\u00e4lgi, v\u00f5ib sisaldada v\u00e4iksemaid vigastusi ning olla kohati pleekinud\" \/>\n<meta property=\"og:url\" content=\"https:\/\/www.outdoors.ee\/et\/toode\/u-s-air-force-cwu-45-p-lenduri-jope\/\" \/>\n<meta property=\"og:site_name\" content=\"Outdoors\" \/>\n<meta property=\"article:modified_time\" content=\"2026-03-30T08:11:48+00:00\" \/>\n<meta property=\"og:image\" content=\"https:\/\/www.outdoors.ee\/wp-content\/uploads\/2021\/12\/0891-U.S.-Air-Force-CWU-45P-Flyer\u00b4s-Jacket.jpg\" \/>\n\t<meta property=\"og:image:width\" content=\"1200\" \/>\n\t<meta property=\"og:image:height\" content=\"1200\" \/>\n\t<meta property=\"og:image:type\" content=\"image\/jpeg\" \/>\n<meta name=\"twitter:card\" content=\"summary_large_image\" \/>\n<meta name=\"twitter:title\" content=\"U.S. Air Force CWU-45\/P Lenduri jope\" \/>\n<meta name=\"twitter:label1\" content=\"Est. reading time\" \/>\n\t<meta name=\"twitter:data1\" content=\"1 minut\" \/>\n<script type=\"application\/ld+json\" class=\"yoast-schema-graph\">{\"@context\":\"https:\/\/schema.org\",\"@graph\":[{\"@type\":\"WebPage\",\"@id\":\"https:\/\/www.outdoors.ee\/et\/toode\/u-s-air-force-cwu-45-p-lenduri-jope\/\",\"url\":\"https:\/\/www.outdoors.ee\/et\/toode\/u-s-air-force-cwu-45-p-lenduri-jope\/\",\"name\":\"U.S. Air Force CWU-45\/P Lenduri jope - outdoors.ee\",\"isPartOf\":{\"@id\":\"https:\/\/www.outdoors.ee\/#website\"},\"primaryImageOfPage\":{\"@id\":\"https:\/\/www.outdoors.ee\/et\/toode\/u-s-air-force-cwu-45-p-lenduri-jope\/#primaryimage\"},\"image\":{\"@id\":\"https:\/\/www.outdoors.ee\/et\/toode\/u-s-air-force-cwu-45-p-lenduri-jope\/#primaryimage\"},\"thumbnailUrl\":\"https:\/\/www.outdoors.ee\/wp-content\/uploads\/2021\/12\/0891-U.S.-Air-Force-CWU-45P-Flyer\u00b4s-Jacket.jpg\",\"datePublished\":\"2021-12-09T00:00:00+00:00\",\"dateModified\":\"2026-03-30T08:11:48+00:00\",\"description\":\"USA \u00f5huv\u00e4e originaal, k\u00fclma ilmastiku vormi (CWU) lenduri jope raskelts\u00fcttivast aramiidkangast.\u00a0 Omadused: raskelts\u00fcttiv aramiidkangas toodetud vastavuses USA s\u00f5jav\u00e4e spetsifikatsiooniga t\u00e4ispikkuses t\u00f5mbluku ning klapiga eest suletav polsterdatud takjakinnitusega k\u00e4etaskud t\u00f5mbluku ja pastapliiatsi pesadega tasku vasakul k\u00e4isel kootud venivad mansetid ning alumine \u00e4\u00e4r takjapael rinnal toodetud USA-s (erinevad tootjad) NB! S\u00f5ltumata seisukorrast v\u00f5ib jope sisaldada \\\"tiivade\\\" embleemi paremal rinnal v\u00f5i selle eemaldamise j\u00e4lgi. Seisukord:\u00a0 uus (v\u00f5ib sisaldada ladustamise j\u00e4lgi) uuev\u00e4\u00e4rne (sisaldab minimaalseid kulumisj\u00e4lgi) kasutatud, Grade 1 (sisaldab m\u00f5\u00f5dukaid kulumisj\u00e4lgi, v\u00f5ib sisaldada v\u00e4iksemaid vigastusi ning olla kohati pleekinud\",\"breadcrumb\":{\"@id\":\"https:\/\/www.outdoors.ee\/et\/toode\/u-s-air-force-cwu-45-p-lenduri-jope\/#breadcrumb\"},\"inLanguage\":\"et\",\"potentialAction\":[{\"@type\":\"ReadAction\",\"target\":[\"https:\/\/www.outdoors.ee\/et\/toode\/u-s-air-force-cwu-45-p-lenduri-jope\/\"]}]},{\"@type\":\"ImageObject\",\"inLanguage\":\"et\",\"@id\":\"https:\/\/www.outdoors.ee\/et\/toode\/u-s-air-force-cwu-45-p-lenduri-jope\/#primaryimage\",\"url\":\"https:\/\/www.outdoors.ee\/wp-content\/uploads\/2021\/12\/0891-U.S.-Air-Force-CWU-45P-Flyer\u00b4s-Jacket.jpg\",\"contentUrl\":\"https:\/\/www.outdoors.ee\/wp-content\/uploads\/2021\/12\/0891-U.S.-Air-Force-CWU-45P-Flyer\u00b4s-Jacket.jpg\",\"width\":1200,\"height\":1200},{\"@type\":\"BreadcrumbList\",\"@id\":\"https:\/\/www.outdoors.ee\/et\/toode\/u-s-air-force-cwu-45-p-lenduri-jope\/#breadcrumb\",\"itemListElement\":[{\"@type\":\"ListItem\",\"position\":1,\"name\":\"Home\",\"item\":\"https:\/\/www.outdoors.ee\/et\/\"},{\"@type\":\"ListItem\",\"position\":2,\"name\":\"Tooted\",\"item\":\"https:\/\/www.outdoors.ee\/products\/\"},{\"@type\":\"ListItem\",\"position\":3,\"name\":\"U.S. Air Force CWU-45\/P Lenduri jope\"}]},{\"@type\":\"WebSite\",\"@id\":\"https:\/\/www.outdoors.ee\/#website\",\"url\":\"https:\/\/www.outdoors.ee\/\",\"name\":\"Outdoors\",\"description\":\"Genuine military surplus and not only!\",\"potentialAction\":[{\"@type\":\"SearchAction\",\"target\":{\"@type\":\"EntryPoint\",\"urlTemplate\":\"https:\/\/www.outdoors.ee\/?s={search_term_string}\"},\"query-input\":{\"@type\":\"PropertyValueSpecification\",\"valueRequired\":true,\"valueName\":\"search_term_string\"}}],\"inLanguage\":\"et\"}]}<\/script>\n<!-- \/ Yoast SEO plugin. -->","yoast_head_json":{"title":"U.S. Air Force CWU-45\/P Lenduri jope - outdoors.ee","description":"USA \u00f5huv\u00e4e originaal, k\u00fclma ilmastiku vormi (CWU) lenduri jope raskelts\u00fcttivast aramiidkangast.\u00a0 Omadused: raskelts\u00fcttiv aramiidkangas toodetud vastavuses USA s\u00f5jav\u00e4e spetsifikatsiooniga t\u00e4ispikkuses t\u00f5mbluku ning klapiga eest suletav polsterdatud takjakinnitusega k\u00e4etaskud t\u00f5mbluku ja pastapliiatsi pesadega tasku vasakul k\u00e4isel kootud venivad mansetid ning alumine \u00e4\u00e4r takjapael rinnal toodetud USA-s (erinevad tootjad) NB! S\u00f5ltumata seisukorrast v\u00f5ib jope sisaldada \"tiivade\" embleemi paremal rinnal v\u00f5i selle eemaldamise j\u00e4lgi. Seisukord:\u00a0 uus (v\u00f5ib sisaldada ladustamise j\u00e4lgi) uuev\u00e4\u00e4rne (sisaldab minimaalseid kulumisj\u00e4lgi) kasutatud, Grade 1 (sisaldab m\u00f5\u00f5dukaid kulumisj\u00e4lgi, v\u00f5ib sisaldada v\u00e4iksemaid vigastusi ning olla kohati pleekinud","robots":{"index":"index","follow":"follow","max-snippet":"max-snippet:-1","max-image-preview":"max-image-preview:large","max-video-preview":"max-video-preview:-1"},"canonical":"https:\/\/www.outdoors.ee\/et\/toode\/u-s-air-force-cwu-45-p-lenduri-jope\/","og_locale":"et_EE","og_type":"article","og_title":"U.S. Air Force CWU-45\/P Lenduri jope","og_description":"USA \u00f5huv\u00e4e originaal, k\u00fclma ilmastiku vormi (CWU) lenduri jope raskelts\u00fcttivast aramiidkangast.\u00a0 Omadused: raskelts\u00fcttiv aramiidkangas toodetud vastavuses USA s\u00f5jav\u00e4e spetsifikatsiooniga t\u00e4ispikkuses t\u00f5mbluku ning klapiga eest suletav polsterdatud takjakinnitusega k\u00e4etaskud t\u00f5mbluku ja pastapliiatsi pesadega tasku vasakul k\u00e4isel kootud venivad mansetid ning alumine \u00e4\u00e4r takjapael rinnal toodetud USA-s (erinevad tootjad) NB! S\u00f5ltumata seisukorrast v\u00f5ib jope sisaldada \"tiivade\" embleemi paremal rinnal v\u00f5i selle eemaldamise j\u00e4lgi. Seisukord:\u00a0 uus (v\u00f5ib sisaldada ladustamise j\u00e4lgi) uuev\u00e4\u00e4rne (sisaldab minimaalseid kulumisj\u00e4lgi) kasutatud, Grade 1 (sisaldab m\u00f5\u00f5dukaid kulumisj\u00e4lgi, v\u00f5ib sisaldada v\u00e4iksemaid vigastusi ning olla kohati pleekinud","og_url":"https:\/\/www.outdoors.ee\/et\/toode\/u-s-air-force-cwu-45-p-lenduri-jope\/","og_site_name":"Outdoors","article_modified_time":"2026-03-30T08:11:48+00:00","og_image":[{"width":1200,"height":1200,"url":"https:\/\/www.outdoors.ee\/wp-content\/uploads\/2021\/12\/0891-U.S.-Air-Force-CWU-45P-Flyer\u00b4s-Jacket.jpg","type":"image\/jpeg"}],"twitter_card":"summary_large_image","twitter_title":"U.S. Air Force CWU-45\/P Lenduri jope","twitter_misc":{"Est. reading time":"1 minut"},"schema":{"@context":"https:\/\/schema.org","@graph":[{"@type":"WebPage","@id":"https:\/\/www.outdoors.ee\/et\/toode\/u-s-air-force-cwu-45-p-lenduri-jope\/","url":"https:\/\/www.outdoors.ee\/et\/toode\/u-s-air-force-cwu-45-p-lenduri-jope\/","name":"U.S. Air Force CWU-45\/P Lenduri jope - outdoors.ee","isPartOf":{"@id":"https:\/\/www.outdoors.ee\/#website"},"primaryImageOfPage":{"@id":"https:\/\/www.outdoors.ee\/et\/toode\/u-s-air-force-cwu-45-p-lenduri-jope\/#primaryimage"},"image":{"@id":"https:\/\/www.outdoors.ee\/et\/toode\/u-s-air-force-cwu-45-p-lenduri-jope\/#primaryimage"},"thumbnailUrl":"https:\/\/www.outdoors.ee\/wp-content\/uploads\/2021\/12\/0891-U.S.-Air-Force-CWU-45P-Flyer\u00b4s-Jacket.jpg","datePublished":"2021-12-09T00:00:00+00:00","dateModified":"2026-03-30T08:11:48+00:00","description":"USA \u00f5huv\u00e4e originaal, k\u00fclma ilmastiku vormi (CWU) lenduri jope raskelts\u00fcttivast aramiidkangast.\u00a0 Omadused: raskelts\u00fcttiv aramiidkangas toodetud vastavuses USA s\u00f5jav\u00e4e spetsifikatsiooniga t\u00e4ispikkuses t\u00f5mbluku ning klapiga eest suletav polsterdatud takjakinnitusega k\u00e4etaskud t\u00f5mbluku ja pastapliiatsi pesadega tasku vasakul k\u00e4isel kootud venivad mansetid ning alumine \u00e4\u00e4r takjapael rinnal toodetud USA-s (erinevad tootjad) NB! S\u00f5ltumata seisukorrast v\u00f5ib jope sisaldada \"tiivade\" embleemi paremal rinnal v\u00f5i selle eemaldamise j\u00e4lgi. Seisukord:\u00a0 uus (v\u00f5ib sisaldada ladustamise j\u00e4lgi) uuev\u00e4\u00e4rne (sisaldab minimaalseid kulumisj\u00e4lgi) kasutatud, Grade 1 (sisaldab m\u00f5\u00f5dukaid kulumisj\u00e4lgi, v\u00f5ib sisaldada v\u00e4iksemaid vigastusi ning olla kohati pleekinud","breadcrumb":{"@id":"https:\/\/www.outdoors.ee\/et\/toode\/u-s-air-force-cwu-45-p-lenduri-jope\/#breadcrumb"},"inLanguage":"et","potentialAction":[{"@type":"ReadAction","target":["https:\/\/www.outdoors.ee\/et\/toode\/u-s-air-force-cwu-45-p-lenduri-jope\/"]}]},{"@type":"ImageObject","inLanguage":"et","@id":"https:\/\/www.outdoors.ee\/et\/toode\/u-s-air-force-cwu-45-p-lenduri-jope\/#primaryimage","url":"https:\/\/www.outdoors.ee\/wp-content\/uploads\/2021\/12\/0891-U.S.-Air-Force-CWU-45P-Flyer\u00b4s-Jacket.jpg","contentUrl":"https:\/\/www.outdoors.ee\/wp-content\/uploads\/2021\/12\/0891-U.S.-Air-Force-CWU-45P-Flyer\u00b4s-Jacket.jpg","width":1200,"height":1200},{"@type":"BreadcrumbList","@id":"https:\/\/www.outdoors.ee\/et\/toode\/u-s-air-force-cwu-45-p-lenduri-jope\/#breadcrumb","itemListElement":[{"@type":"ListItem","position":1,"name":"Home","item":"https:\/\/www.outdoors.ee\/et\/"},{"@type":"ListItem","position":2,"name":"Tooted","item":"https:\/\/www.outdoors.ee\/products\/"},{"@type":"ListItem","position":3,"name":"U.S. Air Force CWU-45\/P Lenduri jope"}]},{"@type":"WebSite","@id":"https:\/\/www.outdoors.ee\/#website","url":"https:\/\/www.outdoors.ee\/","name":"Outdoors","description":"Genuine military surplus and not only!","potentialAction":[{"@type":"SearchAction","target":{"@type":"EntryPoint","urlTemplate":"https:\/\/www.outdoors.ee\/?s={search_term_string}"},"query-input":{"@type":"PropertyValueSpecification","valueRequired":true,"valueName":"search_term_string"}}],"inLanguage":"et"}]}},"_links":{"self":[{"href":"https:\/\/www.outdoors.ee\/et\/wp-json\/wp\/v2\/product\/60760","targetHints":{"allow":["GET"]}}],"collection":[{"href":"https:\/\/www.outdoors.ee\/et\/wp-json\/wp\/v2\/product"}],"about":[{"href":"https:\/\/www.outdoors.ee\/et\/wp-json\/wp\/v2\/types\/product"}],"wp:featuredmedia":[{"embeddable":true,"href":"https:\/\/www.outdoors.ee\/et\/wp-json\/wp\/v2\/media\/68628"}],"wp:attachment":[{"href":"https:\/\/www.outdoors.ee\/et\/wp-json\/wp\/v2\/media?parent=60760"}],"wp:term":[{"taxonomy":"product_brand","embeddable":true,"href":"https:\/\/www.outdoors.ee\/et\/wp-json\/wp\/v2\/product_brand?post=60760"},{"taxonomy":"product_cat","embeddable":true,"href":"https:\/\/www.outdoors.ee\/et\/wp-json\/wp\/v2\/product_cat?post=60760"},{"taxonomy":"product_tag","embeddable":true,"href":"https:\/\/www.outdoors.ee\/et\/wp-json\/wp\/v2\/product_tag?post=60760"}],"curies":[{"name":"wp","href":"https:\/\/api.w.org\/{rel}","templated":true}]}}