{"id":60751,"date":"2021-12-09T00:00:00","date_gmt":"2021-12-09T00:00:00","guid":{"rendered":"https:\/\/www.outdoors.ee\/product\/baltes-bundeswehr-tropical-dzunglisaapad\/"},"modified":"2025-09-05T13:12:22","modified_gmt":"2025-09-05T10:12:22","slug":"baltes-tropical-bw-dzunglisaapad","status":"publish","type":"product","link":"https:\/\/www.outdoors.ee\/et\/toode\/baltes-tropical-bw-dzunglisaapad\/","title":{"rendered":"Baltes\u00ae Tropical BW d\u017eunglisaapad"},"content":{"rendered":"<p><strong>Omadused<\/strong>:<\/p>\n<ul>\n<li>Bundeswehr\u00b4i originaal<\/li>\n<li>pealne: nahk ja Cordura\u00ae<\/li>\n<li>seitsme aasaga kiiret sidumist v\u00f5imaldav paelas\u00fcsteem<\/li>\n<li>saapakeel on pehmendatud ning saapa k\u00fclge \u00f5mmeldud<\/li>\n<li>pehmendatud kaelus<\/li>\n<li>tugevdatud saapanina ning kannaosa (mitte metallist)<\/li>\n<li>antistaatiline, \u00f5li- ning k\u00fctusekindel tald<\/li>\n<li>kaal ca 1,8kg (UK9\/EU43)<\/li>\n<\/ul>\n<p>Tootja kasutab EU ning Mondopoint suuruste s\u00fcsteeme.<\/p>\n<p><strong>Seisukord<\/strong>:<\/p>\n<ul>\n<li>uus (ilma originaalkarbita, v\u00f5ivad sisaldada ladustamise j\u00e4lgi)<\/li>\n<li>uuev\u00e4\u00e4rne (sisaldavad kergeid kulumisj\u00e4lgi)<\/li>\n<li>kasutatud, Grade 1 (sisaldavad m\u00f5\u00f5dukaid kulumisj\u00e4lgi, v\u00f5ivad sisaldada v\u00e4iksemaid vigastusi, sisetallad v\u00f5ivad olla eemaldatud)<\/li>\n<\/ul>\n","protected":false},"excerpt":{"rendered":"<p>Saksa Armee Baltes\u00ae d\u017eunglisaapad, oliivroheline\/must<\/p>\n","protected":false},"featured_media":64272,"template":"","meta":[],"product_brand":[],"product_cat":[70],"product_tag":[],"class_list":{"0":"post-60751","1":"product","2":"type-product","3":"status-publish","4":"has-post-thumbnail","6":"product_cat-jalanoud","7":"pa_brand-german-military-surplus","8":"pa_condition-kasutatud-grade-1","9":"pa_condition-uuevaarne","10":"pa_condition-uus","11":"pa_size-uk10-us11-eu45-bw292","12":"pa_size-uk11-us12-eu46-bw300","13":"pa_size-uk125-us135-eu48-bw315-2","14":"pa_size-uk12-us13-eu47-bw307-2","15":"pa_size-uk5-us6-eu38-bw240-2","16":"pa_size-uk65-us75-eu40-bw255-2","17":"pa_size-uk6-us7-eu39-bw247-2","18":"pa_size-uk7-us8-eu41-bw262","19":"pa_size-uk8-us9-eu42-bw270-3","20":"pa_size-uk95-us105-eu44-bw285-3","21":"pa_size-uk9-us10-eu43-bw277","23":"first","24":"instock","25":"taxable","26":"shipping-taxable","27":"purchasable","28":"product-type-variable"},"yoast_head":"<!-- This site is optimized with the Yoast SEO plugin v27.2 - https:\/\/yoast.com\/product\/yoast-seo-wordpress\/ -->\n<title>BALTES Bundeswehr Tropical d\u017eunglisaapad - outdoors.ee<\/title>\n<meta name=\"description\" content=\"Originaalsed Saksa s\u00f5jav\u00e4e d\u017eunglisaapad. Omadused: pealne: kvaliteetne nahk ning vastupidav Cordura\u00ae seitsme aasaga kiiret sidumist v\u00f5imaldav paelas\u00fcsteem saapakeel on kaeluseni v\u00e4lja saapa k\u00fclge \u00f5mmeldud pehmendatud saapakeel ning kaelus tugevdatud saapanina ning kannaosa (mitte metallist) antistaatiline, \u00f5li- ning k\u00fctusekindel tald Kaal: ca 1,8kg (suurus EU43) Suurus rippmen\u00fc\u00fcs: EU suurus \/ sisetalla pikkus Seisukord: uued\u00a0\" \/>\n<meta name=\"robots\" content=\"index, follow, max-snippet:-1, max-image-preview:large, max-video-preview:-1\" \/>\n<link rel=\"canonical\" href=\"https:\/\/www.outdoors.ee\/et\/toode\/baltes-tropical-bw-dzunglisaapad\/\" \/>\n<meta property=\"og:locale\" content=\"et_EE\" \/>\n<meta property=\"og:type\" content=\"article\" \/>\n<meta property=\"og:title\" content=\"BALTES Bundeswehr Tropical d\u017eunglisaapad\" \/>\n<meta property=\"og:description\" content=\"Originaalsed Saksa s\u00f5jav\u00e4e d\u017eunglisaapad. Omadused: pealne: kvaliteetne nahk ning vastupidav Cordura\u00ae seitsme aasaga kiiret sidumist v\u00f5imaldav paelas\u00fcsteem saapakeel on kaeluseni v\u00e4lja saapa k\u00fclge \u00f5mmeldud pehmendatud saapakeel ning kaelus tugevdatud saapanina ning kannaosa (mitte metallist) antistaatiline, \u00f5li- ning k\u00fctusekindel tald Kaal: ca 1,8kg (suurus EU43) Suurus rippmen\u00fc\u00fcs: EU suurus \/ sisetalla pikkus Seisukord: uued\u00a0\" \/>\n<meta property=\"og:url\" content=\"https:\/\/www.outdoors.ee\/et\/toode\/baltes-tropical-bw-dzunglisaapad\/\" \/>\n<meta property=\"og:site_name\" content=\"Outdoors\" \/>\n<meta property=\"article:modified_time\" content=\"2025-09-05T10:12:22+00:00\" \/>\n<meta property=\"og:image\" content=\"https:\/\/www.outdoors.ee\/wp-content\/uploads\/2021\/12\/0888-BALTES-Bundeswehr-Tropical-Boots.png\" \/>\n\t<meta property=\"og:image:width\" content=\"467\" \/>\n\t<meta property=\"og:image:height\" content=\"534\" \/>\n\t<meta property=\"og:image:type\" content=\"image\/png\" \/>\n<meta name=\"twitter:card\" content=\"summary_large_image\" \/>\n<meta name=\"twitter:title\" content=\"BALTES Bundeswehr Tropical d\u017eunglisaapad\" \/>\n<meta name=\"twitter:label1\" content=\"Est. reading time\" \/>\n\t<meta name=\"twitter:data1\" content=\"1 minut\" \/>\n<script type=\"application\/ld+json\" class=\"yoast-schema-graph\">{\"@context\":\"https:\/\/schema.org\",\"@graph\":[{\"@type\":\"WebPage\",\"@id\":\"https:\/\/www.outdoors.ee\/et\/toode\/baltes-tropical-bw-dzunglisaapad\/\",\"url\":\"https:\/\/www.outdoors.ee\/et\/toode\/baltes-tropical-bw-dzunglisaapad\/\",\"name\":\"BALTES Bundeswehr Tropical d\u017eunglisaapad - outdoors.ee\",\"isPartOf\":{\"@id\":\"https:\/\/www.outdoors.ee\/#website\"},\"primaryImageOfPage\":{\"@id\":\"https:\/\/www.outdoors.ee\/et\/toode\/baltes-tropical-bw-dzunglisaapad\/#primaryimage\"},\"image\":{\"@id\":\"https:\/\/www.outdoors.ee\/et\/toode\/baltes-tropical-bw-dzunglisaapad\/#primaryimage\"},\"thumbnailUrl\":\"https:\/\/www.outdoors.ee\/wp-content\/uploads\/2021\/12\/0888-BALTES-Bundeswehr-Tropical-Boots.png\",\"datePublished\":\"2021-12-09T00:00:00+00:00\",\"dateModified\":\"2025-09-05T10:12:22+00:00\",\"description\":\"Originaalsed Saksa s\u00f5jav\u00e4e d\u017eunglisaapad. Omadused: pealne: kvaliteetne nahk ning vastupidav Cordura\u00ae seitsme aasaga kiiret sidumist v\u00f5imaldav paelas\u00fcsteem saapakeel on kaeluseni v\u00e4lja saapa k\u00fclge \u00f5mmeldud pehmendatud saapakeel ning kaelus tugevdatud saapanina ning kannaosa (mitte metallist) antistaatiline, \u00f5li- ning k\u00fctusekindel tald Kaal: ca 1,8kg (suurus EU43) Suurus rippmen\u00fc\u00fcs: EU suurus \/ sisetalla pikkus Seisukord: uued\u00a0\",\"breadcrumb\":{\"@id\":\"https:\/\/www.outdoors.ee\/et\/toode\/baltes-tropical-bw-dzunglisaapad\/#breadcrumb\"},\"inLanguage\":\"et\",\"potentialAction\":[{\"@type\":\"ReadAction\",\"target\":[\"https:\/\/www.outdoors.ee\/et\/toode\/baltes-tropical-bw-dzunglisaapad\/\"]}]},{\"@type\":\"ImageObject\",\"inLanguage\":\"et\",\"@id\":\"https:\/\/www.outdoors.ee\/et\/toode\/baltes-tropical-bw-dzunglisaapad\/#primaryimage\",\"url\":\"https:\/\/www.outdoors.ee\/wp-content\/uploads\/2021\/12\/0888-BALTES-Bundeswehr-Tropical-Boots.png\",\"contentUrl\":\"https:\/\/www.outdoors.ee\/wp-content\/uploads\/2021\/12\/0888-BALTES-Bundeswehr-Tropical-Boots.png\",\"width\":467,\"height\":534},{\"@type\":\"BreadcrumbList\",\"@id\":\"https:\/\/www.outdoors.ee\/et\/toode\/baltes-tropical-bw-dzunglisaapad\/#breadcrumb\",\"itemListElement\":[{\"@type\":\"ListItem\",\"position\":1,\"name\":\"Home\",\"item\":\"https:\/\/www.outdoors.ee\/et\/\"},{\"@type\":\"ListItem\",\"position\":2,\"name\":\"Tooted\",\"item\":\"https:\/\/www.outdoors.ee\/products\/\"},{\"@type\":\"ListItem\",\"position\":3,\"name\":\"Baltes\u00ae Tropical BW d\u017eunglisaapad\"}]},{\"@type\":\"WebSite\",\"@id\":\"https:\/\/www.outdoors.ee\/#website\",\"url\":\"https:\/\/www.outdoors.ee\/\",\"name\":\"Outdoors\",\"description\":\"Genuine military surplus and not only!\",\"potentialAction\":[{\"@type\":\"SearchAction\",\"target\":{\"@type\":\"EntryPoint\",\"urlTemplate\":\"https:\/\/www.outdoors.ee\/?s={search_term_string}\"},\"query-input\":{\"@type\":\"PropertyValueSpecification\",\"valueRequired\":true,\"valueName\":\"search_term_string\"}}],\"inLanguage\":\"et\"}]}<\/script>\n<!-- \/ Yoast SEO plugin. -->","yoast_head_json":{"title":"BALTES Bundeswehr Tropical d\u017eunglisaapad - outdoors.ee","description":"Originaalsed Saksa s\u00f5jav\u00e4e d\u017eunglisaapad. Omadused: pealne: kvaliteetne nahk ning vastupidav Cordura\u00ae seitsme aasaga kiiret sidumist v\u00f5imaldav paelas\u00fcsteem saapakeel on kaeluseni v\u00e4lja saapa k\u00fclge \u00f5mmeldud pehmendatud saapakeel ning kaelus tugevdatud saapanina ning kannaosa (mitte metallist) antistaatiline, \u00f5li- ning k\u00fctusekindel tald Kaal: ca 1,8kg (suurus EU43) Suurus rippmen\u00fc\u00fcs: EU suurus \/ sisetalla pikkus Seisukord: uued\u00a0","robots":{"index":"index","follow":"follow","max-snippet":"max-snippet:-1","max-image-preview":"max-image-preview:large","max-video-preview":"max-video-preview:-1"},"canonical":"https:\/\/www.outdoors.ee\/et\/toode\/baltes-tropical-bw-dzunglisaapad\/","og_locale":"et_EE","og_type":"article","og_title":"BALTES Bundeswehr Tropical d\u017eunglisaapad","og_description":"Originaalsed Saksa s\u00f5jav\u00e4e d\u017eunglisaapad. Omadused: pealne: kvaliteetne nahk ning vastupidav Cordura\u00ae seitsme aasaga kiiret sidumist v\u00f5imaldav paelas\u00fcsteem saapakeel on kaeluseni v\u00e4lja saapa k\u00fclge \u00f5mmeldud pehmendatud saapakeel ning kaelus tugevdatud saapanina ning kannaosa (mitte metallist) antistaatiline, \u00f5li- ning k\u00fctusekindel tald Kaal: ca 1,8kg (suurus EU43) Suurus rippmen\u00fc\u00fcs: EU suurus \/ sisetalla pikkus Seisukord: uued\u00a0","og_url":"https:\/\/www.outdoors.ee\/et\/toode\/baltes-tropical-bw-dzunglisaapad\/","og_site_name":"Outdoors","article_modified_time":"2025-09-05T10:12:22+00:00","og_image":[{"width":467,"height":534,"url":"https:\/\/www.outdoors.ee\/wp-content\/uploads\/2021\/12\/0888-BALTES-Bundeswehr-Tropical-Boots.png","type":"image\/png"}],"twitter_card":"summary_large_image","twitter_title":"BALTES Bundeswehr Tropical d\u017eunglisaapad","twitter_misc":{"Est. reading time":"1 minut"},"schema":{"@context":"https:\/\/schema.org","@graph":[{"@type":"WebPage","@id":"https:\/\/www.outdoors.ee\/et\/toode\/baltes-tropical-bw-dzunglisaapad\/","url":"https:\/\/www.outdoors.ee\/et\/toode\/baltes-tropical-bw-dzunglisaapad\/","name":"BALTES Bundeswehr Tropical d\u017eunglisaapad - outdoors.ee","isPartOf":{"@id":"https:\/\/www.outdoors.ee\/#website"},"primaryImageOfPage":{"@id":"https:\/\/www.outdoors.ee\/et\/toode\/baltes-tropical-bw-dzunglisaapad\/#primaryimage"},"image":{"@id":"https:\/\/www.outdoors.ee\/et\/toode\/baltes-tropical-bw-dzunglisaapad\/#primaryimage"},"thumbnailUrl":"https:\/\/www.outdoors.ee\/wp-content\/uploads\/2021\/12\/0888-BALTES-Bundeswehr-Tropical-Boots.png","datePublished":"2021-12-09T00:00:00+00:00","dateModified":"2025-09-05T10:12:22+00:00","description":"Originaalsed Saksa s\u00f5jav\u00e4e d\u017eunglisaapad. Omadused: pealne: kvaliteetne nahk ning vastupidav Cordura\u00ae seitsme aasaga kiiret sidumist v\u00f5imaldav paelas\u00fcsteem saapakeel on kaeluseni v\u00e4lja saapa k\u00fclge \u00f5mmeldud pehmendatud saapakeel ning kaelus tugevdatud saapanina ning kannaosa (mitte metallist) antistaatiline, \u00f5li- ning k\u00fctusekindel tald Kaal: ca 1,8kg (suurus EU43) Suurus rippmen\u00fc\u00fcs: EU suurus \/ sisetalla pikkus Seisukord: uued\u00a0","breadcrumb":{"@id":"https:\/\/www.outdoors.ee\/et\/toode\/baltes-tropical-bw-dzunglisaapad\/#breadcrumb"},"inLanguage":"et","potentialAction":[{"@type":"ReadAction","target":["https:\/\/www.outdoors.ee\/et\/toode\/baltes-tropical-bw-dzunglisaapad\/"]}]},{"@type":"ImageObject","inLanguage":"et","@id":"https:\/\/www.outdoors.ee\/et\/toode\/baltes-tropical-bw-dzunglisaapad\/#primaryimage","url":"https:\/\/www.outdoors.ee\/wp-content\/uploads\/2021\/12\/0888-BALTES-Bundeswehr-Tropical-Boots.png","contentUrl":"https:\/\/www.outdoors.ee\/wp-content\/uploads\/2021\/12\/0888-BALTES-Bundeswehr-Tropical-Boots.png","width":467,"height":534},{"@type":"BreadcrumbList","@id":"https:\/\/www.outdoors.ee\/et\/toode\/baltes-tropical-bw-dzunglisaapad\/#breadcrumb","itemListElement":[{"@type":"ListItem","position":1,"name":"Home","item":"https:\/\/www.outdoors.ee\/et\/"},{"@type":"ListItem","position":2,"name":"Tooted","item":"https:\/\/www.outdoors.ee\/products\/"},{"@type":"ListItem","position":3,"name":"Baltes\u00ae Tropical BW d\u017eunglisaapad"}]},{"@type":"WebSite","@id":"https:\/\/www.outdoors.ee\/#website","url":"https:\/\/www.outdoors.ee\/","name":"Outdoors","description":"Genuine military surplus and not only!","potentialAction":[{"@type":"SearchAction","target":{"@type":"EntryPoint","urlTemplate":"https:\/\/www.outdoors.ee\/?s={search_term_string}"},"query-input":{"@type":"PropertyValueSpecification","valueRequired":true,"valueName":"search_term_string"}}],"inLanguage":"et"}]}},"_links":{"self":[{"href":"https:\/\/www.outdoors.ee\/et\/wp-json\/wp\/v2\/product\/60751","targetHints":{"allow":["GET"]}}],"collection":[{"href":"https:\/\/www.outdoors.ee\/et\/wp-json\/wp\/v2\/product"}],"about":[{"href":"https:\/\/www.outdoors.ee\/et\/wp-json\/wp\/v2\/types\/product"}],"wp:featuredmedia":[{"embeddable":true,"href":"https:\/\/www.outdoors.ee\/et\/wp-json\/wp\/v2\/media\/64272"}],"wp:attachment":[{"href":"https:\/\/www.outdoors.ee\/et\/wp-json\/wp\/v2\/media?parent=60751"}],"wp:term":[{"taxonomy":"product_brand","embeddable":true,"href":"https:\/\/www.outdoors.ee\/et\/wp-json\/wp\/v2\/product_brand?post=60751"},{"taxonomy":"product_cat","embeddable":true,"href":"https:\/\/www.outdoors.ee\/et\/wp-json\/wp\/v2\/product_cat?post=60751"},{"taxonomy":"product_tag","embeddable":true,"href":"https:\/\/www.outdoors.ee\/et\/wp-json\/wp\/v2\/product_tag?post=60751"}],"curies":[{"name":"wp","href":"https:\/\/api.w.org\/{rel}","templated":true}]}}