{"id":60704,"date":"2021-12-09T00:00:00","date_gmt":"2021-12-09T00:00:00","guid":{"rendered":"https:\/\/www.outdoors.ee\/product\/bennett-safetywear-ajax-turvakindad\/"},"modified":"2023-07-12T13:58:18","modified_gmt":"2023-07-12T10:58:18","slug":"bennett-safetywear-ajax-turvakindad","status":"publish","type":"product","link":"https:\/\/www.outdoors.ee\/et\/toode\/bennett-safetywear-ajax-turvakindad\/","title":{"rendered":"Bennett Safetywear Ajax\u00ae turvakindad"},"content":{"rendered":"<p style=\"text-align: justify;\">Briti Politsei korrakaitse \u00fcksuse turvakindad Bennett Safetywear Ajax\u00ae, mudel V2403G. L\u00f5ikekindlad, vetth\u00fclgavad, kuumusekindlad Kevlar\u00ae komposiitvoodriga kindad, l\u00f6\u00f6kaitsmega kinda kogu v\u00e4limise k\u00fclje ulatuses. Vee- ning kemikaalikindla membraaniga.<\/p>\n<p style=\"text-align: justify;\">Toodetud UK-s<\/p>\n<p style=\"text-align: justify;\"><strong>Seisukord<\/strong>: uuev\u00e4\u00e4rsed (sisaldavad minimaalseid kulumisj\u00e4gi, terved, sisevooder v\u00f5ib olla kergelt m\u00e4\u00e4rdunud)<\/p>\n","protected":false},"excerpt":{"rendered":"<p>Briti Politsei Bennett Safetywear Ajax\u00ae turvakindad, must<\/p>\n","protected":false},"featured_media":84482,"template":"","meta":[],"product_brand":[],"product_cat":[98],"product_tag":[],"class_list":{"0":"post-60704","1":"product","2":"type-product","3":"status-publish","4":"has-post-thumbnail","6":"product_cat-kindad","7":"pa_brand-british-military-surplus","8":"pa_size-10-2","9":"pa_size-11-2","10":"pa_size-7-3","11":"pa_size-8-2","12":"pa_size-9-2","14":"first","15":"instock","16":"taxable","17":"shipping-taxable","18":"purchasable","19":"product-type-variable"},"yoast_head":"<!-- This site is optimized with the Yoast SEO plugin v27.2 - https:\/\/yoast.com\/product\/yoast-seo-wordpress\/ -->\n<title>Bennett Safetywear Ajax\u00ae turvakindad - outdoors.ee<\/title>\n<meta name=\"description\" content=\"Originaalse Briti Politsei korrakaitse &uuml;ksuse turvakindad Bennett Safetywear Ajax&reg;, mudel V2403G. L&otilde;ikekindlad, Vetth&uuml;lgavad, kuumusekindlad Kevlar&reg; komposiitvoodriga kindad, l&ouml;&ouml;kaitsmega kinda kogu v&auml;limise k&uuml;lje ulatuses. Vee- ning kemikaalikindla membraaniga.&nbsp; Toodetud UK-s Seisukord: kasutatud, uuev&auml;&auml;rsed (sisaldavad minimaalseid kulumisj&auml;gi, terved, vooder v&otilde;ib olla kergelt m&auml;&auml;rdunud)\" \/>\n<meta name=\"robots\" content=\"index, follow, max-snippet:-1, max-image-preview:large, max-video-preview:-1\" \/>\n<link rel=\"canonical\" href=\"https:\/\/www.outdoors.ee\/et\/toode\/bennett-safetywear-ajax-turvakindad\/\" \/>\n<meta property=\"og:locale\" content=\"et_EE\" \/>\n<meta property=\"og:type\" content=\"article\" \/>\n<meta property=\"og:title\" content=\"Bennett Safetywear Ajax\u00ae turvakindad\" \/>\n<meta property=\"og:description\" content=\"Originaalse Briti Politsei korrakaitse &uuml;ksuse turvakindad Bennett Safetywear Ajax&reg;, mudel V2403G. L&otilde;ikekindlad, Vetth&uuml;lgavad, kuumusekindlad Kevlar&reg; komposiitvoodriga kindad, l&ouml;&ouml;kaitsmega kinda kogu v&auml;limise k&uuml;lje ulatuses. Vee- ning kemikaalikindla membraaniga.&nbsp; Toodetud UK-s Seisukord: kasutatud, uuev&auml;&auml;rsed (sisaldavad minimaalseid kulumisj&auml;gi, terved, vooder v&otilde;ib olla kergelt m&auml;&auml;rdunud)\" \/>\n<meta property=\"og:url\" content=\"https:\/\/www.outdoors.ee\/et\/toode\/bennett-safetywear-ajax-turvakindad\/\" \/>\n<meta property=\"og:site_name\" content=\"Outdoors\" \/>\n<meta property=\"article:modified_time\" content=\"2023-07-12T10:58:18+00:00\" \/>\n<meta property=\"og:image\" content=\"https:\/\/www.outdoors.ee\/wp-content\/uploads\/2021\/12\/0879-Bennett-Safetywear-Ajax\u00ae-Public-Order-Gloves-1.jpg\" \/>\n\t<meta property=\"og:image:width\" content=\"429\" \/>\n\t<meta property=\"og:image:height\" content=\"378\" \/>\n\t<meta property=\"og:image:type\" content=\"image\/jpeg\" \/>\n<meta name=\"twitter:card\" content=\"summary_large_image\" \/>\n<meta name=\"twitter:title\" content=\"Bennett Safetywear Ajax\u00ae turvakindad\" \/>\n<script type=\"application\/ld+json\" class=\"yoast-schema-graph\">{\"@context\":\"https:\/\/schema.org\",\"@graph\":[{\"@type\":\"WebPage\",\"@id\":\"https:\/\/www.outdoors.ee\/et\/toode\/bennett-safetywear-ajax-turvakindad\/\",\"url\":\"https:\/\/www.outdoors.ee\/et\/toode\/bennett-safetywear-ajax-turvakindad\/\",\"name\":\"Bennett Safetywear Ajax\u00ae turvakindad - outdoors.ee\",\"isPartOf\":{\"@id\":\"https:\/\/www.outdoors.ee\/#website\"},\"primaryImageOfPage\":{\"@id\":\"https:\/\/www.outdoors.ee\/et\/toode\/bennett-safetywear-ajax-turvakindad\/#primaryimage\"},\"image\":{\"@id\":\"https:\/\/www.outdoors.ee\/et\/toode\/bennett-safetywear-ajax-turvakindad\/#primaryimage\"},\"thumbnailUrl\":\"https:\/\/www.outdoors.ee\/wp-content\/uploads\/2021\/12\/0879-Bennett-Safetywear-Ajax\u00ae-Public-Order-Gloves-1.jpg\",\"datePublished\":\"2021-12-09T00:00:00+00:00\",\"dateModified\":\"2023-07-12T10:58:18+00:00\",\"description\":\"Originaalse Briti Politsei korrakaitse &uuml;ksuse turvakindad Bennett Safetywear Ajax&reg;, mudel V2403G. L&otilde;ikekindlad, Vetth&uuml;lgavad, kuumusekindlad Kevlar&reg; komposiitvoodriga kindad, l&ouml;&ouml;kaitsmega kinda kogu v&auml;limise k&uuml;lje ulatuses. Vee- ning kemikaalikindla membraaniga.&nbsp; Toodetud UK-s Seisukord: kasutatud, uuev&auml;&auml;rsed (sisaldavad minimaalseid kulumisj&auml;gi, terved, vooder v&otilde;ib olla kergelt m&auml;&auml;rdunud)\",\"breadcrumb\":{\"@id\":\"https:\/\/www.outdoors.ee\/et\/toode\/bennett-safetywear-ajax-turvakindad\/#breadcrumb\"},\"inLanguage\":\"et\",\"potentialAction\":[{\"@type\":\"ReadAction\",\"target\":[\"https:\/\/www.outdoors.ee\/et\/toode\/bennett-safetywear-ajax-turvakindad\/\"]}]},{\"@type\":\"ImageObject\",\"inLanguage\":\"et\",\"@id\":\"https:\/\/www.outdoors.ee\/et\/toode\/bennett-safetywear-ajax-turvakindad\/#primaryimage\",\"url\":\"https:\/\/www.outdoors.ee\/wp-content\/uploads\/2021\/12\/0879-Bennett-Safetywear-Ajax\u00ae-Public-Order-Gloves-1.jpg\",\"contentUrl\":\"https:\/\/www.outdoors.ee\/wp-content\/uploads\/2021\/12\/0879-Bennett-Safetywear-Ajax\u00ae-Public-Order-Gloves-1.jpg\",\"width\":429,\"height\":378},{\"@type\":\"BreadcrumbList\",\"@id\":\"https:\/\/www.outdoors.ee\/et\/toode\/bennett-safetywear-ajax-turvakindad\/#breadcrumb\",\"itemListElement\":[{\"@type\":\"ListItem\",\"position\":1,\"name\":\"Home\",\"item\":\"https:\/\/www.outdoors.ee\/et\/\"},{\"@type\":\"ListItem\",\"position\":2,\"name\":\"Tooted\",\"item\":\"https:\/\/www.outdoors.ee\/products\/\"},{\"@type\":\"ListItem\",\"position\":3,\"name\":\"Bennett Safetywear Ajax\u00ae turvakindad\"}]},{\"@type\":\"WebSite\",\"@id\":\"https:\/\/www.outdoors.ee\/#website\",\"url\":\"https:\/\/www.outdoors.ee\/\",\"name\":\"Outdoors\",\"description\":\"Genuine military surplus and not only!\",\"potentialAction\":[{\"@type\":\"SearchAction\",\"target\":{\"@type\":\"EntryPoint\",\"urlTemplate\":\"https:\/\/www.outdoors.ee\/?s={search_term_string}\"},\"query-input\":{\"@type\":\"PropertyValueSpecification\",\"valueRequired\":true,\"valueName\":\"search_term_string\"}}],\"inLanguage\":\"et\"}]}<\/script>\n<!-- \/ Yoast SEO plugin. -->","yoast_head_json":{"title":"Bennett Safetywear Ajax\u00ae turvakindad - outdoors.ee","description":"Originaalse Briti Politsei korrakaitse &uuml;ksuse turvakindad Bennett Safetywear Ajax&reg;, mudel V2403G. L&otilde;ikekindlad, Vetth&uuml;lgavad, kuumusekindlad Kevlar&reg; komposiitvoodriga kindad, l&ouml;&ouml;kaitsmega kinda kogu v&auml;limise k&uuml;lje ulatuses. Vee- ning kemikaalikindla membraaniga.&nbsp; Toodetud UK-s Seisukord: kasutatud, uuev&auml;&auml;rsed (sisaldavad minimaalseid kulumisj&auml;gi, terved, vooder v&otilde;ib olla kergelt m&auml;&auml;rdunud)","robots":{"index":"index","follow":"follow","max-snippet":"max-snippet:-1","max-image-preview":"max-image-preview:large","max-video-preview":"max-video-preview:-1"},"canonical":"https:\/\/www.outdoors.ee\/et\/toode\/bennett-safetywear-ajax-turvakindad\/","og_locale":"et_EE","og_type":"article","og_title":"Bennett Safetywear Ajax\u00ae turvakindad","og_description":"Originaalse Briti Politsei korrakaitse &uuml;ksuse turvakindad Bennett Safetywear Ajax&reg;, mudel V2403G. L&otilde;ikekindlad, Vetth&uuml;lgavad, kuumusekindlad Kevlar&reg; komposiitvoodriga kindad, l&ouml;&ouml;kaitsmega kinda kogu v&auml;limise k&uuml;lje ulatuses. Vee- ning kemikaalikindla membraaniga.&nbsp; Toodetud UK-s Seisukord: kasutatud, uuev&auml;&auml;rsed (sisaldavad minimaalseid kulumisj&auml;gi, terved, vooder v&otilde;ib olla kergelt m&auml;&auml;rdunud)","og_url":"https:\/\/www.outdoors.ee\/et\/toode\/bennett-safetywear-ajax-turvakindad\/","og_site_name":"Outdoors","article_modified_time":"2023-07-12T10:58:18+00:00","og_image":[{"width":429,"height":378,"url":"https:\/\/www.outdoors.ee\/wp-content\/uploads\/2021\/12\/0879-Bennett-Safetywear-Ajax\u00ae-Public-Order-Gloves-1.jpg","type":"image\/jpeg"}],"twitter_card":"summary_large_image","twitter_title":"Bennett Safetywear Ajax\u00ae turvakindad","schema":{"@context":"https:\/\/schema.org","@graph":[{"@type":"WebPage","@id":"https:\/\/www.outdoors.ee\/et\/toode\/bennett-safetywear-ajax-turvakindad\/","url":"https:\/\/www.outdoors.ee\/et\/toode\/bennett-safetywear-ajax-turvakindad\/","name":"Bennett Safetywear Ajax\u00ae turvakindad - outdoors.ee","isPartOf":{"@id":"https:\/\/www.outdoors.ee\/#website"},"primaryImageOfPage":{"@id":"https:\/\/www.outdoors.ee\/et\/toode\/bennett-safetywear-ajax-turvakindad\/#primaryimage"},"image":{"@id":"https:\/\/www.outdoors.ee\/et\/toode\/bennett-safetywear-ajax-turvakindad\/#primaryimage"},"thumbnailUrl":"https:\/\/www.outdoors.ee\/wp-content\/uploads\/2021\/12\/0879-Bennett-Safetywear-Ajax\u00ae-Public-Order-Gloves-1.jpg","datePublished":"2021-12-09T00:00:00+00:00","dateModified":"2023-07-12T10:58:18+00:00","description":"Originaalse Briti Politsei korrakaitse &uuml;ksuse turvakindad Bennett Safetywear Ajax&reg;, mudel V2403G. L&otilde;ikekindlad, Vetth&uuml;lgavad, kuumusekindlad Kevlar&reg; komposiitvoodriga kindad, l&ouml;&ouml;kaitsmega kinda kogu v&auml;limise k&uuml;lje ulatuses. Vee- ning kemikaalikindla membraaniga.&nbsp; Toodetud UK-s Seisukord: kasutatud, uuev&auml;&auml;rsed (sisaldavad minimaalseid kulumisj&auml;gi, terved, vooder v&otilde;ib olla kergelt m&auml;&auml;rdunud)","breadcrumb":{"@id":"https:\/\/www.outdoors.ee\/et\/toode\/bennett-safetywear-ajax-turvakindad\/#breadcrumb"},"inLanguage":"et","potentialAction":[{"@type":"ReadAction","target":["https:\/\/www.outdoors.ee\/et\/toode\/bennett-safetywear-ajax-turvakindad\/"]}]},{"@type":"ImageObject","inLanguage":"et","@id":"https:\/\/www.outdoors.ee\/et\/toode\/bennett-safetywear-ajax-turvakindad\/#primaryimage","url":"https:\/\/www.outdoors.ee\/wp-content\/uploads\/2021\/12\/0879-Bennett-Safetywear-Ajax\u00ae-Public-Order-Gloves-1.jpg","contentUrl":"https:\/\/www.outdoors.ee\/wp-content\/uploads\/2021\/12\/0879-Bennett-Safetywear-Ajax\u00ae-Public-Order-Gloves-1.jpg","width":429,"height":378},{"@type":"BreadcrumbList","@id":"https:\/\/www.outdoors.ee\/et\/toode\/bennett-safetywear-ajax-turvakindad\/#breadcrumb","itemListElement":[{"@type":"ListItem","position":1,"name":"Home","item":"https:\/\/www.outdoors.ee\/et\/"},{"@type":"ListItem","position":2,"name":"Tooted","item":"https:\/\/www.outdoors.ee\/products\/"},{"@type":"ListItem","position":3,"name":"Bennett Safetywear Ajax\u00ae turvakindad"}]},{"@type":"WebSite","@id":"https:\/\/www.outdoors.ee\/#website","url":"https:\/\/www.outdoors.ee\/","name":"Outdoors","description":"Genuine military surplus and not only!","potentialAction":[{"@type":"SearchAction","target":{"@type":"EntryPoint","urlTemplate":"https:\/\/www.outdoors.ee\/?s={search_term_string}"},"query-input":{"@type":"PropertyValueSpecification","valueRequired":true,"valueName":"search_term_string"}}],"inLanguage":"et"}]}},"_links":{"self":[{"href":"https:\/\/www.outdoors.ee\/et\/wp-json\/wp\/v2\/product\/60704","targetHints":{"allow":["GET"]}}],"collection":[{"href":"https:\/\/www.outdoors.ee\/et\/wp-json\/wp\/v2\/product"}],"about":[{"href":"https:\/\/www.outdoors.ee\/et\/wp-json\/wp\/v2\/types\/product"}],"wp:featuredmedia":[{"embeddable":true,"href":"https:\/\/www.outdoors.ee\/et\/wp-json\/wp\/v2\/media\/84482"}],"wp:attachment":[{"href":"https:\/\/www.outdoors.ee\/et\/wp-json\/wp\/v2\/media?parent=60704"}],"wp:term":[{"taxonomy":"product_brand","embeddable":true,"href":"https:\/\/www.outdoors.ee\/et\/wp-json\/wp\/v2\/product_brand?post=60704"},{"taxonomy":"product_cat","embeddable":true,"href":"https:\/\/www.outdoors.ee\/et\/wp-json\/wp\/v2\/product_cat?post=60704"},{"taxonomy":"product_tag","embeddable":true,"href":"https:\/\/www.outdoors.ee\/et\/wp-json\/wp\/v2\/product_tag?post=60704"}],"curies":[{"name":"wp","href":"https:\/\/api.w.org\/{rel}","templated":true}]}}