{"id":60667,"date":"2021-12-09T00:00:00","date_gmt":"2021-12-09T00:00:00","guid":{"rendered":"https:\/\/www.outdoors.ee\/product\/briti-armee-saapad-iturri-patrol-black\/"},"modified":"2026-01-28T15:44:26","modified_gmt":"2026-01-28T13:44:26","slug":"briti-armee-saapad-iturri-patrol-male-black","status":"publish","type":"product","link":"https:\/\/www.outdoors.ee\/et\/toode\/briti-armee-saapad-iturri-patrol-male-black\/","title":{"rendered":"Briti Armee saapad Iturri\u00ae Patrol Male Black"},"content":{"rendered":"<p class=\"title\">Briti s\u00f5jav\u00e4e patrullsaapad, mis oli m\u00f5eldud lahing- ning treeningsaabaste kombinatsioonina.<\/p>\n<p class=\"title\"><strong>Omadused<\/strong>:<\/p>\n<div class=\"box-collateral box-description\">\n<div class=\"std\">\n<ul>\n<li>kerge, vetth\u00fclgavast nahast saapapealne<\/li>\n<li>hea haakuvusega v\u00e4listald, optimeeritud erinevat t\u00fc\u00fcpi maastikul liikumiseks<\/li>\n<li>ergonoomilise disainiga, mugavalt pehmendatud saapakeel<\/li>\n<li>anatoomilise kujuga sisetald antibakteriaalse t\u00f6\u00f6tlusega<\/li>\n<li>kiiret sidumist v\u00f5imaldav paelas\u00fcsteem<\/li>\n<li>tugevdatud kannaosa<\/li>\n<li>kaal ca 1500g (suurus UK-10)<\/li>\n<li>lauis: M &#8211; tavaline; L &#8211; lai<\/li>\n<\/ul>\n<p><strong>Seisukord<\/strong>:<\/p>\n<ul>\n<li>uus (ilma originaalkarbita, v\u00f5ivad sisaldada hulgiladustamise j\u00e4lgi ja kirjasid sildil)<\/li>\n<li>uuev\u00e4\u00e4rne (sisaldavad kergeid kulumisj\u00e4lgi)<\/li>\n<li>kasutatud, Grade 1 (sisaldavad m\u00f5\u00f5dukaid kulumisj\u00e4lgi, v\u00f5ivad sisaldada v\u00e4iksemaid vigastusi)<\/li>\n<\/ul>\n<\/div>\n<\/div>\n","protected":false},"excerpt":{"rendered":"<p>Briti Armee Iturri\u00ae Patrol meeste saapad, must<\/p>\n","protected":false},"featured_media":109694,"template":"","meta":[],"product_brand":[],"product_cat":[70],"product_tag":[],"class_list":{"0":"post-60667","1":"product","2":"type-product","3":"status-publish","4":"has-post-thumbnail","6":"product_cat-jalanoud","7":"pa_brand-british-military-surplus","8":"pa_brand-iturri-2","9":"pa_condition-kasutatud-grade-1","10":"pa_condition-uuevaarne","11":"pa_condition-uus","12":"pa_size-uk-10l-2","13":"pa_size-uk-10m-2","14":"pa_size-uk-11l-3","15":"pa_size-uk-11m-2","16":"pa_size-uk-7l-2","17":"pa_size-uk-7m-2","18":"pa_size-uk-8l-2","19":"pa_size-uk-8m-2","20":"pa_size-uk-9l-2","21":"pa_size-uk-9m-2","23":"first","24":"instock","25":"taxable","26":"shipping-taxable","27":"purchasable","28":"product-type-variable"},"yoast_head":"<!-- This site is optimized with the Yoast SEO plugin v27.2 - https:\/\/yoast.com\/product\/yoast-seo-wordpress\/ -->\n<title>Briti Armee saapad ITURRI Patrol Black - outdoors.ee<\/title>\n<meta name=\"description\" content=\"Originaalsed Briti s\u00f5jav\u00e4e patrullsaapad, mis oli m\u00f5eldud lahing- ning treeningsaabaste kombinatsioonina. Omadused:\u00a0 Kerge, vetth\u00fclgavast ja raskelts\u00fcttivast nahast saapapealne K\u00f5rge haakuvusega v\u00e4listald, optimeeritud erinevat t\u00fc\u00fcpi maastikul liikumiseks\u00a0 V\u00e4ga komfortse disainiga anatoomiline ning pehmendatud saapakeel Anatoomilise kujuga sisetald antibakteriaalse t\u00f6\u00f6tlusega Kiire paelas\u00fcsteem Tugevdatud kannaosa Kaal: ca 1500g (suurus UK-10)\u00a0 Saapa liist: M - tavaline; L - lai Seisukord: uued (v\u00f5ivad sisaldada hulgiladustamise j\u00e4lgi) uuev\u00e4\u00e4rsed (sisaldavad minimaalseid kulumisj\u00e4lgi) kasutatud, Grade 1 (sisaldavad kulumisj\u00e4lgi, kuid on s\u00e4ilitanud kasutusk\u00f5lblikkuse, ei sisalda m\u00e4rkimisv\u00e4\u00e4rseid vigastusi)\" \/>\n<meta name=\"robots\" content=\"index, follow, max-snippet:-1, max-image-preview:large, max-video-preview:-1\" \/>\n<link rel=\"canonical\" href=\"https:\/\/www.outdoors.ee\/et\/toode\/briti-armee-saapad-iturri-patrol-male-black\/\" \/>\n<meta property=\"og:locale\" content=\"et_EE\" \/>\n<meta property=\"og:type\" content=\"article\" \/>\n<meta property=\"og:title\" content=\"Briti Armee saapad ITURRI Patrol Black\" \/>\n<meta property=\"og:description\" content=\"Originaalsed Briti s\u00f5jav\u00e4e patrullsaapad, mis oli m\u00f5eldud lahing- ning treeningsaabaste kombinatsioonina. Omadused:\u00a0 Kerge, vetth\u00fclgavast ja raskelts\u00fcttivast nahast saapapealne K\u00f5rge haakuvusega v\u00e4listald, optimeeritud erinevat t\u00fc\u00fcpi maastikul liikumiseks\u00a0 V\u00e4ga komfortse disainiga anatoomiline ning pehmendatud saapakeel Anatoomilise kujuga sisetald antibakteriaalse t\u00f6\u00f6tlusega Kiire paelas\u00fcsteem Tugevdatud kannaosa Kaal: ca 1500g (suurus UK-10)\u00a0 Saapa liist: M - tavaline; L - lai Seisukord: uued (v\u00f5ivad sisaldada hulgiladustamise j\u00e4lgi) uuev\u00e4\u00e4rsed (sisaldavad minimaalseid kulumisj\u00e4lgi) kasutatud, Grade 1 (sisaldavad kulumisj\u00e4lgi, kuid on s\u00e4ilitanud kasutusk\u00f5lblikkuse, ei sisalda m\u00e4rkimisv\u00e4\u00e4rseid vigastusi)\" \/>\n<meta property=\"og:url\" content=\"https:\/\/www.outdoors.ee\/et\/toode\/briti-armee-saapad-iturri-patrol-male-black\/\" \/>\n<meta property=\"og:site_name\" content=\"Outdoors\" \/>\n<meta property=\"article:modified_time\" content=\"2026-01-28T13:44:26+00:00\" \/>\n<meta property=\"og:image\" content=\"https:\/\/www.outdoors.ee\/wp-content\/uploads\/2021\/12\/0874-British-Army-Iturri\u00ae-Patrol-Boots-Black-2.png\" \/>\n\t<meta property=\"og:image:width\" content=\"950\" \/>\n\t<meta property=\"og:image:height\" content=\"950\" \/>\n\t<meta property=\"og:image:type\" content=\"image\/png\" \/>\n<meta name=\"twitter:card\" content=\"summary_large_image\" \/>\n<meta name=\"twitter:title\" content=\"Briti Armee saapad ITURRI Patrol Black\" \/>\n<meta name=\"twitter:label1\" content=\"Est. reading time\" \/>\n\t<meta name=\"twitter:data1\" content=\"1 minut\" \/>\n<script type=\"application\/ld+json\" class=\"yoast-schema-graph\">{\"@context\":\"https:\/\/schema.org\",\"@graph\":[{\"@type\":\"WebPage\",\"@id\":\"https:\/\/www.outdoors.ee\/et\/toode\/briti-armee-saapad-iturri-patrol-male-black\/\",\"url\":\"https:\/\/www.outdoors.ee\/et\/toode\/briti-armee-saapad-iturri-patrol-male-black\/\",\"name\":\"Briti Armee saapad ITURRI Patrol Black - outdoors.ee\",\"isPartOf\":{\"@id\":\"https:\/\/www.outdoors.ee\/#website\"},\"primaryImageOfPage\":{\"@id\":\"https:\/\/www.outdoors.ee\/et\/toode\/briti-armee-saapad-iturri-patrol-male-black\/#primaryimage\"},\"image\":{\"@id\":\"https:\/\/www.outdoors.ee\/et\/toode\/briti-armee-saapad-iturri-patrol-male-black\/#primaryimage\"},\"thumbnailUrl\":\"https:\/\/www.outdoors.ee\/wp-content\/uploads\/2021\/12\/0874-British-Army-Iturri\u00ae-Patrol-Boots-Black-2.png\",\"datePublished\":\"2021-12-09T00:00:00+00:00\",\"dateModified\":\"2026-01-28T13:44:26+00:00\",\"description\":\"Originaalsed Briti s\u00f5jav\u00e4e patrullsaapad, mis oli m\u00f5eldud lahing- ning treeningsaabaste kombinatsioonina. Omadused:\u00a0 Kerge, vetth\u00fclgavast ja raskelts\u00fcttivast nahast saapapealne K\u00f5rge haakuvusega v\u00e4listald, optimeeritud erinevat t\u00fc\u00fcpi maastikul liikumiseks\u00a0 V\u00e4ga komfortse disainiga anatoomiline ning pehmendatud saapakeel Anatoomilise kujuga sisetald antibakteriaalse t\u00f6\u00f6tlusega Kiire paelas\u00fcsteem Tugevdatud kannaosa Kaal: ca 1500g (suurus UK-10)\u00a0 Saapa liist: M - tavaline; L - lai Seisukord: uued (v\u00f5ivad sisaldada hulgiladustamise j\u00e4lgi) uuev\u00e4\u00e4rsed (sisaldavad minimaalseid kulumisj\u00e4lgi) kasutatud, Grade 1 (sisaldavad kulumisj\u00e4lgi, kuid on s\u00e4ilitanud kasutusk\u00f5lblikkuse, ei sisalda m\u00e4rkimisv\u00e4\u00e4rseid vigastusi)\",\"breadcrumb\":{\"@id\":\"https:\/\/www.outdoors.ee\/et\/toode\/briti-armee-saapad-iturri-patrol-male-black\/#breadcrumb\"},\"inLanguage\":\"et\",\"potentialAction\":[{\"@type\":\"ReadAction\",\"target\":[\"https:\/\/www.outdoors.ee\/et\/toode\/briti-armee-saapad-iturri-patrol-male-black\/\"]}]},{\"@type\":\"ImageObject\",\"inLanguage\":\"et\",\"@id\":\"https:\/\/www.outdoors.ee\/et\/toode\/briti-armee-saapad-iturri-patrol-male-black\/#primaryimage\",\"url\":\"https:\/\/www.outdoors.ee\/wp-content\/uploads\/2021\/12\/0874-British-Army-Iturri\u00ae-Patrol-Boots-Black-2.png\",\"contentUrl\":\"https:\/\/www.outdoors.ee\/wp-content\/uploads\/2021\/12\/0874-British-Army-Iturri\u00ae-Patrol-Boots-Black-2.png\",\"width\":950,\"height\":950},{\"@type\":\"BreadcrumbList\",\"@id\":\"https:\/\/www.outdoors.ee\/et\/toode\/briti-armee-saapad-iturri-patrol-male-black\/#breadcrumb\",\"itemListElement\":[{\"@type\":\"ListItem\",\"position\":1,\"name\":\"Home\",\"item\":\"https:\/\/www.outdoors.ee\/et\/\"},{\"@type\":\"ListItem\",\"position\":2,\"name\":\"Tooted\",\"item\":\"https:\/\/www.outdoors.ee\/products\/\"},{\"@type\":\"ListItem\",\"position\":3,\"name\":\"Briti Armee saapad Iturri\u00ae Patrol Male Black\"}]},{\"@type\":\"WebSite\",\"@id\":\"https:\/\/www.outdoors.ee\/#website\",\"url\":\"https:\/\/www.outdoors.ee\/\",\"name\":\"Outdoors\",\"description\":\"Genuine military surplus and not only!\",\"potentialAction\":[{\"@type\":\"SearchAction\",\"target\":{\"@type\":\"EntryPoint\",\"urlTemplate\":\"https:\/\/www.outdoors.ee\/?s={search_term_string}\"},\"query-input\":{\"@type\":\"PropertyValueSpecification\",\"valueRequired\":true,\"valueName\":\"search_term_string\"}}],\"inLanguage\":\"et\"}]}<\/script>\n<!-- \/ Yoast SEO plugin. -->","yoast_head_json":{"title":"Briti Armee saapad ITURRI Patrol Black - outdoors.ee","description":"Originaalsed Briti s\u00f5jav\u00e4e patrullsaapad, mis oli m\u00f5eldud lahing- ning treeningsaabaste kombinatsioonina. Omadused:\u00a0 Kerge, vetth\u00fclgavast ja raskelts\u00fcttivast nahast saapapealne K\u00f5rge haakuvusega v\u00e4listald, optimeeritud erinevat t\u00fc\u00fcpi maastikul liikumiseks\u00a0 V\u00e4ga komfortse disainiga anatoomiline ning pehmendatud saapakeel Anatoomilise kujuga sisetald antibakteriaalse t\u00f6\u00f6tlusega Kiire paelas\u00fcsteem Tugevdatud kannaosa Kaal: ca 1500g (suurus UK-10)\u00a0 Saapa liist: M - tavaline; L - lai Seisukord: uued (v\u00f5ivad sisaldada hulgiladustamise j\u00e4lgi) uuev\u00e4\u00e4rsed (sisaldavad minimaalseid kulumisj\u00e4lgi) kasutatud, Grade 1 (sisaldavad kulumisj\u00e4lgi, kuid on s\u00e4ilitanud kasutusk\u00f5lblikkuse, ei sisalda m\u00e4rkimisv\u00e4\u00e4rseid vigastusi)","robots":{"index":"index","follow":"follow","max-snippet":"max-snippet:-1","max-image-preview":"max-image-preview:large","max-video-preview":"max-video-preview:-1"},"canonical":"https:\/\/www.outdoors.ee\/et\/toode\/briti-armee-saapad-iturri-patrol-male-black\/","og_locale":"et_EE","og_type":"article","og_title":"Briti Armee saapad ITURRI Patrol Black","og_description":"Originaalsed Briti s\u00f5jav\u00e4e patrullsaapad, mis oli m\u00f5eldud lahing- ning treeningsaabaste kombinatsioonina. Omadused:\u00a0 Kerge, vetth\u00fclgavast ja raskelts\u00fcttivast nahast saapapealne K\u00f5rge haakuvusega v\u00e4listald, optimeeritud erinevat t\u00fc\u00fcpi maastikul liikumiseks\u00a0 V\u00e4ga komfortse disainiga anatoomiline ning pehmendatud saapakeel Anatoomilise kujuga sisetald antibakteriaalse t\u00f6\u00f6tlusega Kiire paelas\u00fcsteem Tugevdatud kannaosa Kaal: ca 1500g (suurus UK-10)\u00a0 Saapa liist: M - tavaline; L - lai Seisukord: uued (v\u00f5ivad sisaldada hulgiladustamise j\u00e4lgi) uuev\u00e4\u00e4rsed (sisaldavad minimaalseid kulumisj\u00e4lgi) kasutatud, Grade 1 (sisaldavad kulumisj\u00e4lgi, kuid on s\u00e4ilitanud kasutusk\u00f5lblikkuse, ei sisalda m\u00e4rkimisv\u00e4\u00e4rseid vigastusi)","og_url":"https:\/\/www.outdoors.ee\/et\/toode\/briti-armee-saapad-iturri-patrol-male-black\/","og_site_name":"Outdoors","article_modified_time":"2026-01-28T13:44:26+00:00","og_image":[{"width":950,"height":950,"url":"https:\/\/www.outdoors.ee\/wp-content\/uploads\/2021\/12\/0874-British-Army-Iturri\u00ae-Patrol-Boots-Black-2.png","type":"image\/png"}],"twitter_card":"summary_large_image","twitter_title":"Briti Armee saapad ITURRI Patrol Black","twitter_misc":{"Est. reading time":"1 minut"},"schema":{"@context":"https:\/\/schema.org","@graph":[{"@type":"WebPage","@id":"https:\/\/www.outdoors.ee\/et\/toode\/briti-armee-saapad-iturri-patrol-male-black\/","url":"https:\/\/www.outdoors.ee\/et\/toode\/briti-armee-saapad-iturri-patrol-male-black\/","name":"Briti Armee saapad ITURRI Patrol Black - outdoors.ee","isPartOf":{"@id":"https:\/\/www.outdoors.ee\/#website"},"primaryImageOfPage":{"@id":"https:\/\/www.outdoors.ee\/et\/toode\/briti-armee-saapad-iturri-patrol-male-black\/#primaryimage"},"image":{"@id":"https:\/\/www.outdoors.ee\/et\/toode\/briti-armee-saapad-iturri-patrol-male-black\/#primaryimage"},"thumbnailUrl":"https:\/\/www.outdoors.ee\/wp-content\/uploads\/2021\/12\/0874-British-Army-Iturri\u00ae-Patrol-Boots-Black-2.png","datePublished":"2021-12-09T00:00:00+00:00","dateModified":"2026-01-28T13:44:26+00:00","description":"Originaalsed Briti s\u00f5jav\u00e4e patrullsaapad, mis oli m\u00f5eldud lahing- ning treeningsaabaste kombinatsioonina. Omadused:\u00a0 Kerge, vetth\u00fclgavast ja raskelts\u00fcttivast nahast saapapealne K\u00f5rge haakuvusega v\u00e4listald, optimeeritud erinevat t\u00fc\u00fcpi maastikul liikumiseks\u00a0 V\u00e4ga komfortse disainiga anatoomiline ning pehmendatud saapakeel Anatoomilise kujuga sisetald antibakteriaalse t\u00f6\u00f6tlusega Kiire paelas\u00fcsteem Tugevdatud kannaosa Kaal: ca 1500g (suurus UK-10)\u00a0 Saapa liist: M - tavaline; L - lai Seisukord: uued (v\u00f5ivad sisaldada hulgiladustamise j\u00e4lgi) uuev\u00e4\u00e4rsed (sisaldavad minimaalseid kulumisj\u00e4lgi) kasutatud, Grade 1 (sisaldavad kulumisj\u00e4lgi, kuid on s\u00e4ilitanud kasutusk\u00f5lblikkuse, ei sisalda m\u00e4rkimisv\u00e4\u00e4rseid vigastusi)","breadcrumb":{"@id":"https:\/\/www.outdoors.ee\/et\/toode\/briti-armee-saapad-iturri-patrol-male-black\/#breadcrumb"},"inLanguage":"et","potentialAction":[{"@type":"ReadAction","target":["https:\/\/www.outdoors.ee\/et\/toode\/briti-armee-saapad-iturri-patrol-male-black\/"]}]},{"@type":"ImageObject","inLanguage":"et","@id":"https:\/\/www.outdoors.ee\/et\/toode\/briti-armee-saapad-iturri-patrol-male-black\/#primaryimage","url":"https:\/\/www.outdoors.ee\/wp-content\/uploads\/2021\/12\/0874-British-Army-Iturri\u00ae-Patrol-Boots-Black-2.png","contentUrl":"https:\/\/www.outdoors.ee\/wp-content\/uploads\/2021\/12\/0874-British-Army-Iturri\u00ae-Patrol-Boots-Black-2.png","width":950,"height":950},{"@type":"BreadcrumbList","@id":"https:\/\/www.outdoors.ee\/et\/toode\/briti-armee-saapad-iturri-patrol-male-black\/#breadcrumb","itemListElement":[{"@type":"ListItem","position":1,"name":"Home","item":"https:\/\/www.outdoors.ee\/et\/"},{"@type":"ListItem","position":2,"name":"Tooted","item":"https:\/\/www.outdoors.ee\/products\/"},{"@type":"ListItem","position":3,"name":"Briti Armee saapad Iturri\u00ae Patrol Male Black"}]},{"@type":"WebSite","@id":"https:\/\/www.outdoors.ee\/#website","url":"https:\/\/www.outdoors.ee\/","name":"Outdoors","description":"Genuine military surplus and not only!","potentialAction":[{"@type":"SearchAction","target":{"@type":"EntryPoint","urlTemplate":"https:\/\/www.outdoors.ee\/?s={search_term_string}"},"query-input":{"@type":"PropertyValueSpecification","valueRequired":true,"valueName":"search_term_string"}}],"inLanguage":"et"}]}},"_links":{"self":[{"href":"https:\/\/www.outdoors.ee\/et\/wp-json\/wp\/v2\/product\/60667","targetHints":{"allow":["GET"]}}],"collection":[{"href":"https:\/\/www.outdoors.ee\/et\/wp-json\/wp\/v2\/product"}],"about":[{"href":"https:\/\/www.outdoors.ee\/et\/wp-json\/wp\/v2\/types\/product"}],"wp:featuredmedia":[{"embeddable":true,"href":"https:\/\/www.outdoors.ee\/et\/wp-json\/wp\/v2\/media\/109694"}],"wp:attachment":[{"href":"https:\/\/www.outdoors.ee\/et\/wp-json\/wp\/v2\/media?parent=60667"}],"wp:term":[{"taxonomy":"product_brand","embeddable":true,"href":"https:\/\/www.outdoors.ee\/et\/wp-json\/wp\/v2\/product_brand?post=60667"},{"taxonomy":"product_cat","embeddable":true,"href":"https:\/\/www.outdoors.ee\/et\/wp-json\/wp\/v2\/product_cat?post=60667"},{"taxonomy":"product_tag","embeddable":true,"href":"https:\/\/www.outdoors.ee\/et\/wp-json\/wp\/v2\/product_tag?post=60667"}],"curies":[{"name":"wp","href":"https:\/\/api.w.org\/{rel}","templated":true}]}}