{"id":60635,"date":"2021-12-09T00:00:00","date_gmt":"2021-12-09T00:00:00","guid":{"rendered":"https:\/\/www.outdoors.ee\/product\/iturri-cold-wet-weather-male-combat-saapad\/"},"modified":"2026-01-28T19:09:31","modified_gmt":"2026-01-28T17:09:31","slug":"iturri-cold-wet-weather-male-combat-saapad","status":"publish","type":"product","link":"https:\/\/www.outdoors.ee\/et\/toode\/iturri-cold-wet-weather-male-combat-saapad\/","title":{"rendered":"Briti Armee Iturri\u00ae Cold Wet Weather Male Combat saapad"},"content":{"rendered":"<div style=\"text-align: justify;\">Briti s\u00f5jav\u00e4e k\u00fclma ja niiske ilmastiku saapad niiskuskindla ja hingava Gore-Tex\u00ae voodriga.<\/div>\n<div style=\"text-align: justify;\"><\/div>\n<div style=\"text-align: justify;\"><strong>Omadused<\/strong>:<\/div>\n<div>\n<ul style=\"text-align: justify;\">\n<li>Briti s\u00f5jav\u00e4e originaal<\/li>\n<li>t\u00e4isnahast pealne<\/li>\n<li>Gore-Tex\u00ae membraan hoiab jalgu kuivana ka ekstreemsemates tingimustes<\/li>\n<li>3M Thinsulate vooder hoiab h\u00e4sti sooja, olles samal ajal hingav ja komfortne<\/li>\n<li>Defender\u00ae libisemisvastane ning p\u00f5rutust neelav v\u00e4listald<\/li>\n<li>tallasisene tugevdus, mis annab saapale piisava j\u00e4ikuse ka ebatasasel maastikul<\/li>\n<li>innovatiivne paelas\u00fcsteem lukustuva aasaga ning vastupidavate metallist mittepeegeldavate kinnitustega<\/li>\n<li>pehme ning jalga kaitsev saapakaelus<\/li>\n<li>laius: M &#8211; tavaline; L &#8211; lai<\/li>\n<\/ul>\n<p style=\"text-align: justify;\"><strong>Seisukord<\/strong>:<\/p>\n<ul>\n<li>uus (ilma originaalkarbita, v\u00f5ivad sisaldada hulgiladustamise j\u00e4lgi ning kirjasid sildil)<\/li>\n<li>uuev\u00e4\u00e4rne (sisaldavad kergeid kulumisj\u00e4lgi)<\/li>\n<li>kasutatud, Grade 1 (sisaldavad m\u00f5\u00f5dukaid kulumisj\u00e4lgi, v\u00f5ivad sisaldada v\u00e4iksemaid vigastusi)<\/li>\n<\/ul>\n<\/div>\n","protected":false},"excerpt":{"rendered":"<p>Briti Armee Iturri\u00ae meeste saapad Cold Wet Weather Combat, pruun<\/p>\n","protected":false},"featured_media":18135,"template":"","meta":[],"product_brand":[],"product_cat":[70],"product_tag":[],"class_list":{"0":"post-60635","1":"product","2":"type-product","3":"status-publish","4":"has-post-thumbnail","6":"product_cat-jalanoud","7":"pa_brand-british-military-surplus","8":"pa_brand-iturri-2","9":"pa_condition-kasutatud-grade-1","10":"pa_condition-uuevaarne","11":"pa_condition-uus","12":"pa_size-uk-10l-2","13":"pa_size-uk-10m-2","14":"pa_size-uk-11l-3","15":"pa_size-uk-11m-2","16":"pa_size-uk-12l-2","17":"pa_size-uk-12m-2","18":"pa_size-uk-13l-2","19":"pa_size-uk-13m-2","20":"pa_size-uk-6l-2","21":"pa_size-uk-6m-2","22":"pa_size-uk-7l-2","23":"pa_size-uk-7m-2","24":"pa_size-uk-8l-2","25":"pa_size-uk-8m-2","26":"pa_size-uk-9l-2","27":"pa_size-uk-9m-2","29":"first","30":"instock","31":"taxable","32":"shipping-taxable","33":"purchasable","34":"product-type-variable"},"yoast_head":"<!-- This site is optimized with the Yoast SEO plugin v27.2 - https:\/\/yoast.com\/product\/yoast-seo-wordpress\/ -->\n<title>ITURRI Cold Wet Weather Male Combat saapad - outdoors.ee<\/title>\n<meta name=\"description\" content=\"Originaalsed Briti s\u00f5jav\u00e4e k\u00fclma ja niiske ilmastiku saapad niiskuskindla ja hingava Gore-Tex\u00ae\u00a0voodriga. Ideaalselt sobivad Eesti kliima tingimustesse. \u00a0 Omadused: t\u00e4isnahast pealne Gore-Tex\u00ae niiskuskindel membraan hoiab jalgu kuivana ka ekstreemsemates tingimustes 3M Thinsulate vooder hoiab h\u00e4sti sooja, olles samal ajal hingav ja komfortne Defender libisemisvastane ning p\u00f5rutust neelav v\u00e4listald\u00a0 tallasisene tugevdus, mis annab saapale piisava j\u00e4ikuse ka ebatasasel maastikul innovatiivne paelas\u00fcsteem lukustuva aasaga ning vastupidavate metallist mittepeegeldavate kinnitustega pehme ning jalga kaitsev saapakaelus Saapa liist: M - tavaline; L - lai\u00a0 Seisukord: uued (v\u00f5ivad sisaldada hulgiladustamise j\u00e4lgi) uuev\u00e4\u00e4rsed (sisaldavad minimaalseid kulumisj\u00e4lgi) kasutatud, Grade 1 (m\u00f5\u00f5dukate kulumisj\u00e4lgedega, kuid heas korras, s\u00e4ilitanud kasutusk\u00f5lblikkuse,\u00a0ei sisalda m\u00e4rkimisv\u00e4\u00e4rseid vigastusi)\" \/>\n<meta name=\"robots\" content=\"index, follow, max-snippet:-1, max-image-preview:large, max-video-preview:-1\" \/>\n<link rel=\"canonical\" href=\"https:\/\/www.outdoors.ee\/et\/toode\/iturri-cold-wet-weather-male-combat-saapad\/\" \/>\n<meta property=\"og:locale\" content=\"et_EE\" \/>\n<meta property=\"og:type\" content=\"article\" \/>\n<meta property=\"og:title\" content=\"ITURRI Cold Wet Weather Male Combat saapad\" \/>\n<meta property=\"og:description\" content=\"Originaalsed Briti s\u00f5jav\u00e4e k\u00fclma ja niiske ilmastiku saapad niiskuskindla ja hingava Gore-Tex\u00ae\u00a0voodriga. Ideaalselt sobivad Eesti kliima tingimustesse. \u00a0 Omadused: t\u00e4isnahast pealne Gore-Tex\u00ae niiskuskindel membraan hoiab jalgu kuivana ka ekstreemsemates tingimustes 3M Thinsulate vooder hoiab h\u00e4sti sooja, olles samal ajal hingav ja komfortne Defender libisemisvastane ning p\u00f5rutust neelav v\u00e4listald\u00a0 tallasisene tugevdus, mis annab saapale piisava j\u00e4ikuse ka ebatasasel maastikul innovatiivne paelas\u00fcsteem lukustuva aasaga ning vastupidavate metallist mittepeegeldavate kinnitustega pehme ning jalga kaitsev saapakaelus Saapa liist: M - tavaline; L - lai\u00a0 Seisukord: uued (v\u00f5ivad sisaldada hulgiladustamise j\u00e4lgi) uuev\u00e4\u00e4rsed (sisaldavad minimaalseid kulumisj\u00e4lgi) kasutatud, Grade 1 (m\u00f5\u00f5dukate kulumisj\u00e4lgedega, kuid heas korras, s\u00e4ilitanud kasutusk\u00f5lblikkuse,\u00a0ei sisalda m\u00e4rkimisv\u00e4\u00e4rseid vigastusi)\" \/>\n<meta property=\"og:url\" content=\"https:\/\/www.outdoors.ee\/et\/toode\/iturri-cold-wet-weather-male-combat-saapad\/\" \/>\n<meta property=\"og:site_name\" content=\"Outdoors\" \/>\n<meta property=\"article:modified_time\" content=\"2026-01-28T17:09:31+00:00\" \/>\n<meta property=\"og:image\" content=\"https:\/\/www.outdoors.ee\/wp-content\/uploads\/2021\/09\/0872-Iturri-Cold-Wet-Weather-Combat-Boots-brown-1.jpg\" \/>\n\t<meta property=\"og:image:width\" content=\"1417\" \/>\n\t<meta property=\"og:image:height\" content=\"1500\" \/>\n\t<meta property=\"og:image:type\" content=\"image\/jpeg\" \/>\n<meta name=\"twitter:card\" content=\"summary_large_image\" \/>\n<meta name=\"twitter:title\" content=\"ITURRI Cold Wet Weather Male Combat saapad\" \/>\n<meta name=\"twitter:label1\" content=\"Est. reading time\" \/>\n\t<meta name=\"twitter:data1\" content=\"1 minut\" \/>\n<script type=\"application\/ld+json\" class=\"yoast-schema-graph\">{\"@context\":\"https:\/\/schema.org\",\"@graph\":[{\"@type\":\"WebPage\",\"@id\":\"https:\/\/www.outdoors.ee\/et\/toode\/iturri-cold-wet-weather-male-combat-saapad\/\",\"url\":\"https:\/\/www.outdoors.ee\/et\/toode\/iturri-cold-wet-weather-male-combat-saapad\/\",\"name\":\"ITURRI Cold Wet Weather Male Combat saapad - outdoors.ee\",\"isPartOf\":{\"@id\":\"https:\/\/www.outdoors.ee\/#website\"},\"primaryImageOfPage\":{\"@id\":\"https:\/\/www.outdoors.ee\/et\/toode\/iturri-cold-wet-weather-male-combat-saapad\/#primaryimage\"},\"image\":{\"@id\":\"https:\/\/www.outdoors.ee\/et\/toode\/iturri-cold-wet-weather-male-combat-saapad\/#primaryimage\"},\"thumbnailUrl\":\"https:\/\/www.outdoors.ee\/wp-content\/uploads\/2021\/09\/0872-Iturri-Cold-Wet-Weather-Combat-Boots-brown-1.jpg\",\"datePublished\":\"2021-12-09T00:00:00+00:00\",\"dateModified\":\"2026-01-28T17:09:31+00:00\",\"description\":\"Originaalsed Briti s\u00f5jav\u00e4e k\u00fclma ja niiske ilmastiku saapad niiskuskindla ja hingava Gore-Tex\u00ae\u00a0voodriga. Ideaalselt sobivad Eesti kliima tingimustesse. \u00a0 Omadused: t\u00e4isnahast pealne Gore-Tex\u00ae niiskuskindel membraan hoiab jalgu kuivana ka ekstreemsemates tingimustes 3M Thinsulate vooder hoiab h\u00e4sti sooja, olles samal ajal hingav ja komfortne Defender libisemisvastane ning p\u00f5rutust neelav v\u00e4listald\u00a0 tallasisene tugevdus, mis annab saapale piisava j\u00e4ikuse ka ebatasasel maastikul innovatiivne paelas\u00fcsteem lukustuva aasaga ning vastupidavate metallist mittepeegeldavate kinnitustega pehme ning jalga kaitsev saapakaelus Saapa liist: M - tavaline; L - lai\u00a0 Seisukord: uued (v\u00f5ivad sisaldada hulgiladustamise j\u00e4lgi) uuev\u00e4\u00e4rsed (sisaldavad minimaalseid kulumisj\u00e4lgi) kasutatud, Grade 1 (m\u00f5\u00f5dukate kulumisj\u00e4lgedega, kuid heas korras, s\u00e4ilitanud kasutusk\u00f5lblikkuse,\u00a0ei sisalda m\u00e4rkimisv\u00e4\u00e4rseid vigastusi)\",\"breadcrumb\":{\"@id\":\"https:\/\/www.outdoors.ee\/et\/toode\/iturri-cold-wet-weather-male-combat-saapad\/#breadcrumb\"},\"inLanguage\":\"et\",\"potentialAction\":[{\"@type\":\"ReadAction\",\"target\":[\"https:\/\/www.outdoors.ee\/et\/toode\/iturri-cold-wet-weather-male-combat-saapad\/\"]}]},{\"@type\":\"ImageObject\",\"inLanguage\":\"et\",\"@id\":\"https:\/\/www.outdoors.ee\/et\/toode\/iturri-cold-wet-weather-male-combat-saapad\/#primaryimage\",\"url\":\"https:\/\/www.outdoors.ee\/wp-content\/uploads\/2021\/09\/0872-Iturri-Cold-Wet-Weather-Combat-Boots-brown-1.jpg\",\"contentUrl\":\"https:\/\/www.outdoors.ee\/wp-content\/uploads\/2021\/09\/0872-Iturri-Cold-Wet-Weather-Combat-Boots-brown-1.jpg\",\"width\":1417,\"height\":1500},{\"@type\":\"BreadcrumbList\",\"@id\":\"https:\/\/www.outdoors.ee\/et\/toode\/iturri-cold-wet-weather-male-combat-saapad\/#breadcrumb\",\"itemListElement\":[{\"@type\":\"ListItem\",\"position\":1,\"name\":\"Home\",\"item\":\"https:\/\/www.outdoors.ee\/et\/\"},{\"@type\":\"ListItem\",\"position\":2,\"name\":\"Tooted\",\"item\":\"https:\/\/www.outdoors.ee\/products\/\"},{\"@type\":\"ListItem\",\"position\":3,\"name\":\"Briti Armee Iturri\u00ae Cold Wet Weather Male Combat saapad\"}]},{\"@type\":\"WebSite\",\"@id\":\"https:\/\/www.outdoors.ee\/#website\",\"url\":\"https:\/\/www.outdoors.ee\/\",\"name\":\"Outdoors\",\"description\":\"Genuine military surplus and not only!\",\"potentialAction\":[{\"@type\":\"SearchAction\",\"target\":{\"@type\":\"EntryPoint\",\"urlTemplate\":\"https:\/\/www.outdoors.ee\/?s={search_term_string}\"},\"query-input\":{\"@type\":\"PropertyValueSpecification\",\"valueRequired\":true,\"valueName\":\"search_term_string\"}}],\"inLanguage\":\"et\"}]}<\/script>\n<!-- \/ Yoast SEO plugin. -->","yoast_head_json":{"title":"ITURRI Cold Wet Weather Male Combat saapad - outdoors.ee","description":"Originaalsed Briti s\u00f5jav\u00e4e k\u00fclma ja niiske ilmastiku saapad niiskuskindla ja hingava Gore-Tex\u00ae\u00a0voodriga. Ideaalselt sobivad Eesti kliima tingimustesse. \u00a0 Omadused: t\u00e4isnahast pealne Gore-Tex\u00ae niiskuskindel membraan hoiab jalgu kuivana ka ekstreemsemates tingimustes 3M Thinsulate vooder hoiab h\u00e4sti sooja, olles samal ajal hingav ja komfortne Defender libisemisvastane ning p\u00f5rutust neelav v\u00e4listald\u00a0 tallasisene tugevdus, mis annab saapale piisava j\u00e4ikuse ka ebatasasel maastikul innovatiivne paelas\u00fcsteem lukustuva aasaga ning vastupidavate metallist mittepeegeldavate kinnitustega pehme ning jalga kaitsev saapakaelus Saapa liist: M - tavaline; L - lai\u00a0 Seisukord: uued (v\u00f5ivad sisaldada hulgiladustamise j\u00e4lgi) uuev\u00e4\u00e4rsed (sisaldavad minimaalseid kulumisj\u00e4lgi) kasutatud, Grade 1 (m\u00f5\u00f5dukate kulumisj\u00e4lgedega, kuid heas korras, s\u00e4ilitanud kasutusk\u00f5lblikkuse,\u00a0ei sisalda m\u00e4rkimisv\u00e4\u00e4rseid vigastusi)","robots":{"index":"index","follow":"follow","max-snippet":"max-snippet:-1","max-image-preview":"max-image-preview:large","max-video-preview":"max-video-preview:-1"},"canonical":"https:\/\/www.outdoors.ee\/et\/toode\/iturri-cold-wet-weather-male-combat-saapad\/","og_locale":"et_EE","og_type":"article","og_title":"ITURRI Cold Wet Weather Male Combat saapad","og_description":"Originaalsed Briti s\u00f5jav\u00e4e k\u00fclma ja niiske ilmastiku saapad niiskuskindla ja hingava Gore-Tex\u00ae\u00a0voodriga. Ideaalselt sobivad Eesti kliima tingimustesse. \u00a0 Omadused: t\u00e4isnahast pealne Gore-Tex\u00ae niiskuskindel membraan hoiab jalgu kuivana ka ekstreemsemates tingimustes 3M Thinsulate vooder hoiab h\u00e4sti sooja, olles samal ajal hingav ja komfortne Defender libisemisvastane ning p\u00f5rutust neelav v\u00e4listald\u00a0 tallasisene tugevdus, mis annab saapale piisava j\u00e4ikuse ka ebatasasel maastikul innovatiivne paelas\u00fcsteem lukustuva aasaga ning vastupidavate metallist mittepeegeldavate kinnitustega pehme ning jalga kaitsev saapakaelus Saapa liist: M - tavaline; L - lai\u00a0 Seisukord: uued (v\u00f5ivad sisaldada hulgiladustamise j\u00e4lgi) uuev\u00e4\u00e4rsed (sisaldavad minimaalseid kulumisj\u00e4lgi) kasutatud, Grade 1 (m\u00f5\u00f5dukate kulumisj\u00e4lgedega, kuid heas korras, s\u00e4ilitanud kasutusk\u00f5lblikkuse,\u00a0ei sisalda m\u00e4rkimisv\u00e4\u00e4rseid vigastusi)","og_url":"https:\/\/www.outdoors.ee\/et\/toode\/iturri-cold-wet-weather-male-combat-saapad\/","og_site_name":"Outdoors","article_modified_time":"2026-01-28T17:09:31+00:00","og_image":[{"width":1417,"height":1500,"url":"https:\/\/www.outdoors.ee\/wp-content\/uploads\/2021\/09\/0872-Iturri-Cold-Wet-Weather-Combat-Boots-brown-1.jpg","type":"image\/jpeg"}],"twitter_card":"summary_large_image","twitter_title":"ITURRI Cold Wet Weather Male Combat saapad","twitter_misc":{"Est. reading time":"1 minut"},"schema":{"@context":"https:\/\/schema.org","@graph":[{"@type":"WebPage","@id":"https:\/\/www.outdoors.ee\/et\/toode\/iturri-cold-wet-weather-male-combat-saapad\/","url":"https:\/\/www.outdoors.ee\/et\/toode\/iturri-cold-wet-weather-male-combat-saapad\/","name":"ITURRI Cold Wet Weather Male Combat saapad - outdoors.ee","isPartOf":{"@id":"https:\/\/www.outdoors.ee\/#website"},"primaryImageOfPage":{"@id":"https:\/\/www.outdoors.ee\/et\/toode\/iturri-cold-wet-weather-male-combat-saapad\/#primaryimage"},"image":{"@id":"https:\/\/www.outdoors.ee\/et\/toode\/iturri-cold-wet-weather-male-combat-saapad\/#primaryimage"},"thumbnailUrl":"https:\/\/www.outdoors.ee\/wp-content\/uploads\/2021\/09\/0872-Iturri-Cold-Wet-Weather-Combat-Boots-brown-1.jpg","datePublished":"2021-12-09T00:00:00+00:00","dateModified":"2026-01-28T17:09:31+00:00","description":"Originaalsed Briti s\u00f5jav\u00e4e k\u00fclma ja niiske ilmastiku saapad niiskuskindla ja hingava Gore-Tex\u00ae\u00a0voodriga. Ideaalselt sobivad Eesti kliima tingimustesse. \u00a0 Omadused: t\u00e4isnahast pealne Gore-Tex\u00ae niiskuskindel membraan hoiab jalgu kuivana ka ekstreemsemates tingimustes 3M Thinsulate vooder hoiab h\u00e4sti sooja, olles samal ajal hingav ja komfortne Defender libisemisvastane ning p\u00f5rutust neelav v\u00e4listald\u00a0 tallasisene tugevdus, mis annab saapale piisava j\u00e4ikuse ka ebatasasel maastikul innovatiivne paelas\u00fcsteem lukustuva aasaga ning vastupidavate metallist mittepeegeldavate kinnitustega pehme ning jalga kaitsev saapakaelus Saapa liist: M - tavaline; L - lai\u00a0 Seisukord: uued (v\u00f5ivad sisaldada hulgiladustamise j\u00e4lgi) uuev\u00e4\u00e4rsed (sisaldavad minimaalseid kulumisj\u00e4lgi) kasutatud, Grade 1 (m\u00f5\u00f5dukate kulumisj\u00e4lgedega, kuid heas korras, s\u00e4ilitanud kasutusk\u00f5lblikkuse,\u00a0ei sisalda m\u00e4rkimisv\u00e4\u00e4rseid vigastusi)","breadcrumb":{"@id":"https:\/\/www.outdoors.ee\/et\/toode\/iturri-cold-wet-weather-male-combat-saapad\/#breadcrumb"},"inLanguage":"et","potentialAction":[{"@type":"ReadAction","target":["https:\/\/www.outdoors.ee\/et\/toode\/iturri-cold-wet-weather-male-combat-saapad\/"]}]},{"@type":"ImageObject","inLanguage":"et","@id":"https:\/\/www.outdoors.ee\/et\/toode\/iturri-cold-wet-weather-male-combat-saapad\/#primaryimage","url":"https:\/\/www.outdoors.ee\/wp-content\/uploads\/2021\/09\/0872-Iturri-Cold-Wet-Weather-Combat-Boots-brown-1.jpg","contentUrl":"https:\/\/www.outdoors.ee\/wp-content\/uploads\/2021\/09\/0872-Iturri-Cold-Wet-Weather-Combat-Boots-brown-1.jpg","width":1417,"height":1500},{"@type":"BreadcrumbList","@id":"https:\/\/www.outdoors.ee\/et\/toode\/iturri-cold-wet-weather-male-combat-saapad\/#breadcrumb","itemListElement":[{"@type":"ListItem","position":1,"name":"Home","item":"https:\/\/www.outdoors.ee\/et\/"},{"@type":"ListItem","position":2,"name":"Tooted","item":"https:\/\/www.outdoors.ee\/products\/"},{"@type":"ListItem","position":3,"name":"Briti Armee Iturri\u00ae Cold Wet Weather Male Combat saapad"}]},{"@type":"WebSite","@id":"https:\/\/www.outdoors.ee\/#website","url":"https:\/\/www.outdoors.ee\/","name":"Outdoors","description":"Genuine military surplus and not only!","potentialAction":[{"@type":"SearchAction","target":{"@type":"EntryPoint","urlTemplate":"https:\/\/www.outdoors.ee\/?s={search_term_string}"},"query-input":{"@type":"PropertyValueSpecification","valueRequired":true,"valueName":"search_term_string"}}],"inLanguage":"et"}]}},"_links":{"self":[{"href":"https:\/\/www.outdoors.ee\/et\/wp-json\/wp\/v2\/product\/60635","targetHints":{"allow":["GET"]}}],"collection":[{"href":"https:\/\/www.outdoors.ee\/et\/wp-json\/wp\/v2\/product"}],"about":[{"href":"https:\/\/www.outdoors.ee\/et\/wp-json\/wp\/v2\/types\/product"}],"wp:featuredmedia":[{"embeddable":true,"href":"https:\/\/www.outdoors.ee\/et\/wp-json\/wp\/v2\/media\/18135"}],"wp:attachment":[{"href":"https:\/\/www.outdoors.ee\/et\/wp-json\/wp\/v2\/media?parent=60635"}],"wp:term":[{"taxonomy":"product_brand","embeddable":true,"href":"https:\/\/www.outdoors.ee\/et\/wp-json\/wp\/v2\/product_brand?post=60635"},{"taxonomy":"product_cat","embeddable":true,"href":"https:\/\/www.outdoors.ee\/et\/wp-json\/wp\/v2\/product_cat?post=60635"},{"taxonomy":"product_tag","embeddable":true,"href":"https:\/\/www.outdoors.ee\/et\/wp-json\/wp\/v2\/product_tag?post=60635"}],"curies":[{"name":"wp","href":"https:\/\/api.w.org\/{rel}","templated":true}]}}