{"id":60602,"date":"2021-12-09T00:00:00","date_gmt":"2021-12-09T00:00:00","guid":{"rendered":"https:\/\/www.outdoors.ee\/product\/briti-armee-lowa-elite-desert-saapad\/"},"modified":"2026-03-09T11:09:16","modified_gmt":"2026-03-09T09:09:16","slug":"briti-armee-lowa-elite-desert-saapad","status":"publish","type":"product","link":"https:\/\/www.outdoors.ee\/et\/toode\/briti-armee-lowa-elite-desert-saapad\/","title":{"rendered":"Lowa\u00ae Elite Desert saapad"},"content":{"rendered":"<p style=\"text-align: justify;\">Vastupidav, hingav ja kergekaaluline lahingsaabas, efektiivne erinevatel maastikut\u00fc\u00fcpidel.<\/p>\n<p style=\"text-align: justify;\"><strong>Omadused<\/strong>:<\/p>\n<ul>\n<li>Briti s\u00f5jav\u00e4e originaal, Lowa\u00ae taktikalise jalan\u00f5u (TF-seeria) mudel<\/li>\n<li>pealne: seemisnahk ja Cordura\u00ae, vastupidav plastikust varbakaitse<\/li>\n<li>vooder: hingav, kiiresti kiuvav, kulumiskindel Vita-Tex kangas<\/li>\n<li>vahetald: pol\u00fcuretaanist, p\u00f5rutustneelav<\/li>\n<li>v\u00e4listald: vastupidav, Vibram\u00ae MVS mustriga, \u00f5li- ja k\u00fctusekindel<\/li>\n<li>eemaldatav niiskustimav sisetald<\/li>\n<li>8 kinnise aasaga kiiret sidumist v\u00f5imaldav paelas\u00fcsteem<\/li>\n<li>pehmendatud saapakeel<\/li>\n<li>pehmendatud h\u00fcppeliigese tugi<\/li>\n<\/ul>\n<p><strong>Seisukord<\/strong>:<\/p>\n<ul>\n<li>uus (originaalkarbis v\u00f5i ilma, v\u00f5ivad sisaldada ladustamise j\u00e4lgi)<\/li>\n<li>uuev\u00e4\u00e4rne (sisaldavad kergeid kulumisj\u00e4lgi)<\/li>\n<\/ul>\n","protected":false},"excerpt":{"rendered":"<p>Briti Armee Lowa\u00ae Elite Desert saapad, bee\u017e<\/p>\n","protected":false},"featured_media":109055,"template":"","meta":[],"product_brand":[],"product_cat":[70],"product_tag":[],"class_list":{"0":"post-60602","1":"product","2":"type-product","3":"status-publish","4":"has-post-thumbnail","6":"product_cat-jalanoud","7":"pa_brand-british-military-surplus","8":"pa_brand-lowa-2","9":"pa_condition-uus","10":"pa_size-uk105-us115-eu45-2","11":"pa_size-uk10-us11-eu445-2","12":"pa_size-uk115-us125-eu465-2","13":"pa_size-uk11-us12-eu46-2","14":"pa_size-uk125-us135-eu48-2","15":"pa_size-uk12-us13-eu47-3","16":"pa_size-uk3-us4-eu36","17":"pa_size-uk75-us85-eu415-3","18":"pa_size-uk85-us95-eu425-3","19":"pa_size-uk8-us9-eu42-3","20":"pa_size-uk95-us105-eu44-2","21":"pa_size-uk9-us10-eu435-2","23":"first","24":"instock","25":"taxable","26":"shipping-taxable","27":"purchasable","28":"product-type-variable"},"yoast_head":"<!-- This site is optimized with the Yoast SEO plugin v27.2 - https:\/\/yoast.com\/product\/yoast-seo-wordpress\/ -->\n<title>Briti Armee LOWA Elite Desert saapad - outdoors.ee<\/title>\n<meta name=\"description\" content=\"Vastupidav, hingav ja kergekaaluline lahingsaabas, efektiivne erinevatel maastikut\u00fc\u00fcpidel. Lowa Elite Desert k\u00f5rbesaapaid on Briti Kaitseministeerium katsetanud k\u00f5ige raskemates tingimustes. Omadused: pealne: seemisnahk ja Cordura, vastupidav kummist varbakaitse vooder: hingav, kiiresti kiuvav, kulumiskindel Vita-Tex kangas vahetald: pol\u00fcuretaanist, p\u00f5rutustneelav v\u00e4listald: vastupidav, Vibram MVS mustriga, \u00f5li- ja k\u00fctusekindel eemaldatav niiskustimav sisetald kinnise r\u00f5ngaga kiiret sidumist v\u00f5imaldav paelas\u00fcsteem pehmendatud saapakeel paelar\u00f5ngaga pehmendatud h\u00fcppeliigese tugi toodetud Saksamaal. Seisukord: uued (v\u00f5ivad sisaldada ladustamise j\u00e4lgi) uuev\u00e4\u00e4rsed (sisaldavad minimaalseid kulumisj\u00e4lgi) kasutatud, Grade 1 (sisaldavad m\u00f5\u00f5dukaid kulumisj\u00e4lgi, kuid on s\u00e4ilitanud kasutusk\u00f5lblikkuse, ei sisalda m\u00e4rkimisv\u00e4\u00e4rseid vigastusi)\" \/>\n<meta name=\"robots\" content=\"index, follow, max-snippet:-1, max-image-preview:large, max-video-preview:-1\" \/>\n<link rel=\"canonical\" href=\"https:\/\/www.outdoors.ee\/et\/toode\/briti-armee-lowa-elite-desert-saapad\/\" \/>\n<meta property=\"og:locale\" content=\"et_EE\" \/>\n<meta property=\"og:type\" content=\"article\" \/>\n<meta property=\"og:title\" content=\"Briti Armee LOWA Elite Desert saapad\" \/>\n<meta property=\"og:description\" content=\"Vastupidav, hingav ja kergekaaluline lahingsaabas, efektiivne erinevatel maastikut\u00fc\u00fcpidel. Lowa Elite Desert k\u00f5rbesaapaid on Briti Kaitseministeerium katsetanud k\u00f5ige raskemates tingimustes. Omadused: pealne: seemisnahk ja Cordura, vastupidav kummist varbakaitse vooder: hingav, kiiresti kiuvav, kulumiskindel Vita-Tex kangas vahetald: pol\u00fcuretaanist, p\u00f5rutustneelav v\u00e4listald: vastupidav, Vibram MVS mustriga, \u00f5li- ja k\u00fctusekindel eemaldatav niiskustimav sisetald kinnise r\u00f5ngaga kiiret sidumist v\u00f5imaldav paelas\u00fcsteem pehmendatud saapakeel paelar\u00f5ngaga pehmendatud h\u00fcppeliigese tugi toodetud Saksamaal. Seisukord: uued (v\u00f5ivad sisaldada ladustamise j\u00e4lgi) uuev\u00e4\u00e4rsed (sisaldavad minimaalseid kulumisj\u00e4lgi) kasutatud, Grade 1 (sisaldavad m\u00f5\u00f5dukaid kulumisj\u00e4lgi, kuid on s\u00e4ilitanud kasutusk\u00f5lblikkuse, ei sisalda m\u00e4rkimisv\u00e4\u00e4rseid vigastusi)\" \/>\n<meta property=\"og:url\" content=\"https:\/\/www.outdoors.ee\/et\/toode\/briti-armee-lowa-elite-desert-saapad\/\" \/>\n<meta property=\"og:site_name\" content=\"Outdoors\" \/>\n<meta property=\"article:modified_time\" content=\"2026-03-09T09:09:16+00:00\" \/>\n<meta property=\"og:image\" content=\"https:\/\/www.outdoors.ee\/wp-content\/uploads\/2021\/12\/0870-British-Army-Lowa\u00ae-Elite-Desert-Boots-5.jpg\" \/>\n\t<meta property=\"og:image:width\" content=\"1050\" \/>\n\t<meta property=\"og:image:height\" content=\"1050\" \/>\n\t<meta property=\"og:image:type\" content=\"image\/jpeg\" \/>\n<meta name=\"twitter:card\" content=\"summary_large_image\" \/>\n<meta name=\"twitter:title\" content=\"Briti Armee LOWA Elite Desert saapad\" \/>\n<meta name=\"twitter:label1\" content=\"Est. reading time\" \/>\n\t<meta name=\"twitter:data1\" content=\"1 minut\" \/>\n<script type=\"application\/ld+json\" class=\"yoast-schema-graph\">{\"@context\":\"https:\/\/schema.org\",\"@graph\":[{\"@type\":\"WebPage\",\"@id\":\"https:\/\/www.outdoors.ee\/et\/toode\/briti-armee-lowa-elite-desert-saapad\/\",\"url\":\"https:\/\/www.outdoors.ee\/et\/toode\/briti-armee-lowa-elite-desert-saapad\/\",\"name\":\"Briti Armee LOWA Elite Desert saapad - outdoors.ee\",\"isPartOf\":{\"@id\":\"https:\/\/www.outdoors.ee\/#website\"},\"primaryImageOfPage\":{\"@id\":\"https:\/\/www.outdoors.ee\/et\/toode\/briti-armee-lowa-elite-desert-saapad\/#primaryimage\"},\"image\":{\"@id\":\"https:\/\/www.outdoors.ee\/et\/toode\/briti-armee-lowa-elite-desert-saapad\/#primaryimage\"},\"thumbnailUrl\":\"https:\/\/www.outdoors.ee\/wp-content\/uploads\/2021\/12\/0870-British-Army-Lowa\u00ae-Elite-Desert-Boots-5.jpg\",\"datePublished\":\"2021-12-09T00:00:00+00:00\",\"dateModified\":\"2026-03-09T09:09:16+00:00\",\"description\":\"Vastupidav, hingav ja kergekaaluline lahingsaabas, efektiivne erinevatel maastikut\u00fc\u00fcpidel. Lowa Elite Desert k\u00f5rbesaapaid on Briti Kaitseministeerium katsetanud k\u00f5ige raskemates tingimustes. Omadused: pealne: seemisnahk ja Cordura, vastupidav kummist varbakaitse vooder: hingav, kiiresti kiuvav, kulumiskindel Vita-Tex kangas vahetald: pol\u00fcuretaanist, p\u00f5rutustneelav v\u00e4listald: vastupidav, Vibram MVS mustriga, \u00f5li- ja k\u00fctusekindel eemaldatav niiskustimav sisetald kinnise r\u00f5ngaga kiiret sidumist v\u00f5imaldav paelas\u00fcsteem pehmendatud saapakeel paelar\u00f5ngaga pehmendatud h\u00fcppeliigese tugi toodetud Saksamaal. Seisukord: uued (v\u00f5ivad sisaldada ladustamise j\u00e4lgi) uuev\u00e4\u00e4rsed (sisaldavad minimaalseid kulumisj\u00e4lgi) kasutatud, Grade 1 (sisaldavad m\u00f5\u00f5dukaid kulumisj\u00e4lgi, kuid on s\u00e4ilitanud kasutusk\u00f5lblikkuse, ei sisalda m\u00e4rkimisv\u00e4\u00e4rseid vigastusi)\",\"breadcrumb\":{\"@id\":\"https:\/\/www.outdoors.ee\/et\/toode\/briti-armee-lowa-elite-desert-saapad\/#breadcrumb\"},\"inLanguage\":\"et\",\"potentialAction\":[{\"@type\":\"ReadAction\",\"target\":[\"https:\/\/www.outdoors.ee\/et\/toode\/briti-armee-lowa-elite-desert-saapad\/\"]}]},{\"@type\":\"ImageObject\",\"inLanguage\":\"et\",\"@id\":\"https:\/\/www.outdoors.ee\/et\/toode\/briti-armee-lowa-elite-desert-saapad\/#primaryimage\",\"url\":\"https:\/\/www.outdoors.ee\/wp-content\/uploads\/2021\/12\/0870-British-Army-Lowa\u00ae-Elite-Desert-Boots-5.jpg\",\"contentUrl\":\"https:\/\/www.outdoors.ee\/wp-content\/uploads\/2021\/12\/0870-British-Army-Lowa\u00ae-Elite-Desert-Boots-5.jpg\",\"width\":1050,\"height\":1050},{\"@type\":\"BreadcrumbList\",\"@id\":\"https:\/\/www.outdoors.ee\/et\/toode\/briti-armee-lowa-elite-desert-saapad\/#breadcrumb\",\"itemListElement\":[{\"@type\":\"ListItem\",\"position\":1,\"name\":\"Home\",\"item\":\"https:\/\/www.outdoors.ee\/et\/\"},{\"@type\":\"ListItem\",\"position\":2,\"name\":\"Tooted\",\"item\":\"https:\/\/www.outdoors.ee\/products\/\"},{\"@type\":\"ListItem\",\"position\":3,\"name\":\"Lowa\u00ae Elite Desert saapad\"}]},{\"@type\":\"WebSite\",\"@id\":\"https:\/\/www.outdoors.ee\/#website\",\"url\":\"https:\/\/www.outdoors.ee\/\",\"name\":\"Outdoors\",\"description\":\"Genuine military surplus and not only!\",\"potentialAction\":[{\"@type\":\"SearchAction\",\"target\":{\"@type\":\"EntryPoint\",\"urlTemplate\":\"https:\/\/www.outdoors.ee\/?s={search_term_string}\"},\"query-input\":{\"@type\":\"PropertyValueSpecification\",\"valueRequired\":true,\"valueName\":\"search_term_string\"}}],\"inLanguage\":\"et\"}]}<\/script>\n<!-- \/ Yoast SEO plugin. -->","yoast_head_json":{"title":"Briti Armee LOWA Elite Desert saapad - outdoors.ee","description":"Vastupidav, hingav ja kergekaaluline lahingsaabas, efektiivne erinevatel maastikut\u00fc\u00fcpidel. Lowa Elite Desert k\u00f5rbesaapaid on Briti Kaitseministeerium katsetanud k\u00f5ige raskemates tingimustes. Omadused: pealne: seemisnahk ja Cordura, vastupidav kummist varbakaitse vooder: hingav, kiiresti kiuvav, kulumiskindel Vita-Tex kangas vahetald: pol\u00fcuretaanist, p\u00f5rutustneelav v\u00e4listald: vastupidav, Vibram MVS mustriga, \u00f5li- ja k\u00fctusekindel eemaldatav niiskustimav sisetald kinnise r\u00f5ngaga kiiret sidumist v\u00f5imaldav paelas\u00fcsteem pehmendatud saapakeel paelar\u00f5ngaga pehmendatud h\u00fcppeliigese tugi toodetud Saksamaal. Seisukord: uued (v\u00f5ivad sisaldada ladustamise j\u00e4lgi) uuev\u00e4\u00e4rsed (sisaldavad minimaalseid kulumisj\u00e4lgi) kasutatud, Grade 1 (sisaldavad m\u00f5\u00f5dukaid kulumisj\u00e4lgi, kuid on s\u00e4ilitanud kasutusk\u00f5lblikkuse, ei sisalda m\u00e4rkimisv\u00e4\u00e4rseid vigastusi)","robots":{"index":"index","follow":"follow","max-snippet":"max-snippet:-1","max-image-preview":"max-image-preview:large","max-video-preview":"max-video-preview:-1"},"canonical":"https:\/\/www.outdoors.ee\/et\/toode\/briti-armee-lowa-elite-desert-saapad\/","og_locale":"et_EE","og_type":"article","og_title":"Briti Armee LOWA Elite Desert saapad","og_description":"Vastupidav, hingav ja kergekaaluline lahingsaabas, efektiivne erinevatel maastikut\u00fc\u00fcpidel. Lowa Elite Desert k\u00f5rbesaapaid on Briti Kaitseministeerium katsetanud k\u00f5ige raskemates tingimustes. Omadused: pealne: seemisnahk ja Cordura, vastupidav kummist varbakaitse vooder: hingav, kiiresti kiuvav, kulumiskindel Vita-Tex kangas vahetald: pol\u00fcuretaanist, p\u00f5rutustneelav v\u00e4listald: vastupidav, Vibram MVS mustriga, \u00f5li- ja k\u00fctusekindel eemaldatav niiskustimav sisetald kinnise r\u00f5ngaga kiiret sidumist v\u00f5imaldav paelas\u00fcsteem pehmendatud saapakeel paelar\u00f5ngaga pehmendatud h\u00fcppeliigese tugi toodetud Saksamaal. Seisukord: uued (v\u00f5ivad sisaldada ladustamise j\u00e4lgi) uuev\u00e4\u00e4rsed (sisaldavad minimaalseid kulumisj\u00e4lgi) kasutatud, Grade 1 (sisaldavad m\u00f5\u00f5dukaid kulumisj\u00e4lgi, kuid on s\u00e4ilitanud kasutusk\u00f5lblikkuse, ei sisalda m\u00e4rkimisv\u00e4\u00e4rseid vigastusi)","og_url":"https:\/\/www.outdoors.ee\/et\/toode\/briti-armee-lowa-elite-desert-saapad\/","og_site_name":"Outdoors","article_modified_time":"2026-03-09T09:09:16+00:00","og_image":[{"width":1050,"height":1050,"url":"https:\/\/www.outdoors.ee\/wp-content\/uploads\/2021\/12\/0870-British-Army-Lowa\u00ae-Elite-Desert-Boots-5.jpg","type":"image\/jpeg"}],"twitter_card":"summary_large_image","twitter_title":"Briti Armee LOWA Elite Desert saapad","twitter_misc":{"Est. reading time":"1 minut"},"schema":{"@context":"https:\/\/schema.org","@graph":[{"@type":"WebPage","@id":"https:\/\/www.outdoors.ee\/et\/toode\/briti-armee-lowa-elite-desert-saapad\/","url":"https:\/\/www.outdoors.ee\/et\/toode\/briti-armee-lowa-elite-desert-saapad\/","name":"Briti Armee LOWA Elite Desert saapad - outdoors.ee","isPartOf":{"@id":"https:\/\/www.outdoors.ee\/#website"},"primaryImageOfPage":{"@id":"https:\/\/www.outdoors.ee\/et\/toode\/briti-armee-lowa-elite-desert-saapad\/#primaryimage"},"image":{"@id":"https:\/\/www.outdoors.ee\/et\/toode\/briti-armee-lowa-elite-desert-saapad\/#primaryimage"},"thumbnailUrl":"https:\/\/www.outdoors.ee\/wp-content\/uploads\/2021\/12\/0870-British-Army-Lowa\u00ae-Elite-Desert-Boots-5.jpg","datePublished":"2021-12-09T00:00:00+00:00","dateModified":"2026-03-09T09:09:16+00:00","description":"Vastupidav, hingav ja kergekaaluline lahingsaabas, efektiivne erinevatel maastikut\u00fc\u00fcpidel. Lowa Elite Desert k\u00f5rbesaapaid on Briti Kaitseministeerium katsetanud k\u00f5ige raskemates tingimustes. Omadused: pealne: seemisnahk ja Cordura, vastupidav kummist varbakaitse vooder: hingav, kiiresti kiuvav, kulumiskindel Vita-Tex kangas vahetald: pol\u00fcuretaanist, p\u00f5rutustneelav v\u00e4listald: vastupidav, Vibram MVS mustriga, \u00f5li- ja k\u00fctusekindel eemaldatav niiskustimav sisetald kinnise r\u00f5ngaga kiiret sidumist v\u00f5imaldav paelas\u00fcsteem pehmendatud saapakeel paelar\u00f5ngaga pehmendatud h\u00fcppeliigese tugi toodetud Saksamaal. Seisukord: uued (v\u00f5ivad sisaldada ladustamise j\u00e4lgi) uuev\u00e4\u00e4rsed (sisaldavad minimaalseid kulumisj\u00e4lgi) kasutatud, Grade 1 (sisaldavad m\u00f5\u00f5dukaid kulumisj\u00e4lgi, kuid on s\u00e4ilitanud kasutusk\u00f5lblikkuse, ei sisalda m\u00e4rkimisv\u00e4\u00e4rseid vigastusi)","breadcrumb":{"@id":"https:\/\/www.outdoors.ee\/et\/toode\/briti-armee-lowa-elite-desert-saapad\/#breadcrumb"},"inLanguage":"et","potentialAction":[{"@type":"ReadAction","target":["https:\/\/www.outdoors.ee\/et\/toode\/briti-armee-lowa-elite-desert-saapad\/"]}]},{"@type":"ImageObject","inLanguage":"et","@id":"https:\/\/www.outdoors.ee\/et\/toode\/briti-armee-lowa-elite-desert-saapad\/#primaryimage","url":"https:\/\/www.outdoors.ee\/wp-content\/uploads\/2021\/12\/0870-British-Army-Lowa\u00ae-Elite-Desert-Boots-5.jpg","contentUrl":"https:\/\/www.outdoors.ee\/wp-content\/uploads\/2021\/12\/0870-British-Army-Lowa\u00ae-Elite-Desert-Boots-5.jpg","width":1050,"height":1050},{"@type":"BreadcrumbList","@id":"https:\/\/www.outdoors.ee\/et\/toode\/briti-armee-lowa-elite-desert-saapad\/#breadcrumb","itemListElement":[{"@type":"ListItem","position":1,"name":"Home","item":"https:\/\/www.outdoors.ee\/et\/"},{"@type":"ListItem","position":2,"name":"Tooted","item":"https:\/\/www.outdoors.ee\/products\/"},{"@type":"ListItem","position":3,"name":"Lowa\u00ae Elite Desert saapad"}]},{"@type":"WebSite","@id":"https:\/\/www.outdoors.ee\/#website","url":"https:\/\/www.outdoors.ee\/","name":"Outdoors","description":"Genuine military surplus and not only!","potentialAction":[{"@type":"SearchAction","target":{"@type":"EntryPoint","urlTemplate":"https:\/\/www.outdoors.ee\/?s={search_term_string}"},"query-input":{"@type":"PropertyValueSpecification","valueRequired":true,"valueName":"search_term_string"}}],"inLanguage":"et"}]}},"_links":{"self":[{"href":"https:\/\/www.outdoors.ee\/et\/wp-json\/wp\/v2\/product\/60602","targetHints":{"allow":["GET"]}}],"collection":[{"href":"https:\/\/www.outdoors.ee\/et\/wp-json\/wp\/v2\/product"}],"about":[{"href":"https:\/\/www.outdoors.ee\/et\/wp-json\/wp\/v2\/types\/product"}],"wp:featuredmedia":[{"embeddable":true,"href":"https:\/\/www.outdoors.ee\/et\/wp-json\/wp\/v2\/media\/109055"}],"wp:attachment":[{"href":"https:\/\/www.outdoors.ee\/et\/wp-json\/wp\/v2\/media?parent=60602"}],"wp:term":[{"taxonomy":"product_brand","embeddable":true,"href":"https:\/\/www.outdoors.ee\/et\/wp-json\/wp\/v2\/product_brand?post=60602"},{"taxonomy":"product_cat","embeddable":true,"href":"https:\/\/www.outdoors.ee\/et\/wp-json\/wp\/v2\/product_cat?post=60602"},{"taxonomy":"product_tag","embeddable":true,"href":"https:\/\/www.outdoors.ee\/et\/wp-json\/wp\/v2\/product_tag?post=60602"}],"curies":[{"name":"wp","href":"https:\/\/api.w.org\/{rel}","templated":true}]}}