{"id":60537,"date":"2021-12-09T00:00:00","date_gmt":"2021-12-08T22:00:00","guid":{"rendered":"https:\/\/www.outdoors.ee\/product\/meindl-md-rock-bundeswehr-gore-tex-saapad\/"},"modified":"2025-09-01T16:45:09","modified_gmt":"2025-09-01T13:45:09","slug":"meindl-md-rock-bundeswehr-gore-tex-saapad","status":"publish","type":"product","link":"https:\/\/www.outdoors.ee\/et\/toode\/meindl-md-rock-bundeswehr-gore-tex-saapad\/","title":{"rendered":"Meindl\u00ae MD Rock GTX BW saapad"},"content":{"rendered":"<p style=\"text-align: justify;\">Saksa s\u00f5jav\u00e4e multi-funktsionaalne kerge lahingsaabas, mida kasutatakse nii asustatud ala kui maastikuoperatsioonidel. Kompaktse disaini juures on siiski tagatud optimaalne kaitse jalale ning h\u00fcppeliigesele.<\/p>\n<p style=\"text-align: justify;\"><strong>Omadused<\/strong>:<\/p>\n<ul>\n<li>vetth\u00fclgavast, hingavast nubuknahast ja Cordura\u00b4st pealne<\/li>\n<li>antistaatiline, \u00f5li-, k\u00fctuse-, ning kuumusekindel tald Vibram mustriga<\/li>\n<li>veekindla ja hingava\u00a0Gore-Tex\u00ae Extended Comfort membraaniga vooder<\/li>\n<li>DiGafix 2-tsooniline paelas\u00fcsteem<\/li>\n<li>Meindl Air-Active SoftPrint Drysole sisetald<\/li>\n<li>tugev kummirant varba- ning kannapiirkondades<\/li>\n<li>paelatasku saapakeele \u00fclemises otsas<\/li>\n<li>kaal ca 1600g\/paar<\/li>\n<\/ul>\n<p><strong>Seisukord<\/strong>:<\/p>\n<ul>\n<li>uued (ilma originaalkarbita, v\u00f5ivad sisaldada hulgiladustamise j\u00e4lgi)<\/li>\n<li>uuev\u00e4\u00e4rsed (sisaldavad kergeid kulumisj\u00e4lgi)<\/li>\n<li>kasutatud, Grade 1 (sisaldavad m\u00f5\u00f5dukaid kulumisj\u00e4lgi, v\u00f5ivad sisaldada v\u00e4iksemaid vigastusi, sisetallad v\u00f5ivad olla eemaldatud)<\/li>\n<\/ul>\n<p>NB! piltidel 2-4 olev saapapaar on seisukorras \u201cuuev\u00e4\u00e4rne\u201d<\/p>\n","protected":false},"excerpt":{"rendered":"<p>Saksa Armee Meindl\u00ae MD Rock Gore-Tex\u00ae kerged lahingsaapad, pruun<\/p>\n","protected":false},"featured_media":88379,"template":"","meta":[],"product_brand":[],"product_cat":[70],"product_tag":[],"class_list":{"0":"post-60537","1":"product","2":"type-product","3":"status-publish","4":"has-post-thumbnail","6":"product_cat-jalanoud","7":"pa_brand-german-military-surplus","8":"pa_brand-meindl-2","9":"pa_condition-kasutatud-grade-1","10":"pa_condition-uuevaarne","11":"pa_condition-uus","12":"pa_size-uk105-us115-eu45-2","13":"pa_size-uk10-us11-eu445-2","14":"pa_size-uk115-us125-eu465-2","15":"pa_size-uk11-us12-eu46-2","16":"pa_size-uk125-us135-eu48-2","17":"pa_size-uk12-us13-eu47-3","18":"pa_size-uk135-us145-eu49-2","19":"pa_size-uk13-us14-eu485-2","20":"pa_size-uk14-us15-eu495-2","21":"pa_size-uk35-us45-eu36-2","22":"pa_size-uk45-us55-eu375-3","23":"pa_size-uk4-us5-eu37-2","24":"pa_size-uk55-us65-eu39-2","25":"pa_size-uk5-us6-eu38-2","26":"pa_size-uk65-us75-eu40-2-2","27":"pa_size-uk6-us7-eu395-2","28":"pa_size-uk75-us85-eu415-3","29":"pa_size-uk7-us8-eu41-2","30":"pa_size-uk85-us95-eu425-3","31":"pa_size-uk8-us9-eu42-3","32":"pa_size-uk95-us105-eu44-2","33":"pa_size-uk9-us10-eu43-2","35":"first","36":"instock","37":"taxable","38":"shipping-taxable","39":"purchasable","40":"product-type-variable"},"yoast_head":"<!-- This site is optimized with the Yoast SEO plugin v27.2 - https:\/\/yoast.com\/product\/yoast-seo-wordpress\/ -->\n<title>MEINDL MD Rock Bundeswehr Gore-Tex\u00ae saapad - outdoors.ee<\/title>\n<meta name=\"description\" content=\"Originaalne Saksa s\u00f5jav\u00e4e multi-funktsionaalne kerge lahingsaabas, mida kasutatakse nii linna- kui maastikuoperatsioonidel. Kompaktse disaini juures on siiski tagatud optimaalne kaitse jalale ning h\u00fcppeliigesele. Saapad toodetakse Bundewehr\u00b4i n\u00f5udmisel pruunis toonis kasutamiseks k\u00f5rbe ning sooja kliimaga piirkondades. Omadused: vetth\u00fclgavast, hingavast nubuknahast ja Cordura\u00b4st pealne antistaatiline, \u00f5li-, k\u00fctuse-, ning kuumusekindel tald Vibram mustriga veekindla ja hingava\u00a0Gore-Tex\u00ae Extended Comfort membraaniga vooder DiGafix 2-tsooniline paelas\u00fcsteem Meindl Air-Active SoftPrint Drysole sisetald tugev kummirant varba- ning kannapiirkondades paelatasku saapakeele \u00fclemises otsas Kaal: ca 1600g\/paar Seisukord: uued (v\u00f5ivad sisaldada hulgiladustamise j\u00e4lgi) uuev\u00e4\u00e4rsed (sisaldavad minimaalseid kulumisj\u00e4lgi) kasutatud, Grade 1 (sisaldavad m\u00f5\u00f5dukaid kulumisj\u00e4lgi, ei sisalda m\u00e4rkimisv\u00e4\u00e4rseid vigastusi)\" \/>\n<meta name=\"robots\" content=\"index, follow, max-snippet:-1, max-image-preview:large, max-video-preview:-1\" \/>\n<link rel=\"canonical\" href=\"https:\/\/www.outdoors.ee\/et\/toode\/meindl-md-rock-bundeswehr-gore-tex-saapad\/\" \/>\n<meta property=\"og:locale\" content=\"et_EE\" \/>\n<meta property=\"og:type\" content=\"article\" \/>\n<meta property=\"og:title\" content=\"MEINDL MD Rock Bundeswehr Gore-Tex\u00ae saapad\" \/>\n<meta property=\"og:description\" content=\"Originaalne Saksa s\u00f5jav\u00e4e multi-funktsionaalne kerge lahingsaabas, mida kasutatakse nii linna- kui maastikuoperatsioonidel. Kompaktse disaini juures on siiski tagatud optimaalne kaitse jalale ning h\u00fcppeliigesele. Saapad toodetakse Bundewehr\u00b4i n\u00f5udmisel pruunis toonis kasutamiseks k\u00f5rbe ning sooja kliimaga piirkondades. Omadused: vetth\u00fclgavast, hingavast nubuknahast ja Cordura\u00b4st pealne antistaatiline, \u00f5li-, k\u00fctuse-, ning kuumusekindel tald Vibram mustriga veekindla ja hingava\u00a0Gore-Tex\u00ae Extended Comfort membraaniga vooder DiGafix 2-tsooniline paelas\u00fcsteem Meindl Air-Active SoftPrint Drysole sisetald tugev kummirant varba- ning kannapiirkondades paelatasku saapakeele \u00fclemises otsas Kaal: ca 1600g\/paar Seisukord: uued (v\u00f5ivad sisaldada hulgiladustamise j\u00e4lgi) uuev\u00e4\u00e4rsed (sisaldavad minimaalseid kulumisj\u00e4lgi) kasutatud, Grade 1 (sisaldavad m\u00f5\u00f5dukaid kulumisj\u00e4lgi, ei sisalda m\u00e4rkimisv\u00e4\u00e4rseid vigastusi)\" \/>\n<meta property=\"og:url\" content=\"https:\/\/www.outdoors.ee\/et\/toode\/meindl-md-rock-bundeswehr-gore-tex-saapad\/\" \/>\n<meta property=\"og:site_name\" content=\"Outdoors\" \/>\n<meta property=\"article:modified_time\" content=\"2025-09-01T13:45:09+00:00\" \/>\n<meta property=\"og:image\" content=\"https:\/\/www.outdoors.ee\/wp-content\/uploads\/2021\/12\/0865-MEINDL-MD-Rock-GTX-BW-Boots.jpg\" \/>\n\t<meta property=\"og:image:width\" content=\"750\" \/>\n\t<meta property=\"og:image:height\" content=\"750\" \/>\n\t<meta property=\"og:image:type\" content=\"image\/jpeg\" \/>\n<meta name=\"twitter:card\" content=\"summary_large_image\" \/>\n<meta name=\"twitter:title\" content=\"MEINDL MD Rock Bundeswehr Gore-Tex\u00ae saapad\" \/>\n<meta name=\"twitter:label1\" content=\"Est. reading time\" \/>\n\t<meta name=\"twitter:data1\" content=\"1 minut\" \/>\n<script type=\"application\/ld+json\" class=\"yoast-schema-graph\">{\"@context\":\"https:\/\/schema.org\",\"@graph\":[{\"@type\":\"WebPage\",\"@id\":\"https:\/\/www.outdoors.ee\/et\/toode\/meindl-md-rock-bundeswehr-gore-tex-saapad\/\",\"url\":\"https:\/\/www.outdoors.ee\/et\/toode\/meindl-md-rock-bundeswehr-gore-tex-saapad\/\",\"name\":\"MEINDL MD Rock Bundeswehr Gore-Tex\u00ae saapad - outdoors.ee\",\"isPartOf\":{\"@id\":\"https:\/\/www.outdoors.ee\/#website\"},\"primaryImageOfPage\":{\"@id\":\"https:\/\/www.outdoors.ee\/et\/toode\/meindl-md-rock-bundeswehr-gore-tex-saapad\/#primaryimage\"},\"image\":{\"@id\":\"https:\/\/www.outdoors.ee\/et\/toode\/meindl-md-rock-bundeswehr-gore-tex-saapad\/#primaryimage\"},\"thumbnailUrl\":\"https:\/\/www.outdoors.ee\/wp-content\/uploads\/2021\/12\/0865-MEINDL-MD-Rock-GTX-BW-Boots.jpg\",\"datePublished\":\"2021-12-08T22:00:00+00:00\",\"dateModified\":\"2025-09-01T13:45:09+00:00\",\"description\":\"Originaalne Saksa s\u00f5jav\u00e4e multi-funktsionaalne kerge lahingsaabas, mida kasutatakse nii linna- kui maastikuoperatsioonidel. Kompaktse disaini juures on siiski tagatud optimaalne kaitse jalale ning h\u00fcppeliigesele. Saapad toodetakse Bundewehr\u00b4i n\u00f5udmisel pruunis toonis kasutamiseks k\u00f5rbe ning sooja kliimaga piirkondades. Omadused: vetth\u00fclgavast, hingavast nubuknahast ja Cordura\u00b4st pealne antistaatiline, \u00f5li-, k\u00fctuse-, ning kuumusekindel tald Vibram mustriga veekindla ja hingava\u00a0Gore-Tex\u00ae Extended Comfort membraaniga vooder DiGafix 2-tsooniline paelas\u00fcsteem Meindl Air-Active SoftPrint Drysole sisetald tugev kummirant varba- ning kannapiirkondades paelatasku saapakeele \u00fclemises otsas Kaal: ca 1600g\/paar Seisukord: uued (v\u00f5ivad sisaldada hulgiladustamise j\u00e4lgi) uuev\u00e4\u00e4rsed (sisaldavad minimaalseid kulumisj\u00e4lgi) kasutatud, Grade 1 (sisaldavad m\u00f5\u00f5dukaid kulumisj\u00e4lgi, ei sisalda m\u00e4rkimisv\u00e4\u00e4rseid vigastusi)\",\"breadcrumb\":{\"@id\":\"https:\/\/www.outdoors.ee\/et\/toode\/meindl-md-rock-bundeswehr-gore-tex-saapad\/#breadcrumb\"},\"inLanguage\":\"et\",\"potentialAction\":[{\"@type\":\"ReadAction\",\"target\":[\"https:\/\/www.outdoors.ee\/et\/toode\/meindl-md-rock-bundeswehr-gore-tex-saapad\/\"]}]},{\"@type\":\"ImageObject\",\"inLanguage\":\"et\",\"@id\":\"https:\/\/www.outdoors.ee\/et\/toode\/meindl-md-rock-bundeswehr-gore-tex-saapad\/#primaryimage\",\"url\":\"https:\/\/www.outdoors.ee\/wp-content\/uploads\/2021\/12\/0865-MEINDL-MD-Rock-GTX-BW-Boots.jpg\",\"contentUrl\":\"https:\/\/www.outdoors.ee\/wp-content\/uploads\/2021\/12\/0865-MEINDL-MD-Rock-GTX-BW-Boots.jpg\",\"width\":750,\"height\":750},{\"@type\":\"BreadcrumbList\",\"@id\":\"https:\/\/www.outdoors.ee\/et\/toode\/meindl-md-rock-bundeswehr-gore-tex-saapad\/#breadcrumb\",\"itemListElement\":[{\"@type\":\"ListItem\",\"position\":1,\"name\":\"Home\",\"item\":\"https:\/\/www.outdoors.ee\/et\/\"},{\"@type\":\"ListItem\",\"position\":2,\"name\":\"Tooted\",\"item\":\"https:\/\/www.outdoors.ee\/products\/\"},{\"@type\":\"ListItem\",\"position\":3,\"name\":\"Meindl\u00ae MD Rock GTX BW saapad\"}]},{\"@type\":\"WebSite\",\"@id\":\"https:\/\/www.outdoors.ee\/#website\",\"url\":\"https:\/\/www.outdoors.ee\/\",\"name\":\"Outdoors\",\"description\":\"Genuine military surplus and not only!\",\"potentialAction\":[{\"@type\":\"SearchAction\",\"target\":{\"@type\":\"EntryPoint\",\"urlTemplate\":\"https:\/\/www.outdoors.ee\/?s={search_term_string}\"},\"query-input\":{\"@type\":\"PropertyValueSpecification\",\"valueRequired\":true,\"valueName\":\"search_term_string\"}}],\"inLanguage\":\"et\"}]}<\/script>\n<!-- \/ Yoast SEO plugin. -->","yoast_head_json":{"title":"MEINDL MD Rock Bundeswehr Gore-Tex\u00ae saapad - outdoors.ee","description":"Originaalne Saksa s\u00f5jav\u00e4e multi-funktsionaalne kerge lahingsaabas, mida kasutatakse nii linna- kui maastikuoperatsioonidel. Kompaktse disaini juures on siiski tagatud optimaalne kaitse jalale ning h\u00fcppeliigesele. Saapad toodetakse Bundewehr\u00b4i n\u00f5udmisel pruunis toonis kasutamiseks k\u00f5rbe ning sooja kliimaga piirkondades. Omadused: vetth\u00fclgavast, hingavast nubuknahast ja Cordura\u00b4st pealne antistaatiline, \u00f5li-, k\u00fctuse-, ning kuumusekindel tald Vibram mustriga veekindla ja hingava\u00a0Gore-Tex\u00ae Extended Comfort membraaniga vooder DiGafix 2-tsooniline paelas\u00fcsteem Meindl Air-Active SoftPrint Drysole sisetald tugev kummirant varba- ning kannapiirkondades paelatasku saapakeele \u00fclemises otsas Kaal: ca 1600g\/paar Seisukord: uued (v\u00f5ivad sisaldada hulgiladustamise j\u00e4lgi) uuev\u00e4\u00e4rsed (sisaldavad minimaalseid kulumisj\u00e4lgi) kasutatud, Grade 1 (sisaldavad m\u00f5\u00f5dukaid kulumisj\u00e4lgi, ei sisalda m\u00e4rkimisv\u00e4\u00e4rseid vigastusi)","robots":{"index":"index","follow":"follow","max-snippet":"max-snippet:-1","max-image-preview":"max-image-preview:large","max-video-preview":"max-video-preview:-1"},"canonical":"https:\/\/www.outdoors.ee\/et\/toode\/meindl-md-rock-bundeswehr-gore-tex-saapad\/","og_locale":"et_EE","og_type":"article","og_title":"MEINDL MD Rock Bundeswehr Gore-Tex\u00ae saapad","og_description":"Originaalne Saksa s\u00f5jav\u00e4e multi-funktsionaalne kerge lahingsaabas, mida kasutatakse nii linna- kui maastikuoperatsioonidel. Kompaktse disaini juures on siiski tagatud optimaalne kaitse jalale ning h\u00fcppeliigesele. Saapad toodetakse Bundewehr\u00b4i n\u00f5udmisel pruunis toonis kasutamiseks k\u00f5rbe ning sooja kliimaga piirkondades. Omadused: vetth\u00fclgavast, hingavast nubuknahast ja Cordura\u00b4st pealne antistaatiline, \u00f5li-, k\u00fctuse-, ning kuumusekindel tald Vibram mustriga veekindla ja hingava\u00a0Gore-Tex\u00ae Extended Comfort membraaniga vooder DiGafix 2-tsooniline paelas\u00fcsteem Meindl Air-Active SoftPrint Drysole sisetald tugev kummirant varba- ning kannapiirkondades paelatasku saapakeele \u00fclemises otsas Kaal: ca 1600g\/paar Seisukord: uued (v\u00f5ivad sisaldada hulgiladustamise j\u00e4lgi) uuev\u00e4\u00e4rsed (sisaldavad minimaalseid kulumisj\u00e4lgi) kasutatud, Grade 1 (sisaldavad m\u00f5\u00f5dukaid kulumisj\u00e4lgi, ei sisalda m\u00e4rkimisv\u00e4\u00e4rseid vigastusi)","og_url":"https:\/\/www.outdoors.ee\/et\/toode\/meindl-md-rock-bundeswehr-gore-tex-saapad\/","og_site_name":"Outdoors","article_modified_time":"2025-09-01T13:45:09+00:00","og_image":[{"width":750,"height":750,"url":"https:\/\/www.outdoors.ee\/wp-content\/uploads\/2021\/12\/0865-MEINDL-MD-Rock-GTX-BW-Boots.jpg","type":"image\/jpeg"}],"twitter_card":"summary_large_image","twitter_title":"MEINDL MD Rock Bundeswehr Gore-Tex\u00ae saapad","twitter_misc":{"Est. reading time":"1 minut"},"schema":{"@context":"https:\/\/schema.org","@graph":[{"@type":"WebPage","@id":"https:\/\/www.outdoors.ee\/et\/toode\/meindl-md-rock-bundeswehr-gore-tex-saapad\/","url":"https:\/\/www.outdoors.ee\/et\/toode\/meindl-md-rock-bundeswehr-gore-tex-saapad\/","name":"MEINDL MD Rock Bundeswehr Gore-Tex\u00ae saapad - outdoors.ee","isPartOf":{"@id":"https:\/\/www.outdoors.ee\/#website"},"primaryImageOfPage":{"@id":"https:\/\/www.outdoors.ee\/et\/toode\/meindl-md-rock-bundeswehr-gore-tex-saapad\/#primaryimage"},"image":{"@id":"https:\/\/www.outdoors.ee\/et\/toode\/meindl-md-rock-bundeswehr-gore-tex-saapad\/#primaryimage"},"thumbnailUrl":"https:\/\/www.outdoors.ee\/wp-content\/uploads\/2021\/12\/0865-MEINDL-MD-Rock-GTX-BW-Boots.jpg","datePublished":"2021-12-08T22:00:00+00:00","dateModified":"2025-09-01T13:45:09+00:00","description":"Originaalne Saksa s\u00f5jav\u00e4e multi-funktsionaalne kerge lahingsaabas, mida kasutatakse nii linna- kui maastikuoperatsioonidel. Kompaktse disaini juures on siiski tagatud optimaalne kaitse jalale ning h\u00fcppeliigesele. Saapad toodetakse Bundewehr\u00b4i n\u00f5udmisel pruunis toonis kasutamiseks k\u00f5rbe ning sooja kliimaga piirkondades. Omadused: vetth\u00fclgavast, hingavast nubuknahast ja Cordura\u00b4st pealne antistaatiline, \u00f5li-, k\u00fctuse-, ning kuumusekindel tald Vibram mustriga veekindla ja hingava\u00a0Gore-Tex\u00ae Extended Comfort membraaniga vooder DiGafix 2-tsooniline paelas\u00fcsteem Meindl Air-Active SoftPrint Drysole sisetald tugev kummirant varba- ning kannapiirkondades paelatasku saapakeele \u00fclemises otsas Kaal: ca 1600g\/paar Seisukord: uued (v\u00f5ivad sisaldada hulgiladustamise j\u00e4lgi) uuev\u00e4\u00e4rsed (sisaldavad minimaalseid kulumisj\u00e4lgi) kasutatud, Grade 1 (sisaldavad m\u00f5\u00f5dukaid kulumisj\u00e4lgi, ei sisalda m\u00e4rkimisv\u00e4\u00e4rseid vigastusi)","breadcrumb":{"@id":"https:\/\/www.outdoors.ee\/et\/toode\/meindl-md-rock-bundeswehr-gore-tex-saapad\/#breadcrumb"},"inLanguage":"et","potentialAction":[{"@type":"ReadAction","target":["https:\/\/www.outdoors.ee\/et\/toode\/meindl-md-rock-bundeswehr-gore-tex-saapad\/"]}]},{"@type":"ImageObject","inLanguage":"et","@id":"https:\/\/www.outdoors.ee\/et\/toode\/meindl-md-rock-bundeswehr-gore-tex-saapad\/#primaryimage","url":"https:\/\/www.outdoors.ee\/wp-content\/uploads\/2021\/12\/0865-MEINDL-MD-Rock-GTX-BW-Boots.jpg","contentUrl":"https:\/\/www.outdoors.ee\/wp-content\/uploads\/2021\/12\/0865-MEINDL-MD-Rock-GTX-BW-Boots.jpg","width":750,"height":750},{"@type":"BreadcrumbList","@id":"https:\/\/www.outdoors.ee\/et\/toode\/meindl-md-rock-bundeswehr-gore-tex-saapad\/#breadcrumb","itemListElement":[{"@type":"ListItem","position":1,"name":"Home","item":"https:\/\/www.outdoors.ee\/et\/"},{"@type":"ListItem","position":2,"name":"Tooted","item":"https:\/\/www.outdoors.ee\/products\/"},{"@type":"ListItem","position":3,"name":"Meindl\u00ae MD Rock GTX BW saapad"}]},{"@type":"WebSite","@id":"https:\/\/www.outdoors.ee\/#website","url":"https:\/\/www.outdoors.ee\/","name":"Outdoors","description":"Genuine military surplus and not only!","potentialAction":[{"@type":"SearchAction","target":{"@type":"EntryPoint","urlTemplate":"https:\/\/www.outdoors.ee\/?s={search_term_string}"},"query-input":{"@type":"PropertyValueSpecification","valueRequired":true,"valueName":"search_term_string"}}],"inLanguage":"et"}]}},"_links":{"self":[{"href":"https:\/\/www.outdoors.ee\/et\/wp-json\/wp\/v2\/product\/60537","targetHints":{"allow":["GET"]}}],"collection":[{"href":"https:\/\/www.outdoors.ee\/et\/wp-json\/wp\/v2\/product"}],"about":[{"href":"https:\/\/www.outdoors.ee\/et\/wp-json\/wp\/v2\/types\/product"}],"wp:featuredmedia":[{"embeddable":true,"href":"https:\/\/www.outdoors.ee\/et\/wp-json\/wp\/v2\/media\/88379"}],"wp:attachment":[{"href":"https:\/\/www.outdoors.ee\/et\/wp-json\/wp\/v2\/media?parent=60537"}],"wp:term":[{"taxonomy":"product_brand","embeddable":true,"href":"https:\/\/www.outdoors.ee\/et\/wp-json\/wp\/v2\/product_brand?post=60537"},{"taxonomy":"product_cat","embeddable":true,"href":"https:\/\/www.outdoors.ee\/et\/wp-json\/wp\/v2\/product_cat?post=60537"},{"taxonomy":"product_tag","embeddable":true,"href":"https:\/\/www.outdoors.ee\/et\/wp-json\/wp\/v2\/product_tag?post=60537"}],"curies":[{"name":"wp","href":"https:\/\/api.w.org\/{rel}","templated":true}]}}