{"id":60497,"date":"2021-12-09T00:00:00","date_gmt":"2021-12-08T22:00:00","guid":{"rendered":"https:\/\/www.outdoors.ee\/product\/meindl-extreme-combat-bundeswehr-gore-tex-saapad\/"},"modified":"2026-04-12T21:55:52","modified_gmt":"2026-04-12T18:55:52","slug":"meindl-extreme-combat-gtx-bw-saapad","status":"publish","type":"product","link":"https:\/\/www.outdoors.ee\/et\/toode\/meindl-extreme-combat-gtx-bw-saapad\/","title":{"rendered":"Meindl\u00ae Extreme Combat GTX BW saapad"},"content":{"rendered":"<p style=\"text-align: justify;\">Meindl m\u00e4esaapa edasiarendus Bundeswehr\u00b4i n\u00f5uete j\u00e4rgi, ideaalne valik raske maastiku tingimustesse.<\/p>\n<p style=\"text-align: justify;\"><strong>Omadused:<\/strong><\/p>\n<ul>\n<li>Pealne &#8211; vetth\u00fclgav (4,0 mg\/cm\u00b2\/h), hingav nahk paksusega 2,4-2,6mm<\/li>\n<li>Sisevooder &#8211; 4-kihiline Gore-Tex\u00ae laminaat, vetth\u00fclgav ja hingav. V\u00e4ga kulumiskindel vooder fliisist vahekihiga. Optimaalne kliimakontroll aastaringseks kasutamiseks suure koormusega<\/li>\n<li>Vahetald &#8211; j\u00e4ik, torkekindel (teravad kivid)<\/li>\n<li>Sisetald &#8211; p\u00f5rutust neelav, niiskust imav, Meindl Active Air<\/li>\n<li>V\u00e4listald &#8211;\u00a0\u00a0kummi\/pol\u00fcuretaani segu tunnustatud linna\/maastiku mustriga, kulumis- ja libisemiskindel, suure pinnaga ja mugavalt painduv k\u00f5ndimisel. \u00d5li- k\u00fctuse- ja kuumusekindel. Vastab EN ISO 20347:2012 n\u00f5uetele<\/li>\n<li>DigaFix 2-tsooniline paelas\u00fcsteem<\/li>\n<li>Meindl MFS (M\u00e4luvahuga vooder)<\/li>\n<li>K\u00f5rge kummirant suurendatud kulumiskindluse ning pikema eluea tagamiseks<\/li>\n<\/ul>\n<p><strong>Seisukord<\/strong>:<\/p>\n<ul>\n<li>uued (ilma originaalkarbita, v\u00f5ivad sisaldada hulgiladustamise j\u00e4lgi)<\/li>\n<li>uuev\u00e4\u00e4rsed (sisaldavad kergeid kulumisj\u00e4lgi)<\/li>\n<li>kasutatud, Grade 1 (sisaldavad m\u00f5\u00f5dukaid kulumisj\u00e4lgi, v\u00f5ivad sisaldada v\u00e4iksemaid vigastusi, sisetallad v\u00f5ivad olla eemaldatud)<\/li>\n<\/ul>\n<p style=\"text-align: justify;\">\u00a0NB! piltidel 3-4 olev saapapaar on seisukorras &#8220;uuev\u00e4\u00e4rne&#8221;<\/p>\n","protected":false},"excerpt":{"rendered":"<p>Saksa Armee Meindl\u00ae Extreme Combat Gore-Tex\u00ae saapad, must<\/p>\n","protected":false},"featured_media":61950,"template":"","meta":[],"product_brand":[],"product_cat":[70],"product_tag":[],"class_list":{"0":"post-60497","1":"product","2":"type-product","3":"status-publish","4":"has-post-thumbnail","6":"product_cat-jalanoud","7":"pa_brand-german-military-surplus","8":"pa_brand-meindl-2","9":"pa_condition-kasutatud-grade-1","10":"pa_condition-uuevaarne","11":"pa_condition-uus","12":"pa_size-uk105-us115-eu45-2","13":"pa_size-uk10-us11-eu445-2","14":"pa_size-uk115-us125-eu465-2","15":"pa_size-uk11-us12-eu46-2","16":"pa_size-uk125-us135-eu48-2","17":"pa_size-uk12-us13-eu47-3","18":"pa_size-uk135-us145-eu49-2","19":"pa_size-uk13-us14-eu485-2","20":"pa_size-uk145-us155-eu50-2","21":"pa_size-uk14-us15-eu495-2","22":"pa_size-uk35-us45-eu36-3","23":"pa_size-uk45-us55-eu375-3","24":"pa_size-uk4-us5-eu37-2","25":"pa_size-uk55-us65-eu39-2","26":"pa_size-uk5-us6-eu38-2","27":"pa_size-uk65-us75-eu40-2-2","28":"pa_size-uk6-us7-eu395-2","29":"pa_size-uk75-us85-eu415-3","30":"pa_size-uk7-us8-eu41-2","31":"pa_size-uk85-us95-eu425-3","32":"pa_size-uk8-us9-eu42-3","33":"pa_size-uk95-us105-eu44-2","34":"pa_size-uk9-us10-eu43-2","36":"first","37":"instock","38":"taxable","39":"shipping-taxable","40":"purchasable","41":"product-type-variable"},"yoast_head":"<!-- This site is optimized with the Yoast SEO plugin v27.2 - https:\/\/yoast.com\/product\/yoast-seo-wordpress\/ -->\n<title>MEINDL Extreme Combat Bundeswehr Gore-Tex\u00ae saapad - outdoors.ee<\/title>\n<meta name=\"description\" content=\"Originaalsed Saksa Armee eliit\u00fcksuse (KSK) tarbeks ning vastavalt nende n\u00f5uetele MEINDL\u00b4i poolt toodetud lahingsaapad. Meindl m\u00e4esaapa edasiarendus, ideaalne valik raske maastiku tingimustesse. Mudelilt sarnane Meindl WI12 saapaga. Omadused: Pealne - vetth\u00fclgav (4,0 mg\/cm\u00b2\/h), hingav nahk paksusega 2,4-2,6mm Sisevooder - 4-kihiline Gore-Tex\u00ae laminaat, vetth\u00fclgav ja hingav. V\u00e4ga kulumiskindel vooder fliisist vahekihiga. Optimaalne kliimakontroll aastaringseks kasutamiseks suure koormusega Vahetald - j\u00e4ik, torkekindel (teravad kivid) Sisetald - p\u00f5rutustneelav, niiskustimav, Meindl Active Air V\u00e4listald -\u00a0\u00a0kummi\/pol\u00fcuretaani segu tunnustatud linna\/maastiku mustriga, kulumis- ja libisemiskindel, suure pinnaga ja mugavalt painduv k\u00f5ndimisel. \u00d5li- k\u00fctuse- ja kuumusekindel. Vastab EN ISO 20347:2012 n\u00f5uetele DigaFix 2-tsooniline paelas\u00fcsteem Meindl MFS (M\u00e4luvahuga vooder) K\u00f5rge kummirant suurendatud kulumiskindluse ning pikema eluea tagamiseks Seisukord: uued (kasutamata, v\u00f5ivad sisaldada ladustamise j\u00e4lgi) uuev\u00e4\u00e4rsed (sisaldavad minimaalseid kulumisj\u00e4lgi) kasutatud, Grade 1 (sisaldavad kulumisj\u00e4lgi, kuid on s\u00e4ilitanud kasutusk\u00f5lblikkuse, ei sisalda m\u00e4rkimisv\u00e4\u00e4rseid vigastusi, sisetallad v\u00f5ivad olla eemaldatud) \u00a0NB! piltidel 3-6 olev saapapaar on seisukorras &quot;uuev\u00e4\u00e4rne&quot;\u00a0\" \/>\n<meta name=\"robots\" content=\"index, follow, max-snippet:-1, max-image-preview:large, max-video-preview:-1\" \/>\n<link rel=\"canonical\" href=\"https:\/\/www.outdoors.ee\/et\/toode\/meindl-extreme-combat-gtx-bw-saapad\/\" \/>\n<meta property=\"og:locale\" content=\"et_EE\" \/>\n<meta property=\"og:type\" content=\"article\" \/>\n<meta property=\"og:title\" content=\"MEINDL Extreme Combat Bundeswehr Gore-Tex\u00ae saapad\" \/>\n<meta property=\"og:description\" content=\"Originaalsed Saksa Armee eliit\u00fcksuse (KSK) tarbeks ning vastavalt nende n\u00f5uetele MEINDL\u00b4i poolt toodetud lahingsaapad. Meindl m\u00e4esaapa edasiarendus, ideaalne valik raske maastiku tingimustesse. Mudelilt sarnane Meindl WI12 saapaga. Omadused: Pealne - vetth\u00fclgav (4,0 mg\/cm\u00b2\/h), hingav nahk paksusega 2,4-2,6mm Sisevooder - 4-kihiline Gore-Tex\u00ae laminaat, vetth\u00fclgav ja hingav. V\u00e4ga kulumiskindel vooder fliisist vahekihiga. Optimaalne kliimakontroll aastaringseks kasutamiseks suure koormusega Vahetald - j\u00e4ik, torkekindel (teravad kivid) Sisetald - p\u00f5rutustneelav, niiskustimav, Meindl Active Air V\u00e4listald -\u00a0\u00a0kummi\/pol\u00fcuretaani segu tunnustatud linna\/maastiku mustriga, kulumis- ja libisemiskindel, suure pinnaga ja mugavalt painduv k\u00f5ndimisel. \u00d5li- k\u00fctuse- ja kuumusekindel. Vastab EN ISO 20347:2012 n\u00f5uetele DigaFix 2-tsooniline paelas\u00fcsteem Meindl MFS (M\u00e4luvahuga vooder) K\u00f5rge kummirant suurendatud kulumiskindluse ning pikema eluea tagamiseks Seisukord: uued (kasutamata, v\u00f5ivad sisaldada ladustamise j\u00e4lgi) uuev\u00e4\u00e4rsed (sisaldavad minimaalseid kulumisj\u00e4lgi) kasutatud, Grade 1 (sisaldavad kulumisj\u00e4lgi, kuid on s\u00e4ilitanud kasutusk\u00f5lblikkuse, ei sisalda m\u00e4rkimisv\u00e4\u00e4rseid vigastusi, sisetallad v\u00f5ivad olla eemaldatud) \u00a0NB! piltidel 3-6 olev saapapaar on seisukorras &quot;uuev\u00e4\u00e4rne&quot;\u00a0\" \/>\n<meta property=\"og:url\" content=\"https:\/\/www.outdoors.ee\/et\/toode\/meindl-extreme-combat-gtx-bw-saapad\/\" \/>\n<meta property=\"og:site_name\" content=\"Outdoors\" \/>\n<meta property=\"article:modified_time\" content=\"2026-04-12T18:55:52+00:00\" \/>\n<meta property=\"og:image\" content=\"https:\/\/www.outdoors.ee\/wp-content\/uploads\/2021\/12\/0864-Meindl-GoreTex-Mountain-Boots-6.jpg\" \/>\n\t<meta property=\"og:image:width\" content=\"703\" \/>\n\t<meta property=\"og:image:height\" content=\"749\" \/>\n\t<meta property=\"og:image:type\" content=\"image\/jpeg\" \/>\n<meta name=\"twitter:card\" content=\"summary_large_image\" \/>\n<meta name=\"twitter:title\" content=\"MEINDL Extreme Combat Bundeswehr Gore-Tex\u00ae saapad\" \/>\n<meta name=\"twitter:label1\" content=\"Est. reading time\" \/>\n\t<meta name=\"twitter:data1\" content=\"1 minut\" \/>\n<script type=\"application\/ld+json\" class=\"yoast-schema-graph\">{\"@context\":\"https:\/\/schema.org\",\"@graph\":[{\"@type\":\"WebPage\",\"@id\":\"https:\/\/www.outdoors.ee\/et\/toode\/meindl-extreme-combat-gtx-bw-saapad\/\",\"url\":\"https:\/\/www.outdoors.ee\/et\/toode\/meindl-extreme-combat-gtx-bw-saapad\/\",\"name\":\"MEINDL Extreme Combat Bundeswehr Gore-Tex\u00ae saapad - outdoors.ee\",\"isPartOf\":{\"@id\":\"https:\/\/www.outdoors.ee\/#website\"},\"primaryImageOfPage\":{\"@id\":\"https:\/\/www.outdoors.ee\/et\/toode\/meindl-extreme-combat-gtx-bw-saapad\/#primaryimage\"},\"image\":{\"@id\":\"https:\/\/www.outdoors.ee\/et\/toode\/meindl-extreme-combat-gtx-bw-saapad\/#primaryimage\"},\"thumbnailUrl\":\"https:\/\/www.outdoors.ee\/wp-content\/uploads\/2021\/12\/0864-Meindl-GoreTex-Mountain-Boots-6.jpg\",\"datePublished\":\"2021-12-08T22:00:00+00:00\",\"dateModified\":\"2026-04-12T18:55:52+00:00\",\"description\":\"Originaalsed Saksa Armee eliit\u00fcksuse (KSK) tarbeks ning vastavalt nende n\u00f5uetele MEINDL\u00b4i poolt toodetud lahingsaapad. Meindl m\u00e4esaapa edasiarendus, ideaalne valik raske maastiku tingimustesse. Mudelilt sarnane Meindl WI12 saapaga. Omadused: Pealne - vetth\u00fclgav (4,0 mg\/cm\u00b2\/h), hingav nahk paksusega 2,4-2,6mm Sisevooder - 4-kihiline Gore-Tex\u00ae laminaat, vetth\u00fclgav ja hingav. V\u00e4ga kulumiskindel vooder fliisist vahekihiga. Optimaalne kliimakontroll aastaringseks kasutamiseks suure koormusega Vahetald - j\u00e4ik, torkekindel (teravad kivid) Sisetald - p\u00f5rutustneelav, niiskustimav, Meindl Active Air V\u00e4listald -\u00a0\u00a0kummi\/pol\u00fcuretaani segu tunnustatud linna\/maastiku mustriga, kulumis- ja libisemiskindel, suure pinnaga ja mugavalt painduv k\u00f5ndimisel. \u00d5li- k\u00fctuse- ja kuumusekindel. Vastab EN ISO 20347:2012 n\u00f5uetele DigaFix 2-tsooniline paelas\u00fcsteem Meindl MFS (M\u00e4luvahuga vooder) K\u00f5rge kummirant suurendatud kulumiskindluse ning pikema eluea tagamiseks Seisukord: uued (kasutamata, v\u00f5ivad sisaldada ladustamise j\u00e4lgi) uuev\u00e4\u00e4rsed (sisaldavad minimaalseid kulumisj\u00e4lgi) kasutatud, Grade 1 (sisaldavad kulumisj\u00e4lgi, kuid on s\u00e4ilitanud kasutusk\u00f5lblikkuse, ei sisalda m\u00e4rkimisv\u00e4\u00e4rseid vigastusi, sisetallad v\u00f5ivad olla eemaldatud) \u00a0NB! piltidel 3-6 olev saapapaar on seisukorras \\\"uuev\u00e4\u00e4rne\\\"\u00a0\",\"breadcrumb\":{\"@id\":\"https:\/\/www.outdoors.ee\/et\/toode\/meindl-extreme-combat-gtx-bw-saapad\/#breadcrumb\"},\"inLanguage\":\"et\",\"potentialAction\":[{\"@type\":\"ReadAction\",\"target\":[\"https:\/\/www.outdoors.ee\/et\/toode\/meindl-extreme-combat-gtx-bw-saapad\/\"]}]},{\"@type\":\"ImageObject\",\"inLanguage\":\"et\",\"@id\":\"https:\/\/www.outdoors.ee\/et\/toode\/meindl-extreme-combat-gtx-bw-saapad\/#primaryimage\",\"url\":\"https:\/\/www.outdoors.ee\/wp-content\/uploads\/2021\/12\/0864-Meindl-GoreTex-Mountain-Boots-6.jpg\",\"contentUrl\":\"https:\/\/www.outdoors.ee\/wp-content\/uploads\/2021\/12\/0864-Meindl-GoreTex-Mountain-Boots-6.jpg\",\"width\":703,\"height\":749},{\"@type\":\"BreadcrumbList\",\"@id\":\"https:\/\/www.outdoors.ee\/et\/toode\/meindl-extreme-combat-gtx-bw-saapad\/#breadcrumb\",\"itemListElement\":[{\"@type\":\"ListItem\",\"position\":1,\"name\":\"Home\",\"item\":\"https:\/\/www.outdoors.ee\/et\/\"},{\"@type\":\"ListItem\",\"position\":2,\"name\":\"Tooted\",\"item\":\"https:\/\/www.outdoors.ee\/products\/\"},{\"@type\":\"ListItem\",\"position\":3,\"name\":\"Meindl\u00ae Extreme Combat GTX BW saapad\"}]},{\"@type\":\"WebSite\",\"@id\":\"https:\/\/www.outdoors.ee\/#website\",\"url\":\"https:\/\/www.outdoors.ee\/\",\"name\":\"Outdoors\",\"description\":\"Genuine military surplus and not only!\",\"potentialAction\":[{\"@type\":\"SearchAction\",\"target\":{\"@type\":\"EntryPoint\",\"urlTemplate\":\"https:\/\/www.outdoors.ee\/?s={search_term_string}\"},\"query-input\":{\"@type\":\"PropertyValueSpecification\",\"valueRequired\":true,\"valueName\":\"search_term_string\"}}],\"inLanguage\":\"et\"}]}<\/script>\n<!-- \/ Yoast SEO plugin. -->","yoast_head_json":{"title":"MEINDL Extreme Combat Bundeswehr Gore-Tex\u00ae saapad - outdoors.ee","description":"Originaalsed Saksa Armee eliit\u00fcksuse (KSK) tarbeks ning vastavalt nende n\u00f5uetele MEINDL\u00b4i poolt toodetud lahingsaapad. Meindl m\u00e4esaapa edasiarendus, ideaalne valik raske maastiku tingimustesse. Mudelilt sarnane Meindl WI12 saapaga. Omadused: Pealne - vetth\u00fclgav (4,0 mg\/cm\u00b2\/h), hingav nahk paksusega 2,4-2,6mm Sisevooder - 4-kihiline Gore-Tex\u00ae laminaat, vetth\u00fclgav ja hingav. V\u00e4ga kulumiskindel vooder fliisist vahekihiga. Optimaalne kliimakontroll aastaringseks kasutamiseks suure koormusega Vahetald - j\u00e4ik, torkekindel (teravad kivid) Sisetald - p\u00f5rutustneelav, niiskustimav, Meindl Active Air V\u00e4listald -\u00a0\u00a0kummi\/pol\u00fcuretaani segu tunnustatud linna\/maastiku mustriga, kulumis- ja libisemiskindel, suure pinnaga ja mugavalt painduv k\u00f5ndimisel. \u00d5li- k\u00fctuse- ja kuumusekindel. Vastab EN ISO 20347:2012 n\u00f5uetele DigaFix 2-tsooniline paelas\u00fcsteem Meindl MFS (M\u00e4luvahuga vooder) K\u00f5rge kummirant suurendatud kulumiskindluse ning pikema eluea tagamiseks Seisukord: uued (kasutamata, v\u00f5ivad sisaldada ladustamise j\u00e4lgi) uuev\u00e4\u00e4rsed (sisaldavad minimaalseid kulumisj\u00e4lgi) kasutatud, Grade 1 (sisaldavad kulumisj\u00e4lgi, kuid on s\u00e4ilitanud kasutusk\u00f5lblikkuse, ei sisalda m\u00e4rkimisv\u00e4\u00e4rseid vigastusi, sisetallad v\u00f5ivad olla eemaldatud) \u00a0NB! piltidel 3-6 olev saapapaar on seisukorras \"uuev\u00e4\u00e4rne\"\u00a0","robots":{"index":"index","follow":"follow","max-snippet":"max-snippet:-1","max-image-preview":"max-image-preview:large","max-video-preview":"max-video-preview:-1"},"canonical":"https:\/\/www.outdoors.ee\/et\/toode\/meindl-extreme-combat-gtx-bw-saapad\/","og_locale":"et_EE","og_type":"article","og_title":"MEINDL Extreme Combat Bundeswehr Gore-Tex\u00ae saapad","og_description":"Originaalsed Saksa Armee eliit\u00fcksuse (KSK) tarbeks ning vastavalt nende n\u00f5uetele MEINDL\u00b4i poolt toodetud lahingsaapad. Meindl m\u00e4esaapa edasiarendus, ideaalne valik raske maastiku tingimustesse. Mudelilt sarnane Meindl WI12 saapaga. Omadused: Pealne - vetth\u00fclgav (4,0 mg\/cm\u00b2\/h), hingav nahk paksusega 2,4-2,6mm Sisevooder - 4-kihiline Gore-Tex\u00ae laminaat, vetth\u00fclgav ja hingav. V\u00e4ga kulumiskindel vooder fliisist vahekihiga. Optimaalne kliimakontroll aastaringseks kasutamiseks suure koormusega Vahetald - j\u00e4ik, torkekindel (teravad kivid) Sisetald - p\u00f5rutustneelav, niiskustimav, Meindl Active Air V\u00e4listald -\u00a0\u00a0kummi\/pol\u00fcuretaani segu tunnustatud linna\/maastiku mustriga, kulumis- ja libisemiskindel, suure pinnaga ja mugavalt painduv k\u00f5ndimisel. \u00d5li- k\u00fctuse- ja kuumusekindel. Vastab EN ISO 20347:2012 n\u00f5uetele DigaFix 2-tsooniline paelas\u00fcsteem Meindl MFS (M\u00e4luvahuga vooder) K\u00f5rge kummirant suurendatud kulumiskindluse ning pikema eluea tagamiseks Seisukord: uued (kasutamata, v\u00f5ivad sisaldada ladustamise j\u00e4lgi) uuev\u00e4\u00e4rsed (sisaldavad minimaalseid kulumisj\u00e4lgi) kasutatud, Grade 1 (sisaldavad kulumisj\u00e4lgi, kuid on s\u00e4ilitanud kasutusk\u00f5lblikkuse, ei sisalda m\u00e4rkimisv\u00e4\u00e4rseid vigastusi, sisetallad v\u00f5ivad olla eemaldatud) \u00a0NB! piltidel 3-6 olev saapapaar on seisukorras \"uuev\u00e4\u00e4rne\"\u00a0","og_url":"https:\/\/www.outdoors.ee\/et\/toode\/meindl-extreme-combat-gtx-bw-saapad\/","og_site_name":"Outdoors","article_modified_time":"2026-04-12T18:55:52+00:00","og_image":[{"width":703,"height":749,"url":"https:\/\/www.outdoors.ee\/wp-content\/uploads\/2021\/12\/0864-Meindl-GoreTex-Mountain-Boots-6.jpg","type":"image\/jpeg"}],"twitter_card":"summary_large_image","twitter_title":"MEINDL Extreme Combat Bundeswehr Gore-Tex\u00ae saapad","twitter_misc":{"Est. reading time":"1 minut"},"schema":{"@context":"https:\/\/schema.org","@graph":[{"@type":"WebPage","@id":"https:\/\/www.outdoors.ee\/et\/toode\/meindl-extreme-combat-gtx-bw-saapad\/","url":"https:\/\/www.outdoors.ee\/et\/toode\/meindl-extreme-combat-gtx-bw-saapad\/","name":"MEINDL Extreme Combat Bundeswehr Gore-Tex\u00ae saapad - outdoors.ee","isPartOf":{"@id":"https:\/\/www.outdoors.ee\/#website"},"primaryImageOfPage":{"@id":"https:\/\/www.outdoors.ee\/et\/toode\/meindl-extreme-combat-gtx-bw-saapad\/#primaryimage"},"image":{"@id":"https:\/\/www.outdoors.ee\/et\/toode\/meindl-extreme-combat-gtx-bw-saapad\/#primaryimage"},"thumbnailUrl":"https:\/\/www.outdoors.ee\/wp-content\/uploads\/2021\/12\/0864-Meindl-GoreTex-Mountain-Boots-6.jpg","datePublished":"2021-12-08T22:00:00+00:00","dateModified":"2026-04-12T18:55:52+00:00","description":"Originaalsed Saksa Armee eliit\u00fcksuse (KSK) tarbeks ning vastavalt nende n\u00f5uetele MEINDL\u00b4i poolt toodetud lahingsaapad. Meindl m\u00e4esaapa edasiarendus, ideaalne valik raske maastiku tingimustesse. Mudelilt sarnane Meindl WI12 saapaga. Omadused: Pealne - vetth\u00fclgav (4,0 mg\/cm\u00b2\/h), hingav nahk paksusega 2,4-2,6mm Sisevooder - 4-kihiline Gore-Tex\u00ae laminaat, vetth\u00fclgav ja hingav. V\u00e4ga kulumiskindel vooder fliisist vahekihiga. Optimaalne kliimakontroll aastaringseks kasutamiseks suure koormusega Vahetald - j\u00e4ik, torkekindel (teravad kivid) Sisetald - p\u00f5rutustneelav, niiskustimav, Meindl Active Air V\u00e4listald -\u00a0\u00a0kummi\/pol\u00fcuretaani segu tunnustatud linna\/maastiku mustriga, kulumis- ja libisemiskindel, suure pinnaga ja mugavalt painduv k\u00f5ndimisel. \u00d5li- k\u00fctuse- ja kuumusekindel. Vastab EN ISO 20347:2012 n\u00f5uetele DigaFix 2-tsooniline paelas\u00fcsteem Meindl MFS (M\u00e4luvahuga vooder) K\u00f5rge kummirant suurendatud kulumiskindluse ning pikema eluea tagamiseks Seisukord: uued (kasutamata, v\u00f5ivad sisaldada ladustamise j\u00e4lgi) uuev\u00e4\u00e4rsed (sisaldavad minimaalseid kulumisj\u00e4lgi) kasutatud, Grade 1 (sisaldavad kulumisj\u00e4lgi, kuid on s\u00e4ilitanud kasutusk\u00f5lblikkuse, ei sisalda m\u00e4rkimisv\u00e4\u00e4rseid vigastusi, sisetallad v\u00f5ivad olla eemaldatud) \u00a0NB! piltidel 3-6 olev saapapaar on seisukorras \"uuev\u00e4\u00e4rne\"\u00a0","breadcrumb":{"@id":"https:\/\/www.outdoors.ee\/et\/toode\/meindl-extreme-combat-gtx-bw-saapad\/#breadcrumb"},"inLanguage":"et","potentialAction":[{"@type":"ReadAction","target":["https:\/\/www.outdoors.ee\/et\/toode\/meindl-extreme-combat-gtx-bw-saapad\/"]}]},{"@type":"ImageObject","inLanguage":"et","@id":"https:\/\/www.outdoors.ee\/et\/toode\/meindl-extreme-combat-gtx-bw-saapad\/#primaryimage","url":"https:\/\/www.outdoors.ee\/wp-content\/uploads\/2021\/12\/0864-Meindl-GoreTex-Mountain-Boots-6.jpg","contentUrl":"https:\/\/www.outdoors.ee\/wp-content\/uploads\/2021\/12\/0864-Meindl-GoreTex-Mountain-Boots-6.jpg","width":703,"height":749},{"@type":"BreadcrumbList","@id":"https:\/\/www.outdoors.ee\/et\/toode\/meindl-extreme-combat-gtx-bw-saapad\/#breadcrumb","itemListElement":[{"@type":"ListItem","position":1,"name":"Home","item":"https:\/\/www.outdoors.ee\/et\/"},{"@type":"ListItem","position":2,"name":"Tooted","item":"https:\/\/www.outdoors.ee\/products\/"},{"@type":"ListItem","position":3,"name":"Meindl\u00ae Extreme Combat GTX BW saapad"}]},{"@type":"WebSite","@id":"https:\/\/www.outdoors.ee\/#website","url":"https:\/\/www.outdoors.ee\/","name":"Outdoors","description":"Genuine military surplus and not only!","potentialAction":[{"@type":"SearchAction","target":{"@type":"EntryPoint","urlTemplate":"https:\/\/www.outdoors.ee\/?s={search_term_string}"},"query-input":{"@type":"PropertyValueSpecification","valueRequired":true,"valueName":"search_term_string"}}],"inLanguage":"et"}]}},"_links":{"self":[{"href":"https:\/\/www.outdoors.ee\/et\/wp-json\/wp\/v2\/product\/60497","targetHints":{"allow":["GET"]}}],"collection":[{"href":"https:\/\/www.outdoors.ee\/et\/wp-json\/wp\/v2\/product"}],"about":[{"href":"https:\/\/www.outdoors.ee\/et\/wp-json\/wp\/v2\/types\/product"}],"wp:featuredmedia":[{"embeddable":true,"href":"https:\/\/www.outdoors.ee\/et\/wp-json\/wp\/v2\/media\/61950"}],"wp:attachment":[{"href":"https:\/\/www.outdoors.ee\/et\/wp-json\/wp\/v2\/media?parent=60497"}],"wp:term":[{"taxonomy":"product_brand","embeddable":true,"href":"https:\/\/www.outdoors.ee\/et\/wp-json\/wp\/v2\/product_brand?post=60497"},{"taxonomy":"product_cat","embeddable":true,"href":"https:\/\/www.outdoors.ee\/et\/wp-json\/wp\/v2\/product_cat?post=60497"},{"taxonomy":"product_tag","embeddable":true,"href":"https:\/\/www.outdoors.ee\/et\/wp-json\/wp\/v2\/product_tag?post=60497"}],"curies":[{"name":"wp","href":"https:\/\/api.w.org\/{rel}","templated":true}]}}