{"id":60477,"date":"2021-12-09T00:00:00","date_gmt":"2021-12-09T00:00:00","guid":{"rendered":"https:\/\/www.outdoors.ee\/product\/meindl-desert-combat-saapad\/"},"modified":"2025-09-01T16:45:21","modified_gmt":"2025-09-01T13:45:21","slug":"meindl-desert-combat-saapad","status":"publish","type":"product","link":"https:\/\/www.outdoors.ee\/et\/toode\/meindl-desert-combat-saapad\/","title":{"rendered":"Hollandi Armee Meindl\u00ae Desert Combat saapad"},"content":{"rendered":"<p style=\"text-align: justify;\">Kerged ja mugavad Hollandi s\u00f5jav\u00e4e k\u00f5rbesaapad seemisnahast ja Cordura\u00b4st pealsega. Loodud kandmiseks sooja ja kuiva kliima tingimustes. Tugevdused kanna ning nina piirkondades. Vibram\u00a0libisemisvastane, \u00f5li- ning k\u00fctisekindel tald on \u00fchtemoodi efektiivne nii liival kui maastikul. Pehmendatud, integreeritud saapakeel lisab mugavust. Mudelilt sarnaneb Meindl Desert Fox matkasaapaga.<\/p>\n<p style=\"text-align: justify;\">Saapa liist: S-kitsas, M-tavaline, B-lai<\/p>\n<p style=\"text-align: justify;\"><strong>Seisukord<\/strong>:<\/p>\n<ul>\n<li style=\"text-align: justify;\">uued (ilma originaalkarbita, v\u00f5ivad sisaldada hulgiladustamise j\u00e4lgi)<\/li>\n<li>uuev\u00e4\u00e4rsed (sisaldavad kergeid kulumisj\u00e4lgi)<\/li>\n<\/ul>\n","protected":false},"excerpt":{"rendered":"<p>Hollandi Armee Meindl\u00ae\u00a0 k\u00f5rbesaapad, bee\u017e<\/p>\n","protected":false},"featured_media":64399,"template":"","meta":[],"product_brand":[],"product_cat":[70],"product_tag":[],"class_list":{"0":"post-60477","1":"product","2":"type-product","3":"status-publish","4":"has-post-thumbnail","6":"product_cat-jalanoud","7":"pa_brand-dutch-military-surplus","8":"pa_brand-meindl-2","9":"pa_condition-uuevaarne","10":"pa_condition-uus","11":"pa_size-275b-3","12":"pa_size-275m-2","13":"pa_size-275s-2","14":"pa_size-280b-3","15":"pa_size-280m-2","16":"pa_size-280s-2","17":"pa_size-285b-2","18":"pa_size-285m-2","19":"pa_size-285s-2","20":"pa_size-295b-2","21":"pa_size-295m-2","22":"pa_size-295s-3","23":"pa_size-uk11-us12-eu46-295m-2","24":"pa_size-uk65-us75-eu40-2-2","25":"pa_size-uk7-us8-eu41-2","27":"first","28":"instock","29":"taxable","30":"shipping-taxable","31":"purchasable","32":"product-type-variable"},"yoast_head":"<!-- This site is optimized with the Yoast SEO plugin v27.2 - https:\/\/yoast.com\/product\/yoast-seo-wordpress\/ -->\n<title>MEINDL Desert Combat saapad - outdoors.ee<\/title>\n<meta name=\"robots\" content=\"index, follow, max-snippet:-1, max-image-preview:large, max-video-preview:-1\" \/>\n<link rel=\"canonical\" href=\"https:\/\/www.outdoors.ee\/et\/toode\/meindl-desert-combat-saapad\/\" \/>\n<meta property=\"og:locale\" content=\"et_EE\" \/>\n<meta property=\"og:type\" content=\"article\" \/>\n<meta property=\"og:title\" content=\"MEINDL Desert Combat saapad\" \/>\n<meta property=\"og:description\" content=\"Hollandi Armee Meindl\u00ae\u00a0 k\u00f5rbesaapad, bee\u017e\" \/>\n<meta property=\"og:url\" content=\"https:\/\/www.outdoors.ee\/et\/toode\/meindl-desert-combat-saapad\/\" \/>\n<meta property=\"og:site_name\" content=\"Outdoors\" \/>\n<meta property=\"article:modified_time\" content=\"2025-09-01T13:45:21+00:00\" \/>\n<meta property=\"og:image\" content=\"https:\/\/www.outdoors.ee\/wp-content\/uploads\/2021\/12\/0861-Dutch-Army-MEINDL-Desert-Combat-Boots-1.png\" \/>\n\t<meta property=\"og:image:width\" content=\"441\" \/>\n\t<meta property=\"og:image:height\" content=\"577\" \/>\n\t<meta property=\"og:image:type\" content=\"image\/png\" \/>\n<meta name=\"twitter:card\" content=\"summary_large_image\" \/>\n<meta name=\"twitter:title\" content=\"MEINDL Desert Combat saapad\" \/>\n<meta name=\"twitter:label1\" content=\"Est. reading time\" \/>\n\t<meta name=\"twitter:data1\" content=\"1 minut\" \/>\n<script type=\"application\/ld+json\" class=\"yoast-schema-graph\">{\"@context\":\"https:\/\/schema.org\",\"@graph\":[{\"@type\":\"WebPage\",\"@id\":\"https:\/\/www.outdoors.ee\/et\/toode\/meindl-desert-combat-saapad\/\",\"url\":\"https:\/\/www.outdoors.ee\/et\/toode\/meindl-desert-combat-saapad\/\",\"name\":\"MEINDL Desert Combat saapad - outdoors.ee\",\"isPartOf\":{\"@id\":\"https:\/\/www.outdoors.ee\/#website\"},\"primaryImageOfPage\":{\"@id\":\"https:\/\/www.outdoors.ee\/et\/toode\/meindl-desert-combat-saapad\/#primaryimage\"},\"image\":{\"@id\":\"https:\/\/www.outdoors.ee\/et\/toode\/meindl-desert-combat-saapad\/#primaryimage\"},\"thumbnailUrl\":\"https:\/\/www.outdoors.ee\/wp-content\/uploads\/2021\/12\/0861-Dutch-Army-MEINDL-Desert-Combat-Boots-1.png\",\"datePublished\":\"2021-12-09T00:00:00+00:00\",\"dateModified\":\"2025-09-01T13:45:21+00:00\",\"breadcrumb\":{\"@id\":\"https:\/\/www.outdoors.ee\/et\/toode\/meindl-desert-combat-saapad\/#breadcrumb\"},\"inLanguage\":\"et\",\"potentialAction\":[{\"@type\":\"ReadAction\",\"target\":[\"https:\/\/www.outdoors.ee\/et\/toode\/meindl-desert-combat-saapad\/\"]}]},{\"@type\":\"ImageObject\",\"inLanguage\":\"et\",\"@id\":\"https:\/\/www.outdoors.ee\/et\/toode\/meindl-desert-combat-saapad\/#primaryimage\",\"url\":\"https:\/\/www.outdoors.ee\/wp-content\/uploads\/2021\/12\/0861-Dutch-Army-MEINDL-Desert-Combat-Boots-1.png\",\"contentUrl\":\"https:\/\/www.outdoors.ee\/wp-content\/uploads\/2021\/12\/0861-Dutch-Army-MEINDL-Desert-Combat-Boots-1.png\",\"width\":441,\"height\":577},{\"@type\":\"BreadcrumbList\",\"@id\":\"https:\/\/www.outdoors.ee\/et\/toode\/meindl-desert-combat-saapad\/#breadcrumb\",\"itemListElement\":[{\"@type\":\"ListItem\",\"position\":1,\"name\":\"Home\",\"item\":\"https:\/\/www.outdoors.ee\/et\/\"},{\"@type\":\"ListItem\",\"position\":2,\"name\":\"Tooted\",\"item\":\"https:\/\/www.outdoors.ee\/products\/\"},{\"@type\":\"ListItem\",\"position\":3,\"name\":\"Hollandi Armee Meindl\u00ae Desert Combat saapad\"}]},{\"@type\":\"WebSite\",\"@id\":\"https:\/\/www.outdoors.ee\/#website\",\"url\":\"https:\/\/www.outdoors.ee\/\",\"name\":\"Outdoors\",\"description\":\"Genuine military surplus and not only!\",\"potentialAction\":[{\"@type\":\"SearchAction\",\"target\":{\"@type\":\"EntryPoint\",\"urlTemplate\":\"https:\/\/www.outdoors.ee\/?s={search_term_string}\"},\"query-input\":{\"@type\":\"PropertyValueSpecification\",\"valueRequired\":true,\"valueName\":\"search_term_string\"}}],\"inLanguage\":\"et\"}]}<\/script>\n<!-- \/ Yoast SEO plugin. -->","yoast_head_json":{"title":"MEINDL Desert Combat saapad - outdoors.ee","robots":{"index":"index","follow":"follow","max-snippet":"max-snippet:-1","max-image-preview":"max-image-preview:large","max-video-preview":"max-video-preview:-1"},"canonical":"https:\/\/www.outdoors.ee\/et\/toode\/meindl-desert-combat-saapad\/","og_locale":"et_EE","og_type":"article","og_title":"MEINDL Desert Combat saapad","og_description":"Hollandi Armee Meindl\u00ae\u00a0 k\u00f5rbesaapad, bee\u017e","og_url":"https:\/\/www.outdoors.ee\/et\/toode\/meindl-desert-combat-saapad\/","og_site_name":"Outdoors","article_modified_time":"2025-09-01T13:45:21+00:00","og_image":[{"width":441,"height":577,"url":"https:\/\/www.outdoors.ee\/wp-content\/uploads\/2021\/12\/0861-Dutch-Army-MEINDL-Desert-Combat-Boots-1.png","type":"image\/png"}],"twitter_card":"summary_large_image","twitter_title":"MEINDL Desert Combat saapad","twitter_misc":{"Est. reading time":"1 minut"},"schema":{"@context":"https:\/\/schema.org","@graph":[{"@type":"WebPage","@id":"https:\/\/www.outdoors.ee\/et\/toode\/meindl-desert-combat-saapad\/","url":"https:\/\/www.outdoors.ee\/et\/toode\/meindl-desert-combat-saapad\/","name":"MEINDL Desert Combat saapad - outdoors.ee","isPartOf":{"@id":"https:\/\/www.outdoors.ee\/#website"},"primaryImageOfPage":{"@id":"https:\/\/www.outdoors.ee\/et\/toode\/meindl-desert-combat-saapad\/#primaryimage"},"image":{"@id":"https:\/\/www.outdoors.ee\/et\/toode\/meindl-desert-combat-saapad\/#primaryimage"},"thumbnailUrl":"https:\/\/www.outdoors.ee\/wp-content\/uploads\/2021\/12\/0861-Dutch-Army-MEINDL-Desert-Combat-Boots-1.png","datePublished":"2021-12-09T00:00:00+00:00","dateModified":"2025-09-01T13:45:21+00:00","breadcrumb":{"@id":"https:\/\/www.outdoors.ee\/et\/toode\/meindl-desert-combat-saapad\/#breadcrumb"},"inLanguage":"et","potentialAction":[{"@type":"ReadAction","target":["https:\/\/www.outdoors.ee\/et\/toode\/meindl-desert-combat-saapad\/"]}]},{"@type":"ImageObject","inLanguage":"et","@id":"https:\/\/www.outdoors.ee\/et\/toode\/meindl-desert-combat-saapad\/#primaryimage","url":"https:\/\/www.outdoors.ee\/wp-content\/uploads\/2021\/12\/0861-Dutch-Army-MEINDL-Desert-Combat-Boots-1.png","contentUrl":"https:\/\/www.outdoors.ee\/wp-content\/uploads\/2021\/12\/0861-Dutch-Army-MEINDL-Desert-Combat-Boots-1.png","width":441,"height":577},{"@type":"BreadcrumbList","@id":"https:\/\/www.outdoors.ee\/et\/toode\/meindl-desert-combat-saapad\/#breadcrumb","itemListElement":[{"@type":"ListItem","position":1,"name":"Home","item":"https:\/\/www.outdoors.ee\/et\/"},{"@type":"ListItem","position":2,"name":"Tooted","item":"https:\/\/www.outdoors.ee\/products\/"},{"@type":"ListItem","position":3,"name":"Hollandi Armee Meindl\u00ae Desert Combat saapad"}]},{"@type":"WebSite","@id":"https:\/\/www.outdoors.ee\/#website","url":"https:\/\/www.outdoors.ee\/","name":"Outdoors","description":"Genuine military surplus and not only!","potentialAction":[{"@type":"SearchAction","target":{"@type":"EntryPoint","urlTemplate":"https:\/\/www.outdoors.ee\/?s={search_term_string}"},"query-input":{"@type":"PropertyValueSpecification","valueRequired":true,"valueName":"search_term_string"}}],"inLanguage":"et"}]}},"_links":{"self":[{"href":"https:\/\/www.outdoors.ee\/et\/wp-json\/wp\/v2\/product\/60477","targetHints":{"allow":["GET"]}}],"collection":[{"href":"https:\/\/www.outdoors.ee\/et\/wp-json\/wp\/v2\/product"}],"about":[{"href":"https:\/\/www.outdoors.ee\/et\/wp-json\/wp\/v2\/types\/product"}],"wp:featuredmedia":[{"embeddable":true,"href":"https:\/\/www.outdoors.ee\/et\/wp-json\/wp\/v2\/media\/64399"}],"wp:attachment":[{"href":"https:\/\/www.outdoors.ee\/et\/wp-json\/wp\/v2\/media?parent=60477"}],"wp:term":[{"taxonomy":"product_brand","embeddable":true,"href":"https:\/\/www.outdoors.ee\/et\/wp-json\/wp\/v2\/product_brand?post=60477"},{"taxonomy":"product_cat","embeddable":true,"href":"https:\/\/www.outdoors.ee\/et\/wp-json\/wp\/v2\/product_cat?post=60477"},{"taxonomy":"product_tag","embeddable":true,"href":"https:\/\/www.outdoors.ee\/et\/wp-json\/wp\/v2\/product_tag?post=60477"}],"curies":[{"name":"wp","href":"https:\/\/api.w.org\/{rel}","templated":true}]}}