{"id":60433,"date":"2021-12-09T00:00:00","date_gmt":"2021-12-09T00:00:00","guid":{"rendered":"https:\/\/www.outdoors.ee\/product\/meindl-gore-tex-saapad-nubuknahast\/"},"modified":"2025-12-30T13:03:09","modified_gmt":"2025-12-30T11:03:09","slug":"meindl-nubuck-gtx-saapad","status":"publish","type":"product","link":"https:\/\/www.outdoors.ee\/et\/toode\/meindl-nubuck-gtx-saapad\/","title":{"rendered":"Hollandi Armee Meindl\u00ae Nubuck GTX saapad"},"content":{"rendered":"<p><strong>Omadused<\/strong>:<\/p>\n<ul>\n<li>Hollandi s\u00f5jav\u00e4e originaal<\/li>\n<li>pehmendatud saapakaelus ja keel<\/li>\n<li>Memory Foam System (MFS) &#8211; m\u00e4luvahuga vooder, mis soojenedes v\u00f5tab vormi jalakuju j\u00e4rgi<\/li>\n<li>nubuknahast pealne<\/li>\n<li>Gore-Tex\u00ae sisevooder tagab veekindluse ja hingavuse<\/li>\n<li>DiGafix\u00ae paelas\u00fcsteem fikseerib h\u00fcppeliigese ning ei luba jalal saapa sees libiseda m\u00e4est \u00fcles\/alla liikudes<\/li>\n<li>Vibram v\u00e4ilstald<\/li>\n<li>Meindl Air Active\u00ae Drysole sisetald<\/li>\n<li>tugev kummist rant tagab kulumiskindluse ning vastupidavuse<\/li>\n<li>Sertifikaat:\u00a0EN ISO 20347: 2007 O2 FO HI CI WR HRO SRA<\/li>\n<\/ul>\n<p>Saapa liist: S-kitsas, M-tavaline, B-lai<\/p>\n<p><strong>Seisukord<\/strong>:<\/p>\n<ul>\n<li>uus (ilma originaalkarbita, v\u00f5ivad sisaldada hulgiladustamise j\u00e4lgi)<\/li>\n<li>uuev\u00e4\u00e4rne (sisaldavad kergeid kulumisj\u00e4lgi)<\/li>\n<\/ul>\n","protected":false},"excerpt":{"rendered":"<p>Hollandi Armee Meindl\u00ae Gore-Tex\u00ae m\u00e4gisaapad nubuknahast, must<\/p>\n","protected":false},"featured_media":18157,"template":"","meta":[],"product_brand":[],"product_cat":[70],"product_tag":[],"class_list":{"0":"post-60433","1":"product","2":"type-product","3":"status-publish","4":"has-post-thumbnail","6":"product_cat-jalanoud","7":"pa_brand-dutch-military-surplus","8":"pa_brand-meindl-2","9":"pa_condition-uuevaarne","10":"pa_condition-uus","11":"pa_size-240s-2","12":"pa_size-245s-2","13":"pa_size-250b-3","14":"pa_size-250m-2","15":"pa_size-250s-3","16":"pa_size-255b-2","17":"pa_size-255m-2","18":"pa_size-255s-2","19":"pa_size-260b-2","20":"pa_size-260m-2","21":"pa_size-260s-2","22":"pa_size-265b-2","23":"pa_size-265m-2","24":"pa_size-265s-2","25":"pa_size-270b-2","26":"pa_size-270m-3","27":"pa_size-270s-3","28":"pa_size-275b-3","29":"pa_size-275m-2","30":"pa_size-275s-2","31":"pa_size-280b-3","32":"pa_size-280m-2","33":"pa_size-280s-2","34":"pa_size-285b-2","35":"pa_size-285m-2","36":"pa_size-285s-2","37":"pa_size-290b-2-2","38":"pa_size-290m-3","39":"pa_size-290s-2","40":"pa_size-295b-2","41":"pa_size-295m-2","42":"pa_size-295s-3","43":"pa_size-300b-2","44":"pa_size-300m-2","45":"pa_size-300s-2","46":"pa_size-305b-2","47":"pa_size-305m-2","48":"pa_size-305s-2","49":"pa_size-310b-2","50":"pa_size-310m-2","51":"pa_size-310s-2","53":"first","54":"instock","55":"taxable","56":"shipping-taxable","57":"purchasable","58":"product-type-variable"},"yoast_head":"<!-- This site is optimized with the Yoast SEO plugin v27.2 - https:\/\/yoast.com\/product\/yoast-seo-wordpress\/ -->\n<title>MEINDL Gore-Tex\u00ae saapad nubuknahast - outdoors.ee<\/title>\n<meta name=\"description\" content=\"Originaalne Hollandi s\u00f5jav\u00e4e saabas tuntud Saksa jalatsitootjalt Meindl. Sarnane Meindl Island mudeliga. Omadused: pehmendatud saapakaelus ja keel Memory Foam System (MFS) - m\u00e4luvahuga vooder, mis soojenedes v\u00f5tab vormi jalakuju j\u00e4rgi nubuknahast pealne Gore-Tex\u00ae sisevooder tagab veekindluse ja hingavuse DiGafix\u00ae paelas\u00fcsteem fikseerib h\u00fcppeliigese ning ei luba jalal saapa sees libiseda m\u00e4est \u00fcles\/alla liikudes Vibram v\u00e4ilstald Meindl Air Active\u00ae Drysole sisetald tugev kummist rant tagab kulumiskindluse ning vastupidavuse Sertifikaat:\u00a0EN ISO 20347: 2007 O2 FO HI CI WR HRO SRA\u00a0 Saapa liist: S-kitsas, M-tavaline, B-lai Seisukord: uued (v\u00f5ivad sisaldada hulgiladustamise j\u00e4lgi) uuev\u00e4\u00e4rsed (sisaldavad minimaalseid kulumisj\u00e4lgi)\" \/>\n<meta name=\"robots\" content=\"index, follow, max-snippet:-1, max-image-preview:large, max-video-preview:-1\" \/>\n<link rel=\"canonical\" href=\"https:\/\/www.outdoors.ee\/et\/toode\/meindl-nubuck-gtx-saapad\/\" \/>\n<meta property=\"og:locale\" content=\"et_EE\" \/>\n<meta property=\"og:type\" content=\"article\" \/>\n<meta property=\"og:title\" content=\"MEINDL Gore-Tex\u00ae saapad nubuknahast\" \/>\n<meta property=\"og:description\" content=\"Originaalne Hollandi s\u00f5jav\u00e4e saabas tuntud Saksa jalatsitootjalt Meindl. Sarnane Meindl Island mudeliga. Omadused: pehmendatud saapakaelus ja keel Memory Foam System (MFS) - m\u00e4luvahuga vooder, mis soojenedes v\u00f5tab vormi jalakuju j\u00e4rgi nubuknahast pealne Gore-Tex\u00ae sisevooder tagab veekindluse ja hingavuse DiGafix\u00ae paelas\u00fcsteem fikseerib h\u00fcppeliigese ning ei luba jalal saapa sees libiseda m\u00e4est \u00fcles\/alla liikudes Vibram v\u00e4ilstald Meindl Air Active\u00ae Drysole sisetald tugev kummist rant tagab kulumiskindluse ning vastupidavuse Sertifikaat:\u00a0EN ISO 20347: 2007 O2 FO HI CI WR HRO SRA\u00a0 Saapa liist: S-kitsas, M-tavaline, B-lai Seisukord: uued (v\u00f5ivad sisaldada hulgiladustamise j\u00e4lgi) uuev\u00e4\u00e4rsed (sisaldavad minimaalseid kulumisj\u00e4lgi)\" \/>\n<meta property=\"og:url\" content=\"https:\/\/www.outdoors.ee\/et\/toode\/meindl-nubuck-gtx-saapad\/\" \/>\n<meta property=\"og:site_name\" content=\"Outdoors\" \/>\n<meta property=\"article:modified_time\" content=\"2025-12-30T11:03:09+00:00\" \/>\n<meta property=\"og:image\" content=\"https:\/\/www.outdoors.ee\/wp-content\/uploads\/2021\/09\/0860-Meindl-Gore-Tex-Mountain-boots-1.jpg\" \/>\n\t<meta property=\"og:image:width\" content=\"501\" \/>\n\t<meta property=\"og:image:height\" content=\"520\" \/>\n\t<meta property=\"og:image:type\" content=\"image\/jpeg\" \/>\n<meta name=\"twitter:card\" content=\"summary_large_image\" \/>\n<meta name=\"twitter:title\" content=\"MEINDL Gore-Tex\u00ae saapad nubuknahast\" \/>\n<meta name=\"twitter:label1\" content=\"Est. reading time\" \/>\n\t<meta name=\"twitter:data1\" content=\"1 minut\" \/>\n<script type=\"application\/ld+json\" class=\"yoast-schema-graph\">{\"@context\":\"https:\/\/schema.org\",\"@graph\":[{\"@type\":\"WebPage\",\"@id\":\"https:\/\/www.outdoors.ee\/et\/toode\/meindl-nubuck-gtx-saapad\/\",\"url\":\"https:\/\/www.outdoors.ee\/et\/toode\/meindl-nubuck-gtx-saapad\/\",\"name\":\"MEINDL Gore-Tex\u00ae saapad nubuknahast - outdoors.ee\",\"isPartOf\":{\"@id\":\"https:\/\/www.outdoors.ee\/#website\"},\"primaryImageOfPage\":{\"@id\":\"https:\/\/www.outdoors.ee\/et\/toode\/meindl-nubuck-gtx-saapad\/#primaryimage\"},\"image\":{\"@id\":\"https:\/\/www.outdoors.ee\/et\/toode\/meindl-nubuck-gtx-saapad\/#primaryimage\"},\"thumbnailUrl\":\"https:\/\/www.outdoors.ee\/wp-content\/uploads\/2021\/09\/0860-Meindl-Gore-Tex-Mountain-boots-1.jpg\",\"datePublished\":\"2021-12-09T00:00:00+00:00\",\"dateModified\":\"2025-12-30T11:03:09+00:00\",\"description\":\"Originaalne Hollandi s\u00f5jav\u00e4e saabas tuntud Saksa jalatsitootjalt Meindl. Sarnane Meindl Island mudeliga. Omadused: pehmendatud saapakaelus ja keel Memory Foam System (MFS) - m\u00e4luvahuga vooder, mis soojenedes v\u00f5tab vormi jalakuju j\u00e4rgi nubuknahast pealne Gore-Tex\u00ae sisevooder tagab veekindluse ja hingavuse DiGafix\u00ae paelas\u00fcsteem fikseerib h\u00fcppeliigese ning ei luba jalal saapa sees libiseda m\u00e4est \u00fcles\/alla liikudes Vibram v\u00e4ilstald Meindl Air Active\u00ae Drysole sisetald tugev kummist rant tagab kulumiskindluse ning vastupidavuse Sertifikaat:\u00a0EN ISO 20347: 2007 O2 FO HI CI WR HRO SRA\u00a0 Saapa liist: S-kitsas, M-tavaline, B-lai Seisukord: uued (v\u00f5ivad sisaldada hulgiladustamise j\u00e4lgi) uuev\u00e4\u00e4rsed (sisaldavad minimaalseid kulumisj\u00e4lgi)\",\"breadcrumb\":{\"@id\":\"https:\/\/www.outdoors.ee\/et\/toode\/meindl-nubuck-gtx-saapad\/#breadcrumb\"},\"inLanguage\":\"et\",\"potentialAction\":[{\"@type\":\"ReadAction\",\"target\":[\"https:\/\/www.outdoors.ee\/et\/toode\/meindl-nubuck-gtx-saapad\/\"]}]},{\"@type\":\"ImageObject\",\"inLanguage\":\"et\",\"@id\":\"https:\/\/www.outdoors.ee\/et\/toode\/meindl-nubuck-gtx-saapad\/#primaryimage\",\"url\":\"https:\/\/www.outdoors.ee\/wp-content\/uploads\/2021\/09\/0860-Meindl-Gore-Tex-Mountain-boots-1.jpg\",\"contentUrl\":\"https:\/\/www.outdoors.ee\/wp-content\/uploads\/2021\/09\/0860-Meindl-Gore-Tex-Mountain-boots-1.jpg\",\"width\":501,\"height\":520},{\"@type\":\"BreadcrumbList\",\"@id\":\"https:\/\/www.outdoors.ee\/et\/toode\/meindl-nubuck-gtx-saapad\/#breadcrumb\",\"itemListElement\":[{\"@type\":\"ListItem\",\"position\":1,\"name\":\"Home\",\"item\":\"https:\/\/www.outdoors.ee\/et\/\"},{\"@type\":\"ListItem\",\"position\":2,\"name\":\"Tooted\",\"item\":\"https:\/\/www.outdoors.ee\/products\/\"},{\"@type\":\"ListItem\",\"position\":3,\"name\":\"Hollandi Armee Meindl\u00ae Nubuck GTX saapad\"}]},{\"@type\":\"WebSite\",\"@id\":\"https:\/\/www.outdoors.ee\/#website\",\"url\":\"https:\/\/www.outdoors.ee\/\",\"name\":\"Outdoors\",\"description\":\"Genuine military surplus and not only!\",\"potentialAction\":[{\"@type\":\"SearchAction\",\"target\":{\"@type\":\"EntryPoint\",\"urlTemplate\":\"https:\/\/www.outdoors.ee\/?s={search_term_string}\"},\"query-input\":{\"@type\":\"PropertyValueSpecification\",\"valueRequired\":true,\"valueName\":\"search_term_string\"}}],\"inLanguage\":\"et\"}]}<\/script>\n<!-- \/ Yoast SEO plugin. -->","yoast_head_json":{"title":"MEINDL Gore-Tex\u00ae saapad nubuknahast - outdoors.ee","description":"Originaalne Hollandi s\u00f5jav\u00e4e saabas tuntud Saksa jalatsitootjalt Meindl. Sarnane Meindl Island mudeliga. Omadused: pehmendatud saapakaelus ja keel Memory Foam System (MFS) - m\u00e4luvahuga vooder, mis soojenedes v\u00f5tab vormi jalakuju j\u00e4rgi nubuknahast pealne Gore-Tex\u00ae sisevooder tagab veekindluse ja hingavuse DiGafix\u00ae paelas\u00fcsteem fikseerib h\u00fcppeliigese ning ei luba jalal saapa sees libiseda m\u00e4est \u00fcles\/alla liikudes Vibram v\u00e4ilstald Meindl Air Active\u00ae Drysole sisetald tugev kummist rant tagab kulumiskindluse ning vastupidavuse Sertifikaat:\u00a0EN ISO 20347: 2007 O2 FO HI CI WR HRO SRA\u00a0 Saapa liist: S-kitsas, M-tavaline, B-lai Seisukord: uued (v\u00f5ivad sisaldada hulgiladustamise j\u00e4lgi) uuev\u00e4\u00e4rsed (sisaldavad minimaalseid kulumisj\u00e4lgi)","robots":{"index":"index","follow":"follow","max-snippet":"max-snippet:-1","max-image-preview":"max-image-preview:large","max-video-preview":"max-video-preview:-1"},"canonical":"https:\/\/www.outdoors.ee\/et\/toode\/meindl-nubuck-gtx-saapad\/","og_locale":"et_EE","og_type":"article","og_title":"MEINDL Gore-Tex\u00ae saapad nubuknahast","og_description":"Originaalne Hollandi s\u00f5jav\u00e4e saabas tuntud Saksa jalatsitootjalt Meindl. Sarnane Meindl Island mudeliga. Omadused: pehmendatud saapakaelus ja keel Memory Foam System (MFS) - m\u00e4luvahuga vooder, mis soojenedes v\u00f5tab vormi jalakuju j\u00e4rgi nubuknahast pealne Gore-Tex\u00ae sisevooder tagab veekindluse ja hingavuse DiGafix\u00ae paelas\u00fcsteem fikseerib h\u00fcppeliigese ning ei luba jalal saapa sees libiseda m\u00e4est \u00fcles\/alla liikudes Vibram v\u00e4ilstald Meindl Air Active\u00ae Drysole sisetald tugev kummist rant tagab kulumiskindluse ning vastupidavuse Sertifikaat:\u00a0EN ISO 20347: 2007 O2 FO HI CI WR HRO SRA\u00a0 Saapa liist: S-kitsas, M-tavaline, B-lai Seisukord: uued (v\u00f5ivad sisaldada hulgiladustamise j\u00e4lgi) uuev\u00e4\u00e4rsed (sisaldavad minimaalseid kulumisj\u00e4lgi)","og_url":"https:\/\/www.outdoors.ee\/et\/toode\/meindl-nubuck-gtx-saapad\/","og_site_name":"Outdoors","article_modified_time":"2025-12-30T11:03:09+00:00","og_image":[{"width":501,"height":520,"url":"https:\/\/www.outdoors.ee\/wp-content\/uploads\/2021\/09\/0860-Meindl-Gore-Tex-Mountain-boots-1.jpg","type":"image\/jpeg"}],"twitter_card":"summary_large_image","twitter_title":"MEINDL Gore-Tex\u00ae saapad nubuknahast","twitter_misc":{"Est. reading time":"1 minut"},"schema":{"@context":"https:\/\/schema.org","@graph":[{"@type":"WebPage","@id":"https:\/\/www.outdoors.ee\/et\/toode\/meindl-nubuck-gtx-saapad\/","url":"https:\/\/www.outdoors.ee\/et\/toode\/meindl-nubuck-gtx-saapad\/","name":"MEINDL Gore-Tex\u00ae saapad nubuknahast - outdoors.ee","isPartOf":{"@id":"https:\/\/www.outdoors.ee\/#website"},"primaryImageOfPage":{"@id":"https:\/\/www.outdoors.ee\/et\/toode\/meindl-nubuck-gtx-saapad\/#primaryimage"},"image":{"@id":"https:\/\/www.outdoors.ee\/et\/toode\/meindl-nubuck-gtx-saapad\/#primaryimage"},"thumbnailUrl":"https:\/\/www.outdoors.ee\/wp-content\/uploads\/2021\/09\/0860-Meindl-Gore-Tex-Mountain-boots-1.jpg","datePublished":"2021-12-09T00:00:00+00:00","dateModified":"2025-12-30T11:03:09+00:00","description":"Originaalne Hollandi s\u00f5jav\u00e4e saabas tuntud Saksa jalatsitootjalt Meindl. Sarnane Meindl Island mudeliga. Omadused: pehmendatud saapakaelus ja keel Memory Foam System (MFS) - m\u00e4luvahuga vooder, mis soojenedes v\u00f5tab vormi jalakuju j\u00e4rgi nubuknahast pealne Gore-Tex\u00ae sisevooder tagab veekindluse ja hingavuse DiGafix\u00ae paelas\u00fcsteem fikseerib h\u00fcppeliigese ning ei luba jalal saapa sees libiseda m\u00e4est \u00fcles\/alla liikudes Vibram v\u00e4ilstald Meindl Air Active\u00ae Drysole sisetald tugev kummist rant tagab kulumiskindluse ning vastupidavuse Sertifikaat:\u00a0EN ISO 20347: 2007 O2 FO HI CI WR HRO SRA\u00a0 Saapa liist: S-kitsas, M-tavaline, B-lai Seisukord: uued (v\u00f5ivad sisaldada hulgiladustamise j\u00e4lgi) uuev\u00e4\u00e4rsed (sisaldavad minimaalseid kulumisj\u00e4lgi)","breadcrumb":{"@id":"https:\/\/www.outdoors.ee\/et\/toode\/meindl-nubuck-gtx-saapad\/#breadcrumb"},"inLanguage":"et","potentialAction":[{"@type":"ReadAction","target":["https:\/\/www.outdoors.ee\/et\/toode\/meindl-nubuck-gtx-saapad\/"]}]},{"@type":"ImageObject","inLanguage":"et","@id":"https:\/\/www.outdoors.ee\/et\/toode\/meindl-nubuck-gtx-saapad\/#primaryimage","url":"https:\/\/www.outdoors.ee\/wp-content\/uploads\/2021\/09\/0860-Meindl-Gore-Tex-Mountain-boots-1.jpg","contentUrl":"https:\/\/www.outdoors.ee\/wp-content\/uploads\/2021\/09\/0860-Meindl-Gore-Tex-Mountain-boots-1.jpg","width":501,"height":520},{"@type":"BreadcrumbList","@id":"https:\/\/www.outdoors.ee\/et\/toode\/meindl-nubuck-gtx-saapad\/#breadcrumb","itemListElement":[{"@type":"ListItem","position":1,"name":"Home","item":"https:\/\/www.outdoors.ee\/et\/"},{"@type":"ListItem","position":2,"name":"Tooted","item":"https:\/\/www.outdoors.ee\/products\/"},{"@type":"ListItem","position":3,"name":"Hollandi Armee Meindl\u00ae Nubuck GTX saapad"}]},{"@type":"WebSite","@id":"https:\/\/www.outdoors.ee\/#website","url":"https:\/\/www.outdoors.ee\/","name":"Outdoors","description":"Genuine military surplus and not only!","potentialAction":[{"@type":"SearchAction","target":{"@type":"EntryPoint","urlTemplate":"https:\/\/www.outdoors.ee\/?s={search_term_string}"},"query-input":{"@type":"PropertyValueSpecification","valueRequired":true,"valueName":"search_term_string"}}],"inLanguage":"et"}]}},"_links":{"self":[{"href":"https:\/\/www.outdoors.ee\/et\/wp-json\/wp\/v2\/product\/60433","targetHints":{"allow":["GET"]}}],"collection":[{"href":"https:\/\/www.outdoors.ee\/et\/wp-json\/wp\/v2\/product"}],"about":[{"href":"https:\/\/www.outdoors.ee\/et\/wp-json\/wp\/v2\/types\/product"}],"wp:featuredmedia":[{"embeddable":true,"href":"https:\/\/www.outdoors.ee\/et\/wp-json\/wp\/v2\/media\/18157"}],"wp:attachment":[{"href":"https:\/\/www.outdoors.ee\/et\/wp-json\/wp\/v2\/media?parent=60433"}],"wp:term":[{"taxonomy":"product_brand","embeddable":true,"href":"https:\/\/www.outdoors.ee\/et\/wp-json\/wp\/v2\/product_brand?post=60433"},{"taxonomy":"product_cat","embeddable":true,"href":"https:\/\/www.outdoors.ee\/et\/wp-json\/wp\/v2\/product_cat?post=60433"},{"taxonomy":"product_tag","embeddable":true,"href":"https:\/\/www.outdoors.ee\/et\/wp-json\/wp\/v2\/product_tag?post=60433"}],"curies":[{"name":"wp","href":"https:\/\/api.w.org\/{rel}","templated":true}]}}