{"id":60370,"date":"2021-12-09T00:00:00","date_gmt":"2021-12-08T22:00:00","guid":{"rendered":"https:\/\/www.outdoors.ee\/product\/haix-commander-bundeswehr-gore-tex-saapad\/"},"modified":"2026-01-12T20:41:58","modified_gmt":"2026-01-12T18:41:58","slug":"haix-commander-bundeswehr-gore-tex-saapad","status":"publish","type":"product","link":"https:\/\/www.outdoors.ee\/et\/toode\/haix-commander-bundeswehr-gore-tex-saapad\/","title":{"rendered":"Haix\u00ae Commander GTX BW saapad"},"content":{"rendered":"<p style=\"text-align: justify;\">Kaasaaegne Saksa Armee (Bundeswehr) nn &#8220;raske&#8221; lahingsaabas (Kampfstiefel Shwer), mille aluseks on Haix Commander GTX mudel. See on \u00fcks kahest t\u00e4nap\u00e4eva Saksa s\u00f5jav\u00e4e kombineeritud lahingsaapa mudelist, mis sisaldab kahe s\u00f5jav\u00e4e saapat\u00fc\u00fcbi omadusi (Boot Combat High Liability ja Boot Cold Wet Weather). Haix Commander GTX on mugav universaalne saabas, mis sobib kasutamiseks igat t\u00fc\u00fcpi maastikul ning pinnasel.<\/p>\n<p style=\"text-align: justify;\"><strong>Omadused:<\/strong><\/p>\n<ul style=\"text-align: justify;\">\n<li>vetth\u00fclgav, hingav t\u00e4isnahk paksusega 2,5-2,7mm<\/li>\n<li>tugev kummirant varba- ning kannapiirkonnas<\/li>\n<li>kulumiskindla Gore-Tex\u00ae Extended Comfort 3-kihilise veekindla ja hingava laminaadiga vooder<\/li>\n<li>kombineeritud (kummi ja pol\u00fcuretaani segu), \u00f5li-, k\u00fctuse-, ja kuumuskindel (EN ISO 20347:2012), libisemiskindel, p\u00f5rutustneelav, VIBRAM patenteeritud mustriga v\u00e4listald<\/li>\n<li>anatoomilise kujuga, niiskustimav, pestav ja kiiresti kuivav sisetald<\/li>\n<li>Haix Climate System<\/li>\n<li>Haix 2-tsooniline paelas\u00fcsteem<\/li>\n<li>kaal 1775g\/paar (suurus UK9\/EU43)<\/li>\n<\/ul>\n<p style=\"text-align: justify;\"><strong>Seisukord:<\/strong><\/p>\n<ul>\n<li style=\"text-align: justify;\">uus (ilma originaalkarbita, v\u00f5ivad sisaldada hulgiladustamise j\u00e4lgi)<\/li>\n<li style=\"text-align: justify;\">uuev\u00e4\u00e4rne (sisaldavad kergeid kulumisj\u00e4lgi)<\/li>\n<li style=\"text-align: justify;\">kasutatud, Grade 1 (sisaldavad m\u00f5\u00f5dukaid kulumisj\u00e4lgi, v\u00f5ivad sisaldada v\u00e4iksemaid vigastusi, sisetallad v\u00f5ivad olla eemaldatud)<\/li>\n<\/ul>\n<p>NB! Piltidel 3-4 olevad saapad on &#8220;uuev\u00e4\u00e4rses&#8221; seisukorras<\/p>\n","protected":false},"excerpt":{"rendered":"<p>Saksa Armee Haix\u00ae Commander Gore-Tex\u00ae saapad, must<\/p>\n","protected":false},"featured_media":9659,"template":"","meta":[],"product_brand":[],"product_cat":[70],"product_tag":[],"class_list":{"0":"post-60370","1":"product","2":"type-product","3":"status-publish","4":"has-post-thumbnail","6":"product_cat-jalanoud","7":"pa_brand-german-military-surplus","8":"pa_brand-haix-2","9":"pa_condition-kasutatud-grade-1","10":"pa_condition-uuevaarne","11":"pa_condition-uus","12":"pa_size-uk105-us115-eu45-2","13":"pa_size-uk10-us11-eu45-2-2","14":"pa_size-uk115-us125-eu47-2","15":"pa_size-uk11-us12-eu46-2","16":"pa_size-uk125-us135-eu48-2","17":"pa_size-uk12-us13-eu47-3","18":"pa_size-uk135-us145-eu49-2","19":"pa_size-uk13-us14-eu48-3","20":"pa_size-uk14-us15-eu50-2","21":"pa_size-uk15-us16-eu51-2","22":"pa_size-uk35-us45-eu36-3","23":"pa_size-uk45-us55-eu37-2","24":"pa_size-uk4-us5-eu37-2","25":"pa_size-uk55-us65-eu39-2","26":"pa_size-uk5-us6-eu38-2","27":"pa_size-uk65-us75-eu40-2-2","28":"pa_size-uk6-us7-eu39-2","29":"pa_size-uk75-us85-eu41-3","30":"pa_size-uk7-us8-eu41-2","31":"pa_size-uk85-us95-eu43-2","32":"pa_size-uk8-us9-eu42-3","33":"pa_size-uk95-us105-eu44-2","34":"pa_size-uk9-us10-eu43-2","36":"first","37":"instock","38":"featured","39":"taxable","40":"shipping-taxable","41":"purchasable","42":"product-type-variable"},"yoast_head":"<!-- This site is optimized with the Yoast SEO plugin v27.2 - https:\/\/yoast.com\/product\/yoast-seo-wordpress\/ -->\n<title>HAIX Commander Bundeswehr Gore-Tex\u00ae saapad - outdoors.ee<\/title>\n<meta name=\"description\" content=\"Kaasaaegne Saksa Armee (Bundeswehr)\u00a0nn &quot;raske&quot;\u00a0lahingsaabas (Kampfstiefel Shwer), mille aluseks on Haix Commander GTX mudel. See on \u00fcks kahest t\u00e4nap\u00e4eva Saksa s\u00f5jav\u00e4e kombineeritud lahingsaapa mudelist, mis sisaldab kahe s\u00f5jav\u00e4e saapat\u00fc\u00fcbi omadusi (Boot Combat High Liability ja Boot Cold Wet Weather). Omadused: vetth\u00fclgav, hingav t\u00e4isnahk paksusega 2,5-2,7mm tugev kummirant varba- ning kannapiirkonnas kulumiskindla Gore-Tex\u00ae Extended Comfort 3-kihilise veekindla ja hingava laminaadiga vooder kombineeritud (kummi ja pol\u00fcuretaani segu), \u00f5li-, k\u00fctuse-, ja kuumuskindel (EN ISO 20347:2012), libisemiskindel, p\u00f5rutustneelav, VIBRAM patenteeritud mustriga v\u00e4listald anatoomilise kujuga, niiskustimav, pestav ja kiiresti kuivav sisetald Haix Climate System\u00a0 Haix 2-tsooniline paelas\u00fcsteem Kaal:\u00a01775g\/paar (suurus EU43) Seisukord: uued (kasutamata, v\u00f5ivad sisaldada hulgiladustamise j\u00e4lgi) uuev\u00e4\u00e4rsed (sisaldavad vaid minimaalseid kulumisj\u00e4lgi) kasutatud, Grade 1 (sisaldavad m\u00f5\u00f5dukaid kulumisj\u00e4lgi, kuid on s\u00e4ilitanud kasutusk\u00f5lblikkuse, ei sisalda m\u00e4rkimisv\u00e4\u00e4rseid vigastusi) NB! Piltidel 2-3 olevad saapad on &quot;uuev\u00e4\u00e4rses&quot; seisukorras\" \/>\n<meta name=\"robots\" content=\"index, follow, max-snippet:-1, max-image-preview:large, max-video-preview:-1\" \/>\n<link rel=\"canonical\" href=\"https:\/\/www.outdoors.ee\/et\/toode\/haix-commander-bundeswehr-gore-tex-saapad\/\" \/>\n<meta property=\"og:locale\" content=\"et_EE\" \/>\n<meta property=\"og:type\" content=\"article\" \/>\n<meta property=\"og:title\" content=\"HAIX Commander Bundeswehr Gore-Tex\u00ae saapad\" \/>\n<meta property=\"og:description\" content=\"Kaasaaegne Saksa Armee (Bundeswehr)\u00a0nn &quot;raske&quot;\u00a0lahingsaabas (Kampfstiefel Shwer), mille aluseks on Haix Commander GTX mudel. See on \u00fcks kahest t\u00e4nap\u00e4eva Saksa s\u00f5jav\u00e4e kombineeritud lahingsaapa mudelist, mis sisaldab kahe s\u00f5jav\u00e4e saapat\u00fc\u00fcbi omadusi (Boot Combat High Liability ja Boot Cold Wet Weather). Omadused: vetth\u00fclgav, hingav t\u00e4isnahk paksusega 2,5-2,7mm tugev kummirant varba- ning kannapiirkonnas kulumiskindla Gore-Tex\u00ae Extended Comfort 3-kihilise veekindla ja hingava laminaadiga vooder kombineeritud (kummi ja pol\u00fcuretaani segu), \u00f5li-, k\u00fctuse-, ja kuumuskindel (EN ISO 20347:2012), libisemiskindel, p\u00f5rutustneelav, VIBRAM patenteeritud mustriga v\u00e4listald anatoomilise kujuga, niiskustimav, pestav ja kiiresti kuivav sisetald Haix Climate System\u00a0 Haix 2-tsooniline paelas\u00fcsteem Kaal:\u00a01775g\/paar (suurus EU43) Seisukord: uued (kasutamata, v\u00f5ivad sisaldada hulgiladustamise j\u00e4lgi) uuev\u00e4\u00e4rsed (sisaldavad vaid minimaalseid kulumisj\u00e4lgi) kasutatud, Grade 1 (sisaldavad m\u00f5\u00f5dukaid kulumisj\u00e4lgi, kuid on s\u00e4ilitanud kasutusk\u00f5lblikkuse, ei sisalda m\u00e4rkimisv\u00e4\u00e4rseid vigastusi) NB! Piltidel 2-3 olevad saapad on &quot;uuev\u00e4\u00e4rses&quot; seisukorras\" \/>\n<meta property=\"og:url\" content=\"https:\/\/www.outdoors.ee\/et\/toode\/haix-commander-bundeswehr-gore-tex-saapad\/\" \/>\n<meta property=\"og:site_name\" content=\"Outdoors\" \/>\n<meta property=\"article:modified_time\" content=\"2026-01-12T18:41:58+00:00\" \/>\n<meta property=\"og:image\" content=\"https:\/\/www.outdoors.ee\/wp-content\/uploads\/2021\/08\/0858-Haix-Commander-Bundeswehr-Gore-Tex-Combat-Boots-1.png\" \/>\n\t<meta property=\"og:image:width\" content=\"1127\" \/>\n\t<meta property=\"og:image:height\" content=\"1214\" \/>\n\t<meta property=\"og:image:type\" content=\"image\/png\" \/>\n<meta name=\"twitter:card\" content=\"summary_large_image\" \/>\n<meta name=\"twitter:title\" content=\"HAIX Commander Bundeswehr Gore-Tex\u00ae saapad\" \/>\n<meta name=\"twitter:label1\" content=\"Est. reading time\" \/>\n\t<meta name=\"twitter:data1\" content=\"1 minut\" \/>\n<script type=\"application\/ld+json\" class=\"yoast-schema-graph\">{\"@context\":\"https:\/\/schema.org\",\"@graph\":[{\"@type\":\"WebPage\",\"@id\":\"https:\/\/www.outdoors.ee\/et\/toode\/haix-commander-bundeswehr-gore-tex-saapad\/\",\"url\":\"https:\/\/www.outdoors.ee\/et\/toode\/haix-commander-bundeswehr-gore-tex-saapad\/\",\"name\":\"HAIX Commander Bundeswehr Gore-Tex\u00ae saapad - outdoors.ee\",\"isPartOf\":{\"@id\":\"https:\/\/www.outdoors.ee\/#website\"},\"primaryImageOfPage\":{\"@id\":\"https:\/\/www.outdoors.ee\/et\/toode\/haix-commander-bundeswehr-gore-tex-saapad\/#primaryimage\"},\"image\":{\"@id\":\"https:\/\/www.outdoors.ee\/et\/toode\/haix-commander-bundeswehr-gore-tex-saapad\/#primaryimage\"},\"thumbnailUrl\":\"https:\/\/www.outdoors.ee\/wp-content\/uploads\/2021\/08\/0858-Haix-Commander-Bundeswehr-Gore-Tex-Combat-Boots-1.png\",\"datePublished\":\"2021-12-08T22:00:00+00:00\",\"dateModified\":\"2026-01-12T18:41:58+00:00\",\"description\":\"Kaasaaegne Saksa Armee (Bundeswehr)\u00a0nn \\\"raske\\\"\u00a0lahingsaabas (Kampfstiefel Shwer), mille aluseks on Haix Commander GTX mudel. See on \u00fcks kahest t\u00e4nap\u00e4eva Saksa s\u00f5jav\u00e4e kombineeritud lahingsaapa mudelist, mis sisaldab kahe s\u00f5jav\u00e4e saapat\u00fc\u00fcbi omadusi (Boot Combat High Liability ja Boot Cold Wet Weather). Omadused: vetth\u00fclgav, hingav t\u00e4isnahk paksusega 2,5-2,7mm tugev kummirant varba- ning kannapiirkonnas kulumiskindla Gore-Tex\u00ae Extended Comfort 3-kihilise veekindla ja hingava laminaadiga vooder kombineeritud (kummi ja pol\u00fcuretaani segu), \u00f5li-, k\u00fctuse-, ja kuumuskindel (EN ISO 20347:2012), libisemiskindel, p\u00f5rutustneelav, VIBRAM patenteeritud mustriga v\u00e4listald anatoomilise kujuga, niiskustimav, pestav ja kiiresti kuivav sisetald Haix Climate System\u00a0 Haix 2-tsooniline paelas\u00fcsteem Kaal:\u00a01775g\/paar (suurus EU43) Seisukord: uued (kasutamata, v\u00f5ivad sisaldada hulgiladustamise j\u00e4lgi) uuev\u00e4\u00e4rsed (sisaldavad vaid minimaalseid kulumisj\u00e4lgi) kasutatud, Grade 1 (sisaldavad m\u00f5\u00f5dukaid kulumisj\u00e4lgi, kuid on s\u00e4ilitanud kasutusk\u00f5lblikkuse, ei sisalda m\u00e4rkimisv\u00e4\u00e4rseid vigastusi) NB! Piltidel 2-3 olevad saapad on \\\"uuev\u00e4\u00e4rses\\\" seisukorras\",\"breadcrumb\":{\"@id\":\"https:\/\/www.outdoors.ee\/et\/toode\/haix-commander-bundeswehr-gore-tex-saapad\/#breadcrumb\"},\"inLanguage\":\"et\",\"potentialAction\":[{\"@type\":\"ReadAction\",\"target\":[\"https:\/\/www.outdoors.ee\/et\/toode\/haix-commander-bundeswehr-gore-tex-saapad\/\"]}]},{\"@type\":\"ImageObject\",\"inLanguage\":\"et\",\"@id\":\"https:\/\/www.outdoors.ee\/et\/toode\/haix-commander-bundeswehr-gore-tex-saapad\/#primaryimage\",\"url\":\"https:\/\/www.outdoors.ee\/wp-content\/uploads\/2021\/08\/0858-Haix-Commander-Bundeswehr-Gore-Tex-Combat-Boots-1.png\",\"contentUrl\":\"https:\/\/www.outdoors.ee\/wp-content\/uploads\/2021\/08\/0858-Haix-Commander-Bundeswehr-Gore-Tex-Combat-Boots-1.png\",\"width\":1127,\"height\":1214},{\"@type\":\"BreadcrumbList\",\"@id\":\"https:\/\/www.outdoors.ee\/et\/toode\/haix-commander-bundeswehr-gore-tex-saapad\/#breadcrumb\",\"itemListElement\":[{\"@type\":\"ListItem\",\"position\":1,\"name\":\"Home\",\"item\":\"https:\/\/www.outdoors.ee\/et\/\"},{\"@type\":\"ListItem\",\"position\":2,\"name\":\"Tooted\",\"item\":\"https:\/\/www.outdoors.ee\/products\/\"},{\"@type\":\"ListItem\",\"position\":3,\"name\":\"Haix\u00ae Commander GTX BW saapad\"}]},{\"@type\":\"WebSite\",\"@id\":\"https:\/\/www.outdoors.ee\/#website\",\"url\":\"https:\/\/www.outdoors.ee\/\",\"name\":\"Outdoors\",\"description\":\"Genuine military surplus and not only!\",\"potentialAction\":[{\"@type\":\"SearchAction\",\"target\":{\"@type\":\"EntryPoint\",\"urlTemplate\":\"https:\/\/www.outdoors.ee\/?s={search_term_string}\"},\"query-input\":{\"@type\":\"PropertyValueSpecification\",\"valueRequired\":true,\"valueName\":\"search_term_string\"}}],\"inLanguage\":\"et\"}]}<\/script>\n<!-- \/ Yoast SEO plugin. -->","yoast_head_json":{"title":"HAIX Commander Bundeswehr Gore-Tex\u00ae saapad - outdoors.ee","description":"Kaasaaegne Saksa Armee (Bundeswehr)\u00a0nn \"raske\"\u00a0lahingsaabas (Kampfstiefel Shwer), mille aluseks on Haix Commander GTX mudel. See on \u00fcks kahest t\u00e4nap\u00e4eva Saksa s\u00f5jav\u00e4e kombineeritud lahingsaapa mudelist, mis sisaldab kahe s\u00f5jav\u00e4e saapat\u00fc\u00fcbi omadusi (Boot Combat High Liability ja Boot Cold Wet Weather). Omadused: vetth\u00fclgav, hingav t\u00e4isnahk paksusega 2,5-2,7mm tugev kummirant varba- ning kannapiirkonnas kulumiskindla Gore-Tex\u00ae Extended Comfort 3-kihilise veekindla ja hingava laminaadiga vooder kombineeritud (kummi ja pol\u00fcuretaani segu), \u00f5li-, k\u00fctuse-, ja kuumuskindel (EN ISO 20347:2012), libisemiskindel, p\u00f5rutustneelav, VIBRAM patenteeritud mustriga v\u00e4listald anatoomilise kujuga, niiskustimav, pestav ja kiiresti kuivav sisetald Haix Climate System\u00a0 Haix 2-tsooniline paelas\u00fcsteem Kaal:\u00a01775g\/paar (suurus EU43) Seisukord: uued (kasutamata, v\u00f5ivad sisaldada hulgiladustamise j\u00e4lgi) uuev\u00e4\u00e4rsed (sisaldavad vaid minimaalseid kulumisj\u00e4lgi) kasutatud, Grade 1 (sisaldavad m\u00f5\u00f5dukaid kulumisj\u00e4lgi, kuid on s\u00e4ilitanud kasutusk\u00f5lblikkuse, ei sisalda m\u00e4rkimisv\u00e4\u00e4rseid vigastusi) NB! Piltidel 2-3 olevad saapad on \"uuev\u00e4\u00e4rses\" seisukorras","robots":{"index":"index","follow":"follow","max-snippet":"max-snippet:-1","max-image-preview":"max-image-preview:large","max-video-preview":"max-video-preview:-1"},"canonical":"https:\/\/www.outdoors.ee\/et\/toode\/haix-commander-bundeswehr-gore-tex-saapad\/","og_locale":"et_EE","og_type":"article","og_title":"HAIX Commander Bundeswehr Gore-Tex\u00ae saapad","og_description":"Kaasaaegne Saksa Armee (Bundeswehr)\u00a0nn \"raske\"\u00a0lahingsaabas (Kampfstiefel Shwer), mille aluseks on Haix Commander GTX mudel. See on \u00fcks kahest t\u00e4nap\u00e4eva Saksa s\u00f5jav\u00e4e kombineeritud lahingsaapa mudelist, mis sisaldab kahe s\u00f5jav\u00e4e saapat\u00fc\u00fcbi omadusi (Boot Combat High Liability ja Boot Cold Wet Weather). Omadused: vetth\u00fclgav, hingav t\u00e4isnahk paksusega 2,5-2,7mm tugev kummirant varba- ning kannapiirkonnas kulumiskindla Gore-Tex\u00ae Extended Comfort 3-kihilise veekindla ja hingava laminaadiga vooder kombineeritud (kummi ja pol\u00fcuretaani segu), \u00f5li-, k\u00fctuse-, ja kuumuskindel (EN ISO 20347:2012), libisemiskindel, p\u00f5rutustneelav, VIBRAM patenteeritud mustriga v\u00e4listald anatoomilise kujuga, niiskustimav, pestav ja kiiresti kuivav sisetald Haix Climate System\u00a0 Haix 2-tsooniline paelas\u00fcsteem Kaal:\u00a01775g\/paar (suurus EU43) Seisukord: uued (kasutamata, v\u00f5ivad sisaldada hulgiladustamise j\u00e4lgi) uuev\u00e4\u00e4rsed (sisaldavad vaid minimaalseid kulumisj\u00e4lgi) kasutatud, Grade 1 (sisaldavad m\u00f5\u00f5dukaid kulumisj\u00e4lgi, kuid on s\u00e4ilitanud kasutusk\u00f5lblikkuse, ei sisalda m\u00e4rkimisv\u00e4\u00e4rseid vigastusi) NB! Piltidel 2-3 olevad saapad on \"uuev\u00e4\u00e4rses\" seisukorras","og_url":"https:\/\/www.outdoors.ee\/et\/toode\/haix-commander-bundeswehr-gore-tex-saapad\/","og_site_name":"Outdoors","article_modified_time":"2026-01-12T18:41:58+00:00","og_image":[{"width":1127,"height":1214,"url":"https:\/\/www.outdoors.ee\/wp-content\/uploads\/2021\/08\/0858-Haix-Commander-Bundeswehr-Gore-Tex-Combat-Boots-1.png","type":"image\/png"}],"twitter_card":"summary_large_image","twitter_title":"HAIX Commander Bundeswehr Gore-Tex\u00ae saapad","twitter_misc":{"Est. reading time":"1 minut"},"schema":{"@context":"https:\/\/schema.org","@graph":[{"@type":"WebPage","@id":"https:\/\/www.outdoors.ee\/et\/toode\/haix-commander-bundeswehr-gore-tex-saapad\/","url":"https:\/\/www.outdoors.ee\/et\/toode\/haix-commander-bundeswehr-gore-tex-saapad\/","name":"HAIX Commander Bundeswehr Gore-Tex\u00ae saapad - outdoors.ee","isPartOf":{"@id":"https:\/\/www.outdoors.ee\/#website"},"primaryImageOfPage":{"@id":"https:\/\/www.outdoors.ee\/et\/toode\/haix-commander-bundeswehr-gore-tex-saapad\/#primaryimage"},"image":{"@id":"https:\/\/www.outdoors.ee\/et\/toode\/haix-commander-bundeswehr-gore-tex-saapad\/#primaryimage"},"thumbnailUrl":"https:\/\/www.outdoors.ee\/wp-content\/uploads\/2021\/08\/0858-Haix-Commander-Bundeswehr-Gore-Tex-Combat-Boots-1.png","datePublished":"2021-12-08T22:00:00+00:00","dateModified":"2026-01-12T18:41:58+00:00","description":"Kaasaaegne Saksa Armee (Bundeswehr)\u00a0nn \"raske\"\u00a0lahingsaabas (Kampfstiefel Shwer), mille aluseks on Haix Commander GTX mudel. See on \u00fcks kahest t\u00e4nap\u00e4eva Saksa s\u00f5jav\u00e4e kombineeritud lahingsaapa mudelist, mis sisaldab kahe s\u00f5jav\u00e4e saapat\u00fc\u00fcbi omadusi (Boot Combat High Liability ja Boot Cold Wet Weather). Omadused: vetth\u00fclgav, hingav t\u00e4isnahk paksusega 2,5-2,7mm tugev kummirant varba- ning kannapiirkonnas kulumiskindla Gore-Tex\u00ae Extended Comfort 3-kihilise veekindla ja hingava laminaadiga vooder kombineeritud (kummi ja pol\u00fcuretaani segu), \u00f5li-, k\u00fctuse-, ja kuumuskindel (EN ISO 20347:2012), libisemiskindel, p\u00f5rutustneelav, VIBRAM patenteeritud mustriga v\u00e4listald anatoomilise kujuga, niiskustimav, pestav ja kiiresti kuivav sisetald Haix Climate System\u00a0 Haix 2-tsooniline paelas\u00fcsteem Kaal:\u00a01775g\/paar (suurus EU43) Seisukord: uued (kasutamata, v\u00f5ivad sisaldada hulgiladustamise j\u00e4lgi) uuev\u00e4\u00e4rsed (sisaldavad vaid minimaalseid kulumisj\u00e4lgi) kasutatud, Grade 1 (sisaldavad m\u00f5\u00f5dukaid kulumisj\u00e4lgi, kuid on s\u00e4ilitanud kasutusk\u00f5lblikkuse, ei sisalda m\u00e4rkimisv\u00e4\u00e4rseid vigastusi) NB! Piltidel 2-3 olevad saapad on \"uuev\u00e4\u00e4rses\" seisukorras","breadcrumb":{"@id":"https:\/\/www.outdoors.ee\/et\/toode\/haix-commander-bundeswehr-gore-tex-saapad\/#breadcrumb"},"inLanguage":"et","potentialAction":[{"@type":"ReadAction","target":["https:\/\/www.outdoors.ee\/et\/toode\/haix-commander-bundeswehr-gore-tex-saapad\/"]}]},{"@type":"ImageObject","inLanguage":"et","@id":"https:\/\/www.outdoors.ee\/et\/toode\/haix-commander-bundeswehr-gore-tex-saapad\/#primaryimage","url":"https:\/\/www.outdoors.ee\/wp-content\/uploads\/2021\/08\/0858-Haix-Commander-Bundeswehr-Gore-Tex-Combat-Boots-1.png","contentUrl":"https:\/\/www.outdoors.ee\/wp-content\/uploads\/2021\/08\/0858-Haix-Commander-Bundeswehr-Gore-Tex-Combat-Boots-1.png","width":1127,"height":1214},{"@type":"BreadcrumbList","@id":"https:\/\/www.outdoors.ee\/et\/toode\/haix-commander-bundeswehr-gore-tex-saapad\/#breadcrumb","itemListElement":[{"@type":"ListItem","position":1,"name":"Home","item":"https:\/\/www.outdoors.ee\/et\/"},{"@type":"ListItem","position":2,"name":"Tooted","item":"https:\/\/www.outdoors.ee\/products\/"},{"@type":"ListItem","position":3,"name":"Haix\u00ae Commander GTX BW saapad"}]},{"@type":"WebSite","@id":"https:\/\/www.outdoors.ee\/#website","url":"https:\/\/www.outdoors.ee\/","name":"Outdoors","description":"Genuine military surplus and not only!","potentialAction":[{"@type":"SearchAction","target":{"@type":"EntryPoint","urlTemplate":"https:\/\/www.outdoors.ee\/?s={search_term_string}"},"query-input":{"@type":"PropertyValueSpecification","valueRequired":true,"valueName":"search_term_string"}}],"inLanguage":"et"}]}},"_links":{"self":[{"href":"https:\/\/www.outdoors.ee\/et\/wp-json\/wp\/v2\/product\/60370","targetHints":{"allow":["GET"]}}],"collection":[{"href":"https:\/\/www.outdoors.ee\/et\/wp-json\/wp\/v2\/product"}],"about":[{"href":"https:\/\/www.outdoors.ee\/et\/wp-json\/wp\/v2\/types\/product"}],"wp:featuredmedia":[{"embeddable":true,"href":"https:\/\/www.outdoors.ee\/et\/wp-json\/wp\/v2\/media\/9659"}],"wp:attachment":[{"href":"https:\/\/www.outdoors.ee\/et\/wp-json\/wp\/v2\/media?parent=60370"}],"wp:term":[{"taxonomy":"product_brand","embeddable":true,"href":"https:\/\/www.outdoors.ee\/et\/wp-json\/wp\/v2\/product_brand?post=60370"},{"taxonomy":"product_cat","embeddable":true,"href":"https:\/\/www.outdoors.ee\/et\/wp-json\/wp\/v2\/product_cat?post=60370"},{"taxonomy":"product_tag","embeddable":true,"href":"https:\/\/www.outdoors.ee\/et\/wp-json\/wp\/v2\/product_tag?post=60370"}],"curies":[{"name":"wp","href":"https:\/\/api.w.org\/{rel}","templated":true}]}}