{"id":60361,"date":"2021-12-09T00:00:00","date_gmt":"2021-12-09T00:00:00","guid":{"rendered":"https:\/\/www.outdoors.ee\/product\/karrimor-sf-saapad-cold-wet-weather-male-combat\/"},"modified":"2025-09-02T15:30:07","modified_gmt":"2025-09-02T12:30:07","slug":"karrimor-sf-saapad-cold-wet-weather-male-combat","status":"publish","type":"product","link":"https:\/\/www.outdoors.ee\/et\/toode\/karrimor-sf-saapad-cold-wet-weather-male-combat\/","title":{"rendered":"Karrimor\u00ae SF saapad Cold Wet Weather Male Combat"},"content":{"rendered":"<p><strong>Omadused<\/strong>:<\/p>\n<ul>\n<li>Briti s\u00f5jav\u00e4e originaal<\/li>\n<li>vetth\u00fclgavast t\u00e4isnahast pealne<\/li>\n<li>Cambrelle\u00ae\u00a0membraaniga vooder veekindluse ning hingavuse tagamiseks<\/li>\n<li>soojapidav Thinsulate 3M vooder<\/li>\n<li>Vibram v\u00f5i Defender libisemisvastane ning p\u00f5rutust neelav v\u00e4listald<\/li>\n<li>9 aasaga fikseeruv paelas\u00fcsteem<\/li>\n<li>vastupidav kummirant<\/li>\n<li>tootja logo v\u00f5ib saapal puududa<\/li>\n<\/ul>\n<p><strong>Laius<\/strong>: M &#8211; tavaline; W &#8211; lai<\/p>\n<p><strong>Seisukord<\/strong>:<\/p>\n<ul>\n<li>uus (ilma originaalkarbita, v\u00f5ivad sisaldada hulgiladustamise j\u00e4lgi)<\/li>\n<li>uuev\u00e4\u00e4rne (sisaldavad kergeid kulumisj\u00e4lgi)<\/li>\n<li>kasutatud, Grade 1 (sisaldavad m\u00f5\u00f5dukaid kulumisj\u00e4lgi, v\u00f5ivad sisaldada v\u00e4iksemaid vigastusi)<\/li>\n<\/ul>\n","protected":false},"excerpt":{"rendered":"<p>Briti Armee Karrimor\u00ae SF saapad Cold Wet Weather Male Combat, pruun<\/p>\n","protected":false},"featured_media":18137,"template":"","meta":[],"product_brand":[],"product_cat":[70],"product_tag":[],"class_list":{"0":"post-60361","1":"product","2":"type-product","3":"status-publish","4":"has-post-thumbnail","6":"product_cat-jalanoud","7":"pa_brand-british-military-surplus","8":"pa_brand-karrimor-2","9":"pa_condition-uuevaarne","10":"pa_condition-uus","11":"pa_size-uk-10l-2","12":"pa_size-uk-10m-2","13":"pa_size-uk-10w-2","14":"pa_size-uk-11l-3","15":"pa_size-uk-11m-2","16":"pa_size-uk-12l-2","17":"pa_size-uk-12m-2","18":"pa_size-uk-12w-3","19":"pa_size-uk-13l-2","20":"pa_size-uk-13m-2","21":"pa_size-uk-14l-3","22":"pa_size-uk-14m-3","23":"pa_size-uk-5w-2","24":"pa_size-uk-6l-2","25":"pa_size-uk-6m-2","26":"pa_size-uk-6w-2","27":"pa_size-uk-7l-2","28":"pa_size-uk-7m-2","29":"pa_size-uk-7w-2","30":"pa_size-uk-8l-2","31":"pa_size-uk-8m-2","32":"pa_size-uk-9l-2","33":"pa_size-uk-9m-2","34":"pa_size-uk-9w-2","36":"first","37":"instock","38":"taxable","39":"shipping-taxable","40":"purchasable","41":"product-type-variable"},"yoast_head":"<!-- This site is optimized with the Yoast SEO plugin v27.2 - https:\/\/yoast.com\/product\/yoast-seo-wordpress\/ -->\n<title>KARRIMOR SF saapad Cold Wet Weather Male Combat - outdoors.ee<\/title>\n<meta name=\"description\" content=\"Originaalsed Briti s\u00f5jav\u00e4e k\u00fclma ja niiske ilmastiku saapad Gore-Tex voodriga. Ideaalselt sobivad Eesti kliima tingimustesse, k\u00f5ikv\u00f5imalikeks v\u00e4li\u00fcritusteks. Omadused: vetth\u00fclgavast t\u00e4isnahast pealne Cambrelle\u00ae\u00a0membraaniga vooder veekindluse ning hingavuse tagamiseks soojapidav Thinsulate 3M vooder Vibram libisemiskindel ning p\u00f5rutust neelav v\u00e4listald\u00a0 9 aasaga fikseeruv paelas\u00fcsteem vastupidav kummirant\u00a0 Defender libisemisvastane v\u00e4listald, ummistumisvastase mustriga Saapa liist: M - tavaline; W - lai NB! V\u00f5ivad olla ilma tootja logota saapal.\u00a0 Seisukord: uued (v\u00f5ivad sisaldada hulgiladustamise j\u00e4lgi) uuev\u00e4\u00e4rsed (sisaldavad minimaalseid kulumisj\u00e4lgi) kasutatud, Grade 1 (sisaldavad kulumisj\u00e4lgi, kuid on s\u00e4ilitanud kasutusk\u00f5lblikkuse, ei sisalda m\u00e4rkimisv\u00e4\u00e4rseid vigastusi)\" \/>\n<meta name=\"robots\" content=\"index, follow, max-snippet:-1, max-image-preview:large, max-video-preview:-1\" \/>\n<link rel=\"canonical\" href=\"https:\/\/www.outdoors.ee\/et\/toode\/karrimor-sf-saapad-cold-wet-weather-male-combat\/\" \/>\n<meta property=\"og:locale\" content=\"et_EE\" \/>\n<meta property=\"og:type\" content=\"article\" \/>\n<meta property=\"og:title\" content=\"KARRIMOR SF saapad Cold Wet Weather Male Combat\" \/>\n<meta property=\"og:description\" content=\"Originaalsed Briti s\u00f5jav\u00e4e k\u00fclma ja niiske ilmastiku saapad Gore-Tex voodriga. Ideaalselt sobivad Eesti kliima tingimustesse, k\u00f5ikv\u00f5imalikeks v\u00e4li\u00fcritusteks. Omadused: vetth\u00fclgavast t\u00e4isnahast pealne Cambrelle\u00ae\u00a0membraaniga vooder veekindluse ning hingavuse tagamiseks soojapidav Thinsulate 3M vooder Vibram libisemiskindel ning p\u00f5rutust neelav v\u00e4listald\u00a0 9 aasaga fikseeruv paelas\u00fcsteem vastupidav kummirant\u00a0 Defender libisemisvastane v\u00e4listald, ummistumisvastase mustriga Saapa liist: M - tavaline; W - lai NB! V\u00f5ivad olla ilma tootja logota saapal.\u00a0 Seisukord: uued (v\u00f5ivad sisaldada hulgiladustamise j\u00e4lgi) uuev\u00e4\u00e4rsed (sisaldavad minimaalseid kulumisj\u00e4lgi) kasutatud, Grade 1 (sisaldavad kulumisj\u00e4lgi, kuid on s\u00e4ilitanud kasutusk\u00f5lblikkuse, ei sisalda m\u00e4rkimisv\u00e4\u00e4rseid vigastusi)\" \/>\n<meta property=\"og:url\" content=\"https:\/\/www.outdoors.ee\/et\/toode\/karrimor-sf-saapad-cold-wet-weather-male-combat\/\" \/>\n<meta property=\"og:site_name\" content=\"Outdoors\" \/>\n<meta property=\"article:modified_time\" content=\"2025-09-02T12:30:07+00:00\" \/>\n<meta property=\"og:image\" content=\"https:\/\/www.outdoors.ee\/wp-content\/uploads\/2021\/09\/0856-British-Army-Karrimor-SF-Cold-Wet-Weather-Boots.png\" \/>\n\t<meta property=\"og:image:width\" content=\"514\" \/>\n\t<meta property=\"og:image:height\" content=\"455\" \/>\n\t<meta property=\"og:image:type\" content=\"image\/png\" \/>\n<meta name=\"twitter:card\" content=\"summary_large_image\" \/>\n<meta name=\"twitter:title\" content=\"KARRIMOR SF saapad Cold Wet Weather Male Combat\" \/>\n<meta name=\"twitter:label1\" content=\"Est. reading time\" \/>\n\t<meta name=\"twitter:data1\" content=\"1 minut\" \/>\n<script type=\"application\/ld+json\" class=\"yoast-schema-graph\">{\"@context\":\"https:\/\/schema.org\",\"@graph\":[{\"@type\":\"WebPage\",\"@id\":\"https:\/\/www.outdoors.ee\/et\/toode\/karrimor-sf-saapad-cold-wet-weather-male-combat\/\",\"url\":\"https:\/\/www.outdoors.ee\/et\/toode\/karrimor-sf-saapad-cold-wet-weather-male-combat\/\",\"name\":\"KARRIMOR SF saapad Cold Wet Weather Male Combat - outdoors.ee\",\"isPartOf\":{\"@id\":\"https:\/\/www.outdoors.ee\/#website\"},\"primaryImageOfPage\":{\"@id\":\"https:\/\/www.outdoors.ee\/et\/toode\/karrimor-sf-saapad-cold-wet-weather-male-combat\/#primaryimage\"},\"image\":{\"@id\":\"https:\/\/www.outdoors.ee\/et\/toode\/karrimor-sf-saapad-cold-wet-weather-male-combat\/#primaryimage\"},\"thumbnailUrl\":\"https:\/\/www.outdoors.ee\/wp-content\/uploads\/2021\/09\/0856-British-Army-Karrimor-SF-Cold-Wet-Weather-Boots.png\",\"datePublished\":\"2021-12-09T00:00:00+00:00\",\"dateModified\":\"2025-09-02T12:30:07+00:00\",\"description\":\"Originaalsed Briti s\u00f5jav\u00e4e k\u00fclma ja niiske ilmastiku saapad Gore-Tex voodriga. Ideaalselt sobivad Eesti kliima tingimustesse, k\u00f5ikv\u00f5imalikeks v\u00e4li\u00fcritusteks. Omadused: vetth\u00fclgavast t\u00e4isnahast pealne Cambrelle\u00ae\u00a0membraaniga vooder veekindluse ning hingavuse tagamiseks soojapidav Thinsulate 3M vooder Vibram libisemiskindel ning p\u00f5rutust neelav v\u00e4listald\u00a0 9 aasaga fikseeruv paelas\u00fcsteem vastupidav kummirant\u00a0 Defender libisemisvastane v\u00e4listald, ummistumisvastase mustriga Saapa liist: M - tavaline; W - lai NB! V\u00f5ivad olla ilma tootja logota saapal.\u00a0 Seisukord: uued (v\u00f5ivad sisaldada hulgiladustamise j\u00e4lgi) uuev\u00e4\u00e4rsed (sisaldavad minimaalseid kulumisj\u00e4lgi) kasutatud, Grade 1 (sisaldavad kulumisj\u00e4lgi, kuid on s\u00e4ilitanud kasutusk\u00f5lblikkuse, ei sisalda m\u00e4rkimisv\u00e4\u00e4rseid vigastusi)\",\"breadcrumb\":{\"@id\":\"https:\/\/www.outdoors.ee\/et\/toode\/karrimor-sf-saapad-cold-wet-weather-male-combat\/#breadcrumb\"},\"inLanguage\":\"et\",\"potentialAction\":[{\"@type\":\"ReadAction\",\"target\":[\"https:\/\/www.outdoors.ee\/et\/toode\/karrimor-sf-saapad-cold-wet-weather-male-combat\/\"]}]},{\"@type\":\"ImageObject\",\"inLanguage\":\"et\",\"@id\":\"https:\/\/www.outdoors.ee\/et\/toode\/karrimor-sf-saapad-cold-wet-weather-male-combat\/#primaryimage\",\"url\":\"https:\/\/www.outdoors.ee\/wp-content\/uploads\/2021\/09\/0856-British-Army-Karrimor-SF-Cold-Wet-Weather-Boots.png\",\"contentUrl\":\"https:\/\/www.outdoors.ee\/wp-content\/uploads\/2021\/09\/0856-British-Army-Karrimor-SF-Cold-Wet-Weather-Boots.png\",\"width\":514,\"height\":455},{\"@type\":\"BreadcrumbList\",\"@id\":\"https:\/\/www.outdoors.ee\/et\/toode\/karrimor-sf-saapad-cold-wet-weather-male-combat\/#breadcrumb\",\"itemListElement\":[{\"@type\":\"ListItem\",\"position\":1,\"name\":\"Home\",\"item\":\"https:\/\/www.outdoors.ee\/et\/\"},{\"@type\":\"ListItem\",\"position\":2,\"name\":\"Tooted\",\"item\":\"https:\/\/www.outdoors.ee\/products\/\"},{\"@type\":\"ListItem\",\"position\":3,\"name\":\"Karrimor\u00ae SF saapad Cold Wet Weather Male Combat\"}]},{\"@type\":\"WebSite\",\"@id\":\"https:\/\/www.outdoors.ee\/#website\",\"url\":\"https:\/\/www.outdoors.ee\/\",\"name\":\"Outdoors\",\"description\":\"Genuine military surplus and not only!\",\"potentialAction\":[{\"@type\":\"SearchAction\",\"target\":{\"@type\":\"EntryPoint\",\"urlTemplate\":\"https:\/\/www.outdoors.ee\/?s={search_term_string}\"},\"query-input\":{\"@type\":\"PropertyValueSpecification\",\"valueRequired\":true,\"valueName\":\"search_term_string\"}}],\"inLanguage\":\"et\"}]}<\/script>\n<!-- \/ Yoast SEO plugin. -->","yoast_head_json":{"title":"KARRIMOR SF saapad Cold Wet Weather Male Combat - outdoors.ee","description":"Originaalsed Briti s\u00f5jav\u00e4e k\u00fclma ja niiske ilmastiku saapad Gore-Tex voodriga. Ideaalselt sobivad Eesti kliima tingimustesse, k\u00f5ikv\u00f5imalikeks v\u00e4li\u00fcritusteks. Omadused: vetth\u00fclgavast t\u00e4isnahast pealne Cambrelle\u00ae\u00a0membraaniga vooder veekindluse ning hingavuse tagamiseks soojapidav Thinsulate 3M vooder Vibram libisemiskindel ning p\u00f5rutust neelav v\u00e4listald\u00a0 9 aasaga fikseeruv paelas\u00fcsteem vastupidav kummirant\u00a0 Defender libisemisvastane v\u00e4listald, ummistumisvastase mustriga Saapa liist: M - tavaline; W - lai NB! V\u00f5ivad olla ilma tootja logota saapal.\u00a0 Seisukord: uued (v\u00f5ivad sisaldada hulgiladustamise j\u00e4lgi) uuev\u00e4\u00e4rsed (sisaldavad minimaalseid kulumisj\u00e4lgi) kasutatud, Grade 1 (sisaldavad kulumisj\u00e4lgi, kuid on s\u00e4ilitanud kasutusk\u00f5lblikkuse, ei sisalda m\u00e4rkimisv\u00e4\u00e4rseid vigastusi)","robots":{"index":"index","follow":"follow","max-snippet":"max-snippet:-1","max-image-preview":"max-image-preview:large","max-video-preview":"max-video-preview:-1"},"canonical":"https:\/\/www.outdoors.ee\/et\/toode\/karrimor-sf-saapad-cold-wet-weather-male-combat\/","og_locale":"et_EE","og_type":"article","og_title":"KARRIMOR SF saapad Cold Wet Weather Male Combat","og_description":"Originaalsed Briti s\u00f5jav\u00e4e k\u00fclma ja niiske ilmastiku saapad Gore-Tex voodriga. Ideaalselt sobivad Eesti kliima tingimustesse, k\u00f5ikv\u00f5imalikeks v\u00e4li\u00fcritusteks. Omadused: vetth\u00fclgavast t\u00e4isnahast pealne Cambrelle\u00ae\u00a0membraaniga vooder veekindluse ning hingavuse tagamiseks soojapidav Thinsulate 3M vooder Vibram libisemiskindel ning p\u00f5rutust neelav v\u00e4listald\u00a0 9 aasaga fikseeruv paelas\u00fcsteem vastupidav kummirant\u00a0 Defender libisemisvastane v\u00e4listald, ummistumisvastase mustriga Saapa liist: M - tavaline; W - lai NB! V\u00f5ivad olla ilma tootja logota saapal.\u00a0 Seisukord: uued (v\u00f5ivad sisaldada hulgiladustamise j\u00e4lgi) uuev\u00e4\u00e4rsed (sisaldavad minimaalseid kulumisj\u00e4lgi) kasutatud, Grade 1 (sisaldavad kulumisj\u00e4lgi, kuid on s\u00e4ilitanud kasutusk\u00f5lblikkuse, ei sisalda m\u00e4rkimisv\u00e4\u00e4rseid vigastusi)","og_url":"https:\/\/www.outdoors.ee\/et\/toode\/karrimor-sf-saapad-cold-wet-weather-male-combat\/","og_site_name":"Outdoors","article_modified_time":"2025-09-02T12:30:07+00:00","og_image":[{"width":514,"height":455,"url":"https:\/\/www.outdoors.ee\/wp-content\/uploads\/2021\/09\/0856-British-Army-Karrimor-SF-Cold-Wet-Weather-Boots.png","type":"image\/png"}],"twitter_card":"summary_large_image","twitter_title":"KARRIMOR SF saapad Cold Wet Weather Male Combat","twitter_misc":{"Est. reading time":"1 minut"},"schema":{"@context":"https:\/\/schema.org","@graph":[{"@type":"WebPage","@id":"https:\/\/www.outdoors.ee\/et\/toode\/karrimor-sf-saapad-cold-wet-weather-male-combat\/","url":"https:\/\/www.outdoors.ee\/et\/toode\/karrimor-sf-saapad-cold-wet-weather-male-combat\/","name":"KARRIMOR SF saapad Cold Wet Weather Male Combat - outdoors.ee","isPartOf":{"@id":"https:\/\/www.outdoors.ee\/#website"},"primaryImageOfPage":{"@id":"https:\/\/www.outdoors.ee\/et\/toode\/karrimor-sf-saapad-cold-wet-weather-male-combat\/#primaryimage"},"image":{"@id":"https:\/\/www.outdoors.ee\/et\/toode\/karrimor-sf-saapad-cold-wet-weather-male-combat\/#primaryimage"},"thumbnailUrl":"https:\/\/www.outdoors.ee\/wp-content\/uploads\/2021\/09\/0856-British-Army-Karrimor-SF-Cold-Wet-Weather-Boots.png","datePublished":"2021-12-09T00:00:00+00:00","dateModified":"2025-09-02T12:30:07+00:00","description":"Originaalsed Briti s\u00f5jav\u00e4e k\u00fclma ja niiske ilmastiku saapad Gore-Tex voodriga. Ideaalselt sobivad Eesti kliima tingimustesse, k\u00f5ikv\u00f5imalikeks v\u00e4li\u00fcritusteks. Omadused: vetth\u00fclgavast t\u00e4isnahast pealne Cambrelle\u00ae\u00a0membraaniga vooder veekindluse ning hingavuse tagamiseks soojapidav Thinsulate 3M vooder Vibram libisemiskindel ning p\u00f5rutust neelav v\u00e4listald\u00a0 9 aasaga fikseeruv paelas\u00fcsteem vastupidav kummirant\u00a0 Defender libisemisvastane v\u00e4listald, ummistumisvastase mustriga Saapa liist: M - tavaline; W - lai NB! V\u00f5ivad olla ilma tootja logota saapal.\u00a0 Seisukord: uued (v\u00f5ivad sisaldada hulgiladustamise j\u00e4lgi) uuev\u00e4\u00e4rsed (sisaldavad minimaalseid kulumisj\u00e4lgi) kasutatud, Grade 1 (sisaldavad kulumisj\u00e4lgi, kuid on s\u00e4ilitanud kasutusk\u00f5lblikkuse, ei sisalda m\u00e4rkimisv\u00e4\u00e4rseid vigastusi)","breadcrumb":{"@id":"https:\/\/www.outdoors.ee\/et\/toode\/karrimor-sf-saapad-cold-wet-weather-male-combat\/#breadcrumb"},"inLanguage":"et","potentialAction":[{"@type":"ReadAction","target":["https:\/\/www.outdoors.ee\/et\/toode\/karrimor-sf-saapad-cold-wet-weather-male-combat\/"]}]},{"@type":"ImageObject","inLanguage":"et","@id":"https:\/\/www.outdoors.ee\/et\/toode\/karrimor-sf-saapad-cold-wet-weather-male-combat\/#primaryimage","url":"https:\/\/www.outdoors.ee\/wp-content\/uploads\/2021\/09\/0856-British-Army-Karrimor-SF-Cold-Wet-Weather-Boots.png","contentUrl":"https:\/\/www.outdoors.ee\/wp-content\/uploads\/2021\/09\/0856-British-Army-Karrimor-SF-Cold-Wet-Weather-Boots.png","width":514,"height":455},{"@type":"BreadcrumbList","@id":"https:\/\/www.outdoors.ee\/et\/toode\/karrimor-sf-saapad-cold-wet-weather-male-combat\/#breadcrumb","itemListElement":[{"@type":"ListItem","position":1,"name":"Home","item":"https:\/\/www.outdoors.ee\/et\/"},{"@type":"ListItem","position":2,"name":"Tooted","item":"https:\/\/www.outdoors.ee\/products\/"},{"@type":"ListItem","position":3,"name":"Karrimor\u00ae SF saapad Cold Wet Weather Male Combat"}]},{"@type":"WebSite","@id":"https:\/\/www.outdoors.ee\/#website","url":"https:\/\/www.outdoors.ee\/","name":"Outdoors","description":"Genuine military surplus and not only!","potentialAction":[{"@type":"SearchAction","target":{"@type":"EntryPoint","urlTemplate":"https:\/\/www.outdoors.ee\/?s={search_term_string}"},"query-input":{"@type":"PropertyValueSpecification","valueRequired":true,"valueName":"search_term_string"}}],"inLanguage":"et"}]}},"_links":{"self":[{"href":"https:\/\/www.outdoors.ee\/et\/wp-json\/wp\/v2\/product\/60361","targetHints":{"allow":["GET"]}}],"collection":[{"href":"https:\/\/www.outdoors.ee\/et\/wp-json\/wp\/v2\/product"}],"about":[{"href":"https:\/\/www.outdoors.ee\/et\/wp-json\/wp\/v2\/types\/product"}],"wp:featuredmedia":[{"embeddable":true,"href":"https:\/\/www.outdoors.ee\/et\/wp-json\/wp\/v2\/media\/18137"}],"wp:attachment":[{"href":"https:\/\/www.outdoors.ee\/et\/wp-json\/wp\/v2\/media?parent=60361"}],"wp:term":[{"taxonomy":"product_brand","embeddable":true,"href":"https:\/\/www.outdoors.ee\/et\/wp-json\/wp\/v2\/product_brand?post=60361"},{"taxonomy":"product_cat","embeddable":true,"href":"https:\/\/www.outdoors.ee\/et\/wp-json\/wp\/v2\/product_cat?post=60361"},{"taxonomy":"product_tag","embeddable":true,"href":"https:\/\/www.outdoors.ee\/et\/wp-json\/wp\/v2\/product_tag?post=60361"}],"curies":[{"name":"wp","href":"https:\/\/api.w.org\/{rel}","templated":true}]}}