{"id":60282,"date":"2021-12-09T00:00:00","date_gmt":"2021-12-09T00:00:00","guid":{"rendered":"https:\/\/www.outdoors.ee\/product\/haix-hollandi-armee-gore-tex-saapad-black\/"},"modified":"2025-09-02T14:39:18","modified_gmt":"2025-09-02T11:39:18","slug":"haix-hollandi-armee-gore-tex-saapad-black","status":"publish","type":"product","link":"https:\/\/www.outdoors.ee\/et\/toode\/haix-hollandi-armee-gore-tex-saapad-black\/","title":{"rendered":"Hollandi Armee Haix\u00ae Gore-Tex\u00ae saapad Black"},"content":{"rendered":"<p style=\"text-align: justify;\">Hollandi s\u00f5jav\u00e4e t\u00e4isnahast lahingsaapad mainekalt jalatsitootjalt Haix.<\/p>\n<p style=\"text-align: justify;\">Mudeli poolest v\u00e4ga sarnased Haix Nepal Pro saabastega, kuid need saapad on t\u00e4isnahast pealsega. Kummist esi- ja tagaosad annavad saapale hea kulumiskindluse ja vastupidavuse intensiivseks aastaringseks kasutuseks. Saapad on varustatud anatoomilise kujuga, vahetatava, pestava\u00a0 ning kiiresti kuivava sisetallaga, mis viib niiskuse jalanahast eemale. Libisemiskindel, \u00f5likindel tald p\u00f5rutust neelavate omadustega. Kiire paelas\u00fcsteem spetsiaalse stopperiga ning &#8220;sun reflect&#8221; s\u00fcsteem, mis v\u00e4hendab jala \u00fclekuumenemist p\u00e4ikese k\u00e4es.<\/p>\n<p style=\"text-align: justify;\">Saapad on varustatud 3-kihilise Gore-Tex membraaniga, mis teeb neid vetth\u00fclgavateks ning hingavateks.<\/p>\n<p style=\"text-align: justify;\"><strong>Sertifikaat: <\/strong>EN ISO 20347: 2012 O2 HRO HI CI WR FO SRC<\/p>\n<p><strong>Lauis:<\/strong> S &#8211; kitsas, M &#8211; tavaline, B\u00a0 -lai<\/p>\n<p><strong>Seisukord:<\/strong><\/p>\n<ul>\n<li>uued (ilma originaalkarbita, v\u00f5ivad sisaldada hulgiladustamise j\u00e4lgi)<\/li>\n<li>uuev\u00e4\u00e4rsed (sisaldavad kergeid kulumisj\u00e4lgi)<\/li>\n<li>kasutatud, Grade 1 (sisaldavad m\u00f5\u00f5dukaid kulumisj\u00e4lgi, v\u00f5ivad sisaldada v\u00e4iksemaid vigastusi)<\/li>\n<\/ul>\n","protected":false},"excerpt":{"rendered":"<p>Hollandi Armee Haix\u00ae &#8220;Laars Gevecht Natweer&#8221; Gore-Tex\u00ae saapad, must<\/p>\n","protected":false},"featured_media":64258,"template":"","meta":[],"product_brand":[],"product_cat":[70],"product_tag":[],"class_list":{"0":"post-60282","1":"product","2":"type-product","3":"status-publish","4":"has-post-thumbnail","6":"product_cat-jalanoud","7":"pa_brand-dutch-military-surplus","8":"pa_brand-haix-2","9":"pa_condition-uuevaarne","10":"pa_condition-uus","11":"pa_size-230m-2","12":"pa_size-235b-2","13":"pa_size-260m-2","14":"pa_size-265m-2","15":"pa_size-270b-2","16":"pa_size-270m-3","17":"pa_size-270s-3","18":"pa_size-275b-3","19":"pa_size-275m-2","20":"pa_size-280b-3","21":"pa_size-280m-2","22":"pa_size-285b-2","23":"pa_size-285m-2","24":"pa_size-290s-2","25":"pa_size-300b-2","26":"pa_size-305b-2","27":"pa_size-305m-2","28":"pa_size-305s-2","30":"first","31":"instock","32":"taxable","33":"shipping-taxable","34":"purchasable","35":"product-type-variable"},"yoast_head":"<!-- This site is optimized with the Yoast SEO plugin v27.2 - https:\/\/yoast.com\/product\/yoast-seo-wordpress\/ -->\n<title>HAIX Hollandi Armee Gore-Tex\u00ae saapad Black - outdoors.ee<\/title>\n<meta name=\"description\" content=\"Originaalsed Hollandi s\u00f5jav\u00e4e t\u00e4isnahast lahingsaapad mainekalt jalatsitootjalt HAIX (2018.a mudel). Oma mudeli poolest v\u00e4ga sarnased Haix Nepal Pro saabastega, kuid need saapad on t\u00e4isnahast pealsega. Kummist esi- ja tagaosad annavad saapale hea kulumiskindluse ja vastupidavuse intensiivseks aastaringseks kasutuseks. Saapad on varustatud anatoomilise kujuga, vahetatava, pestava\u00a0 ning kiiresti kuivava sisetallaga, mis viib niiskuse jalanahast eemale. Libisemiskindel, \u00f5likindel tald p\u00f5rutust neelavate omadustega. Kiire paelas\u00fcsteem spetsiaalse stopperiga ning &quot;sun reflect&quot; s\u00fcsteem, mis v\u00e4hendab jala \u00fclekuumenemist p\u00e4ikese k\u00e4es.\u00a0 Saapad on varustatud 3-kihilise Gore-Tex membraaniga, mis teeb neid vetth\u00fclgavateks ning hingavateks. Sertifikaat: EN ISO 20347: 2012 O2 HRO HI CI WR FO SRC Saapa liist: S-kitsas, M-tavaline, B-lai Seisukord: uued (kasutamata, ilma originaalkarbita) uuev\u00e4\u00e4rsed (sisaldavad minimaalseid kulumisj\u00e4lgi) kasutatud, Grade 1 (sisaldavad kulumisj\u00e4lgi, kuid on s\u00e4ilitanud kasutusk\u00f5lblikkuse, ei sisalda m\u00e4rkimisv\u00e4\u00e4rseid vigastusi) \u00a0\" \/>\n<meta name=\"robots\" content=\"index, follow, max-snippet:-1, max-image-preview:large, max-video-preview:-1\" \/>\n<link rel=\"canonical\" href=\"https:\/\/www.outdoors.ee\/et\/toode\/haix-hollandi-armee-gore-tex-saapad-black\/\" \/>\n<meta property=\"og:locale\" content=\"et_EE\" \/>\n<meta property=\"og:type\" content=\"article\" \/>\n<meta property=\"og:title\" content=\"HAIX Hollandi Armee Gore-Tex\u00ae saapad Black\" \/>\n<meta property=\"og:description\" content=\"Originaalsed Hollandi s\u00f5jav\u00e4e t\u00e4isnahast lahingsaapad mainekalt jalatsitootjalt HAIX (2018.a mudel). Oma mudeli poolest v\u00e4ga sarnased Haix Nepal Pro saabastega, kuid need saapad on t\u00e4isnahast pealsega. Kummist esi- ja tagaosad annavad saapale hea kulumiskindluse ja vastupidavuse intensiivseks aastaringseks kasutuseks. Saapad on varustatud anatoomilise kujuga, vahetatava, pestava\u00a0 ning kiiresti kuivava sisetallaga, mis viib niiskuse jalanahast eemale. Libisemiskindel, \u00f5likindel tald p\u00f5rutust neelavate omadustega. Kiire paelas\u00fcsteem spetsiaalse stopperiga ning &quot;sun reflect&quot; s\u00fcsteem, mis v\u00e4hendab jala \u00fclekuumenemist p\u00e4ikese k\u00e4es.\u00a0 Saapad on varustatud 3-kihilise Gore-Tex membraaniga, mis teeb neid vetth\u00fclgavateks ning hingavateks. Sertifikaat: EN ISO 20347: 2012 O2 HRO HI CI WR FO SRC Saapa liist: S-kitsas, M-tavaline, B-lai Seisukord: uued (kasutamata, ilma originaalkarbita) uuev\u00e4\u00e4rsed (sisaldavad minimaalseid kulumisj\u00e4lgi) kasutatud, Grade 1 (sisaldavad kulumisj\u00e4lgi, kuid on s\u00e4ilitanud kasutusk\u00f5lblikkuse, ei sisalda m\u00e4rkimisv\u00e4\u00e4rseid vigastusi) \u00a0\" \/>\n<meta property=\"og:url\" content=\"https:\/\/www.outdoors.ee\/et\/toode\/haix-hollandi-armee-gore-tex-saapad-black\/\" \/>\n<meta property=\"og:site_name\" content=\"Outdoors\" \/>\n<meta property=\"article:modified_time\" content=\"2025-09-02T11:39:18+00:00\" \/>\n<meta property=\"og:image\" content=\"https:\/\/www.outdoors.ee\/wp-content\/uploads\/2021\/12\/0849bl-HAIX-Dutch-Army-Gore-Tex\u00ae-Combat-Boots-Black.png\" \/>\n\t<meta property=\"og:image:width\" content=\"541\" \/>\n\t<meta property=\"og:image:height\" content=\"607\" \/>\n\t<meta property=\"og:image:type\" content=\"image\/png\" \/>\n<meta name=\"twitter:card\" content=\"summary_large_image\" \/>\n<meta name=\"twitter:title\" content=\"HAIX Hollandi Armee Gore-Tex\u00ae saapad Black\" \/>\n<meta name=\"twitter:label1\" content=\"Est. reading time\" \/>\n\t<meta name=\"twitter:data1\" content=\"1 minut\" \/>\n<script type=\"application\/ld+json\" class=\"yoast-schema-graph\">{\"@context\":\"https:\/\/schema.org\",\"@graph\":[{\"@type\":\"WebPage\",\"@id\":\"https:\/\/www.outdoors.ee\/et\/toode\/haix-hollandi-armee-gore-tex-saapad-black\/\",\"url\":\"https:\/\/www.outdoors.ee\/et\/toode\/haix-hollandi-armee-gore-tex-saapad-black\/\",\"name\":\"HAIX Hollandi Armee Gore-Tex\u00ae saapad Black - outdoors.ee\",\"isPartOf\":{\"@id\":\"https:\/\/www.outdoors.ee\/#website\"},\"primaryImageOfPage\":{\"@id\":\"https:\/\/www.outdoors.ee\/et\/toode\/haix-hollandi-armee-gore-tex-saapad-black\/#primaryimage\"},\"image\":{\"@id\":\"https:\/\/www.outdoors.ee\/et\/toode\/haix-hollandi-armee-gore-tex-saapad-black\/#primaryimage\"},\"thumbnailUrl\":\"https:\/\/www.outdoors.ee\/wp-content\/uploads\/2021\/12\/0849bl-HAIX-Dutch-Army-Gore-Tex\u00ae-Combat-Boots-Black.png\",\"datePublished\":\"2021-12-09T00:00:00+00:00\",\"dateModified\":\"2025-09-02T11:39:18+00:00\",\"description\":\"Originaalsed Hollandi s\u00f5jav\u00e4e t\u00e4isnahast lahingsaapad mainekalt jalatsitootjalt HAIX (2018.a mudel). Oma mudeli poolest v\u00e4ga sarnased Haix Nepal Pro saabastega, kuid need saapad on t\u00e4isnahast pealsega. Kummist esi- ja tagaosad annavad saapale hea kulumiskindluse ja vastupidavuse intensiivseks aastaringseks kasutuseks. Saapad on varustatud anatoomilise kujuga, vahetatava, pestava\u00a0 ning kiiresti kuivava sisetallaga, mis viib niiskuse jalanahast eemale. Libisemiskindel, \u00f5likindel tald p\u00f5rutust neelavate omadustega. Kiire paelas\u00fcsteem spetsiaalse stopperiga ning \\\"sun reflect\\\" s\u00fcsteem, mis v\u00e4hendab jala \u00fclekuumenemist p\u00e4ikese k\u00e4es.\u00a0 Saapad on varustatud 3-kihilise Gore-Tex membraaniga, mis teeb neid vetth\u00fclgavateks ning hingavateks. Sertifikaat: EN ISO 20347: 2012 O2 HRO HI CI WR FO SRC Saapa liist: S-kitsas, M-tavaline, B-lai Seisukord: uued (kasutamata, ilma originaalkarbita) uuev\u00e4\u00e4rsed (sisaldavad minimaalseid kulumisj\u00e4lgi) kasutatud, Grade 1 (sisaldavad kulumisj\u00e4lgi, kuid on s\u00e4ilitanud kasutusk\u00f5lblikkuse, ei sisalda m\u00e4rkimisv\u00e4\u00e4rseid vigastusi) \u00a0\",\"breadcrumb\":{\"@id\":\"https:\/\/www.outdoors.ee\/et\/toode\/haix-hollandi-armee-gore-tex-saapad-black\/#breadcrumb\"},\"inLanguage\":\"et\",\"potentialAction\":[{\"@type\":\"ReadAction\",\"target\":[\"https:\/\/www.outdoors.ee\/et\/toode\/haix-hollandi-armee-gore-tex-saapad-black\/\"]}]},{\"@type\":\"ImageObject\",\"inLanguage\":\"et\",\"@id\":\"https:\/\/www.outdoors.ee\/et\/toode\/haix-hollandi-armee-gore-tex-saapad-black\/#primaryimage\",\"url\":\"https:\/\/www.outdoors.ee\/wp-content\/uploads\/2021\/12\/0849bl-HAIX-Dutch-Army-Gore-Tex\u00ae-Combat-Boots-Black.png\",\"contentUrl\":\"https:\/\/www.outdoors.ee\/wp-content\/uploads\/2021\/12\/0849bl-HAIX-Dutch-Army-Gore-Tex\u00ae-Combat-Boots-Black.png\",\"width\":541,\"height\":607},{\"@type\":\"BreadcrumbList\",\"@id\":\"https:\/\/www.outdoors.ee\/et\/toode\/haix-hollandi-armee-gore-tex-saapad-black\/#breadcrumb\",\"itemListElement\":[{\"@type\":\"ListItem\",\"position\":1,\"name\":\"Home\",\"item\":\"https:\/\/www.outdoors.ee\/et\/\"},{\"@type\":\"ListItem\",\"position\":2,\"name\":\"Tooted\",\"item\":\"https:\/\/www.outdoors.ee\/products\/\"},{\"@type\":\"ListItem\",\"position\":3,\"name\":\"Hollandi Armee Haix\u00ae Gore-Tex\u00ae saapad Black\"}]},{\"@type\":\"WebSite\",\"@id\":\"https:\/\/www.outdoors.ee\/#website\",\"url\":\"https:\/\/www.outdoors.ee\/\",\"name\":\"Outdoors\",\"description\":\"Genuine military surplus and not only!\",\"potentialAction\":[{\"@type\":\"SearchAction\",\"target\":{\"@type\":\"EntryPoint\",\"urlTemplate\":\"https:\/\/www.outdoors.ee\/?s={search_term_string}\"},\"query-input\":{\"@type\":\"PropertyValueSpecification\",\"valueRequired\":true,\"valueName\":\"search_term_string\"}}],\"inLanguage\":\"et\"}]}<\/script>\n<!-- \/ Yoast SEO plugin. -->","yoast_head_json":{"title":"HAIX Hollandi Armee Gore-Tex\u00ae saapad Black - outdoors.ee","description":"Originaalsed Hollandi s\u00f5jav\u00e4e t\u00e4isnahast lahingsaapad mainekalt jalatsitootjalt HAIX (2018.a mudel). Oma mudeli poolest v\u00e4ga sarnased Haix Nepal Pro saabastega, kuid need saapad on t\u00e4isnahast pealsega. Kummist esi- ja tagaosad annavad saapale hea kulumiskindluse ja vastupidavuse intensiivseks aastaringseks kasutuseks. Saapad on varustatud anatoomilise kujuga, vahetatava, pestava\u00a0 ning kiiresti kuivava sisetallaga, mis viib niiskuse jalanahast eemale. Libisemiskindel, \u00f5likindel tald p\u00f5rutust neelavate omadustega. Kiire paelas\u00fcsteem spetsiaalse stopperiga ning \"sun reflect\" s\u00fcsteem, mis v\u00e4hendab jala \u00fclekuumenemist p\u00e4ikese k\u00e4es.\u00a0 Saapad on varustatud 3-kihilise Gore-Tex membraaniga, mis teeb neid vetth\u00fclgavateks ning hingavateks. Sertifikaat: EN ISO 20347: 2012 O2 HRO HI CI WR FO SRC Saapa liist: S-kitsas, M-tavaline, B-lai Seisukord: uued (kasutamata, ilma originaalkarbita) uuev\u00e4\u00e4rsed (sisaldavad minimaalseid kulumisj\u00e4lgi) kasutatud, Grade 1 (sisaldavad kulumisj\u00e4lgi, kuid on s\u00e4ilitanud kasutusk\u00f5lblikkuse, ei sisalda m\u00e4rkimisv\u00e4\u00e4rseid vigastusi) \u00a0","robots":{"index":"index","follow":"follow","max-snippet":"max-snippet:-1","max-image-preview":"max-image-preview:large","max-video-preview":"max-video-preview:-1"},"canonical":"https:\/\/www.outdoors.ee\/et\/toode\/haix-hollandi-armee-gore-tex-saapad-black\/","og_locale":"et_EE","og_type":"article","og_title":"HAIX Hollandi Armee Gore-Tex\u00ae saapad Black","og_description":"Originaalsed Hollandi s\u00f5jav\u00e4e t\u00e4isnahast lahingsaapad mainekalt jalatsitootjalt HAIX (2018.a mudel). Oma mudeli poolest v\u00e4ga sarnased Haix Nepal Pro saabastega, kuid need saapad on t\u00e4isnahast pealsega. Kummist esi- ja tagaosad annavad saapale hea kulumiskindluse ja vastupidavuse intensiivseks aastaringseks kasutuseks. Saapad on varustatud anatoomilise kujuga, vahetatava, pestava\u00a0 ning kiiresti kuivava sisetallaga, mis viib niiskuse jalanahast eemale. Libisemiskindel, \u00f5likindel tald p\u00f5rutust neelavate omadustega. Kiire paelas\u00fcsteem spetsiaalse stopperiga ning \"sun reflect\" s\u00fcsteem, mis v\u00e4hendab jala \u00fclekuumenemist p\u00e4ikese k\u00e4es.\u00a0 Saapad on varustatud 3-kihilise Gore-Tex membraaniga, mis teeb neid vetth\u00fclgavateks ning hingavateks. Sertifikaat: EN ISO 20347: 2012 O2 HRO HI CI WR FO SRC Saapa liist: S-kitsas, M-tavaline, B-lai Seisukord: uued (kasutamata, ilma originaalkarbita) uuev\u00e4\u00e4rsed (sisaldavad minimaalseid kulumisj\u00e4lgi) kasutatud, Grade 1 (sisaldavad kulumisj\u00e4lgi, kuid on s\u00e4ilitanud kasutusk\u00f5lblikkuse, ei sisalda m\u00e4rkimisv\u00e4\u00e4rseid vigastusi) \u00a0","og_url":"https:\/\/www.outdoors.ee\/et\/toode\/haix-hollandi-armee-gore-tex-saapad-black\/","og_site_name":"Outdoors","article_modified_time":"2025-09-02T11:39:18+00:00","og_image":[{"width":541,"height":607,"url":"https:\/\/www.outdoors.ee\/wp-content\/uploads\/2021\/12\/0849bl-HAIX-Dutch-Army-Gore-Tex\u00ae-Combat-Boots-Black.png","type":"image\/png"}],"twitter_card":"summary_large_image","twitter_title":"HAIX Hollandi Armee Gore-Tex\u00ae saapad Black","twitter_misc":{"Est. reading time":"1 minut"},"schema":{"@context":"https:\/\/schema.org","@graph":[{"@type":"WebPage","@id":"https:\/\/www.outdoors.ee\/et\/toode\/haix-hollandi-armee-gore-tex-saapad-black\/","url":"https:\/\/www.outdoors.ee\/et\/toode\/haix-hollandi-armee-gore-tex-saapad-black\/","name":"HAIX Hollandi Armee Gore-Tex\u00ae saapad Black - outdoors.ee","isPartOf":{"@id":"https:\/\/www.outdoors.ee\/#website"},"primaryImageOfPage":{"@id":"https:\/\/www.outdoors.ee\/et\/toode\/haix-hollandi-armee-gore-tex-saapad-black\/#primaryimage"},"image":{"@id":"https:\/\/www.outdoors.ee\/et\/toode\/haix-hollandi-armee-gore-tex-saapad-black\/#primaryimage"},"thumbnailUrl":"https:\/\/www.outdoors.ee\/wp-content\/uploads\/2021\/12\/0849bl-HAIX-Dutch-Army-Gore-Tex\u00ae-Combat-Boots-Black.png","datePublished":"2021-12-09T00:00:00+00:00","dateModified":"2025-09-02T11:39:18+00:00","description":"Originaalsed Hollandi s\u00f5jav\u00e4e t\u00e4isnahast lahingsaapad mainekalt jalatsitootjalt HAIX (2018.a mudel). Oma mudeli poolest v\u00e4ga sarnased Haix Nepal Pro saabastega, kuid need saapad on t\u00e4isnahast pealsega. Kummist esi- ja tagaosad annavad saapale hea kulumiskindluse ja vastupidavuse intensiivseks aastaringseks kasutuseks. Saapad on varustatud anatoomilise kujuga, vahetatava, pestava\u00a0 ning kiiresti kuivava sisetallaga, mis viib niiskuse jalanahast eemale. Libisemiskindel, \u00f5likindel tald p\u00f5rutust neelavate omadustega. Kiire paelas\u00fcsteem spetsiaalse stopperiga ning \"sun reflect\" s\u00fcsteem, mis v\u00e4hendab jala \u00fclekuumenemist p\u00e4ikese k\u00e4es.\u00a0 Saapad on varustatud 3-kihilise Gore-Tex membraaniga, mis teeb neid vetth\u00fclgavateks ning hingavateks. Sertifikaat: EN ISO 20347: 2012 O2 HRO HI CI WR FO SRC Saapa liist: S-kitsas, M-tavaline, B-lai Seisukord: uued (kasutamata, ilma originaalkarbita) uuev\u00e4\u00e4rsed (sisaldavad minimaalseid kulumisj\u00e4lgi) kasutatud, Grade 1 (sisaldavad kulumisj\u00e4lgi, kuid on s\u00e4ilitanud kasutusk\u00f5lblikkuse, ei sisalda m\u00e4rkimisv\u00e4\u00e4rseid vigastusi) \u00a0","breadcrumb":{"@id":"https:\/\/www.outdoors.ee\/et\/toode\/haix-hollandi-armee-gore-tex-saapad-black\/#breadcrumb"},"inLanguage":"et","potentialAction":[{"@type":"ReadAction","target":["https:\/\/www.outdoors.ee\/et\/toode\/haix-hollandi-armee-gore-tex-saapad-black\/"]}]},{"@type":"ImageObject","inLanguage":"et","@id":"https:\/\/www.outdoors.ee\/et\/toode\/haix-hollandi-armee-gore-tex-saapad-black\/#primaryimage","url":"https:\/\/www.outdoors.ee\/wp-content\/uploads\/2021\/12\/0849bl-HAIX-Dutch-Army-Gore-Tex\u00ae-Combat-Boots-Black.png","contentUrl":"https:\/\/www.outdoors.ee\/wp-content\/uploads\/2021\/12\/0849bl-HAIX-Dutch-Army-Gore-Tex\u00ae-Combat-Boots-Black.png","width":541,"height":607},{"@type":"BreadcrumbList","@id":"https:\/\/www.outdoors.ee\/et\/toode\/haix-hollandi-armee-gore-tex-saapad-black\/#breadcrumb","itemListElement":[{"@type":"ListItem","position":1,"name":"Home","item":"https:\/\/www.outdoors.ee\/et\/"},{"@type":"ListItem","position":2,"name":"Tooted","item":"https:\/\/www.outdoors.ee\/products\/"},{"@type":"ListItem","position":3,"name":"Hollandi Armee Haix\u00ae Gore-Tex\u00ae saapad Black"}]},{"@type":"WebSite","@id":"https:\/\/www.outdoors.ee\/#website","url":"https:\/\/www.outdoors.ee\/","name":"Outdoors","description":"Genuine military surplus and not only!","potentialAction":[{"@type":"SearchAction","target":{"@type":"EntryPoint","urlTemplate":"https:\/\/www.outdoors.ee\/?s={search_term_string}"},"query-input":{"@type":"PropertyValueSpecification","valueRequired":true,"valueName":"search_term_string"}}],"inLanguage":"et"}]}},"_links":{"self":[{"href":"https:\/\/www.outdoors.ee\/et\/wp-json\/wp\/v2\/product\/60282","targetHints":{"allow":["GET"]}}],"collection":[{"href":"https:\/\/www.outdoors.ee\/et\/wp-json\/wp\/v2\/product"}],"about":[{"href":"https:\/\/www.outdoors.ee\/et\/wp-json\/wp\/v2\/types\/product"}],"wp:featuredmedia":[{"embeddable":true,"href":"https:\/\/www.outdoors.ee\/et\/wp-json\/wp\/v2\/media\/64258"}],"wp:attachment":[{"href":"https:\/\/www.outdoors.ee\/et\/wp-json\/wp\/v2\/media?parent=60282"}],"wp:term":[{"taxonomy":"product_brand","embeddable":true,"href":"https:\/\/www.outdoors.ee\/et\/wp-json\/wp\/v2\/product_brand?post=60282"},{"taxonomy":"product_cat","embeddable":true,"href":"https:\/\/www.outdoors.ee\/et\/wp-json\/wp\/v2\/product_cat?post=60282"},{"taxonomy":"product_tag","embeddable":true,"href":"https:\/\/www.outdoors.ee\/et\/wp-json\/wp\/v2\/product_tag?post=60282"}],"curies":[{"name":"wp","href":"https:\/\/api.w.org\/{rel}","templated":true}]}}