{"id":60256,"date":"2021-12-09T00:00:00","date_gmt":"2021-12-08T22:00:00","guid":{"rendered":"https:\/\/www.outdoors.ee\/product\/tru-spec-army-combat-uniform-acu-jakk-digital\/"},"modified":"2025-11-19T14:47:46","modified_gmt":"2025-11-19T12:47:46","slug":"tru-spec-army-combat-uniform-acu-valivormi-jakk-digital","status":"publish","type":"product","link":"https:\/\/www.outdoors.ee\/et\/toode\/tru-spec-army-combat-uniform-acu-valivormi-jakk-digital\/","title":{"rendered":"TRU-SPEC\u00ae Army Combat Uniform (ACU) v\u00e4livormi jakk Digital"},"content":{"rendered":"<p style=\"text-align: justify;\">Toodetud TRU-SPEC\u00ae-i poolt USA s\u00f5jav\u00e4e spetsifikatsiooni j\u00e4rgi kortsumisvastasest CORDURA\u00ae nailoni ja puuvilla Rip-stop segukangast.<\/p>\n<p style=\"text-align: justify;\"><strong>Omadused<\/strong>:<\/p>\n<ul>\n<li>takjakinnitusega p\u00fcstkrae<\/li>\n<li>t\u00f5mbluku ja takjaklapiga eest suletav<\/li>\n<li>varrukataskud peale\u00f5mmeldud takjapaneelidega<\/li>\n<li>2 nurga all asetsevat rinnataskut<\/li>\n<li>2 takjapaela riba rinnal<\/li>\n<li>tugevdatud k\u00fc\u00fcnarnuki kaitsmete taskud takjakinnitusega<\/li>\n<li>takjapaelaga reguleeritavad mansetid<\/li>\n<\/ul>\n<p>NB! Pildil olev suuruste tabel sisaldab kandja (mitte riideeseme) m\u00f5\u00f5te.<\/p>\n<p><strong>Seisukord<\/strong>: Uus, originaalpakendis<\/p>\n","protected":false},"excerpt":{"rendered":"<p>Toodetud TRU-SPEC\u00ae-i poolt USA s\u00f5jav\u00e4e spetsifikatsiooni j\u00e4rgi kortsumisvastasest CORDURA\u00ae nailoni ja puuvilla Rip-stop segukangast. Omadused: takjakinnitusega p\u00fcstkrae t\u00f5mbluku ja takjaklapiga<\/p>\n","protected":false},"featured_media":18303,"template":"","meta":[],"product_brand":[],"product_cat":[2715],"product_tag":[],"class_list":{"0":"post-60256","1":"product","2":"type-product","3":"status-publish","4":"has-post-thumbnail","6":"product_cat-sargid-jakid","7":"pa_brand-tru-spec","8":"pa_size-large-long-2","9":"pa_size-large-regular-2","10":"pa_size-large-short-2","11":"pa_size-medium-long-2","12":"pa_size-medium-regular-2","13":"pa_size-medium-short-2","14":"pa_size-x-large-regular-2","15":"pa_size-x-large-short-2","17":"first","18":"instock","19":"sale","20":"taxable","21":"shipping-taxable","22":"purchasable","23":"product-type-variable"},"yoast_head":"<!-- This site is optimized with the Yoast SEO plugin v27.2 - https:\/\/yoast.com\/product\/yoast-seo-wordpress\/ -->\n<title>TRU-SPEC\u00ae Army Combat Uniform (ACU) jakk Digital - outdoors.ee<\/title>\n<meta name=\"description\" content=\"Toodetud TRU-SPEC\u00ae-i poolt USA s\u00f5jav\u00e4e spetsifikatsiooni j\u00e4rgi kortsumisvastasest CORDURA\u00ae nailoni ja puuvilla rip-stop segukangast. Lahinguvormi jakk (style 1950) aktiivteenistuses s\u00f5jav\u00e4elastele, militaarorganisatsioonidele ning inimestele, kes ei lepi kompromissiga ei v\u00e4ljan\u00e4gemise ega kasutusomaduste osas. Omadused: takjakinnitusega p\u00fcstkrae mida saab kanda ka mahap\u00f6\u00f6ratuna t\u00f5mbluku ja takjaklapiga eest suletav varrukataskud peale\u00f5mmeldud takjapaelaga 2 nurga all asetsevat rinnataskut 2 takjapaela riba rinnal\u00a0 tugevdatud k\u00fc\u00fcnarnuki kaitsmete taskud takjakinnitusega takjakinnitusega reguleeritav randmekoha laius NB! Pildil olev suuruste tabel sisaldab kandja (mitte riideeseme) m\u00f5\u00f5te. Seisukord: uus \u00a0\" \/>\n<meta name=\"robots\" content=\"index, follow, max-snippet:-1, max-image-preview:large, max-video-preview:-1\" \/>\n<link rel=\"canonical\" href=\"https:\/\/www.outdoors.ee\/et\/toode\/tru-spec-army-combat-uniform-acu-valivormi-jakk-digital\/\" \/>\n<meta property=\"og:locale\" content=\"et_EE\" \/>\n<meta property=\"og:type\" content=\"article\" \/>\n<meta property=\"og:title\" content=\"TRU-SPEC\u00ae Army Combat Uniform (ACU) jakk Digital\" \/>\n<meta property=\"og:description\" content=\"Toodetud TRU-SPEC\u00ae-i poolt USA s\u00f5jav\u00e4e spetsifikatsiooni j\u00e4rgi kortsumisvastasest CORDURA\u00ae nailoni ja puuvilla rip-stop segukangast. Lahinguvormi jakk (style 1950) aktiivteenistuses s\u00f5jav\u00e4elastele, militaarorganisatsioonidele ning inimestele, kes ei lepi kompromissiga ei v\u00e4ljan\u00e4gemise ega kasutusomaduste osas. Omadused: takjakinnitusega p\u00fcstkrae mida saab kanda ka mahap\u00f6\u00f6ratuna t\u00f5mbluku ja takjaklapiga eest suletav varrukataskud peale\u00f5mmeldud takjapaelaga 2 nurga all asetsevat rinnataskut 2 takjapaela riba rinnal\u00a0 tugevdatud k\u00fc\u00fcnarnuki kaitsmete taskud takjakinnitusega takjakinnitusega reguleeritav randmekoha laius NB! Pildil olev suuruste tabel sisaldab kandja (mitte riideeseme) m\u00f5\u00f5te. Seisukord: uus \u00a0\" \/>\n<meta property=\"og:url\" content=\"https:\/\/www.outdoors.ee\/et\/toode\/tru-spec-army-combat-uniform-acu-valivormi-jakk-digital\/\" \/>\n<meta property=\"og:site_name\" content=\"Outdoors\" \/>\n<meta property=\"article:modified_time\" content=\"2025-11-19T12:47:46+00:00\" \/>\n<meta property=\"og:image\" content=\"https:\/\/www.outdoors.ee\/wp-content\/uploads\/2021\/09\/0846-Tru-Spec-ACU-Jacket-digital5.jp_.jpg\" \/>\n\t<meta property=\"og:image:width\" content=\"1000\" \/>\n\t<meta property=\"og:image:height\" content=\"1000\" \/>\n\t<meta property=\"og:image:type\" content=\"image\/jpeg\" \/>\n<meta name=\"twitter:card\" content=\"summary_large_image\" \/>\n<meta name=\"twitter:title\" content=\"TRU-SPEC\u00ae Army Combat Uniform (ACU) jakk Digital\" \/>\n<meta name=\"twitter:label1\" content=\"Est. reading time\" \/>\n\t<meta name=\"twitter:data1\" content=\"1 minut\" \/>\n<script type=\"application\/ld+json\" class=\"yoast-schema-graph\">{\"@context\":\"https:\/\/schema.org\",\"@graph\":[{\"@type\":\"WebPage\",\"@id\":\"https:\/\/www.outdoors.ee\/et\/toode\/tru-spec-army-combat-uniform-acu-valivormi-jakk-digital\/\",\"url\":\"https:\/\/www.outdoors.ee\/et\/toode\/tru-spec-army-combat-uniform-acu-valivormi-jakk-digital\/\",\"name\":\"TRU-SPEC\u00ae Army Combat Uniform (ACU) jakk Digital - outdoors.ee\",\"isPartOf\":{\"@id\":\"https:\/\/www.outdoors.ee\/#website\"},\"primaryImageOfPage\":{\"@id\":\"https:\/\/www.outdoors.ee\/et\/toode\/tru-spec-army-combat-uniform-acu-valivormi-jakk-digital\/#primaryimage\"},\"image\":{\"@id\":\"https:\/\/www.outdoors.ee\/et\/toode\/tru-spec-army-combat-uniform-acu-valivormi-jakk-digital\/#primaryimage\"},\"thumbnailUrl\":\"https:\/\/www.outdoors.ee\/wp-content\/uploads\/2021\/09\/0846-Tru-Spec-ACU-Jacket-digital5.jp_.jpg\",\"datePublished\":\"2021-12-08T22:00:00+00:00\",\"dateModified\":\"2025-11-19T12:47:46+00:00\",\"description\":\"Toodetud TRU-SPEC\u00ae-i poolt USA s\u00f5jav\u00e4e spetsifikatsiooni j\u00e4rgi kortsumisvastasest CORDURA\u00ae nailoni ja puuvilla rip-stop segukangast. Lahinguvormi jakk (style 1950) aktiivteenistuses s\u00f5jav\u00e4elastele, militaarorganisatsioonidele ning inimestele, kes ei lepi kompromissiga ei v\u00e4ljan\u00e4gemise ega kasutusomaduste osas. Omadused: takjakinnitusega p\u00fcstkrae mida saab kanda ka mahap\u00f6\u00f6ratuna t\u00f5mbluku ja takjaklapiga eest suletav varrukataskud peale\u00f5mmeldud takjapaelaga 2 nurga all asetsevat rinnataskut 2 takjapaela riba rinnal\u00a0 tugevdatud k\u00fc\u00fcnarnuki kaitsmete taskud takjakinnitusega takjakinnitusega reguleeritav randmekoha laius NB! Pildil olev suuruste tabel sisaldab kandja (mitte riideeseme) m\u00f5\u00f5te. Seisukord: uus \u00a0\",\"breadcrumb\":{\"@id\":\"https:\/\/www.outdoors.ee\/et\/toode\/tru-spec-army-combat-uniform-acu-valivormi-jakk-digital\/#breadcrumb\"},\"inLanguage\":\"et\",\"potentialAction\":[{\"@type\":\"ReadAction\",\"target\":[\"https:\/\/www.outdoors.ee\/et\/toode\/tru-spec-army-combat-uniform-acu-valivormi-jakk-digital\/\"]}]},{\"@type\":\"ImageObject\",\"inLanguage\":\"et\",\"@id\":\"https:\/\/www.outdoors.ee\/et\/toode\/tru-spec-army-combat-uniform-acu-valivormi-jakk-digital\/#primaryimage\",\"url\":\"https:\/\/www.outdoors.ee\/wp-content\/uploads\/2021\/09\/0846-Tru-Spec-ACU-Jacket-digital5.jp_.jpg\",\"contentUrl\":\"https:\/\/www.outdoors.ee\/wp-content\/uploads\/2021\/09\/0846-Tru-Spec-ACU-Jacket-digital5.jp_.jpg\",\"width\":1000,\"height\":1000},{\"@type\":\"BreadcrumbList\",\"@id\":\"https:\/\/www.outdoors.ee\/et\/toode\/tru-spec-army-combat-uniform-acu-valivormi-jakk-digital\/#breadcrumb\",\"itemListElement\":[{\"@type\":\"ListItem\",\"position\":1,\"name\":\"Home\",\"item\":\"https:\/\/www.outdoors.ee\/et\/\"},{\"@type\":\"ListItem\",\"position\":2,\"name\":\"Tooted\",\"item\":\"https:\/\/www.outdoors.ee\/products\/\"},{\"@type\":\"ListItem\",\"position\":3,\"name\":\"TRU-SPEC\u00ae Army Combat Uniform (ACU) v\u00e4livormi jakk Digital\"}]},{\"@type\":\"WebSite\",\"@id\":\"https:\/\/www.outdoors.ee\/#website\",\"url\":\"https:\/\/www.outdoors.ee\/\",\"name\":\"Outdoors\",\"description\":\"Genuine military surplus and not only!\",\"potentialAction\":[{\"@type\":\"SearchAction\",\"target\":{\"@type\":\"EntryPoint\",\"urlTemplate\":\"https:\/\/www.outdoors.ee\/?s={search_term_string}\"},\"query-input\":{\"@type\":\"PropertyValueSpecification\",\"valueRequired\":true,\"valueName\":\"search_term_string\"}}],\"inLanguage\":\"et\"}]}<\/script>\n<!-- \/ Yoast SEO plugin. -->","yoast_head_json":{"title":"TRU-SPEC\u00ae Army Combat Uniform (ACU) jakk Digital - outdoors.ee","description":"Toodetud TRU-SPEC\u00ae-i poolt USA s\u00f5jav\u00e4e spetsifikatsiooni j\u00e4rgi kortsumisvastasest CORDURA\u00ae nailoni ja puuvilla rip-stop segukangast. Lahinguvormi jakk (style 1950) aktiivteenistuses s\u00f5jav\u00e4elastele, militaarorganisatsioonidele ning inimestele, kes ei lepi kompromissiga ei v\u00e4ljan\u00e4gemise ega kasutusomaduste osas. Omadused: takjakinnitusega p\u00fcstkrae mida saab kanda ka mahap\u00f6\u00f6ratuna t\u00f5mbluku ja takjaklapiga eest suletav varrukataskud peale\u00f5mmeldud takjapaelaga 2 nurga all asetsevat rinnataskut 2 takjapaela riba rinnal\u00a0 tugevdatud k\u00fc\u00fcnarnuki kaitsmete taskud takjakinnitusega takjakinnitusega reguleeritav randmekoha laius NB! Pildil olev suuruste tabel sisaldab kandja (mitte riideeseme) m\u00f5\u00f5te. Seisukord: uus \u00a0","robots":{"index":"index","follow":"follow","max-snippet":"max-snippet:-1","max-image-preview":"max-image-preview:large","max-video-preview":"max-video-preview:-1"},"canonical":"https:\/\/www.outdoors.ee\/et\/toode\/tru-spec-army-combat-uniform-acu-valivormi-jakk-digital\/","og_locale":"et_EE","og_type":"article","og_title":"TRU-SPEC\u00ae Army Combat Uniform (ACU) jakk Digital","og_description":"Toodetud TRU-SPEC\u00ae-i poolt USA s\u00f5jav\u00e4e spetsifikatsiooni j\u00e4rgi kortsumisvastasest CORDURA\u00ae nailoni ja puuvilla rip-stop segukangast. Lahinguvormi jakk (style 1950) aktiivteenistuses s\u00f5jav\u00e4elastele, militaarorganisatsioonidele ning inimestele, kes ei lepi kompromissiga ei v\u00e4ljan\u00e4gemise ega kasutusomaduste osas. Omadused: takjakinnitusega p\u00fcstkrae mida saab kanda ka mahap\u00f6\u00f6ratuna t\u00f5mbluku ja takjaklapiga eest suletav varrukataskud peale\u00f5mmeldud takjapaelaga 2 nurga all asetsevat rinnataskut 2 takjapaela riba rinnal\u00a0 tugevdatud k\u00fc\u00fcnarnuki kaitsmete taskud takjakinnitusega takjakinnitusega reguleeritav randmekoha laius NB! Pildil olev suuruste tabel sisaldab kandja (mitte riideeseme) m\u00f5\u00f5te. Seisukord: uus \u00a0","og_url":"https:\/\/www.outdoors.ee\/et\/toode\/tru-spec-army-combat-uniform-acu-valivormi-jakk-digital\/","og_site_name":"Outdoors","article_modified_time":"2025-11-19T12:47:46+00:00","og_image":[{"width":1000,"height":1000,"url":"https:\/\/www.outdoors.ee\/wp-content\/uploads\/2021\/09\/0846-Tru-Spec-ACU-Jacket-digital5.jp_.jpg","type":"image\/jpeg"}],"twitter_card":"summary_large_image","twitter_title":"TRU-SPEC\u00ae Army Combat Uniform (ACU) jakk Digital","twitter_misc":{"Est. reading time":"1 minut"},"schema":{"@context":"https:\/\/schema.org","@graph":[{"@type":"WebPage","@id":"https:\/\/www.outdoors.ee\/et\/toode\/tru-spec-army-combat-uniform-acu-valivormi-jakk-digital\/","url":"https:\/\/www.outdoors.ee\/et\/toode\/tru-spec-army-combat-uniform-acu-valivormi-jakk-digital\/","name":"TRU-SPEC\u00ae Army Combat Uniform (ACU) jakk Digital - outdoors.ee","isPartOf":{"@id":"https:\/\/www.outdoors.ee\/#website"},"primaryImageOfPage":{"@id":"https:\/\/www.outdoors.ee\/et\/toode\/tru-spec-army-combat-uniform-acu-valivormi-jakk-digital\/#primaryimage"},"image":{"@id":"https:\/\/www.outdoors.ee\/et\/toode\/tru-spec-army-combat-uniform-acu-valivormi-jakk-digital\/#primaryimage"},"thumbnailUrl":"https:\/\/www.outdoors.ee\/wp-content\/uploads\/2021\/09\/0846-Tru-Spec-ACU-Jacket-digital5.jp_.jpg","datePublished":"2021-12-08T22:00:00+00:00","dateModified":"2025-11-19T12:47:46+00:00","description":"Toodetud TRU-SPEC\u00ae-i poolt USA s\u00f5jav\u00e4e spetsifikatsiooni j\u00e4rgi kortsumisvastasest CORDURA\u00ae nailoni ja puuvilla rip-stop segukangast. Lahinguvormi jakk (style 1950) aktiivteenistuses s\u00f5jav\u00e4elastele, militaarorganisatsioonidele ning inimestele, kes ei lepi kompromissiga ei v\u00e4ljan\u00e4gemise ega kasutusomaduste osas. Omadused: takjakinnitusega p\u00fcstkrae mida saab kanda ka mahap\u00f6\u00f6ratuna t\u00f5mbluku ja takjaklapiga eest suletav varrukataskud peale\u00f5mmeldud takjapaelaga 2 nurga all asetsevat rinnataskut 2 takjapaela riba rinnal\u00a0 tugevdatud k\u00fc\u00fcnarnuki kaitsmete taskud takjakinnitusega takjakinnitusega reguleeritav randmekoha laius NB! Pildil olev suuruste tabel sisaldab kandja (mitte riideeseme) m\u00f5\u00f5te. Seisukord: uus \u00a0","breadcrumb":{"@id":"https:\/\/www.outdoors.ee\/et\/toode\/tru-spec-army-combat-uniform-acu-valivormi-jakk-digital\/#breadcrumb"},"inLanguage":"et","potentialAction":[{"@type":"ReadAction","target":["https:\/\/www.outdoors.ee\/et\/toode\/tru-spec-army-combat-uniform-acu-valivormi-jakk-digital\/"]}]},{"@type":"ImageObject","inLanguage":"et","@id":"https:\/\/www.outdoors.ee\/et\/toode\/tru-spec-army-combat-uniform-acu-valivormi-jakk-digital\/#primaryimage","url":"https:\/\/www.outdoors.ee\/wp-content\/uploads\/2021\/09\/0846-Tru-Spec-ACU-Jacket-digital5.jp_.jpg","contentUrl":"https:\/\/www.outdoors.ee\/wp-content\/uploads\/2021\/09\/0846-Tru-Spec-ACU-Jacket-digital5.jp_.jpg","width":1000,"height":1000},{"@type":"BreadcrumbList","@id":"https:\/\/www.outdoors.ee\/et\/toode\/tru-spec-army-combat-uniform-acu-valivormi-jakk-digital\/#breadcrumb","itemListElement":[{"@type":"ListItem","position":1,"name":"Home","item":"https:\/\/www.outdoors.ee\/et\/"},{"@type":"ListItem","position":2,"name":"Tooted","item":"https:\/\/www.outdoors.ee\/products\/"},{"@type":"ListItem","position":3,"name":"TRU-SPEC\u00ae Army Combat Uniform (ACU) v\u00e4livormi jakk Digital"}]},{"@type":"WebSite","@id":"https:\/\/www.outdoors.ee\/#website","url":"https:\/\/www.outdoors.ee\/","name":"Outdoors","description":"Genuine military surplus and not only!","potentialAction":[{"@type":"SearchAction","target":{"@type":"EntryPoint","urlTemplate":"https:\/\/www.outdoors.ee\/?s={search_term_string}"},"query-input":{"@type":"PropertyValueSpecification","valueRequired":true,"valueName":"search_term_string"}}],"inLanguage":"et"}]}},"_links":{"self":[{"href":"https:\/\/www.outdoors.ee\/et\/wp-json\/wp\/v2\/product\/60256","targetHints":{"allow":["GET"]}}],"collection":[{"href":"https:\/\/www.outdoors.ee\/et\/wp-json\/wp\/v2\/product"}],"about":[{"href":"https:\/\/www.outdoors.ee\/et\/wp-json\/wp\/v2\/types\/product"}],"wp:featuredmedia":[{"embeddable":true,"href":"https:\/\/www.outdoors.ee\/et\/wp-json\/wp\/v2\/media\/18303"}],"wp:attachment":[{"href":"https:\/\/www.outdoors.ee\/et\/wp-json\/wp\/v2\/media?parent=60256"}],"wp:term":[{"taxonomy":"product_brand","embeddable":true,"href":"https:\/\/www.outdoors.ee\/et\/wp-json\/wp\/v2\/product_brand?post=60256"},{"taxonomy":"product_cat","embeddable":true,"href":"https:\/\/www.outdoors.ee\/et\/wp-json\/wp\/v2\/product_cat?post=60256"},{"taxonomy":"product_tag","embeddable":true,"href":"https:\/\/www.outdoors.ee\/et\/wp-json\/wp\/v2\/product_tag?post=60256"}],"curies":[{"name":"wp","href":"https:\/\/api.w.org\/{rel}","templated":true}]}}