{"id":60249,"date":"2021-12-09T00:00:00","date_gmt":"2021-12-09T00:00:00","guid":{"rendered":"https:\/\/www.outdoors.ee\/product\/tru-spec-army-combat-uniform-acu-puksid-digital-uued\/"},"modified":"2025-11-19T14:46:42","modified_gmt":"2025-11-19T12:46:42","slug":"tru-spec-army-combat-uniform-acu-puksid-digital-uued","status":"publish","type":"product","link":"https:\/\/www.outdoors.ee\/et\/toode\/tru-spec-army-combat-uniform-acu-puksid-digital-uued\/","title":{"rendered":"TRU-SPEC\u00ae Army Combat Uniform (ACU) p\u00fcksid Digital"},"content":{"rendered":"<p style=\"text-align: justify;\">Toodetud TRU-SPEC\u00ae-i poolt USA s\u00f5jav\u00e4e spetsifikatsiooni j\u00e4rgi kortsumisvastasest CORDURA\u00ae nailoni ja puuvilla Rip-stop segukangast.<\/p>\n<p style=\"text-align: justify;\"><strong>Omadused:<\/strong><\/p>\n<ul>\n<li>pingutusn\u00f6\u00f6riga v\u00f6\u00f6koht<\/li>\n<li>n\u00f6\u00f6pidega eest suletavad<\/li>\n<li>laia v\u00f6\u00f6rihma aasad<\/li>\n<li>2 s\u00fcgavat k\u00e4etaskut tugevdatud \u00f5mblusega<\/li>\n<li>tugevdatud tagaosa<\/li>\n<li>2 nurga all asetsevat reietaskut mugavaks ligip\u00e4\u00e4suks<\/li>\n<li>reietaskud vee \u00e4ravoolu avadega ja pingutusn\u00f6\u00f6riga<\/li>\n<li>n\u00f6\u00f6pidega klapid taskutel<\/li>\n<li>tugevdatud p\u00f5lvekohad p\u00f5lvekaitsmete taskutega<\/li>\n<li>pingutusn\u00f6\u00f6ridega alt<\/li>\n<\/ul>\n<p>NB! Pildil olev suuruste tabel sisaldab kandja (mitte riideeseme) m\u00f5\u00f5te.<\/p>\n<p><strong>Seisukord:<\/strong> uus, originaalpakendis<\/p>\n","protected":false},"excerpt":{"rendered":"<p>TRU-SPEC\u00ae Army Combat Uniform (ACU) v\u00e4livormi p\u00fcksid, Digital<\/p>\n","protected":false},"featured_media":18307,"template":"","meta":[],"product_brand":[],"product_cat":[111],"product_tag":[],"class_list":{"0":"post-60249","1":"product","2":"type-product","3":"status-publish","4":"has-post-thumbnail","6":"product_cat-puksid","7":"pa_brand-tru-spec","8":"pa_size-large-long-2","9":"pa_size-large-regular-2","10":"pa_size-large-short-2","11":"pa_size-medium-short-2","12":"pa_size-x-large-regular-2","13":"pa_size-x-large-short-2","15":"first","16":"instock","17":"sale","18":"taxable","19":"shipping-taxable","20":"purchasable","21":"product-type-variable"},"yoast_head":"<!-- This site is optimized with the Yoast SEO plugin v27.2 - https:\/\/yoast.com\/product\/yoast-seo-wordpress\/ -->\n<title>TRU-SPEC\u00ae Army Combat Uniform (ACU) p\u00fcksid Digital, uued - outdoors.ee<\/title>\n<meta name=\"description\" content=\"Toodetud TRU-SPEC\u00ae-i poolt USA s\u00f5jav\u00e4e spetsifikatsiooni j\u00e4rgi kortsumisvastasest CORDURA\u00ae nailoni ja puuvilla rip-stop segukangast. Lahinguvormi p\u00fcksid (style 1951) aktiivteenistuses s\u00f5jav\u00e4elastele, militaarorganisatsioonidele ning inimestele, kes ei lepi kompromissiga v\u00e4ljan\u00e4gemise ega kasutusomaduste osas. Omadused: pingutusn\u00f6\u00f6riga v\u00f6\u00f6koht n\u00f6\u00f6pidega eest suletavad laia v\u00f6\u00f6rihma aasad 2 s\u00fcgavat k\u00e4etaskut tugevdatud \u00f5mblusega tugevdatud tagaosa 2 nurga all asetsevat reietaskut mugavaks ligip\u00e4\u00e4suks reietaskud vee \u00e4ravoolu avadega ja pingutusn\u00f6\u00f6riga n\u00f6\u00f6pidega klapid taskutel tugevdatud p\u00f5lvekohad p\u00f5lvekaitsmete taskutega pingutusn\u00f6\u00f6ridega alt \u00a0 NB! Pildil olev suuruste tabel sisaldab kandja (mitte riideeseme) m\u00f5\u00f5te. Seisukord: uued \u00a0\" \/>\n<meta name=\"robots\" content=\"index, follow, max-snippet:-1, max-image-preview:large, max-video-preview:-1\" \/>\n<link rel=\"canonical\" href=\"https:\/\/www.outdoors.ee\/et\/toode\/tru-spec-army-combat-uniform-acu-puksid-digital-uued\/\" \/>\n<meta property=\"og:locale\" content=\"et_EE\" \/>\n<meta property=\"og:type\" content=\"article\" \/>\n<meta property=\"og:title\" content=\"TRU-SPEC\u00ae Army Combat Uniform (ACU) p\u00fcksid Digital, uued\" \/>\n<meta property=\"og:description\" content=\"Toodetud TRU-SPEC\u00ae-i poolt USA s\u00f5jav\u00e4e spetsifikatsiooni j\u00e4rgi kortsumisvastasest CORDURA\u00ae nailoni ja puuvilla rip-stop segukangast. Lahinguvormi p\u00fcksid (style 1951) aktiivteenistuses s\u00f5jav\u00e4elastele, militaarorganisatsioonidele ning inimestele, kes ei lepi kompromissiga v\u00e4ljan\u00e4gemise ega kasutusomaduste osas. Omadused: pingutusn\u00f6\u00f6riga v\u00f6\u00f6koht n\u00f6\u00f6pidega eest suletavad laia v\u00f6\u00f6rihma aasad 2 s\u00fcgavat k\u00e4etaskut tugevdatud \u00f5mblusega tugevdatud tagaosa 2 nurga all asetsevat reietaskut mugavaks ligip\u00e4\u00e4suks reietaskud vee \u00e4ravoolu avadega ja pingutusn\u00f6\u00f6riga n\u00f6\u00f6pidega klapid taskutel tugevdatud p\u00f5lvekohad p\u00f5lvekaitsmete taskutega pingutusn\u00f6\u00f6ridega alt \u00a0 NB! Pildil olev suuruste tabel sisaldab kandja (mitte riideeseme) m\u00f5\u00f5te. Seisukord: uued \u00a0\" \/>\n<meta property=\"og:url\" content=\"https:\/\/www.outdoors.ee\/et\/toode\/tru-spec-army-combat-uniform-acu-puksid-digital-uued\/\" \/>\n<meta property=\"og:site_name\" content=\"Outdoors\" \/>\n<meta property=\"article:modified_time\" content=\"2025-11-19T12:46:42+00:00\" \/>\n<meta property=\"og:image\" content=\"https:\/\/www.outdoors.ee\/wp-content\/uploads\/2021\/09\/0845-Tru-Spec-ACU-trousers-digital6.jpg\" \/>\n\t<meta property=\"og:image:width\" content=\"1154\" \/>\n\t<meta property=\"og:image:height\" content=\"1154\" \/>\n\t<meta property=\"og:image:type\" content=\"image\/jpeg\" \/>\n<meta name=\"twitter:card\" content=\"summary_large_image\" \/>\n<meta name=\"twitter:title\" content=\"TRU-SPEC\u00ae Army Combat Uniform (ACU) p\u00fcksid Digital, uued\" \/>\n<meta name=\"twitter:label1\" content=\"Est. reading time\" \/>\n\t<meta name=\"twitter:data1\" content=\"1 minut\" \/>\n<script type=\"application\/ld+json\" class=\"yoast-schema-graph\">{\"@context\":\"https:\/\/schema.org\",\"@graph\":[{\"@type\":\"WebPage\",\"@id\":\"https:\/\/www.outdoors.ee\/et\/toode\/tru-spec-army-combat-uniform-acu-puksid-digital-uued\/\",\"url\":\"https:\/\/www.outdoors.ee\/et\/toode\/tru-spec-army-combat-uniform-acu-puksid-digital-uued\/\",\"name\":\"TRU-SPEC\u00ae Army Combat Uniform (ACU) p\u00fcksid Digital, uued - outdoors.ee\",\"isPartOf\":{\"@id\":\"https:\/\/www.outdoors.ee\/#website\"},\"primaryImageOfPage\":{\"@id\":\"https:\/\/www.outdoors.ee\/et\/toode\/tru-spec-army-combat-uniform-acu-puksid-digital-uued\/#primaryimage\"},\"image\":{\"@id\":\"https:\/\/www.outdoors.ee\/et\/toode\/tru-spec-army-combat-uniform-acu-puksid-digital-uued\/#primaryimage\"},\"thumbnailUrl\":\"https:\/\/www.outdoors.ee\/wp-content\/uploads\/2021\/09\/0845-Tru-Spec-ACU-trousers-digital6.jpg\",\"datePublished\":\"2021-12-09T00:00:00+00:00\",\"dateModified\":\"2025-11-19T12:46:42+00:00\",\"description\":\"Toodetud TRU-SPEC\u00ae-i poolt USA s\u00f5jav\u00e4e spetsifikatsiooni j\u00e4rgi kortsumisvastasest CORDURA\u00ae nailoni ja puuvilla rip-stop segukangast. Lahinguvormi p\u00fcksid (style 1951) aktiivteenistuses s\u00f5jav\u00e4elastele, militaarorganisatsioonidele ning inimestele, kes ei lepi kompromissiga v\u00e4ljan\u00e4gemise ega kasutusomaduste osas. Omadused: pingutusn\u00f6\u00f6riga v\u00f6\u00f6koht n\u00f6\u00f6pidega eest suletavad laia v\u00f6\u00f6rihma aasad 2 s\u00fcgavat k\u00e4etaskut tugevdatud \u00f5mblusega tugevdatud tagaosa 2 nurga all asetsevat reietaskut mugavaks ligip\u00e4\u00e4suks reietaskud vee \u00e4ravoolu avadega ja pingutusn\u00f6\u00f6riga n\u00f6\u00f6pidega klapid taskutel tugevdatud p\u00f5lvekohad p\u00f5lvekaitsmete taskutega pingutusn\u00f6\u00f6ridega alt \u00a0 NB! Pildil olev suuruste tabel sisaldab kandja (mitte riideeseme) m\u00f5\u00f5te. Seisukord: uued \u00a0\",\"breadcrumb\":{\"@id\":\"https:\/\/www.outdoors.ee\/et\/toode\/tru-spec-army-combat-uniform-acu-puksid-digital-uued\/#breadcrumb\"},\"inLanguage\":\"et\",\"potentialAction\":[{\"@type\":\"ReadAction\",\"target\":[\"https:\/\/www.outdoors.ee\/et\/toode\/tru-spec-army-combat-uniform-acu-puksid-digital-uued\/\"]}]},{\"@type\":\"ImageObject\",\"inLanguage\":\"et\",\"@id\":\"https:\/\/www.outdoors.ee\/et\/toode\/tru-spec-army-combat-uniform-acu-puksid-digital-uued\/#primaryimage\",\"url\":\"https:\/\/www.outdoors.ee\/wp-content\/uploads\/2021\/09\/0845-Tru-Spec-ACU-trousers-digital6.jpg\",\"contentUrl\":\"https:\/\/www.outdoors.ee\/wp-content\/uploads\/2021\/09\/0845-Tru-Spec-ACU-trousers-digital6.jpg\",\"width\":1154,\"height\":1154},{\"@type\":\"BreadcrumbList\",\"@id\":\"https:\/\/www.outdoors.ee\/et\/toode\/tru-spec-army-combat-uniform-acu-puksid-digital-uued\/#breadcrumb\",\"itemListElement\":[{\"@type\":\"ListItem\",\"position\":1,\"name\":\"Home\",\"item\":\"https:\/\/www.outdoors.ee\/et\/\"},{\"@type\":\"ListItem\",\"position\":2,\"name\":\"Tooted\",\"item\":\"https:\/\/www.outdoors.ee\/products\/\"},{\"@type\":\"ListItem\",\"position\":3,\"name\":\"TRU-SPEC\u00ae Army Combat Uniform (ACU) p\u00fcksid Digital\"}]},{\"@type\":\"WebSite\",\"@id\":\"https:\/\/www.outdoors.ee\/#website\",\"url\":\"https:\/\/www.outdoors.ee\/\",\"name\":\"Outdoors\",\"description\":\"Genuine military surplus and not only!\",\"potentialAction\":[{\"@type\":\"SearchAction\",\"target\":{\"@type\":\"EntryPoint\",\"urlTemplate\":\"https:\/\/www.outdoors.ee\/?s={search_term_string}\"},\"query-input\":{\"@type\":\"PropertyValueSpecification\",\"valueRequired\":true,\"valueName\":\"search_term_string\"}}],\"inLanguage\":\"et\"}]}<\/script>\n<!-- \/ Yoast SEO plugin. -->","yoast_head_json":{"title":"TRU-SPEC\u00ae Army Combat Uniform (ACU) p\u00fcksid Digital, uued - outdoors.ee","description":"Toodetud TRU-SPEC\u00ae-i poolt USA s\u00f5jav\u00e4e spetsifikatsiooni j\u00e4rgi kortsumisvastasest CORDURA\u00ae nailoni ja puuvilla rip-stop segukangast. Lahinguvormi p\u00fcksid (style 1951) aktiivteenistuses s\u00f5jav\u00e4elastele, militaarorganisatsioonidele ning inimestele, kes ei lepi kompromissiga v\u00e4ljan\u00e4gemise ega kasutusomaduste osas. Omadused: pingutusn\u00f6\u00f6riga v\u00f6\u00f6koht n\u00f6\u00f6pidega eest suletavad laia v\u00f6\u00f6rihma aasad 2 s\u00fcgavat k\u00e4etaskut tugevdatud \u00f5mblusega tugevdatud tagaosa 2 nurga all asetsevat reietaskut mugavaks ligip\u00e4\u00e4suks reietaskud vee \u00e4ravoolu avadega ja pingutusn\u00f6\u00f6riga n\u00f6\u00f6pidega klapid taskutel tugevdatud p\u00f5lvekohad p\u00f5lvekaitsmete taskutega pingutusn\u00f6\u00f6ridega alt \u00a0 NB! Pildil olev suuruste tabel sisaldab kandja (mitte riideeseme) m\u00f5\u00f5te. Seisukord: uued \u00a0","robots":{"index":"index","follow":"follow","max-snippet":"max-snippet:-1","max-image-preview":"max-image-preview:large","max-video-preview":"max-video-preview:-1"},"canonical":"https:\/\/www.outdoors.ee\/et\/toode\/tru-spec-army-combat-uniform-acu-puksid-digital-uued\/","og_locale":"et_EE","og_type":"article","og_title":"TRU-SPEC\u00ae Army Combat Uniform (ACU) p\u00fcksid Digital, uued","og_description":"Toodetud TRU-SPEC\u00ae-i poolt USA s\u00f5jav\u00e4e spetsifikatsiooni j\u00e4rgi kortsumisvastasest CORDURA\u00ae nailoni ja puuvilla rip-stop segukangast. Lahinguvormi p\u00fcksid (style 1951) aktiivteenistuses s\u00f5jav\u00e4elastele, militaarorganisatsioonidele ning inimestele, kes ei lepi kompromissiga v\u00e4ljan\u00e4gemise ega kasutusomaduste osas. Omadused: pingutusn\u00f6\u00f6riga v\u00f6\u00f6koht n\u00f6\u00f6pidega eest suletavad laia v\u00f6\u00f6rihma aasad 2 s\u00fcgavat k\u00e4etaskut tugevdatud \u00f5mblusega tugevdatud tagaosa 2 nurga all asetsevat reietaskut mugavaks ligip\u00e4\u00e4suks reietaskud vee \u00e4ravoolu avadega ja pingutusn\u00f6\u00f6riga n\u00f6\u00f6pidega klapid taskutel tugevdatud p\u00f5lvekohad p\u00f5lvekaitsmete taskutega pingutusn\u00f6\u00f6ridega alt \u00a0 NB! Pildil olev suuruste tabel sisaldab kandja (mitte riideeseme) m\u00f5\u00f5te. Seisukord: uued \u00a0","og_url":"https:\/\/www.outdoors.ee\/et\/toode\/tru-spec-army-combat-uniform-acu-puksid-digital-uued\/","og_site_name":"Outdoors","article_modified_time":"2025-11-19T12:46:42+00:00","og_image":[{"width":1154,"height":1154,"url":"https:\/\/www.outdoors.ee\/wp-content\/uploads\/2021\/09\/0845-Tru-Spec-ACU-trousers-digital6.jpg","type":"image\/jpeg"}],"twitter_card":"summary_large_image","twitter_title":"TRU-SPEC\u00ae Army Combat Uniform (ACU) p\u00fcksid Digital, uued","twitter_misc":{"Est. reading time":"1 minut"},"schema":{"@context":"https:\/\/schema.org","@graph":[{"@type":"WebPage","@id":"https:\/\/www.outdoors.ee\/et\/toode\/tru-spec-army-combat-uniform-acu-puksid-digital-uued\/","url":"https:\/\/www.outdoors.ee\/et\/toode\/tru-spec-army-combat-uniform-acu-puksid-digital-uued\/","name":"TRU-SPEC\u00ae Army Combat Uniform (ACU) p\u00fcksid Digital, uued - outdoors.ee","isPartOf":{"@id":"https:\/\/www.outdoors.ee\/#website"},"primaryImageOfPage":{"@id":"https:\/\/www.outdoors.ee\/et\/toode\/tru-spec-army-combat-uniform-acu-puksid-digital-uued\/#primaryimage"},"image":{"@id":"https:\/\/www.outdoors.ee\/et\/toode\/tru-spec-army-combat-uniform-acu-puksid-digital-uued\/#primaryimage"},"thumbnailUrl":"https:\/\/www.outdoors.ee\/wp-content\/uploads\/2021\/09\/0845-Tru-Spec-ACU-trousers-digital6.jpg","datePublished":"2021-12-09T00:00:00+00:00","dateModified":"2025-11-19T12:46:42+00:00","description":"Toodetud TRU-SPEC\u00ae-i poolt USA s\u00f5jav\u00e4e spetsifikatsiooni j\u00e4rgi kortsumisvastasest CORDURA\u00ae nailoni ja puuvilla rip-stop segukangast. Lahinguvormi p\u00fcksid (style 1951) aktiivteenistuses s\u00f5jav\u00e4elastele, militaarorganisatsioonidele ning inimestele, kes ei lepi kompromissiga v\u00e4ljan\u00e4gemise ega kasutusomaduste osas. Omadused: pingutusn\u00f6\u00f6riga v\u00f6\u00f6koht n\u00f6\u00f6pidega eest suletavad laia v\u00f6\u00f6rihma aasad 2 s\u00fcgavat k\u00e4etaskut tugevdatud \u00f5mblusega tugevdatud tagaosa 2 nurga all asetsevat reietaskut mugavaks ligip\u00e4\u00e4suks reietaskud vee \u00e4ravoolu avadega ja pingutusn\u00f6\u00f6riga n\u00f6\u00f6pidega klapid taskutel tugevdatud p\u00f5lvekohad p\u00f5lvekaitsmete taskutega pingutusn\u00f6\u00f6ridega alt \u00a0 NB! Pildil olev suuruste tabel sisaldab kandja (mitte riideeseme) m\u00f5\u00f5te. Seisukord: uued \u00a0","breadcrumb":{"@id":"https:\/\/www.outdoors.ee\/et\/toode\/tru-spec-army-combat-uniform-acu-puksid-digital-uued\/#breadcrumb"},"inLanguage":"et","potentialAction":[{"@type":"ReadAction","target":["https:\/\/www.outdoors.ee\/et\/toode\/tru-spec-army-combat-uniform-acu-puksid-digital-uued\/"]}]},{"@type":"ImageObject","inLanguage":"et","@id":"https:\/\/www.outdoors.ee\/et\/toode\/tru-spec-army-combat-uniform-acu-puksid-digital-uued\/#primaryimage","url":"https:\/\/www.outdoors.ee\/wp-content\/uploads\/2021\/09\/0845-Tru-Spec-ACU-trousers-digital6.jpg","contentUrl":"https:\/\/www.outdoors.ee\/wp-content\/uploads\/2021\/09\/0845-Tru-Spec-ACU-trousers-digital6.jpg","width":1154,"height":1154},{"@type":"BreadcrumbList","@id":"https:\/\/www.outdoors.ee\/et\/toode\/tru-spec-army-combat-uniform-acu-puksid-digital-uued\/#breadcrumb","itemListElement":[{"@type":"ListItem","position":1,"name":"Home","item":"https:\/\/www.outdoors.ee\/et\/"},{"@type":"ListItem","position":2,"name":"Tooted","item":"https:\/\/www.outdoors.ee\/products\/"},{"@type":"ListItem","position":3,"name":"TRU-SPEC\u00ae Army Combat Uniform (ACU) p\u00fcksid Digital"}]},{"@type":"WebSite","@id":"https:\/\/www.outdoors.ee\/#website","url":"https:\/\/www.outdoors.ee\/","name":"Outdoors","description":"Genuine military surplus and not only!","potentialAction":[{"@type":"SearchAction","target":{"@type":"EntryPoint","urlTemplate":"https:\/\/www.outdoors.ee\/?s={search_term_string}"},"query-input":{"@type":"PropertyValueSpecification","valueRequired":true,"valueName":"search_term_string"}}],"inLanguage":"et"}]}},"_links":{"self":[{"href":"https:\/\/www.outdoors.ee\/et\/wp-json\/wp\/v2\/product\/60249","targetHints":{"allow":["GET"]}}],"collection":[{"href":"https:\/\/www.outdoors.ee\/et\/wp-json\/wp\/v2\/product"}],"about":[{"href":"https:\/\/www.outdoors.ee\/et\/wp-json\/wp\/v2\/types\/product"}],"wp:featuredmedia":[{"embeddable":true,"href":"https:\/\/www.outdoors.ee\/et\/wp-json\/wp\/v2\/media\/18307"}],"wp:attachment":[{"href":"https:\/\/www.outdoors.ee\/et\/wp-json\/wp\/v2\/media?parent=60249"}],"wp:term":[{"taxonomy":"product_brand","embeddable":true,"href":"https:\/\/www.outdoors.ee\/et\/wp-json\/wp\/v2\/product_brand?post=60249"},{"taxonomy":"product_cat","embeddable":true,"href":"https:\/\/www.outdoors.ee\/et\/wp-json\/wp\/v2\/product_cat?post=60249"},{"taxonomy":"product_tag","embeddable":true,"href":"https:\/\/www.outdoors.ee\/et\/wp-json\/wp\/v2\/product_tag?post=60249"}],"curies":[{"name":"wp","href":"https:\/\/api.w.org\/{rel}","templated":true}]}}