{"id":60211,"date":"2021-12-09T00:00:00","date_gmt":"2021-12-09T00:00:00","guid":{"rendered":"https:\/\/www.outdoors.ee\/product\/usa-armee-m65-jope-3-colour-desert\/"},"modified":"2022-11-08T17:23:37","modified_gmt":"2022-11-08T15:23:37","slug":"usa-armee-m65-jope-3-colour-desert","status":"publish","type":"product","link":"https:\/\/www.outdoors.ee\/et\/toode\/usa-armee-m65-jope-3-colour-desert\/","title":{"rendered":"USA Armee M65 jope 3 Colour Desert"},"content":{"rendered":"<p>USA-s toodetud USA s\u00f5jav\u00e4e originaal kahekihilise struktuuriga M65 jope 3-v\u00e4rvilisest k\u00f5rbelaigus.<\/p>\n<p><strong>Omadused:<\/strong><\/p>\n<ul>\n<li>vetth\u00fclgav materjal<\/li>\n<li>puuvillane mitte-eemaldatav sisevooder<\/li>\n<li>k\u00f5rge p\u00fcstkrae<\/li>\n<li>kraesse kokkupandav kapuuts<\/li>\n<li>takjapealaga reguleeritav manseti laius<\/li>\n<li>v\u00f6\u00f6koha ja alumise \u00e4\u00e4re pingutusn\u00f6\u00f6rid<\/li>\n<li>4 suurt taskut ees<\/li>\n<li>vastupidav t\u00f5mblukk ja trukkidega klapp ees<\/li>\n<li>laia l\u00f5ikega, kuna on m\u00f5eldud kandmiseks pealiskihina, v\u00f5ib sobida v\u00e4iksemale Medium suuruse kandjale<\/li>\n<\/ul>\n<p><strong>Materjal:<\/strong>\u00a0pealiskiht 50% puuvill 50% nailon, sisevooder 100% puuvill<\/p>\n<p><strong>Seisukord:<\/strong> uus (otse tehase kastidest)<\/p>\n","protected":false},"excerpt":{"rendered":"<p>USA Armee M65 v\u00e4lijope, 3 Colour Desert<\/p>\n","protected":false},"featured_media":11375,"template":"","meta":[],"product_brand":[],"product_cat":[101],"product_tag":[],"class_list":{"0":"post-60211","1":"product","2":"type-product","3":"status-publish","4":"has-post-thumbnail","6":"product_cat-joped-parkad","7":"pa_brand-us-military-surplus","8":"pa_size-small-long-2","9":"pa_size-small-regular-2","11":"first","12":"instock","13":"taxable","14":"shipping-taxable","15":"purchasable","16":"product-type-variable"},"yoast_head":"<!-- This site is optimized with the Yoast SEO plugin v27.2 - https:\/\/yoast.com\/product\/yoast-seo-wordpress\/ -->\n<title>USA Armee M65 jope 3 Colour Desert - outdoors.ee<\/title>\n<meta name=\"description\" content=\"USA-s toodetud USA s\u00f5jav\u00e4e originaal kahekihilise struktuuriga M65 jope 3-v\u00e4rvilisest k\u00f5rbelaigus. Omadused: vetth\u00fclgav materjal puuvillane mitte-eemaldatav sisevooder k\u00f5rge p\u00fcstkrae kraesse kokkupandav kapuuts takjapealaga reguleeritav manseti laius v\u00f6\u00f6koha ja alumise \u00e4\u00e4re pingutusn\u00f6\u00f6rid 4 suurt taskut ees vastupidav t\u00f5mblukk ja trukkidega klapp ees laia l\u00f5ikega, kuna on m\u00f5eldud kandmiseks pealiskihina, v\u00f5ib sobida v\u00e4iksemale Medium Regular suuruse kandjale\u00a0 Materjal:\u00a0pealiskiht 50% puuvill 50% nailon, sisevooder 100% puuvill NATO Suurus: 7080\/8494 (pikkusele 170-180cm, R\u00dc 84-94cm) Seisukord: uus\u00a0\" \/>\n<meta name=\"robots\" content=\"index, follow, max-snippet:-1, max-image-preview:large, max-video-preview:-1\" \/>\n<link rel=\"canonical\" href=\"https:\/\/www.outdoors.ee\/toode\/us-army-m65-field-jacket-3-colour-desert\/\" \/>\n<meta property=\"og:locale\" content=\"et_EE\" \/>\n<meta property=\"og:type\" content=\"article\" \/>\n<meta property=\"og:title\" content=\"USA Armee M65 jope 3 Colour Desert\" \/>\n<meta property=\"og:description\" content=\"USA-s toodetud USA s\u00f5jav\u00e4e originaal kahekihilise struktuuriga M65 jope 3-v\u00e4rvilisest k\u00f5rbelaigus. Omadused: vetth\u00fclgav materjal puuvillane mitte-eemaldatav sisevooder k\u00f5rge p\u00fcstkrae kraesse kokkupandav kapuuts takjapealaga reguleeritav manseti laius v\u00f6\u00f6koha ja alumise \u00e4\u00e4re pingutusn\u00f6\u00f6rid 4 suurt taskut ees vastupidav t\u00f5mblukk ja trukkidega klapp ees laia l\u00f5ikega, kuna on m\u00f5eldud kandmiseks pealiskihina, v\u00f5ib sobida v\u00e4iksemale Medium Regular suuruse kandjale\u00a0 Materjal:\u00a0pealiskiht 50% puuvill 50% nailon, sisevooder 100% puuvill NATO Suurus: 7080\/8494 (pikkusele 170-180cm, R\u00dc 84-94cm) Seisukord: uus\u00a0\" \/>\n<meta property=\"og:url\" content=\"https:\/\/www.outdoors.ee\/toode\/us-army-m65-field-jacket-3-colour-desert\/\" \/>\n<meta property=\"og:site_name\" content=\"Outdoors\" \/>\n<meta property=\"article:modified_time\" content=\"2022-11-08T15:23:37+00:00\" \/>\n<meta property=\"og:image\" content=\"https:\/\/www.outdoors.ee\/wp-content\/uploads\/2021\/08\/0839-US-Army-M65-Field-Jacket-3-Colour-Desert.jpg\" \/>\n\t<meta property=\"og:image:width\" content=\"460\" \/>\n\t<meta property=\"og:image:height\" content=\"450\" \/>\n\t<meta property=\"og:image:type\" content=\"image\/jpeg\" \/>\n<meta name=\"twitter:card\" content=\"summary_large_image\" \/>\n<meta name=\"twitter:title\" content=\"USA Armee M65 jope 3 Colour Desert\" \/>\n<meta name=\"twitter:label1\" content=\"Est. reading time\" \/>\n\t<meta name=\"twitter:data1\" content=\"1 minut\" \/>\n<script type=\"application\/ld+json\" class=\"yoast-schema-graph\">{\"@context\":\"https:\/\/schema.org\",\"@graph\":[{\"@type\":\"WebPage\",\"@id\":\"https:\/\/www.outdoors.ee\/toode\/us-army-m65-field-jacket-3-colour-desert\/\",\"url\":\"https:\/\/www.outdoors.ee\/toode\/us-army-m65-field-jacket-3-colour-desert\/\",\"name\":\"USA Armee M65 jope 3 Colour Desert - outdoors.ee\",\"isPartOf\":{\"@id\":\"https:\/\/www.outdoors.ee\/#website\"},\"primaryImageOfPage\":{\"@id\":\"https:\/\/www.outdoors.ee\/toode\/us-army-m65-field-jacket-3-colour-desert\/#primaryimage\"},\"image\":{\"@id\":\"https:\/\/www.outdoors.ee\/toode\/us-army-m65-field-jacket-3-colour-desert\/#primaryimage\"},\"thumbnailUrl\":\"https:\/\/www.outdoors.ee\/wp-content\/uploads\/2021\/08\/0839-US-Army-M65-Field-Jacket-3-Colour-Desert.jpg\",\"datePublished\":\"2021-12-09T00:00:00+00:00\",\"dateModified\":\"2022-11-08T15:23:37+00:00\",\"description\":\"USA-s toodetud USA s\u00f5jav\u00e4e originaal kahekihilise struktuuriga M65 jope 3-v\u00e4rvilisest k\u00f5rbelaigus. Omadused: vetth\u00fclgav materjal puuvillane mitte-eemaldatav sisevooder k\u00f5rge p\u00fcstkrae kraesse kokkupandav kapuuts takjapealaga reguleeritav manseti laius v\u00f6\u00f6koha ja alumise \u00e4\u00e4re pingutusn\u00f6\u00f6rid 4 suurt taskut ees vastupidav t\u00f5mblukk ja trukkidega klapp ees laia l\u00f5ikega, kuna on m\u00f5eldud kandmiseks pealiskihina, v\u00f5ib sobida v\u00e4iksemale Medium Regular suuruse kandjale\u00a0 Materjal:\u00a0pealiskiht 50% puuvill 50% nailon, sisevooder 100% puuvill NATO Suurus: 7080\/8494 (pikkusele 170-180cm, R\u00dc 84-94cm) Seisukord: uus\u00a0\",\"breadcrumb\":{\"@id\":\"https:\/\/www.outdoors.ee\/toode\/us-army-m65-field-jacket-3-colour-desert\/#breadcrumb\"},\"inLanguage\":\"et\",\"potentialAction\":[{\"@type\":\"ReadAction\",\"target\":[\"https:\/\/www.outdoors.ee\/toode\/us-army-m65-field-jacket-3-colour-desert\/\"]}]},{\"@type\":\"ImageObject\",\"inLanguage\":\"et\",\"@id\":\"https:\/\/www.outdoors.ee\/toode\/us-army-m65-field-jacket-3-colour-desert\/#primaryimage\",\"url\":\"https:\/\/www.outdoors.ee\/wp-content\/uploads\/2021\/08\/0839-US-Army-M65-Field-Jacket-3-Colour-Desert.jpg\",\"contentUrl\":\"https:\/\/www.outdoors.ee\/wp-content\/uploads\/2021\/08\/0839-US-Army-M65-Field-Jacket-3-Colour-Desert.jpg\",\"width\":460,\"height\":450},{\"@type\":\"BreadcrumbList\",\"@id\":\"https:\/\/www.outdoors.ee\/toode\/us-army-m65-field-jacket-3-colour-desert\/#breadcrumb\",\"itemListElement\":[{\"@type\":\"ListItem\",\"position\":1,\"name\":\"Home\",\"item\":\"https:\/\/www.outdoors.ee\/et\/\"},{\"@type\":\"ListItem\",\"position\":2,\"name\":\"Tooted\",\"item\":\"https:\/\/www.outdoors.ee\/products\/\"},{\"@type\":\"ListItem\",\"position\":3,\"name\":\"USA Armee M65 jope 3 Colour Desert\"}]},{\"@type\":\"WebSite\",\"@id\":\"https:\/\/www.outdoors.ee\/#website\",\"url\":\"https:\/\/www.outdoors.ee\/\",\"name\":\"Outdoors\",\"description\":\"Genuine military surplus and not only!\",\"potentialAction\":[{\"@type\":\"SearchAction\",\"target\":{\"@type\":\"EntryPoint\",\"urlTemplate\":\"https:\/\/www.outdoors.ee\/?s={search_term_string}\"},\"query-input\":{\"@type\":\"PropertyValueSpecification\",\"valueRequired\":true,\"valueName\":\"search_term_string\"}}],\"inLanguage\":\"et\"}]}<\/script>\n<!-- \/ Yoast SEO plugin. -->","yoast_head_json":{"title":"USA Armee M65 jope 3 Colour Desert - outdoors.ee","description":"USA-s toodetud USA s\u00f5jav\u00e4e originaal kahekihilise struktuuriga M65 jope 3-v\u00e4rvilisest k\u00f5rbelaigus. Omadused: vetth\u00fclgav materjal puuvillane mitte-eemaldatav sisevooder k\u00f5rge p\u00fcstkrae kraesse kokkupandav kapuuts takjapealaga reguleeritav manseti laius v\u00f6\u00f6koha ja alumise \u00e4\u00e4re pingutusn\u00f6\u00f6rid 4 suurt taskut ees vastupidav t\u00f5mblukk ja trukkidega klapp ees laia l\u00f5ikega, kuna on m\u00f5eldud kandmiseks pealiskihina, v\u00f5ib sobida v\u00e4iksemale Medium Regular suuruse kandjale\u00a0 Materjal:\u00a0pealiskiht 50% puuvill 50% nailon, sisevooder 100% puuvill NATO Suurus: 7080\/8494 (pikkusele 170-180cm, R\u00dc 84-94cm) Seisukord: uus\u00a0","robots":{"index":"index","follow":"follow","max-snippet":"max-snippet:-1","max-image-preview":"max-image-preview:large","max-video-preview":"max-video-preview:-1"},"canonical":"https:\/\/www.outdoors.ee\/toode\/us-army-m65-field-jacket-3-colour-desert\/","og_locale":"et_EE","og_type":"article","og_title":"USA Armee M65 jope 3 Colour Desert","og_description":"USA-s toodetud USA s\u00f5jav\u00e4e originaal kahekihilise struktuuriga M65 jope 3-v\u00e4rvilisest k\u00f5rbelaigus. Omadused: vetth\u00fclgav materjal puuvillane mitte-eemaldatav sisevooder k\u00f5rge p\u00fcstkrae kraesse kokkupandav kapuuts takjapealaga reguleeritav manseti laius v\u00f6\u00f6koha ja alumise \u00e4\u00e4re pingutusn\u00f6\u00f6rid 4 suurt taskut ees vastupidav t\u00f5mblukk ja trukkidega klapp ees laia l\u00f5ikega, kuna on m\u00f5eldud kandmiseks pealiskihina, v\u00f5ib sobida v\u00e4iksemale Medium Regular suuruse kandjale\u00a0 Materjal:\u00a0pealiskiht 50% puuvill 50% nailon, sisevooder 100% puuvill NATO Suurus: 7080\/8494 (pikkusele 170-180cm, R\u00dc 84-94cm) Seisukord: uus\u00a0","og_url":"https:\/\/www.outdoors.ee\/toode\/us-army-m65-field-jacket-3-colour-desert\/","og_site_name":"Outdoors","article_modified_time":"2022-11-08T15:23:37+00:00","og_image":[{"width":460,"height":450,"url":"https:\/\/www.outdoors.ee\/wp-content\/uploads\/2021\/08\/0839-US-Army-M65-Field-Jacket-3-Colour-Desert.jpg","type":"image\/jpeg"}],"twitter_card":"summary_large_image","twitter_title":"USA Armee M65 jope 3 Colour Desert","twitter_misc":{"Est. reading time":"1 minut"},"schema":{"@context":"https:\/\/schema.org","@graph":[{"@type":"WebPage","@id":"https:\/\/www.outdoors.ee\/toode\/us-army-m65-field-jacket-3-colour-desert\/","url":"https:\/\/www.outdoors.ee\/toode\/us-army-m65-field-jacket-3-colour-desert\/","name":"USA Armee M65 jope 3 Colour Desert - outdoors.ee","isPartOf":{"@id":"https:\/\/www.outdoors.ee\/#website"},"primaryImageOfPage":{"@id":"https:\/\/www.outdoors.ee\/toode\/us-army-m65-field-jacket-3-colour-desert\/#primaryimage"},"image":{"@id":"https:\/\/www.outdoors.ee\/toode\/us-army-m65-field-jacket-3-colour-desert\/#primaryimage"},"thumbnailUrl":"https:\/\/www.outdoors.ee\/wp-content\/uploads\/2021\/08\/0839-US-Army-M65-Field-Jacket-3-Colour-Desert.jpg","datePublished":"2021-12-09T00:00:00+00:00","dateModified":"2022-11-08T15:23:37+00:00","description":"USA-s toodetud USA s\u00f5jav\u00e4e originaal kahekihilise struktuuriga M65 jope 3-v\u00e4rvilisest k\u00f5rbelaigus. Omadused: vetth\u00fclgav materjal puuvillane mitte-eemaldatav sisevooder k\u00f5rge p\u00fcstkrae kraesse kokkupandav kapuuts takjapealaga reguleeritav manseti laius v\u00f6\u00f6koha ja alumise \u00e4\u00e4re pingutusn\u00f6\u00f6rid 4 suurt taskut ees vastupidav t\u00f5mblukk ja trukkidega klapp ees laia l\u00f5ikega, kuna on m\u00f5eldud kandmiseks pealiskihina, v\u00f5ib sobida v\u00e4iksemale Medium Regular suuruse kandjale\u00a0 Materjal:\u00a0pealiskiht 50% puuvill 50% nailon, sisevooder 100% puuvill NATO Suurus: 7080\/8494 (pikkusele 170-180cm, R\u00dc 84-94cm) Seisukord: uus\u00a0","breadcrumb":{"@id":"https:\/\/www.outdoors.ee\/toode\/us-army-m65-field-jacket-3-colour-desert\/#breadcrumb"},"inLanguage":"et","potentialAction":[{"@type":"ReadAction","target":["https:\/\/www.outdoors.ee\/toode\/us-army-m65-field-jacket-3-colour-desert\/"]}]},{"@type":"ImageObject","inLanguage":"et","@id":"https:\/\/www.outdoors.ee\/toode\/us-army-m65-field-jacket-3-colour-desert\/#primaryimage","url":"https:\/\/www.outdoors.ee\/wp-content\/uploads\/2021\/08\/0839-US-Army-M65-Field-Jacket-3-Colour-Desert.jpg","contentUrl":"https:\/\/www.outdoors.ee\/wp-content\/uploads\/2021\/08\/0839-US-Army-M65-Field-Jacket-3-Colour-Desert.jpg","width":460,"height":450},{"@type":"BreadcrumbList","@id":"https:\/\/www.outdoors.ee\/toode\/us-army-m65-field-jacket-3-colour-desert\/#breadcrumb","itemListElement":[{"@type":"ListItem","position":1,"name":"Home","item":"https:\/\/www.outdoors.ee\/et\/"},{"@type":"ListItem","position":2,"name":"Tooted","item":"https:\/\/www.outdoors.ee\/products\/"},{"@type":"ListItem","position":3,"name":"USA Armee M65 jope 3 Colour Desert"}]},{"@type":"WebSite","@id":"https:\/\/www.outdoors.ee\/#website","url":"https:\/\/www.outdoors.ee\/","name":"Outdoors","description":"Genuine military surplus and not only!","potentialAction":[{"@type":"SearchAction","target":{"@type":"EntryPoint","urlTemplate":"https:\/\/www.outdoors.ee\/?s={search_term_string}"},"query-input":{"@type":"PropertyValueSpecification","valueRequired":true,"valueName":"search_term_string"}}],"inLanguage":"et"}]}},"_links":{"self":[{"href":"https:\/\/www.outdoors.ee\/et\/wp-json\/wp\/v2\/product\/60211","targetHints":{"allow":["GET"]}}],"collection":[{"href":"https:\/\/www.outdoors.ee\/et\/wp-json\/wp\/v2\/product"}],"about":[{"href":"https:\/\/www.outdoors.ee\/et\/wp-json\/wp\/v2\/types\/product"}],"wp:featuredmedia":[{"embeddable":true,"href":"https:\/\/www.outdoors.ee\/et\/wp-json\/wp\/v2\/media\/11375"}],"wp:attachment":[{"href":"https:\/\/www.outdoors.ee\/et\/wp-json\/wp\/v2\/media?parent=60211"}],"wp:term":[{"taxonomy":"product_brand","embeddable":true,"href":"https:\/\/www.outdoors.ee\/et\/wp-json\/wp\/v2\/product_brand?post=60211"},{"taxonomy":"product_cat","embeddable":true,"href":"https:\/\/www.outdoors.ee\/et\/wp-json\/wp\/v2\/product_cat?post=60211"},{"taxonomy":"product_tag","embeddable":true,"href":"https:\/\/www.outdoors.ee\/et\/wp-json\/wp\/v2\/product_tag?post=60211"}],"curies":[{"name":"wp","href":"https:\/\/api.w.org\/{rel}","templated":true}]}}