{"id":60196,"date":"2021-12-09T00:00:00","date_gmt":"2021-12-09T00:00:00","guid":{"rendered":"https:\/\/www.outdoors.ee\/product\/saksa-merevae-saapad-taisnahast\/"},"modified":"2024-04-12T08:19:18","modified_gmt":"2024-04-12T05:19:18","slug":"saksa-merevae-saapad-taisnahast","status":"publish","type":"product","link":"https:\/\/www.outdoors.ee\/et\/toode\/saksa-merevae-saapad-taisnahast\/","title":{"rendered":"Saksa Merev\u00e4e saapad t\u00e4isnahast"},"content":{"rendered":"<p style=\"text-align: justify;\">Vastupidavad Saksa Merev\u00e4e saapad paksust ja tugevast t\u00e4isnahast, libisemisvastase kummist tallaga ning pingitusrihma ja pandlaga s\u00e4\u00e4re \u00fclaosas.<\/p>\n<p style=\"text-align: justify;\">Toodetud Saksamaal.<\/p>\n<p style=\"text-align: justify;\"><strong>Seisukord<\/strong>:<\/p>\n<ul>\n<li>uued (v\u00f5ivad sisaldada hulgiladustamise j\u00e4lgi)<\/li>\n<li>uuev\u00e4\u00e4rsed (sisaldavad kergeid kulumisj\u00e4lgi)<\/li>\n<li>kasutatud, Grade 1 (sisaldavad m\u00f5\u00f5dukaid kulumisj\u00e4lgi, v\u00f5ivad sisaldada v\u00e4iksemaid vigastusi ning olla kergelt m\u00e4\u00e4rdunud, sisetallad v\u00f5ivad olla eemaldatud)<\/li>\n<\/ul>\n","protected":false},"excerpt":{"rendered":"<p>Saksa Merev\u00e4e saapad t\u00e4isnahast, must<\/p>\n","protected":false},"featured_media":18287,"template":"","meta":[],"product_brand":[],"product_cat":[70],"product_tag":[],"class_list":{"0":"post-60196","1":"product","2":"type-product","3":"status-publish","4":"has-post-thumbnail","6":"product_cat-jalanoud","7":"pa_brand-german-military-surplus","8":"pa_condition-kasutatud-grade-1","9":"pa_condition-uuevaarne","10":"pa_condition-uus","11":"pa_size-265-2","12":"pa_size-270-2","13":"pa_size-275-2","14":"pa_size-280-2","15":"pa_size-285-2","16":"pa_size-290-2","17":"pa_size-295-2","18":"pa_size-300-2","20":"first","21":"instock","22":"taxable","23":"shipping-taxable","24":"purchasable","25":"product-type-variable"},"yoast_head":"<!-- This site is optimized with the Yoast SEO plugin v27.2 - https:\/\/yoast.com\/product\/yoast-seo-wordpress\/ -->\n<title>Saksa Merev\u00e4e saapad t\u00e4isnahast - outdoors.ee<\/title>\n<meta name=\"description\" content=\"Vastupidavad Saksa Merev&auml;e saapad paksust ja tugevast t&auml;isnahast, libisemisvastase kummist tallaga ning pingitusrihma ja pandlaga s&auml;&auml;re &uuml;laosas. Toodetud Saksamaal. Seisukord: uued (v&otilde;ivad sisaldada hulgiladustamise j&auml;lgi) uuev&auml;&auml;rsed (v&otilde;ivad sisaldada vaid minimaalseid kulumisj&auml;lgi)\" \/>\n<meta name=\"robots\" content=\"index, follow, max-snippet:-1, max-image-preview:large, max-video-preview:-1\" \/>\n<link rel=\"canonical\" href=\"https:\/\/www.outdoors.ee\/et\/toode\/saksa-merevae-saapad-taisnahast\/\" \/>\n<meta property=\"og:locale\" content=\"et_EE\" \/>\n<meta property=\"og:type\" content=\"article\" \/>\n<meta property=\"og:title\" content=\"Saksa Merev\u00e4e saapad t\u00e4isnahast\" \/>\n<meta property=\"og:description\" content=\"Vastupidavad Saksa Merev&auml;e saapad paksust ja tugevast t&auml;isnahast, libisemisvastase kummist tallaga ning pingitusrihma ja pandlaga s&auml;&auml;re &uuml;laosas. Toodetud Saksamaal. Seisukord: uued (v&otilde;ivad sisaldada hulgiladustamise j&auml;lgi) uuev&auml;&auml;rsed (v&otilde;ivad sisaldada vaid minimaalseid kulumisj&auml;lgi)\" \/>\n<meta property=\"og:url\" content=\"https:\/\/www.outdoors.ee\/et\/toode\/saksa-merevae-saapad-taisnahast\/\" \/>\n<meta property=\"og:site_name\" content=\"Outdoors\" \/>\n<meta property=\"article:modified_time\" content=\"2024-04-12T05:19:18+00:00\" \/>\n<meta property=\"og:image\" content=\"https:\/\/www.outdoors.ee\/wp-content\/uploads\/2021\/09\/0837-German-Navy-Leather-Boots.jpg\" \/>\n\t<meta property=\"og:image:width\" content=\"1144\" \/>\n\t<meta property=\"og:image:height\" content=\"1200\" \/>\n\t<meta property=\"og:image:type\" content=\"image\/jpeg\" \/>\n<meta name=\"twitter:card\" content=\"summary_large_image\" \/>\n<meta name=\"twitter:title\" content=\"Saksa Merev\u00e4e saapad t\u00e4isnahast\" \/>\n<script type=\"application\/ld+json\" class=\"yoast-schema-graph\">{\"@context\":\"https:\/\/schema.org\",\"@graph\":[{\"@type\":\"WebPage\",\"@id\":\"https:\/\/www.outdoors.ee\/et\/toode\/saksa-merevae-saapad-taisnahast\/\",\"url\":\"https:\/\/www.outdoors.ee\/et\/toode\/saksa-merevae-saapad-taisnahast\/\",\"name\":\"Saksa Merev\u00e4e saapad t\u00e4isnahast - outdoors.ee\",\"isPartOf\":{\"@id\":\"https:\/\/www.outdoors.ee\/#website\"},\"primaryImageOfPage\":{\"@id\":\"https:\/\/www.outdoors.ee\/et\/toode\/saksa-merevae-saapad-taisnahast\/#primaryimage\"},\"image\":{\"@id\":\"https:\/\/www.outdoors.ee\/et\/toode\/saksa-merevae-saapad-taisnahast\/#primaryimage\"},\"thumbnailUrl\":\"https:\/\/www.outdoors.ee\/wp-content\/uploads\/2021\/09\/0837-German-Navy-Leather-Boots.jpg\",\"datePublished\":\"2021-12-09T00:00:00+00:00\",\"dateModified\":\"2024-04-12T05:19:18+00:00\",\"description\":\"Vastupidavad Saksa Merev&auml;e saapad paksust ja tugevast t&auml;isnahast, libisemisvastase kummist tallaga ning pingitusrihma ja pandlaga s&auml;&auml;re &uuml;laosas. Toodetud Saksamaal. Seisukord: uued (v&otilde;ivad sisaldada hulgiladustamise j&auml;lgi) uuev&auml;&auml;rsed (v&otilde;ivad sisaldada vaid minimaalseid kulumisj&auml;lgi)\",\"breadcrumb\":{\"@id\":\"https:\/\/www.outdoors.ee\/et\/toode\/saksa-merevae-saapad-taisnahast\/#breadcrumb\"},\"inLanguage\":\"et\",\"potentialAction\":[{\"@type\":\"ReadAction\",\"target\":[\"https:\/\/www.outdoors.ee\/et\/toode\/saksa-merevae-saapad-taisnahast\/\"]}]},{\"@type\":\"ImageObject\",\"inLanguage\":\"et\",\"@id\":\"https:\/\/www.outdoors.ee\/et\/toode\/saksa-merevae-saapad-taisnahast\/#primaryimage\",\"url\":\"https:\/\/www.outdoors.ee\/wp-content\/uploads\/2021\/09\/0837-German-Navy-Leather-Boots.jpg\",\"contentUrl\":\"https:\/\/www.outdoors.ee\/wp-content\/uploads\/2021\/09\/0837-German-Navy-Leather-Boots.jpg\",\"width\":1144,\"height\":1200},{\"@type\":\"BreadcrumbList\",\"@id\":\"https:\/\/www.outdoors.ee\/et\/toode\/saksa-merevae-saapad-taisnahast\/#breadcrumb\",\"itemListElement\":[{\"@type\":\"ListItem\",\"position\":1,\"name\":\"Home\",\"item\":\"https:\/\/www.outdoors.ee\/et\/\"},{\"@type\":\"ListItem\",\"position\":2,\"name\":\"Tooted\",\"item\":\"https:\/\/www.outdoors.ee\/products\/\"},{\"@type\":\"ListItem\",\"position\":3,\"name\":\"Saksa Merev\u00e4e saapad t\u00e4isnahast\"}]},{\"@type\":\"WebSite\",\"@id\":\"https:\/\/www.outdoors.ee\/#website\",\"url\":\"https:\/\/www.outdoors.ee\/\",\"name\":\"Outdoors\",\"description\":\"Genuine military surplus and not only!\",\"potentialAction\":[{\"@type\":\"SearchAction\",\"target\":{\"@type\":\"EntryPoint\",\"urlTemplate\":\"https:\/\/www.outdoors.ee\/?s={search_term_string}\"},\"query-input\":{\"@type\":\"PropertyValueSpecification\",\"valueRequired\":true,\"valueName\":\"search_term_string\"}}],\"inLanguage\":\"et\"}]}<\/script>\n<!-- \/ Yoast SEO plugin. -->","yoast_head_json":{"title":"Saksa Merev\u00e4e saapad t\u00e4isnahast - outdoors.ee","description":"Vastupidavad Saksa Merev&auml;e saapad paksust ja tugevast t&auml;isnahast, libisemisvastase kummist tallaga ning pingitusrihma ja pandlaga s&auml;&auml;re &uuml;laosas. Toodetud Saksamaal. Seisukord: uued (v&otilde;ivad sisaldada hulgiladustamise j&auml;lgi) uuev&auml;&auml;rsed (v&otilde;ivad sisaldada vaid minimaalseid kulumisj&auml;lgi)","robots":{"index":"index","follow":"follow","max-snippet":"max-snippet:-1","max-image-preview":"max-image-preview:large","max-video-preview":"max-video-preview:-1"},"canonical":"https:\/\/www.outdoors.ee\/et\/toode\/saksa-merevae-saapad-taisnahast\/","og_locale":"et_EE","og_type":"article","og_title":"Saksa Merev\u00e4e saapad t\u00e4isnahast","og_description":"Vastupidavad Saksa Merev&auml;e saapad paksust ja tugevast t&auml;isnahast, libisemisvastase kummist tallaga ning pingitusrihma ja pandlaga s&auml;&auml;re &uuml;laosas. Toodetud Saksamaal. Seisukord: uued (v&otilde;ivad sisaldada hulgiladustamise j&auml;lgi) uuev&auml;&auml;rsed (v&otilde;ivad sisaldada vaid minimaalseid kulumisj&auml;lgi)","og_url":"https:\/\/www.outdoors.ee\/et\/toode\/saksa-merevae-saapad-taisnahast\/","og_site_name":"Outdoors","article_modified_time":"2024-04-12T05:19:18+00:00","og_image":[{"width":1144,"height":1200,"url":"https:\/\/www.outdoors.ee\/wp-content\/uploads\/2021\/09\/0837-German-Navy-Leather-Boots.jpg","type":"image\/jpeg"}],"twitter_card":"summary_large_image","twitter_title":"Saksa Merev\u00e4e saapad t\u00e4isnahast","schema":{"@context":"https:\/\/schema.org","@graph":[{"@type":"WebPage","@id":"https:\/\/www.outdoors.ee\/et\/toode\/saksa-merevae-saapad-taisnahast\/","url":"https:\/\/www.outdoors.ee\/et\/toode\/saksa-merevae-saapad-taisnahast\/","name":"Saksa Merev\u00e4e saapad t\u00e4isnahast - outdoors.ee","isPartOf":{"@id":"https:\/\/www.outdoors.ee\/#website"},"primaryImageOfPage":{"@id":"https:\/\/www.outdoors.ee\/et\/toode\/saksa-merevae-saapad-taisnahast\/#primaryimage"},"image":{"@id":"https:\/\/www.outdoors.ee\/et\/toode\/saksa-merevae-saapad-taisnahast\/#primaryimage"},"thumbnailUrl":"https:\/\/www.outdoors.ee\/wp-content\/uploads\/2021\/09\/0837-German-Navy-Leather-Boots.jpg","datePublished":"2021-12-09T00:00:00+00:00","dateModified":"2024-04-12T05:19:18+00:00","description":"Vastupidavad Saksa Merev&auml;e saapad paksust ja tugevast t&auml;isnahast, libisemisvastase kummist tallaga ning pingitusrihma ja pandlaga s&auml;&auml;re &uuml;laosas. Toodetud Saksamaal. Seisukord: uued (v&otilde;ivad sisaldada hulgiladustamise j&auml;lgi) uuev&auml;&auml;rsed (v&otilde;ivad sisaldada vaid minimaalseid kulumisj&auml;lgi)","breadcrumb":{"@id":"https:\/\/www.outdoors.ee\/et\/toode\/saksa-merevae-saapad-taisnahast\/#breadcrumb"},"inLanguage":"et","potentialAction":[{"@type":"ReadAction","target":["https:\/\/www.outdoors.ee\/et\/toode\/saksa-merevae-saapad-taisnahast\/"]}]},{"@type":"ImageObject","inLanguage":"et","@id":"https:\/\/www.outdoors.ee\/et\/toode\/saksa-merevae-saapad-taisnahast\/#primaryimage","url":"https:\/\/www.outdoors.ee\/wp-content\/uploads\/2021\/09\/0837-German-Navy-Leather-Boots.jpg","contentUrl":"https:\/\/www.outdoors.ee\/wp-content\/uploads\/2021\/09\/0837-German-Navy-Leather-Boots.jpg","width":1144,"height":1200},{"@type":"BreadcrumbList","@id":"https:\/\/www.outdoors.ee\/et\/toode\/saksa-merevae-saapad-taisnahast\/#breadcrumb","itemListElement":[{"@type":"ListItem","position":1,"name":"Home","item":"https:\/\/www.outdoors.ee\/et\/"},{"@type":"ListItem","position":2,"name":"Tooted","item":"https:\/\/www.outdoors.ee\/products\/"},{"@type":"ListItem","position":3,"name":"Saksa Merev\u00e4e saapad t\u00e4isnahast"}]},{"@type":"WebSite","@id":"https:\/\/www.outdoors.ee\/#website","url":"https:\/\/www.outdoors.ee\/","name":"Outdoors","description":"Genuine military surplus and not only!","potentialAction":[{"@type":"SearchAction","target":{"@type":"EntryPoint","urlTemplate":"https:\/\/www.outdoors.ee\/?s={search_term_string}"},"query-input":{"@type":"PropertyValueSpecification","valueRequired":true,"valueName":"search_term_string"}}],"inLanguage":"et"}]}},"_links":{"self":[{"href":"https:\/\/www.outdoors.ee\/et\/wp-json\/wp\/v2\/product\/60196","targetHints":{"allow":["GET"]}}],"collection":[{"href":"https:\/\/www.outdoors.ee\/et\/wp-json\/wp\/v2\/product"}],"about":[{"href":"https:\/\/www.outdoors.ee\/et\/wp-json\/wp\/v2\/types\/product"}],"wp:featuredmedia":[{"embeddable":true,"href":"https:\/\/www.outdoors.ee\/et\/wp-json\/wp\/v2\/media\/18287"}],"wp:attachment":[{"href":"https:\/\/www.outdoors.ee\/et\/wp-json\/wp\/v2\/media?parent=60196"}],"wp:term":[{"taxonomy":"product_brand","embeddable":true,"href":"https:\/\/www.outdoors.ee\/et\/wp-json\/wp\/v2\/product_brand?post=60196"},{"taxonomy":"product_cat","embeddable":true,"href":"https:\/\/www.outdoors.ee\/et\/wp-json\/wp\/v2\/product_cat?post=60196"},{"taxonomy":"product_tag","embeddable":true,"href":"https:\/\/www.outdoors.ee\/et\/wp-json\/wp\/v2\/product_tag?post=60196"}],"curies":[{"name":"wp","href":"https:\/\/api.w.org\/{rel}","templated":true}]}}