{"id":60176,"date":"2021-12-09T00:00:00","date_gmt":"2021-12-09T00:00:00","guid":{"rendered":"https:\/\/www.outdoors.ee\/product\/alt-berg-defender-high-liability-male-combat-saapad-black\/"},"modified":"2026-01-29T09:02:40","modified_gmt":"2026-01-29T07:02:40","slug":"briti-armee-alt-berg-defender-high-liability-male-combat-saapad-black","status":"publish","type":"product","link":"https:\/\/www.outdoors.ee\/et\/toode\/briti-armee-alt-berg-defender-high-liability-male-combat-saapad-black\/","title":{"rendered":"Briti Armee Alt-Berg\u00ae Defender High Liability Male Combat saapad Black"},"content":{"rendered":"<p><strong>Omadused:<\/strong><\/p>\n<ul>\n<li>arendatud ning toodetud spetsiaalselt Briti s\u00f5jav\u00e4e tarbeks<\/li>\n<li>hingav ning kiiresti kuivav Cambrelle\u00ae vooder<\/li>\n<li>p\u00f5rutustneelav talla vahekiht<\/li>\n<li>Vibram\u00ae Tsavo v\u00e4listald<\/li>\n<li>vetth\u00fclgav Anfibio t\u00e4isnahast pealne, paksusega 2,2-2,4mm<\/li>\n<li>ca. 2cm k\u00f5rge kummirant vastupidavuse tagamiseks<\/li>\n<li>laius:<span style=\"text-align: justify;\"> M &#8211; Tavaline; L \/\u00a0W &#8211; Lai<\/span><\/li>\n<\/ul>\n<p>NB! Enamasti MK2 mudel, kuid v\u00f5ib juhtuda ka MK1. Peamine funktsionaalne erinevus on paelas\u00fcsteemis: kolm \u00fclemist avatud konksupaari (Mk1) on asendatud kinniste aasadega (Mk2).<\/p>\n<p style=\"text-align: justify;\"><strong>Seisukord<\/strong>:<\/p>\n<ul>\n<li>uus (ilma originaalkarbita, v\u00f5ivad sisaldada hulgiladustamise j\u00e4lgi ning kirjasid sildil)<\/li>\n<li>uuev\u00e4\u00e4rne (sisaldavad kergeid kulumisj\u00e4lgi)<\/li>\n<li>kasutatud, Grade 1 (sisaldavad m\u00f5\u00f5dukaid kulumisj\u00e4lgi, v\u00f5ivad sisaldada v\u00e4iksemaid vigastusi)<\/li>\n<\/ul>\n","protected":false},"excerpt":{"rendered":"<p>Briti Armee Alt-Berg\u00ae Defender High Liability Combat meeste saapad, must<\/p>\n","protected":false},"featured_media":109868,"template":"","meta":[],"product_brand":[],"product_cat":[70],"product_tag":[],"class_list":{"0":"post-60176","1":"product","2":"type-product","3":"status-publish","4":"has-post-thumbnail","6":"product_cat-jalanoud","7":"pa_brand-alt-berg-2","8":"pa_brand-british-military-surplus","9":"pa_condition-kasutatud-grade-1","10":"pa_condition-uuevaarne","11":"pa_size-uk-10l-2","12":"pa_size-uk-10m-2","13":"pa_size-uk-11l-3","14":"pa_size-uk-11m-2","15":"pa_size-uk-5l-2","16":"pa_size-uk-7l-2","17":"pa_size-uk-7m-2","18":"pa_size-uk-8l-2","19":"pa_size-uk-8m-2","20":"pa_size-uk-9l-2","21":"pa_size-uk-9m-2","23":"first","24":"instock","25":"taxable","26":"shipping-taxable","27":"purchasable","28":"product-type-variable"},"yoast_head":"<!-- This site is optimized with the Yoast SEO plugin v27.2 - https:\/\/yoast.com\/product\/yoast-seo-wordpress\/ -->\n<title>ALT-BERG Defender High Liability Male Combat saapad Black - outdoors.ee<\/title>\n<meta name=\"description\" content=\"Alt-Berg Defender saapad on spetsiaalselt v\u00e4lja t\u00f6\u00f6tatud Briti s\u00f5jav\u00e4e tellimusel. Saapas on kasutusel patenteeritud\u00a0Cambrelle\u00ae tehnoloogia, mis laseb jalal &quot;hingata&quot; ning saapal kiiresti kuivada. Talla sees asub p\u00f5rutust neelav vahekiht, mis v\u00e4hendab koormust liigestele jooksu ajal. Lisasisetallad annavad vajadusel v\u00f5imaluse panna saabas t\u00e4pselt jala j\u00e4rgi istuma. &quot;Anfibio&quot; vetth\u00fclgav nahk lubab saapal l\u00e4bida SATRA d\u00fcnaamilist veekindluse testi. Enamus saapaid vajab selleks Gore-Tex tehnoloogiaga sisevoodri olemasolu. Altberg Defender saapal on olemas oma NSN (NATO Stock Number) ja nendega varustatakse NATO riikide relvaj\u00f5ude.\u00a0 Saapa liist: M - Tavaline; L - Lai Suurus: palun vt viimast pilti Seisukord:\u00a0uued\u00a0\" \/>\n<meta name=\"robots\" content=\"index, follow, max-snippet:-1, max-image-preview:large, max-video-preview:-1\" \/>\n<link rel=\"canonical\" href=\"https:\/\/www.outdoors.ee\/et\/toode\/briti-armee-alt-berg-defender-high-liability-male-combat-saapad-black\/\" \/>\n<meta property=\"og:locale\" content=\"et_EE\" \/>\n<meta property=\"og:type\" content=\"article\" \/>\n<meta property=\"og:title\" content=\"ALT-BERG Defender High Liability Male Combat saapad Black\" \/>\n<meta property=\"og:description\" content=\"Alt-Berg Defender saapad on spetsiaalselt v\u00e4lja t\u00f6\u00f6tatud Briti s\u00f5jav\u00e4e tellimusel. Saapas on kasutusel patenteeritud\u00a0Cambrelle\u00ae tehnoloogia, mis laseb jalal &quot;hingata&quot; ning saapal kiiresti kuivada. Talla sees asub p\u00f5rutust neelav vahekiht, mis v\u00e4hendab koormust liigestele jooksu ajal. Lisasisetallad annavad vajadusel v\u00f5imaluse panna saabas t\u00e4pselt jala j\u00e4rgi istuma. &quot;Anfibio&quot; vetth\u00fclgav nahk lubab saapal l\u00e4bida SATRA d\u00fcnaamilist veekindluse testi. Enamus saapaid vajab selleks Gore-Tex tehnoloogiaga sisevoodri olemasolu. Altberg Defender saapal on olemas oma NSN (NATO Stock Number) ja nendega varustatakse NATO riikide relvaj\u00f5ude.\u00a0 Saapa liist: M - Tavaline; L - Lai Suurus: palun vt viimast pilti Seisukord:\u00a0uued\u00a0\" \/>\n<meta property=\"og:url\" content=\"https:\/\/www.outdoors.ee\/et\/toode\/briti-armee-alt-berg-defender-high-liability-male-combat-saapad-black\/\" \/>\n<meta property=\"og:site_name\" content=\"Outdoors\" \/>\n<meta property=\"article:modified_time\" content=\"2026-01-29T07:02:40+00:00\" \/>\n<meta property=\"og:image\" content=\"https:\/\/www.outdoors.ee\/wp-content\/uploads\/2021\/12\/1832-British-Army-Alt-Berg\u00ae-Defender-High-Liability-Male-Combat-Boots-Black.png\" \/>\n\t<meta property=\"og:image:width\" content=\"1050\" \/>\n\t<meta property=\"og:image:height\" content=\"1050\" \/>\n\t<meta property=\"og:image:type\" content=\"image\/png\" \/>\n<meta name=\"twitter:card\" content=\"summary_large_image\" \/>\n<meta name=\"twitter:title\" content=\"ALT-BERG Defender High Liability Male Combat saapad Black\" \/>\n<meta name=\"twitter:label1\" content=\"Est. reading time\" \/>\n\t<meta name=\"twitter:data1\" content=\"1 minut\" \/>\n<script type=\"application\/ld+json\" class=\"yoast-schema-graph\">{\"@context\":\"https:\/\/schema.org\",\"@graph\":[{\"@type\":\"WebPage\",\"@id\":\"https:\/\/www.outdoors.ee\/et\/toode\/briti-armee-alt-berg-defender-high-liability-male-combat-saapad-black\/\",\"url\":\"https:\/\/www.outdoors.ee\/et\/toode\/briti-armee-alt-berg-defender-high-liability-male-combat-saapad-black\/\",\"name\":\"ALT-BERG Defender High Liability Male Combat saapad Black - outdoors.ee\",\"isPartOf\":{\"@id\":\"https:\/\/www.outdoors.ee\/#website\"},\"primaryImageOfPage\":{\"@id\":\"https:\/\/www.outdoors.ee\/et\/toode\/briti-armee-alt-berg-defender-high-liability-male-combat-saapad-black\/#primaryimage\"},\"image\":{\"@id\":\"https:\/\/www.outdoors.ee\/et\/toode\/briti-armee-alt-berg-defender-high-liability-male-combat-saapad-black\/#primaryimage\"},\"thumbnailUrl\":\"https:\/\/www.outdoors.ee\/wp-content\/uploads\/2021\/12\/1832-British-Army-Alt-Berg\u00ae-Defender-High-Liability-Male-Combat-Boots-Black.png\",\"datePublished\":\"2021-12-09T00:00:00+00:00\",\"dateModified\":\"2026-01-29T07:02:40+00:00\",\"description\":\"Alt-Berg Defender saapad on spetsiaalselt v\u00e4lja t\u00f6\u00f6tatud Briti s\u00f5jav\u00e4e tellimusel. Saapas on kasutusel patenteeritud\u00a0Cambrelle\u00ae tehnoloogia, mis laseb jalal \\\"hingata\\\" ning saapal kiiresti kuivada. Talla sees asub p\u00f5rutust neelav vahekiht, mis v\u00e4hendab koormust liigestele jooksu ajal. Lisasisetallad annavad vajadusel v\u00f5imaluse panna saabas t\u00e4pselt jala j\u00e4rgi istuma. \\\"Anfibio\\\" vetth\u00fclgav nahk lubab saapal l\u00e4bida SATRA d\u00fcnaamilist veekindluse testi. Enamus saapaid vajab selleks Gore-Tex tehnoloogiaga sisevoodri olemasolu. Altberg Defender saapal on olemas oma NSN (NATO Stock Number) ja nendega varustatakse NATO riikide relvaj\u00f5ude.\u00a0 Saapa liist: M - Tavaline; L - Lai Suurus: palun vt viimast pilti Seisukord:\u00a0uued\u00a0\",\"breadcrumb\":{\"@id\":\"https:\/\/www.outdoors.ee\/et\/toode\/briti-armee-alt-berg-defender-high-liability-male-combat-saapad-black\/#breadcrumb\"},\"inLanguage\":\"et\",\"potentialAction\":[{\"@type\":\"ReadAction\",\"target\":[\"https:\/\/www.outdoors.ee\/et\/toode\/briti-armee-alt-berg-defender-high-liability-male-combat-saapad-black\/\"]}]},{\"@type\":\"ImageObject\",\"inLanguage\":\"et\",\"@id\":\"https:\/\/www.outdoors.ee\/et\/toode\/briti-armee-alt-berg-defender-high-liability-male-combat-saapad-black\/#primaryimage\",\"url\":\"https:\/\/www.outdoors.ee\/wp-content\/uploads\/2021\/12\/1832-British-Army-Alt-Berg\u00ae-Defender-High-Liability-Male-Combat-Boots-Black.png\",\"contentUrl\":\"https:\/\/www.outdoors.ee\/wp-content\/uploads\/2021\/12\/1832-British-Army-Alt-Berg\u00ae-Defender-High-Liability-Male-Combat-Boots-Black.png\",\"width\":1050,\"height\":1050},{\"@type\":\"BreadcrumbList\",\"@id\":\"https:\/\/www.outdoors.ee\/et\/toode\/briti-armee-alt-berg-defender-high-liability-male-combat-saapad-black\/#breadcrumb\",\"itemListElement\":[{\"@type\":\"ListItem\",\"position\":1,\"name\":\"Home\",\"item\":\"https:\/\/www.outdoors.ee\/et\/\"},{\"@type\":\"ListItem\",\"position\":2,\"name\":\"Tooted\",\"item\":\"https:\/\/www.outdoors.ee\/products\/\"},{\"@type\":\"ListItem\",\"position\":3,\"name\":\"Briti Armee Alt-Berg\u00ae Defender High Liability Male Combat saapad Black\"}]},{\"@type\":\"WebSite\",\"@id\":\"https:\/\/www.outdoors.ee\/#website\",\"url\":\"https:\/\/www.outdoors.ee\/\",\"name\":\"Outdoors\",\"description\":\"Genuine military surplus and not only!\",\"potentialAction\":[{\"@type\":\"SearchAction\",\"target\":{\"@type\":\"EntryPoint\",\"urlTemplate\":\"https:\/\/www.outdoors.ee\/?s={search_term_string}\"},\"query-input\":{\"@type\":\"PropertyValueSpecification\",\"valueRequired\":true,\"valueName\":\"search_term_string\"}}],\"inLanguage\":\"et\"}]}<\/script>\n<!-- \/ Yoast SEO plugin. -->","yoast_head_json":{"title":"ALT-BERG Defender High Liability Male Combat saapad Black - outdoors.ee","description":"Alt-Berg Defender saapad on spetsiaalselt v\u00e4lja t\u00f6\u00f6tatud Briti s\u00f5jav\u00e4e tellimusel. Saapas on kasutusel patenteeritud\u00a0Cambrelle\u00ae tehnoloogia, mis laseb jalal \"hingata\" ning saapal kiiresti kuivada. Talla sees asub p\u00f5rutust neelav vahekiht, mis v\u00e4hendab koormust liigestele jooksu ajal. Lisasisetallad annavad vajadusel v\u00f5imaluse panna saabas t\u00e4pselt jala j\u00e4rgi istuma. \"Anfibio\" vetth\u00fclgav nahk lubab saapal l\u00e4bida SATRA d\u00fcnaamilist veekindluse testi. Enamus saapaid vajab selleks Gore-Tex tehnoloogiaga sisevoodri olemasolu. Altberg Defender saapal on olemas oma NSN (NATO Stock Number) ja nendega varustatakse NATO riikide relvaj\u00f5ude.\u00a0 Saapa liist: M - Tavaline; L - Lai Suurus: palun vt viimast pilti Seisukord:\u00a0uued\u00a0","robots":{"index":"index","follow":"follow","max-snippet":"max-snippet:-1","max-image-preview":"max-image-preview:large","max-video-preview":"max-video-preview:-1"},"canonical":"https:\/\/www.outdoors.ee\/et\/toode\/briti-armee-alt-berg-defender-high-liability-male-combat-saapad-black\/","og_locale":"et_EE","og_type":"article","og_title":"ALT-BERG Defender High Liability Male Combat saapad Black","og_description":"Alt-Berg Defender saapad on spetsiaalselt v\u00e4lja t\u00f6\u00f6tatud Briti s\u00f5jav\u00e4e tellimusel. Saapas on kasutusel patenteeritud\u00a0Cambrelle\u00ae tehnoloogia, mis laseb jalal \"hingata\" ning saapal kiiresti kuivada. Talla sees asub p\u00f5rutust neelav vahekiht, mis v\u00e4hendab koormust liigestele jooksu ajal. Lisasisetallad annavad vajadusel v\u00f5imaluse panna saabas t\u00e4pselt jala j\u00e4rgi istuma. \"Anfibio\" vetth\u00fclgav nahk lubab saapal l\u00e4bida SATRA d\u00fcnaamilist veekindluse testi. Enamus saapaid vajab selleks Gore-Tex tehnoloogiaga sisevoodri olemasolu. Altberg Defender saapal on olemas oma NSN (NATO Stock Number) ja nendega varustatakse NATO riikide relvaj\u00f5ude.\u00a0 Saapa liist: M - Tavaline; L - Lai Suurus: palun vt viimast pilti Seisukord:\u00a0uued\u00a0","og_url":"https:\/\/www.outdoors.ee\/et\/toode\/briti-armee-alt-berg-defender-high-liability-male-combat-saapad-black\/","og_site_name":"Outdoors","article_modified_time":"2026-01-29T07:02:40+00:00","og_image":[{"width":1050,"height":1050,"url":"https:\/\/www.outdoors.ee\/wp-content\/uploads\/2021\/12\/1832-British-Army-Alt-Berg\u00ae-Defender-High-Liability-Male-Combat-Boots-Black.png","type":"image\/png"}],"twitter_card":"summary_large_image","twitter_title":"ALT-BERG Defender High Liability Male Combat saapad Black","twitter_misc":{"Est. reading time":"1 minut"},"schema":{"@context":"https:\/\/schema.org","@graph":[{"@type":"WebPage","@id":"https:\/\/www.outdoors.ee\/et\/toode\/briti-armee-alt-berg-defender-high-liability-male-combat-saapad-black\/","url":"https:\/\/www.outdoors.ee\/et\/toode\/briti-armee-alt-berg-defender-high-liability-male-combat-saapad-black\/","name":"ALT-BERG Defender High Liability Male Combat saapad Black - outdoors.ee","isPartOf":{"@id":"https:\/\/www.outdoors.ee\/#website"},"primaryImageOfPage":{"@id":"https:\/\/www.outdoors.ee\/et\/toode\/briti-armee-alt-berg-defender-high-liability-male-combat-saapad-black\/#primaryimage"},"image":{"@id":"https:\/\/www.outdoors.ee\/et\/toode\/briti-armee-alt-berg-defender-high-liability-male-combat-saapad-black\/#primaryimage"},"thumbnailUrl":"https:\/\/www.outdoors.ee\/wp-content\/uploads\/2021\/12\/1832-British-Army-Alt-Berg\u00ae-Defender-High-Liability-Male-Combat-Boots-Black.png","datePublished":"2021-12-09T00:00:00+00:00","dateModified":"2026-01-29T07:02:40+00:00","description":"Alt-Berg Defender saapad on spetsiaalselt v\u00e4lja t\u00f6\u00f6tatud Briti s\u00f5jav\u00e4e tellimusel. Saapas on kasutusel patenteeritud\u00a0Cambrelle\u00ae tehnoloogia, mis laseb jalal \"hingata\" ning saapal kiiresti kuivada. Talla sees asub p\u00f5rutust neelav vahekiht, mis v\u00e4hendab koormust liigestele jooksu ajal. Lisasisetallad annavad vajadusel v\u00f5imaluse panna saabas t\u00e4pselt jala j\u00e4rgi istuma. \"Anfibio\" vetth\u00fclgav nahk lubab saapal l\u00e4bida SATRA d\u00fcnaamilist veekindluse testi. Enamus saapaid vajab selleks Gore-Tex tehnoloogiaga sisevoodri olemasolu. Altberg Defender saapal on olemas oma NSN (NATO Stock Number) ja nendega varustatakse NATO riikide relvaj\u00f5ude.\u00a0 Saapa liist: M - Tavaline; L - Lai Suurus: palun vt viimast pilti Seisukord:\u00a0uued\u00a0","breadcrumb":{"@id":"https:\/\/www.outdoors.ee\/et\/toode\/briti-armee-alt-berg-defender-high-liability-male-combat-saapad-black\/#breadcrumb"},"inLanguage":"et","potentialAction":[{"@type":"ReadAction","target":["https:\/\/www.outdoors.ee\/et\/toode\/briti-armee-alt-berg-defender-high-liability-male-combat-saapad-black\/"]}]},{"@type":"ImageObject","inLanguage":"et","@id":"https:\/\/www.outdoors.ee\/et\/toode\/briti-armee-alt-berg-defender-high-liability-male-combat-saapad-black\/#primaryimage","url":"https:\/\/www.outdoors.ee\/wp-content\/uploads\/2021\/12\/1832-British-Army-Alt-Berg\u00ae-Defender-High-Liability-Male-Combat-Boots-Black.png","contentUrl":"https:\/\/www.outdoors.ee\/wp-content\/uploads\/2021\/12\/1832-British-Army-Alt-Berg\u00ae-Defender-High-Liability-Male-Combat-Boots-Black.png","width":1050,"height":1050},{"@type":"BreadcrumbList","@id":"https:\/\/www.outdoors.ee\/et\/toode\/briti-armee-alt-berg-defender-high-liability-male-combat-saapad-black\/#breadcrumb","itemListElement":[{"@type":"ListItem","position":1,"name":"Home","item":"https:\/\/www.outdoors.ee\/et\/"},{"@type":"ListItem","position":2,"name":"Tooted","item":"https:\/\/www.outdoors.ee\/products\/"},{"@type":"ListItem","position":3,"name":"Briti Armee Alt-Berg\u00ae Defender High Liability Male Combat saapad Black"}]},{"@type":"WebSite","@id":"https:\/\/www.outdoors.ee\/#website","url":"https:\/\/www.outdoors.ee\/","name":"Outdoors","description":"Genuine military surplus and not only!","potentialAction":[{"@type":"SearchAction","target":{"@type":"EntryPoint","urlTemplate":"https:\/\/www.outdoors.ee\/?s={search_term_string}"},"query-input":{"@type":"PropertyValueSpecification","valueRequired":true,"valueName":"search_term_string"}}],"inLanguage":"et"}]}},"_links":{"self":[{"href":"https:\/\/www.outdoors.ee\/et\/wp-json\/wp\/v2\/product\/60176","targetHints":{"allow":["GET"]}}],"collection":[{"href":"https:\/\/www.outdoors.ee\/et\/wp-json\/wp\/v2\/product"}],"about":[{"href":"https:\/\/www.outdoors.ee\/et\/wp-json\/wp\/v2\/types\/product"}],"wp:featuredmedia":[{"embeddable":true,"href":"https:\/\/www.outdoors.ee\/et\/wp-json\/wp\/v2\/media\/109868"}],"wp:attachment":[{"href":"https:\/\/www.outdoors.ee\/et\/wp-json\/wp\/v2\/media?parent=60176"}],"wp:term":[{"taxonomy":"product_brand","embeddable":true,"href":"https:\/\/www.outdoors.ee\/et\/wp-json\/wp\/v2\/product_brand?post=60176"},{"taxonomy":"product_cat","embeddable":true,"href":"https:\/\/www.outdoors.ee\/et\/wp-json\/wp\/v2\/product_cat?post=60176"},{"taxonomy":"product_tag","embeddable":true,"href":"https:\/\/www.outdoors.ee\/et\/wp-json\/wp\/v2\/product_tag?post=60176"}],"curies":[{"name":"wp","href":"https:\/\/api.w.org\/{rel}","templated":true}]}}