{"id":60126,"date":"2021-12-09T00:00:00","date_gmt":"2021-12-09T00:00:00","guid":{"rendered":"https:\/\/www.outdoors.ee\/product\/haix-high-liability-desert-male-combat-saapad\/"},"modified":"2026-01-28T19:43:54","modified_gmt":"2026-01-28T17:43:54","slug":"briti-armee-haix-high-liability-desert-male-combat-saapad","status":"publish","type":"product","link":"https:\/\/www.outdoors.ee\/et\/toode\/briti-armee-haix-high-liability-desert-male-combat-saapad\/","title":{"rendered":"Briti Armee Haix\u00ae High Liability Desert Male Combat saapad"},"content":{"rendered":"<p><strong>Omadused<\/strong>:<\/p>\n<ul>\n<li>Briti s\u00f5jav\u00e4e originaal<\/li>\n<li>hingav ja vetth\u00fclgav seemisnahast (paksusega 2 &#8211; 2,2mm) ja Cordura\u00ae- st pealne<\/li>\n<li>hingav sisevooder (mitte Gore-Tex)<\/li>\n<li>anatoomiline talla vorm suurendatud jala kaare toega<\/li>\n<li>niiskust imav s\u00fcnteetiline\/fliisist eemaldatav sisetald<\/li>\n<li>libisemiskindel v\u00e4listald s\u00fcgava kulumiskindla mustriga<\/li>\n<li>D-kujulise lukustuva aasaga paelas\u00fcsteem<\/li>\n<li>Haix MSL\u00ae System. MicroSoftLight: suurendatud p\u00f5rutuse neelavusega ning v\u00e4ga kerge t\u00e4nu PU vahu kasutamisele terve talla ulatuses, hea soojaisolatsiooniga tald<\/li>\n<li>laius: M &#8211; tavaline; W &#8211; lai<\/li>\n<\/ul>\n<p><strong>Seisukord<\/strong>:<\/p>\n<ul>\n<li>uus (ilma originaalkarbita, v\u00f5ivad sisaldada hulgiladustamise j\u00e4lgi)<\/li>\n<li>uuev\u00e4\u00e4rne (sisaldavad kergeid kulumisj\u00e4lgi)<\/li>\n<li>kasutatud, Grade 1 (sisaldavad m\u00f5\u00f5dukaid kulumisj\u00e4lgi, v\u00f5ivad sisaldada v\u00e4iksemaid vigastusi)<\/li>\n<\/ul>\n","protected":false},"excerpt":{"rendered":"<p>Briti Armee Haix\u00ae Desert High Liability Combat saapad, pruun<\/p>\n","protected":false},"featured_media":9699,"template":"","meta":[],"product_brand":[],"product_cat":[70],"product_tag":[],"class_list":{"0":"post-60126","1":"product","2":"type-product","3":"status-publish","4":"has-post-thumbnail","6":"product_cat-jalanoud","7":"pa_brand-british-military-surplus","8":"pa_brand-haix-2","9":"pa_condition-kasutatud-grade-1","10":"pa_condition-uuevaarne","11":"pa_condition-uus","12":"pa_size-uk10m-us11-eu45-3","13":"pa_size-uk10w-us11-eu45-2","14":"pa_size-uk11m-us12-eu46-2","15":"pa_size-uk11w-us12-eu46-2","16":"pa_size-uk12m-us13-eu47-2","17":"pa_size-uk12w-us13-eu47-2","18":"pa_size-uk13m-us14-eu48-2","19":"pa_size-uk7m-us8-eu41-3","20":"pa_size-uk7w-us8-eu41-2","21":"pa_size-uk8m-us9-eu42-2","22":"pa_size-uk8w-us9-eu42-2","23":"pa_size-uk9m-us10-eu43-2","24":"pa_size-uk9w-us10-eu43-2","26":"first","27":"instock","28":"taxable","29":"shipping-taxable","30":"purchasable","31":"product-type-variable"},"yoast_head":"<!-- This site is optimized with the Yoast SEO plugin v27.2 - https:\/\/yoast.com\/product\/yoast-seo-wordpress\/ -->\n<title>HAIX High Liability Desert Male Combat saapad - outdoors.ee<\/title>\n<meta name=\"description\" content=\"Kerged ja vastupidavad Briti s\u00f5jav\u00e4e lahingsaapad sooja kliima tingimustesse. Omadused: Hingav ja vetth\u00fclgav seemisnahast (paksusega 2 - 2,2mm) ja tekstiilist pealne Hingav sisevooder (mitte Gore-Tex) Anatoomiline talla vorm suurendatud jala kaare toega Niiskust imav s\u00fcnteetiline\/fliisist eemaldatav sisetald Libisemiskindel v\u00e4listald s\u00fcgava\u00a0kulumiskindla mustriga D-kujulise lukustuva aasaga paelas\u00fcsteem Haix MSL\u00ae System. MicroSoftLight: suurendatud p\u00f5rutuse neelavusega ning v\u00e4ga kerge t\u00e4nu PU vahu kasutamisele terve talla ulatuses, hea soojaisolatsiooniga tald\u00a0 Vastavuses EN ISO 20347: 2007 Saapa liist: M - tavaline; W\/L - lai. Seisukord: uued (kasutamata, v\u00f5ivad sisaldada hulgiladustamise j\u00e4lgi) uuev\u00e4\u00e4rsed (sisaldavad minimaalseid kulumisj\u00e4lgi) kasutatud, Grade 1 (sisaldavad kulumisj\u00e4lgi, kuid on s\u00e4ilitanud kasutusk\u00f5lblikkuse, ei sisalda m\u00e4rkimisv\u00e4\u00e4rseid vigastusi)\" \/>\n<meta name=\"robots\" content=\"index, follow, max-snippet:-1, max-image-preview:large, max-video-preview:-1\" \/>\n<link rel=\"canonical\" href=\"https:\/\/www.outdoors.ee\/et\/toode\/briti-armee-haix-high-liability-desert-male-combat-saapad\/\" \/>\n<meta property=\"og:locale\" content=\"et_EE\" \/>\n<meta property=\"og:type\" content=\"article\" \/>\n<meta property=\"og:title\" content=\"HAIX High Liability Desert Male Combat saapad\" \/>\n<meta property=\"og:description\" content=\"Kerged ja vastupidavad Briti s\u00f5jav\u00e4e lahingsaapad sooja kliima tingimustesse. Omadused: Hingav ja vetth\u00fclgav seemisnahast (paksusega 2 - 2,2mm) ja tekstiilist pealne Hingav sisevooder (mitte Gore-Tex) Anatoomiline talla vorm suurendatud jala kaare toega Niiskust imav s\u00fcnteetiline\/fliisist eemaldatav sisetald Libisemiskindel v\u00e4listald s\u00fcgava\u00a0kulumiskindla mustriga D-kujulise lukustuva aasaga paelas\u00fcsteem Haix MSL\u00ae System. MicroSoftLight: suurendatud p\u00f5rutuse neelavusega ning v\u00e4ga kerge t\u00e4nu PU vahu kasutamisele terve talla ulatuses, hea soojaisolatsiooniga tald\u00a0 Vastavuses EN ISO 20347: 2007 Saapa liist: M - tavaline; W\/L - lai. Seisukord: uued (kasutamata, v\u00f5ivad sisaldada hulgiladustamise j\u00e4lgi) uuev\u00e4\u00e4rsed (sisaldavad minimaalseid kulumisj\u00e4lgi) kasutatud, Grade 1 (sisaldavad kulumisj\u00e4lgi, kuid on s\u00e4ilitanud kasutusk\u00f5lblikkuse, ei sisalda m\u00e4rkimisv\u00e4\u00e4rseid vigastusi)\" \/>\n<meta property=\"og:url\" content=\"https:\/\/www.outdoors.ee\/et\/toode\/briti-armee-haix-high-liability-desert-male-combat-saapad\/\" \/>\n<meta property=\"og:site_name\" content=\"Outdoors\" \/>\n<meta property=\"article:modified_time\" content=\"2026-01-28T17:43:54+00:00\" \/>\n<meta property=\"og:image\" content=\"https:\/\/www.outdoors.ee\/wp-content\/uploads\/2021\/08\/0831-HAIX-High-Liability-Desert-Combat-Boots.jpg\" \/>\n\t<meta property=\"og:image:width\" content=\"600\" \/>\n\t<meta property=\"og:image:height\" content=\"600\" \/>\n\t<meta property=\"og:image:type\" content=\"image\/jpeg\" \/>\n<meta name=\"twitter:card\" content=\"summary_large_image\" \/>\n<meta name=\"twitter:title\" content=\"HAIX High Liability Desert Male Combat saapad\" \/>\n<meta name=\"twitter:label1\" content=\"Est. reading time\" \/>\n\t<meta name=\"twitter:data1\" content=\"1 minut\" \/>\n<script type=\"application\/ld+json\" class=\"yoast-schema-graph\">{\"@context\":\"https:\/\/schema.org\",\"@graph\":[{\"@type\":\"WebPage\",\"@id\":\"https:\/\/www.outdoors.ee\/et\/toode\/briti-armee-haix-high-liability-desert-male-combat-saapad\/\",\"url\":\"https:\/\/www.outdoors.ee\/et\/toode\/briti-armee-haix-high-liability-desert-male-combat-saapad\/\",\"name\":\"HAIX High Liability Desert Male Combat saapad - outdoors.ee\",\"isPartOf\":{\"@id\":\"https:\/\/www.outdoors.ee\/#website\"},\"primaryImageOfPage\":{\"@id\":\"https:\/\/www.outdoors.ee\/et\/toode\/briti-armee-haix-high-liability-desert-male-combat-saapad\/#primaryimage\"},\"image\":{\"@id\":\"https:\/\/www.outdoors.ee\/et\/toode\/briti-armee-haix-high-liability-desert-male-combat-saapad\/#primaryimage\"},\"thumbnailUrl\":\"https:\/\/www.outdoors.ee\/wp-content\/uploads\/2021\/08\/0831-HAIX-High-Liability-Desert-Combat-Boots.jpg\",\"datePublished\":\"2021-12-09T00:00:00+00:00\",\"dateModified\":\"2026-01-28T17:43:54+00:00\",\"description\":\"Kerged ja vastupidavad Briti s\u00f5jav\u00e4e lahingsaapad sooja kliima tingimustesse. Omadused: Hingav ja vetth\u00fclgav seemisnahast (paksusega 2 - 2,2mm) ja tekstiilist pealne Hingav sisevooder (mitte Gore-Tex) Anatoomiline talla vorm suurendatud jala kaare toega Niiskust imav s\u00fcnteetiline\/fliisist eemaldatav sisetald Libisemiskindel v\u00e4listald s\u00fcgava\u00a0kulumiskindla mustriga D-kujulise lukustuva aasaga paelas\u00fcsteem Haix MSL\u00ae System. MicroSoftLight: suurendatud p\u00f5rutuse neelavusega ning v\u00e4ga kerge t\u00e4nu PU vahu kasutamisele terve talla ulatuses, hea soojaisolatsiooniga tald\u00a0 Vastavuses EN ISO 20347: 2007 Saapa liist: M - tavaline; W\/L - lai. Seisukord: uued (kasutamata, v\u00f5ivad sisaldada hulgiladustamise j\u00e4lgi) uuev\u00e4\u00e4rsed (sisaldavad minimaalseid kulumisj\u00e4lgi) kasutatud, Grade 1 (sisaldavad kulumisj\u00e4lgi, kuid on s\u00e4ilitanud kasutusk\u00f5lblikkuse, ei sisalda m\u00e4rkimisv\u00e4\u00e4rseid vigastusi)\",\"breadcrumb\":{\"@id\":\"https:\/\/www.outdoors.ee\/et\/toode\/briti-armee-haix-high-liability-desert-male-combat-saapad\/#breadcrumb\"},\"inLanguage\":\"et\",\"potentialAction\":[{\"@type\":\"ReadAction\",\"target\":[\"https:\/\/www.outdoors.ee\/et\/toode\/briti-armee-haix-high-liability-desert-male-combat-saapad\/\"]}]},{\"@type\":\"ImageObject\",\"inLanguage\":\"et\",\"@id\":\"https:\/\/www.outdoors.ee\/et\/toode\/briti-armee-haix-high-liability-desert-male-combat-saapad\/#primaryimage\",\"url\":\"https:\/\/www.outdoors.ee\/wp-content\/uploads\/2021\/08\/0831-HAIX-High-Liability-Desert-Combat-Boots.jpg\",\"contentUrl\":\"https:\/\/www.outdoors.ee\/wp-content\/uploads\/2021\/08\/0831-HAIX-High-Liability-Desert-Combat-Boots.jpg\",\"width\":600,\"height\":600},{\"@type\":\"BreadcrumbList\",\"@id\":\"https:\/\/www.outdoors.ee\/et\/toode\/briti-armee-haix-high-liability-desert-male-combat-saapad\/#breadcrumb\",\"itemListElement\":[{\"@type\":\"ListItem\",\"position\":1,\"name\":\"Home\",\"item\":\"https:\/\/www.outdoors.ee\/et\/\"},{\"@type\":\"ListItem\",\"position\":2,\"name\":\"Tooted\",\"item\":\"https:\/\/www.outdoors.ee\/products\/\"},{\"@type\":\"ListItem\",\"position\":3,\"name\":\"Briti Armee Haix\u00ae High Liability Desert Male Combat saapad\"}]},{\"@type\":\"WebSite\",\"@id\":\"https:\/\/www.outdoors.ee\/#website\",\"url\":\"https:\/\/www.outdoors.ee\/\",\"name\":\"Outdoors\",\"description\":\"Genuine military surplus and not only!\",\"potentialAction\":[{\"@type\":\"SearchAction\",\"target\":{\"@type\":\"EntryPoint\",\"urlTemplate\":\"https:\/\/www.outdoors.ee\/?s={search_term_string}\"},\"query-input\":{\"@type\":\"PropertyValueSpecification\",\"valueRequired\":true,\"valueName\":\"search_term_string\"}}],\"inLanguage\":\"et\"}]}<\/script>\n<!-- \/ Yoast SEO plugin. -->","yoast_head_json":{"title":"HAIX High Liability Desert Male Combat saapad - outdoors.ee","description":"Kerged ja vastupidavad Briti s\u00f5jav\u00e4e lahingsaapad sooja kliima tingimustesse. Omadused: Hingav ja vetth\u00fclgav seemisnahast (paksusega 2 - 2,2mm) ja tekstiilist pealne Hingav sisevooder (mitte Gore-Tex) Anatoomiline talla vorm suurendatud jala kaare toega Niiskust imav s\u00fcnteetiline\/fliisist eemaldatav sisetald Libisemiskindel v\u00e4listald s\u00fcgava\u00a0kulumiskindla mustriga D-kujulise lukustuva aasaga paelas\u00fcsteem Haix MSL\u00ae System. MicroSoftLight: suurendatud p\u00f5rutuse neelavusega ning v\u00e4ga kerge t\u00e4nu PU vahu kasutamisele terve talla ulatuses, hea soojaisolatsiooniga tald\u00a0 Vastavuses EN ISO 20347: 2007 Saapa liist: M - tavaline; W\/L - lai. Seisukord: uued (kasutamata, v\u00f5ivad sisaldada hulgiladustamise j\u00e4lgi) uuev\u00e4\u00e4rsed (sisaldavad minimaalseid kulumisj\u00e4lgi) kasutatud, Grade 1 (sisaldavad kulumisj\u00e4lgi, kuid on s\u00e4ilitanud kasutusk\u00f5lblikkuse, ei sisalda m\u00e4rkimisv\u00e4\u00e4rseid vigastusi)","robots":{"index":"index","follow":"follow","max-snippet":"max-snippet:-1","max-image-preview":"max-image-preview:large","max-video-preview":"max-video-preview:-1"},"canonical":"https:\/\/www.outdoors.ee\/et\/toode\/briti-armee-haix-high-liability-desert-male-combat-saapad\/","og_locale":"et_EE","og_type":"article","og_title":"HAIX High Liability Desert Male Combat saapad","og_description":"Kerged ja vastupidavad Briti s\u00f5jav\u00e4e lahingsaapad sooja kliima tingimustesse. Omadused: Hingav ja vetth\u00fclgav seemisnahast (paksusega 2 - 2,2mm) ja tekstiilist pealne Hingav sisevooder (mitte Gore-Tex) Anatoomiline talla vorm suurendatud jala kaare toega Niiskust imav s\u00fcnteetiline\/fliisist eemaldatav sisetald Libisemiskindel v\u00e4listald s\u00fcgava\u00a0kulumiskindla mustriga D-kujulise lukustuva aasaga paelas\u00fcsteem Haix MSL\u00ae System. MicroSoftLight: suurendatud p\u00f5rutuse neelavusega ning v\u00e4ga kerge t\u00e4nu PU vahu kasutamisele terve talla ulatuses, hea soojaisolatsiooniga tald\u00a0 Vastavuses EN ISO 20347: 2007 Saapa liist: M - tavaline; W\/L - lai. Seisukord: uued (kasutamata, v\u00f5ivad sisaldada hulgiladustamise j\u00e4lgi) uuev\u00e4\u00e4rsed (sisaldavad minimaalseid kulumisj\u00e4lgi) kasutatud, Grade 1 (sisaldavad kulumisj\u00e4lgi, kuid on s\u00e4ilitanud kasutusk\u00f5lblikkuse, ei sisalda m\u00e4rkimisv\u00e4\u00e4rseid vigastusi)","og_url":"https:\/\/www.outdoors.ee\/et\/toode\/briti-armee-haix-high-liability-desert-male-combat-saapad\/","og_site_name":"Outdoors","article_modified_time":"2026-01-28T17:43:54+00:00","og_image":[{"width":600,"height":600,"url":"https:\/\/www.outdoors.ee\/wp-content\/uploads\/2021\/08\/0831-HAIX-High-Liability-Desert-Combat-Boots.jpg","type":"image\/jpeg"}],"twitter_card":"summary_large_image","twitter_title":"HAIX High Liability Desert Male Combat saapad","twitter_misc":{"Est. reading time":"1 minut"},"schema":{"@context":"https:\/\/schema.org","@graph":[{"@type":"WebPage","@id":"https:\/\/www.outdoors.ee\/et\/toode\/briti-armee-haix-high-liability-desert-male-combat-saapad\/","url":"https:\/\/www.outdoors.ee\/et\/toode\/briti-armee-haix-high-liability-desert-male-combat-saapad\/","name":"HAIX High Liability Desert Male Combat saapad - outdoors.ee","isPartOf":{"@id":"https:\/\/www.outdoors.ee\/#website"},"primaryImageOfPage":{"@id":"https:\/\/www.outdoors.ee\/et\/toode\/briti-armee-haix-high-liability-desert-male-combat-saapad\/#primaryimage"},"image":{"@id":"https:\/\/www.outdoors.ee\/et\/toode\/briti-armee-haix-high-liability-desert-male-combat-saapad\/#primaryimage"},"thumbnailUrl":"https:\/\/www.outdoors.ee\/wp-content\/uploads\/2021\/08\/0831-HAIX-High-Liability-Desert-Combat-Boots.jpg","datePublished":"2021-12-09T00:00:00+00:00","dateModified":"2026-01-28T17:43:54+00:00","description":"Kerged ja vastupidavad Briti s\u00f5jav\u00e4e lahingsaapad sooja kliima tingimustesse. Omadused: Hingav ja vetth\u00fclgav seemisnahast (paksusega 2 - 2,2mm) ja tekstiilist pealne Hingav sisevooder (mitte Gore-Tex) Anatoomiline talla vorm suurendatud jala kaare toega Niiskust imav s\u00fcnteetiline\/fliisist eemaldatav sisetald Libisemiskindel v\u00e4listald s\u00fcgava\u00a0kulumiskindla mustriga D-kujulise lukustuva aasaga paelas\u00fcsteem Haix MSL\u00ae System. MicroSoftLight: suurendatud p\u00f5rutuse neelavusega ning v\u00e4ga kerge t\u00e4nu PU vahu kasutamisele terve talla ulatuses, hea soojaisolatsiooniga tald\u00a0 Vastavuses EN ISO 20347: 2007 Saapa liist: M - tavaline; W\/L - lai. Seisukord: uued (kasutamata, v\u00f5ivad sisaldada hulgiladustamise j\u00e4lgi) uuev\u00e4\u00e4rsed (sisaldavad minimaalseid kulumisj\u00e4lgi) kasutatud, Grade 1 (sisaldavad kulumisj\u00e4lgi, kuid on s\u00e4ilitanud kasutusk\u00f5lblikkuse, ei sisalda m\u00e4rkimisv\u00e4\u00e4rseid vigastusi)","breadcrumb":{"@id":"https:\/\/www.outdoors.ee\/et\/toode\/briti-armee-haix-high-liability-desert-male-combat-saapad\/#breadcrumb"},"inLanguage":"et","potentialAction":[{"@type":"ReadAction","target":["https:\/\/www.outdoors.ee\/et\/toode\/briti-armee-haix-high-liability-desert-male-combat-saapad\/"]}]},{"@type":"ImageObject","inLanguage":"et","@id":"https:\/\/www.outdoors.ee\/et\/toode\/briti-armee-haix-high-liability-desert-male-combat-saapad\/#primaryimage","url":"https:\/\/www.outdoors.ee\/wp-content\/uploads\/2021\/08\/0831-HAIX-High-Liability-Desert-Combat-Boots.jpg","contentUrl":"https:\/\/www.outdoors.ee\/wp-content\/uploads\/2021\/08\/0831-HAIX-High-Liability-Desert-Combat-Boots.jpg","width":600,"height":600},{"@type":"BreadcrumbList","@id":"https:\/\/www.outdoors.ee\/et\/toode\/briti-armee-haix-high-liability-desert-male-combat-saapad\/#breadcrumb","itemListElement":[{"@type":"ListItem","position":1,"name":"Home","item":"https:\/\/www.outdoors.ee\/et\/"},{"@type":"ListItem","position":2,"name":"Tooted","item":"https:\/\/www.outdoors.ee\/products\/"},{"@type":"ListItem","position":3,"name":"Briti Armee Haix\u00ae High Liability Desert Male Combat saapad"}]},{"@type":"WebSite","@id":"https:\/\/www.outdoors.ee\/#website","url":"https:\/\/www.outdoors.ee\/","name":"Outdoors","description":"Genuine military surplus and not only!","potentialAction":[{"@type":"SearchAction","target":{"@type":"EntryPoint","urlTemplate":"https:\/\/www.outdoors.ee\/?s={search_term_string}"},"query-input":{"@type":"PropertyValueSpecification","valueRequired":true,"valueName":"search_term_string"}}],"inLanguage":"et"}]}},"_links":{"self":[{"href":"https:\/\/www.outdoors.ee\/et\/wp-json\/wp\/v2\/product\/60126","targetHints":{"allow":["GET"]}}],"collection":[{"href":"https:\/\/www.outdoors.ee\/et\/wp-json\/wp\/v2\/product"}],"about":[{"href":"https:\/\/www.outdoors.ee\/et\/wp-json\/wp\/v2\/types\/product"}],"wp:featuredmedia":[{"embeddable":true,"href":"https:\/\/www.outdoors.ee\/et\/wp-json\/wp\/v2\/media\/9699"}],"wp:attachment":[{"href":"https:\/\/www.outdoors.ee\/et\/wp-json\/wp\/v2\/media?parent=60126"}],"wp:term":[{"taxonomy":"product_brand","embeddable":true,"href":"https:\/\/www.outdoors.ee\/et\/wp-json\/wp\/v2\/product_brand?post=60126"},{"taxonomy":"product_cat","embeddable":true,"href":"https:\/\/www.outdoors.ee\/et\/wp-json\/wp\/v2\/product_cat?post=60126"},{"taxonomy":"product_tag","embeddable":true,"href":"https:\/\/www.outdoors.ee\/et\/wp-json\/wp\/v2\/product_tag?post=60126"}],"curies":[{"name":"wp","href":"https:\/\/api.w.org\/{rel}","templated":true}]}}