{"id":60114,"date":"2021-12-09T00:00:00","date_gmt":"2021-12-09T00:00:00","guid":{"rendered":"https:\/\/www.outdoors.ee\/product\/usa-armee-wellco-jungle-saapad-black\/"},"modified":"2026-02-16T16:33:24","modified_gmt":"2026-02-16T14:33:24","slug":"briti-armee-wellco-jungle-saapad-black","status":"publish","type":"product","link":"https:\/\/www.outdoors.ee\/et\/toode\/briti-armee-wellco-jungle-saapad-black\/","title":{"rendered":"Briti Armee Wellco\u00aeJungle saapad Black"},"content":{"rendered":"<p style=\"text-align: justify;\">USA ning Briti \u00fcksuste d\u017eunglisaapad, mis on m\u00f5eldud sooja kliima tingimustesse, ameerika tootjalt Wellco. Klassikaline USA s\u00f5jav\u00e4e saapamudel, mis tuntud Vietnami s\u00f5ja ajast.<\/p>\n<p style=\"text-align: justify;\"><strong>Omadused<\/strong>:<\/p>\n<ul>\n<li style=\"text-align: justify;\">DMS Panama torkekindel tald<\/li>\n<li style=\"text-align: justify;\">Nahast saapapealne ning Cordura\u00ae kangast saapas\u00e4\u00e4r<\/li>\n<li style=\"text-align: justify;\">Ventilatsiooniavad saapa sisek\u00fcljel talla juures<\/li>\n<li style=\"text-align: justify;\">Mudel vastab USA Armee regulatsioonile 670-1<\/li>\n<li style=\"text-align: justify;\">\u00dclimalt vastupidavast Cordura nailonist saapakaelus<\/li>\n<li>Originaalsuurused UK s\u00fcsteemis<\/li>\n<\/ul>\n<p><strong><strong>Saapa lauis: <\/strong><\/strong>R\/M &#8211; tavaline, L\/W &#8211; lai, XW &#8211; ekstra lai.<\/p>\n<p><strong>Seisukord<\/strong>:<\/p>\n<ul>\n<li>uus (ilma originaalkarbita, v\u00f5ivad sisaldada hulgiladustamise j\u00e4lgi)<\/li>\n<li>uuev\u00e4\u00e4rne (sisaldavad kergeid kulumisj\u00e4lgi)<\/li>\n<li>kasutatud, Grade 1 (sisaldavad m\u00f5\u00f5dukaid kulumisj\u00e4lgi, v\u00f5ivad sisaldada v\u00e4ikseid vigastusi)<\/li>\n<\/ul>\n","protected":false},"excerpt":{"rendered":"<p>USA ning Briti \u00fcksuste d\u017eunglisaapad, mis on m\u00f5eldud sooja kliima tingimustesse, ameerika tootjalt Wellco. Klassikaline USA s\u00f5jav\u00e4e saapamudel, mis tuntud<\/p>\n","protected":false},"featured_media":18333,"template":"","meta":[],"product_brand":[],"product_cat":[70],"product_tag":[],"class_list":{"0":"post-60114","1":"product","2":"type-product","3":"status-publish","4":"has-post-thumbnail","6":"product_cat-jalanoud","7":"pa_brand-british-military-surplus","8":"pa_brand-wellco-peruana-2","9":"pa_condition-kasutatud-grade-1","10":"pa_condition-uuevaarne","11":"pa_condition-uus","12":"pa_size-uk105w-eu45","13":"pa_size-uk10l-eu44-2","14":"pa_size-uk10l-us11-eu44-2","15":"pa_size-uk10m-eu44-2","16":"pa_size-uk10r-eu44-2","17":"pa_size-uk12l-eu47-2","18":"pa_size-uk12r-eu47-2","19":"pa_size-uk12xw-eu47-2","20":"pa_size-uk13w-eu48-2","21":"pa_size-uk55w-eu39","22":"pa_size-uk6r-eu40","23":"pa_size-uk6w-eu40-2","24":"pa_size-uk6xw-eu40-3","25":"pa_size-uk75w-eu415-2","26":"pa_size-uk7r-eu41-2","27":"pa_size-uk8m-eu42-2-2","28":"pa_size-uk95r-eu435-2","29":"pa_size-uk9l-eu43-2","30":"pa_size-uk9m-eu43-2","31":"pa_size-uk9w-eu43-2","32":"pa_size-uk9xw-eu43-2","34":"first","35":"instock","36":"taxable","37":"shipping-taxable","38":"purchasable","39":"product-type-variable"},"yoast_head":"<!-- This site is optimized with the Yoast SEO plugin v27.2 - https:\/\/yoast.com\/product\/yoast-seo-wordpress\/ -->\n<title>USA Armee WELLCO Jungle saapad Black - outdoors.ee<\/title>\n<meta name=\"description\" content=\"USA ja Briti s\u00f5jav\u00e4e d\u017eunglisaapad, mis on m\u00f5eldud sooja kliima tingimustesse, ameerika tootjalt Wellco. Klassikaline USA s\u00f5jav\u00e4e lahingusaapa mudel, mis tuntud Vietnami s\u00f5ja ajast. Omadused: DMS Panama torkekindel tald Nahast saapapealne ning Cordura\u00ae kangast saapas\u00e4\u00e4r Ventilatsiooniavad saapa sisek\u00fcljel talla juures Mudel vastab USA Armee regulatsioonile 670-1 \u00dclimalt vastupidavast Cordura\u00ae nailonist saapakaelus Saapa lauis: R\/M - tavaline, L\/W - lai, XW - extra lai. Seisukord: uued\" \/>\n<meta name=\"robots\" content=\"index, follow, max-snippet:-1, max-image-preview:large, max-video-preview:-1\" \/>\n<link rel=\"canonical\" href=\"https:\/\/www.outdoors.ee\/et\/toode\/briti-armee-wellco-jungle-saapad-black\/\" \/>\n<meta property=\"og:locale\" content=\"et_EE\" \/>\n<meta property=\"og:type\" content=\"article\" \/>\n<meta property=\"og:title\" content=\"USA Armee WELLCO Jungle saapad Black\" \/>\n<meta property=\"og:description\" content=\"USA ja Briti s\u00f5jav\u00e4e d\u017eunglisaapad, mis on m\u00f5eldud sooja kliima tingimustesse, ameerika tootjalt Wellco. Klassikaline USA s\u00f5jav\u00e4e lahingusaapa mudel, mis tuntud Vietnami s\u00f5ja ajast. Omadused: DMS Panama torkekindel tald Nahast saapapealne ning Cordura\u00ae kangast saapas\u00e4\u00e4r Ventilatsiooniavad saapa sisek\u00fcljel talla juures Mudel vastab USA Armee regulatsioonile 670-1 \u00dclimalt vastupidavast Cordura\u00ae nailonist saapakaelus Saapa lauis: R\/M - tavaline, L\/W - lai, XW - extra lai. Seisukord: uued\" \/>\n<meta property=\"og:url\" content=\"https:\/\/www.outdoors.ee\/et\/toode\/briti-armee-wellco-jungle-saapad-black\/\" \/>\n<meta property=\"og:site_name\" content=\"Outdoors\" \/>\n<meta property=\"article:modified_time\" content=\"2026-02-16T14:33:24+00:00\" \/>\n<meta property=\"og:image\" content=\"https:\/\/www.outdoors.ee\/wp-content\/uploads\/2021\/09\/0830-British-Army-Wellco-Jungle-Boots.jpg\" \/>\n\t<meta property=\"og:image:width\" content=\"500\" \/>\n\t<meta property=\"og:image:height\" content=\"500\" \/>\n\t<meta property=\"og:image:type\" content=\"image\/jpeg\" \/>\n<meta name=\"twitter:card\" content=\"summary_large_image\" \/>\n<meta name=\"twitter:title\" content=\"USA Armee WELLCO Jungle saapad Black\" \/>\n<meta name=\"twitter:label1\" content=\"Est. reading time\" \/>\n\t<meta name=\"twitter:data1\" content=\"1 minut\" \/>\n<script type=\"application\/ld+json\" class=\"yoast-schema-graph\">{\"@context\":\"https:\/\/schema.org\",\"@graph\":[{\"@type\":\"WebPage\",\"@id\":\"https:\/\/www.outdoors.ee\/et\/toode\/briti-armee-wellco-jungle-saapad-black\/\",\"url\":\"https:\/\/www.outdoors.ee\/et\/toode\/briti-armee-wellco-jungle-saapad-black\/\",\"name\":\"USA Armee WELLCO Jungle saapad Black - outdoors.ee\",\"isPartOf\":{\"@id\":\"https:\/\/www.outdoors.ee\/#website\"},\"primaryImageOfPage\":{\"@id\":\"https:\/\/www.outdoors.ee\/et\/toode\/briti-armee-wellco-jungle-saapad-black\/#primaryimage\"},\"image\":{\"@id\":\"https:\/\/www.outdoors.ee\/et\/toode\/briti-armee-wellco-jungle-saapad-black\/#primaryimage\"},\"thumbnailUrl\":\"https:\/\/www.outdoors.ee\/wp-content\/uploads\/2021\/09\/0830-British-Army-Wellco-Jungle-Boots.jpg\",\"datePublished\":\"2021-12-09T00:00:00+00:00\",\"dateModified\":\"2026-02-16T14:33:24+00:00\",\"description\":\"USA ja Briti s\u00f5jav\u00e4e d\u017eunglisaapad, mis on m\u00f5eldud sooja kliima tingimustesse, ameerika tootjalt Wellco. Klassikaline USA s\u00f5jav\u00e4e lahingusaapa mudel, mis tuntud Vietnami s\u00f5ja ajast. Omadused: DMS Panama torkekindel tald Nahast saapapealne ning Cordura\u00ae kangast saapas\u00e4\u00e4r Ventilatsiooniavad saapa sisek\u00fcljel talla juures Mudel vastab USA Armee regulatsioonile 670-1 \u00dclimalt vastupidavast Cordura\u00ae nailonist saapakaelus Saapa lauis: R\/M - tavaline, L\/W - lai, XW - extra lai. Seisukord: uued\",\"breadcrumb\":{\"@id\":\"https:\/\/www.outdoors.ee\/et\/toode\/briti-armee-wellco-jungle-saapad-black\/#breadcrumb\"},\"inLanguage\":\"et\",\"potentialAction\":[{\"@type\":\"ReadAction\",\"target\":[\"https:\/\/www.outdoors.ee\/et\/toode\/briti-armee-wellco-jungle-saapad-black\/\"]}]},{\"@type\":\"ImageObject\",\"inLanguage\":\"et\",\"@id\":\"https:\/\/www.outdoors.ee\/et\/toode\/briti-armee-wellco-jungle-saapad-black\/#primaryimage\",\"url\":\"https:\/\/www.outdoors.ee\/wp-content\/uploads\/2021\/09\/0830-British-Army-Wellco-Jungle-Boots.jpg\",\"contentUrl\":\"https:\/\/www.outdoors.ee\/wp-content\/uploads\/2021\/09\/0830-British-Army-Wellco-Jungle-Boots.jpg\",\"width\":500,\"height\":500},{\"@type\":\"BreadcrumbList\",\"@id\":\"https:\/\/www.outdoors.ee\/et\/toode\/briti-armee-wellco-jungle-saapad-black\/#breadcrumb\",\"itemListElement\":[{\"@type\":\"ListItem\",\"position\":1,\"name\":\"Home\",\"item\":\"https:\/\/www.outdoors.ee\/et\/\"},{\"@type\":\"ListItem\",\"position\":2,\"name\":\"Tooted\",\"item\":\"https:\/\/www.outdoors.ee\/products\/\"},{\"@type\":\"ListItem\",\"position\":3,\"name\":\"Briti Armee Wellco\u00aeJungle saapad Black\"}]},{\"@type\":\"WebSite\",\"@id\":\"https:\/\/www.outdoors.ee\/#website\",\"url\":\"https:\/\/www.outdoors.ee\/\",\"name\":\"Outdoors\",\"description\":\"Genuine military surplus and not only!\",\"potentialAction\":[{\"@type\":\"SearchAction\",\"target\":{\"@type\":\"EntryPoint\",\"urlTemplate\":\"https:\/\/www.outdoors.ee\/?s={search_term_string}\"},\"query-input\":{\"@type\":\"PropertyValueSpecification\",\"valueRequired\":true,\"valueName\":\"search_term_string\"}}],\"inLanguage\":\"et\"}]}<\/script>\n<!-- \/ Yoast SEO plugin. -->","yoast_head_json":{"title":"USA Armee WELLCO Jungle saapad Black - outdoors.ee","description":"USA ja Briti s\u00f5jav\u00e4e d\u017eunglisaapad, mis on m\u00f5eldud sooja kliima tingimustesse, ameerika tootjalt Wellco. Klassikaline USA s\u00f5jav\u00e4e lahingusaapa mudel, mis tuntud Vietnami s\u00f5ja ajast. Omadused: DMS Panama torkekindel tald Nahast saapapealne ning Cordura\u00ae kangast saapas\u00e4\u00e4r Ventilatsiooniavad saapa sisek\u00fcljel talla juures Mudel vastab USA Armee regulatsioonile 670-1 \u00dclimalt vastupidavast Cordura\u00ae nailonist saapakaelus Saapa lauis: R\/M - tavaline, L\/W - lai, XW - extra lai. Seisukord: uued","robots":{"index":"index","follow":"follow","max-snippet":"max-snippet:-1","max-image-preview":"max-image-preview:large","max-video-preview":"max-video-preview:-1"},"canonical":"https:\/\/www.outdoors.ee\/et\/toode\/briti-armee-wellco-jungle-saapad-black\/","og_locale":"et_EE","og_type":"article","og_title":"USA Armee WELLCO Jungle saapad Black","og_description":"USA ja Briti s\u00f5jav\u00e4e d\u017eunglisaapad, mis on m\u00f5eldud sooja kliima tingimustesse, ameerika tootjalt Wellco. Klassikaline USA s\u00f5jav\u00e4e lahingusaapa mudel, mis tuntud Vietnami s\u00f5ja ajast. Omadused: DMS Panama torkekindel tald Nahast saapapealne ning Cordura\u00ae kangast saapas\u00e4\u00e4r Ventilatsiooniavad saapa sisek\u00fcljel talla juures Mudel vastab USA Armee regulatsioonile 670-1 \u00dclimalt vastupidavast Cordura\u00ae nailonist saapakaelus Saapa lauis: R\/M - tavaline, L\/W - lai, XW - extra lai. Seisukord: uued","og_url":"https:\/\/www.outdoors.ee\/et\/toode\/briti-armee-wellco-jungle-saapad-black\/","og_site_name":"Outdoors","article_modified_time":"2026-02-16T14:33:24+00:00","og_image":[{"width":500,"height":500,"url":"https:\/\/www.outdoors.ee\/wp-content\/uploads\/2021\/09\/0830-British-Army-Wellco-Jungle-Boots.jpg","type":"image\/jpeg"}],"twitter_card":"summary_large_image","twitter_title":"USA Armee WELLCO Jungle saapad Black","twitter_misc":{"Est. reading time":"1 minut"},"schema":{"@context":"https:\/\/schema.org","@graph":[{"@type":"WebPage","@id":"https:\/\/www.outdoors.ee\/et\/toode\/briti-armee-wellco-jungle-saapad-black\/","url":"https:\/\/www.outdoors.ee\/et\/toode\/briti-armee-wellco-jungle-saapad-black\/","name":"USA Armee WELLCO Jungle saapad Black - outdoors.ee","isPartOf":{"@id":"https:\/\/www.outdoors.ee\/#website"},"primaryImageOfPage":{"@id":"https:\/\/www.outdoors.ee\/et\/toode\/briti-armee-wellco-jungle-saapad-black\/#primaryimage"},"image":{"@id":"https:\/\/www.outdoors.ee\/et\/toode\/briti-armee-wellco-jungle-saapad-black\/#primaryimage"},"thumbnailUrl":"https:\/\/www.outdoors.ee\/wp-content\/uploads\/2021\/09\/0830-British-Army-Wellco-Jungle-Boots.jpg","datePublished":"2021-12-09T00:00:00+00:00","dateModified":"2026-02-16T14:33:24+00:00","description":"USA ja Briti s\u00f5jav\u00e4e d\u017eunglisaapad, mis on m\u00f5eldud sooja kliima tingimustesse, ameerika tootjalt Wellco. Klassikaline USA s\u00f5jav\u00e4e lahingusaapa mudel, mis tuntud Vietnami s\u00f5ja ajast. Omadused: DMS Panama torkekindel tald Nahast saapapealne ning Cordura\u00ae kangast saapas\u00e4\u00e4r Ventilatsiooniavad saapa sisek\u00fcljel talla juures Mudel vastab USA Armee regulatsioonile 670-1 \u00dclimalt vastupidavast Cordura\u00ae nailonist saapakaelus Saapa lauis: R\/M - tavaline, L\/W - lai, XW - extra lai. Seisukord: uued","breadcrumb":{"@id":"https:\/\/www.outdoors.ee\/et\/toode\/briti-armee-wellco-jungle-saapad-black\/#breadcrumb"},"inLanguage":"et","potentialAction":[{"@type":"ReadAction","target":["https:\/\/www.outdoors.ee\/et\/toode\/briti-armee-wellco-jungle-saapad-black\/"]}]},{"@type":"ImageObject","inLanguage":"et","@id":"https:\/\/www.outdoors.ee\/et\/toode\/briti-armee-wellco-jungle-saapad-black\/#primaryimage","url":"https:\/\/www.outdoors.ee\/wp-content\/uploads\/2021\/09\/0830-British-Army-Wellco-Jungle-Boots.jpg","contentUrl":"https:\/\/www.outdoors.ee\/wp-content\/uploads\/2021\/09\/0830-British-Army-Wellco-Jungle-Boots.jpg","width":500,"height":500},{"@type":"BreadcrumbList","@id":"https:\/\/www.outdoors.ee\/et\/toode\/briti-armee-wellco-jungle-saapad-black\/#breadcrumb","itemListElement":[{"@type":"ListItem","position":1,"name":"Home","item":"https:\/\/www.outdoors.ee\/et\/"},{"@type":"ListItem","position":2,"name":"Tooted","item":"https:\/\/www.outdoors.ee\/products\/"},{"@type":"ListItem","position":3,"name":"Briti Armee Wellco\u00aeJungle saapad Black"}]},{"@type":"WebSite","@id":"https:\/\/www.outdoors.ee\/#website","url":"https:\/\/www.outdoors.ee\/","name":"Outdoors","description":"Genuine military surplus and not only!","potentialAction":[{"@type":"SearchAction","target":{"@type":"EntryPoint","urlTemplate":"https:\/\/www.outdoors.ee\/?s={search_term_string}"},"query-input":{"@type":"PropertyValueSpecification","valueRequired":true,"valueName":"search_term_string"}}],"inLanguage":"et"}]}},"_links":{"self":[{"href":"https:\/\/www.outdoors.ee\/et\/wp-json\/wp\/v2\/product\/60114","targetHints":{"allow":["GET"]}}],"collection":[{"href":"https:\/\/www.outdoors.ee\/et\/wp-json\/wp\/v2\/product"}],"about":[{"href":"https:\/\/www.outdoors.ee\/et\/wp-json\/wp\/v2\/types\/product"}],"wp:featuredmedia":[{"embeddable":true,"href":"https:\/\/www.outdoors.ee\/et\/wp-json\/wp\/v2\/media\/18333"}],"wp:attachment":[{"href":"https:\/\/www.outdoors.ee\/et\/wp-json\/wp\/v2\/media?parent=60114"}],"wp:term":[{"taxonomy":"product_brand","embeddable":true,"href":"https:\/\/www.outdoors.ee\/et\/wp-json\/wp\/v2\/product_brand?post=60114"},{"taxonomy":"product_cat","embeddable":true,"href":"https:\/\/www.outdoors.ee\/et\/wp-json\/wp\/v2\/product_cat?post=60114"},{"taxonomy":"product_tag","embeddable":true,"href":"https:\/\/www.outdoors.ee\/et\/wp-json\/wp\/v2\/product_tag?post=60114"}],"curies":[{"name":"wp","href":"https:\/\/api.w.org\/{rel}","templated":true}]}}