{"id":60106,"date":"2021-12-09T00:00:00","date_gmt":"2021-12-09T00:00:00","guid":{"rendered":"https:\/\/www.outdoors.ee\/product\/haix-high-liability-male-combat-saapad\/"},"modified":"2026-01-29T11:31:53","modified_gmt":"2026-01-29T09:31:53","slug":"briti-armee-saapad-haix-high-liability-male-combat-brown","status":"publish","type":"product","link":"https:\/\/www.outdoors.ee\/et\/toode\/briti-armee-saapad-haix-high-liability-male-combat-brown\/","title":{"rendered":"Briti Armee saapad Haix\u00ae High Liability Male Combat Brown"},"content":{"rendered":"<p><strong>Pealismaterjal<\/strong><\/p>\n<p>Nahk\/Tekstiil, vetth\u00fclgav, hingav (5,0 mg\/cm\u00b2\/h), paksusega 2,4 \u2013 2,6 mm<\/p>\n<p><strong>Sisevooder<\/strong><\/p>\n<p>Gore-Tex\u00ae Performance; 4-kihiline Gore-Tex\u00ae laminaat, vetth\u00fclgav ja hingav. Kulumiskindel vooder vahekihiga fliismaterjalist. Optimeeritud aastaringseks ning suure koormusega kasutamiseks. Suurendatud keemiline kaitse.<\/p>\n<p><strong>Plastikust Tallatugi<\/strong><\/p>\n<p>Tagab stabiilsuse, torkekindluse (teravad kivid jmt), t\u00f5rjub niiskuse.<\/p>\n<p><strong>Sisetald<\/strong><\/p>\n<p>Anatoomilise kujuga, vahetatav, pestav, kiiresti kuivav, niiskust imav<\/p>\n<p><strong>V\u00e4listald<\/strong><\/p>\n<p>Kummi ja pol\u00fcuretaani segu, nii t\u00e4navale kui maastikule sobiva libisemisvastase mustriga. Optimaalne talla painduvus sammumisel t\u00e4na sportliku kujuga saapaninale ja \u00fcmara vormiga kannale. Non-marking poorkummist v\u00e4listald MSL (micro-softlight) s\u00fcsteemiga on kerge, v\u00e4ga hea soojaisolatsiooni omadustega. K\u00e4sitsi paigaldatud k\u00f5rged kummist k\u00fclgpaneelid annavad saapa kandekonstruktsioonile erilise stabiilsuse. Vastab standardile EN ISO 20347:2012<\/p>\n<p><strong>HAIX\u00ae Climate System<\/strong><\/p>\n<p>Climate System Micro-Dry voodriga jala peal saapa sees<\/p>\n<p><strong>HAIX\u00ae MSL System<\/strong><\/p>\n<p>MicroSoftLight: Hea p\u00f5rutuse leevendus, v\u00e4ike kaal t\u00e4nu tallaosa \u00fcmbritsevale PU vahale, hea soojaisolatsioon<\/p>\n<p><strong>Muu<\/strong><\/p>\n<p>Sujuva paelaliikumisega aasad, libisemisvastane v\u00e4listald ka lume\/j\u00e4\u00e4 tintgimustes, antistaatiline<\/p>\n<p><strong>Laius:<\/strong> M &#8211; tavaline, W &#8211; lai<\/p>\n<p><strong>Seisukord<\/strong>:<\/p>\n<ul>\n<li>uus (ilma originaalkarbita, v\u00f5ivad sisaldada hulgiladustamise j\u00e4lgi)<\/li>\n<li>uuev\u00e4\u00e4rne (sisaldavad kergeid kulumisj\u00e4lgi)<\/li>\n<li>Kasutatud, Grade 1 (sisaldavad m\u00f5\u00f5dukaid kulumisj\u00e4lgi, v\u00f5ivad sisaldada v\u00e4iksemaid vigastusi)<\/li>\n<\/ul>\n","protected":false},"excerpt":{"rendered":"<p>Briti Armee meeste saapad Haix\u00ae High Liability Male Combat, pruun<\/p>\n","protected":false},"featured_media":9726,"template":"","meta":[],"product_brand":[],"product_cat":[70],"product_tag":[],"class_list":{"0":"post-60106","1":"product","2":"type-product","3":"status-publish","4":"has-post-thumbnail","6":"product_cat-jalanoud","7":"pa_brand-british-military-surplus","8":"pa_brand-haix-2","9":"pa_condition-kasutatud-grade-1","10":"pa_condition-uuevaarne","11":"pa_condition-uus","12":"pa_size-uk10m-us11-eu45-3","13":"pa_size-uk10w-us11-eu45-2","14":"pa_size-uk11m-us12-eu46-2","15":"pa_size-uk11w-us12-eu46-2","16":"pa_size-uk12m-us13-eu47-2","17":"pa_size-uk6w-us7-eu39-2","18":"pa_size-uk7m-us8-eu41-3","19":"pa_size-uk7w-us8-eu41-2","20":"pa_size-uk8m-us9-eu42-2","21":"pa_size-uk8w-us9-eu42-2","22":"pa_size-uk9m-us10-eu43-2","24":"first","25":"instock","26":"taxable","27":"shipping-taxable","28":"purchasable","29":"product-type-variable"},"yoast_head":"<!-- This site is optimized with the Yoast SEO plugin v27.2 - https:\/\/yoast.com\/product\/yoast-seo-wordpress\/ -->\n<title>HAIX High Liability Male Combat saapad - outdoors.ee<\/title>\n<meta name=\"description\" content=\"Pealismaterjal Nahk\/Tekstiil, vetth\u00fclgav, hingav (5,0 mg\/cm\u00b2\/h), paksusega 2,4 \u2013 2,6 mm Sisevooder Gore-Tex\u00ae Performance; 4-kihiline Gore-Tex\u00ae laminaat, vetth\u00fclgav ja hingav. Kulumiskindel vooder vahekihiga fliismaterjalist. Optimeeritud aastaringseks ning suure koormusega kasutamiseks. Suurendatud keemiline kaitse. Plastikust Tallatugi Tagab stabiilsuse, torkekindluse (teravad kivid jmt), t\u00f5rjub niiskuse. Sisetald Anatoomilise kujuga, vahetatav, pestav, kiiresti kuivav, niiskust imav V\u00e4listald Kummi ja pol\u00fcuretaani segu, nii t\u00e4navale kui maastikule sobiva libisemisvastase mustriga. Optimaalne talla painduvus sammumisel t\u00e4na sportliku kujuga saapaninale ja \u00fcmara vormiga kannale. Non-marking poorkummist v\u00e4listald MSL\u00a0(micro-softlight) s\u00fcsteemiga on kerge, v\u00e4ga hea soojaisoleeromadustega. K\u00e4sitsi paigaldatud k\u00f5rged kummist k\u00fclgpaneelid annavad saapa kandekonstruktsioonile erilise stabiilsuse. Vastab standardile EN ISO 20347:2012 HAIX\u00ae Climate System Climate System Micro-Dry voodriga jala peal saapa sees HAIX\u00ae MSL System MicroSoftLight: Hea p\u00f5rutuse leevendus, v\u00e4ike kaal t\u00e4nu tallaosa \u00fcmbritsevale PU vahale, hea soojaisolatsioon Muu Sujuva paelaliikumisega aasad, libisemisvastane v\u00e4listald ka lume\/j\u00e4\u00e4 tintgimustes, antistaatiline Seisukord:\u00a0 uued, karbis uuev\u00e4\u00e4rsed (sisaldavad minimaalseid kulumisj\u00e4lgi) Kasutatud, Grade 1 (m\u00f5\u00f5dukate kulumisj\u00e4lgedega, heas korras, s\u00e4ilitanud kasutusk\u00f5lblikkuse,\u00a0ei sisalda m\u00e4rkimisv\u00e4\u00e4rseid vigastusi) \u00a0\" \/>\n<meta name=\"robots\" content=\"index, follow, max-snippet:-1, max-image-preview:large, max-video-preview:-1\" \/>\n<link rel=\"canonical\" href=\"https:\/\/www.outdoors.ee\/et\/toode\/briti-armee-saapad-haix-high-liability-male-combat-brown\/\" \/>\n<meta property=\"og:locale\" content=\"et_EE\" \/>\n<meta property=\"og:type\" content=\"article\" \/>\n<meta property=\"og:title\" content=\"HAIX High Liability Male Combat saapad\" \/>\n<meta property=\"og:description\" content=\"Pealismaterjal Nahk\/Tekstiil, vetth\u00fclgav, hingav (5,0 mg\/cm\u00b2\/h), paksusega 2,4 \u2013 2,6 mm Sisevooder Gore-Tex\u00ae Performance; 4-kihiline Gore-Tex\u00ae laminaat, vetth\u00fclgav ja hingav. Kulumiskindel vooder vahekihiga fliismaterjalist. Optimeeritud aastaringseks ning suure koormusega kasutamiseks. Suurendatud keemiline kaitse. Plastikust Tallatugi Tagab stabiilsuse, torkekindluse (teravad kivid jmt), t\u00f5rjub niiskuse. Sisetald Anatoomilise kujuga, vahetatav, pestav, kiiresti kuivav, niiskust imav V\u00e4listald Kummi ja pol\u00fcuretaani segu, nii t\u00e4navale kui maastikule sobiva libisemisvastase mustriga. Optimaalne talla painduvus sammumisel t\u00e4na sportliku kujuga saapaninale ja \u00fcmara vormiga kannale. Non-marking poorkummist v\u00e4listald MSL\u00a0(micro-softlight) s\u00fcsteemiga on kerge, v\u00e4ga hea soojaisoleeromadustega. K\u00e4sitsi paigaldatud k\u00f5rged kummist k\u00fclgpaneelid annavad saapa kandekonstruktsioonile erilise stabiilsuse. Vastab standardile EN ISO 20347:2012 HAIX\u00ae Climate System Climate System Micro-Dry voodriga jala peal saapa sees HAIX\u00ae MSL System MicroSoftLight: Hea p\u00f5rutuse leevendus, v\u00e4ike kaal t\u00e4nu tallaosa \u00fcmbritsevale PU vahale, hea soojaisolatsioon Muu Sujuva paelaliikumisega aasad, libisemisvastane v\u00e4listald ka lume\/j\u00e4\u00e4 tintgimustes, antistaatiline Seisukord:\u00a0 uued, karbis uuev\u00e4\u00e4rsed (sisaldavad minimaalseid kulumisj\u00e4lgi) Kasutatud, Grade 1 (m\u00f5\u00f5dukate kulumisj\u00e4lgedega, heas korras, s\u00e4ilitanud kasutusk\u00f5lblikkuse,\u00a0ei sisalda m\u00e4rkimisv\u00e4\u00e4rseid vigastusi) \u00a0\" \/>\n<meta property=\"og:url\" content=\"https:\/\/www.outdoors.ee\/et\/toode\/briti-armee-saapad-haix-high-liability-male-combat-brown\/\" \/>\n<meta property=\"og:site_name\" content=\"Outdoors\" \/>\n<meta property=\"article:modified_time\" content=\"2026-01-29T09:31:53+00:00\" \/>\n<meta property=\"og:image\" content=\"https:\/\/www.outdoors.ee\/wp-content\/uploads\/2021\/08\/0829-HAIX-High-Liability-Combat-Boots.jpg\" \/>\n\t<meta property=\"og:image:width\" content=\"600\" \/>\n\t<meta property=\"og:image:height\" content=\"600\" \/>\n\t<meta property=\"og:image:type\" content=\"image\/jpeg\" \/>\n<meta name=\"twitter:card\" content=\"summary_large_image\" \/>\n<meta name=\"twitter:title\" content=\"HAIX High Liability Male Combat saapad\" \/>\n<meta name=\"twitter:label1\" content=\"Est. reading time\" \/>\n\t<meta name=\"twitter:data1\" content=\"1 minut\" \/>\n<script type=\"application\/ld+json\" class=\"yoast-schema-graph\">{\"@context\":\"https:\/\/schema.org\",\"@graph\":[{\"@type\":\"WebPage\",\"@id\":\"https:\/\/www.outdoors.ee\/et\/toode\/briti-armee-saapad-haix-high-liability-male-combat-brown\/\",\"url\":\"https:\/\/www.outdoors.ee\/et\/toode\/briti-armee-saapad-haix-high-liability-male-combat-brown\/\",\"name\":\"HAIX High Liability Male Combat saapad - outdoors.ee\",\"isPartOf\":{\"@id\":\"https:\/\/www.outdoors.ee\/#website\"},\"primaryImageOfPage\":{\"@id\":\"https:\/\/www.outdoors.ee\/et\/toode\/briti-armee-saapad-haix-high-liability-male-combat-brown\/#primaryimage\"},\"image\":{\"@id\":\"https:\/\/www.outdoors.ee\/et\/toode\/briti-armee-saapad-haix-high-liability-male-combat-brown\/#primaryimage\"},\"thumbnailUrl\":\"https:\/\/www.outdoors.ee\/wp-content\/uploads\/2021\/08\/0829-HAIX-High-Liability-Combat-Boots.jpg\",\"datePublished\":\"2021-12-09T00:00:00+00:00\",\"dateModified\":\"2026-01-29T09:31:53+00:00\",\"description\":\"Pealismaterjal Nahk\/Tekstiil, vetth\u00fclgav, hingav (5,0 mg\/cm\u00b2\/h), paksusega 2,4 \u2013 2,6 mm Sisevooder Gore-Tex\u00ae Performance; 4-kihiline Gore-Tex\u00ae laminaat, vetth\u00fclgav ja hingav. Kulumiskindel vooder vahekihiga fliismaterjalist. Optimeeritud aastaringseks ning suure koormusega kasutamiseks. Suurendatud keemiline kaitse. Plastikust Tallatugi Tagab stabiilsuse, torkekindluse (teravad kivid jmt), t\u00f5rjub niiskuse. Sisetald Anatoomilise kujuga, vahetatav, pestav, kiiresti kuivav, niiskust imav V\u00e4listald Kummi ja pol\u00fcuretaani segu, nii t\u00e4navale kui maastikule sobiva libisemisvastase mustriga. Optimaalne talla painduvus sammumisel t\u00e4na sportliku kujuga saapaninale ja \u00fcmara vormiga kannale. Non-marking poorkummist v\u00e4listald MSL\u00a0(micro-softlight) s\u00fcsteemiga on kerge, v\u00e4ga hea soojaisoleeromadustega. K\u00e4sitsi paigaldatud k\u00f5rged kummist k\u00fclgpaneelid annavad saapa kandekonstruktsioonile erilise stabiilsuse. Vastab standardile EN ISO 20347:2012 HAIX\u00ae Climate System Climate System Micro-Dry voodriga jala peal saapa sees HAIX\u00ae MSL System MicroSoftLight: Hea p\u00f5rutuse leevendus, v\u00e4ike kaal t\u00e4nu tallaosa \u00fcmbritsevale PU vahale, hea soojaisolatsioon Muu Sujuva paelaliikumisega aasad, libisemisvastane v\u00e4listald ka lume\/j\u00e4\u00e4 tintgimustes, antistaatiline Seisukord:\u00a0 uued, karbis uuev\u00e4\u00e4rsed (sisaldavad minimaalseid kulumisj\u00e4lgi) Kasutatud, Grade 1 (m\u00f5\u00f5dukate kulumisj\u00e4lgedega, heas korras, s\u00e4ilitanud kasutusk\u00f5lblikkuse,\u00a0ei sisalda m\u00e4rkimisv\u00e4\u00e4rseid vigastusi) \u00a0\",\"breadcrumb\":{\"@id\":\"https:\/\/www.outdoors.ee\/et\/toode\/briti-armee-saapad-haix-high-liability-male-combat-brown\/#breadcrumb\"},\"inLanguage\":\"et\",\"potentialAction\":[{\"@type\":\"ReadAction\",\"target\":[\"https:\/\/www.outdoors.ee\/et\/toode\/briti-armee-saapad-haix-high-liability-male-combat-brown\/\"]}]},{\"@type\":\"ImageObject\",\"inLanguage\":\"et\",\"@id\":\"https:\/\/www.outdoors.ee\/et\/toode\/briti-armee-saapad-haix-high-liability-male-combat-brown\/#primaryimage\",\"url\":\"https:\/\/www.outdoors.ee\/wp-content\/uploads\/2021\/08\/0829-HAIX-High-Liability-Combat-Boots.jpg\",\"contentUrl\":\"https:\/\/www.outdoors.ee\/wp-content\/uploads\/2021\/08\/0829-HAIX-High-Liability-Combat-Boots.jpg\",\"width\":600,\"height\":600},{\"@type\":\"BreadcrumbList\",\"@id\":\"https:\/\/www.outdoors.ee\/et\/toode\/briti-armee-saapad-haix-high-liability-male-combat-brown\/#breadcrumb\",\"itemListElement\":[{\"@type\":\"ListItem\",\"position\":1,\"name\":\"Home\",\"item\":\"https:\/\/www.outdoors.ee\/et\/\"},{\"@type\":\"ListItem\",\"position\":2,\"name\":\"Tooted\",\"item\":\"https:\/\/www.outdoors.ee\/products\/\"},{\"@type\":\"ListItem\",\"position\":3,\"name\":\"Briti Armee saapad Haix\u00ae High Liability Male Combat Brown\"}]},{\"@type\":\"WebSite\",\"@id\":\"https:\/\/www.outdoors.ee\/#website\",\"url\":\"https:\/\/www.outdoors.ee\/\",\"name\":\"Outdoors\",\"description\":\"Genuine military surplus and not only!\",\"potentialAction\":[{\"@type\":\"SearchAction\",\"target\":{\"@type\":\"EntryPoint\",\"urlTemplate\":\"https:\/\/www.outdoors.ee\/?s={search_term_string}\"},\"query-input\":{\"@type\":\"PropertyValueSpecification\",\"valueRequired\":true,\"valueName\":\"search_term_string\"}}],\"inLanguage\":\"et\"}]}<\/script>\n<!-- \/ Yoast SEO plugin. -->","yoast_head_json":{"title":"HAIX High Liability Male Combat saapad - outdoors.ee","description":"Pealismaterjal Nahk\/Tekstiil, vetth\u00fclgav, hingav (5,0 mg\/cm\u00b2\/h), paksusega 2,4 \u2013 2,6 mm Sisevooder Gore-Tex\u00ae Performance; 4-kihiline Gore-Tex\u00ae laminaat, vetth\u00fclgav ja hingav. Kulumiskindel vooder vahekihiga fliismaterjalist. Optimeeritud aastaringseks ning suure koormusega kasutamiseks. Suurendatud keemiline kaitse. Plastikust Tallatugi Tagab stabiilsuse, torkekindluse (teravad kivid jmt), t\u00f5rjub niiskuse. Sisetald Anatoomilise kujuga, vahetatav, pestav, kiiresti kuivav, niiskust imav V\u00e4listald Kummi ja pol\u00fcuretaani segu, nii t\u00e4navale kui maastikule sobiva libisemisvastase mustriga. Optimaalne talla painduvus sammumisel t\u00e4na sportliku kujuga saapaninale ja \u00fcmara vormiga kannale. Non-marking poorkummist v\u00e4listald MSL\u00a0(micro-softlight) s\u00fcsteemiga on kerge, v\u00e4ga hea soojaisoleeromadustega. K\u00e4sitsi paigaldatud k\u00f5rged kummist k\u00fclgpaneelid annavad saapa kandekonstruktsioonile erilise stabiilsuse. Vastab standardile EN ISO 20347:2012 HAIX\u00ae Climate System Climate System Micro-Dry voodriga jala peal saapa sees HAIX\u00ae MSL System MicroSoftLight: Hea p\u00f5rutuse leevendus, v\u00e4ike kaal t\u00e4nu tallaosa \u00fcmbritsevale PU vahale, hea soojaisolatsioon Muu Sujuva paelaliikumisega aasad, libisemisvastane v\u00e4listald ka lume\/j\u00e4\u00e4 tintgimustes, antistaatiline Seisukord:\u00a0 uued, karbis uuev\u00e4\u00e4rsed (sisaldavad minimaalseid kulumisj\u00e4lgi) Kasutatud, Grade 1 (m\u00f5\u00f5dukate kulumisj\u00e4lgedega, heas korras, s\u00e4ilitanud kasutusk\u00f5lblikkuse,\u00a0ei sisalda m\u00e4rkimisv\u00e4\u00e4rseid vigastusi) \u00a0","robots":{"index":"index","follow":"follow","max-snippet":"max-snippet:-1","max-image-preview":"max-image-preview:large","max-video-preview":"max-video-preview:-1"},"canonical":"https:\/\/www.outdoors.ee\/et\/toode\/briti-armee-saapad-haix-high-liability-male-combat-brown\/","og_locale":"et_EE","og_type":"article","og_title":"HAIX High Liability Male Combat saapad","og_description":"Pealismaterjal Nahk\/Tekstiil, vetth\u00fclgav, hingav (5,0 mg\/cm\u00b2\/h), paksusega 2,4 \u2013 2,6 mm Sisevooder Gore-Tex\u00ae Performance; 4-kihiline Gore-Tex\u00ae laminaat, vetth\u00fclgav ja hingav. Kulumiskindel vooder vahekihiga fliismaterjalist. Optimeeritud aastaringseks ning suure koormusega kasutamiseks. Suurendatud keemiline kaitse. Plastikust Tallatugi Tagab stabiilsuse, torkekindluse (teravad kivid jmt), t\u00f5rjub niiskuse. Sisetald Anatoomilise kujuga, vahetatav, pestav, kiiresti kuivav, niiskust imav V\u00e4listald Kummi ja pol\u00fcuretaani segu, nii t\u00e4navale kui maastikule sobiva libisemisvastase mustriga. Optimaalne talla painduvus sammumisel t\u00e4na sportliku kujuga saapaninale ja \u00fcmara vormiga kannale. Non-marking poorkummist v\u00e4listald MSL\u00a0(micro-softlight) s\u00fcsteemiga on kerge, v\u00e4ga hea soojaisoleeromadustega. K\u00e4sitsi paigaldatud k\u00f5rged kummist k\u00fclgpaneelid annavad saapa kandekonstruktsioonile erilise stabiilsuse. Vastab standardile EN ISO 20347:2012 HAIX\u00ae Climate System Climate System Micro-Dry voodriga jala peal saapa sees HAIX\u00ae MSL System MicroSoftLight: Hea p\u00f5rutuse leevendus, v\u00e4ike kaal t\u00e4nu tallaosa \u00fcmbritsevale PU vahale, hea soojaisolatsioon Muu Sujuva paelaliikumisega aasad, libisemisvastane v\u00e4listald ka lume\/j\u00e4\u00e4 tintgimustes, antistaatiline Seisukord:\u00a0 uued, karbis uuev\u00e4\u00e4rsed (sisaldavad minimaalseid kulumisj\u00e4lgi) Kasutatud, Grade 1 (m\u00f5\u00f5dukate kulumisj\u00e4lgedega, heas korras, s\u00e4ilitanud kasutusk\u00f5lblikkuse,\u00a0ei sisalda m\u00e4rkimisv\u00e4\u00e4rseid vigastusi) \u00a0","og_url":"https:\/\/www.outdoors.ee\/et\/toode\/briti-armee-saapad-haix-high-liability-male-combat-brown\/","og_site_name":"Outdoors","article_modified_time":"2026-01-29T09:31:53+00:00","og_image":[{"width":600,"height":600,"url":"https:\/\/www.outdoors.ee\/wp-content\/uploads\/2021\/08\/0829-HAIX-High-Liability-Combat-Boots.jpg","type":"image\/jpeg"}],"twitter_card":"summary_large_image","twitter_title":"HAIX High Liability Male Combat saapad","twitter_misc":{"Est. reading time":"1 minut"},"schema":{"@context":"https:\/\/schema.org","@graph":[{"@type":"WebPage","@id":"https:\/\/www.outdoors.ee\/et\/toode\/briti-armee-saapad-haix-high-liability-male-combat-brown\/","url":"https:\/\/www.outdoors.ee\/et\/toode\/briti-armee-saapad-haix-high-liability-male-combat-brown\/","name":"HAIX High Liability Male Combat saapad - outdoors.ee","isPartOf":{"@id":"https:\/\/www.outdoors.ee\/#website"},"primaryImageOfPage":{"@id":"https:\/\/www.outdoors.ee\/et\/toode\/briti-armee-saapad-haix-high-liability-male-combat-brown\/#primaryimage"},"image":{"@id":"https:\/\/www.outdoors.ee\/et\/toode\/briti-armee-saapad-haix-high-liability-male-combat-brown\/#primaryimage"},"thumbnailUrl":"https:\/\/www.outdoors.ee\/wp-content\/uploads\/2021\/08\/0829-HAIX-High-Liability-Combat-Boots.jpg","datePublished":"2021-12-09T00:00:00+00:00","dateModified":"2026-01-29T09:31:53+00:00","description":"Pealismaterjal Nahk\/Tekstiil, vetth\u00fclgav, hingav (5,0 mg\/cm\u00b2\/h), paksusega 2,4 \u2013 2,6 mm Sisevooder Gore-Tex\u00ae Performance; 4-kihiline Gore-Tex\u00ae laminaat, vetth\u00fclgav ja hingav. Kulumiskindel vooder vahekihiga fliismaterjalist. Optimeeritud aastaringseks ning suure koormusega kasutamiseks. Suurendatud keemiline kaitse. Plastikust Tallatugi Tagab stabiilsuse, torkekindluse (teravad kivid jmt), t\u00f5rjub niiskuse. Sisetald Anatoomilise kujuga, vahetatav, pestav, kiiresti kuivav, niiskust imav V\u00e4listald Kummi ja pol\u00fcuretaani segu, nii t\u00e4navale kui maastikule sobiva libisemisvastase mustriga. Optimaalne talla painduvus sammumisel t\u00e4na sportliku kujuga saapaninale ja \u00fcmara vormiga kannale. Non-marking poorkummist v\u00e4listald MSL\u00a0(micro-softlight) s\u00fcsteemiga on kerge, v\u00e4ga hea soojaisoleeromadustega. K\u00e4sitsi paigaldatud k\u00f5rged kummist k\u00fclgpaneelid annavad saapa kandekonstruktsioonile erilise stabiilsuse. Vastab standardile EN ISO 20347:2012 HAIX\u00ae Climate System Climate System Micro-Dry voodriga jala peal saapa sees HAIX\u00ae MSL System MicroSoftLight: Hea p\u00f5rutuse leevendus, v\u00e4ike kaal t\u00e4nu tallaosa \u00fcmbritsevale PU vahale, hea soojaisolatsioon Muu Sujuva paelaliikumisega aasad, libisemisvastane v\u00e4listald ka lume\/j\u00e4\u00e4 tintgimustes, antistaatiline Seisukord:\u00a0 uued, karbis uuev\u00e4\u00e4rsed (sisaldavad minimaalseid kulumisj\u00e4lgi) Kasutatud, Grade 1 (m\u00f5\u00f5dukate kulumisj\u00e4lgedega, heas korras, s\u00e4ilitanud kasutusk\u00f5lblikkuse,\u00a0ei sisalda m\u00e4rkimisv\u00e4\u00e4rseid vigastusi) \u00a0","breadcrumb":{"@id":"https:\/\/www.outdoors.ee\/et\/toode\/briti-armee-saapad-haix-high-liability-male-combat-brown\/#breadcrumb"},"inLanguage":"et","potentialAction":[{"@type":"ReadAction","target":["https:\/\/www.outdoors.ee\/et\/toode\/briti-armee-saapad-haix-high-liability-male-combat-brown\/"]}]},{"@type":"ImageObject","inLanguage":"et","@id":"https:\/\/www.outdoors.ee\/et\/toode\/briti-armee-saapad-haix-high-liability-male-combat-brown\/#primaryimage","url":"https:\/\/www.outdoors.ee\/wp-content\/uploads\/2021\/08\/0829-HAIX-High-Liability-Combat-Boots.jpg","contentUrl":"https:\/\/www.outdoors.ee\/wp-content\/uploads\/2021\/08\/0829-HAIX-High-Liability-Combat-Boots.jpg","width":600,"height":600},{"@type":"BreadcrumbList","@id":"https:\/\/www.outdoors.ee\/et\/toode\/briti-armee-saapad-haix-high-liability-male-combat-brown\/#breadcrumb","itemListElement":[{"@type":"ListItem","position":1,"name":"Home","item":"https:\/\/www.outdoors.ee\/et\/"},{"@type":"ListItem","position":2,"name":"Tooted","item":"https:\/\/www.outdoors.ee\/products\/"},{"@type":"ListItem","position":3,"name":"Briti Armee saapad Haix\u00ae High Liability Male Combat Brown"}]},{"@type":"WebSite","@id":"https:\/\/www.outdoors.ee\/#website","url":"https:\/\/www.outdoors.ee\/","name":"Outdoors","description":"Genuine military surplus and not only!","potentialAction":[{"@type":"SearchAction","target":{"@type":"EntryPoint","urlTemplate":"https:\/\/www.outdoors.ee\/?s={search_term_string}"},"query-input":{"@type":"PropertyValueSpecification","valueRequired":true,"valueName":"search_term_string"}}],"inLanguage":"et"}]}},"_links":{"self":[{"href":"https:\/\/www.outdoors.ee\/et\/wp-json\/wp\/v2\/product\/60106","targetHints":{"allow":["GET"]}}],"collection":[{"href":"https:\/\/www.outdoors.ee\/et\/wp-json\/wp\/v2\/product"}],"about":[{"href":"https:\/\/www.outdoors.ee\/et\/wp-json\/wp\/v2\/types\/product"}],"wp:featuredmedia":[{"embeddable":true,"href":"https:\/\/www.outdoors.ee\/et\/wp-json\/wp\/v2\/media\/9726"}],"wp:attachment":[{"href":"https:\/\/www.outdoors.ee\/et\/wp-json\/wp\/v2\/media?parent=60106"}],"wp:term":[{"taxonomy":"product_brand","embeddable":true,"href":"https:\/\/www.outdoors.ee\/et\/wp-json\/wp\/v2\/product_brand?post=60106"},{"taxonomy":"product_cat","embeddable":true,"href":"https:\/\/www.outdoors.ee\/et\/wp-json\/wp\/v2\/product_cat?post=60106"},{"taxonomy":"product_tag","embeddable":true,"href":"https:\/\/www.outdoors.ee\/et\/wp-json\/wp\/v2\/product_tag?post=60106"}],"curies":[{"name":"wp","href":"https:\/\/api.w.org\/{rel}","templated":true}]}}