{"id":60102,"date":"2021-12-09T00:00:00","date_gmt":"2021-12-09T00:00:00","guid":{"rendered":"https:\/\/www.outdoors.ee\/product\/bundeswehr-aviator-saapad-villast-voodriga\/"},"modified":"2026-04-17T13:23:59","modified_gmt":"2026-04-17T10:23:59","slug":"bundeswehr-aviator-saapad-villast-sisevoodriga","status":"publish","type":"product","link":"https:\/\/www.outdoors.ee\/et\/toode\/bundeswehr-aviator-saapad-villast-sisevoodriga\/","title":{"rendered":"Bundeswehr Aviator saapad villast sisevoodriga"},"content":{"rendered":"<p>Saksa Armee piloodi saapad villast voodriga ning t\u00f5mblukuga sisemisel k\u00fcljel.<\/p>\n<p>NB! Mudel v\u00f5ib disaini poolest veidi varjeeruda.<\/p>\n<p><strong>Seisukord:<\/strong><\/p>\n<ul>\n<li>uus (v\u00f5ivad sisaldada hulgiladustamise j\u00e4lgi)<\/li>\n<li>uuev\u00e4\u00e4rne (sisaldavad minimaalseid kulumisj\u00e4lgi)<\/li>\n<\/ul>\n","protected":false},"excerpt":{"rendered":"<p>Saksa Armee Aviator saapad villast sisevoodriga, must<\/p>\n","protected":false},"featured_media":111412,"template":"","meta":[],"product_brand":[],"product_cat":[70],"product_tag":[],"class_list":{"0":"post-60102","1":"product","2":"type-product","3":"status-publish","4":"has-post-thumbnail","6":"product_cat-jalanoud","7":"pa_brand-german-military-surplus","8":"pa_condition-uus","9":"pa_size-245-2","10":"pa_size-250-2-2","11":"pa_size-255-2","12":"pa_size-260-2","13":"pa_size-265-2","14":"pa_size-270-2","15":"pa_size-275-2","16":"pa_size-280-2","17":"pa_size-285-2","18":"pa_size-290-2","19":"pa_size-295-2","20":"pa_size-300-2","21":"pa_size-305-2","22":"pa_size-310-2","23":"pa_size-315-2","25":"first","26":"instock","27":"taxable","28":"shipping-taxable","29":"purchasable","30":"product-type-variable"},"yoast_head":"<!-- This site is optimized with the Yoast SEO plugin v27.2 - https:\/\/yoast.com\/product\/yoast-seo-wordpress\/ -->\n<title>Bundeswehr Aviator saapad villast voodriga - outdoors.ee<\/title>\n<meta name=\"description\" content=\"Saksa Armee piloodi saapad villase voodriga ning t\u00f5mblukuga sisemisel k\u00fcljel. Seisukord: uued\" \/>\n<meta name=\"robots\" content=\"index, follow, max-snippet:-1, max-image-preview:large, max-video-preview:-1\" \/>\n<link rel=\"canonical\" href=\"https:\/\/www.outdoors.ee\/et\/toode\/bundeswehr-aviator-saapad-villast-sisevoodriga\/\" \/>\n<meta property=\"og:locale\" content=\"et_EE\" \/>\n<meta property=\"og:type\" content=\"article\" \/>\n<meta property=\"og:title\" content=\"Bundeswehr Aviator saapad villast voodriga\" \/>\n<meta property=\"og:description\" content=\"Saksa Armee piloodi saapad villase voodriga ning t\u00f5mblukuga sisemisel k\u00fcljel. Seisukord: uued\" \/>\n<meta property=\"og:url\" content=\"https:\/\/www.outdoors.ee\/et\/toode\/bundeswehr-aviator-saapad-villast-sisevoodriga\/\" \/>\n<meta property=\"og:site_name\" content=\"Outdoors\" \/>\n<meta property=\"article:modified_time\" content=\"2026-04-17T10:23:59+00:00\" \/>\n<meta property=\"og:image\" content=\"https:\/\/www.outdoors.ee\/wp-content\/uploads\/2021\/12\/0826-Bundeswehr-Wool-Lined-Pilot-Boots-Black-3-1.png\" \/>\n\t<meta property=\"og:image:width\" content=\"1200\" \/>\n\t<meta property=\"og:image:height\" content=\"1186\" \/>\n\t<meta property=\"og:image:type\" content=\"image\/png\" \/>\n<meta name=\"twitter:card\" content=\"summary_large_image\" \/>\n<meta name=\"twitter:title\" content=\"Bundeswehr Aviator saapad villast voodriga\" \/>\n<meta name=\"twitter:label1\" content=\"Est. reading time\" \/>\n\t<meta name=\"twitter:data1\" content=\"1 minut\" \/>\n<script type=\"application\/ld+json\" class=\"yoast-schema-graph\">{\"@context\":\"https:\/\/schema.org\",\"@graph\":[{\"@type\":\"WebPage\",\"@id\":\"https:\/\/www.outdoors.ee\/et\/toode\/bundeswehr-aviator-saapad-villast-sisevoodriga\/\",\"url\":\"https:\/\/www.outdoors.ee\/et\/toode\/bundeswehr-aviator-saapad-villast-sisevoodriga\/\",\"name\":\"Bundeswehr Aviator saapad villast voodriga - outdoors.ee\",\"isPartOf\":{\"@id\":\"https:\/\/www.outdoors.ee\/#website\"},\"primaryImageOfPage\":{\"@id\":\"https:\/\/www.outdoors.ee\/et\/toode\/bundeswehr-aviator-saapad-villast-sisevoodriga\/#primaryimage\"},\"image\":{\"@id\":\"https:\/\/www.outdoors.ee\/et\/toode\/bundeswehr-aviator-saapad-villast-sisevoodriga\/#primaryimage\"},\"thumbnailUrl\":\"https:\/\/www.outdoors.ee\/wp-content\/uploads\/2021\/12\/0826-Bundeswehr-Wool-Lined-Pilot-Boots-Black-3-1.png\",\"datePublished\":\"2021-12-09T00:00:00+00:00\",\"dateModified\":\"2026-04-17T10:23:59+00:00\",\"description\":\"Saksa Armee piloodi saapad villase voodriga ning t\u00f5mblukuga sisemisel k\u00fcljel. Seisukord: uued\",\"breadcrumb\":{\"@id\":\"https:\/\/www.outdoors.ee\/et\/toode\/bundeswehr-aviator-saapad-villast-sisevoodriga\/#breadcrumb\"},\"inLanguage\":\"et\",\"potentialAction\":[{\"@type\":\"ReadAction\",\"target\":[\"https:\/\/www.outdoors.ee\/et\/toode\/bundeswehr-aviator-saapad-villast-sisevoodriga\/\"]}]},{\"@type\":\"ImageObject\",\"inLanguage\":\"et\",\"@id\":\"https:\/\/www.outdoors.ee\/et\/toode\/bundeswehr-aviator-saapad-villast-sisevoodriga\/#primaryimage\",\"url\":\"https:\/\/www.outdoors.ee\/wp-content\/uploads\/2021\/12\/0826-Bundeswehr-Wool-Lined-Pilot-Boots-Black-3-1.png\",\"contentUrl\":\"https:\/\/www.outdoors.ee\/wp-content\/uploads\/2021\/12\/0826-Bundeswehr-Wool-Lined-Pilot-Boots-Black-3-1.png\",\"width\":1200,\"height\":1186},{\"@type\":\"BreadcrumbList\",\"@id\":\"https:\/\/www.outdoors.ee\/et\/toode\/bundeswehr-aviator-saapad-villast-sisevoodriga\/#breadcrumb\",\"itemListElement\":[{\"@type\":\"ListItem\",\"position\":1,\"name\":\"Home\",\"item\":\"https:\/\/www.outdoors.ee\/et\/\"},{\"@type\":\"ListItem\",\"position\":2,\"name\":\"Tooted\",\"item\":\"https:\/\/www.outdoors.ee\/products\/\"},{\"@type\":\"ListItem\",\"position\":3,\"name\":\"Bundeswehr Aviator saapad villast sisevoodriga\"}]},{\"@type\":\"WebSite\",\"@id\":\"https:\/\/www.outdoors.ee\/#website\",\"url\":\"https:\/\/www.outdoors.ee\/\",\"name\":\"Outdoors\",\"description\":\"Genuine military surplus and not only!\",\"potentialAction\":[{\"@type\":\"SearchAction\",\"target\":{\"@type\":\"EntryPoint\",\"urlTemplate\":\"https:\/\/www.outdoors.ee\/?s={search_term_string}\"},\"query-input\":{\"@type\":\"PropertyValueSpecification\",\"valueRequired\":true,\"valueName\":\"search_term_string\"}}],\"inLanguage\":\"et\"}]}<\/script>\n<!-- \/ Yoast SEO plugin. -->","yoast_head_json":{"title":"Bundeswehr Aviator saapad villast voodriga - outdoors.ee","description":"Saksa Armee piloodi saapad villase voodriga ning t\u00f5mblukuga sisemisel k\u00fcljel. Seisukord: uued","robots":{"index":"index","follow":"follow","max-snippet":"max-snippet:-1","max-image-preview":"max-image-preview:large","max-video-preview":"max-video-preview:-1"},"canonical":"https:\/\/www.outdoors.ee\/et\/toode\/bundeswehr-aviator-saapad-villast-sisevoodriga\/","og_locale":"et_EE","og_type":"article","og_title":"Bundeswehr Aviator saapad villast voodriga","og_description":"Saksa Armee piloodi saapad villase voodriga ning t\u00f5mblukuga sisemisel k\u00fcljel. Seisukord: uued","og_url":"https:\/\/www.outdoors.ee\/et\/toode\/bundeswehr-aviator-saapad-villast-sisevoodriga\/","og_site_name":"Outdoors","article_modified_time":"2026-04-17T10:23:59+00:00","og_image":[{"width":1200,"height":1186,"url":"https:\/\/www.outdoors.ee\/wp-content\/uploads\/2021\/12\/0826-Bundeswehr-Wool-Lined-Pilot-Boots-Black-3-1.png","type":"image\/png"}],"twitter_card":"summary_large_image","twitter_title":"Bundeswehr Aviator saapad villast voodriga","twitter_misc":{"Est. reading time":"1 minut"},"schema":{"@context":"https:\/\/schema.org","@graph":[{"@type":"WebPage","@id":"https:\/\/www.outdoors.ee\/et\/toode\/bundeswehr-aviator-saapad-villast-sisevoodriga\/","url":"https:\/\/www.outdoors.ee\/et\/toode\/bundeswehr-aviator-saapad-villast-sisevoodriga\/","name":"Bundeswehr Aviator saapad villast voodriga - outdoors.ee","isPartOf":{"@id":"https:\/\/www.outdoors.ee\/#website"},"primaryImageOfPage":{"@id":"https:\/\/www.outdoors.ee\/et\/toode\/bundeswehr-aviator-saapad-villast-sisevoodriga\/#primaryimage"},"image":{"@id":"https:\/\/www.outdoors.ee\/et\/toode\/bundeswehr-aviator-saapad-villast-sisevoodriga\/#primaryimage"},"thumbnailUrl":"https:\/\/www.outdoors.ee\/wp-content\/uploads\/2021\/12\/0826-Bundeswehr-Wool-Lined-Pilot-Boots-Black-3-1.png","datePublished":"2021-12-09T00:00:00+00:00","dateModified":"2026-04-17T10:23:59+00:00","description":"Saksa Armee piloodi saapad villase voodriga ning t\u00f5mblukuga sisemisel k\u00fcljel. Seisukord: uued","breadcrumb":{"@id":"https:\/\/www.outdoors.ee\/et\/toode\/bundeswehr-aviator-saapad-villast-sisevoodriga\/#breadcrumb"},"inLanguage":"et","potentialAction":[{"@type":"ReadAction","target":["https:\/\/www.outdoors.ee\/et\/toode\/bundeswehr-aviator-saapad-villast-sisevoodriga\/"]}]},{"@type":"ImageObject","inLanguage":"et","@id":"https:\/\/www.outdoors.ee\/et\/toode\/bundeswehr-aviator-saapad-villast-sisevoodriga\/#primaryimage","url":"https:\/\/www.outdoors.ee\/wp-content\/uploads\/2021\/12\/0826-Bundeswehr-Wool-Lined-Pilot-Boots-Black-3-1.png","contentUrl":"https:\/\/www.outdoors.ee\/wp-content\/uploads\/2021\/12\/0826-Bundeswehr-Wool-Lined-Pilot-Boots-Black-3-1.png","width":1200,"height":1186},{"@type":"BreadcrumbList","@id":"https:\/\/www.outdoors.ee\/et\/toode\/bundeswehr-aviator-saapad-villast-sisevoodriga\/#breadcrumb","itemListElement":[{"@type":"ListItem","position":1,"name":"Home","item":"https:\/\/www.outdoors.ee\/et\/"},{"@type":"ListItem","position":2,"name":"Tooted","item":"https:\/\/www.outdoors.ee\/products\/"},{"@type":"ListItem","position":3,"name":"Bundeswehr Aviator saapad villast sisevoodriga"}]},{"@type":"WebSite","@id":"https:\/\/www.outdoors.ee\/#website","url":"https:\/\/www.outdoors.ee\/","name":"Outdoors","description":"Genuine military surplus and not only!","potentialAction":[{"@type":"SearchAction","target":{"@type":"EntryPoint","urlTemplate":"https:\/\/www.outdoors.ee\/?s={search_term_string}"},"query-input":{"@type":"PropertyValueSpecification","valueRequired":true,"valueName":"search_term_string"}}],"inLanguage":"et"}]}},"_links":{"self":[{"href":"https:\/\/www.outdoors.ee\/et\/wp-json\/wp\/v2\/product\/60102","targetHints":{"allow":["GET"]}}],"collection":[{"href":"https:\/\/www.outdoors.ee\/et\/wp-json\/wp\/v2\/product"}],"about":[{"href":"https:\/\/www.outdoors.ee\/et\/wp-json\/wp\/v2\/types\/product"}],"wp:featuredmedia":[{"embeddable":true,"href":"https:\/\/www.outdoors.ee\/et\/wp-json\/wp\/v2\/media\/111412"}],"wp:attachment":[{"href":"https:\/\/www.outdoors.ee\/et\/wp-json\/wp\/v2\/media?parent=60102"}],"wp:term":[{"taxonomy":"product_brand","embeddable":true,"href":"https:\/\/www.outdoors.ee\/et\/wp-json\/wp\/v2\/product_brand?post=60102"},{"taxonomy":"product_cat","embeddable":true,"href":"https:\/\/www.outdoors.ee\/et\/wp-json\/wp\/v2\/product_cat?post=60102"},{"taxonomy":"product_tag","embeddable":true,"href":"https:\/\/www.outdoors.ee\/et\/wp-json\/wp\/v2\/product_tag?post=60102"}],"curies":[{"name":"wp","href":"https:\/\/api.w.org\/{rel}","templated":true}]}}