{"id":60060,"date":"2021-12-09T00:00:00","date_gmt":"2021-12-09T00:00:00","guid":{"rendered":"https:\/\/www.outdoors.ee\/product\/sveitsi-armee-nahast-saapad-combat\/"},"modified":"2026-04-07T22:47:25","modified_gmt":"2026-04-07T19:47:25","slug":"sveitsi-armee-nahast-saapad-combat","status":"publish","type":"product","link":"https:\/\/www.outdoors.ee\/et\/toode\/sveitsi-armee-nahast-saapad-combat\/","title":{"rendered":"\u0160veitsi Armee nahast saapad KS90 Combat"},"content":{"rendered":"<p style=\"text-align: justify;\"><strong>Omadused<\/strong>:<\/p>\n<ul>\n<li>\u0160veitsi s\u00f5jav\u00e4e originaal, Kampstiefel (KS) 90 lahingsaabas<\/li>\n<li>vastupidav, vetth\u00fclgav t\u00e4isnahk<\/li>\n<li>nahast sisevooder<\/li>\n<li>saapa k\u00fclge \u00f5mmeldud saapakeel<\/li>\n<li>p\u00f5rutust neelav vahetald<\/li>\n<li>Vibram\u00ae v\u00e4listald<\/li>\n<li>kinnise aasaga paelas\u00fcsteem<\/li>\n<li>kaal ca 2kg\/paar<\/li>\n<\/ul>\n<p>NB! Suurus kipub olema tavap\u00e4rasest v\u00e4iksem. Soovitame valida suurema numbri.<\/p>\n<p style=\"text-align: justify;\"><strong>Seisukord<\/strong>:<\/p>\n<ul>\n<li>uus (ilma originaalkarbita, v\u00f5ivad sisaldada hulgiladustamise j\u00e4lgi)<\/li>\n<li>uuev\u00e4\u00e4rne (sisaldavad kergeid kulumisj\u00e4lgi)<\/li>\n<li>kasutatud, Grade 1 (sisaldavad m\u00f5\u00f5dukaid kulumisj\u00e4lgi, v\u00f5ivad sisaldada v\u00e4iksemaid vigastusi, sisetallad v\u00f5ivad olla eemaldatud)<\/li>\n<\/ul>\n","protected":false},"excerpt":{"rendered":"<p>Sveitsi Armee nahast lahingsaapad KS90, must<\/p>\n","protected":false},"featured_media":64419,"template":"","meta":[],"product_brand":[],"product_cat":[70],"product_tag":[],"class_list":{"0":"post-60060","1":"product","2":"type-product","3":"status-publish","4":"has-post-thumbnail","6":"product_cat-jalanoud","7":"pa_brand-swiss-military-surplus","8":"pa_condition-kasutatud-grade-1","9":"pa_condition-uuevaarne","10":"pa_condition-uus","11":"pa_size-255-2","12":"pa_size-260-2","13":"pa_size-265-2","14":"pa_size-270-2","15":"pa_size-275-2","16":"pa_size-280-2","17":"pa_size-285-2","18":"pa_size-290-2","19":"pa_size-295-2","20":"pa_size-300-2","21":"pa_size-305-2","23":"first","24":"instock","25":"featured","26":"taxable","27":"shipping-taxable","28":"purchasable","29":"product-type-variable"},"yoast_head":"<!-- This site is optimized with the Yoast SEO plugin v27.2 - https:\/\/yoast.com\/product\/yoast-seo-wordpress\/ -->\n<title>\u0160veitsi Armee nahast saapad KS90 Combat - outdoors.ee<\/title>\n<meta name=\"description\" content=\"Omadused: \u0160veitsi s\u00f5jav\u00e4e originaal, Kampstiefel 90 lahingsaabas paks, vetth\u00fclgav t\u00e4isnahk nahkvooder saapa k\u00fclge \u00f5mmeldud saapakeel p\u00f5rutust neelav vahetald Vibram v\u00e4listald kinnise aasaga paelas\u00fcsteem Kaal: ca 2kg Seisukord: uuev\u00e4\u00e4rsed (sisaldavad minimaalseid kulumisj\u00e4lgi) kasutatud (sisaldavad m\u00f5\u00f5dukaid kulumisj\u00e4lgi, ei sisalda m\u00e4rkimisv\u00e4\u00e4rseid vigastusi) \u00a0\" \/>\n<meta name=\"robots\" content=\"index, follow, max-snippet:-1, max-image-preview:large, max-video-preview:-1\" \/>\n<link rel=\"canonical\" href=\"https:\/\/www.outdoors.ee\/et\/toode\/sveitsi-armee-nahast-saapad-combat\/\" \/>\n<meta property=\"og:locale\" content=\"et_EE\" \/>\n<meta property=\"og:type\" content=\"article\" \/>\n<meta property=\"og:title\" content=\"\u0160veitsi Armee nahast saapad KS90 Combat\" \/>\n<meta property=\"og:description\" content=\"Omadused: \u0160veitsi s\u00f5jav\u00e4e originaal, Kampstiefel 90 lahingsaabas paks, vetth\u00fclgav t\u00e4isnahk nahkvooder saapa k\u00fclge \u00f5mmeldud saapakeel p\u00f5rutust neelav vahetald Vibram v\u00e4listald kinnise aasaga paelas\u00fcsteem Kaal: ca 2kg Seisukord: uuev\u00e4\u00e4rsed (sisaldavad minimaalseid kulumisj\u00e4lgi) kasutatud (sisaldavad m\u00f5\u00f5dukaid kulumisj\u00e4lgi, ei sisalda m\u00e4rkimisv\u00e4\u00e4rseid vigastusi) \u00a0\" \/>\n<meta property=\"og:url\" content=\"https:\/\/www.outdoors.ee\/et\/toode\/sveitsi-armee-nahast-saapad-combat\/\" \/>\n<meta property=\"og:site_name\" content=\"Outdoors\" \/>\n<meta property=\"article:modified_time\" content=\"2026-04-07T19:47:25+00:00\" \/>\n<meta property=\"og:image\" content=\"https:\/\/www.outdoors.ee\/wp-content\/uploads\/2021\/12\/0821-Swiss-Army-KS90-Leather-Combat-Boots-1.png\" \/>\n\t<meta property=\"og:image:width\" content=\"454\" \/>\n\t<meta property=\"og:image:height\" content=\"551\" \/>\n\t<meta property=\"og:image:type\" content=\"image\/png\" \/>\n<meta name=\"twitter:card\" content=\"summary_large_image\" \/>\n<meta name=\"twitter:title\" content=\"\u0160veitsi Armee nahast saapad KS90 Combat\" \/>\n<meta name=\"twitter:label1\" content=\"Est. reading time\" \/>\n\t<meta name=\"twitter:data1\" content=\"1 minut\" \/>\n<script type=\"application\/ld+json\" class=\"yoast-schema-graph\">{\"@context\":\"https:\/\/schema.org\",\"@graph\":[{\"@type\":\"WebPage\",\"@id\":\"https:\/\/www.outdoors.ee\/et\/toode\/sveitsi-armee-nahast-saapad-combat\/\",\"url\":\"https:\/\/www.outdoors.ee\/et\/toode\/sveitsi-armee-nahast-saapad-combat\/\",\"name\":\"\u0160veitsi Armee nahast saapad KS90 Combat - outdoors.ee\",\"isPartOf\":{\"@id\":\"https:\/\/www.outdoors.ee\/#website\"},\"primaryImageOfPage\":{\"@id\":\"https:\/\/www.outdoors.ee\/et\/toode\/sveitsi-armee-nahast-saapad-combat\/#primaryimage\"},\"image\":{\"@id\":\"https:\/\/www.outdoors.ee\/et\/toode\/sveitsi-armee-nahast-saapad-combat\/#primaryimage\"},\"thumbnailUrl\":\"https:\/\/www.outdoors.ee\/wp-content\/uploads\/2021\/12\/0821-Swiss-Army-KS90-Leather-Combat-Boots-1.png\",\"datePublished\":\"2021-12-09T00:00:00+00:00\",\"dateModified\":\"2026-04-07T19:47:25+00:00\",\"description\":\"Omadused: \u0160veitsi s\u00f5jav\u00e4e originaal, Kampstiefel 90 lahingsaabas paks, vetth\u00fclgav t\u00e4isnahk nahkvooder saapa k\u00fclge \u00f5mmeldud saapakeel p\u00f5rutust neelav vahetald Vibram v\u00e4listald kinnise aasaga paelas\u00fcsteem Kaal: ca 2kg Seisukord: uuev\u00e4\u00e4rsed (sisaldavad minimaalseid kulumisj\u00e4lgi) kasutatud (sisaldavad m\u00f5\u00f5dukaid kulumisj\u00e4lgi, ei sisalda m\u00e4rkimisv\u00e4\u00e4rseid vigastusi) \u00a0\",\"breadcrumb\":{\"@id\":\"https:\/\/www.outdoors.ee\/et\/toode\/sveitsi-armee-nahast-saapad-combat\/#breadcrumb\"},\"inLanguage\":\"et\",\"potentialAction\":[{\"@type\":\"ReadAction\",\"target\":[\"https:\/\/www.outdoors.ee\/et\/toode\/sveitsi-armee-nahast-saapad-combat\/\"]}]},{\"@type\":\"ImageObject\",\"inLanguage\":\"et\",\"@id\":\"https:\/\/www.outdoors.ee\/et\/toode\/sveitsi-armee-nahast-saapad-combat\/#primaryimage\",\"url\":\"https:\/\/www.outdoors.ee\/wp-content\/uploads\/2021\/12\/0821-Swiss-Army-KS90-Leather-Combat-Boots-1.png\",\"contentUrl\":\"https:\/\/www.outdoors.ee\/wp-content\/uploads\/2021\/12\/0821-Swiss-Army-KS90-Leather-Combat-Boots-1.png\",\"width\":454,\"height\":551},{\"@type\":\"BreadcrumbList\",\"@id\":\"https:\/\/www.outdoors.ee\/et\/toode\/sveitsi-armee-nahast-saapad-combat\/#breadcrumb\",\"itemListElement\":[{\"@type\":\"ListItem\",\"position\":1,\"name\":\"Home\",\"item\":\"https:\/\/www.outdoors.ee\/et\/\"},{\"@type\":\"ListItem\",\"position\":2,\"name\":\"Tooted\",\"item\":\"https:\/\/www.outdoors.ee\/products\/\"},{\"@type\":\"ListItem\",\"position\":3,\"name\":\"\u0160veitsi Armee nahast saapad KS90 Combat\"}]},{\"@type\":\"WebSite\",\"@id\":\"https:\/\/www.outdoors.ee\/#website\",\"url\":\"https:\/\/www.outdoors.ee\/\",\"name\":\"Outdoors\",\"description\":\"Genuine military surplus and not only!\",\"potentialAction\":[{\"@type\":\"SearchAction\",\"target\":{\"@type\":\"EntryPoint\",\"urlTemplate\":\"https:\/\/www.outdoors.ee\/?s={search_term_string}\"},\"query-input\":{\"@type\":\"PropertyValueSpecification\",\"valueRequired\":true,\"valueName\":\"search_term_string\"}}],\"inLanguage\":\"et\"}]}<\/script>\n<!-- \/ Yoast SEO plugin. -->","yoast_head_json":{"title":"\u0160veitsi Armee nahast saapad KS90 Combat - outdoors.ee","description":"Omadused: \u0160veitsi s\u00f5jav\u00e4e originaal, Kampstiefel 90 lahingsaabas paks, vetth\u00fclgav t\u00e4isnahk nahkvooder saapa k\u00fclge \u00f5mmeldud saapakeel p\u00f5rutust neelav vahetald Vibram v\u00e4listald kinnise aasaga paelas\u00fcsteem Kaal: ca 2kg Seisukord: uuev\u00e4\u00e4rsed (sisaldavad minimaalseid kulumisj\u00e4lgi) kasutatud (sisaldavad m\u00f5\u00f5dukaid kulumisj\u00e4lgi, ei sisalda m\u00e4rkimisv\u00e4\u00e4rseid vigastusi) \u00a0","robots":{"index":"index","follow":"follow","max-snippet":"max-snippet:-1","max-image-preview":"max-image-preview:large","max-video-preview":"max-video-preview:-1"},"canonical":"https:\/\/www.outdoors.ee\/et\/toode\/sveitsi-armee-nahast-saapad-combat\/","og_locale":"et_EE","og_type":"article","og_title":"\u0160veitsi Armee nahast saapad KS90 Combat","og_description":"Omadused: \u0160veitsi s\u00f5jav\u00e4e originaal, Kampstiefel 90 lahingsaabas paks, vetth\u00fclgav t\u00e4isnahk nahkvooder saapa k\u00fclge \u00f5mmeldud saapakeel p\u00f5rutust neelav vahetald Vibram v\u00e4listald kinnise aasaga paelas\u00fcsteem Kaal: ca 2kg Seisukord: uuev\u00e4\u00e4rsed (sisaldavad minimaalseid kulumisj\u00e4lgi) kasutatud (sisaldavad m\u00f5\u00f5dukaid kulumisj\u00e4lgi, ei sisalda m\u00e4rkimisv\u00e4\u00e4rseid vigastusi) \u00a0","og_url":"https:\/\/www.outdoors.ee\/et\/toode\/sveitsi-armee-nahast-saapad-combat\/","og_site_name":"Outdoors","article_modified_time":"2026-04-07T19:47:25+00:00","og_image":[{"width":454,"height":551,"url":"https:\/\/www.outdoors.ee\/wp-content\/uploads\/2021\/12\/0821-Swiss-Army-KS90-Leather-Combat-Boots-1.png","type":"image\/png"}],"twitter_card":"summary_large_image","twitter_title":"\u0160veitsi Armee nahast saapad KS90 Combat","twitter_misc":{"Est. reading time":"1 minut"},"schema":{"@context":"https:\/\/schema.org","@graph":[{"@type":"WebPage","@id":"https:\/\/www.outdoors.ee\/et\/toode\/sveitsi-armee-nahast-saapad-combat\/","url":"https:\/\/www.outdoors.ee\/et\/toode\/sveitsi-armee-nahast-saapad-combat\/","name":"\u0160veitsi Armee nahast saapad KS90 Combat - outdoors.ee","isPartOf":{"@id":"https:\/\/www.outdoors.ee\/#website"},"primaryImageOfPage":{"@id":"https:\/\/www.outdoors.ee\/et\/toode\/sveitsi-armee-nahast-saapad-combat\/#primaryimage"},"image":{"@id":"https:\/\/www.outdoors.ee\/et\/toode\/sveitsi-armee-nahast-saapad-combat\/#primaryimage"},"thumbnailUrl":"https:\/\/www.outdoors.ee\/wp-content\/uploads\/2021\/12\/0821-Swiss-Army-KS90-Leather-Combat-Boots-1.png","datePublished":"2021-12-09T00:00:00+00:00","dateModified":"2026-04-07T19:47:25+00:00","description":"Omadused: \u0160veitsi s\u00f5jav\u00e4e originaal, Kampstiefel 90 lahingsaabas paks, vetth\u00fclgav t\u00e4isnahk nahkvooder saapa k\u00fclge \u00f5mmeldud saapakeel p\u00f5rutust neelav vahetald Vibram v\u00e4listald kinnise aasaga paelas\u00fcsteem Kaal: ca 2kg Seisukord: uuev\u00e4\u00e4rsed (sisaldavad minimaalseid kulumisj\u00e4lgi) kasutatud (sisaldavad m\u00f5\u00f5dukaid kulumisj\u00e4lgi, ei sisalda m\u00e4rkimisv\u00e4\u00e4rseid vigastusi) \u00a0","breadcrumb":{"@id":"https:\/\/www.outdoors.ee\/et\/toode\/sveitsi-armee-nahast-saapad-combat\/#breadcrumb"},"inLanguage":"et","potentialAction":[{"@type":"ReadAction","target":["https:\/\/www.outdoors.ee\/et\/toode\/sveitsi-armee-nahast-saapad-combat\/"]}]},{"@type":"ImageObject","inLanguage":"et","@id":"https:\/\/www.outdoors.ee\/et\/toode\/sveitsi-armee-nahast-saapad-combat\/#primaryimage","url":"https:\/\/www.outdoors.ee\/wp-content\/uploads\/2021\/12\/0821-Swiss-Army-KS90-Leather-Combat-Boots-1.png","contentUrl":"https:\/\/www.outdoors.ee\/wp-content\/uploads\/2021\/12\/0821-Swiss-Army-KS90-Leather-Combat-Boots-1.png","width":454,"height":551},{"@type":"BreadcrumbList","@id":"https:\/\/www.outdoors.ee\/et\/toode\/sveitsi-armee-nahast-saapad-combat\/#breadcrumb","itemListElement":[{"@type":"ListItem","position":1,"name":"Home","item":"https:\/\/www.outdoors.ee\/et\/"},{"@type":"ListItem","position":2,"name":"Tooted","item":"https:\/\/www.outdoors.ee\/products\/"},{"@type":"ListItem","position":3,"name":"\u0160veitsi Armee nahast saapad KS90 Combat"}]},{"@type":"WebSite","@id":"https:\/\/www.outdoors.ee\/#website","url":"https:\/\/www.outdoors.ee\/","name":"Outdoors","description":"Genuine military surplus and not only!","potentialAction":[{"@type":"SearchAction","target":{"@type":"EntryPoint","urlTemplate":"https:\/\/www.outdoors.ee\/?s={search_term_string}"},"query-input":{"@type":"PropertyValueSpecification","valueRequired":true,"valueName":"search_term_string"}}],"inLanguage":"et"}]}},"_links":{"self":[{"href":"https:\/\/www.outdoors.ee\/et\/wp-json\/wp\/v2\/product\/60060","targetHints":{"allow":["GET"]}}],"collection":[{"href":"https:\/\/www.outdoors.ee\/et\/wp-json\/wp\/v2\/product"}],"about":[{"href":"https:\/\/www.outdoors.ee\/et\/wp-json\/wp\/v2\/types\/product"}],"wp:featuredmedia":[{"embeddable":true,"href":"https:\/\/www.outdoors.ee\/et\/wp-json\/wp\/v2\/media\/64419"}],"wp:attachment":[{"href":"https:\/\/www.outdoors.ee\/et\/wp-json\/wp\/v2\/media?parent=60060"}],"wp:term":[{"taxonomy":"product_brand","embeddable":true,"href":"https:\/\/www.outdoors.ee\/et\/wp-json\/wp\/v2\/product_brand?post=60060"},{"taxonomy":"product_cat","embeddable":true,"href":"https:\/\/www.outdoors.ee\/et\/wp-json\/wp\/v2\/product_cat?post=60060"},{"taxonomy":"product_tag","embeddable":true,"href":"https:\/\/www.outdoors.ee\/et\/wp-json\/wp\/v2\/product_tag?post=60060"}],"curies":[{"name":"wp","href":"https:\/\/api.w.org\/{rel}","templated":true}]}}