{"id":60041,"date":"2021-12-09T00:00:00","date_gmt":"2021-12-09T00:00:00","guid":{"rendered":"https:\/\/www.outdoors.ee\/product\/briti-armee-mk6-kiiver\/"},"modified":"2022-05-20T11:24:12","modified_gmt":"2022-05-20T08:24:12","slug":"briti-armee-mk6-kiiver","status":"publish","type":"product","link":"https:\/\/www.outdoors.ee\/et\/toode\/briti-armee-mk6-kiiver\/","title":{"rendered":"Briti Armee MK6 kiiver"},"content":{"rendered":"<p style=\"text-align: justify;\">Briti s\u00f5jav\u00e4e originaalkiiver.<\/p>\n<p style=\"text-align: justify;\"><strong>Materjal<\/strong>: ballistiline nailon<\/p>\n<p style=\"text-align: justify;\"><strong>Seisukord<\/strong>: kasutatud, heas korras, m\u00f5\u00f5dukate kulumisj\u00e4lgedega nii sees kui v\u00e4ljas, mis ei m\u00f5juta kiivri funktsionaalsust olulisel m\u00e4\u00e4ral.<\/p>\n","protected":false},"excerpt":{"rendered":"<p>Briti Armee GS MK6 kiiver, oliivroheline<\/p>\n","protected":false},"featured_media":17634,"template":"","meta":[],"product_brand":[],"product_cat":[128,149],"product_tag":[],"class_list":{"0":"post-60041","1":"product","2":"type-product","3":"status-publish","4":"has-post-thumbnail","6":"product_cat-peakatted","7":"product_cat-taktikaline-varustus","8":"pa_brand-british-military-surplus","9":"pa_size-l-2","10":"pa_size-m-2","11":"pa_size-s-2","13":"first","14":"outofstock","15":"taxable","16":"shipping-taxable","17":"purchasable","18":"product-type-variable"},"yoast_head":"<!-- This site is optimized with the Yoast SEO plugin v27.2 - https:\/\/yoast.com\/product\/yoast-seo-wordpress\/ -->\n<title>Briti Armee MK6 kiiver - outdoors.ee<\/title>\n<meta name=\"description\" content=\"Briti s\u00f5jav\u00e4e originaal.\u00a0 Materjal: ballistiline nailon Seisukord: kasutatud, terve kiiver, esineb kulumisj\u00e4lgi nii sees kui v\u00e4ljas, mis ei m\u00f5juta kiivri funktsionaalsust.\" \/>\n<meta name=\"robots\" content=\"index, follow, max-snippet:-1, max-image-preview:large, max-video-preview:-1\" \/>\n<link rel=\"canonical\" href=\"https:\/\/www.outdoors.ee\/toode\/british-army-mk6-helmet\/\" \/>\n<meta property=\"og:locale\" content=\"et_EE\" \/>\n<meta property=\"og:type\" content=\"article\" \/>\n<meta property=\"og:title\" content=\"Briti Armee MK6 kiiver\" \/>\n<meta property=\"og:description\" content=\"Briti s\u00f5jav\u00e4e originaal.\u00a0 Materjal: ballistiline nailon Seisukord: kasutatud, terve kiiver, esineb kulumisj\u00e4lgi nii sees kui v\u00e4ljas, mis ei m\u00f5juta kiivri funktsionaalsust.\" \/>\n<meta property=\"og:url\" content=\"https:\/\/www.outdoors.ee\/toode\/british-army-mk6-helmet\/\" \/>\n<meta property=\"og:site_name\" content=\"Outdoors\" \/>\n<meta property=\"article:modified_time\" content=\"2022-05-20T08:24:12+00:00\" \/>\n<meta property=\"og:image\" content=\"https:\/\/www.outdoors.ee\/wp-content\/uploads\/2021\/09\/0813-0-British-MK6-helmet.jpg\" \/>\n\t<meta property=\"og:image:width\" content=\"1155\" \/>\n\t<meta property=\"og:image:height\" content=\"1155\" \/>\n\t<meta property=\"og:image:type\" content=\"image\/jpeg\" \/>\n<meta name=\"twitter:card\" content=\"summary_large_image\" \/>\n<meta name=\"twitter:title\" content=\"Briti Armee MK6 kiiver\" \/>\n<meta name=\"twitter:label1\" content=\"Est. reading time\" \/>\n\t<meta name=\"twitter:data1\" content=\"1 minut\" \/>\n<script type=\"application\/ld+json\" class=\"yoast-schema-graph\">{\"@context\":\"https:\/\/schema.org\",\"@graph\":[{\"@type\":\"WebPage\",\"@id\":\"https:\/\/www.outdoors.ee\/toode\/british-army-mk6-helmet\/\",\"url\":\"https:\/\/www.outdoors.ee\/toode\/british-army-mk6-helmet\/\",\"name\":\"Briti Armee MK6 kiiver - outdoors.ee\",\"isPartOf\":{\"@id\":\"https:\/\/www.outdoors.ee\/#website\"},\"primaryImageOfPage\":{\"@id\":\"https:\/\/www.outdoors.ee\/toode\/british-army-mk6-helmet\/#primaryimage\"},\"image\":{\"@id\":\"https:\/\/www.outdoors.ee\/toode\/british-army-mk6-helmet\/#primaryimage\"},\"thumbnailUrl\":\"https:\/\/www.outdoors.ee\/wp-content\/uploads\/2021\/09\/0813-0-British-MK6-helmet.jpg\",\"datePublished\":\"2021-12-09T00:00:00+00:00\",\"dateModified\":\"2022-05-20T08:24:12+00:00\",\"description\":\"Briti s\u00f5jav\u00e4e originaal.\u00a0 Materjal: ballistiline nailon Seisukord: kasutatud, terve kiiver, esineb kulumisj\u00e4lgi nii sees kui v\u00e4ljas, mis ei m\u00f5juta kiivri funktsionaalsust.\",\"breadcrumb\":{\"@id\":\"https:\/\/www.outdoors.ee\/toode\/british-army-mk6-helmet\/#breadcrumb\"},\"inLanguage\":\"et\",\"potentialAction\":[{\"@type\":\"ReadAction\",\"target\":[\"https:\/\/www.outdoors.ee\/toode\/british-army-mk6-helmet\/\"]}]},{\"@type\":\"ImageObject\",\"inLanguage\":\"et\",\"@id\":\"https:\/\/www.outdoors.ee\/toode\/british-army-mk6-helmet\/#primaryimage\",\"url\":\"https:\/\/www.outdoors.ee\/wp-content\/uploads\/2021\/09\/0813-0-British-MK6-helmet.jpg\",\"contentUrl\":\"https:\/\/www.outdoors.ee\/wp-content\/uploads\/2021\/09\/0813-0-British-MK6-helmet.jpg\",\"width\":1155,\"height\":1155},{\"@type\":\"BreadcrumbList\",\"@id\":\"https:\/\/www.outdoors.ee\/toode\/british-army-mk6-helmet\/#breadcrumb\",\"itemListElement\":[{\"@type\":\"ListItem\",\"position\":1,\"name\":\"Home\",\"item\":\"https:\/\/www.outdoors.ee\/et\/\"},{\"@type\":\"ListItem\",\"position\":2,\"name\":\"Tooted\",\"item\":\"https:\/\/www.outdoors.ee\/products\/\"},{\"@type\":\"ListItem\",\"position\":3,\"name\":\"Briti Armee MK6 kiiver\"}]},{\"@type\":\"WebSite\",\"@id\":\"https:\/\/www.outdoors.ee\/#website\",\"url\":\"https:\/\/www.outdoors.ee\/\",\"name\":\"Outdoors\",\"description\":\"Genuine military surplus and not only!\",\"potentialAction\":[{\"@type\":\"SearchAction\",\"target\":{\"@type\":\"EntryPoint\",\"urlTemplate\":\"https:\/\/www.outdoors.ee\/?s={search_term_string}\"},\"query-input\":{\"@type\":\"PropertyValueSpecification\",\"valueRequired\":true,\"valueName\":\"search_term_string\"}}],\"inLanguage\":\"et\"}]}<\/script>\n<!-- \/ Yoast SEO plugin. -->","yoast_head_json":{"title":"Briti Armee MK6 kiiver - outdoors.ee","description":"Briti s\u00f5jav\u00e4e originaal.\u00a0 Materjal: ballistiline nailon Seisukord: kasutatud, terve kiiver, esineb kulumisj\u00e4lgi nii sees kui v\u00e4ljas, mis ei m\u00f5juta kiivri funktsionaalsust.","robots":{"index":"index","follow":"follow","max-snippet":"max-snippet:-1","max-image-preview":"max-image-preview:large","max-video-preview":"max-video-preview:-1"},"canonical":"https:\/\/www.outdoors.ee\/toode\/british-army-mk6-helmet\/","og_locale":"et_EE","og_type":"article","og_title":"Briti Armee MK6 kiiver","og_description":"Briti s\u00f5jav\u00e4e originaal.\u00a0 Materjal: ballistiline nailon Seisukord: kasutatud, terve kiiver, esineb kulumisj\u00e4lgi nii sees kui v\u00e4ljas, mis ei m\u00f5juta kiivri funktsionaalsust.","og_url":"https:\/\/www.outdoors.ee\/toode\/british-army-mk6-helmet\/","og_site_name":"Outdoors","article_modified_time":"2022-05-20T08:24:12+00:00","og_image":[{"width":1155,"height":1155,"url":"https:\/\/www.outdoors.ee\/wp-content\/uploads\/2021\/09\/0813-0-British-MK6-helmet.jpg","type":"image\/jpeg"}],"twitter_card":"summary_large_image","twitter_title":"Briti Armee MK6 kiiver","twitter_misc":{"Est. reading time":"1 minut"},"schema":{"@context":"https:\/\/schema.org","@graph":[{"@type":"WebPage","@id":"https:\/\/www.outdoors.ee\/toode\/british-army-mk6-helmet\/","url":"https:\/\/www.outdoors.ee\/toode\/british-army-mk6-helmet\/","name":"Briti Armee MK6 kiiver - outdoors.ee","isPartOf":{"@id":"https:\/\/www.outdoors.ee\/#website"},"primaryImageOfPage":{"@id":"https:\/\/www.outdoors.ee\/toode\/british-army-mk6-helmet\/#primaryimage"},"image":{"@id":"https:\/\/www.outdoors.ee\/toode\/british-army-mk6-helmet\/#primaryimage"},"thumbnailUrl":"https:\/\/www.outdoors.ee\/wp-content\/uploads\/2021\/09\/0813-0-British-MK6-helmet.jpg","datePublished":"2021-12-09T00:00:00+00:00","dateModified":"2022-05-20T08:24:12+00:00","description":"Briti s\u00f5jav\u00e4e originaal.\u00a0 Materjal: ballistiline nailon Seisukord: kasutatud, terve kiiver, esineb kulumisj\u00e4lgi nii sees kui v\u00e4ljas, mis ei m\u00f5juta kiivri funktsionaalsust.","breadcrumb":{"@id":"https:\/\/www.outdoors.ee\/toode\/british-army-mk6-helmet\/#breadcrumb"},"inLanguage":"et","potentialAction":[{"@type":"ReadAction","target":["https:\/\/www.outdoors.ee\/toode\/british-army-mk6-helmet\/"]}]},{"@type":"ImageObject","inLanguage":"et","@id":"https:\/\/www.outdoors.ee\/toode\/british-army-mk6-helmet\/#primaryimage","url":"https:\/\/www.outdoors.ee\/wp-content\/uploads\/2021\/09\/0813-0-British-MK6-helmet.jpg","contentUrl":"https:\/\/www.outdoors.ee\/wp-content\/uploads\/2021\/09\/0813-0-British-MK6-helmet.jpg","width":1155,"height":1155},{"@type":"BreadcrumbList","@id":"https:\/\/www.outdoors.ee\/toode\/british-army-mk6-helmet\/#breadcrumb","itemListElement":[{"@type":"ListItem","position":1,"name":"Home","item":"https:\/\/www.outdoors.ee\/et\/"},{"@type":"ListItem","position":2,"name":"Tooted","item":"https:\/\/www.outdoors.ee\/products\/"},{"@type":"ListItem","position":3,"name":"Briti Armee MK6 kiiver"}]},{"@type":"WebSite","@id":"https:\/\/www.outdoors.ee\/#website","url":"https:\/\/www.outdoors.ee\/","name":"Outdoors","description":"Genuine military surplus and not only!","potentialAction":[{"@type":"SearchAction","target":{"@type":"EntryPoint","urlTemplate":"https:\/\/www.outdoors.ee\/?s={search_term_string}"},"query-input":{"@type":"PropertyValueSpecification","valueRequired":true,"valueName":"search_term_string"}}],"inLanguage":"et"}]}},"_links":{"self":[{"href":"https:\/\/www.outdoors.ee\/et\/wp-json\/wp\/v2\/product\/60041","targetHints":{"allow":["GET"]}}],"collection":[{"href":"https:\/\/www.outdoors.ee\/et\/wp-json\/wp\/v2\/product"}],"about":[{"href":"https:\/\/www.outdoors.ee\/et\/wp-json\/wp\/v2\/types\/product"}],"wp:featuredmedia":[{"embeddable":true,"href":"https:\/\/www.outdoors.ee\/et\/wp-json\/wp\/v2\/media\/17634"}],"wp:attachment":[{"href":"https:\/\/www.outdoors.ee\/et\/wp-json\/wp\/v2\/media?parent=60041"}],"wp:term":[{"taxonomy":"product_brand","embeddable":true,"href":"https:\/\/www.outdoors.ee\/et\/wp-json\/wp\/v2\/product_brand?post=60041"},{"taxonomy":"product_cat","embeddable":true,"href":"https:\/\/www.outdoors.ee\/et\/wp-json\/wp\/v2\/product_cat?post=60041"},{"taxonomy":"product_tag","embeddable":true,"href":"https:\/\/www.outdoors.ee\/et\/wp-json\/wp\/v2\/product_tag?post=60041"}],"curies":[{"name":"wp","href":"https:\/\/api.w.org\/{rel}","templated":true}]}}