{"id":60034,"date":"2021-12-09T00:00:00","date_gmt":"2021-12-08T22:00:00","guid":{"rendered":"https:\/\/www.outdoors.ee\/product\/haix-sokid-merino-villaga-uued\/"},"modified":"2025-12-23T14:46:13","modified_gmt":"2025-12-23T12:46:13","slug":"hollandi-armee-haix-sokid-black","status":"publish","type":"product","link":"https:\/\/www.outdoors.ee\/et\/toode\/hollandi-armee-haix-sokid-black\/","title":{"rendered":"Hollandi Armee Haix\u00ae sokid Black"},"content":{"rendered":"<p style=\"text-align: justify;\">Hollandi s\u00f5jav\u00e4e laovarudest p\u00e4rinevad k\u00f5rged Haix\u00ae sokid.<\/p>\n<p style=\"text-align: justify;\">Koostis: 40% Merino vill, 40% pol\u00fcprop\u00fcleen, 18% pol\u00fcamiid, 2% elastaan<\/p>\n<p style=\"text-align: justify;\"><strong>Seisukord:<\/strong> uus<\/p>\n","protected":false},"excerpt":{"rendered":"<p>Hollandi s\u00f5jav\u00e4e laovarudest p\u00e4rinevad k\u00f5rged Haix\u00ae sokid. Koostis: 40% Merino vill, 40% pol\u00fcprop\u00fcleen, 18% pol\u00fcamiid, 2% elastaan Seisukord: uus<\/p>\n","protected":false},"featured_media":17885,"template":"","meta":[],"product_brand":[],"product_cat":[197],"product_tag":[],"class_list":{"0":"post-60034","1":"product","2":"type-product","3":"status-publish","4":"has-post-thumbnail","6":"product_cat-sokid-saarised","7":"pa_brand-dutch-military-surplus","8":"pa_brand-haix-2","9":"pa_size-uk9-11-eu43-46-2","11":"first","12":"instock","13":"taxable","14":"shipping-taxable","15":"purchasable","16":"product-type-variable"},"yoast_head":"<!-- This site is optimized with the Yoast SEO plugin v27.2 - https:\/\/yoast.com\/product\/yoast-seo-wordpress\/ -->\n<title>HAIX sokid Merino villaga, uued - outdoors.ee<\/title>\n<meta name=\"description\" content=\"Hollandi s\u00f5jav\u00e4e laovarudest p\u00e4rinevad Haix sokid. M\u00f5eldud eelk\u00f5ige kandmiseks s\u00f5jav\u00e4e saabastega. Merino vill hoolitseb selle eest, et jalg oleks pidevalt soojas. Koostis: 40% Merino vill, 40% pol\u00fcprop\u00fcleen, 18% pol\u00fcamiid, 2% elastaan Seisukord: uued\" \/>\n<meta name=\"robots\" content=\"index, follow, max-snippet:-1, max-image-preview:large, max-video-preview:-1\" \/>\n<link rel=\"canonical\" href=\"https:\/\/www.outdoors.ee\/et\/toode\/hollandi-armee-haix-sokid-black\/\" \/>\n<meta property=\"og:locale\" content=\"et_EE\" \/>\n<meta property=\"og:type\" content=\"article\" \/>\n<meta property=\"og:title\" content=\"HAIX sokid Merino villaga, uued\" \/>\n<meta property=\"og:description\" content=\"Hollandi s\u00f5jav\u00e4e laovarudest p\u00e4rinevad Haix sokid. M\u00f5eldud eelk\u00f5ige kandmiseks s\u00f5jav\u00e4e saabastega. Merino vill hoolitseb selle eest, et jalg oleks pidevalt soojas. Koostis: 40% Merino vill, 40% pol\u00fcprop\u00fcleen, 18% pol\u00fcamiid, 2% elastaan Seisukord: uued\" \/>\n<meta property=\"og:url\" content=\"https:\/\/www.outdoors.ee\/et\/toode\/hollandi-armee-haix-sokid-black\/\" \/>\n<meta property=\"og:site_name\" content=\"Outdoors\" \/>\n<meta property=\"article:modified_time\" content=\"2025-12-23T12:46:13+00:00\" \/>\n<meta property=\"og:image\" content=\"https:\/\/www.outdoors.ee\/wp-content\/uploads\/2021\/09\/0808-1-Dutch-Haix-Socks-new.jpg\" \/>\n\t<meta property=\"og:image:width\" content=\"600\" \/>\n\t<meta property=\"og:image:height\" content=\"600\" \/>\n\t<meta property=\"og:image:type\" content=\"image\/jpeg\" \/>\n<meta name=\"twitter:card\" content=\"summary_large_image\" \/>\n<meta name=\"twitter:title\" content=\"HAIX sokid Merino villaga, uued\" \/>\n<meta name=\"twitter:label1\" content=\"Est. reading time\" \/>\n\t<meta name=\"twitter:data1\" content=\"1 minut\" \/>\n<script type=\"application\/ld+json\" class=\"yoast-schema-graph\">{\"@context\":\"https:\/\/schema.org\",\"@graph\":[{\"@type\":\"WebPage\",\"@id\":\"https:\/\/www.outdoors.ee\/et\/toode\/hollandi-armee-haix-sokid-black\/\",\"url\":\"https:\/\/www.outdoors.ee\/et\/toode\/hollandi-armee-haix-sokid-black\/\",\"name\":\"HAIX sokid Merino villaga, uued - outdoors.ee\",\"isPartOf\":{\"@id\":\"https:\/\/www.outdoors.ee\/#website\"},\"primaryImageOfPage\":{\"@id\":\"https:\/\/www.outdoors.ee\/et\/toode\/hollandi-armee-haix-sokid-black\/#primaryimage\"},\"image\":{\"@id\":\"https:\/\/www.outdoors.ee\/et\/toode\/hollandi-armee-haix-sokid-black\/#primaryimage\"},\"thumbnailUrl\":\"https:\/\/www.outdoors.ee\/wp-content\/uploads\/2021\/09\/0808-1-Dutch-Haix-Socks-new.jpg\",\"datePublished\":\"2021-12-08T22:00:00+00:00\",\"dateModified\":\"2025-12-23T12:46:13+00:00\",\"description\":\"Hollandi s\u00f5jav\u00e4e laovarudest p\u00e4rinevad Haix sokid. M\u00f5eldud eelk\u00f5ige kandmiseks s\u00f5jav\u00e4e saabastega. Merino vill hoolitseb selle eest, et jalg oleks pidevalt soojas. Koostis: 40% Merino vill, 40% pol\u00fcprop\u00fcleen, 18% pol\u00fcamiid, 2% elastaan Seisukord: uued\",\"breadcrumb\":{\"@id\":\"https:\/\/www.outdoors.ee\/et\/toode\/hollandi-armee-haix-sokid-black\/#breadcrumb\"},\"inLanguage\":\"et\",\"potentialAction\":[{\"@type\":\"ReadAction\",\"target\":[\"https:\/\/www.outdoors.ee\/et\/toode\/hollandi-armee-haix-sokid-black\/\"]}]},{\"@type\":\"ImageObject\",\"inLanguage\":\"et\",\"@id\":\"https:\/\/www.outdoors.ee\/et\/toode\/hollandi-armee-haix-sokid-black\/#primaryimage\",\"url\":\"https:\/\/www.outdoors.ee\/wp-content\/uploads\/2021\/09\/0808-1-Dutch-Haix-Socks-new.jpg\",\"contentUrl\":\"https:\/\/www.outdoors.ee\/wp-content\/uploads\/2021\/09\/0808-1-Dutch-Haix-Socks-new.jpg\",\"width\":600,\"height\":600},{\"@type\":\"BreadcrumbList\",\"@id\":\"https:\/\/www.outdoors.ee\/et\/toode\/hollandi-armee-haix-sokid-black\/#breadcrumb\",\"itemListElement\":[{\"@type\":\"ListItem\",\"position\":1,\"name\":\"Home\",\"item\":\"https:\/\/www.outdoors.ee\/et\/\"},{\"@type\":\"ListItem\",\"position\":2,\"name\":\"Tooted\",\"item\":\"https:\/\/www.outdoors.ee\/products\/\"},{\"@type\":\"ListItem\",\"position\":3,\"name\":\"Hollandi Armee Haix\u00ae sokid Black\"}]},{\"@type\":\"WebSite\",\"@id\":\"https:\/\/www.outdoors.ee\/#website\",\"url\":\"https:\/\/www.outdoors.ee\/\",\"name\":\"Outdoors\",\"description\":\"Genuine military surplus and not only!\",\"potentialAction\":[{\"@type\":\"SearchAction\",\"target\":{\"@type\":\"EntryPoint\",\"urlTemplate\":\"https:\/\/www.outdoors.ee\/?s={search_term_string}\"},\"query-input\":{\"@type\":\"PropertyValueSpecification\",\"valueRequired\":true,\"valueName\":\"search_term_string\"}}],\"inLanguage\":\"et\"}]}<\/script>\n<!-- \/ Yoast SEO plugin. -->","yoast_head_json":{"title":"HAIX sokid Merino villaga, uued - outdoors.ee","description":"Hollandi s\u00f5jav\u00e4e laovarudest p\u00e4rinevad Haix sokid. M\u00f5eldud eelk\u00f5ige kandmiseks s\u00f5jav\u00e4e saabastega. Merino vill hoolitseb selle eest, et jalg oleks pidevalt soojas. Koostis: 40% Merino vill, 40% pol\u00fcprop\u00fcleen, 18% pol\u00fcamiid, 2% elastaan Seisukord: uued","robots":{"index":"index","follow":"follow","max-snippet":"max-snippet:-1","max-image-preview":"max-image-preview:large","max-video-preview":"max-video-preview:-1"},"canonical":"https:\/\/www.outdoors.ee\/et\/toode\/hollandi-armee-haix-sokid-black\/","og_locale":"et_EE","og_type":"article","og_title":"HAIX sokid Merino villaga, uued","og_description":"Hollandi s\u00f5jav\u00e4e laovarudest p\u00e4rinevad Haix sokid. M\u00f5eldud eelk\u00f5ige kandmiseks s\u00f5jav\u00e4e saabastega. Merino vill hoolitseb selle eest, et jalg oleks pidevalt soojas. Koostis: 40% Merino vill, 40% pol\u00fcprop\u00fcleen, 18% pol\u00fcamiid, 2% elastaan Seisukord: uued","og_url":"https:\/\/www.outdoors.ee\/et\/toode\/hollandi-armee-haix-sokid-black\/","og_site_name":"Outdoors","article_modified_time":"2025-12-23T12:46:13+00:00","og_image":[{"width":600,"height":600,"url":"https:\/\/www.outdoors.ee\/wp-content\/uploads\/2021\/09\/0808-1-Dutch-Haix-Socks-new.jpg","type":"image\/jpeg"}],"twitter_card":"summary_large_image","twitter_title":"HAIX sokid Merino villaga, uued","twitter_misc":{"Est. reading time":"1 minut"},"schema":{"@context":"https:\/\/schema.org","@graph":[{"@type":"WebPage","@id":"https:\/\/www.outdoors.ee\/et\/toode\/hollandi-armee-haix-sokid-black\/","url":"https:\/\/www.outdoors.ee\/et\/toode\/hollandi-armee-haix-sokid-black\/","name":"HAIX sokid Merino villaga, uued - outdoors.ee","isPartOf":{"@id":"https:\/\/www.outdoors.ee\/#website"},"primaryImageOfPage":{"@id":"https:\/\/www.outdoors.ee\/et\/toode\/hollandi-armee-haix-sokid-black\/#primaryimage"},"image":{"@id":"https:\/\/www.outdoors.ee\/et\/toode\/hollandi-armee-haix-sokid-black\/#primaryimage"},"thumbnailUrl":"https:\/\/www.outdoors.ee\/wp-content\/uploads\/2021\/09\/0808-1-Dutch-Haix-Socks-new.jpg","datePublished":"2021-12-08T22:00:00+00:00","dateModified":"2025-12-23T12:46:13+00:00","description":"Hollandi s\u00f5jav\u00e4e laovarudest p\u00e4rinevad Haix sokid. M\u00f5eldud eelk\u00f5ige kandmiseks s\u00f5jav\u00e4e saabastega. Merino vill hoolitseb selle eest, et jalg oleks pidevalt soojas. Koostis: 40% Merino vill, 40% pol\u00fcprop\u00fcleen, 18% pol\u00fcamiid, 2% elastaan Seisukord: uued","breadcrumb":{"@id":"https:\/\/www.outdoors.ee\/et\/toode\/hollandi-armee-haix-sokid-black\/#breadcrumb"},"inLanguage":"et","potentialAction":[{"@type":"ReadAction","target":["https:\/\/www.outdoors.ee\/et\/toode\/hollandi-armee-haix-sokid-black\/"]}]},{"@type":"ImageObject","inLanguage":"et","@id":"https:\/\/www.outdoors.ee\/et\/toode\/hollandi-armee-haix-sokid-black\/#primaryimage","url":"https:\/\/www.outdoors.ee\/wp-content\/uploads\/2021\/09\/0808-1-Dutch-Haix-Socks-new.jpg","contentUrl":"https:\/\/www.outdoors.ee\/wp-content\/uploads\/2021\/09\/0808-1-Dutch-Haix-Socks-new.jpg","width":600,"height":600},{"@type":"BreadcrumbList","@id":"https:\/\/www.outdoors.ee\/et\/toode\/hollandi-armee-haix-sokid-black\/#breadcrumb","itemListElement":[{"@type":"ListItem","position":1,"name":"Home","item":"https:\/\/www.outdoors.ee\/et\/"},{"@type":"ListItem","position":2,"name":"Tooted","item":"https:\/\/www.outdoors.ee\/products\/"},{"@type":"ListItem","position":3,"name":"Hollandi Armee Haix\u00ae sokid Black"}]},{"@type":"WebSite","@id":"https:\/\/www.outdoors.ee\/#website","url":"https:\/\/www.outdoors.ee\/","name":"Outdoors","description":"Genuine military surplus and not only!","potentialAction":[{"@type":"SearchAction","target":{"@type":"EntryPoint","urlTemplate":"https:\/\/www.outdoors.ee\/?s={search_term_string}"},"query-input":{"@type":"PropertyValueSpecification","valueRequired":true,"valueName":"search_term_string"}}],"inLanguage":"et"}]}},"_links":{"self":[{"href":"https:\/\/www.outdoors.ee\/et\/wp-json\/wp\/v2\/product\/60034","targetHints":{"allow":["GET"]}}],"collection":[{"href":"https:\/\/www.outdoors.ee\/et\/wp-json\/wp\/v2\/product"}],"about":[{"href":"https:\/\/www.outdoors.ee\/et\/wp-json\/wp\/v2\/types\/product"}],"wp:featuredmedia":[{"embeddable":true,"href":"https:\/\/www.outdoors.ee\/et\/wp-json\/wp\/v2\/media\/17885"}],"wp:attachment":[{"href":"https:\/\/www.outdoors.ee\/et\/wp-json\/wp\/v2\/media?parent=60034"}],"wp:term":[{"taxonomy":"product_brand","embeddable":true,"href":"https:\/\/www.outdoors.ee\/et\/wp-json\/wp\/v2\/product_brand?post=60034"},{"taxonomy":"product_cat","embeddable":true,"href":"https:\/\/www.outdoors.ee\/et\/wp-json\/wp\/v2\/product_cat?post=60034"},{"taxonomy":"product_tag","embeddable":true,"href":"https:\/\/www.outdoors.ee\/et\/wp-json\/wp\/v2\/product_tag?post=60034"}],"curies":[{"name":"wp","href":"https:\/\/api.w.org\/{rel}","templated":true}]}}