{"id":60015,"date":"2021-12-09T00:00:00","date_gmt":"2021-12-09T00:00:00","guid":{"rendered":"https:\/\/www.outdoors.ee\/product\/itaalia-armee-lahingvormi-komplekt-woodland\/"},"modified":"2025-05-17T11:35:17","modified_gmt":"2025-05-17T08:35:17","slug":"itaalia-armee-lahingvormi-komplekt-woodland","status":"publish","type":"product","link":"https:\/\/www.outdoors.ee\/et\/toode\/itaalia-armee-lahingvormi-komplekt-woodland\/","title":{"rendered":"Itaalia Armee lahingvormi komplekt Woodland"},"content":{"rendered":"<p style=\"text-align: justify;\">Originaalne Itaalia s\u00f5jav\u00e4e vormikomplekt, mis koosneb 3 esemest: jakk, p\u00fcksid ja nokam\u00fcts. Suurep\u00e4rase kvaliteediga vormikomplekt metsa laigus. Sobib h\u00e4sti kalastajale, jahimehele, matkajale ning igale vabas looduses seiklejale.<\/p>\n<p style=\"text-align: justify;\">P\u00fcksid:<\/p>\n<ul style=\"text-align: justify;\">\n<li>laiad v\u00f6\u00f6rihma aasad<\/li>\n<li>kaks suurt n\u00f6\u00f6pidega reietaskut<\/li>\n<li>venivad mansetid<\/li>\n<\/ul>\n<p style=\"text-align: justify;\">Jakk:<\/p>\n<ul style=\"text-align: justify;\">\n<li>takjakinnitusega tasku kummalgi k\u00e4isel<\/li>\n<li>takjakinnitusega Itaalia lipu embleem vasakul k\u00e4isel<\/li>\n<li>kaks rinnataskut<\/li>\n<li>n\u00f6\u00f6pidega reguleeritav manseti laius<\/li>\n<\/ul>\n<p style=\"text-align: justify;\">Nokkm\u00fcts:<\/p>\n<ul style=\"text-align: justify;\">\n<li>j\u00e4ik, vormihoidev nokats<\/li>\n<li>veniv tagaosa (\u00fcks suurus)<\/li>\n<\/ul>\n<p style=\"text-align: justify;\"><strong>Materjal<\/strong>: 95% puuvill<\/p>\n<p style=\"text-align: justify;\"><strong>Seisukord<\/strong>: uus<\/p>\n","protected":false},"excerpt":{"rendered":"<p>Itaalia Armee lahingvormi komplekt, Woodland<\/p>\n","protected":false},"featured_media":28417,"template":"","meta":[],"product_brand":[],"product_cat":[2709],"product_tag":[],"class_list":{"0":"post-60015","1":"product","2":"type-product","3":"status-publish","4":"has-post-thumbnail","6":"product_cat-kombinesoonid","7":"pa_brand-italian-military-surplus","8":"pa_size-xl-2","9":"pa_size-xxl-2","11":"first","12":"instock","13":"taxable","14":"shipping-taxable","15":"purchasable","16":"product-type-variable"},"yoast_head":"<!-- This site is optimized with the Yoast SEO plugin v27.2 - https:\/\/yoast.com\/product\/yoast-seo-wordpress\/ -->\n<title>Itaalia Armee lahingvormi komplekt Woodland - outdoors.ee<\/title>\n<meta name=\"robots\" content=\"index, follow, max-snippet:-1, max-image-preview:large, max-video-preview:-1\" \/>\n<link rel=\"canonical\" href=\"https:\/\/www.outdoors.ee\/toode\/italian-army-bdu-suit-woodland\/\" \/>\n<meta property=\"og:locale\" content=\"et_EE\" \/>\n<meta property=\"og:type\" content=\"article\" \/>\n<meta property=\"og:title\" content=\"Itaalia Armee lahingvormi komplekt Woodland\" \/>\n<meta property=\"og:description\" content=\"Itaalia Armee lahingvormi komplekt, Woodland\" \/>\n<meta property=\"og:url\" content=\"https:\/\/www.outdoors.ee\/toode\/italian-army-bdu-suit-woodland\/\" \/>\n<meta property=\"og:site_name\" content=\"Outdoors\" \/>\n<meta property=\"article:modified_time\" content=\"2025-05-17T08:35:17+00:00\" \/>\n<meta property=\"og:image\" content=\"https:\/\/www.outdoors.ee\/wp-content\/uploads\/2021\/12\/0801-Italian-BDU-Camo-Suit.jpg\" \/>\n\t<meta property=\"og:image:width\" content=\"946\" \/>\n\t<meta property=\"og:image:height\" content=\"946\" \/>\n\t<meta property=\"og:image:type\" content=\"image\/jpeg\" \/>\n<meta name=\"twitter:card\" content=\"summary_large_image\" \/>\n<meta name=\"twitter:title\" content=\"Itaalia Armee lahingvormi komplekt Woodland\" \/>\n<meta name=\"twitter:label1\" content=\"Est. reading time\" \/>\n\t<meta name=\"twitter:data1\" content=\"1 minut\" \/>\n<script type=\"application\/ld+json\" class=\"yoast-schema-graph\">{\"@context\":\"https:\/\/schema.org\",\"@graph\":[{\"@type\":\"WebPage\",\"@id\":\"https:\/\/www.outdoors.ee\/toode\/italian-army-bdu-suit-woodland\/\",\"url\":\"https:\/\/www.outdoors.ee\/toode\/italian-army-bdu-suit-woodland\/\",\"name\":\"Itaalia Armee lahingvormi komplekt Woodland - outdoors.ee\",\"isPartOf\":{\"@id\":\"https:\/\/www.outdoors.ee\/#website\"},\"primaryImageOfPage\":{\"@id\":\"https:\/\/www.outdoors.ee\/toode\/italian-army-bdu-suit-woodland\/#primaryimage\"},\"image\":{\"@id\":\"https:\/\/www.outdoors.ee\/toode\/italian-army-bdu-suit-woodland\/#primaryimage\"},\"thumbnailUrl\":\"https:\/\/www.outdoors.ee\/wp-content\/uploads\/2021\/12\/0801-Italian-BDU-Camo-Suit.jpg\",\"datePublished\":\"2021-12-09T00:00:00+00:00\",\"dateModified\":\"2025-05-17T08:35:17+00:00\",\"breadcrumb\":{\"@id\":\"https:\/\/www.outdoors.ee\/toode\/italian-army-bdu-suit-woodland\/#breadcrumb\"},\"inLanguage\":\"et\",\"potentialAction\":[{\"@type\":\"ReadAction\",\"target\":[\"https:\/\/www.outdoors.ee\/toode\/italian-army-bdu-suit-woodland\/\"]}]},{\"@type\":\"ImageObject\",\"inLanguage\":\"et\",\"@id\":\"https:\/\/www.outdoors.ee\/toode\/italian-army-bdu-suit-woodland\/#primaryimage\",\"url\":\"https:\/\/www.outdoors.ee\/wp-content\/uploads\/2021\/12\/0801-Italian-BDU-Camo-Suit.jpg\",\"contentUrl\":\"https:\/\/www.outdoors.ee\/wp-content\/uploads\/2021\/12\/0801-Italian-BDU-Camo-Suit.jpg\",\"width\":946,\"height\":946},{\"@type\":\"BreadcrumbList\",\"@id\":\"https:\/\/www.outdoors.ee\/toode\/italian-army-bdu-suit-woodland\/#breadcrumb\",\"itemListElement\":[{\"@type\":\"ListItem\",\"position\":1,\"name\":\"Home\",\"item\":\"https:\/\/www.outdoors.ee\/et\/\"},{\"@type\":\"ListItem\",\"position\":2,\"name\":\"Tooted\",\"item\":\"https:\/\/www.outdoors.ee\/products\/\"},{\"@type\":\"ListItem\",\"position\":3,\"name\":\"Itaalia Armee lahingvormi komplekt Woodland\"}]},{\"@type\":\"WebSite\",\"@id\":\"https:\/\/www.outdoors.ee\/#website\",\"url\":\"https:\/\/www.outdoors.ee\/\",\"name\":\"Outdoors\",\"description\":\"Genuine military surplus and not only!\",\"potentialAction\":[{\"@type\":\"SearchAction\",\"target\":{\"@type\":\"EntryPoint\",\"urlTemplate\":\"https:\/\/www.outdoors.ee\/?s={search_term_string}\"},\"query-input\":{\"@type\":\"PropertyValueSpecification\",\"valueRequired\":true,\"valueName\":\"search_term_string\"}}],\"inLanguage\":\"et\"}]}<\/script>\n<!-- \/ Yoast SEO plugin. -->","yoast_head_json":{"title":"Itaalia Armee lahingvormi komplekt Woodland - outdoors.ee","robots":{"index":"index","follow":"follow","max-snippet":"max-snippet:-1","max-image-preview":"max-image-preview:large","max-video-preview":"max-video-preview:-1"},"canonical":"https:\/\/www.outdoors.ee\/toode\/italian-army-bdu-suit-woodland\/","og_locale":"et_EE","og_type":"article","og_title":"Itaalia Armee lahingvormi komplekt Woodland","og_description":"Itaalia Armee lahingvormi komplekt, Woodland","og_url":"https:\/\/www.outdoors.ee\/toode\/italian-army-bdu-suit-woodland\/","og_site_name":"Outdoors","article_modified_time":"2025-05-17T08:35:17+00:00","og_image":[{"width":946,"height":946,"url":"https:\/\/www.outdoors.ee\/wp-content\/uploads\/2021\/12\/0801-Italian-BDU-Camo-Suit.jpg","type":"image\/jpeg"}],"twitter_card":"summary_large_image","twitter_title":"Itaalia Armee lahingvormi komplekt Woodland","twitter_misc":{"Est. reading time":"1 minut"},"schema":{"@context":"https:\/\/schema.org","@graph":[{"@type":"WebPage","@id":"https:\/\/www.outdoors.ee\/toode\/italian-army-bdu-suit-woodland\/","url":"https:\/\/www.outdoors.ee\/toode\/italian-army-bdu-suit-woodland\/","name":"Itaalia Armee lahingvormi komplekt Woodland - outdoors.ee","isPartOf":{"@id":"https:\/\/www.outdoors.ee\/#website"},"primaryImageOfPage":{"@id":"https:\/\/www.outdoors.ee\/toode\/italian-army-bdu-suit-woodland\/#primaryimage"},"image":{"@id":"https:\/\/www.outdoors.ee\/toode\/italian-army-bdu-suit-woodland\/#primaryimage"},"thumbnailUrl":"https:\/\/www.outdoors.ee\/wp-content\/uploads\/2021\/12\/0801-Italian-BDU-Camo-Suit.jpg","datePublished":"2021-12-09T00:00:00+00:00","dateModified":"2025-05-17T08:35:17+00:00","breadcrumb":{"@id":"https:\/\/www.outdoors.ee\/toode\/italian-army-bdu-suit-woodland\/#breadcrumb"},"inLanguage":"et","potentialAction":[{"@type":"ReadAction","target":["https:\/\/www.outdoors.ee\/toode\/italian-army-bdu-suit-woodland\/"]}]},{"@type":"ImageObject","inLanguage":"et","@id":"https:\/\/www.outdoors.ee\/toode\/italian-army-bdu-suit-woodland\/#primaryimage","url":"https:\/\/www.outdoors.ee\/wp-content\/uploads\/2021\/12\/0801-Italian-BDU-Camo-Suit.jpg","contentUrl":"https:\/\/www.outdoors.ee\/wp-content\/uploads\/2021\/12\/0801-Italian-BDU-Camo-Suit.jpg","width":946,"height":946},{"@type":"BreadcrumbList","@id":"https:\/\/www.outdoors.ee\/toode\/italian-army-bdu-suit-woodland\/#breadcrumb","itemListElement":[{"@type":"ListItem","position":1,"name":"Home","item":"https:\/\/www.outdoors.ee\/et\/"},{"@type":"ListItem","position":2,"name":"Tooted","item":"https:\/\/www.outdoors.ee\/products\/"},{"@type":"ListItem","position":3,"name":"Itaalia Armee lahingvormi komplekt Woodland"}]},{"@type":"WebSite","@id":"https:\/\/www.outdoors.ee\/#website","url":"https:\/\/www.outdoors.ee\/","name":"Outdoors","description":"Genuine military surplus and not only!","potentialAction":[{"@type":"SearchAction","target":{"@type":"EntryPoint","urlTemplate":"https:\/\/www.outdoors.ee\/?s={search_term_string}"},"query-input":{"@type":"PropertyValueSpecification","valueRequired":true,"valueName":"search_term_string"}}],"inLanguage":"et"}]}},"_links":{"self":[{"href":"https:\/\/www.outdoors.ee\/et\/wp-json\/wp\/v2\/product\/60015","targetHints":{"allow":["GET"]}}],"collection":[{"href":"https:\/\/www.outdoors.ee\/et\/wp-json\/wp\/v2\/product"}],"about":[{"href":"https:\/\/www.outdoors.ee\/et\/wp-json\/wp\/v2\/types\/product"}],"wp:featuredmedia":[{"embeddable":true,"href":"https:\/\/www.outdoors.ee\/et\/wp-json\/wp\/v2\/media\/28417"}],"wp:attachment":[{"href":"https:\/\/www.outdoors.ee\/et\/wp-json\/wp\/v2\/media?parent=60015"}],"wp:term":[{"taxonomy":"product_brand","embeddable":true,"href":"https:\/\/www.outdoors.ee\/et\/wp-json\/wp\/v2\/product_brand?post=60015"},{"taxonomy":"product_cat","embeddable":true,"href":"https:\/\/www.outdoors.ee\/et\/wp-json\/wp\/v2\/product_cat?post=60015"},{"taxonomy":"product_tag","embeddable":true,"href":"https:\/\/www.outdoors.ee\/et\/wp-json\/wp\/v2\/product_tag?post=60015"}],"curies":[{"name":"wp","href":"https:\/\/api.w.org\/{rel}","templated":true}]}}