{"id":60001,"date":"2021-12-09T00:00:00","date_gmt":"2021-12-08T22:00:00","guid":{"rendered":"https:\/\/www.outdoors.ee\/product\/bama-sockets-extra-termosokid\/"},"modified":"2026-04-28T17:37:00","modified_gmt":"2026-04-28T14:37:00","slug":"bama-sockets-extra-termosokid","status":"publish","type":"product","link":"https:\/\/www.outdoors.ee\/et\/toode\/bama-sockets-extra-termosokid\/","title":{"rendered":"BAMA Sockets Extra termosokid"},"content":{"rendered":"<p>Bundeswehr\u00b4i laovarudest p\u00e4rinev paks ja soe termosokk, mis on olemuselt pigem eemaldatav saapa sisevooder. Pakub head kaitset k\u00fclma ja niiskuse eest. Sobiv kasutamiseks eelk\u00f5ige kummist v\u00f5i plastikust jalan\u00f5udega.<\/p>\n<p style=\"text-align: justify;\">Toodetud Saksamaal<\/p>\n<p style=\"text-align: justify;\">Materjal: puuvill ja akr\u00fc\u00fcl<\/p>\n<p style=\"text-align: justify;\"><strong>Seisukord:<\/strong> uus (v\u00f5ivad sisaldada hulgiladustamise j\u00e4lgi)<\/p>\n","protected":false},"excerpt":{"rendered":"<p>BAMA Sockets Extra termosokid, sinine<\/p>\n","protected":false},"featured_media":17497,"template":"","meta":[],"product_brand":[],"product_cat":[197],"product_tag":[],"class_list":{"0":"post-60001","1":"product","2":"type-product","3":"status-publish","4":"has-post-thumbnail","6":"product_cat-sokid-saarised","7":"pa_size-uk105-us115-eu45-2","8":"pa_size-uk11-us12-eu46-2","9":"pa_size-uk12-us13-eu47-3","10":"pa_size-uk65-us75-eu40-2-2","11":"pa_size-uk7-us8-eu41-2","12":"pa_size-uk8-us9-eu42-3","13":"pa_size-uk95-us105-eu44-2","14":"pa_size-uk9-us10-eu43-2","16":"first","17":"instock","18":"taxable","19":"shipping-taxable","20":"purchasable","21":"product-type-variable"},"yoast_head":"<!-- This site is optimized with the Yoast SEO plugin v27.2 - https:\/\/yoast.com\/product\/yoast-seo-wordpress\/ -->\n<title>BAMA Sockets Extra termosokid - outdoors.ee<\/title>\n<meta name=\"description\" content=\"Paks ja soe termosokk, olemuselt eemaldatav saapa sisevooder. Pakub head kaitset k\u00fclma ja niiskuse eest. Sobiv kasutamiseks eelk\u00f5ige kummist v\u00f5i plastikust jalan\u00f5udega. Toodetud Saksamaal Materjal: puuvill ja akr\u00fc\u00fcl Seisukord: uus\" \/>\n<meta name=\"robots\" content=\"index, follow, max-snippet:-1, max-image-preview:large, max-video-preview:-1\" \/>\n<link rel=\"canonical\" href=\"https:\/\/www.outdoors.ee\/et\/toode\/bama-sockets-extra-termosokid\/\" \/>\n<meta property=\"og:locale\" content=\"et_EE\" \/>\n<meta property=\"og:type\" content=\"article\" \/>\n<meta property=\"og:title\" content=\"BAMA Sockets Extra termosokid\" \/>\n<meta property=\"og:description\" content=\"Paks ja soe termosokk, olemuselt eemaldatav saapa sisevooder. Pakub head kaitset k\u00fclma ja niiskuse eest. Sobiv kasutamiseks eelk\u00f5ige kummist v\u00f5i plastikust jalan\u00f5udega. Toodetud Saksamaal Materjal: puuvill ja akr\u00fc\u00fcl Seisukord: uus\" \/>\n<meta property=\"og:url\" content=\"https:\/\/www.outdoors.ee\/et\/toode\/bama-sockets-extra-termosokid\/\" \/>\n<meta property=\"og:site_name\" content=\"Outdoors\" \/>\n<meta property=\"article:modified_time\" content=\"2026-04-28T14:37:00+00:00\" \/>\n<meta property=\"og:image\" content=\"https:\/\/www.outdoors.ee\/wp-content\/uploads\/2021\/09\/0720-BAMA-Sokkets-Extra-Thermal-Boot-Socks-1.jpg\" \/>\n\t<meta property=\"og:image:width\" content=\"695\" \/>\n\t<meta property=\"og:image:height\" content=\"429\" \/>\n\t<meta property=\"og:image:type\" content=\"image\/jpeg\" \/>\n<meta name=\"twitter:card\" content=\"summary_large_image\" \/>\n<meta name=\"twitter:title\" content=\"BAMA Sockets Extra termosokid\" \/>\n<meta name=\"twitter:label1\" content=\"Est. reading time\" \/>\n\t<meta name=\"twitter:data1\" content=\"1 minut\" \/>\n<script type=\"application\/ld+json\" class=\"yoast-schema-graph\">{\"@context\":\"https:\/\/schema.org\",\"@graph\":[{\"@type\":\"WebPage\",\"@id\":\"https:\/\/www.outdoors.ee\/et\/toode\/bama-sockets-extra-termosokid\/\",\"url\":\"https:\/\/www.outdoors.ee\/et\/toode\/bama-sockets-extra-termosokid\/\",\"name\":\"BAMA Sockets Extra termosokid - outdoors.ee\",\"isPartOf\":{\"@id\":\"https:\/\/www.outdoors.ee\/#website\"},\"primaryImageOfPage\":{\"@id\":\"https:\/\/www.outdoors.ee\/et\/toode\/bama-sockets-extra-termosokid\/#primaryimage\"},\"image\":{\"@id\":\"https:\/\/www.outdoors.ee\/et\/toode\/bama-sockets-extra-termosokid\/#primaryimage\"},\"thumbnailUrl\":\"https:\/\/www.outdoors.ee\/wp-content\/uploads\/2021\/09\/0720-BAMA-Sokkets-Extra-Thermal-Boot-Socks-1.jpg\",\"datePublished\":\"2021-12-08T22:00:00+00:00\",\"dateModified\":\"2026-04-28T14:37:00+00:00\",\"description\":\"Paks ja soe termosokk, olemuselt eemaldatav saapa sisevooder. Pakub head kaitset k\u00fclma ja niiskuse eest. Sobiv kasutamiseks eelk\u00f5ige kummist v\u00f5i plastikust jalan\u00f5udega. Toodetud Saksamaal Materjal: puuvill ja akr\u00fc\u00fcl Seisukord: uus\",\"breadcrumb\":{\"@id\":\"https:\/\/www.outdoors.ee\/et\/toode\/bama-sockets-extra-termosokid\/#breadcrumb\"},\"inLanguage\":\"et\",\"potentialAction\":[{\"@type\":\"ReadAction\",\"target\":[\"https:\/\/www.outdoors.ee\/et\/toode\/bama-sockets-extra-termosokid\/\"]}]},{\"@type\":\"ImageObject\",\"inLanguage\":\"et\",\"@id\":\"https:\/\/www.outdoors.ee\/et\/toode\/bama-sockets-extra-termosokid\/#primaryimage\",\"url\":\"https:\/\/www.outdoors.ee\/wp-content\/uploads\/2021\/09\/0720-BAMA-Sokkets-Extra-Thermal-Boot-Socks-1.jpg\",\"contentUrl\":\"https:\/\/www.outdoors.ee\/wp-content\/uploads\/2021\/09\/0720-BAMA-Sokkets-Extra-Thermal-Boot-Socks-1.jpg\",\"width\":695,\"height\":429},{\"@type\":\"BreadcrumbList\",\"@id\":\"https:\/\/www.outdoors.ee\/et\/toode\/bama-sockets-extra-termosokid\/#breadcrumb\",\"itemListElement\":[{\"@type\":\"ListItem\",\"position\":1,\"name\":\"Home\",\"item\":\"https:\/\/www.outdoors.ee\/et\/\"},{\"@type\":\"ListItem\",\"position\":2,\"name\":\"Tooted\",\"item\":\"https:\/\/www.outdoors.ee\/products\/\"},{\"@type\":\"ListItem\",\"position\":3,\"name\":\"BAMA Sockets Extra termosokid\"}]},{\"@type\":\"WebSite\",\"@id\":\"https:\/\/www.outdoors.ee\/#website\",\"url\":\"https:\/\/www.outdoors.ee\/\",\"name\":\"Outdoors\",\"description\":\"Genuine military surplus and not only!\",\"potentialAction\":[{\"@type\":\"SearchAction\",\"target\":{\"@type\":\"EntryPoint\",\"urlTemplate\":\"https:\/\/www.outdoors.ee\/?s={search_term_string}\"},\"query-input\":{\"@type\":\"PropertyValueSpecification\",\"valueRequired\":true,\"valueName\":\"search_term_string\"}}],\"inLanguage\":\"et\"}]}<\/script>\n<!-- \/ Yoast SEO plugin. -->","yoast_head_json":{"title":"BAMA Sockets Extra termosokid - outdoors.ee","description":"Paks ja soe termosokk, olemuselt eemaldatav saapa sisevooder. Pakub head kaitset k\u00fclma ja niiskuse eest. Sobiv kasutamiseks eelk\u00f5ige kummist v\u00f5i plastikust jalan\u00f5udega. Toodetud Saksamaal Materjal: puuvill ja akr\u00fc\u00fcl Seisukord: uus","robots":{"index":"index","follow":"follow","max-snippet":"max-snippet:-1","max-image-preview":"max-image-preview:large","max-video-preview":"max-video-preview:-1"},"canonical":"https:\/\/www.outdoors.ee\/et\/toode\/bama-sockets-extra-termosokid\/","og_locale":"et_EE","og_type":"article","og_title":"BAMA Sockets Extra termosokid","og_description":"Paks ja soe termosokk, olemuselt eemaldatav saapa sisevooder. Pakub head kaitset k\u00fclma ja niiskuse eest. Sobiv kasutamiseks eelk\u00f5ige kummist v\u00f5i plastikust jalan\u00f5udega. Toodetud Saksamaal Materjal: puuvill ja akr\u00fc\u00fcl Seisukord: uus","og_url":"https:\/\/www.outdoors.ee\/et\/toode\/bama-sockets-extra-termosokid\/","og_site_name":"Outdoors","article_modified_time":"2026-04-28T14:37:00+00:00","og_image":[{"width":695,"height":429,"url":"https:\/\/www.outdoors.ee\/wp-content\/uploads\/2021\/09\/0720-BAMA-Sokkets-Extra-Thermal-Boot-Socks-1.jpg","type":"image\/jpeg"}],"twitter_card":"summary_large_image","twitter_title":"BAMA Sockets Extra termosokid","twitter_misc":{"Est. reading time":"1 minut"},"schema":{"@context":"https:\/\/schema.org","@graph":[{"@type":"WebPage","@id":"https:\/\/www.outdoors.ee\/et\/toode\/bama-sockets-extra-termosokid\/","url":"https:\/\/www.outdoors.ee\/et\/toode\/bama-sockets-extra-termosokid\/","name":"BAMA Sockets Extra termosokid - outdoors.ee","isPartOf":{"@id":"https:\/\/www.outdoors.ee\/#website"},"primaryImageOfPage":{"@id":"https:\/\/www.outdoors.ee\/et\/toode\/bama-sockets-extra-termosokid\/#primaryimage"},"image":{"@id":"https:\/\/www.outdoors.ee\/et\/toode\/bama-sockets-extra-termosokid\/#primaryimage"},"thumbnailUrl":"https:\/\/www.outdoors.ee\/wp-content\/uploads\/2021\/09\/0720-BAMA-Sokkets-Extra-Thermal-Boot-Socks-1.jpg","datePublished":"2021-12-08T22:00:00+00:00","dateModified":"2026-04-28T14:37:00+00:00","description":"Paks ja soe termosokk, olemuselt eemaldatav saapa sisevooder. Pakub head kaitset k\u00fclma ja niiskuse eest. Sobiv kasutamiseks eelk\u00f5ige kummist v\u00f5i plastikust jalan\u00f5udega. Toodetud Saksamaal Materjal: puuvill ja akr\u00fc\u00fcl Seisukord: uus","breadcrumb":{"@id":"https:\/\/www.outdoors.ee\/et\/toode\/bama-sockets-extra-termosokid\/#breadcrumb"},"inLanguage":"et","potentialAction":[{"@type":"ReadAction","target":["https:\/\/www.outdoors.ee\/et\/toode\/bama-sockets-extra-termosokid\/"]}]},{"@type":"ImageObject","inLanguage":"et","@id":"https:\/\/www.outdoors.ee\/et\/toode\/bama-sockets-extra-termosokid\/#primaryimage","url":"https:\/\/www.outdoors.ee\/wp-content\/uploads\/2021\/09\/0720-BAMA-Sokkets-Extra-Thermal-Boot-Socks-1.jpg","contentUrl":"https:\/\/www.outdoors.ee\/wp-content\/uploads\/2021\/09\/0720-BAMA-Sokkets-Extra-Thermal-Boot-Socks-1.jpg","width":695,"height":429},{"@type":"BreadcrumbList","@id":"https:\/\/www.outdoors.ee\/et\/toode\/bama-sockets-extra-termosokid\/#breadcrumb","itemListElement":[{"@type":"ListItem","position":1,"name":"Home","item":"https:\/\/www.outdoors.ee\/et\/"},{"@type":"ListItem","position":2,"name":"Tooted","item":"https:\/\/www.outdoors.ee\/products\/"},{"@type":"ListItem","position":3,"name":"BAMA Sockets Extra termosokid"}]},{"@type":"WebSite","@id":"https:\/\/www.outdoors.ee\/#website","url":"https:\/\/www.outdoors.ee\/","name":"Outdoors","description":"Genuine military surplus and not only!","potentialAction":[{"@type":"SearchAction","target":{"@type":"EntryPoint","urlTemplate":"https:\/\/www.outdoors.ee\/?s={search_term_string}"},"query-input":{"@type":"PropertyValueSpecification","valueRequired":true,"valueName":"search_term_string"}}],"inLanguage":"et"}]}},"_links":{"self":[{"href":"https:\/\/www.outdoors.ee\/et\/wp-json\/wp\/v2\/product\/60001","targetHints":{"allow":["GET"]}}],"collection":[{"href":"https:\/\/www.outdoors.ee\/et\/wp-json\/wp\/v2\/product"}],"about":[{"href":"https:\/\/www.outdoors.ee\/et\/wp-json\/wp\/v2\/types\/product"}],"wp:featuredmedia":[{"embeddable":true,"href":"https:\/\/www.outdoors.ee\/et\/wp-json\/wp\/v2\/media\/17497"}],"wp:attachment":[{"href":"https:\/\/www.outdoors.ee\/et\/wp-json\/wp\/v2\/media?parent=60001"}],"wp:term":[{"taxonomy":"product_brand","embeddable":true,"href":"https:\/\/www.outdoors.ee\/et\/wp-json\/wp\/v2\/product_brand?post=60001"},{"taxonomy":"product_cat","embeddable":true,"href":"https:\/\/www.outdoors.ee\/et\/wp-json\/wp\/v2\/product_cat?post=60001"},{"taxonomy":"product_tag","embeddable":true,"href":"https:\/\/www.outdoors.ee\/et\/wp-json\/wp\/v2\/product_tag?post=60001"}],"curies":[{"name":"wp","href":"https:\/\/api.w.org\/{rel}","templated":true}]}}