{"id":59985,"date":"2021-12-09T00:00:00","date_gmt":"2021-12-08T22:00:00","guid":{"rendered":"https:\/\/www.outdoors.ee\/product\/briti-kuningliku-posti-gore-tex-jope\/"},"modified":"2026-03-22T14:51:54","modified_gmt":"2026-03-22T12:51:54","slug":"briti-kuningliku-posti-vihmajope","status":"publish","type":"product","link":"https:\/\/www.outdoors.ee\/et\/toode\/briti-kuningliku-posti-vihmajope\/","title":{"rendered":"Briti Kuningliku Posti vihmajope"},"content":{"rendered":"<p style=\"text-align: justify;\">Briti Kuningliku Posti t\u00f6\u00f6taja ametliku vormiriietuse ese. Tuulekindel, vetth\u00fclgav ning hingav k\u00f5rgn\u00e4htavusega vihmajope. Suurep\u00e4rane t\u00f6\u00f6r\u00f5ivastuse pealiskiht k\u00fclma, niiske ja tuulise ilmastiku tingimustesse.<\/p>\n<p>NB! Mudel ning v\u00e4rvitoon v\u00f5ib veidi varjeeruda!<\/p>\n<p style=\"text-align: justify;\"><strong>Suurus rippmen\u00fc\u00fcs:<\/strong><\/p>\n<p style=\"text-align: justify;\">XS: rinna\u00fcmberm\u00f5\u00f5t 72-80cm<\/p>\n<p style=\"text-align: justify;\">S: rinna\u00fcmberm\u00f5\u00f5t 86-94cm<\/p>\n<p style=\"text-align: justify;\">M: rinna\u00fcmberm\u00f5\u00f5t 94-102<\/p>\n<p style=\"text-align: justify;\">L: rinna\u00fcmberm\u00f5\u00f5t 102-112cm<\/p>\n<p style=\"text-align: justify;\">XL:\u00a0rinna\u00fcmberm\u00f5\u00f5t 112-120cm<\/p>\n<p style=\"text-align: justify;\">XXL: rinna\u00fcmberm\u00f5\u00f5t\u00a0120-132cm<\/p>\n<p><strong>Seisukord:\u00a0<\/strong><\/p>\n<ul>\n<li>uuev\u00e4\u00e4rne (sisaldab kergeid kulumisj\u00e4lgi)<\/li>\n<li>kasutatud, Grade 1 (sisaldab m\u00f5\u00f5dukaid kulumisj\u00e4lgi, v\u00f5ib sisaldada v\u00e4iksemaid vigastusi ning olla kergelt m\u00e4\u00e4rdunud)<\/li>\n<\/ul>\n","protected":false},"excerpt":{"rendered":"<p>Briti Kuningliku Posti vihmajope, oran\u017e\/must<\/p>\n","protected":false},"featured_media":99622,"template":"","meta":[],"product_brand":[],"product_cat":[185],"product_tag":[3143],"class_list":{"0":"post-59985","1":"product","2":"type-product","3":"status-publish","4":"has-post-thumbnail","6":"product_cat-tooroivad","7":"product_tag-vihmariided","8":"pa_brand-british-royal-mail-surplus-2","9":"pa_condition-kasutatud-grade-1","10":"pa_condition-uuevaarne","11":"pa_size-l-2","12":"pa_size-m-2","13":"pa_size-s-2","14":"pa_size-xl-2","15":"pa_size-xs-2","16":"pa_size-xxl-2","18":"first","19":"instock","20":"taxable","21":"shipping-taxable","22":"purchasable","23":"product-type-variable"},"yoast_head":"<!-- This site is optimized with the Yoast SEO plugin v27.2 - https:\/\/yoast.com\/product\/yoast-seo-wordpress\/ -->\n<title>Briti Kuningliku Posti Gore-Tex\u00ae Jope - outdoors.ee<\/title>\n<meta name=\"description\" content=\"Originaalne Briti Kuningliku Posti t\u00f6\u00f6taja ametliku vormiriietuse ese.\u00a0Kvaliteedistandardi seadja vihmariietuse valdkonnas. Tuulekindel, vett h\u00fclgav ning hingav k\u00f5rgn\u00e4htavusega Gore-Tex\u00ae jope. Suurep\u00e4rane t\u00f6\u00f6r\u00f5ivastuse pealiskiht k\u00fclma, niiske ja tuulise ilmastiku tingimustesse. Suurus rippmen\u00fc\u00fcs: XS: rinna\u00fcmberm\u00f5\u00f5t 72-80cm S: rinna\u00fcmberm\u00f5\u00f5t 86-94cm M: rinna\u00fcmberm\u00f5\u00f5t 94-102 L: rinna\u00fcmberm\u00f5\u00f5t 102-112cm XL:\u00a0rinna\u00fcmberm\u00f5\u00f5t 112-120cm XXL: rinna\u00fcmberm\u00f5\u00f5t\u00a0120-132cm Seisukord: kasutatud, Grade 1 (esineb kergeid v\u00f5i m\u00f5\u00f5dukaid kulumisj\u00e4lgi, jope on kergelt m\u00e4\u00e4rdunud ning vajab enne kasutamist korralikku pesu) kasutatud, Grade 2 (esineb m\u00f5\u00f5dukaid kulumisj\u00e4lgi, jope on m\u00f5\u00f5dukalt m\u00e4\u00e4rdunud ning vajab enne kasutamist korralikku pesu, jopel v\u00f5ib esineda v\u00e4iksemaid vigastusi)\" \/>\n<meta name=\"robots\" content=\"index, follow, max-snippet:-1, max-image-preview:large, max-video-preview:-1\" \/>\n<link rel=\"canonical\" href=\"https:\/\/www.outdoors.ee\/et\/toode\/briti-kuningliku-posti-vihmajope\/\" \/>\n<meta property=\"og:locale\" content=\"et_EE\" \/>\n<meta property=\"og:type\" content=\"article\" \/>\n<meta property=\"og:title\" content=\"Briti Kuningliku Posti Gore-Tex\u00ae Jope\" \/>\n<meta property=\"og:description\" content=\"Originaalne Briti Kuningliku Posti t\u00f6\u00f6taja ametliku vormiriietuse ese.\u00a0Kvaliteedistandardi seadja vihmariietuse valdkonnas. Tuulekindel, vett h\u00fclgav ning hingav k\u00f5rgn\u00e4htavusega Gore-Tex\u00ae jope. Suurep\u00e4rane t\u00f6\u00f6r\u00f5ivastuse pealiskiht k\u00fclma, niiske ja tuulise ilmastiku tingimustesse. Suurus rippmen\u00fc\u00fcs: XS: rinna\u00fcmberm\u00f5\u00f5t 72-80cm S: rinna\u00fcmberm\u00f5\u00f5t 86-94cm M: rinna\u00fcmberm\u00f5\u00f5t 94-102 L: rinna\u00fcmberm\u00f5\u00f5t 102-112cm XL:\u00a0rinna\u00fcmberm\u00f5\u00f5t 112-120cm XXL: rinna\u00fcmberm\u00f5\u00f5t\u00a0120-132cm Seisukord: kasutatud, Grade 1 (esineb kergeid v\u00f5i m\u00f5\u00f5dukaid kulumisj\u00e4lgi, jope on kergelt m\u00e4\u00e4rdunud ning vajab enne kasutamist korralikku pesu) kasutatud, Grade 2 (esineb m\u00f5\u00f5dukaid kulumisj\u00e4lgi, jope on m\u00f5\u00f5dukalt m\u00e4\u00e4rdunud ning vajab enne kasutamist korralikku pesu, jopel v\u00f5ib esineda v\u00e4iksemaid vigastusi)\" \/>\n<meta property=\"og:url\" content=\"https:\/\/www.outdoors.ee\/et\/toode\/briti-kuningliku-posti-vihmajope\/\" \/>\n<meta property=\"og:site_name\" content=\"Outdoors\" \/>\n<meta property=\"article:modified_time\" content=\"2026-03-22T12:51:54+00:00\" \/>\n<meta property=\"og:image\" content=\"https:\/\/www.outdoors.ee\/wp-content\/uploads\/2021\/12\/0703-British-Royal-Mail-Waterproof-Jacket-1.jpg\" \/>\n\t<meta property=\"og:image:width\" content=\"700\" \/>\n\t<meta property=\"og:image:height\" content=\"645\" \/>\n\t<meta property=\"og:image:type\" content=\"image\/jpeg\" \/>\n<meta name=\"twitter:card\" content=\"summary_large_image\" \/>\n<meta name=\"twitter:title\" content=\"Briti Kuningliku Posti Gore-Tex\u00ae Jope\" \/>\n<meta name=\"twitter:label1\" content=\"Est. reading time\" \/>\n\t<meta name=\"twitter:data1\" content=\"1 minut\" \/>\n<script type=\"application\/ld+json\" class=\"yoast-schema-graph\">{\"@context\":\"https:\/\/schema.org\",\"@graph\":[{\"@type\":\"WebPage\",\"@id\":\"https:\/\/www.outdoors.ee\/et\/toode\/briti-kuningliku-posti-vihmajope\/\",\"url\":\"https:\/\/www.outdoors.ee\/et\/toode\/briti-kuningliku-posti-vihmajope\/\",\"name\":\"Briti Kuningliku Posti Gore-Tex\u00ae Jope - outdoors.ee\",\"isPartOf\":{\"@id\":\"https:\/\/www.outdoors.ee\/#website\"},\"primaryImageOfPage\":{\"@id\":\"https:\/\/www.outdoors.ee\/et\/toode\/briti-kuningliku-posti-vihmajope\/#primaryimage\"},\"image\":{\"@id\":\"https:\/\/www.outdoors.ee\/et\/toode\/briti-kuningliku-posti-vihmajope\/#primaryimage\"},\"thumbnailUrl\":\"https:\/\/www.outdoors.ee\/wp-content\/uploads\/2021\/12\/0703-British-Royal-Mail-Waterproof-Jacket-1.jpg\",\"datePublished\":\"2021-12-08T22:00:00+00:00\",\"dateModified\":\"2026-03-22T12:51:54+00:00\",\"description\":\"Originaalne Briti Kuningliku Posti t\u00f6\u00f6taja ametliku vormiriietuse ese.\u00a0Kvaliteedistandardi seadja vihmariietuse valdkonnas. Tuulekindel, vett h\u00fclgav ning hingav k\u00f5rgn\u00e4htavusega Gore-Tex\u00ae jope. Suurep\u00e4rane t\u00f6\u00f6r\u00f5ivastuse pealiskiht k\u00fclma, niiske ja tuulise ilmastiku tingimustesse. Suurus rippmen\u00fc\u00fcs: XS: rinna\u00fcmberm\u00f5\u00f5t 72-80cm S: rinna\u00fcmberm\u00f5\u00f5t 86-94cm M: rinna\u00fcmberm\u00f5\u00f5t 94-102 L: rinna\u00fcmberm\u00f5\u00f5t 102-112cm XL:\u00a0rinna\u00fcmberm\u00f5\u00f5t 112-120cm XXL: rinna\u00fcmberm\u00f5\u00f5t\u00a0120-132cm Seisukord: kasutatud, Grade 1 (esineb kergeid v\u00f5i m\u00f5\u00f5dukaid kulumisj\u00e4lgi, jope on kergelt m\u00e4\u00e4rdunud ning vajab enne kasutamist korralikku pesu) kasutatud, Grade 2 (esineb m\u00f5\u00f5dukaid kulumisj\u00e4lgi, jope on m\u00f5\u00f5dukalt m\u00e4\u00e4rdunud ning vajab enne kasutamist korralikku pesu, jopel v\u00f5ib esineda v\u00e4iksemaid vigastusi)\",\"breadcrumb\":{\"@id\":\"https:\/\/www.outdoors.ee\/et\/toode\/briti-kuningliku-posti-vihmajope\/#breadcrumb\"},\"inLanguage\":\"et\",\"potentialAction\":[{\"@type\":\"ReadAction\",\"target\":[\"https:\/\/www.outdoors.ee\/et\/toode\/briti-kuningliku-posti-vihmajope\/\"]}]},{\"@type\":\"ImageObject\",\"inLanguage\":\"et\",\"@id\":\"https:\/\/www.outdoors.ee\/et\/toode\/briti-kuningliku-posti-vihmajope\/#primaryimage\",\"url\":\"https:\/\/www.outdoors.ee\/wp-content\/uploads\/2021\/12\/0703-British-Royal-Mail-Waterproof-Jacket-1.jpg\",\"contentUrl\":\"https:\/\/www.outdoors.ee\/wp-content\/uploads\/2021\/12\/0703-British-Royal-Mail-Waterproof-Jacket-1.jpg\",\"width\":700,\"height\":645},{\"@type\":\"BreadcrumbList\",\"@id\":\"https:\/\/www.outdoors.ee\/et\/toode\/briti-kuningliku-posti-vihmajope\/#breadcrumb\",\"itemListElement\":[{\"@type\":\"ListItem\",\"position\":1,\"name\":\"Home\",\"item\":\"https:\/\/www.outdoors.ee\/et\/\"},{\"@type\":\"ListItem\",\"position\":2,\"name\":\"Tooted\",\"item\":\"https:\/\/www.outdoors.ee\/products\/\"},{\"@type\":\"ListItem\",\"position\":3,\"name\":\"Briti Kuningliku Posti vihmajope\"}]},{\"@type\":\"WebSite\",\"@id\":\"https:\/\/www.outdoors.ee\/#website\",\"url\":\"https:\/\/www.outdoors.ee\/\",\"name\":\"Outdoors\",\"description\":\"Genuine military surplus and not only!\",\"potentialAction\":[{\"@type\":\"SearchAction\",\"target\":{\"@type\":\"EntryPoint\",\"urlTemplate\":\"https:\/\/www.outdoors.ee\/?s={search_term_string}\"},\"query-input\":{\"@type\":\"PropertyValueSpecification\",\"valueRequired\":true,\"valueName\":\"search_term_string\"}}],\"inLanguage\":\"et\"}]}<\/script>\n<!-- \/ Yoast SEO plugin. -->","yoast_head_json":{"title":"Briti Kuningliku Posti Gore-Tex\u00ae Jope - outdoors.ee","description":"Originaalne Briti Kuningliku Posti t\u00f6\u00f6taja ametliku vormiriietuse ese.\u00a0Kvaliteedistandardi seadja vihmariietuse valdkonnas. Tuulekindel, vett h\u00fclgav ning hingav k\u00f5rgn\u00e4htavusega Gore-Tex\u00ae jope. Suurep\u00e4rane t\u00f6\u00f6r\u00f5ivastuse pealiskiht k\u00fclma, niiske ja tuulise ilmastiku tingimustesse. Suurus rippmen\u00fc\u00fcs: XS: rinna\u00fcmberm\u00f5\u00f5t 72-80cm S: rinna\u00fcmberm\u00f5\u00f5t 86-94cm M: rinna\u00fcmberm\u00f5\u00f5t 94-102 L: rinna\u00fcmberm\u00f5\u00f5t 102-112cm XL:\u00a0rinna\u00fcmberm\u00f5\u00f5t 112-120cm XXL: rinna\u00fcmberm\u00f5\u00f5t\u00a0120-132cm Seisukord: kasutatud, Grade 1 (esineb kergeid v\u00f5i m\u00f5\u00f5dukaid kulumisj\u00e4lgi, jope on kergelt m\u00e4\u00e4rdunud ning vajab enne kasutamist korralikku pesu) kasutatud, Grade 2 (esineb m\u00f5\u00f5dukaid kulumisj\u00e4lgi, jope on m\u00f5\u00f5dukalt m\u00e4\u00e4rdunud ning vajab enne kasutamist korralikku pesu, jopel v\u00f5ib esineda v\u00e4iksemaid vigastusi)","robots":{"index":"index","follow":"follow","max-snippet":"max-snippet:-1","max-image-preview":"max-image-preview:large","max-video-preview":"max-video-preview:-1"},"canonical":"https:\/\/www.outdoors.ee\/et\/toode\/briti-kuningliku-posti-vihmajope\/","og_locale":"et_EE","og_type":"article","og_title":"Briti Kuningliku Posti Gore-Tex\u00ae Jope","og_description":"Originaalne Briti Kuningliku Posti t\u00f6\u00f6taja ametliku vormiriietuse ese.\u00a0Kvaliteedistandardi seadja vihmariietuse valdkonnas. Tuulekindel, vett h\u00fclgav ning hingav k\u00f5rgn\u00e4htavusega Gore-Tex\u00ae jope. Suurep\u00e4rane t\u00f6\u00f6r\u00f5ivastuse pealiskiht k\u00fclma, niiske ja tuulise ilmastiku tingimustesse. Suurus rippmen\u00fc\u00fcs: XS: rinna\u00fcmberm\u00f5\u00f5t 72-80cm S: rinna\u00fcmberm\u00f5\u00f5t 86-94cm M: rinna\u00fcmberm\u00f5\u00f5t 94-102 L: rinna\u00fcmberm\u00f5\u00f5t 102-112cm XL:\u00a0rinna\u00fcmberm\u00f5\u00f5t 112-120cm XXL: rinna\u00fcmberm\u00f5\u00f5t\u00a0120-132cm Seisukord: kasutatud, Grade 1 (esineb kergeid v\u00f5i m\u00f5\u00f5dukaid kulumisj\u00e4lgi, jope on kergelt m\u00e4\u00e4rdunud ning vajab enne kasutamist korralikku pesu) kasutatud, Grade 2 (esineb m\u00f5\u00f5dukaid kulumisj\u00e4lgi, jope on m\u00f5\u00f5dukalt m\u00e4\u00e4rdunud ning vajab enne kasutamist korralikku pesu, jopel v\u00f5ib esineda v\u00e4iksemaid vigastusi)","og_url":"https:\/\/www.outdoors.ee\/et\/toode\/briti-kuningliku-posti-vihmajope\/","og_site_name":"Outdoors","article_modified_time":"2026-03-22T12:51:54+00:00","og_image":[{"width":700,"height":645,"url":"https:\/\/www.outdoors.ee\/wp-content\/uploads\/2021\/12\/0703-British-Royal-Mail-Waterproof-Jacket-1.jpg","type":"image\/jpeg"}],"twitter_card":"summary_large_image","twitter_title":"Briti Kuningliku Posti Gore-Tex\u00ae Jope","twitter_misc":{"Est. reading time":"1 minut"},"schema":{"@context":"https:\/\/schema.org","@graph":[{"@type":"WebPage","@id":"https:\/\/www.outdoors.ee\/et\/toode\/briti-kuningliku-posti-vihmajope\/","url":"https:\/\/www.outdoors.ee\/et\/toode\/briti-kuningliku-posti-vihmajope\/","name":"Briti Kuningliku Posti Gore-Tex\u00ae Jope - outdoors.ee","isPartOf":{"@id":"https:\/\/www.outdoors.ee\/#website"},"primaryImageOfPage":{"@id":"https:\/\/www.outdoors.ee\/et\/toode\/briti-kuningliku-posti-vihmajope\/#primaryimage"},"image":{"@id":"https:\/\/www.outdoors.ee\/et\/toode\/briti-kuningliku-posti-vihmajope\/#primaryimage"},"thumbnailUrl":"https:\/\/www.outdoors.ee\/wp-content\/uploads\/2021\/12\/0703-British-Royal-Mail-Waterproof-Jacket-1.jpg","datePublished":"2021-12-08T22:00:00+00:00","dateModified":"2026-03-22T12:51:54+00:00","description":"Originaalne Briti Kuningliku Posti t\u00f6\u00f6taja ametliku vormiriietuse ese.\u00a0Kvaliteedistandardi seadja vihmariietuse valdkonnas. Tuulekindel, vett h\u00fclgav ning hingav k\u00f5rgn\u00e4htavusega Gore-Tex\u00ae jope. Suurep\u00e4rane t\u00f6\u00f6r\u00f5ivastuse pealiskiht k\u00fclma, niiske ja tuulise ilmastiku tingimustesse. Suurus rippmen\u00fc\u00fcs: XS: rinna\u00fcmberm\u00f5\u00f5t 72-80cm S: rinna\u00fcmberm\u00f5\u00f5t 86-94cm M: rinna\u00fcmberm\u00f5\u00f5t 94-102 L: rinna\u00fcmberm\u00f5\u00f5t 102-112cm XL:\u00a0rinna\u00fcmberm\u00f5\u00f5t 112-120cm XXL: rinna\u00fcmberm\u00f5\u00f5t\u00a0120-132cm Seisukord: kasutatud, Grade 1 (esineb kergeid v\u00f5i m\u00f5\u00f5dukaid kulumisj\u00e4lgi, jope on kergelt m\u00e4\u00e4rdunud ning vajab enne kasutamist korralikku pesu) kasutatud, Grade 2 (esineb m\u00f5\u00f5dukaid kulumisj\u00e4lgi, jope on m\u00f5\u00f5dukalt m\u00e4\u00e4rdunud ning vajab enne kasutamist korralikku pesu, jopel v\u00f5ib esineda v\u00e4iksemaid vigastusi)","breadcrumb":{"@id":"https:\/\/www.outdoors.ee\/et\/toode\/briti-kuningliku-posti-vihmajope\/#breadcrumb"},"inLanguage":"et","potentialAction":[{"@type":"ReadAction","target":["https:\/\/www.outdoors.ee\/et\/toode\/briti-kuningliku-posti-vihmajope\/"]}]},{"@type":"ImageObject","inLanguage":"et","@id":"https:\/\/www.outdoors.ee\/et\/toode\/briti-kuningliku-posti-vihmajope\/#primaryimage","url":"https:\/\/www.outdoors.ee\/wp-content\/uploads\/2021\/12\/0703-British-Royal-Mail-Waterproof-Jacket-1.jpg","contentUrl":"https:\/\/www.outdoors.ee\/wp-content\/uploads\/2021\/12\/0703-British-Royal-Mail-Waterproof-Jacket-1.jpg","width":700,"height":645},{"@type":"BreadcrumbList","@id":"https:\/\/www.outdoors.ee\/et\/toode\/briti-kuningliku-posti-vihmajope\/#breadcrumb","itemListElement":[{"@type":"ListItem","position":1,"name":"Home","item":"https:\/\/www.outdoors.ee\/et\/"},{"@type":"ListItem","position":2,"name":"Tooted","item":"https:\/\/www.outdoors.ee\/products\/"},{"@type":"ListItem","position":3,"name":"Briti Kuningliku Posti vihmajope"}]},{"@type":"WebSite","@id":"https:\/\/www.outdoors.ee\/#website","url":"https:\/\/www.outdoors.ee\/","name":"Outdoors","description":"Genuine military surplus and not only!","potentialAction":[{"@type":"SearchAction","target":{"@type":"EntryPoint","urlTemplate":"https:\/\/www.outdoors.ee\/?s={search_term_string}"},"query-input":{"@type":"PropertyValueSpecification","valueRequired":true,"valueName":"search_term_string"}}],"inLanguage":"et"}]}},"_links":{"self":[{"href":"https:\/\/www.outdoors.ee\/et\/wp-json\/wp\/v2\/product\/59985","targetHints":{"allow":["GET"]}}],"collection":[{"href":"https:\/\/www.outdoors.ee\/et\/wp-json\/wp\/v2\/product"}],"about":[{"href":"https:\/\/www.outdoors.ee\/et\/wp-json\/wp\/v2\/types\/product"}],"wp:featuredmedia":[{"embeddable":true,"href":"https:\/\/www.outdoors.ee\/et\/wp-json\/wp\/v2\/media\/99622"}],"wp:attachment":[{"href":"https:\/\/www.outdoors.ee\/et\/wp-json\/wp\/v2\/media?parent=59985"}],"wp:term":[{"taxonomy":"product_brand","embeddable":true,"href":"https:\/\/www.outdoors.ee\/et\/wp-json\/wp\/v2\/product_brand?post=59985"},{"taxonomy":"product_cat","embeddable":true,"href":"https:\/\/www.outdoors.ee\/et\/wp-json\/wp\/v2\/product_cat?post=59985"},{"taxonomy":"product_tag","embeddable":true,"href":"https:\/\/www.outdoors.ee\/et\/wp-json\/wp\/v2\/product_tag?post=59985"}],"curies":[{"name":"wp","href":"https:\/\/api.w.org\/{rel}","templated":true}]}}