{"id":59917,"date":"2021-12-09T00:00:00","date_gmt":"2021-12-09T00:00:00","guid":{"rendered":"https:\/\/www.outdoors.ee\/product\/hollandi-armee-nokamuts-cold-weather-mvp-olive\/"},"modified":"2025-07-02T15:09:21","modified_gmt":"2025-07-02T12:09:21","slug":"hollandi-armee-nokkmuts-cold-weather-mvp-olive","status":"publish","type":"product","link":"https:\/\/www.outdoors.ee\/et\/toode\/hollandi-armee-nokkmuts-cold-weather-mvp-olive\/","title":{"rendered":"Hollandi Armee nokkm\u00fcts Cold Weather MVP Olive"},"content":{"rendered":"<p style=\"text-align: justify;\">Hollandi s\u00f5jav\u00e4e nokkm\u00fcts, mis on m\u00f5eldud kandmiseks k\u00fclma, tuulise ning niiske ilmastiku oludes. M\u00fctsil on niiskuskindel ning hingav membraan (MVP &#8211; moisture vapour permeable), pehme ja soe fliisist sise vooder.<\/p>\n<p style=\"text-align: justify;\"><strong>Seisukord<\/strong>:<\/p>\n<ul>\n<li>uus (ilma originaalpakendita, v\u00f5ib sisaldada hulgiladustamise j\u00e4lgi)<\/li>\n<li>uuev\u00e4\u00e4rne (sisaldab kergeid kulumisj\u00e4lgi)<\/li>\n<\/ul>\n","protected":false},"excerpt":{"rendered":"<p>Hollandi Armee nokkm\u00fcts Cold Weather MVP, oliivroheline<\/p>\n","protected":false},"featured_media":70038,"template":"","meta":[],"product_brand":[],"product_cat":[128],"product_tag":[],"class_list":{"0":"post-59917","1":"product","2":"type-product","3":"status-publish","4":"has-post-thumbnail","6":"product_cat-peakatted","7":"pa_brand-dutch-military-surplus","8":"pa_condition-uuevaarne","9":"pa_condition-uus","10":"pa_size-l-2","11":"pa_size-m-2","12":"pa_size-s-2","13":"pa_size-xl-2","15":"first","16":"instock","17":"taxable","18":"shipping-taxable","19":"purchasable","20":"product-type-variable"},"yoast_head":"<!-- This site is optimized with the Yoast SEO plugin v27.2 - https:\/\/yoast.com\/product\/yoast-seo-wordpress\/ -->\n<title>Hollandi Armee nokam\u00fcts Cold Weather MVP Olive - outdoors.ee<\/title>\n<meta name=\"description\" content=\"See originaalne Hollandi s\u00f5jav\u00e4e nokam\u00fcts on m\u00f5eldud kandmiseks k\u00fclma, tuulise ning niiske ilmastiku oludes. M\u00fcts on toodetud MVP (Moisture Vapour Permeable) niiskuskindlast ning hingavast materjalist, pehme ning soe fliisvoodriga. Seisukord: uus (v\u00f5ib sisaldada hulgiladustamise j\u00e4lgi)\" \/>\n<meta name=\"robots\" content=\"index, follow, max-snippet:-1, max-image-preview:large, max-video-preview:-1\" \/>\n<link rel=\"canonical\" href=\"https:\/\/www.outdoors.ee\/et\/toode\/hollandi-armee-nokkmuts-cold-weather-mvp-olive\/\" \/>\n<meta property=\"og:locale\" content=\"et_EE\" \/>\n<meta property=\"og:type\" content=\"article\" \/>\n<meta property=\"og:title\" content=\"Hollandi Armee nokam\u00fcts Cold Weather MVP Olive\" \/>\n<meta property=\"og:description\" content=\"See originaalne Hollandi s\u00f5jav\u00e4e nokam\u00fcts on m\u00f5eldud kandmiseks k\u00fclma, tuulise ning niiske ilmastiku oludes. M\u00fcts on toodetud MVP (Moisture Vapour Permeable) niiskuskindlast ning hingavast materjalist, pehme ning soe fliisvoodriga. Seisukord: uus (v\u00f5ib sisaldada hulgiladustamise j\u00e4lgi)\" \/>\n<meta property=\"og:url\" content=\"https:\/\/www.outdoors.ee\/et\/toode\/hollandi-armee-nokkmuts-cold-weather-mvp-olive\/\" \/>\n<meta property=\"og:site_name\" content=\"Outdoors\" \/>\n<meta property=\"article:modified_time\" content=\"2025-07-02T12:09:21+00:00\" \/>\n<meta property=\"og:image\" content=\"https:\/\/www.outdoors.ee\/wp-content\/uploads\/2021\/12\/0587o-Dutch-Army-Cold-Weather-Field-Cap-MVP-Olive.jpg\" \/>\n\t<meta property=\"og:image:width\" content=\"450\" \/>\n\t<meta property=\"og:image:height\" content=\"441\" \/>\n\t<meta property=\"og:image:type\" content=\"image\/jpeg\" \/>\n<meta name=\"twitter:card\" content=\"summary_large_image\" \/>\n<meta name=\"twitter:title\" content=\"Hollandi Armee nokam\u00fcts Cold Weather MVP Olive\" \/>\n<meta name=\"twitter:label1\" content=\"Est. reading time\" \/>\n\t<meta name=\"twitter:data1\" content=\"1 minut\" \/>\n<script type=\"application\/ld+json\" class=\"yoast-schema-graph\">{\"@context\":\"https:\/\/schema.org\",\"@graph\":[{\"@type\":\"WebPage\",\"@id\":\"https:\/\/www.outdoors.ee\/et\/toode\/hollandi-armee-nokkmuts-cold-weather-mvp-olive\/\",\"url\":\"https:\/\/www.outdoors.ee\/et\/toode\/hollandi-armee-nokkmuts-cold-weather-mvp-olive\/\",\"name\":\"Hollandi Armee nokam\u00fcts Cold Weather MVP Olive - outdoors.ee\",\"isPartOf\":{\"@id\":\"https:\/\/www.outdoors.ee\/#website\"},\"primaryImageOfPage\":{\"@id\":\"https:\/\/www.outdoors.ee\/et\/toode\/hollandi-armee-nokkmuts-cold-weather-mvp-olive\/#primaryimage\"},\"image\":{\"@id\":\"https:\/\/www.outdoors.ee\/et\/toode\/hollandi-armee-nokkmuts-cold-weather-mvp-olive\/#primaryimage\"},\"thumbnailUrl\":\"https:\/\/www.outdoors.ee\/wp-content\/uploads\/2021\/12\/0587o-Dutch-Army-Cold-Weather-Field-Cap-MVP-Olive.jpg\",\"datePublished\":\"2021-12-09T00:00:00+00:00\",\"dateModified\":\"2025-07-02T12:09:21+00:00\",\"description\":\"See originaalne Hollandi s\u00f5jav\u00e4e nokam\u00fcts on m\u00f5eldud kandmiseks k\u00fclma, tuulise ning niiske ilmastiku oludes. M\u00fcts on toodetud MVP (Moisture Vapour Permeable) niiskuskindlast ning hingavast materjalist, pehme ning soe fliisvoodriga. Seisukord: uus (v\u00f5ib sisaldada hulgiladustamise j\u00e4lgi)\",\"breadcrumb\":{\"@id\":\"https:\/\/www.outdoors.ee\/et\/toode\/hollandi-armee-nokkmuts-cold-weather-mvp-olive\/#breadcrumb\"},\"inLanguage\":\"et\",\"potentialAction\":[{\"@type\":\"ReadAction\",\"target\":[\"https:\/\/www.outdoors.ee\/et\/toode\/hollandi-armee-nokkmuts-cold-weather-mvp-olive\/\"]}]},{\"@type\":\"ImageObject\",\"inLanguage\":\"et\",\"@id\":\"https:\/\/www.outdoors.ee\/et\/toode\/hollandi-armee-nokkmuts-cold-weather-mvp-olive\/#primaryimage\",\"url\":\"https:\/\/www.outdoors.ee\/wp-content\/uploads\/2021\/12\/0587o-Dutch-Army-Cold-Weather-Field-Cap-MVP-Olive.jpg\",\"contentUrl\":\"https:\/\/www.outdoors.ee\/wp-content\/uploads\/2021\/12\/0587o-Dutch-Army-Cold-Weather-Field-Cap-MVP-Olive.jpg\",\"width\":450,\"height\":441},{\"@type\":\"BreadcrumbList\",\"@id\":\"https:\/\/www.outdoors.ee\/et\/toode\/hollandi-armee-nokkmuts-cold-weather-mvp-olive\/#breadcrumb\",\"itemListElement\":[{\"@type\":\"ListItem\",\"position\":1,\"name\":\"Home\",\"item\":\"https:\/\/www.outdoors.ee\/et\/\"},{\"@type\":\"ListItem\",\"position\":2,\"name\":\"Tooted\",\"item\":\"https:\/\/www.outdoors.ee\/products\/\"},{\"@type\":\"ListItem\",\"position\":3,\"name\":\"Hollandi Armee nokkm\u00fcts Cold Weather MVP Olive\"}]},{\"@type\":\"WebSite\",\"@id\":\"https:\/\/www.outdoors.ee\/#website\",\"url\":\"https:\/\/www.outdoors.ee\/\",\"name\":\"Outdoors\",\"description\":\"Genuine military surplus and not only!\",\"potentialAction\":[{\"@type\":\"SearchAction\",\"target\":{\"@type\":\"EntryPoint\",\"urlTemplate\":\"https:\/\/www.outdoors.ee\/?s={search_term_string}\"},\"query-input\":{\"@type\":\"PropertyValueSpecification\",\"valueRequired\":true,\"valueName\":\"search_term_string\"}}],\"inLanguage\":\"et\"}]}<\/script>\n<!-- \/ Yoast SEO plugin. -->","yoast_head_json":{"title":"Hollandi Armee nokam\u00fcts Cold Weather MVP Olive - outdoors.ee","description":"See originaalne Hollandi s\u00f5jav\u00e4e nokam\u00fcts on m\u00f5eldud kandmiseks k\u00fclma, tuulise ning niiske ilmastiku oludes. M\u00fcts on toodetud MVP (Moisture Vapour Permeable) niiskuskindlast ning hingavast materjalist, pehme ning soe fliisvoodriga. Seisukord: uus (v\u00f5ib sisaldada hulgiladustamise j\u00e4lgi)","robots":{"index":"index","follow":"follow","max-snippet":"max-snippet:-1","max-image-preview":"max-image-preview:large","max-video-preview":"max-video-preview:-1"},"canonical":"https:\/\/www.outdoors.ee\/et\/toode\/hollandi-armee-nokkmuts-cold-weather-mvp-olive\/","og_locale":"et_EE","og_type":"article","og_title":"Hollandi Armee nokam\u00fcts Cold Weather MVP Olive","og_description":"See originaalne Hollandi s\u00f5jav\u00e4e nokam\u00fcts on m\u00f5eldud kandmiseks k\u00fclma, tuulise ning niiske ilmastiku oludes. M\u00fcts on toodetud MVP (Moisture Vapour Permeable) niiskuskindlast ning hingavast materjalist, pehme ning soe fliisvoodriga. Seisukord: uus (v\u00f5ib sisaldada hulgiladustamise j\u00e4lgi)","og_url":"https:\/\/www.outdoors.ee\/et\/toode\/hollandi-armee-nokkmuts-cold-weather-mvp-olive\/","og_site_name":"Outdoors","article_modified_time":"2025-07-02T12:09:21+00:00","og_image":[{"width":450,"height":441,"url":"https:\/\/www.outdoors.ee\/wp-content\/uploads\/2021\/12\/0587o-Dutch-Army-Cold-Weather-Field-Cap-MVP-Olive.jpg","type":"image\/jpeg"}],"twitter_card":"summary_large_image","twitter_title":"Hollandi Armee nokam\u00fcts Cold Weather MVP Olive","twitter_misc":{"Est. reading time":"1 minut"},"schema":{"@context":"https:\/\/schema.org","@graph":[{"@type":"WebPage","@id":"https:\/\/www.outdoors.ee\/et\/toode\/hollandi-armee-nokkmuts-cold-weather-mvp-olive\/","url":"https:\/\/www.outdoors.ee\/et\/toode\/hollandi-armee-nokkmuts-cold-weather-mvp-olive\/","name":"Hollandi Armee nokam\u00fcts Cold Weather MVP Olive - outdoors.ee","isPartOf":{"@id":"https:\/\/www.outdoors.ee\/#website"},"primaryImageOfPage":{"@id":"https:\/\/www.outdoors.ee\/et\/toode\/hollandi-armee-nokkmuts-cold-weather-mvp-olive\/#primaryimage"},"image":{"@id":"https:\/\/www.outdoors.ee\/et\/toode\/hollandi-armee-nokkmuts-cold-weather-mvp-olive\/#primaryimage"},"thumbnailUrl":"https:\/\/www.outdoors.ee\/wp-content\/uploads\/2021\/12\/0587o-Dutch-Army-Cold-Weather-Field-Cap-MVP-Olive.jpg","datePublished":"2021-12-09T00:00:00+00:00","dateModified":"2025-07-02T12:09:21+00:00","description":"See originaalne Hollandi s\u00f5jav\u00e4e nokam\u00fcts on m\u00f5eldud kandmiseks k\u00fclma, tuulise ning niiske ilmastiku oludes. M\u00fcts on toodetud MVP (Moisture Vapour Permeable) niiskuskindlast ning hingavast materjalist, pehme ning soe fliisvoodriga. Seisukord: uus (v\u00f5ib sisaldada hulgiladustamise j\u00e4lgi)","breadcrumb":{"@id":"https:\/\/www.outdoors.ee\/et\/toode\/hollandi-armee-nokkmuts-cold-weather-mvp-olive\/#breadcrumb"},"inLanguage":"et","potentialAction":[{"@type":"ReadAction","target":["https:\/\/www.outdoors.ee\/et\/toode\/hollandi-armee-nokkmuts-cold-weather-mvp-olive\/"]}]},{"@type":"ImageObject","inLanguage":"et","@id":"https:\/\/www.outdoors.ee\/et\/toode\/hollandi-armee-nokkmuts-cold-weather-mvp-olive\/#primaryimage","url":"https:\/\/www.outdoors.ee\/wp-content\/uploads\/2021\/12\/0587o-Dutch-Army-Cold-Weather-Field-Cap-MVP-Olive.jpg","contentUrl":"https:\/\/www.outdoors.ee\/wp-content\/uploads\/2021\/12\/0587o-Dutch-Army-Cold-Weather-Field-Cap-MVP-Olive.jpg","width":450,"height":441},{"@type":"BreadcrumbList","@id":"https:\/\/www.outdoors.ee\/et\/toode\/hollandi-armee-nokkmuts-cold-weather-mvp-olive\/#breadcrumb","itemListElement":[{"@type":"ListItem","position":1,"name":"Home","item":"https:\/\/www.outdoors.ee\/et\/"},{"@type":"ListItem","position":2,"name":"Tooted","item":"https:\/\/www.outdoors.ee\/products\/"},{"@type":"ListItem","position":3,"name":"Hollandi Armee nokkm\u00fcts Cold Weather MVP Olive"}]},{"@type":"WebSite","@id":"https:\/\/www.outdoors.ee\/#website","url":"https:\/\/www.outdoors.ee\/","name":"Outdoors","description":"Genuine military surplus and not only!","potentialAction":[{"@type":"SearchAction","target":{"@type":"EntryPoint","urlTemplate":"https:\/\/www.outdoors.ee\/?s={search_term_string}"},"query-input":{"@type":"PropertyValueSpecification","valueRequired":true,"valueName":"search_term_string"}}],"inLanguage":"et"}]}},"_links":{"self":[{"href":"https:\/\/www.outdoors.ee\/et\/wp-json\/wp\/v2\/product\/59917","targetHints":{"allow":["GET"]}}],"collection":[{"href":"https:\/\/www.outdoors.ee\/et\/wp-json\/wp\/v2\/product"}],"about":[{"href":"https:\/\/www.outdoors.ee\/et\/wp-json\/wp\/v2\/types\/product"}],"wp:featuredmedia":[{"embeddable":true,"href":"https:\/\/www.outdoors.ee\/et\/wp-json\/wp\/v2\/media\/70038"}],"wp:attachment":[{"href":"https:\/\/www.outdoors.ee\/et\/wp-json\/wp\/v2\/media?parent=59917"}],"wp:term":[{"taxonomy":"product_brand","embeddable":true,"href":"https:\/\/www.outdoors.ee\/et\/wp-json\/wp\/v2\/product_brand?post=59917"},{"taxonomy":"product_cat","embeddable":true,"href":"https:\/\/www.outdoors.ee\/et\/wp-json\/wp\/v2\/product_cat?post=59917"},{"taxonomy":"product_tag","embeddable":true,"href":"https:\/\/www.outdoors.ee\/et\/wp-json\/wp\/v2\/product_tag?post=59917"}],"curies":[{"name":"wp","href":"https:\/\/api.w.org\/{rel}","templated":true}]}}