{"id":59879,"date":"2021-12-09T00:00:00","date_gmt":"2021-12-09T00:00:00","guid":{"rendered":"https:\/\/www.outdoors.ee\/product\/hollandi-armee-suvine-nokamuts-woodland\/"},"modified":"2026-04-13T09:11:56","modified_gmt":"2026-04-13T06:11:56","slug":"hollandi-armee-suvine-nokamuts-woodland","status":"publish","type":"product","link":"https:\/\/www.outdoors.ee\/et\/toode\/hollandi-armee-suvine-nokamuts-woodland\/","title":{"rendered":"Hollandi Armee suvine nokam\u00fcts Woodland"},"content":{"rendered":"<p>Originaalne Hollandi s\u00f5jav\u00e4e v\u00e4livormi nokam\u00fcts metsalaigus.<\/p>\n<p>Materjal: 65% puuvill 35% pol\u00fcester<\/p>\n<p><strong>Seisukord<\/strong>:<\/p>\n<ul>\n<li>uus (v\u00f5ib sisaldada hulgiladustamise j\u00e4lgi)<\/li>\n<li>uuev\u00e4\u00e4rne (sisaldab minimaalseid kulumisj\u00e4lgi)<\/li>\n<\/ul>\n","protected":false},"excerpt":{"rendered":"<p>Hollandi armee suvine nokam\u00fcts, Woodland<\/p>\n","protected":false},"featured_media":65374,"template":"","meta":[],"product_brand":[],"product_cat":[128],"product_tag":[],"class_list":{"0":"post-59879","1":"product","2":"type-product","3":"status-publish","4":"has-post-thumbnail","6":"product_cat-peakatted","7":"pa_brand-dutch-military-surplus","8":"pa_condition-uuevaarne","9":"pa_condition-uus","10":"pa_size-55-2","11":"pa_size-56-2","12":"pa_size-57-2","13":"pa_size-58-2","14":"pa_size-59-3","15":"pa_size-60-3","17":"first","18":"instock","19":"taxable","20":"shipping-taxable","21":"purchasable","22":"product-type-variable"},"yoast_head":"<!-- This site is optimized with the Yoast SEO plugin v27.2 - https:\/\/yoast.com\/product\/yoast-seo-wordpress\/ -->\n<title>Hollandi Armee suvine nokam\u00fcts Woodland - outdoors.ee<\/title>\n<meta name=\"description\" content=\"Originaalne Hollandi s\u00f5jav\u00e4e v\u00e4livormi nokam\u00fcts metsalaigus. Materjal: 65% puuvill 35% pol\u00fcester Seisukord: uus\u00a0 uuev\u00e4\u00e4rne (sisaldab minimaalseid kulumisj\u00e4lgi)\" \/>\n<meta name=\"robots\" content=\"index, follow, max-snippet:-1, max-image-preview:large, max-video-preview:-1\" \/>\n<link rel=\"canonical\" href=\"https:\/\/www.outdoors.ee\/et\/toode\/hollandi-armee-suvine-nokamuts-woodland\/\" \/>\n<meta property=\"og:locale\" content=\"et_EE\" \/>\n<meta property=\"og:type\" content=\"article\" \/>\n<meta property=\"og:title\" content=\"Hollandi Armee suvine nokam\u00fcts Woodland\" \/>\n<meta property=\"og:description\" content=\"Originaalne Hollandi s\u00f5jav\u00e4e v\u00e4livormi nokam\u00fcts metsalaigus. Materjal: 65% puuvill 35% pol\u00fcester Seisukord: uus\u00a0 uuev\u00e4\u00e4rne (sisaldab minimaalseid kulumisj\u00e4lgi)\" \/>\n<meta property=\"og:url\" content=\"https:\/\/www.outdoors.ee\/et\/toode\/hollandi-armee-suvine-nokamuts-woodland\/\" \/>\n<meta property=\"og:site_name\" content=\"Outdoors\" \/>\n<meta property=\"article:modified_time\" content=\"2026-04-13T06:11:56+00:00\" \/>\n<meta property=\"og:image\" content=\"https:\/\/www.outdoors.ee\/wp-content\/uploads\/2021\/12\/0585sw-Dutch-Army-Field-Cap-Woodland.jpg\" \/>\n\t<meta property=\"og:image:width\" content=\"760\" \/>\n\t<meta property=\"og:image:height\" content=\"600\" \/>\n\t<meta property=\"og:image:type\" content=\"image\/jpeg\" \/>\n<meta name=\"twitter:card\" content=\"summary_large_image\" \/>\n<meta name=\"twitter:title\" content=\"Hollandi Armee suvine nokam\u00fcts Woodland\" \/>\n<meta name=\"twitter:label1\" content=\"Est. reading time\" \/>\n\t<meta name=\"twitter:data1\" content=\"1 minut\" \/>\n<script type=\"application\/ld+json\" class=\"yoast-schema-graph\">{\"@context\":\"https:\/\/schema.org\",\"@graph\":[{\"@type\":\"WebPage\",\"@id\":\"https:\/\/www.outdoors.ee\/et\/toode\/hollandi-armee-suvine-nokamuts-woodland\/\",\"url\":\"https:\/\/www.outdoors.ee\/et\/toode\/hollandi-armee-suvine-nokamuts-woodland\/\",\"name\":\"Hollandi Armee suvine nokam\u00fcts Woodland - outdoors.ee\",\"isPartOf\":{\"@id\":\"https:\/\/www.outdoors.ee\/#website\"},\"primaryImageOfPage\":{\"@id\":\"https:\/\/www.outdoors.ee\/et\/toode\/hollandi-armee-suvine-nokamuts-woodland\/#primaryimage\"},\"image\":{\"@id\":\"https:\/\/www.outdoors.ee\/et\/toode\/hollandi-armee-suvine-nokamuts-woodland\/#primaryimage\"},\"thumbnailUrl\":\"https:\/\/www.outdoors.ee\/wp-content\/uploads\/2021\/12\/0585sw-Dutch-Army-Field-Cap-Woodland.jpg\",\"datePublished\":\"2021-12-09T00:00:00+00:00\",\"dateModified\":\"2026-04-13T06:11:56+00:00\",\"description\":\"Originaalne Hollandi s\u00f5jav\u00e4e v\u00e4livormi nokam\u00fcts metsalaigus. Materjal: 65% puuvill 35% pol\u00fcester Seisukord: uus\u00a0 uuev\u00e4\u00e4rne (sisaldab minimaalseid kulumisj\u00e4lgi)\",\"breadcrumb\":{\"@id\":\"https:\/\/www.outdoors.ee\/et\/toode\/hollandi-armee-suvine-nokamuts-woodland\/#breadcrumb\"},\"inLanguage\":\"et\",\"potentialAction\":[{\"@type\":\"ReadAction\",\"target\":[\"https:\/\/www.outdoors.ee\/et\/toode\/hollandi-armee-suvine-nokamuts-woodland\/\"]}]},{\"@type\":\"ImageObject\",\"inLanguage\":\"et\",\"@id\":\"https:\/\/www.outdoors.ee\/et\/toode\/hollandi-armee-suvine-nokamuts-woodland\/#primaryimage\",\"url\":\"https:\/\/www.outdoors.ee\/wp-content\/uploads\/2021\/12\/0585sw-Dutch-Army-Field-Cap-Woodland.jpg\",\"contentUrl\":\"https:\/\/www.outdoors.ee\/wp-content\/uploads\/2021\/12\/0585sw-Dutch-Army-Field-Cap-Woodland.jpg\",\"width\":760,\"height\":600},{\"@type\":\"BreadcrumbList\",\"@id\":\"https:\/\/www.outdoors.ee\/et\/toode\/hollandi-armee-suvine-nokamuts-woodland\/#breadcrumb\",\"itemListElement\":[{\"@type\":\"ListItem\",\"position\":1,\"name\":\"Home\",\"item\":\"https:\/\/www.outdoors.ee\/et\/\"},{\"@type\":\"ListItem\",\"position\":2,\"name\":\"Tooted\",\"item\":\"https:\/\/www.outdoors.ee\/products\/\"},{\"@type\":\"ListItem\",\"position\":3,\"name\":\"Hollandi Armee suvine nokam\u00fcts Woodland\"}]},{\"@type\":\"WebSite\",\"@id\":\"https:\/\/www.outdoors.ee\/#website\",\"url\":\"https:\/\/www.outdoors.ee\/\",\"name\":\"Outdoors\",\"description\":\"Genuine military surplus and not only!\",\"potentialAction\":[{\"@type\":\"SearchAction\",\"target\":{\"@type\":\"EntryPoint\",\"urlTemplate\":\"https:\/\/www.outdoors.ee\/?s={search_term_string}\"},\"query-input\":{\"@type\":\"PropertyValueSpecification\",\"valueRequired\":true,\"valueName\":\"search_term_string\"}}],\"inLanguage\":\"et\"}]}<\/script>\n<!-- \/ Yoast SEO plugin. -->","yoast_head_json":{"title":"Hollandi Armee suvine nokam\u00fcts Woodland - outdoors.ee","description":"Originaalne Hollandi s\u00f5jav\u00e4e v\u00e4livormi nokam\u00fcts metsalaigus. Materjal: 65% puuvill 35% pol\u00fcester Seisukord: uus\u00a0 uuev\u00e4\u00e4rne (sisaldab minimaalseid kulumisj\u00e4lgi)","robots":{"index":"index","follow":"follow","max-snippet":"max-snippet:-1","max-image-preview":"max-image-preview:large","max-video-preview":"max-video-preview:-1"},"canonical":"https:\/\/www.outdoors.ee\/et\/toode\/hollandi-armee-suvine-nokamuts-woodland\/","og_locale":"et_EE","og_type":"article","og_title":"Hollandi Armee suvine nokam\u00fcts Woodland","og_description":"Originaalne Hollandi s\u00f5jav\u00e4e v\u00e4livormi nokam\u00fcts metsalaigus. Materjal: 65% puuvill 35% pol\u00fcester Seisukord: uus\u00a0 uuev\u00e4\u00e4rne (sisaldab minimaalseid kulumisj\u00e4lgi)","og_url":"https:\/\/www.outdoors.ee\/et\/toode\/hollandi-armee-suvine-nokamuts-woodland\/","og_site_name":"Outdoors","article_modified_time":"2026-04-13T06:11:56+00:00","og_image":[{"width":760,"height":600,"url":"https:\/\/www.outdoors.ee\/wp-content\/uploads\/2021\/12\/0585sw-Dutch-Army-Field-Cap-Woodland.jpg","type":"image\/jpeg"}],"twitter_card":"summary_large_image","twitter_title":"Hollandi Armee suvine nokam\u00fcts Woodland","twitter_misc":{"Est. reading time":"1 minut"},"schema":{"@context":"https:\/\/schema.org","@graph":[{"@type":"WebPage","@id":"https:\/\/www.outdoors.ee\/et\/toode\/hollandi-armee-suvine-nokamuts-woodland\/","url":"https:\/\/www.outdoors.ee\/et\/toode\/hollandi-armee-suvine-nokamuts-woodland\/","name":"Hollandi Armee suvine nokam\u00fcts Woodland - outdoors.ee","isPartOf":{"@id":"https:\/\/www.outdoors.ee\/#website"},"primaryImageOfPage":{"@id":"https:\/\/www.outdoors.ee\/et\/toode\/hollandi-armee-suvine-nokamuts-woodland\/#primaryimage"},"image":{"@id":"https:\/\/www.outdoors.ee\/et\/toode\/hollandi-armee-suvine-nokamuts-woodland\/#primaryimage"},"thumbnailUrl":"https:\/\/www.outdoors.ee\/wp-content\/uploads\/2021\/12\/0585sw-Dutch-Army-Field-Cap-Woodland.jpg","datePublished":"2021-12-09T00:00:00+00:00","dateModified":"2026-04-13T06:11:56+00:00","description":"Originaalne Hollandi s\u00f5jav\u00e4e v\u00e4livormi nokam\u00fcts metsalaigus. Materjal: 65% puuvill 35% pol\u00fcester Seisukord: uus\u00a0 uuev\u00e4\u00e4rne (sisaldab minimaalseid kulumisj\u00e4lgi)","breadcrumb":{"@id":"https:\/\/www.outdoors.ee\/et\/toode\/hollandi-armee-suvine-nokamuts-woodland\/#breadcrumb"},"inLanguage":"et","potentialAction":[{"@type":"ReadAction","target":["https:\/\/www.outdoors.ee\/et\/toode\/hollandi-armee-suvine-nokamuts-woodland\/"]}]},{"@type":"ImageObject","inLanguage":"et","@id":"https:\/\/www.outdoors.ee\/et\/toode\/hollandi-armee-suvine-nokamuts-woodland\/#primaryimage","url":"https:\/\/www.outdoors.ee\/wp-content\/uploads\/2021\/12\/0585sw-Dutch-Army-Field-Cap-Woodland.jpg","contentUrl":"https:\/\/www.outdoors.ee\/wp-content\/uploads\/2021\/12\/0585sw-Dutch-Army-Field-Cap-Woodland.jpg","width":760,"height":600},{"@type":"BreadcrumbList","@id":"https:\/\/www.outdoors.ee\/et\/toode\/hollandi-armee-suvine-nokamuts-woodland\/#breadcrumb","itemListElement":[{"@type":"ListItem","position":1,"name":"Home","item":"https:\/\/www.outdoors.ee\/et\/"},{"@type":"ListItem","position":2,"name":"Tooted","item":"https:\/\/www.outdoors.ee\/products\/"},{"@type":"ListItem","position":3,"name":"Hollandi Armee suvine nokam\u00fcts Woodland"}]},{"@type":"WebSite","@id":"https:\/\/www.outdoors.ee\/#website","url":"https:\/\/www.outdoors.ee\/","name":"Outdoors","description":"Genuine military surplus and not only!","potentialAction":[{"@type":"SearchAction","target":{"@type":"EntryPoint","urlTemplate":"https:\/\/www.outdoors.ee\/?s={search_term_string}"},"query-input":{"@type":"PropertyValueSpecification","valueRequired":true,"valueName":"search_term_string"}}],"inLanguage":"et"}]}},"_links":{"self":[{"href":"https:\/\/www.outdoors.ee\/et\/wp-json\/wp\/v2\/product\/59879","targetHints":{"allow":["GET"]}}],"collection":[{"href":"https:\/\/www.outdoors.ee\/et\/wp-json\/wp\/v2\/product"}],"about":[{"href":"https:\/\/www.outdoors.ee\/et\/wp-json\/wp\/v2\/types\/product"}],"wp:featuredmedia":[{"embeddable":true,"href":"https:\/\/www.outdoors.ee\/et\/wp-json\/wp\/v2\/media\/65374"}],"wp:attachment":[{"href":"https:\/\/www.outdoors.ee\/et\/wp-json\/wp\/v2\/media?parent=59879"}],"wp:term":[{"taxonomy":"product_brand","embeddable":true,"href":"https:\/\/www.outdoors.ee\/et\/wp-json\/wp\/v2\/product_brand?post=59879"},{"taxonomy":"product_cat","embeddable":true,"href":"https:\/\/www.outdoors.ee\/et\/wp-json\/wp\/v2\/product_cat?post=59879"},{"taxonomy":"product_tag","embeddable":true,"href":"https:\/\/www.outdoors.ee\/et\/wp-json\/wp\/v2\/product_tag?post=59879"}],"curies":[{"name":"wp","href":"https:\/\/api.w.org\/{rel}","templated":true}]}}