{"id":59851,"date":"2021-12-09T00:00:00","date_gmt":"2021-12-09T00:00:00","guid":{"rendered":"https:\/\/www.outdoors.ee\/product\/hollandi-armee-muts-boonie-jungle\/"},"modified":"2025-07-02T14:37:45","modified_gmt":"2025-07-02T11:37:45","slug":"hollandi-armee-muts-boonie-jungle","status":"publish","type":"product","link":"https:\/\/www.outdoors.ee\/et\/toode\/hollandi-armee-muts-boonie-jungle\/","title":{"rendered":"Hollandi Armee m\u00fcts Boonie Jungle"},"content":{"rendered":"<p><strong>Omadused<\/strong>:<\/p>\n<ul>\n<li>Hollandi s\u00f5jav\u00e4e originaal<\/li>\n<li>kaelaklapp<\/li>\n<li>ventilatsiooni avad<\/li>\n<li>reguleeritava pikkusega pingutusn\u00f6\u00f6r<\/li>\n<li>trukid m\u00fctsi\u00e4\u00e4rte kinnitamiseks k\u00fclgedel<\/li>\n<li>materjal: 50% puuvill 50% pol\u00fcester<\/li>\n<\/ul>\n<p><strong>Seisukord<\/strong>:<\/p>\n<ul>\n<li>uus (ilma originaalpakendita, v\u00f5ib sisaldada hulgiladustamise j\u00e4lgi)<\/li>\n<li>uuev\u00e4\u00e4rne (sisaldab kergeid kulumisj\u00e4lgi)<\/li>\n<\/ul>\n","protected":false},"excerpt":{"rendered":"<p>Omadused: Hollandi s\u00f5jav\u00e4e originaal kaelaklapp ventilatsiooni avad reguleeritava pikkusega pingutusn\u00f6\u00f6r trukid m\u00fctsi\u00e4\u00e4rte kinnitamiseks k\u00fclgedel materjal: 50% puuvill 50% pol\u00fcester Seisukord:<\/p>\n","protected":false},"featured_media":64482,"template":"","meta":[],"product_brand":[],"product_cat":[128],"product_tag":[],"class_list":{"0":"post-59851","1":"product","2":"type-product","3":"status-publish","4":"has-post-thumbnail","6":"product_cat-peakatted","7":"pa_brand-dutch-military-surplus","8":"pa_condition-uuevaarne","9":"pa_condition-uus","10":"pa_size-55-2","11":"pa_size-56-2","12":"pa_size-57-2","13":"pa_size-58-2","14":"pa_size-59-3","15":"pa_size-60-3","16":"pa_size-61-2","18":"first","19":"instock","20":"taxable","21":"shipping-taxable","22":"purchasable","23":"product-type-variable"},"yoast_head":"<!-- This site is optimized with the Yoast SEO plugin v27.2 - https:\/\/yoast.com\/product\/yoast-seo-wordpress\/ -->\n<title>Hollandi Armee m\u00fcts Boonie Jungle - outdoors.ee<\/title>\n<meta name=\"description\" content=\"Originaalne Hollandi s\u00f5jav\u00e4e nn panama m\u00fcts d\u017eunglilaigus Omadused: kaelaklapp ventilatsiooni avad reguleeritava pikkusega pingutusn\u00f6\u00f6r trukid m\u00fctsi\u00e4\u00e4rte kinnitamiseks k\u00fclgedel \u00a0 Materjal: 50% puuvill 50% pol\u00fcester Seisukord: uus\" \/>\n<meta name=\"robots\" content=\"index, follow, max-snippet:-1, max-image-preview:large, max-video-preview:-1\" \/>\n<link rel=\"canonical\" href=\"https:\/\/www.outdoors.ee\/et\/toode\/hollandi-armee-muts-boonie-jungle\/\" \/>\n<meta property=\"og:locale\" content=\"et_EE\" \/>\n<meta property=\"og:type\" content=\"article\" \/>\n<meta property=\"og:title\" content=\"Hollandi Armee m\u00fcts Boonie Jungle\" \/>\n<meta property=\"og:description\" content=\"Originaalne Hollandi s\u00f5jav\u00e4e nn panama m\u00fcts d\u017eunglilaigus Omadused: kaelaklapp ventilatsiooni avad reguleeritava pikkusega pingutusn\u00f6\u00f6r trukid m\u00fctsi\u00e4\u00e4rte kinnitamiseks k\u00fclgedel \u00a0 Materjal: 50% puuvill 50% pol\u00fcester Seisukord: uus\" \/>\n<meta property=\"og:url\" content=\"https:\/\/www.outdoors.ee\/et\/toode\/hollandi-armee-muts-boonie-jungle\/\" \/>\n<meta property=\"og:site_name\" content=\"Outdoors\" \/>\n<meta property=\"article:modified_time\" content=\"2025-07-02T11:37:45+00:00\" \/>\n<meta property=\"og:image\" content=\"https:\/\/www.outdoors.ee\/wp-content\/uploads\/2021\/12\/0585bj-Dutch-Army-Jungle-Boonie-Hat-3.png\" \/>\n\t<meta property=\"og:image:width\" content=\"363\" \/>\n\t<meta property=\"og:image:height\" content=\"569\" \/>\n\t<meta property=\"og:image:type\" content=\"image\/png\" \/>\n<meta name=\"twitter:card\" content=\"summary_large_image\" \/>\n<meta name=\"twitter:title\" content=\"Hollandi Armee m\u00fcts Boonie Jungle\" \/>\n<meta name=\"twitter:label1\" content=\"Est. reading time\" \/>\n\t<meta name=\"twitter:data1\" content=\"1 minut\" \/>\n<script type=\"application\/ld+json\" class=\"yoast-schema-graph\">{\"@context\":\"https:\/\/schema.org\",\"@graph\":[{\"@type\":\"WebPage\",\"@id\":\"https:\/\/www.outdoors.ee\/et\/toode\/hollandi-armee-muts-boonie-jungle\/\",\"url\":\"https:\/\/www.outdoors.ee\/et\/toode\/hollandi-armee-muts-boonie-jungle\/\",\"name\":\"Hollandi Armee m\u00fcts Boonie Jungle - outdoors.ee\",\"isPartOf\":{\"@id\":\"https:\/\/www.outdoors.ee\/#website\"},\"primaryImageOfPage\":{\"@id\":\"https:\/\/www.outdoors.ee\/et\/toode\/hollandi-armee-muts-boonie-jungle\/#primaryimage\"},\"image\":{\"@id\":\"https:\/\/www.outdoors.ee\/et\/toode\/hollandi-armee-muts-boonie-jungle\/#primaryimage\"},\"thumbnailUrl\":\"https:\/\/www.outdoors.ee\/wp-content\/uploads\/2021\/12\/0585bj-Dutch-Army-Jungle-Boonie-Hat-3.png\",\"datePublished\":\"2021-12-09T00:00:00+00:00\",\"dateModified\":\"2025-07-02T11:37:45+00:00\",\"description\":\"Originaalne Hollandi s\u00f5jav\u00e4e nn panama m\u00fcts d\u017eunglilaigus Omadused: kaelaklapp ventilatsiooni avad reguleeritava pikkusega pingutusn\u00f6\u00f6r trukid m\u00fctsi\u00e4\u00e4rte kinnitamiseks k\u00fclgedel \u00a0 Materjal: 50% puuvill 50% pol\u00fcester Seisukord: uus\",\"breadcrumb\":{\"@id\":\"https:\/\/www.outdoors.ee\/et\/toode\/hollandi-armee-muts-boonie-jungle\/#breadcrumb\"},\"inLanguage\":\"et\",\"potentialAction\":[{\"@type\":\"ReadAction\",\"target\":[\"https:\/\/www.outdoors.ee\/et\/toode\/hollandi-armee-muts-boonie-jungle\/\"]}]},{\"@type\":\"ImageObject\",\"inLanguage\":\"et\",\"@id\":\"https:\/\/www.outdoors.ee\/et\/toode\/hollandi-armee-muts-boonie-jungle\/#primaryimage\",\"url\":\"https:\/\/www.outdoors.ee\/wp-content\/uploads\/2021\/12\/0585bj-Dutch-Army-Jungle-Boonie-Hat-3.png\",\"contentUrl\":\"https:\/\/www.outdoors.ee\/wp-content\/uploads\/2021\/12\/0585bj-Dutch-Army-Jungle-Boonie-Hat-3.png\",\"width\":363,\"height\":569},{\"@type\":\"BreadcrumbList\",\"@id\":\"https:\/\/www.outdoors.ee\/et\/toode\/hollandi-armee-muts-boonie-jungle\/#breadcrumb\",\"itemListElement\":[{\"@type\":\"ListItem\",\"position\":1,\"name\":\"Home\",\"item\":\"https:\/\/www.outdoors.ee\/et\/\"},{\"@type\":\"ListItem\",\"position\":2,\"name\":\"Tooted\",\"item\":\"https:\/\/www.outdoors.ee\/products\/\"},{\"@type\":\"ListItem\",\"position\":3,\"name\":\"Hollandi Armee m\u00fcts Boonie Jungle\"}]},{\"@type\":\"WebSite\",\"@id\":\"https:\/\/www.outdoors.ee\/#website\",\"url\":\"https:\/\/www.outdoors.ee\/\",\"name\":\"Outdoors\",\"description\":\"Genuine military surplus and not only!\",\"potentialAction\":[{\"@type\":\"SearchAction\",\"target\":{\"@type\":\"EntryPoint\",\"urlTemplate\":\"https:\/\/www.outdoors.ee\/?s={search_term_string}\"},\"query-input\":{\"@type\":\"PropertyValueSpecification\",\"valueRequired\":true,\"valueName\":\"search_term_string\"}}],\"inLanguage\":\"et\"}]}<\/script>\n<!-- \/ Yoast SEO plugin. -->","yoast_head_json":{"title":"Hollandi Armee m\u00fcts Boonie Jungle - outdoors.ee","description":"Originaalne Hollandi s\u00f5jav\u00e4e nn panama m\u00fcts d\u017eunglilaigus Omadused: kaelaklapp ventilatsiooni avad reguleeritava pikkusega pingutusn\u00f6\u00f6r trukid m\u00fctsi\u00e4\u00e4rte kinnitamiseks k\u00fclgedel \u00a0 Materjal: 50% puuvill 50% pol\u00fcester Seisukord: uus","robots":{"index":"index","follow":"follow","max-snippet":"max-snippet:-1","max-image-preview":"max-image-preview:large","max-video-preview":"max-video-preview:-1"},"canonical":"https:\/\/www.outdoors.ee\/et\/toode\/hollandi-armee-muts-boonie-jungle\/","og_locale":"et_EE","og_type":"article","og_title":"Hollandi Armee m\u00fcts Boonie Jungle","og_description":"Originaalne Hollandi s\u00f5jav\u00e4e nn panama m\u00fcts d\u017eunglilaigus Omadused: kaelaklapp ventilatsiooni avad reguleeritava pikkusega pingutusn\u00f6\u00f6r trukid m\u00fctsi\u00e4\u00e4rte kinnitamiseks k\u00fclgedel \u00a0 Materjal: 50% puuvill 50% pol\u00fcester Seisukord: uus","og_url":"https:\/\/www.outdoors.ee\/et\/toode\/hollandi-armee-muts-boonie-jungle\/","og_site_name":"Outdoors","article_modified_time":"2025-07-02T11:37:45+00:00","og_image":[{"width":363,"height":569,"url":"https:\/\/www.outdoors.ee\/wp-content\/uploads\/2021\/12\/0585bj-Dutch-Army-Jungle-Boonie-Hat-3.png","type":"image\/png"}],"twitter_card":"summary_large_image","twitter_title":"Hollandi Armee m\u00fcts Boonie Jungle","twitter_misc":{"Est. reading time":"1 minut"},"schema":{"@context":"https:\/\/schema.org","@graph":[{"@type":"WebPage","@id":"https:\/\/www.outdoors.ee\/et\/toode\/hollandi-armee-muts-boonie-jungle\/","url":"https:\/\/www.outdoors.ee\/et\/toode\/hollandi-armee-muts-boonie-jungle\/","name":"Hollandi Armee m\u00fcts Boonie Jungle - outdoors.ee","isPartOf":{"@id":"https:\/\/www.outdoors.ee\/#website"},"primaryImageOfPage":{"@id":"https:\/\/www.outdoors.ee\/et\/toode\/hollandi-armee-muts-boonie-jungle\/#primaryimage"},"image":{"@id":"https:\/\/www.outdoors.ee\/et\/toode\/hollandi-armee-muts-boonie-jungle\/#primaryimage"},"thumbnailUrl":"https:\/\/www.outdoors.ee\/wp-content\/uploads\/2021\/12\/0585bj-Dutch-Army-Jungle-Boonie-Hat-3.png","datePublished":"2021-12-09T00:00:00+00:00","dateModified":"2025-07-02T11:37:45+00:00","description":"Originaalne Hollandi s\u00f5jav\u00e4e nn panama m\u00fcts d\u017eunglilaigus Omadused: kaelaklapp ventilatsiooni avad reguleeritava pikkusega pingutusn\u00f6\u00f6r trukid m\u00fctsi\u00e4\u00e4rte kinnitamiseks k\u00fclgedel \u00a0 Materjal: 50% puuvill 50% pol\u00fcester Seisukord: uus","breadcrumb":{"@id":"https:\/\/www.outdoors.ee\/et\/toode\/hollandi-armee-muts-boonie-jungle\/#breadcrumb"},"inLanguage":"et","potentialAction":[{"@type":"ReadAction","target":["https:\/\/www.outdoors.ee\/et\/toode\/hollandi-armee-muts-boonie-jungle\/"]}]},{"@type":"ImageObject","inLanguage":"et","@id":"https:\/\/www.outdoors.ee\/et\/toode\/hollandi-armee-muts-boonie-jungle\/#primaryimage","url":"https:\/\/www.outdoors.ee\/wp-content\/uploads\/2021\/12\/0585bj-Dutch-Army-Jungle-Boonie-Hat-3.png","contentUrl":"https:\/\/www.outdoors.ee\/wp-content\/uploads\/2021\/12\/0585bj-Dutch-Army-Jungle-Boonie-Hat-3.png","width":363,"height":569},{"@type":"BreadcrumbList","@id":"https:\/\/www.outdoors.ee\/et\/toode\/hollandi-armee-muts-boonie-jungle\/#breadcrumb","itemListElement":[{"@type":"ListItem","position":1,"name":"Home","item":"https:\/\/www.outdoors.ee\/et\/"},{"@type":"ListItem","position":2,"name":"Tooted","item":"https:\/\/www.outdoors.ee\/products\/"},{"@type":"ListItem","position":3,"name":"Hollandi Armee m\u00fcts Boonie Jungle"}]},{"@type":"WebSite","@id":"https:\/\/www.outdoors.ee\/#website","url":"https:\/\/www.outdoors.ee\/","name":"Outdoors","description":"Genuine military surplus and not only!","potentialAction":[{"@type":"SearchAction","target":{"@type":"EntryPoint","urlTemplate":"https:\/\/www.outdoors.ee\/?s={search_term_string}"},"query-input":{"@type":"PropertyValueSpecification","valueRequired":true,"valueName":"search_term_string"}}],"inLanguage":"et"}]}},"_links":{"self":[{"href":"https:\/\/www.outdoors.ee\/et\/wp-json\/wp\/v2\/product\/59851","targetHints":{"allow":["GET"]}}],"collection":[{"href":"https:\/\/www.outdoors.ee\/et\/wp-json\/wp\/v2\/product"}],"about":[{"href":"https:\/\/www.outdoors.ee\/et\/wp-json\/wp\/v2\/types\/product"}],"wp:featuredmedia":[{"embeddable":true,"href":"https:\/\/www.outdoors.ee\/et\/wp-json\/wp\/v2\/media\/64482"}],"wp:attachment":[{"href":"https:\/\/www.outdoors.ee\/et\/wp-json\/wp\/v2\/media?parent=59851"}],"wp:term":[{"taxonomy":"product_brand","embeddable":true,"href":"https:\/\/www.outdoors.ee\/et\/wp-json\/wp\/v2\/product_brand?post=59851"},{"taxonomy":"product_cat","embeddable":true,"href":"https:\/\/www.outdoors.ee\/et\/wp-json\/wp\/v2\/product_cat?post=59851"},{"taxonomy":"product_tag","embeddable":true,"href":"https:\/\/www.outdoors.ee\/et\/wp-json\/wp\/v2\/product_tag?post=59851"}],"curies":[{"name":"wp","href":"https:\/\/api.w.org\/{rel}","templated":true}]}}