{"id":59773,"date":"2021-12-09T00:00:00","date_gmt":"2021-12-09T00:00:00","guid":{"rendered":"https:\/\/www.outdoors.ee\/product\/hollandi-armee-esmaabi-seljakott-woodland\/"},"modified":"2025-07-09T13:47:16","modified_gmt":"2025-07-09T10:47:16","slug":"hollandi-armee-esmaabi-seljakott-woodland","status":"publish","type":"product","link":"https:\/\/www.outdoors.ee\/et\/toode\/hollandi-armee-esmaabi-seljakott-woodland\/","title":{"rendered":"Hollandi Armee esmaabi seljakott Woodland"},"content":{"rendered":"<p style=\"text-align: justify;\">Hollandi s\u00f5jav\u00e4e esmaabi seljakott vastupidavast Cordura\u00b4st. Seljakotil on kaks suurt kahepoolse t\u00f5mblukuga suletavat sahtlit. \u00dcks sisaldab kahte suurt taskut ning paneeli k\u00fcljes asetsevaid v\u00e4iksemaid takjakinnitusega varustatud meditsiinitarvikute taskuid, mis on kaitstud mehaanilise m\u00f5ju eest pehme vaheseinaga. Polsterdatud \u00f5larihmad ning suure pandlaga puusarihm teevad seljakoti kandmise mugavaks. Praktiline seljakott, mis on h\u00f5lpsasti kasutatav ka meditsiiniga mitteseotud otstarbel.<\/p>\n<p style=\"text-align: justify;\">Ligikaudsed m\u00f5\u00f5dud: k\u00f5rgus 50cm, laius 40cm, s\u00fcgavus 26cm<\/p>\n<p style=\"text-align: justify;\"><strong>Seisukord: <\/strong><\/p>\n<ul>\n<li>uus (ilma originaalpakendita, v\u00f5ib sisaldada hulgiladustamise j\u00e4lgi)<\/li>\n<li>uuev\u00e4\u00e4rne (sisaldab kergeid kulumisj\u00e4lgi)<\/li>\n<\/ul>\n","protected":false},"excerpt":{"rendered":"<p>Hollandi s\u00f5jav\u00e4e esmaabi seljakott vastupidavast Cordura\u00b4st. Seljakotil on kaks suurt kahepoolse t\u00f5mblukuga suletavat sahtlit. \u00dcks sisaldab kahte suurt taskut ning<\/p>\n","protected":false},"featured_media":92394,"template":"","meta":[],"product_brand":[],"product_cat":[3539],"product_tag":[],"class_list":{"0":"post-59773","1":"product","2":"type-product","3":"status-publish","4":"has-post-thumbnail","6":"product_cat-seljakotid","7":"pa_brand-dutch-military-surplus","8":"pa_condition-uuevaarne","9":"pa_condition-uus","11":"first","12":"outofstock","13":"taxable","14":"shipping-taxable","15":"purchasable","16":"product-type-variable"},"yoast_head":"<!-- This site is optimized with the Yoast SEO plugin v27.2 - https:\/\/yoast.com\/product\/yoast-seo-wordpress\/ -->\n<title>Hollandi Armee esmaabi seljakott Woodland - outdoors.ee<\/title>\n<meta name=\"description\" content=\"Originaalne Hollandi s&otilde;jav&auml;e esmaabi seljakott vastupidavast Cordura kangast metsalaigus. Seljakotil on kaks suurt kahepoolse t&otilde;mblukuga suletavat sahtlit. &Uuml;ks sisaldab kahte suurt taskut ning paneeli k&uuml;ljes asetsevaid v&auml;iksemaid takjakinnitusega varustatuid meditsiinitarvikute taskuid, mis on kaitstud mehaanilise m&otilde;ju eest pehme vaheseinaga. Polsterdatud &otilde;larihmad ning suure pandlaga puusarihm teevad seljakoti kandmise mugavaks. Praktiline seljakott, mis on h&otilde;lpsasti kasutatav ka meditsiiniga mitteseotud otstarbel. Ligikaudsed m&otilde;&otilde;dud: k&otilde;rgus 50cm, laius 40cm, s&uuml;gavus 26cm Seisukord: kasutatud, Grade 1 (heas korras, kergete kulumisj&auml;lgedega ning v&otilde;ib olla veidi pleekinud) kasutatud, Grade 2&nbsp;(heas korras, kergete kulumisj&auml;lgedega ning v&otilde;ib olla veidi pleekinud, puusarihm ja rinnarihm v&otilde;ivad puududa)\" \/>\n<meta name=\"robots\" content=\"index, follow, max-snippet:-1, max-image-preview:large, max-video-preview:-1\" \/>\n<link rel=\"canonical\" href=\"https:\/\/www.outdoors.ee\/et\/toode\/hollandi-armee-esmaabi-seljakott-woodland\/\" \/>\n<meta property=\"og:locale\" content=\"et_EE\" \/>\n<meta property=\"og:type\" content=\"article\" \/>\n<meta property=\"og:title\" content=\"Hollandi Armee esmaabi seljakott Woodland\" \/>\n<meta property=\"og:description\" content=\"Originaalne Hollandi s&otilde;jav&auml;e esmaabi seljakott vastupidavast Cordura kangast metsalaigus. Seljakotil on kaks suurt kahepoolse t&otilde;mblukuga suletavat sahtlit. &Uuml;ks sisaldab kahte suurt taskut ning paneeli k&uuml;ljes asetsevaid v&auml;iksemaid takjakinnitusega varustatuid meditsiinitarvikute taskuid, mis on kaitstud mehaanilise m&otilde;ju eest pehme vaheseinaga. Polsterdatud &otilde;larihmad ning suure pandlaga puusarihm teevad seljakoti kandmise mugavaks. Praktiline seljakott, mis on h&otilde;lpsasti kasutatav ka meditsiiniga mitteseotud otstarbel. Ligikaudsed m&otilde;&otilde;dud: k&otilde;rgus 50cm, laius 40cm, s&uuml;gavus 26cm Seisukord: kasutatud, Grade 1 (heas korras, kergete kulumisj&auml;lgedega ning v&otilde;ib olla veidi pleekinud) kasutatud, Grade 2&nbsp;(heas korras, kergete kulumisj&auml;lgedega ning v&otilde;ib olla veidi pleekinud, puusarihm ja rinnarihm v&otilde;ivad puududa)\" \/>\n<meta property=\"og:url\" content=\"https:\/\/www.outdoors.ee\/et\/toode\/hollandi-armee-esmaabi-seljakott-woodland\/\" \/>\n<meta property=\"og:site_name\" content=\"Outdoors\" \/>\n<meta property=\"article:modified_time\" content=\"2025-07-09T10:47:16+00:00\" \/>\n<meta property=\"og:image\" content=\"https:\/\/www.outdoors.ee\/wp-content\/uploads\/2021\/12\/0577-Dutch-Army-Medical-Backpack-Woodland.jpg\" \/>\n\t<meta property=\"og:image:width\" content=\"1475\" \/>\n\t<meta property=\"og:image:height\" content=\"1550\" \/>\n\t<meta property=\"og:image:type\" content=\"image\/jpeg\" \/>\n<meta name=\"twitter:card\" content=\"summary_large_image\" \/>\n<meta name=\"twitter:title\" content=\"Hollandi Armee esmaabi seljakott Woodland\" \/>\n<script type=\"application\/ld+json\" class=\"yoast-schema-graph\">{\"@context\":\"https:\/\/schema.org\",\"@graph\":[{\"@type\":\"WebPage\",\"@id\":\"https:\/\/www.outdoors.ee\/et\/toode\/hollandi-armee-esmaabi-seljakott-woodland\/\",\"url\":\"https:\/\/www.outdoors.ee\/et\/toode\/hollandi-armee-esmaabi-seljakott-woodland\/\",\"name\":\"Hollandi Armee esmaabi seljakott Woodland - outdoors.ee\",\"isPartOf\":{\"@id\":\"https:\/\/www.outdoors.ee\/#website\"},\"primaryImageOfPage\":{\"@id\":\"https:\/\/www.outdoors.ee\/et\/toode\/hollandi-armee-esmaabi-seljakott-woodland\/#primaryimage\"},\"image\":{\"@id\":\"https:\/\/www.outdoors.ee\/et\/toode\/hollandi-armee-esmaabi-seljakott-woodland\/#primaryimage\"},\"thumbnailUrl\":\"https:\/\/www.outdoors.ee\/wp-content\/uploads\/2021\/12\/0577-Dutch-Army-Medical-Backpack-Woodland.jpg\",\"datePublished\":\"2021-12-09T00:00:00+00:00\",\"dateModified\":\"2025-07-09T10:47:16+00:00\",\"description\":\"Originaalne Hollandi s&otilde;jav&auml;e esmaabi seljakott vastupidavast Cordura kangast metsalaigus. Seljakotil on kaks suurt kahepoolse t&otilde;mblukuga suletavat sahtlit. &Uuml;ks sisaldab kahte suurt taskut ning paneeli k&uuml;ljes asetsevaid v&auml;iksemaid takjakinnitusega varustatuid meditsiinitarvikute taskuid, mis on kaitstud mehaanilise m&otilde;ju eest pehme vaheseinaga. Polsterdatud &otilde;larihmad ning suure pandlaga puusarihm teevad seljakoti kandmise mugavaks. Praktiline seljakott, mis on h&otilde;lpsasti kasutatav ka meditsiiniga mitteseotud otstarbel. Ligikaudsed m&otilde;&otilde;dud: k&otilde;rgus 50cm, laius 40cm, s&uuml;gavus 26cm Seisukord: kasutatud, Grade 1 (heas korras, kergete kulumisj&auml;lgedega ning v&otilde;ib olla veidi pleekinud) kasutatud, Grade 2&nbsp;(heas korras, kergete kulumisj&auml;lgedega ning v&otilde;ib olla veidi pleekinud, puusarihm ja rinnarihm v&otilde;ivad puududa)\",\"breadcrumb\":{\"@id\":\"https:\/\/www.outdoors.ee\/et\/toode\/hollandi-armee-esmaabi-seljakott-woodland\/#breadcrumb\"},\"inLanguage\":\"et\",\"potentialAction\":[{\"@type\":\"ReadAction\",\"target\":[\"https:\/\/www.outdoors.ee\/et\/toode\/hollandi-armee-esmaabi-seljakott-woodland\/\"]}]},{\"@type\":\"ImageObject\",\"inLanguage\":\"et\",\"@id\":\"https:\/\/www.outdoors.ee\/et\/toode\/hollandi-armee-esmaabi-seljakott-woodland\/#primaryimage\",\"url\":\"https:\/\/www.outdoors.ee\/wp-content\/uploads\/2021\/12\/0577-Dutch-Army-Medical-Backpack-Woodland.jpg\",\"contentUrl\":\"https:\/\/www.outdoors.ee\/wp-content\/uploads\/2021\/12\/0577-Dutch-Army-Medical-Backpack-Woodland.jpg\",\"width\":1475,\"height\":1550},{\"@type\":\"BreadcrumbList\",\"@id\":\"https:\/\/www.outdoors.ee\/et\/toode\/hollandi-armee-esmaabi-seljakott-woodland\/#breadcrumb\",\"itemListElement\":[{\"@type\":\"ListItem\",\"position\":1,\"name\":\"Home\",\"item\":\"https:\/\/www.outdoors.ee\/et\/\"},{\"@type\":\"ListItem\",\"position\":2,\"name\":\"Tooted\",\"item\":\"https:\/\/www.outdoors.ee\/products\/\"},{\"@type\":\"ListItem\",\"position\":3,\"name\":\"Hollandi Armee esmaabi seljakott Woodland\"}]},{\"@type\":\"WebSite\",\"@id\":\"https:\/\/www.outdoors.ee\/#website\",\"url\":\"https:\/\/www.outdoors.ee\/\",\"name\":\"Outdoors\",\"description\":\"Genuine military surplus and not only!\",\"potentialAction\":[{\"@type\":\"SearchAction\",\"target\":{\"@type\":\"EntryPoint\",\"urlTemplate\":\"https:\/\/www.outdoors.ee\/?s={search_term_string}\"},\"query-input\":{\"@type\":\"PropertyValueSpecification\",\"valueRequired\":true,\"valueName\":\"search_term_string\"}}],\"inLanguage\":\"et\"}]}<\/script>\n<!-- \/ Yoast SEO plugin. -->","yoast_head_json":{"title":"Hollandi Armee esmaabi seljakott Woodland - outdoors.ee","description":"Originaalne Hollandi s&otilde;jav&auml;e esmaabi seljakott vastupidavast Cordura kangast metsalaigus. Seljakotil on kaks suurt kahepoolse t&otilde;mblukuga suletavat sahtlit. &Uuml;ks sisaldab kahte suurt taskut ning paneeli k&uuml;ljes asetsevaid v&auml;iksemaid takjakinnitusega varustatuid meditsiinitarvikute taskuid, mis on kaitstud mehaanilise m&otilde;ju eest pehme vaheseinaga. Polsterdatud &otilde;larihmad ning suure pandlaga puusarihm teevad seljakoti kandmise mugavaks. Praktiline seljakott, mis on h&otilde;lpsasti kasutatav ka meditsiiniga mitteseotud otstarbel. Ligikaudsed m&otilde;&otilde;dud: k&otilde;rgus 50cm, laius 40cm, s&uuml;gavus 26cm Seisukord: kasutatud, Grade 1 (heas korras, kergete kulumisj&auml;lgedega ning v&otilde;ib olla veidi pleekinud) kasutatud, Grade 2&nbsp;(heas korras, kergete kulumisj&auml;lgedega ning v&otilde;ib olla veidi pleekinud, puusarihm ja rinnarihm v&otilde;ivad puududa)","robots":{"index":"index","follow":"follow","max-snippet":"max-snippet:-1","max-image-preview":"max-image-preview:large","max-video-preview":"max-video-preview:-1"},"canonical":"https:\/\/www.outdoors.ee\/et\/toode\/hollandi-armee-esmaabi-seljakott-woodland\/","og_locale":"et_EE","og_type":"article","og_title":"Hollandi Armee esmaabi seljakott Woodland","og_description":"Originaalne Hollandi s&otilde;jav&auml;e esmaabi seljakott vastupidavast Cordura kangast metsalaigus. Seljakotil on kaks suurt kahepoolse t&otilde;mblukuga suletavat sahtlit. &Uuml;ks sisaldab kahte suurt taskut ning paneeli k&uuml;ljes asetsevaid v&auml;iksemaid takjakinnitusega varustatuid meditsiinitarvikute taskuid, mis on kaitstud mehaanilise m&otilde;ju eest pehme vaheseinaga. Polsterdatud &otilde;larihmad ning suure pandlaga puusarihm teevad seljakoti kandmise mugavaks. Praktiline seljakott, mis on h&otilde;lpsasti kasutatav ka meditsiiniga mitteseotud otstarbel. Ligikaudsed m&otilde;&otilde;dud: k&otilde;rgus 50cm, laius 40cm, s&uuml;gavus 26cm Seisukord: kasutatud, Grade 1 (heas korras, kergete kulumisj&auml;lgedega ning v&otilde;ib olla veidi pleekinud) kasutatud, Grade 2&nbsp;(heas korras, kergete kulumisj&auml;lgedega ning v&otilde;ib olla veidi pleekinud, puusarihm ja rinnarihm v&otilde;ivad puududa)","og_url":"https:\/\/www.outdoors.ee\/et\/toode\/hollandi-armee-esmaabi-seljakott-woodland\/","og_site_name":"Outdoors","article_modified_time":"2025-07-09T10:47:16+00:00","og_image":[{"width":1475,"height":1550,"url":"https:\/\/www.outdoors.ee\/wp-content\/uploads\/2021\/12\/0577-Dutch-Army-Medical-Backpack-Woodland.jpg","type":"image\/jpeg"}],"twitter_card":"summary_large_image","twitter_title":"Hollandi Armee esmaabi seljakott Woodland","schema":{"@context":"https:\/\/schema.org","@graph":[{"@type":"WebPage","@id":"https:\/\/www.outdoors.ee\/et\/toode\/hollandi-armee-esmaabi-seljakott-woodland\/","url":"https:\/\/www.outdoors.ee\/et\/toode\/hollandi-armee-esmaabi-seljakott-woodland\/","name":"Hollandi Armee esmaabi seljakott Woodland - outdoors.ee","isPartOf":{"@id":"https:\/\/www.outdoors.ee\/#website"},"primaryImageOfPage":{"@id":"https:\/\/www.outdoors.ee\/et\/toode\/hollandi-armee-esmaabi-seljakott-woodland\/#primaryimage"},"image":{"@id":"https:\/\/www.outdoors.ee\/et\/toode\/hollandi-armee-esmaabi-seljakott-woodland\/#primaryimage"},"thumbnailUrl":"https:\/\/www.outdoors.ee\/wp-content\/uploads\/2021\/12\/0577-Dutch-Army-Medical-Backpack-Woodland.jpg","datePublished":"2021-12-09T00:00:00+00:00","dateModified":"2025-07-09T10:47:16+00:00","description":"Originaalne Hollandi s&otilde;jav&auml;e esmaabi seljakott vastupidavast Cordura kangast metsalaigus. Seljakotil on kaks suurt kahepoolse t&otilde;mblukuga suletavat sahtlit. &Uuml;ks sisaldab kahte suurt taskut ning paneeli k&uuml;ljes asetsevaid v&auml;iksemaid takjakinnitusega varustatuid meditsiinitarvikute taskuid, mis on kaitstud mehaanilise m&otilde;ju eest pehme vaheseinaga. Polsterdatud &otilde;larihmad ning suure pandlaga puusarihm teevad seljakoti kandmise mugavaks. Praktiline seljakott, mis on h&otilde;lpsasti kasutatav ka meditsiiniga mitteseotud otstarbel. Ligikaudsed m&otilde;&otilde;dud: k&otilde;rgus 50cm, laius 40cm, s&uuml;gavus 26cm Seisukord: kasutatud, Grade 1 (heas korras, kergete kulumisj&auml;lgedega ning v&otilde;ib olla veidi pleekinud) kasutatud, Grade 2&nbsp;(heas korras, kergete kulumisj&auml;lgedega ning v&otilde;ib olla veidi pleekinud, puusarihm ja rinnarihm v&otilde;ivad puududa)","breadcrumb":{"@id":"https:\/\/www.outdoors.ee\/et\/toode\/hollandi-armee-esmaabi-seljakott-woodland\/#breadcrumb"},"inLanguage":"et","potentialAction":[{"@type":"ReadAction","target":["https:\/\/www.outdoors.ee\/et\/toode\/hollandi-armee-esmaabi-seljakott-woodland\/"]}]},{"@type":"ImageObject","inLanguage":"et","@id":"https:\/\/www.outdoors.ee\/et\/toode\/hollandi-armee-esmaabi-seljakott-woodland\/#primaryimage","url":"https:\/\/www.outdoors.ee\/wp-content\/uploads\/2021\/12\/0577-Dutch-Army-Medical-Backpack-Woodland.jpg","contentUrl":"https:\/\/www.outdoors.ee\/wp-content\/uploads\/2021\/12\/0577-Dutch-Army-Medical-Backpack-Woodland.jpg","width":1475,"height":1550},{"@type":"BreadcrumbList","@id":"https:\/\/www.outdoors.ee\/et\/toode\/hollandi-armee-esmaabi-seljakott-woodland\/#breadcrumb","itemListElement":[{"@type":"ListItem","position":1,"name":"Home","item":"https:\/\/www.outdoors.ee\/et\/"},{"@type":"ListItem","position":2,"name":"Tooted","item":"https:\/\/www.outdoors.ee\/products\/"},{"@type":"ListItem","position":3,"name":"Hollandi Armee esmaabi seljakott Woodland"}]},{"@type":"WebSite","@id":"https:\/\/www.outdoors.ee\/#website","url":"https:\/\/www.outdoors.ee\/","name":"Outdoors","description":"Genuine military surplus and not only!","potentialAction":[{"@type":"SearchAction","target":{"@type":"EntryPoint","urlTemplate":"https:\/\/www.outdoors.ee\/?s={search_term_string}"},"query-input":{"@type":"PropertyValueSpecification","valueRequired":true,"valueName":"search_term_string"}}],"inLanguage":"et"}]}},"_links":{"self":[{"href":"https:\/\/www.outdoors.ee\/et\/wp-json\/wp\/v2\/product\/59773","targetHints":{"allow":["GET"]}}],"collection":[{"href":"https:\/\/www.outdoors.ee\/et\/wp-json\/wp\/v2\/product"}],"about":[{"href":"https:\/\/www.outdoors.ee\/et\/wp-json\/wp\/v2\/types\/product"}],"wp:featuredmedia":[{"embeddable":true,"href":"https:\/\/www.outdoors.ee\/et\/wp-json\/wp\/v2\/media\/92394"}],"wp:attachment":[{"href":"https:\/\/www.outdoors.ee\/et\/wp-json\/wp\/v2\/media?parent=59773"}],"wp:term":[{"taxonomy":"product_brand","embeddable":true,"href":"https:\/\/www.outdoors.ee\/et\/wp-json\/wp\/v2\/product_brand?post=59773"},{"taxonomy":"product_cat","embeddable":true,"href":"https:\/\/www.outdoors.ee\/et\/wp-json\/wp\/v2\/product_cat?post=59773"},{"taxonomy":"product_tag","embeddable":true,"href":"https:\/\/www.outdoors.ee\/et\/wp-json\/wp\/v2\/product_tag?post=59773"}],"curies":[{"name":"wp","href":"https:\/\/api.w.org\/{rel}","templated":true}]}}